{"id":11312,"date":"2019-05-14T08:38:23","date_gmt":"2019-05-14T06:38:23","guid":{"rendered":"https:\/\/kortleksbolaget.se\/nyasidan2021\/start\/"},"modified":"2025-11-28T23:34:02","modified_gmt":"2025-11-28T22:34:02","slug":"start","status":"publish","type":"page","link":"https:\/\/kortleksbolaget.se\/da\/","title":{"rendered":"Start"},"content":{"rendered":"<h2 style=\"text-align: center;\">Skandinaviens st\u00f8rste udvalg af spillekort online<\/h2>\n<p style=\"text-align: center;\">Velkommen til Kortleksbolaget. Nordens eneste rene spillekortsforhandler online. I vores butik vil du finde ca 800 forskellige spillekort fra en r\u00e6kke af leverand\u00f8rer, alt fra de mere ordin\u00e6re til de specielle, samlev\u00e6rdige spillekort. Vi har kort til alle og enhver, lige meget hvad du er efter.<\/p>\n<p style=\"text-align: center;\">Spillekort er forskelligartede objekter med mange anvendelsesmuligheder. Med et enkelt s\u00e6t kort kan du underholde dig selv eller et publikum i lang tid, med f.eks. spil, kabaler og korttrick. Kortspillet vi alle kender, er det s\u00e5kaldte fransk-engelske kortspil. Det best\u00e5r af 52 kort fordelt p\u00e5 fire kul\u00f8rer. Kul\u00f8rerne best\u00e5r hver af et es, nummererede kort fra 2 til 10, samt tre billedkort; kn\u00e6gten, damen og kongen. Med disse kort er der blevet lavet et utal af forskellige spil der her underholdt generationer.<\/p>\n<p>&nbsp;<\/p>\n<h2 style=\"text-align: center;\">Spillekort til cardistry<\/h2>\n<div id='gallery-1' class='gallery galleryid-11312 gallery-columns-4 gallery-size-thumbnail'><figure class='gallery-item'>\n\t\t\t<div class='gallery-icon portrait'>\n\t\t\t\t<img loading=\"lazy\" decoding=\"async\" width=\"200\" height=\"300\" src=\"https:\/\/kortleksbolaget.se\/wp-content\/uploads\/fontaine-black-holo-200x300.jpg\" class=\"attachment-thumbnail size-thumbnail\" alt=\"Fontaine spillekort til cardistry\" srcset=\"https:\/\/kortleksbolaget.se\/wp-content\/uploads\/fontaine-black-holo-200x300.jpg 200w, https:\/\/kortleksbolaget.se\/wp-content\/uploads\/fontaine-black-holo-400x600.jpg 400w, https:\/\/kortleksbolaget.se\/wp-content\/uploads\/fontaine-black-holo-275x413.jpg 275w, https:\/\/kortleksbolaget.se\/wp-content\/uploads\/fontaine-black-holo-64x96.jpg 64w, https:\/\/kortleksbolaget.se\/wp-content\/uploads\/fontaine-black-holo-40x60.jpg 40w, https:\/\/kortleksbolaget.se\/wp-content\/uploads\/fontaine-black-holo-60x90.jpg 60w, https:\/\/kortleksbolaget.se\/wp-content\/uploads\/fontaine-black-holo.jpg 540w\" sizes=\"auto, (max-width: 200px) 100vw, 200px\" \/>\n\t\t\t<\/div><\/figure><figure class='gallery-item'>\n\t\t\t<div class='gallery-icon portrait'>\n\t\t\t\t<img loading=\"lazy\" decoding=\"async\" width=\"200\" height=\"300\" src=\"https:\/\/kortleksbolaget.se\/wp-content\/uploads\/bicycle-nocturnal-200x300.jpg\" class=\"attachment-thumbnail size-thumbnail\" alt=\"Bicycle Nocturnal Spillekort\" srcset=\"https:\/\/kortleksbolaget.se\/wp-content\/uploads\/bicycle-nocturnal-200x300.jpg 200w, https:\/\/kortleksbolaget.se\/wp-content\/uploads\/bicycle-nocturnal-400x600.jpg 400w, https:\/\/kortleksbolaget.se\/wp-content\/uploads\/bicycle-nocturnal-275x413.jpg 275w, https:\/\/kortleksbolaget.se\/wp-content\/uploads\/bicycle-nocturnal-64x96.jpg 64w, https:\/\/kortleksbolaget.se\/wp-content\/uploads\/bicycle-nocturnal-40x60.jpg 40w, https:\/\/kortleksbolaget.se\/wp-content\/uploads\/bicycle-nocturnal-60x90.jpg 60w, https:\/\/kortleksbolaget.se\/wp-content\/uploads\/bicycle-nocturnal.jpg 442w\" sizes=\"auto, (max-width: 200px) 100vw, 200px\" \/>\n\t\t\t<\/div><\/figure><figure class='gallery-item'>\n\t\t\t<div class='gallery-icon portrait'>\n\t\t\t\t<img loading=\"lazy\" decoding=\"async\" width=\"200\" height=\"300\" src=\"https:\/\/kortleksbolaget.se\/wp-content\/uploads\/ultra-mars-gemini-1-200x300.jpg\" class=\"attachment-thumbnail size-thumbnail\" alt=\"Spillekort ultra mars geminni\" srcset=\"https:\/\/kortleksbolaget.se\/wp-content\/uploads\/ultra-mars-gemini-1-200x300.jpg 200w, https:\/\/kortleksbolaget.se\/wp-content\/uploads\/ultra-mars-gemini-1-400x600.jpg 400w, https:\/\/kortleksbolaget.se\/wp-content\/uploads\/ultra-mars-gemini-1-275x413.jpg 275w, https:\/\/kortleksbolaget.se\/wp-content\/uploads\/ultra-mars-gemini-1-64x96.jpg 64w, https:\/\/kortleksbolaget.se\/wp-content\/uploads\/ultra-mars-gemini-1-40x60.jpg 40w, https:\/\/kortleksbolaget.se\/wp-content\/uploads\/ultra-mars-gemini-1-60x90.jpg 60w, https:\/\/kortleksbolaget.se\/wp-content\/uploads\/ultra-mars-gemini-1.jpg 442w\" sizes=\"auto, (max-width: 200px) 100vw, 200px\" \/>\n\t\t\t<\/div><\/figure><figure class='gallery-item'>\n\t\t\t<div class='gallery-icon portrait'>\n\t\t\t\t<img loading=\"lazy\" decoding=\"async\" width=\"200\" height=\"300\" src=\"https:\/\/kortleksbolaget.se\/wp-content\/uploads\/aura-bicycle-200x300.jpg\" class=\"attachment-thumbnail size-thumbnail\" alt=\"Spillekort Auro bicycle\" srcset=\"https:\/\/kortleksbolaget.se\/wp-content\/uploads\/aura-bicycle-200x300.jpg 200w, https:\/\/kortleksbolaget.se\/wp-content\/uploads\/aura-bicycle-400x600.jpg 400w, https:\/\/kortleksbolaget.se\/wp-content\/uploads\/aura-bicycle-275x413.jpg 275w, https:\/\/kortleksbolaget.se\/wp-content\/uploads\/aura-bicycle-64x96.jpg 64w, https:\/\/kortleksbolaget.se\/wp-content\/uploads\/aura-bicycle-40x60.jpg 40w, https:\/\/kortleksbolaget.se\/wp-content\/uploads\/aura-bicycle-60x90.jpg 60w, https:\/\/kortleksbolaget.se\/wp-content\/uploads\/aura-bicycle.jpg 441w\" sizes=\"auto, (max-width: 200px) 100vw, 200px\" \/>\n\t\t\t<\/div><\/figure>\n\t\t<\/div>\n\n<p style=\"text-align: center;\">Vi har masser af deck-spil, som du kan bruge til tryllekunst og <a href=\"https:\/\/kortleksbolaget.se\/da\/produkt-kategori\/cardistry-da\/\"><strong>cardistry<\/strong><\/a>. Kortspillene, der er designet til cardistry og <a href=\"https:\/\/kortleksbolaget.se\/da\/produkt-kategori\/magisk-da\/\"><strong>magi<\/strong><\/a>, er specielt udviklet til dette. P\u00e5 den m\u00e5de har du de bedste foruds\u00e6tninger for succes med din kunst. Kortene glider let mellem dine fingre, og du vil forbl\u00f8ffe publikum med vores kortspil.<\/p>\n<p style=\"text-align: center;\">Kortene er ogs\u00e5 rigtig fine og passer lige s\u00e5 godt at stille p\u00e5 reolen som interi\u00f8ret. Kortenes udseende vil med garanti f\u00e5 blikke rettet mod dem.<\/p>\n<p>&nbsp;<\/p>\n<p>&nbsp;<\/p>\n<h2 style=\"text-align: center;\">Give spillekort som gave<\/h2>\n<p style=\"text-align: center;\">De kan ogs\u00e5 bruges som gave. Vi har tusinder af luksuri\u00f8se og unikke design, perfekt til samleren eller begavede pokerspiller, for eksempel. At f\u00e5 spillekort som en gave er normalt meget v\u00e6rdsat. De fleste mennesker har en eller anden forbindelse forbundet med et kortspil. I skolen sidder du m\u00e5ske og spiller kort i pauser, eller du har m\u00e5ske fundet den n\u00e6ste store tryllekunstner, der er p\u00e5 vej til sit store gennembrud. Uanset hvem du vil give en gave til, har vi spillekort, som vi tror passer perfekt. Giv en v\u00e6rdsat gave til dine venner eller familie p\u00e5 din f\u00f8dselsdag eller i julegave.<\/p>\n<p>&nbsp;<\/p>\n<p>&nbsp;<\/p>\n<h2 style=\"text-align: center;\">Pokerkort &#8211; Spillekort til pokeraftener<\/h2>\n<div id='gallery-2' class='gallery galleryid-11312 gallery-columns-3 gallery-size-thumbnail'><figure class='gallery-item'>\n\t\t\t<div class='gallery-icon landscape'>\n\t\t\t\t<img loading=\"lazy\" decoding=\"async\" width=\"200\" height=\"300\" src=\"https:\/\/kortleksbolaget.se\/wp-content\/uploads\/70099-alt5-200x300.jpg\" class=\"attachment-thumbnail size-thumbnail\" alt=\"Spder konge under kortspil\" srcset=\"https:\/\/kortleksbolaget.se\/wp-content\/uploads\/70099-alt5-200x300.jpg 200w, https:\/\/kortleksbolaget.se\/wp-content\/uploads\/70099-alt5-275x413.jpg 275w\" sizes=\"auto, (max-width: 200px) 100vw, 200px\" \/>\n\t\t\t<\/div><\/figure><figure class='gallery-item'>\n\t\t\t<div class='gallery-icon landscape'>\n\t\t\t\t<img loading=\"lazy\" decoding=\"async\" width=\"200\" height=\"300\" src=\"https:\/\/kortleksbolaget.se\/wp-content\/uploads\/70099-alt4-200x300.jpg\" class=\"attachment-thumbnail size-thumbnail\" alt=\"Spille kort p\u00e5 bordet\" srcset=\"https:\/\/kortleksbolaget.se\/wp-content\/uploads\/70099-alt4-200x300.jpg 200w, https:\/\/kortleksbolaget.se\/wp-content\/uploads\/70099-alt4-275x413.jpg 275w\" sizes=\"auto, (max-width: 200px) 100vw, 200px\" \/>\n\t\t\t<\/div><\/figure><figure class='gallery-item'>\n\t\t\t<div class='gallery-icon landscape'>\n\t\t\t\t<img loading=\"lazy\" decoding=\"async\" width=\"200\" height=\"300\" src=\"https:\/\/kortleksbolaget.se\/wp-content\/uploads\/60609-alt1-200x300.jpg\" class=\"attachment-thumbnail size-thumbnail\" alt=\"\" srcset=\"https:\/\/kortleksbolaget.se\/wp-content\/uploads\/60609-alt1-200x300.jpg 200w, https:\/\/kortleksbolaget.se\/wp-content\/uploads\/60609-alt1-275x413.jpg 275w\" sizes=\"auto, (max-width: 200px) 100vw, 200px\" \/>\n\t\t\t<\/div><\/figure>\n\t\t<\/div>\n\n<p>Her kan du finde d\u00e6k med kort, som du kan bruge til dine pokeraftener. VI har pokerkort fra alle de kendte m\u00e6rker som Bicycle, Copag og KEM. Alle vores kort er af h\u00f8jeste kvalitet, og du vil kunne bruge dem i lang tid. Vores kortspil til poker er lavet af plastik, og de glider godt mellem fingrene, n\u00e5r du blander og r\u00e6kker kortet ud.<\/p>\n<h3 style=\"text-align: center;\">Bicycle poker kort<\/h3>\n<p style=\"text-align: center;\"><a href=\"https:\/\/kortleksbolaget.se\/da\/varumarke\/bicycle-da\/\"><strong>Bicycle<\/strong><\/a> er et af de kendte m\u00e6rker, der tilbyder pokerkort. Kortene er lavet af plastik og glider rigtig godt mellem fingrene, n\u00e5r du blander og fordeler. Vi har et stort udvalg af forskellige spil kort fra Bicycle &#8211; v\u00e6lg blot din favorit og k\u00f8b!<\/p>\n<p>&nbsp;<\/p>\n<p>&nbsp;<\/p>\n<h2 style=\"text-align: center;\">Special &amp; limited edition spillekort<\/h2>\n<div id='gallery-3' class='gallery galleryid-11312 gallery-columns-4 gallery-size-thumbnail'><figure class='gallery-item'>\n\t\t\t<div class='gallery-icon portrait'>\n\t\t\t\t<img loading=\"lazy\" decoding=\"async\" width=\"200\" height=\"300\" src=\"https:\/\/kortleksbolaget.se\/wp-content\/uploads\/exquisite-lordz-1-200x300.jpg\" class=\"attachment-thumbnail size-thumbnail\" alt=\"exquisite lordz spillekort\" srcset=\"https:\/\/kortleksbolaget.se\/wp-content\/uploads\/exquisite-lordz-1-200x300.jpg 200w, https:\/\/kortleksbolaget.se\/wp-content\/uploads\/exquisite-lordz-1-400x600.jpg 400w, https:\/\/kortleksbolaget.se\/wp-content\/uploads\/exquisite-lordz-1-275x413.jpg 275w, https:\/\/kortleksbolaget.se\/wp-content\/uploads\/exquisite-lordz-1-64x96.jpg 64w, https:\/\/kortleksbolaget.se\/wp-content\/uploads\/exquisite-lordz-1-40x60.jpg 40w, https:\/\/kortleksbolaget.se\/wp-content\/uploads\/exquisite-lordz-1-60x90.jpg 60w, https:\/\/kortleksbolaget.se\/wp-content\/uploads\/exquisite-lordz-1.jpg 551w\" sizes=\"auto, (max-width: 200px) 100vw, 200px\" \/>\n\t\t\t<\/div><\/figure><figure class='gallery-item'>\n\t\t\t<div class='gallery-icon portrait'>\n\t\t\t\t<img loading=\"lazy\" decoding=\"async\" width=\"200\" height=\"300\" src=\"https:\/\/kortleksbolaget.se\/wp-content\/uploads\/notorious-gambling-frog-200x300.jpg\" class=\"attachment-thumbnail size-thumbnail\" alt=\"Spillekort gambling frog\" srcset=\"https:\/\/kortleksbolaget.se\/wp-content\/uploads\/notorious-gambling-frog-200x300.jpg 200w, https:\/\/kortleksbolaget.se\/wp-content\/uploads\/notorious-gambling-frog-401x600.jpg 401w, https:\/\/kortleksbolaget.se\/wp-content\/uploads\/notorious-gambling-frog-275x413.jpg 275w, https:\/\/kortleksbolaget.se\/wp-content\/uploads\/notorious-gambling-frog-64x96.jpg 64w, https:\/\/kortleksbolaget.se\/wp-content\/uploads\/notorious-gambling-frog-40x60.jpg 40w, https:\/\/kortleksbolaget.se\/wp-content\/uploads\/notorious-gambling-frog-60x90.jpg 60w, https:\/\/kortleksbolaget.se\/wp-content\/uploads\/notorious-gambling-frog.jpg 491w\" sizes=\"auto, (max-width: 200px) 100vw, 200px\" \/>\n\t\t\t<\/div><\/figure><figure class='gallery-item'>\n\t\t\t<div class='gallery-icon portrait'>\n\t\t\t\t<img loading=\"lazy\" decoding=\"async\" width=\"200\" height=\"300\" src=\"https:\/\/kortleksbolaget.se\/wp-content\/uploads\/bandits-steampunk-200x300.jpg\" class=\"attachment-thumbnail size-thumbnail\" alt=\"Spillekort Steampunk bandits\" srcset=\"https:\/\/kortleksbolaget.se\/wp-content\/uploads\/bandits-steampunk-200x300.jpg 200w, https:\/\/kortleksbolaget.se\/wp-content\/uploads\/bandits-steampunk-400x600.jpg 400w, https:\/\/kortleksbolaget.se\/wp-content\/uploads\/bandits-steampunk-800x1200.jpg 800w, https:\/\/kortleksbolaget.se\/wp-content\/uploads\/bandits-steampunk-768x1152.jpg 768w, https:\/\/kortleksbolaget.se\/wp-content\/uploads\/bandits-steampunk-1024x1536.jpg 1024w, https:\/\/kortleksbolaget.se\/wp-content\/uploads\/bandits-steampunk-scaled.jpg 1365w, https:\/\/kortleksbolaget.se\/wp-content\/uploads\/bandits-steampunk-275x413.jpg 275w, https:\/\/kortleksbolaget.se\/wp-content\/uploads\/bandits-steampunk-600x900.jpg 600w, https:\/\/kortleksbolaget.se\/wp-content\/uploads\/bandits-steampunk-64x96.jpg 64w, https:\/\/kortleksbolaget.se\/wp-content\/uploads\/bandits-steampunk-40x60.jpg 40w, https:\/\/kortleksbolaget.se\/wp-content\/uploads\/bandits-steampunk-60x90.jpg 60w\" sizes=\"auto, (max-width: 200px) 100vw, 200px\" \/>\n\t\t\t<\/div><\/figure><figure class='gallery-item'>\n\t\t\t<div class='gallery-icon portrait'>\n\t\t\t\t<img loading=\"lazy\" decoding=\"async\" width=\"200\" height=\"300\" src=\"https:\/\/kortleksbolaget.se\/wp-content\/uploads\/starwars-playingcards-3-200x300.jpg\" class=\"attachment-thumbnail size-thumbnail\" alt=\"Star wars spillekort\" srcset=\"https:\/\/kortleksbolaget.se\/wp-content\/uploads\/starwars-playingcards-3-200x300.jpg 200w, https:\/\/kortleksbolaget.se\/wp-content\/uploads\/starwars-playingcards-3-400x600.jpg 400w, https:\/\/kortleksbolaget.se\/wp-content\/uploads\/starwars-playingcards-3-275x413.jpg 275w, https:\/\/kortleksbolaget.se\/wp-content\/uploads\/starwars-playingcards-3-64x96.jpg 64w, https:\/\/kortleksbolaget.se\/wp-content\/uploads\/starwars-playingcards-3-40x60.jpg 40w, https:\/\/kortleksbolaget.se\/wp-content\/uploads\/starwars-playingcards-3-60x90.jpg 60w, https:\/\/kortleksbolaget.se\/wp-content\/uploads\/starwars-playingcards-3.jpg 520w\" sizes=\"auto, (max-width: 200px) 100vw, 200px\" \/>\n\t\t\t<\/div><\/figure>\n\t\t<\/div>\n\n<p style=\"text-align: center;\">Vi har masser af d\u00e6k til dig, der godt kan lide at samle flotte og specielle d\u00e6k, d\u00e6k der skiller sig ud fra m\u00e6ngden. Hos os finder du med garanti et s\u00e6t kort, som du ikke allerede har i din samling. Der er d\u00e6kspil med temaer fra store film s\u00e5som Star Wars. Vi har ogs\u00e5 bunker med kort, der bare er rigtig fine, som er designet til at blive set enkelt!<\/p>\n<p style=\"text-align: center;\">Hold \u00f8je i vores kategori for <a href=\"https:\/\/kortleksbolaget.se\/da\/produkt-kategori\/special-luksus-limited-da\/\"><strong>Limited edition<\/strong><\/a> &#8211; s\u00e5 du ikke g\u00e5r glip af chancen for at k\u00f8be de mest trendy spillekort!<\/p>\n<h4 style=\"text-align: center;\">K\u00f8b dine spillekort online p\u00e5 Kortleksbolaget!<\/h4>\n<p>&nbsp;<\/p>\n","protected":false},"excerpt":{"rendered":"<p>Skandinaviens st\u00f8rste udvalg af spillekort online Velkommen til Kortleksbolaget. Nordens eneste rene spillekortsforhandler online. I vores butik vil du finde ca 800 forskellige spillekort fra en r\u00e6kke af leverand\u00f8rer, alt fra de mere ordin\u00e6re til de specielle, samlev\u00e6rdige spillekort. Vi har kort til alle og enhver, lige meget hvad du er efter. Spillekort er forskelligartede [&#8230;]<\/p>\n<p><a class=\"btn btn-secondary understrap-read-more-link\" href=\"https:\/\/kortleksbolaget.se\/da\/\">L\u00e6s mere&#8230;<span class=\"screen-reader-text\"> from Start<\/span><\/a><\/p>\n","protected":false},"author":2138,"featured_media":0,"parent":0,"menu_order":0,"comment_status":"closed","ping_status":"closed","template":"","meta":{"_acf_changed":false,"footnotes":""},"class_list":["post-11312","page","type-page","status-publish","hentry"],"acf":[],"yoast_head":"<!-- This site is optimized with the Yoast SEO plugin v26.3 - https:\/\/yoast.com\/wordpress\/plugins\/seo\/ -->\n<title>K\u00f8b spillekort online - Hurtige leveringer &amp; lave priser<\/title>\n<meta name=\"description\" content=\"K\u00f8b spillekort online til gode priser og hurtige leveringer. Vi har et stort udvalg af spillekort til blandt andet poker &amp; cardistry.\" \/>\n<meta name=\"robots\" content=\"index, follow, max-snippet:-1, max-image-preview:large, max-video-preview:-1\" \/>\n<link rel=\"canonical\" href=\"https:\/\/kortleksbolaget.se\/da\/\" \/>\n<meta property=\"og:locale\" content=\"da_DK\" \/>\n<meta property=\"og:type\" content=\"article\" \/>\n<meta property=\"og:title\" content=\"K\u00f8b spillekort online - Hurtige leveringer &amp; lave priser\" \/>\n<meta property=\"og:description\" content=\"K\u00f8b spillekort online til gode priser og hurtige leveringer. Vi har et stort udvalg af spillekort til blandt andet poker &amp; cardistry.\" \/>\n<meta property=\"og:url\" content=\"https:\/\/kortleksbolaget.se\/da\/\" \/>\n<meta property=\"og:site_name\" content=\"Kortleksbolaget\" \/>\n<meta property=\"article:modified_time\" content=\"2025-11-28T22:34:02+00:00\" \/>\n<meta property=\"og:image\" content=\"https:\/\/kortleksbolaget.se\/wp-content\/uploads\/fontaine-black-holo-200x300.jpg\" \/>\n<meta name=\"twitter:card\" content=\"summary_large_image\" \/>\n<meta name=\"twitter:label1\" content=\"Estimeret l\u00e6setid\" \/>\n\t<meta name=\"twitter:data1\" content=\"6 minutter\" \/>\n<script type=\"application\/ld+json\" class=\"yoast-schema-graph\">{\"@context\":\"https:\/\/schema.org\",\"@graph\":[{\"@type\":\"WebPage\",\"@id\":\"https:\/\/kortleksbolaget.se\/da\/\",\"url\":\"https:\/\/kortleksbolaget.se\/da\/\",\"name\":\"K\u00f8b spillekort online - Hurtige leveringer & lave priser\",\"isPartOf\":{\"@id\":\"https:\/\/kortleksbolaget.se\/da\/#website\"},\"datePublished\":\"2019-05-14T06:38:23+00:00\",\"dateModified\":\"2025-11-28T22:34:02+00:00\",\"description\":\"K\u00f8b spillekort online til gode priser og hurtige leveringer. Vi har et stort udvalg af spillekort til blandt andet poker & cardistry.\",\"breadcrumb\":{\"@id\":\"https:\/\/kortleksbolaget.se\/da\/#breadcrumb\"},\"inLanguage\":\"da-DK\",\"potentialAction\":[{\"@type\":\"ReadAction\",\"target\":[\"https:\/\/kortleksbolaget.se\/da\/\"]}]},{\"@type\":\"BreadcrumbList\",\"@id\":\"https:\/\/kortleksbolaget.se\/da\/#breadcrumb\",\"itemListElement\":[{\"@type\":\"ListItem\",\"position\":1,\"name\":\"Hem\",\"item\":\"https:\/\/kortleksbolaget.se\/da\/\"},{\"@type\":\"ListItem\",\"position\":2,\"name\":\"Start\"}]},{\"@type\":\"WebSite\",\"@id\":\"https:\/\/kortleksbolaget.se\/da\/#website\",\"url\":\"https:\/\/kortleksbolaget.se\/da\/\",\"name\":\"Kortleksbolaget\",\"description\":\"Kortlekar p\u00e5 n\u00e4tet\",\"publisher\":{\"@id\":\"https:\/\/kortleksbolaget.se\/da\/#organization\"},\"potentialAction\":[{\"@type\":\"SearchAction\",\"target\":{\"@type\":\"EntryPoint\",\"urlTemplate\":\"https:\/\/kortleksbolaget.se\/da\/?s={search_term_string}\"},\"query-input\":{\"@type\":\"PropertyValueSpecification\",\"valueRequired\":true,\"valueName\":\"search_term_string\"}}],\"inLanguage\":\"da-DK\"},{\"@type\":\"Organization\",\"@id\":\"https:\/\/kortleksbolaget.se\/da\/#organization\",\"name\":\"Kortleksbolaget\",\"url\":\"https:\/\/kortleksbolaget.se\/da\/\",\"logo\":{\"@type\":\"ImageObject\",\"inLanguage\":\"da-DK\",\"@id\":\"https:\/\/kortleksbolaget.se\/da\/#\/schema\/logo\/image\/\",\"url\":\"https:\/\/kortleksbolaget.se\/wp-content\/uploads\/kortleksbolaget_logo-svart.png\",\"contentUrl\":\"https:\/\/kortleksbolaget.se\/wp-content\/uploads\/kortleksbolaget_logo-svart.png\",\"width\":1200,\"height\":296,\"caption\":\"Kortleksbolaget\"},\"image\":{\"@id\":\"https:\/\/kortleksbolaget.se\/da\/#\/schema\/logo\/image\/\"}}]}<\/script>\n<!-- \/ Yoast SEO plugin. -->","yoast_head_json":{"title":"K\u00f8b spillekort online - Hurtige leveringer & lave priser","description":"K\u00f8b spillekort online til gode priser og hurtige leveringer. Vi har et stort udvalg af spillekort til blandt andet poker & cardistry.","robots":{"index":"index","follow":"follow","max-snippet":"max-snippet:-1","max-image-preview":"max-image-preview:large","max-video-preview":"max-video-preview:-1"},"canonical":"https:\/\/kortleksbolaget.se\/da\/","og_locale":"da_DK","og_type":"article","og_title":"K\u00f8b spillekort online - Hurtige leveringer & lave priser","og_description":"K\u00f8b spillekort online til gode priser og hurtige leveringer. Vi har et stort udvalg af spillekort til blandt andet poker & cardistry.","og_url":"https:\/\/kortleksbolaget.se\/da\/","og_site_name":"Kortleksbolaget","article_modified_time":"2025-11-28T22:34:02+00:00","og_image":[{"url":"https:\/\/kortleksbolaget.se\/wp-content\/uploads\/fontaine-black-holo-200x300.jpg","type":"","width":"","height":""}],"twitter_card":"summary_large_image","twitter_misc":{"Estimeret l\u00e6setid":"6 minutter"},"schema":{"@context":"https:\/\/schema.org","@graph":[{"@type":"WebPage","@id":"https:\/\/kortleksbolaget.se\/da\/","url":"https:\/\/kortleksbolaget.se\/da\/","name":"K\u00f8b spillekort online - Hurtige leveringer & lave priser","isPartOf":{"@id":"https:\/\/kortleksbolaget.se\/da\/#website"},"datePublished":"2019-05-14T06:38:23+00:00","dateModified":"2025-11-28T22:34:02+00:00","description":"K\u00f8b spillekort online til gode priser og hurtige leveringer. Vi har et stort udvalg af spillekort til blandt andet poker & cardistry.","breadcrumb":{"@id":"https:\/\/kortleksbolaget.se\/da\/#breadcrumb"},"inLanguage":"da-DK","potentialAction":[{"@type":"ReadAction","target":["https:\/\/kortleksbolaget.se\/da\/"]}]},{"@type":"BreadcrumbList","@id":"https:\/\/kortleksbolaget.se\/da\/#breadcrumb","itemListElement":[{"@type":"ListItem","position":1,"name":"Hem","item":"https:\/\/kortleksbolaget.se\/da\/"},{"@type":"ListItem","position":2,"name":"Start"}]},{"@type":"WebSite","@id":"https:\/\/kortleksbolaget.se\/da\/#website","url":"https:\/\/kortleksbolaget.se\/da\/","name":"Kortleksbolaget","description":"Kortlekar p\u00e5 n\u00e4tet","publisher":{"@id":"https:\/\/kortleksbolaget.se\/da\/#organization"},"potentialAction":[{"@type":"SearchAction","target":{"@type":"EntryPoint","urlTemplate":"https:\/\/kortleksbolaget.se\/da\/?s={search_term_string}"},"query-input":{"@type":"PropertyValueSpecification","valueRequired":true,"valueName":"search_term_string"}}],"inLanguage":"da-DK"},{"@type":"Organization","@id":"https:\/\/kortleksbolaget.se\/da\/#organization","name":"Kortleksbolaget","url":"https:\/\/kortleksbolaget.se\/da\/","logo":{"@type":"ImageObject","inLanguage":"da-DK","@id":"https:\/\/kortleksbolaget.se\/da\/#\/schema\/logo\/image\/","url":"https:\/\/kortleksbolaget.se\/wp-content\/uploads\/kortleksbolaget_logo-svart.png","contentUrl":"https:\/\/kortleksbolaget.se\/wp-content\/uploads\/kortleksbolaget_logo-svart.png","width":1200,"height":296,"caption":"Kortleksbolaget"},"image":{"@id":"https:\/\/kortleksbolaget.se\/da\/#\/schema\/logo\/image\/"}}]}},"_links":{"self":[{"href":"https:\/\/kortleksbolaget.se\/da\/wp-json\/wp\/v2\/pages\/11312","targetHints":{"allow":["GET"]}}],"collection":[{"href":"https:\/\/kortleksbolaget.se\/da\/wp-json\/wp\/v2\/pages"}],"about":[{"href":"https:\/\/kortleksbolaget.se\/da\/wp-json\/wp\/v2\/types\/page"}],"author":[{"embeddable":true,"href":"https:\/\/kortleksbolaget.se\/da\/wp-json\/wp\/v2\/users\/2138"}],"replies":[{"embeddable":true,"href":"https:\/\/kortleksbolaget.se\/da\/wp-json\/wp\/v2\/comments?post=11312"}],"version-history":[{"count":9,"href":"https:\/\/kortleksbolaget.se\/da\/wp-json\/wp\/v2\/pages\/11312\/revisions"}],"predecessor-version":[{"id":156042,"href":"https:\/\/kortleksbolaget.se\/da\/wp-json\/wp\/v2\/pages\/11312\/revisions\/156042"}],"wp:attachment":[{"href":"https:\/\/kortleksbolaget.se\/da\/wp-json\/wp\/v2\/media?parent=11312"}],"curies":[{"name":"wp","href":"https:\/\/api.w.org\/{rel}","templated":true}]}}