{"id":42048,"date":"2020-12-07T13:38:51","date_gmt":"2020-12-07T12:38:51","guid":{"rendered":"https:\/\/kortleksbolaget.se\/nyasidan2021\/integritetspolicy\/"},"modified":"2020-12-09T21:01:19","modified_gmt":"2020-12-09T20:01:19","slug":"integritetspolicy","status":"publish","type":"page","link":"https:\/\/kortleksbolaget.se\/da\/integritetspolicy\/","title":{"rendered":"Integritetspolitik"},"content":{"rendered":"<p>I vores underl\u00e6ggende integritetspolitik vil vi informere Dem omkring Kortleksbolagets brug af personlige data.<\/p>\n<p><strong>1. Introduktion<\/strong><\/p>\n<p>Kortleksbolaget Sverige AB, 559275-3403, tager integritets- og databeskyttelse meget alvorligt. Derfor vil vi gennem denne integritetspolitik informere Dem omkring brug af den personlige data opbevarer omkring Dem. Personlig data er data der direkte eller indirekte kan identificere Dem som person. Navn, telefonnummer, adresse og e-mailadresse, for eksempel. Korleksbolaget f\u00f8lger alle relevante love p\u00e5g\u00e6ldende dette, og al personlig-data-behandling \u00a0er baseret p\u00e5 EU&#8217;s databeskyttelsesregler, GDPR (EU) 2016\/679. De kan l\u00e6se mere om denne lov p\u00e5 Sveriges tilsynsmyndigheds hjemmeside <a href=\"http:\/\/www.datainspektionen.se\">www.datainspektionen.se<\/a><\/p>\n<p>Ansvarlig for personlig-data-behandling er Kortleksbolaget Sverige AB, 559275-3403. Kontakt os vedr\u00f8rende integritets- og databeskyttelse p\u00e5 jimmy@kortleksbkolaget.se eller p\u00e5 +46 709-79 20 07.<\/p>\n<p><strong>2. Samling af information<\/strong><\/p>\n<p>N\u00e5r De benytter kortleksbolaget.se, k\u00f8ber produkter, og logger ind og ud samler vi information om Dem. Den data inkluderer Deres navn, e-mail og telefonnummer.<\/p>\n<p>Vi modtager og behandler ogs\u00e5 automatisk information fra Deres computer og webbrowser, som inkluderer Deres IP-adresse, information om Deres software og hardware, samt den anmodede side. Information om vores politik vil hj\u00e6lpe Dem forst\u00e5 hvilken slags information Kortleksbolaget samler og hvordan det bliver brugt. Ved at k\u00f8be p\u00e5 hjemmesiden, eller indtastning af Deres informationer, accepterer De vores politik om brug af Deres personlige information i overensstemmelse med nedenst\u00e5ende:<\/p>\n<p><strong>3. Hvad bliver informationen brugt til<\/strong><\/p>\n<ul>\n<li>Forbedring Deres oplevelse af siden<\/li>\n<li>Vise personm\u00e5lrettede reklamer<\/li>\n<li>G\u00f8re siden bedre<\/li>\n<li>G\u00f8re vores kundeservice bedre<\/li>\n<li>Kontakte dig via e-mail<\/li>\n<li>Give os mulighed for at arrangere konkurrencer, give Dem personlige tilbud, eller udlede sp\u00f8rgeskemaer.<\/li>\n<\/ul>\n<p><strong>4. Sikkerhet<\/strong><\/p>\n<p>Vi deler ingen information vi indsamler til nogen tredjepart. Deres personlige information er kun delt hvis det er n\u00f8dvendigt for gennemf\u00f8rslen af Deres henstilling, foresp\u00f8rgsel eller ordre.<\/p>\n<p><strong>5. Videregivelse til tredjepart<\/strong><\/p>\n<p>Vi s\u00e6lger, k\u00f8ber eller p\u00e5 nogen anden m\u00e5de deler information, der kan blive brugt til at identificere Dem til tredjeparter. Dette inkluderer ikke tredjeparter der hj\u00e6lper os med at k\u00f8re vores hjemmeside eller firma, med krav p\u00e5 at disse parter holder Deres information hemmelig.<\/p>\n<p>Vi finder det n\u00f8dvendigt at dele information med form\u00e5let at unders\u00f8ge, forhindre eller skride til handling mod ulovlig aktivitet, mistanke om svindel, situationer der b\u00e6rer en risiko for en persons fysiske sikkerhed, kriminelle handlinger der g\u00e5r imod vores betingelser eller andre situationer hvor loven kr\u00e6ver den.<\/p>\n<p>Offentlig information kan deles til tredjeparter med marketing, reklame eller andre form\u00e5l. Vi anbefaler at De l\u00e6ser politikkerne fra vores tredjepartsleverand\u00f8rer.<\/p>\n<p><strong>6. Cookies<\/strong><\/p>\n<p>Vi bruger cookies p\u00e5 kortleksbolaget.se. Vi g\u00f8r dette for at forbedre tilg\u00e6ngelighed, identificere og analysere hvordan bes\u00f8gende bruger kortleksbolaget.se. Ved hj\u00e6lp af cookies kan vi forbedre brugeroplevelsen og personalisere efter den bes\u00f8genes interesse.<\/p>\n<p>Kortleksbolaget bruger Google Analytics med henblik p\u00e5 at hente webstatistikker og forst\u00e5 brugeradf\u00e6rd med form\u00e5let at forbedre vores indhold.<\/p>\n<p><strong>Der er to typer cookies.<\/strong><\/p>\n<p>En type gemmer en fil gennem en l\u00e6ngere periode p\u00e5 Deres computer. Den er brugt af funktioner der viser hvad der er nyt siden brugeren sidst har bes\u00f8gt siden, for eksempel.<\/p>\n<p>Den anden type cookies er kaldt sessioncookies. N\u00e5r De bruger vores hjemmeside, bliver denne cookie midlertidigt gemt i Deres computers hukommelse, for at holde styr p\u00e5 hvilket sprog De har valgt, for eksempel. Sessioncookies bliver ikke gemt p\u00e5 Deres computer, men forsvinder n\u00e5r du lukker din browser.<\/p>\n<p>Brugen af cookies p\u00e5 denne hjemmeside er frivillig. Hvis De \u00f8nsker at deaktivere brugen af cookies, kan De g\u00f8re dette i Deres browsers indstillinger.<\/p>\n<p><strong>7. \u00c6ndringer i vores politik<\/strong><\/p>\n<p>Vi tager integritetspolitikken meget seri\u00f8st, men erkender ogs\u00e5, at dette er en langvarig proces. Derfor reserverer vi os rettigheden, til at \u00e6ndre vores integritetspolitik p\u00e5 hvilket som helst tidspunkt, da det kan v\u00e6re n\u00f8dvendigt for at opretholde nye bestemmelser, love og tekniske behov.<\/p>\n<p><strong>8. Abonnement<\/strong><\/p>\n<p>Kortleksbolaget bruger e-mailen De registrerer, til at sende information og opdateringer der er relevante for dig. Hvis du ikke \u00f8nsker at modtage disse opdateringer, kan du afmelde abonnementet ved at f\u00f8lge instruktionerne i bunden af hver e-mail.<\/p>\n<p><strong>9. Samtykke<\/strong><\/p>\n<p>Ved at bruge vores hjemmeside samtykker du til vores integritetspolitik.<\/p>\n<p>&nbsp;<\/p>\n","protected":false},"excerpt":{"rendered":"<p>I vores underl\u00e6ggende integritetspolitik vil vi informere Dem omkring Kortleksbolagets brug af personlige data. 1. Introduktion Kortleksbolaget Sverige AB, 559275-3403, tager integritets- og databeskyttelse meget alvorligt. Derfor vil vi gennem denne integritetspolitik informere Dem omkring brug af den personlige data opbevarer omkring Dem. Personlig data er data der direkte eller indirekte kan identificere Dem som [&#8230;]<\/p>\n<p><a class=\"btn btn-secondary understrap-read-more-link\" href=\"https:\/\/kortleksbolaget.se\/da\/integritetspolicy\/\">L\u00e6s mere&#8230;<span class=\"screen-reader-text\"> from Integritetspolitik<\/span><\/a><\/p>\n","protected":false},"author":2138,"featured_media":0,"parent":0,"menu_order":0,"comment_status":"closed","ping_status":"closed","template":"","meta":{"_acf_changed":false,"footnotes":""},"class_list":["post-42048","page","type-page","status-publish","hentry"],"acf":[],"yoast_head":"<!-- This site is optimized with the Yoast SEO plugin v26.3 - https:\/\/yoast.com\/wordpress\/plugins\/seo\/ -->\n<title>Integritetspolitik - Kortleksbolaget<\/title>\n<meta name=\"robots\" content=\"index, follow, max-snippet:-1, max-image-preview:large, max-video-preview:-1\" \/>\n<link rel=\"canonical\" href=\"https:\/\/kortleksbolaget.se\/da\/integritetspolicy\/\" \/>\n<meta property=\"og:locale\" content=\"da_DK\" \/>\n<meta property=\"og:type\" content=\"article\" \/>\n<meta property=\"og:title\" content=\"Integritetspolitik - Kortleksbolaget\" \/>\n<meta property=\"og:description\" content=\"I vores underl\u00e6ggende integritetspolitik vil vi informere Dem omkring Kortleksbolagets brug af personlige data. 1. Introduktion Kortleksbolaget Sverige AB, 559275-3403, tager integritets- og databeskyttelse meget alvorligt. Derfor vil vi gennem denne integritetspolitik informere Dem omkring brug af den personlige data opbevarer omkring Dem. Personlig data er data der direkte eller indirekte kan identificere Dem som [...]L\u00e6s mere... from Integritetspolitik\" \/>\n<meta property=\"og:url\" content=\"https:\/\/kortleksbolaget.se\/da\/integritetspolicy\/\" \/>\n<meta property=\"og:site_name\" content=\"Kortleksbolaget\" \/>\n<meta property=\"article:modified_time\" content=\"2020-12-09T20:01:19+00:00\" \/>\n<meta property=\"og:image\" content=\"https:\/\/kortleksbolaget.se\/wp-content\/uploads\/58253-alt2.png\" \/>\n\t<meta property=\"og:image:width\" content=\"740\" \/>\n\t<meta property=\"og:image:height\" content=\"416\" \/>\n\t<meta property=\"og:image:type\" content=\"image\/png\" \/>\n<meta name=\"twitter:card\" content=\"summary_large_image\" \/>\n<meta name=\"twitter:label1\" content=\"Estimeret l\u00e6setid\" \/>\n\t<meta name=\"twitter:data1\" content=\"3 minutter\" \/>\n<script type=\"application\/ld+json\" class=\"yoast-schema-graph\">{\"@context\":\"https:\/\/schema.org\",\"@graph\":[{\"@type\":\"WebPage\",\"@id\":\"https:\/\/kortleksbolaget.se\/da\/integritetspolicy\/\",\"url\":\"https:\/\/kortleksbolaget.se\/da\/integritetspolicy\/\",\"name\":\"Integritetspolitik - Kortleksbolaget\",\"isPartOf\":{\"@id\":\"https:\/\/kortleksbolaget.se\/da\/#website\"},\"datePublished\":\"2020-12-07T12:38:51+00:00\",\"dateModified\":\"2020-12-09T20:01:19+00:00\",\"breadcrumb\":{\"@id\":\"https:\/\/kortleksbolaget.se\/da\/integritetspolicy\/#breadcrumb\"},\"inLanguage\":\"da-DK\",\"potentialAction\":[{\"@type\":\"ReadAction\",\"target\":[\"https:\/\/kortleksbolaget.se\/da\/integritetspolicy\/\"]}]},{\"@type\":\"BreadcrumbList\",\"@id\":\"https:\/\/kortleksbolaget.se\/da\/integritetspolicy\/#breadcrumb\",\"itemListElement\":[{\"@type\":\"ListItem\",\"position\":1,\"name\":\"Hem\",\"item\":\"https:\/\/kortleksbolaget.se\/da\/\"},{\"@type\":\"ListItem\",\"position\":2,\"name\":\"Integritetspolitik\"}]},{\"@type\":\"WebSite\",\"@id\":\"https:\/\/kortleksbolaget.se\/da\/#website\",\"url\":\"https:\/\/kortleksbolaget.se\/da\/\",\"name\":\"Kortleksbolaget\",\"description\":\"Kortlekar p\u00e5 n\u00e4tet\",\"publisher\":{\"@id\":\"https:\/\/kortleksbolaget.se\/da\/#organization\"},\"potentialAction\":[{\"@type\":\"SearchAction\",\"target\":{\"@type\":\"EntryPoint\",\"urlTemplate\":\"https:\/\/kortleksbolaget.se\/da\/?s={search_term_string}\"},\"query-input\":{\"@type\":\"PropertyValueSpecification\",\"valueRequired\":true,\"valueName\":\"search_term_string\"}}],\"inLanguage\":\"da-DK\"},{\"@type\":\"Organization\",\"@id\":\"https:\/\/kortleksbolaget.se\/da\/#organization\",\"name\":\"Kortleksbolaget\",\"url\":\"https:\/\/kortleksbolaget.se\/da\/\",\"logo\":{\"@type\":\"ImageObject\",\"inLanguage\":\"da-DK\",\"@id\":\"https:\/\/kortleksbolaget.se\/da\/#\/schema\/logo\/image\/\",\"url\":\"https:\/\/kortleksbolaget.se\/wp-content\/uploads\/kortleksbolaget_logo-svart.png\",\"contentUrl\":\"https:\/\/kortleksbolaget.se\/wp-content\/uploads\/kortleksbolaget_logo-svart.png\",\"width\":1200,\"height\":296,\"caption\":\"Kortleksbolaget\"},\"image\":{\"@id\":\"https:\/\/kortleksbolaget.se\/da\/#\/schema\/logo\/image\/\"}}]}<\/script>\n<!-- \/ Yoast SEO plugin. -->","yoast_head_json":{"title":"Integritetspolitik - Kortleksbolaget","robots":{"index":"index","follow":"follow","max-snippet":"max-snippet:-1","max-image-preview":"max-image-preview:large","max-video-preview":"max-video-preview:-1"},"canonical":"https:\/\/kortleksbolaget.se\/da\/integritetspolicy\/","og_locale":"da_DK","og_type":"article","og_title":"Integritetspolitik - Kortleksbolaget","og_description":"I vores underl\u00e6ggende integritetspolitik vil vi informere Dem omkring Kortleksbolagets brug af personlige data. 1. Introduktion Kortleksbolaget Sverige AB, 559275-3403, tager integritets- og databeskyttelse meget alvorligt. Derfor vil vi gennem denne integritetspolitik informere Dem omkring brug af den personlige data opbevarer omkring Dem. Personlig data er data der direkte eller indirekte kan identificere Dem som [...]L\u00e6s mere... from Integritetspolitik","og_url":"https:\/\/kortleksbolaget.se\/da\/integritetspolicy\/","og_site_name":"Kortleksbolaget","article_modified_time":"2020-12-09T20:01:19+00:00","og_image":[{"width":740,"height":416,"url":"https:\/\/kortleksbolaget.se\/wp-content\/uploads\/58253-alt2.png","type":"image\/png"}],"twitter_card":"summary_large_image","twitter_misc":{"Estimeret l\u00e6setid":"3 minutter"},"schema":{"@context":"https:\/\/schema.org","@graph":[{"@type":"WebPage","@id":"https:\/\/kortleksbolaget.se\/da\/integritetspolicy\/","url":"https:\/\/kortleksbolaget.se\/da\/integritetspolicy\/","name":"Integritetspolitik - Kortleksbolaget","isPartOf":{"@id":"https:\/\/kortleksbolaget.se\/da\/#website"},"datePublished":"2020-12-07T12:38:51+00:00","dateModified":"2020-12-09T20:01:19+00:00","breadcrumb":{"@id":"https:\/\/kortleksbolaget.se\/da\/integritetspolicy\/#breadcrumb"},"inLanguage":"da-DK","potentialAction":[{"@type":"ReadAction","target":["https:\/\/kortleksbolaget.se\/da\/integritetspolicy\/"]}]},{"@type":"BreadcrumbList","@id":"https:\/\/kortleksbolaget.se\/da\/integritetspolicy\/#breadcrumb","itemListElement":[{"@type":"ListItem","position":1,"name":"Hem","item":"https:\/\/kortleksbolaget.se\/da\/"},{"@type":"ListItem","position":2,"name":"Integritetspolitik"}]},{"@type":"WebSite","@id":"https:\/\/kortleksbolaget.se\/da\/#website","url":"https:\/\/kortleksbolaget.se\/da\/","name":"Kortleksbolaget","description":"Kortlekar p\u00e5 n\u00e4tet","publisher":{"@id":"https:\/\/kortleksbolaget.se\/da\/#organization"},"potentialAction":[{"@type":"SearchAction","target":{"@type":"EntryPoint","urlTemplate":"https:\/\/kortleksbolaget.se\/da\/?s={search_term_string}"},"query-input":{"@type":"PropertyValueSpecification","valueRequired":true,"valueName":"search_term_string"}}],"inLanguage":"da-DK"},{"@type":"Organization","@id":"https:\/\/kortleksbolaget.se\/da\/#organization","name":"Kortleksbolaget","url":"https:\/\/kortleksbolaget.se\/da\/","logo":{"@type":"ImageObject","inLanguage":"da-DK","@id":"https:\/\/kortleksbolaget.se\/da\/#\/schema\/logo\/image\/","url":"https:\/\/kortleksbolaget.se\/wp-content\/uploads\/kortleksbolaget_logo-svart.png","contentUrl":"https:\/\/kortleksbolaget.se\/wp-content\/uploads\/kortleksbolaget_logo-svart.png","width":1200,"height":296,"caption":"Kortleksbolaget"},"image":{"@id":"https:\/\/kortleksbolaget.se\/da\/#\/schema\/logo\/image\/"}}]}},"_links":{"self":[{"href":"https:\/\/kortleksbolaget.se\/da\/wp-json\/wp\/v2\/pages\/42048","targetHints":{"allow":["GET"]}}],"collection":[{"href":"https:\/\/kortleksbolaget.se\/da\/wp-json\/wp\/v2\/pages"}],"about":[{"href":"https:\/\/kortleksbolaget.se\/da\/wp-json\/wp\/v2\/types\/page"}],"author":[{"embeddable":true,"href":"https:\/\/kortleksbolaget.se\/da\/wp-json\/wp\/v2\/users\/2138"}],"replies":[{"embeddable":true,"href":"https:\/\/kortleksbolaget.se\/da\/wp-json\/wp\/v2\/comments?post=42048"}],"version-history":[{"count":0,"href":"https:\/\/kortleksbolaget.se\/da\/wp-json\/wp\/v2\/pages\/42048\/revisions"}],"wp:attachment":[{"href":"https:\/\/kortleksbolaget.se\/da\/wp-json\/wp\/v2\/media?parent=42048"}],"curies":[{"name":"wp","href":"https:\/\/api.w.org\/{rel}","templated":true}]}}