{"id":42052,"date":"2020-12-07T13:40:28","date_gmt":"2020-12-07T12:40:28","guid":{"rendered":"https:\/\/kortleksbolaget.se\/nyasidan2021\/?page_id=42052"},"modified":"2024-04-22T14:17:33","modified_gmt":"2024-04-22T12:17:33","slug":"villkor","status":"publish","type":"page","link":"https:\/\/kortleksbolaget.se\/da\/villkor\/","title":{"rendered":"Vilk\u00e5r"},"content":{"rendered":"<p><strong>Priser og betaling<\/strong><\/p>\n<p>For alle produkter i butikken inkluderer prisen VAT. I indk\u00f8bskurven vil De se prisen inklusiv alle afgifter, VAT, fragt og betaling. Fragtvilk\u00e5r er vist i indk\u00f8bskurven. Fragt er altid 85kr. Vi reserverer os selv for nogen potentiel printe- og tastefejl. Hvis priser er korrigeret p\u00e5 Deres ordre, vil De altid blive informeret omkring dette og De vil have rettigheden til at \u00e6ndre eller annullere Deres ordre. Vi kan sammen med Klarna tilbyde de f\u00f8lgende betalingsmetoder: faktura, afdrag, kreditkort og direkte betaling gennem Deres bank. De kan ogs\u00e5 betale direkte med Swish.<\/p>\n<p><strong>Fragtvilk\u00e5r<\/strong><\/p>\n<p>Kortleksbolaget tilbyder de f\u00f8lgende fragttilbud:<\/p>\n<ul>\n<li>Brev, til mindre forsendelser der kan leveres til Deres brevkasse<\/li>\n<li>Pakke, Deres goder vil blive leveret til Deres n\u00e6rmeste postkontor. Gyldig ID er p\u00e5kr\u00e6vet ved afhentning.<\/li>\n<\/ul>\n<p><strong>Ikke afhentede pakker\/forsendelser<\/strong><\/p>\n<p>Pakker der ikke er blevet afhentet inden for 14 dage returneres til Kortleksbolaget. Hvis dette skulle forekomme, bliver k\u00f8beren opkr\u00e6vet den faktiske fragtpris, retur, hvor mindst 219DKK vil opkr\u00e6ves. Pakker der ikke afhentes d\u00e6kkes ikke af The Consumer Contracts Regulations.<\/p>\n<p><strong>Kunderettigheder for private kunder<\/strong><\/p>\n<p>De som privatperson har altid rettigheden til at returnere Deres goder inden for 14 dage if\u00f8lge the Distance- and homesalementslaw.<\/p>\n<p>Det er Deres ansvar at holde goderne i samme stand som de var ved modtagelse. De kan ikke bruge produkterne, men de kan forsigtigt eksamineres. Hvis goderne er beskadigede eller forsvundne ved uagtsomhed, vil du miste din ret til at returnere. N\u00e5r Deres retur er godkendt, vil vi returnere pengene til Dem inden for 30 dage. De er som kunde ansvarlig for betalingen af fragt for returforsendelser. Returadresse: Kortleksbolaget Sverige AB. B\u00e5tsmansgatan 15, 56635 HABO &#8211; SVERIGE<\/p>\n<p><strong>Kontakt<\/strong><\/p>\n<p>Kortleksbolaget Sverige AB<br \/>\nOrg. Nr: 559275-3403<br \/>\nB\u00e5tmansgatan 15<br \/>\n556 35 HABO<br \/>\nSVERIGE<\/p>\n<p><strong>Privatlivspolitik<\/strong><\/p>\n<p>N\u00e5r De anbringer en ordre p\u00e5 Kortleksbolaget vil De opgive nogen personlige informationer. I forbindelse med Deres registrering og ordre, godkender De at vi gemmer og bruger Deres information i driften vores hjemmeside, samt at kortleksbolaget.se kan sende e-mails til Deres e-mailadresse fra Kortleksbolaget med relevante nyheder og tilbud. Deres personlige information gemmes kun s\u00e5 l\u00e6nge som n\u00f8dvendigt, for at fylde behovene de f\u00f8rst blev gemt under og s\u00e5 l\u00e6nge de skal bruges af lovm\u00e6ssige grunde. Kortleksbolaget opbevarer information om kunden i op til 36 m\u00e5neder efter kunden sidst har placeret en ordre. De har if\u00f8lge Personuppgiftslagen rettigheden til at f\u00e5 adgang, til den information vi har gemt om Dem. Hvis informationen er fejlagtig, ukomplet eller irrelevant har De ret til at anmode om, at f\u00e5 informationen rettet eller fjernet. Hvis dette er tilf\u00e6ldet, kan De kontakte os ved at sende en e-mail til <a href=\"mailto:jimmy@kortleksbolaget.se\">jimmy@kortleksbolaget.se<\/a><\/p>\n<p>&nbsp;<\/p>\n<p>Information vedr\u00f8rende websikkerhed hos kortleksbolaget.se<\/p>\n<p>Denne hjemmeside bruger SSL teknologi til at garantere sikkerheden af Deres personlige informationer. Denne teknologi sikrer, at al personlig information De inds\u00e6tter p\u00e5 hjemmesiden ikke kan blive set, behandlet eller \u00e6ndret af en tredjepart.<\/p>\n<p>&nbsp;<\/p>\n","protected":false},"excerpt":{"rendered":"<p>Priser og betaling For alle produkter i butikken inkluderer prisen VAT. I indk\u00f8bskurven vil De se prisen inklusiv alle afgifter, VAT, fragt og betaling. Fragtvilk\u00e5r er vist i indk\u00f8bskurven. Fragt er altid 85kr. Vi reserverer os selv for nogen potentiel printe- og tastefejl. Hvis priser er korrigeret p\u00e5 Deres ordre, vil De altid blive informeret [&#8230;]<\/p>\n<p><a class=\"btn btn-secondary understrap-read-more-link\" href=\"https:\/\/kortleksbolaget.se\/da\/villkor\/\">L\u00e6s mere&#8230;<span class=\"screen-reader-text\"> from Vilk\u00e5r<\/span><\/a><\/p>\n","protected":false},"author":2138,"featured_media":0,"parent":0,"menu_order":0,"comment_status":"closed","ping_status":"closed","template":"","meta":{"_acf_changed":false,"footnotes":""},"class_list":["post-42052","page","type-page","status-publish","hentry"],"acf":[],"yoast_head":"<!-- This site is optimized with the Yoast SEO plugin v26.3 - https:\/\/yoast.com\/wordpress\/plugins\/seo\/ -->\n<title>Vilk\u00e5r - Kortleksbolaget<\/title>\n<meta name=\"robots\" content=\"index, follow, max-snippet:-1, max-image-preview:large, max-video-preview:-1\" \/>\n<link rel=\"canonical\" href=\"https:\/\/kortleksbolaget.se\/da\/villkor\/\" \/>\n<meta property=\"og:locale\" content=\"da_DK\" \/>\n<meta property=\"og:type\" content=\"article\" \/>\n<meta property=\"og:title\" content=\"Vilk\u00e5r - Kortleksbolaget\" \/>\n<meta property=\"og:description\" content=\"Priser og betaling For alle produkter i butikken inkluderer prisen VAT. I indk\u00f8bskurven vil De se prisen inklusiv alle afgifter, VAT, fragt og betaling. Fragtvilk\u00e5r er vist i indk\u00f8bskurven. Fragt er altid 85kr. Vi reserverer os selv for nogen potentiel printe- og tastefejl. Hvis priser er korrigeret p\u00e5 Deres ordre, vil De altid blive informeret [...]L\u00e6s mere... from Vilk\u00e5r\" \/>\n<meta property=\"og:url\" content=\"https:\/\/kortleksbolaget.se\/da\/villkor\/\" \/>\n<meta property=\"og:site_name\" content=\"Kortleksbolaget\" \/>\n<meta property=\"article:modified_time\" content=\"2024-04-22T12:17:33+00:00\" \/>\n<meta property=\"og:image\" content=\"https:\/\/kortleksbolaget.se\/wp-content\/uploads\/58253-alt2.png\" \/>\n\t<meta property=\"og:image:width\" content=\"740\" \/>\n\t<meta property=\"og:image:height\" content=\"416\" \/>\n\t<meta property=\"og:image:type\" content=\"image\/png\" \/>\n<meta name=\"twitter:card\" content=\"summary_large_image\" \/>\n<meta name=\"twitter:label1\" content=\"Estimeret l\u00e6setid\" \/>\n\t<meta name=\"twitter:data1\" content=\"3 minutter\" \/>\n<script type=\"application\/ld+json\" class=\"yoast-schema-graph\">{\"@context\":\"https:\/\/schema.org\",\"@graph\":[{\"@type\":\"WebPage\",\"@id\":\"https:\/\/kortleksbolaget.se\/da\/villkor\/\",\"url\":\"https:\/\/kortleksbolaget.se\/da\/villkor\/\",\"name\":\"Vilk\u00e5r - Kortleksbolaget\",\"isPartOf\":{\"@id\":\"https:\/\/kortleksbolaget.se\/da\/#website\"},\"datePublished\":\"2020-12-07T12:40:28+00:00\",\"dateModified\":\"2024-04-22T12:17:33+00:00\",\"breadcrumb\":{\"@id\":\"https:\/\/kortleksbolaget.se\/da\/villkor\/#breadcrumb\"},\"inLanguage\":\"da-DK\",\"potentialAction\":[{\"@type\":\"ReadAction\",\"target\":[\"https:\/\/kortleksbolaget.se\/da\/villkor\/\"]}]},{\"@type\":\"BreadcrumbList\",\"@id\":\"https:\/\/kortleksbolaget.se\/da\/villkor\/#breadcrumb\",\"itemListElement\":[{\"@type\":\"ListItem\",\"position\":1,\"name\":\"Hem\",\"item\":\"https:\/\/kortleksbolaget.se\/da\/\"},{\"@type\":\"ListItem\",\"position\":2,\"name\":\"Vilk\u00e5r\"}]},{\"@type\":\"WebSite\",\"@id\":\"https:\/\/kortleksbolaget.se\/da\/#website\",\"url\":\"https:\/\/kortleksbolaget.se\/da\/\",\"name\":\"Kortleksbolaget\",\"description\":\"Kortlekar p\u00e5 n\u00e4tet\",\"publisher\":{\"@id\":\"https:\/\/kortleksbolaget.se\/da\/#organization\"},\"potentialAction\":[{\"@type\":\"SearchAction\",\"target\":{\"@type\":\"EntryPoint\",\"urlTemplate\":\"https:\/\/kortleksbolaget.se\/da\/?s={search_term_string}\"},\"query-input\":{\"@type\":\"PropertyValueSpecification\",\"valueRequired\":true,\"valueName\":\"search_term_string\"}}],\"inLanguage\":\"da-DK\"},{\"@type\":\"Organization\",\"@id\":\"https:\/\/kortleksbolaget.se\/da\/#organization\",\"name\":\"Kortleksbolaget\",\"url\":\"https:\/\/kortleksbolaget.se\/da\/\",\"logo\":{\"@type\":\"ImageObject\",\"inLanguage\":\"da-DK\",\"@id\":\"https:\/\/kortleksbolaget.se\/da\/#\/schema\/logo\/image\/\",\"url\":\"https:\/\/kortleksbolaget.se\/wp-content\/uploads\/kortleksbolaget_logo-svart.png\",\"contentUrl\":\"https:\/\/kortleksbolaget.se\/wp-content\/uploads\/kortleksbolaget_logo-svart.png\",\"width\":1200,\"height\":296,\"caption\":\"Kortleksbolaget\"},\"image\":{\"@id\":\"https:\/\/kortleksbolaget.se\/da\/#\/schema\/logo\/image\/\"}}]}<\/script>\n<!-- \/ Yoast SEO plugin. -->","yoast_head_json":{"title":"Vilk\u00e5r - Kortleksbolaget","robots":{"index":"index","follow":"follow","max-snippet":"max-snippet:-1","max-image-preview":"max-image-preview:large","max-video-preview":"max-video-preview:-1"},"canonical":"https:\/\/kortleksbolaget.se\/da\/villkor\/","og_locale":"da_DK","og_type":"article","og_title":"Vilk\u00e5r - Kortleksbolaget","og_description":"Priser og betaling For alle produkter i butikken inkluderer prisen VAT. I indk\u00f8bskurven vil De se prisen inklusiv alle afgifter, VAT, fragt og betaling. Fragtvilk\u00e5r er vist i indk\u00f8bskurven. Fragt er altid 85kr. Vi reserverer os selv for nogen potentiel printe- og tastefejl. Hvis priser er korrigeret p\u00e5 Deres ordre, vil De altid blive informeret [...]L\u00e6s mere... from Vilk\u00e5r","og_url":"https:\/\/kortleksbolaget.se\/da\/villkor\/","og_site_name":"Kortleksbolaget","article_modified_time":"2024-04-22T12:17:33+00:00","og_image":[{"width":740,"height":416,"url":"https:\/\/kortleksbolaget.se\/wp-content\/uploads\/58253-alt2.png","type":"image\/png"}],"twitter_card":"summary_large_image","twitter_misc":{"Estimeret l\u00e6setid":"3 minutter"},"schema":{"@context":"https:\/\/schema.org","@graph":[{"@type":"WebPage","@id":"https:\/\/kortleksbolaget.se\/da\/villkor\/","url":"https:\/\/kortleksbolaget.se\/da\/villkor\/","name":"Vilk\u00e5r - Kortleksbolaget","isPartOf":{"@id":"https:\/\/kortleksbolaget.se\/da\/#website"},"datePublished":"2020-12-07T12:40:28+00:00","dateModified":"2024-04-22T12:17:33+00:00","breadcrumb":{"@id":"https:\/\/kortleksbolaget.se\/da\/villkor\/#breadcrumb"},"inLanguage":"da-DK","potentialAction":[{"@type":"ReadAction","target":["https:\/\/kortleksbolaget.se\/da\/villkor\/"]}]},{"@type":"BreadcrumbList","@id":"https:\/\/kortleksbolaget.se\/da\/villkor\/#breadcrumb","itemListElement":[{"@type":"ListItem","position":1,"name":"Hem","item":"https:\/\/kortleksbolaget.se\/da\/"},{"@type":"ListItem","position":2,"name":"Vilk\u00e5r"}]},{"@type":"WebSite","@id":"https:\/\/kortleksbolaget.se\/da\/#website","url":"https:\/\/kortleksbolaget.se\/da\/","name":"Kortleksbolaget","description":"Kortlekar p\u00e5 n\u00e4tet","publisher":{"@id":"https:\/\/kortleksbolaget.se\/da\/#organization"},"potentialAction":[{"@type":"SearchAction","target":{"@type":"EntryPoint","urlTemplate":"https:\/\/kortleksbolaget.se\/da\/?s={search_term_string}"},"query-input":{"@type":"PropertyValueSpecification","valueRequired":true,"valueName":"search_term_string"}}],"inLanguage":"da-DK"},{"@type":"Organization","@id":"https:\/\/kortleksbolaget.se\/da\/#organization","name":"Kortleksbolaget","url":"https:\/\/kortleksbolaget.se\/da\/","logo":{"@type":"ImageObject","inLanguage":"da-DK","@id":"https:\/\/kortleksbolaget.se\/da\/#\/schema\/logo\/image\/","url":"https:\/\/kortleksbolaget.se\/wp-content\/uploads\/kortleksbolaget_logo-svart.png","contentUrl":"https:\/\/kortleksbolaget.se\/wp-content\/uploads\/kortleksbolaget_logo-svart.png","width":1200,"height":296,"caption":"Kortleksbolaget"},"image":{"@id":"https:\/\/kortleksbolaget.se\/da\/#\/schema\/logo\/image\/"}}]}},"_links":{"self":[{"href":"https:\/\/kortleksbolaget.se\/da\/wp-json\/wp\/v2\/pages\/42052","targetHints":{"allow":["GET"]}}],"collection":[{"href":"https:\/\/kortleksbolaget.se\/da\/wp-json\/wp\/v2\/pages"}],"about":[{"href":"https:\/\/kortleksbolaget.se\/da\/wp-json\/wp\/v2\/types\/page"}],"author":[{"embeddable":true,"href":"https:\/\/kortleksbolaget.se\/da\/wp-json\/wp\/v2\/users\/2138"}],"replies":[{"embeddable":true,"href":"https:\/\/kortleksbolaget.se\/da\/wp-json\/wp\/v2\/comments?post=42052"}],"version-history":[{"count":1,"href":"https:\/\/kortleksbolaget.se\/da\/wp-json\/wp\/v2\/pages\/42052\/revisions"}],"predecessor-version":[{"id":142662,"href":"https:\/\/kortleksbolaget.se\/da\/wp-json\/wp\/v2\/pages\/42052\/revisions\/142662"}],"wp:attachment":[{"href":"https:\/\/kortleksbolaget.se\/da\/wp-json\/wp\/v2\/media?parent=42052"}],"curies":[{"name":"wp","href":"https:\/\/api.w.org\/{rel}","templated":true}]}}