{"id":89176,"date":"2022-06-20T15:38:56","date_gmt":"2022-06-20T13:38:56","guid":{"rendered":"https:\/\/kortleksbolaget.se\/?page_id=89176"},"modified":"2022-06-20T15:38:56","modified_gmt":"2022-06-20T13:38:56","slug":"cookiepolicy","status":"publish","type":"page","link":"https:\/\/kortleksbolaget.se\/da\/cookiepolicy\/","title":{"rendered":"CookiePolicy"},"content":{"rendered":"<div class=\"cli_pg_page_contaner\">\n<h1>Om denne cookiepolitik.<\/h1>\n<p>Denne cookiepolitik forklarer, hvad cookies er, og hvordan vi bruger dem. Du b\u00f8r l\u00e6se denne politik for at forst\u00e5, hvad cookies er, hvordan vi bruger dem, hvilke typer cookies vi bruger, dvs. de oplysninger, vi indsamler ved hj\u00e6lp af cookies, og hvordan disse oplysninger bruges, og hvordan du kontrollerer cookie-pr\u00e6ferencer. For mere information om, hvordan vi bruger, opbevarer og opbevarer dine personlige oplysninger sikkert, se vores privatlivspolitik.<\/p>\n<p>Du kan til enhver tid \u00e6ndre eller tilbagekalde dit samtykke fra cookie-erkl\u00e6ringen p\u00e5 vores hjemmeside.<br \/>\nL\u00e6s mere om, hvem vi er, hvordan du kan kontakte os, og hvordan vi behandler personoplysninger i vores privatlivspolitik.<br \/>\nDit samtykke g\u00e6lder for f\u00f8lgende dom\u00e6ner: kortleksbolaget.se<\/p>\n<div>\n<div class=\"wt-cli-element cli_user_consent_state\"><\/div>\n<\/div>\n<h2>Hvad er cookies?<\/h2>\n<p>Cookies er sm\u00e5 tekstfiler, der bruges til at gemme sm\u00e5 stykker information. Cookies gemmes p\u00e5 din enhed, n\u00e5r hjemmesiden indl\u00e6ses i din browser. Disse cookies hj\u00e6lper os med at f\u00e5 hjemmesiden til at fungere korrekt, g\u00f8re hjemmesiden mere sikker, give en bedre brugeroplevelse og forst\u00e5 hvordan hjemmesiden fungerer og analysere hvad der virker og hvor den skal forbedres.<\/p>\n<h2>\nHvordan bruger vi cookies?<\/h2>\n<p>Ligesom de fleste af onlinetjenesterne bruger vores hjemmeside cookies fra f\u00f8rste- og tredjemand til bestemte form\u00e5l. F\u00f8rstepartscookies er normalt n\u00f8dvendige for, at hjemmesiden fungerer korrekt, og de indsamler ingen af \u200b\u200bdine personligt identificerbare oplysninger.<\/p>\n<p>De tredjepartscookies, der bruges p\u00e5 vores hjemmesider, bruges hovedsageligt til at forst\u00e5, hvordan hjemmesiden fungerer, hvordan du interagerer med vores hjemmeside, holde vores tjenester sikre, levere annoncer, der er relevante for dig og alt i alt give dig en bedre og forbedret brugeroplevelse og hj\u00e6lpe med at fremskynde dine fremtidige interaktioner med vores hjemmeside.<\/p>\n<h3>Hvilke typer cookies bruger vi?<\/h3>\n<p>De cookies, der bruges p\u00e5 vores hjemmeside, er grupperet i f\u00f8lgende kategorier.<\/p>\n<div><div class=\"wt-cli-element cli_cookie_category_single\"><\/div><br \/>\nListen nedenfor beskriver cookies, der bruges p\u00e5 vores hjemmeside.<br \/>\n<table class=\"wt-cli-element cookielawinfo-classic cookielawinfo-row-cat-table\"><thead><tr><th scope=\"col\" class=\"cookielawinfo-column-1\">Cookie<\/th><th scope=\"col\" class=\"cookielawinfo-column-4\">Beskrivelse<\/th><\/thead><tbody><tr class=\"cookielawinfo-row\"><td colspan=\"2\" class=\"cookielawinfo-column-empty\"><\/td><\/tr><\/tbody><\/table><\/div>\n<h3>Hvordan kan jeg kontrollere cookie-indstillingerne?<\/h3>\n<div>\n<p>Du kan administrere dine cookie-pr\u00e6ferencer ved at klikke p\u00e5 knappen &#8220;Indstillinger&#8221; og aktivere eller deaktivere cookie-kategorierne i pop op-vinduet i henhold til dine pr\u00e6ferencer.<\/p>\n<p>Hvis du beslutter dig for at \u00e6ndre dine indstillinger senere i din browsersession, kan du klikke p\u00e5 fanen &#8220;Privatliv og cookiepolitik&#8221; p\u00e5 sk\u00e6rmen. Dette viser samtykkemeddelelsen igen, s\u00e5 du kan \u00e6ndre dine indstillinger eller tilbagekalde dit samtykke fuldst\u00e6ndigt.<\/p>\n<p>Derudover tilbyder forskellige browsere forskellige metoder til at blokere og slette cookies, der bruges af websteder. Du kan \u00e6ndre indstillingerne i din browser for at blokere\/slette cookies. For mere information om, hvordan du h\u00e5ndterer og sletter cookies, bes\u00f8g wikipedia.org, www.allaboutcookies.org.<\/p>\n<a href=\"javascript:void(0)\" class=\"wt-cli-manage-consent-link\">\u00c4ndra ditt samtycke h\u00e4r.<\/a>\n<\/div>\n<\/div>\n","protected":false},"excerpt":{"rendered":"<p>Om denne cookiepolitik. Denne cookiepolitik forklarer, hvad cookies er, og hvordan vi bruger dem. Du b\u00f8r l\u00e6se denne politik for at forst\u00e5, hvad cookies er, hvordan vi bruger dem, hvilke typer cookies vi bruger, dvs. de oplysninger, vi indsamler ved hj\u00e6lp af cookies, og hvordan disse oplysninger bruges, og hvordan du kontrollerer cookie-pr\u00e6ferencer. For mere [&#8230;]<\/p>\n<p><a class=\"btn btn-secondary understrap-read-more-link\" href=\"https:\/\/kortleksbolaget.se\/da\/cookiepolicy\/\">L\u00e6s mere&#8230;<span class=\"screen-reader-text\"> from CookiePolicy<\/span><\/a><\/p>\n","protected":false},"author":2138,"featured_media":0,"parent":0,"menu_order":0,"comment_status":"closed","ping_status":"closed","template":"","meta":{"_acf_changed":false,"footnotes":""},"class_list":["post-89176","page","type-page","status-publish","hentry"],"acf":[],"yoast_head":"<!-- This site is optimized with the Yoast SEO plugin v26.3 - https:\/\/yoast.com\/wordpress\/plugins\/seo\/ -->\n<title>L\u00e6s vores cookiepolitik | Kortleksbolaget<\/title>\n<meta name=\"description\" content=\"Her kan du l\u00e6se vores cookiepolitik, som vi bruger. Velkommen til Kortleksbolaget!\" \/>\n<meta name=\"robots\" content=\"index, follow, max-snippet:-1, max-image-preview:large, max-video-preview:-1\" \/>\n<link rel=\"canonical\" href=\"https:\/\/kortleksbolaget.se\/da\/cookiepolicy\/\" \/>\n<meta property=\"og:locale\" content=\"da_DK\" \/>\n<meta property=\"og:type\" content=\"article\" \/>\n<meta property=\"og:title\" content=\"L\u00e6s vores cookiepolitik | Kortleksbolaget\" \/>\n<meta property=\"og:description\" content=\"Her kan du l\u00e6se vores cookiepolitik, som vi bruger. Velkommen til Kortleksbolaget!\" \/>\n<meta property=\"og:url\" content=\"https:\/\/kortleksbolaget.se\/da\/cookiepolicy\/\" \/>\n<meta property=\"og:site_name\" content=\"Kortleksbolaget\" \/>\n<meta property=\"og:image\" content=\"https:\/\/kortleksbolaget.se\/wp-content\/uploads\/58253-alt2.png\" \/>\n\t<meta property=\"og:image:width\" content=\"740\" \/>\n\t<meta property=\"og:image:height\" content=\"416\" \/>\n\t<meta property=\"og:image:type\" content=\"image\/png\" \/>\n<meta name=\"twitter:card\" content=\"summary_large_image\" \/>\n<meta name=\"twitter:label1\" content=\"Estimeret l\u00e6setid\" \/>\n\t<meta name=\"twitter:data1\" content=\"3 minutter\" \/>\n<script type=\"application\/ld+json\" class=\"yoast-schema-graph\">{\"@context\":\"https:\/\/schema.org\",\"@graph\":[{\"@type\":\"WebPage\",\"@id\":\"https:\/\/kortleksbolaget.se\/da\/cookiepolicy\/\",\"url\":\"https:\/\/kortleksbolaget.se\/da\/cookiepolicy\/\",\"name\":\"L\u00e6s vores cookiepolitik | Kortleksbolaget\",\"isPartOf\":{\"@id\":\"https:\/\/kortleksbolaget.se\/da\/#website\"},\"datePublished\":\"2022-06-20T13:38:56+00:00\",\"description\":\"Her kan du l\u00e6se vores cookiepolitik, som vi bruger. Velkommen til Kortleksbolaget!\",\"breadcrumb\":{\"@id\":\"https:\/\/kortleksbolaget.se\/da\/cookiepolicy\/#breadcrumb\"},\"inLanguage\":\"da-DK\",\"potentialAction\":[{\"@type\":\"ReadAction\",\"target\":[\"https:\/\/kortleksbolaget.se\/da\/cookiepolicy\/\"]}]},{\"@type\":\"BreadcrumbList\",\"@id\":\"https:\/\/kortleksbolaget.se\/da\/cookiepolicy\/#breadcrumb\",\"itemListElement\":[{\"@type\":\"ListItem\",\"position\":1,\"name\":\"Hem\",\"item\":\"https:\/\/kortleksbolaget.se\/da\/\"},{\"@type\":\"ListItem\",\"position\":2,\"name\":\"CookiePolicy\"}]},{\"@type\":\"WebSite\",\"@id\":\"https:\/\/kortleksbolaget.se\/da\/#website\",\"url\":\"https:\/\/kortleksbolaget.se\/da\/\",\"name\":\"Kortleksbolaget\",\"description\":\"Kortlekar p\u00e5 n\u00e4tet\",\"publisher\":{\"@id\":\"https:\/\/kortleksbolaget.se\/da\/#organization\"},\"potentialAction\":[{\"@type\":\"SearchAction\",\"target\":{\"@type\":\"EntryPoint\",\"urlTemplate\":\"https:\/\/kortleksbolaget.se\/da\/?s={search_term_string}\"},\"query-input\":{\"@type\":\"PropertyValueSpecification\",\"valueRequired\":true,\"valueName\":\"search_term_string\"}}],\"inLanguage\":\"da-DK\"},{\"@type\":\"Organization\",\"@id\":\"https:\/\/kortleksbolaget.se\/da\/#organization\",\"name\":\"Kortleksbolaget\",\"url\":\"https:\/\/kortleksbolaget.se\/da\/\",\"logo\":{\"@type\":\"ImageObject\",\"inLanguage\":\"da-DK\",\"@id\":\"https:\/\/kortleksbolaget.se\/da\/#\/schema\/logo\/image\/\",\"url\":\"https:\/\/kortleksbolaget.se\/wp-content\/uploads\/kortleksbolaget_logo-svart.png\",\"contentUrl\":\"https:\/\/kortleksbolaget.se\/wp-content\/uploads\/kortleksbolaget_logo-svart.png\",\"width\":1200,\"height\":296,\"caption\":\"Kortleksbolaget\"},\"image\":{\"@id\":\"https:\/\/kortleksbolaget.se\/da\/#\/schema\/logo\/image\/\"}}]}<\/script>\n<!-- \/ Yoast SEO plugin. -->","yoast_head_json":{"title":"L\u00e6s vores cookiepolitik | Kortleksbolaget","description":"Her kan du l\u00e6se vores cookiepolitik, som vi bruger. Velkommen til Kortleksbolaget!","robots":{"index":"index","follow":"follow","max-snippet":"max-snippet:-1","max-image-preview":"max-image-preview:large","max-video-preview":"max-video-preview:-1"},"canonical":"https:\/\/kortleksbolaget.se\/da\/cookiepolicy\/","og_locale":"da_DK","og_type":"article","og_title":"L\u00e6s vores cookiepolitik | Kortleksbolaget","og_description":"Her kan du l\u00e6se vores cookiepolitik, som vi bruger. Velkommen til Kortleksbolaget!","og_url":"https:\/\/kortleksbolaget.se\/da\/cookiepolicy\/","og_site_name":"Kortleksbolaget","og_image":[{"width":740,"height":416,"url":"https:\/\/kortleksbolaget.se\/wp-content\/uploads\/58253-alt2.png","type":"image\/png"}],"twitter_card":"summary_large_image","twitter_misc":{"Estimeret l\u00e6setid":"3 minutter"},"schema":{"@context":"https:\/\/schema.org","@graph":[{"@type":"WebPage","@id":"https:\/\/kortleksbolaget.se\/da\/cookiepolicy\/","url":"https:\/\/kortleksbolaget.se\/da\/cookiepolicy\/","name":"L\u00e6s vores cookiepolitik | Kortleksbolaget","isPartOf":{"@id":"https:\/\/kortleksbolaget.se\/da\/#website"},"datePublished":"2022-06-20T13:38:56+00:00","description":"Her kan du l\u00e6se vores cookiepolitik, som vi bruger. Velkommen til Kortleksbolaget!","breadcrumb":{"@id":"https:\/\/kortleksbolaget.se\/da\/cookiepolicy\/#breadcrumb"},"inLanguage":"da-DK","potentialAction":[{"@type":"ReadAction","target":["https:\/\/kortleksbolaget.se\/da\/cookiepolicy\/"]}]},{"@type":"BreadcrumbList","@id":"https:\/\/kortleksbolaget.se\/da\/cookiepolicy\/#breadcrumb","itemListElement":[{"@type":"ListItem","position":1,"name":"Hem","item":"https:\/\/kortleksbolaget.se\/da\/"},{"@type":"ListItem","position":2,"name":"CookiePolicy"}]},{"@type":"WebSite","@id":"https:\/\/kortleksbolaget.se\/da\/#website","url":"https:\/\/kortleksbolaget.se\/da\/","name":"Kortleksbolaget","description":"Kortlekar p\u00e5 n\u00e4tet","publisher":{"@id":"https:\/\/kortleksbolaget.se\/da\/#organization"},"potentialAction":[{"@type":"SearchAction","target":{"@type":"EntryPoint","urlTemplate":"https:\/\/kortleksbolaget.se\/da\/?s={search_term_string}"},"query-input":{"@type":"PropertyValueSpecification","valueRequired":true,"valueName":"search_term_string"}}],"inLanguage":"da-DK"},{"@type":"Organization","@id":"https:\/\/kortleksbolaget.se\/da\/#organization","name":"Kortleksbolaget","url":"https:\/\/kortleksbolaget.se\/da\/","logo":{"@type":"ImageObject","inLanguage":"da-DK","@id":"https:\/\/kortleksbolaget.se\/da\/#\/schema\/logo\/image\/","url":"https:\/\/kortleksbolaget.se\/wp-content\/uploads\/kortleksbolaget_logo-svart.png","contentUrl":"https:\/\/kortleksbolaget.se\/wp-content\/uploads\/kortleksbolaget_logo-svart.png","width":1200,"height":296,"caption":"Kortleksbolaget"},"image":{"@id":"https:\/\/kortleksbolaget.se\/da\/#\/schema\/logo\/image\/"}}]}},"_links":{"self":[{"href":"https:\/\/kortleksbolaget.se\/da\/wp-json\/wp\/v2\/pages\/89176","targetHints":{"allow":["GET"]}}],"collection":[{"href":"https:\/\/kortleksbolaget.se\/da\/wp-json\/wp\/v2\/pages"}],"about":[{"href":"https:\/\/kortleksbolaget.se\/da\/wp-json\/wp\/v2\/types\/page"}],"author":[{"embeddable":true,"href":"https:\/\/kortleksbolaget.se\/da\/wp-json\/wp\/v2\/users\/2138"}],"replies":[{"embeddable":true,"href":"https:\/\/kortleksbolaget.se\/da\/wp-json\/wp\/v2\/comments?post=89176"}],"version-history":[{"count":0,"href":"https:\/\/kortleksbolaget.se\/da\/wp-json\/wp\/v2\/pages\/89176\/revisions"}],"wp:attachment":[{"href":"https:\/\/kortleksbolaget.se\/da\/wp-json\/wp\/v2\/media?parent=89176"}],"curies":[{"name":"wp","href":"https:\/\/api.w.org\/{rel}","templated":true}]}}