{"id":103379,"date":"2022-11-03T10:16:49","date_gmt":"2022-11-03T09:16:49","guid":{"rendered":"https:\/\/kortleksbolaget.se\/produkt\/flat-pack-blue\/"},"modified":"2022-11-03T10:16:49","modified_gmt":"2022-11-03T09:16:49","slug":"flat-pack-blue","status":"publish","type":"product","link":"https:\/\/kortleksbolaget.se\/da\/produkt\/flat-pack-blue\/","title":{"rendered":"Flat Pack Blue"},"content":{"rendered":"","protected":false},"excerpt":{"rendered":"<div id=\"tw-target-text-container\" class=\"tw-ta-container F0azHf tw-nfl\" tabindex=\"0\">\n<p id=\"tw-target-text\" class=\"tw-data-text tw-text-large tw-ta\" dir=\"ltr\" data-placeholder=\"\u00d6vers\u00e4ttning\"><span class=\"Y2IQFc\" lang=\"sv\">Created by the genius behind &#8220;Double Take,&#8221; Jason Knowles created <b>Flat Pack<\/b> to be a surrealistic visual opener and closer that gets you in and out of your set with flair.<\/p>\n<p>Imagine showing your spectators a neatly folded tuck case pulled from your wallet. With one move, the folded case expands from a crimped piece of cardboard to a fully functional box of playing cards. What&#8217;s even more impossible to comprehend is that all 52 playing cards are kept flawlessly inside!<\/p>\n<p><b>Flat Pack<\/b> turns the ordinary action of pulling out and putting away a deck of cards into an impossible moment. Clearly the box is folded into quarters. Clearly it couldn&#8217;t possibly fit a full deck of cards. And yet clearly it somehow does exactly that!<\/p>\n<p>Finally, when you&#8217;ve wow&#8217;d them with enough overly ambitious or extraordinarily triumphant enough card magic, you simply take your cards, place them back in the tuck, fold it back up into your wallet, and wait as your audience gasps and stares at your final miracle. It&#8217;s impossible for them to understand how those cards fit in that folded case. It&#8217;s even more impossible for them to forget that moment of magic that you&#8217;ve just created. <\/span><\/p>\n<p dir=\"ltr\" data-placeholder=\"\u00d6vers\u00e4ttning\"><i>&#8220;The <b>Flat Pack<\/b> appearance was pure eye candy, then Jason pulled the cards out of it and I could have punched him it was so good!!&#8221;<\/i><br \/>\n<b>&#8211; Ben Williams<\/b><\/p>\n<p><i>&#8220;This is the ultimate &#8216;Packs Small, Plays Big&#8217; effect!&#8221;<\/i><br \/>\n<b>&#8211; Eric Jones<\/b><\/p>\n<p><i>&#8220;I&#8217;ve seen a lot of gimmicks out there. Some are ingenious but fragile. Others are sturdy but limited. <b>Flat Pack<\/b> is one of the few that has the best of both worlds: strong gimmick for strong effects.&#8221;<\/i><br \/>\n<b>&#8211; Jeremy Griffiths<\/b><\/p>\n<p dir=\"ltr\" data-placeholder=\"\u00d6vers\u00e4ttning\"><i>&#8220;<b>Flat Pack<\/b> is the best opener I have seen in a long time&#8230; It visually kicks the back of your eyes and sends you packing! It&#8217;s a casual yet a professional piece of magic and perfect for all situations&#8230; I can&#8217;t wait to start using this.&#8221;<\/i><br \/>\n<b>&#8211; Chris Webb<\/b><\/p>\n<p><i>&#8220;<b>Flat Pack<\/b> is my favorite opener for table-hopping and walk-around! It LITERALLY packs small and plays big, and it has that perfect &#8216;haha that&#8217;s cute&#8230; Wait? WTF just happened!?&#8217; moment (twice). It&#8217;s as if Jason Knowles and Tony Stark had a cardboard-baby. The playing card box equivalent to the Iron Man suit!&#8221;<\/i><br \/>\n<b>&#8211; Kim Anderson<\/b><\/p>\n<p><i>&#8220;<b>Flat Pack<\/b> is an amazing surprise to open any card routine! Can&#8217;t wait to play with it!!&#8221;<\/i><br \/>\n<b>&#8211; Tobias Dostal<\/b><\/p>\n<p><i>&#8220;<b>Flat Pack<\/b> is truly something I will want to use every day. Clever in the mechanics and the construction. Absolutely hard hitting!&#8221;<\/i><br \/>\n<b>&#8211; Think Nguyen<\/b><\/p>\n<\/div>\n<div id=\"tw-target-rmn-container\" class=\"tw-target-rmn tw-ta-container F0azHf tw-nfl\">\n<pre id=\"tw-target-rmn\" class=\"tw-data-placeholder tw-text-small tw-ta\" dir=\"ltr\" data-placeholder=\"\"><\/pre>\n<\/div>\n<p> [&#8230;]<\/p>\n<p><a class=\"btn btn-secondary understrap-read-more-link\" href=\"https:\/\/kortleksbolaget.se\/da\/produkt\/flat-pack-blue\/\">L\u00e6s mere&#8230;<span class=\"screen-reader-text\"> from Flat Pack Blue<\/span><\/a><\/p>\n","protected":false},"featured_media":103370,"template":"","meta":{"_acf_changed":false},"product_brand":[],"product_cat":[225],"product_tag":[],"class_list":{"0":"post-103379","1":"product","2":"type-product","3":"status-publish","4":"has-post-thumbnail","6":"product_cat-magisk-da","8":"first","9":"outofstock","10":"taxable","11":"shipping-taxable","12":"purchasable","13":"product-type-simple"},"acf":[],"yoast_head":"<!-- This site is optimized with the Yoast SEO plugin v27.5 - https:\/\/yoast.com\/product\/yoast-seo-wordpress\/ -->\n<title>Kortlek Flat Pack Blue | Kortleksbolaget<\/title>\n<meta name=\"description\" content=\"K\u00f6p Flat Pack Blue. Snabba leveranser &amp; bra priser. Sveriges st\u00f6rsta sortiment av kortlekar p\u00e5 Kortleksbolaget!\" \/>\n<meta name=\"robots\" content=\"index, follow, max-snippet:-1, max-image-preview:large, max-video-preview:-1\" \/>\n<link rel=\"canonical\" href=\"https:\/\/kortleksbolaget.se\/da\/produkt\/flat-pack-blue\/\" \/>\n<meta property=\"og:locale\" content=\"da_DK\" \/>\n<meta property=\"og:type\" content=\"article\" \/>\n<meta property=\"og:title\" content=\"Kortlek Flat Pack Blue | Kortleksbolaget\" \/>\n<meta property=\"og:description\" content=\"K\u00f6p Flat Pack Blue. Snabba leveranser &amp; bra priser. Sveriges st\u00f6rsta sortiment av kortlekar p\u00e5 Kortleksbolaget!\" \/>\n<meta property=\"og:url\" content=\"https:\/\/kortleksbolaget.se\/da\/produkt\/flat-pack-blue\/\" \/>\n<meta property=\"og:site_name\" content=\"Kortleksbolaget\" \/>\n<meta property=\"og:image\" content=\"https:\/\/kortleksbolaget.se\/wp-content\/uploads\/flat-pack-magic-trick-1.jpg\" \/>\n\t<meta property=\"og:image:width\" content=\"657\" \/>\n\t<meta property=\"og:image:height\" content=\"986\" \/>\n\t<meta property=\"og:image:type\" content=\"image\/jpeg\" \/>\n<meta name=\"twitter:card\" content=\"summary_large_image\" \/>\n<script type=\"application\/ld+json\" class=\"yoast-schema-graph\">{\"@context\":\"https:\\\/\\\/schema.org\",\"@graph\":[{\"@type\":\"WebPage\",\"@id\":\"https:\\\/\\\/kortleksbolaget.se\\\/da\\\/produkt\\\/flat-pack-blue\\\/\",\"url\":\"https:\\\/\\\/kortleksbolaget.se\\\/da\\\/produkt\\\/flat-pack-blue\\\/\",\"name\":\"Kortlek Flat Pack Blue | Kortleksbolaget\",\"isPartOf\":{\"@id\":\"https:\\\/\\\/kortleksbolaget.se\\\/da\\\/#website\"},\"primaryImageOfPage\":{\"@id\":\"https:\\\/\\\/kortleksbolaget.se\\\/da\\\/produkt\\\/flat-pack-blue\\\/#primaryimage\"},\"image\":{\"@id\":\"https:\\\/\\\/kortleksbolaget.se\\\/da\\\/produkt\\\/flat-pack-blue\\\/#primaryimage\"},\"thumbnailUrl\":\"https:\\\/\\\/kortleksbolaget.se\\\/wp-content\\\/uploads\\\/flat-pack-magic-trick-1.jpg\",\"datePublished\":\"2022-11-03T09:16:49+00:00\",\"description\":\"K\u00f6p Flat Pack Blue. Snabba leveranser & bra priser. Sveriges st\u00f6rsta sortiment av kortlekar p\u00e5 Kortleksbolaget!\",\"breadcrumb\":{\"@id\":\"https:\\\/\\\/kortleksbolaget.se\\\/da\\\/produkt\\\/flat-pack-blue\\\/#breadcrumb\"},\"inLanguage\":\"da-DK\",\"potentialAction\":[{\"@type\":\"ReadAction\",\"target\":[\"https:\\\/\\\/kortleksbolaget.se\\\/da\\\/produkt\\\/flat-pack-blue\\\/\"]}]},{\"@type\":\"ImageObject\",\"inLanguage\":\"da-DK\",\"@id\":\"https:\\\/\\\/kortleksbolaget.se\\\/da\\\/produkt\\\/flat-pack-blue\\\/#primaryimage\",\"url\":\"https:\\\/\\\/kortleksbolaget.se\\\/wp-content\\\/uploads\\\/flat-pack-magic-trick-1.jpg\",\"contentUrl\":\"https:\\\/\\\/kortleksbolaget.se\\\/wp-content\\\/uploads\\\/flat-pack-magic-trick-1.jpg\",\"width\":657,\"height\":986},{\"@type\":\"BreadcrumbList\",\"@id\":\"https:\\\/\\\/kortleksbolaget.se\\\/da\\\/produkt\\\/flat-pack-blue\\\/#breadcrumb\",\"itemListElement\":[{\"@type\":\"ListItem\",\"position\":1,\"name\":\"Hem\",\"item\":\"https:\\\/\\\/kortleksbolaget.se\\\/da\\\/\"},{\"@type\":\"ListItem\",\"position\":2,\"name\":\"Shop\",\"item\":\"https:\\\/\\\/kortleksbolaget.se\\\/da\\\/shop-2\\\/\"},{\"@type\":\"ListItem\",\"position\":3,\"name\":\"Flat Pack Blue\"}]},{\"@type\":\"WebSite\",\"@id\":\"https:\\\/\\\/kortleksbolaget.se\\\/da\\\/#website\",\"url\":\"https:\\\/\\\/kortleksbolaget.se\\\/da\\\/\",\"name\":\"Kortleksbolaget\",\"description\":\"Kortlekar p\u00e5 n\u00e4tet\",\"publisher\":{\"@id\":\"https:\\\/\\\/kortleksbolaget.se\\\/da\\\/#organization\"},\"potentialAction\":[{\"@type\":\"SearchAction\",\"target\":{\"@type\":\"EntryPoint\",\"urlTemplate\":\"https:\\\/\\\/kortleksbolaget.se\\\/da\\\/?s={search_term_string}\"},\"query-input\":{\"@type\":\"PropertyValueSpecification\",\"valueRequired\":true,\"valueName\":\"search_term_string\"}}],\"inLanguage\":\"da-DK\"},{\"@type\":\"Organization\",\"@id\":\"https:\\\/\\\/kortleksbolaget.se\\\/da\\\/#organization\",\"name\":\"Kortleksbolaget\",\"url\":\"https:\\\/\\\/kortleksbolaget.se\\\/da\\\/\",\"logo\":{\"@type\":\"ImageObject\",\"inLanguage\":\"da-DK\",\"@id\":\"https:\\\/\\\/kortleksbolaget.se\\\/da\\\/#\\\/schema\\\/logo\\\/image\\\/\",\"url\":\"https:\\\/\\\/kortleksbolaget.se\\\/wp-content\\\/uploads\\\/kortleksbolaget_logo-svart.png\",\"contentUrl\":\"https:\\\/\\\/kortleksbolaget.se\\\/wp-content\\\/uploads\\\/kortleksbolaget_logo-svart.png\",\"width\":1200,\"height\":296,\"caption\":\"Kortleksbolaget\"},\"image\":{\"@id\":\"https:\\\/\\\/kortleksbolaget.se\\\/da\\\/#\\\/schema\\\/logo\\\/image\\\/\"}}]}<\/script>\n<!-- \/ Yoast SEO plugin. -->","yoast_head_json":{"title":"Kortlek Flat Pack Blue | Kortleksbolaget","description":"K\u00f6p Flat Pack Blue. Snabba leveranser & bra priser. Sveriges st\u00f6rsta sortiment av kortlekar p\u00e5 Kortleksbolaget!","robots":{"index":"index","follow":"follow","max-snippet":"max-snippet:-1","max-image-preview":"max-image-preview:large","max-video-preview":"max-video-preview:-1"},"canonical":"https:\/\/kortleksbolaget.se\/da\/produkt\/flat-pack-blue\/","og_locale":"da_DK","og_type":"article","og_title":"Kortlek Flat Pack Blue | Kortleksbolaget","og_description":"K\u00f6p Flat Pack Blue. Snabba leveranser & bra priser. Sveriges st\u00f6rsta sortiment av kortlekar p\u00e5 Kortleksbolaget!","og_url":"https:\/\/kortleksbolaget.se\/da\/produkt\/flat-pack-blue\/","og_site_name":"Kortleksbolaget","og_image":[{"width":657,"height":986,"url":"https:\/\/kortleksbolaget.se\/wp-content\/uploads\/flat-pack-magic-trick-1.jpg","type":"image\/jpeg"}],"twitter_card":"summary_large_image","schema":{"@context":"https:\/\/schema.org","@graph":[{"@type":"WebPage","@id":"https:\/\/kortleksbolaget.se\/da\/produkt\/flat-pack-blue\/","url":"https:\/\/kortleksbolaget.se\/da\/produkt\/flat-pack-blue\/","name":"Kortlek Flat Pack Blue | Kortleksbolaget","isPartOf":{"@id":"https:\/\/kortleksbolaget.se\/da\/#website"},"primaryImageOfPage":{"@id":"https:\/\/kortleksbolaget.se\/da\/produkt\/flat-pack-blue\/#primaryimage"},"image":{"@id":"https:\/\/kortleksbolaget.se\/da\/produkt\/flat-pack-blue\/#primaryimage"},"thumbnailUrl":"https:\/\/kortleksbolaget.se\/wp-content\/uploads\/flat-pack-magic-trick-1.jpg","datePublished":"2022-11-03T09:16:49+00:00","description":"K\u00f6p Flat Pack Blue. Snabba leveranser & bra priser. Sveriges st\u00f6rsta sortiment av kortlekar p\u00e5 Kortleksbolaget!","breadcrumb":{"@id":"https:\/\/kortleksbolaget.se\/da\/produkt\/flat-pack-blue\/#breadcrumb"},"inLanguage":"da-DK","potentialAction":[{"@type":"ReadAction","target":["https:\/\/kortleksbolaget.se\/da\/produkt\/flat-pack-blue\/"]}]},{"@type":"ImageObject","inLanguage":"da-DK","@id":"https:\/\/kortleksbolaget.se\/da\/produkt\/flat-pack-blue\/#primaryimage","url":"https:\/\/kortleksbolaget.se\/wp-content\/uploads\/flat-pack-magic-trick-1.jpg","contentUrl":"https:\/\/kortleksbolaget.se\/wp-content\/uploads\/flat-pack-magic-trick-1.jpg","width":657,"height":986},{"@type":"BreadcrumbList","@id":"https:\/\/kortleksbolaget.se\/da\/produkt\/flat-pack-blue\/#breadcrumb","itemListElement":[{"@type":"ListItem","position":1,"name":"Hem","item":"https:\/\/kortleksbolaget.se\/da\/"},{"@type":"ListItem","position":2,"name":"Shop","item":"https:\/\/kortleksbolaget.se\/da\/shop-2\/"},{"@type":"ListItem","position":3,"name":"Flat Pack Blue"}]},{"@type":"WebSite","@id":"https:\/\/kortleksbolaget.se\/da\/#website","url":"https:\/\/kortleksbolaget.se\/da\/","name":"Kortleksbolaget","description":"Kortlekar p\u00e5 n\u00e4tet","publisher":{"@id":"https:\/\/kortleksbolaget.se\/da\/#organization"},"potentialAction":[{"@type":"SearchAction","target":{"@type":"EntryPoint","urlTemplate":"https:\/\/kortleksbolaget.se\/da\/?s={search_term_string}"},"query-input":{"@type":"PropertyValueSpecification","valueRequired":true,"valueName":"search_term_string"}}],"inLanguage":"da-DK"},{"@type":"Organization","@id":"https:\/\/kortleksbolaget.se\/da\/#organization","name":"Kortleksbolaget","url":"https:\/\/kortleksbolaget.se\/da\/","logo":{"@type":"ImageObject","inLanguage":"da-DK","@id":"https:\/\/kortleksbolaget.se\/da\/#\/schema\/logo\/image\/","url":"https:\/\/kortleksbolaget.se\/wp-content\/uploads\/kortleksbolaget_logo-svart.png","contentUrl":"https:\/\/kortleksbolaget.se\/wp-content\/uploads\/kortleksbolaget_logo-svart.png","width":1200,"height":296,"caption":"Kortleksbolaget"},"image":{"@id":"https:\/\/kortleksbolaget.se\/da\/#\/schema\/logo\/image\/"}}]}},"_links":{"self":[{"href":"https:\/\/kortleksbolaget.se\/da\/wp-json\/wp\/v2\/product\/103379","targetHints":{"allow":["GET"]}}],"collection":[{"href":"https:\/\/kortleksbolaget.se\/da\/wp-json\/wp\/v2\/product"}],"about":[{"href":"https:\/\/kortleksbolaget.se\/da\/wp-json\/wp\/v2\/types\/product"}],"wp:featuredmedia":[{"embeddable":true,"href":"https:\/\/kortleksbolaget.se\/da\/wp-json\/wp\/v2\/media\/103370"}],"wp:attachment":[{"href":"https:\/\/kortleksbolaget.se\/da\/wp-json\/wp\/v2\/media?parent=103379"}],"wp:term":[{"taxonomy":"product_brand","embeddable":true,"href":"https:\/\/kortleksbolaget.se\/da\/wp-json\/wp\/v2\/product_brand?post=103379"},{"taxonomy":"product_cat","embeddable":true,"href":"https:\/\/kortleksbolaget.se\/da\/wp-json\/wp\/v2\/product_cat?post=103379"},{"taxonomy":"product_tag","embeddable":true,"href":"https:\/\/kortleksbolaget.se\/da\/wp-json\/wp\/v2\/product_tag?post=103379"}],"curies":[{"name":"wp","href":"https:\/\/api.w.org\/{rel}","templated":true}]}}