{"id":104004,"date":"2022-11-10T11:45:13","date_gmt":"2022-11-10T10:45:13","guid":{"rendered":"https:\/\/kortleksbolaget.se\/produkt\/edo-karuta-shogun\/"},"modified":"2022-11-10T11:45:13","modified_gmt":"2022-11-10T10:45:13","slug":"edo-karuta-shogun","status":"publish","type":"product","link":"https:\/\/kortleksbolaget.se\/da\/produkt\/edo-karuta-shogun\/","title":{"rendered":"Edo Karuta Shogun"},"content":{"rendered":"","protected":false},"excerpt":{"rendered":"<p id=\"tw-target-text\" class=\"tw-data-text tw-text-large tw-ta\" dir=\"ltr\" data-placeholder=\"\u00d6vers\u00e4ttning\"><span class=\"Y2IQFc\" lang=\"sv\"><b>Edo Karuta Playing Cards<\/b> explore something different &#8211; street graffiti. Flagrant Agenda started off with interested in street culture, particularly graffiti and how it can be use as an medium to make a point.<\/p>\n<p>The aesthetic mainstay of Edo Karuta is the ubiquitous Edomoji, Japanese typographic and lettering styles that were invented and vastly popular during the Edo period. They are primarily used for advertising and branding in the various trades that sprung up during the prosperous epoch before the advent of modern Japan. You can still see many traditional Japanese brands using Edomoji in their marketing efforts. Walk by any Japanese restaurants and you will bound to see banners with Edomoji written on them. In Edo Karuta,these typographical elements are superimposed onto each other to make up interesting and visually arresting motifs, the signature style of our designer (MILTZ) that we saw in his Shibuya Bluffiti project. You Can see these representations most clearly in our card backs.<\/span><\/p>\n<ul>\n<li>Two color schemes &#8211; The red\/white Daimyo deck and the black\/gold Shogun deck<\/li>\n<li>Printed by United States Playing Card Company<\/li>\n<li>Traditional cut and magic finish<\/li>\n<li>Premium metallic ink for Shogun deck<\/li>\n<li>Fully customized seal<\/li>\n<li>Available in 2 editions &#8211; the basic and the special<\/li>\n<li>For Special &#8211; custom letterpressed tuck case with special foiled deck sleeve. Crafted in Hong Kong.<\/li>\n<\/ul>\n<p> [&#8230;]<\/p>\n<p><a class=\"btn btn-secondary understrap-read-more-link\" href=\"https:\/\/kortleksbolaget.se\/da\/produkt\/edo-karuta-shogun\/\">L\u00e6s mere&#8230;<span class=\"screen-reader-text\"> from Edo Karuta Shogun<\/span><\/a><\/p>\n","protected":false},"featured_media":103984,"template":"","meta":{"_acf_changed":false},"product_brand":[],"product_cat":[231],"product_tag":[],"class_list":{"0":"post-104004","1":"product","2":"type-product","3":"status-publish","4":"has-post-thumbnail","6":"varumarke-uspcc-da","7":"product_cat-special-luksus-limited-da","9":"first","10":"outofstock","11":"featured","12":"taxable","13":"shipping-taxable","14":"purchasable","15":"product-type-simple"},"acf":[],"yoast_head":"<!-- This site is optimized with the Yoast SEO plugin v26.3 - https:\/\/yoast.com\/wordpress\/plugins\/seo\/ -->\n<title>Kortlek Edo Karuta Shogun | Kortleksbolaget<\/title>\n<meta name=\"description\" content=\"K\u00f6p Edo Karuta Shogun. Snabba leveranser &amp; bra priser. Sveriges st\u00f6rsta sortiment av kortlekar p\u00e5 Kortleksbolaget!\" \/>\n<meta name=\"robots\" content=\"index, follow, max-snippet:-1, max-image-preview:large, max-video-preview:-1\" \/>\n<link rel=\"canonical\" href=\"https:\/\/kortleksbolaget.se\/da\/produkt\/edo-karuta-shogun\/\" \/>\n<meta property=\"og:locale\" content=\"da_DK\" \/>\n<meta property=\"og:type\" content=\"article\" \/>\n<meta property=\"og:title\" content=\"Kortlek Edo Karuta Shogun | Kortleksbolaget\" \/>\n<meta property=\"og:description\" content=\"K\u00f6p Edo Karuta Shogun. Snabba leveranser &amp; bra priser. Sveriges st\u00f6rsta sortiment av kortlekar p\u00e5 Kortleksbolaget!\" \/>\n<meta property=\"og:url\" content=\"https:\/\/kortleksbolaget.se\/da\/produkt\/edo-karuta-shogun\/\" \/>\n<meta property=\"og:site_name\" content=\"Kortleksbolaget\" \/>\n<meta property=\"og:image\" content=\"https:\/\/kortleksbolaget.se\/wp-content\/uploads\/edo-karuta-shogun.jpg\" \/>\n\t<meta property=\"og:image:width\" content=\"482\" \/>\n\t<meta property=\"og:image:height\" content=\"724\" \/>\n\t<meta property=\"og:image:type\" content=\"image\/jpeg\" \/>\n<meta name=\"twitter:card\" content=\"summary_large_image\" \/>\n<script type=\"application\/ld+json\" class=\"yoast-schema-graph\">{\"@context\":\"https:\/\/schema.org\",\"@graph\":[{\"@type\":\"WebPage\",\"@id\":\"https:\/\/kortleksbolaget.se\/da\/produkt\/edo-karuta-shogun\/\",\"url\":\"https:\/\/kortleksbolaget.se\/da\/produkt\/edo-karuta-shogun\/\",\"name\":\"Kortlek Edo Karuta Shogun | Kortleksbolaget\",\"isPartOf\":{\"@id\":\"https:\/\/kortleksbolaget.se\/da\/#website\"},\"primaryImageOfPage\":{\"@id\":\"https:\/\/kortleksbolaget.se\/da\/produkt\/edo-karuta-shogun\/#primaryimage\"},\"image\":{\"@id\":\"https:\/\/kortleksbolaget.se\/da\/produkt\/edo-karuta-shogun\/#primaryimage\"},\"thumbnailUrl\":\"https:\/\/kortleksbolaget.se\/wp-content\/uploads\/edo-karuta-shogun.jpg\",\"datePublished\":\"2022-11-10T10:45:13+00:00\",\"description\":\"K\u00f6p Edo Karuta Shogun. Snabba leveranser & bra priser. Sveriges st\u00f6rsta sortiment av kortlekar p\u00e5 Kortleksbolaget!\",\"breadcrumb\":{\"@id\":\"https:\/\/kortleksbolaget.se\/da\/produkt\/edo-karuta-shogun\/#breadcrumb\"},\"inLanguage\":\"da-DK\",\"potentialAction\":[{\"@type\":\"ReadAction\",\"target\":[\"https:\/\/kortleksbolaget.se\/da\/produkt\/edo-karuta-shogun\/\"]}]},{\"@type\":\"ImageObject\",\"inLanguage\":\"da-DK\",\"@id\":\"https:\/\/kortleksbolaget.se\/da\/produkt\/edo-karuta-shogun\/#primaryimage\",\"url\":\"https:\/\/kortleksbolaget.se\/wp-content\/uploads\/edo-karuta-shogun.jpg\",\"contentUrl\":\"https:\/\/kortleksbolaget.se\/wp-content\/uploads\/edo-karuta-shogun.jpg\",\"width\":482,\"height\":724},{\"@type\":\"BreadcrumbList\",\"@id\":\"https:\/\/kortleksbolaget.se\/da\/produkt\/edo-karuta-shogun\/#breadcrumb\",\"itemListElement\":[{\"@type\":\"ListItem\",\"position\":1,\"name\":\"Hem\",\"item\":\"https:\/\/kortleksbolaget.se\/da\/\"},{\"@type\":\"ListItem\",\"position\":2,\"name\":\"Shop\",\"item\":\"https:\/\/kortleksbolaget.se\/da\/shop-2\/\"},{\"@type\":\"ListItem\",\"position\":3,\"name\":\"Edo Karuta Shogun\"}]},{\"@type\":\"WebSite\",\"@id\":\"https:\/\/kortleksbolaget.se\/da\/#website\",\"url\":\"https:\/\/kortleksbolaget.se\/da\/\",\"name\":\"Kortleksbolaget\",\"description\":\"Kortlekar p\u00e5 n\u00e4tet\",\"publisher\":{\"@id\":\"https:\/\/kortleksbolaget.se\/da\/#organization\"},\"potentialAction\":[{\"@type\":\"SearchAction\",\"target\":{\"@type\":\"EntryPoint\",\"urlTemplate\":\"https:\/\/kortleksbolaget.se\/da\/?s={search_term_string}\"},\"query-input\":{\"@type\":\"PropertyValueSpecification\",\"valueRequired\":true,\"valueName\":\"search_term_string\"}}],\"inLanguage\":\"da-DK\"},{\"@type\":\"Organization\",\"@id\":\"https:\/\/kortleksbolaget.se\/da\/#organization\",\"name\":\"Kortleksbolaget\",\"url\":\"https:\/\/kortleksbolaget.se\/da\/\",\"logo\":{\"@type\":\"ImageObject\",\"inLanguage\":\"da-DK\",\"@id\":\"https:\/\/kortleksbolaget.se\/da\/#\/schema\/logo\/image\/\",\"url\":\"https:\/\/kortleksbolaget.se\/wp-content\/uploads\/kortleksbolaget_logo-svart.png\",\"contentUrl\":\"https:\/\/kortleksbolaget.se\/wp-content\/uploads\/kortleksbolaget_logo-svart.png\",\"width\":1200,\"height\":296,\"caption\":\"Kortleksbolaget\"},\"image\":{\"@id\":\"https:\/\/kortleksbolaget.se\/da\/#\/schema\/logo\/image\/\"}}]}<\/script>\n<!-- \/ Yoast SEO plugin. -->","yoast_head_json":{"title":"Kortlek Edo Karuta Shogun | Kortleksbolaget","description":"K\u00f6p Edo Karuta Shogun. Snabba leveranser & bra priser. Sveriges st\u00f6rsta sortiment av kortlekar p\u00e5 Kortleksbolaget!","robots":{"index":"index","follow":"follow","max-snippet":"max-snippet:-1","max-image-preview":"max-image-preview:large","max-video-preview":"max-video-preview:-1"},"canonical":"https:\/\/kortleksbolaget.se\/da\/produkt\/edo-karuta-shogun\/","og_locale":"da_DK","og_type":"article","og_title":"Kortlek Edo Karuta Shogun | Kortleksbolaget","og_description":"K\u00f6p Edo Karuta Shogun. Snabba leveranser & bra priser. Sveriges st\u00f6rsta sortiment av kortlekar p\u00e5 Kortleksbolaget!","og_url":"https:\/\/kortleksbolaget.se\/da\/produkt\/edo-karuta-shogun\/","og_site_name":"Kortleksbolaget","og_image":[{"width":482,"height":724,"url":"https:\/\/kortleksbolaget.se\/wp-content\/uploads\/edo-karuta-shogun.jpg","type":"image\/jpeg"}],"twitter_card":"summary_large_image","schema":{"@context":"https:\/\/schema.org","@graph":[{"@type":"WebPage","@id":"https:\/\/kortleksbolaget.se\/da\/produkt\/edo-karuta-shogun\/","url":"https:\/\/kortleksbolaget.se\/da\/produkt\/edo-karuta-shogun\/","name":"Kortlek Edo Karuta Shogun | Kortleksbolaget","isPartOf":{"@id":"https:\/\/kortleksbolaget.se\/da\/#website"},"primaryImageOfPage":{"@id":"https:\/\/kortleksbolaget.se\/da\/produkt\/edo-karuta-shogun\/#primaryimage"},"image":{"@id":"https:\/\/kortleksbolaget.se\/da\/produkt\/edo-karuta-shogun\/#primaryimage"},"thumbnailUrl":"https:\/\/kortleksbolaget.se\/wp-content\/uploads\/edo-karuta-shogun.jpg","datePublished":"2022-11-10T10:45:13+00:00","description":"K\u00f6p Edo Karuta Shogun. Snabba leveranser & bra priser. Sveriges st\u00f6rsta sortiment av kortlekar p\u00e5 Kortleksbolaget!","breadcrumb":{"@id":"https:\/\/kortleksbolaget.se\/da\/produkt\/edo-karuta-shogun\/#breadcrumb"},"inLanguage":"da-DK","potentialAction":[{"@type":"ReadAction","target":["https:\/\/kortleksbolaget.se\/da\/produkt\/edo-karuta-shogun\/"]}]},{"@type":"ImageObject","inLanguage":"da-DK","@id":"https:\/\/kortleksbolaget.se\/da\/produkt\/edo-karuta-shogun\/#primaryimage","url":"https:\/\/kortleksbolaget.se\/wp-content\/uploads\/edo-karuta-shogun.jpg","contentUrl":"https:\/\/kortleksbolaget.se\/wp-content\/uploads\/edo-karuta-shogun.jpg","width":482,"height":724},{"@type":"BreadcrumbList","@id":"https:\/\/kortleksbolaget.se\/da\/produkt\/edo-karuta-shogun\/#breadcrumb","itemListElement":[{"@type":"ListItem","position":1,"name":"Hem","item":"https:\/\/kortleksbolaget.se\/da\/"},{"@type":"ListItem","position":2,"name":"Shop","item":"https:\/\/kortleksbolaget.se\/da\/shop-2\/"},{"@type":"ListItem","position":3,"name":"Edo Karuta Shogun"}]},{"@type":"WebSite","@id":"https:\/\/kortleksbolaget.se\/da\/#website","url":"https:\/\/kortleksbolaget.se\/da\/","name":"Kortleksbolaget","description":"Kortlekar p\u00e5 n\u00e4tet","publisher":{"@id":"https:\/\/kortleksbolaget.se\/da\/#organization"},"potentialAction":[{"@type":"SearchAction","target":{"@type":"EntryPoint","urlTemplate":"https:\/\/kortleksbolaget.se\/da\/?s={search_term_string}"},"query-input":{"@type":"PropertyValueSpecification","valueRequired":true,"valueName":"search_term_string"}}],"inLanguage":"da-DK"},{"@type":"Organization","@id":"https:\/\/kortleksbolaget.se\/da\/#organization","name":"Kortleksbolaget","url":"https:\/\/kortleksbolaget.se\/da\/","logo":{"@type":"ImageObject","inLanguage":"da-DK","@id":"https:\/\/kortleksbolaget.se\/da\/#\/schema\/logo\/image\/","url":"https:\/\/kortleksbolaget.se\/wp-content\/uploads\/kortleksbolaget_logo-svart.png","contentUrl":"https:\/\/kortleksbolaget.se\/wp-content\/uploads\/kortleksbolaget_logo-svart.png","width":1200,"height":296,"caption":"Kortleksbolaget"},"image":{"@id":"https:\/\/kortleksbolaget.se\/da\/#\/schema\/logo\/image\/"}}]}},"_links":{"self":[{"href":"https:\/\/kortleksbolaget.se\/da\/wp-json\/wp\/v2\/product\/104004","targetHints":{"allow":["GET"]}}],"collection":[{"href":"https:\/\/kortleksbolaget.se\/da\/wp-json\/wp\/v2\/product"}],"about":[{"href":"https:\/\/kortleksbolaget.se\/da\/wp-json\/wp\/v2\/types\/product"}],"wp:featuredmedia":[{"embeddable":true,"href":"https:\/\/kortleksbolaget.se\/da\/wp-json\/wp\/v2\/media\/103984"}],"wp:attachment":[{"href":"https:\/\/kortleksbolaget.se\/da\/wp-json\/wp\/v2\/media?parent=104004"}],"wp:term":[{"taxonomy":"product_brand","embeddable":true,"href":"https:\/\/kortleksbolaget.se\/da\/wp-json\/wp\/v2\/product_brand?post=104004"},{"taxonomy":"product_cat","embeddable":true,"href":"https:\/\/kortleksbolaget.se\/da\/wp-json\/wp\/v2\/product_cat?post=104004"},{"taxonomy":"product_tag","embeddable":true,"href":"https:\/\/kortleksbolaget.se\/da\/wp-json\/wp\/v2\/product_tag?post=104004"}],"curies":[{"name":"wp","href":"https:\/\/api.w.org\/{rel}","templated":true}]}}