{"id":107896,"date":"2022-12-09T12:35:56","date_gmt":"2022-12-09T11:35:56","guid":{"rendered":"https:\/\/kortleksbolaget.se\/produkt\/smokers-marked-by-bill-davis\/"},"modified":"2022-12-09T12:35:56","modified_gmt":"2022-12-09T11:35:56","slug":"smokers-marked-by-bill-davis","status":"publish","type":"product","link":"https:\/\/kortleksbolaget.se\/da\/produkt\/smokers-marked-by-bill-davis\/","title":{"rendered":"Smokers Marked by Bill Davis"},"content":{"rendered":"","protected":false},"excerpt":{"rendered":"<div id=\"tw-target-text-container\" class=\"tw-ta-container F0azHf tw-nfl\" tabindex=\"0\">\n<p class=\"tw-data-text tw-text-large tw-ta\" dir=\"ltr\" data-placeholder=\"\u00d6vers\u00e4ttning\"><span class=\"Y2IQFc\" lang=\"sv\">Nothing more closely resembles a deck of playing cards than a pack of cigarettes in terms of size and shape. <b>SMOKERS Playing Cards<\/b> were designed to perfect that image, both proportionately, structurally, and aesthetically, in the most classic sense! They are not at all meant to support cigarette smoking but designed as a tribute to that time-honored look while encouraging healthier activity such as playing card usage. <b>SMOKERS<\/b> are not only a true conversation piece but a gateway to a world of fun and multitude of magical possibility.<\/p>\n<p><b>What kind of deck is this?<\/b><\/p>\n<p>This is a high-quality standard poker-size deck of playing cards manufactured by the Hanson Chien Production Company (HCPC), printed on their air cushioned Classic stock with Legendary coating (comparable to USPCC&#8217;s classic stock and finish).<\/p>\n<p><b>What do they feature?<\/b><\/p>\n<p><b>SMOKERS<\/b> feature a whopping 58 cards housed in an authentic cigarette box-style tuck, with a custom inner white layer just like a box of cigarettes, and come wrapped in cellophane with a gold tear stripe for that traditional pack of smokes and playing cards look! They are great for general card game players and have a colorful back design that makes them beautiful for cardists and flourishers.<\/p>\n<p><b>SMOKERS<\/b> are also CHOCK-FULL of other cool features including:<\/span><\/p>\n<ul>\n<li>FULLY MARKED BACKS on all 52 value cards as well as for the ad card and both Jokers<\/li>\n<li>Inconspicuous one-way back design<\/li>\n<li>Traditional thick-bordered backs<\/li>\n<li>Faces recolored to match the tuck<\/li>\n<li>Custom court faces (identified on cover card face with explanation of marking system\/reveals)<\/li>\n<li>8 reveals (5 on card faces and 3 on the tuck including a multi-card reveal)<\/li>\n<li>Custom Ace of Spades<\/li>\n<li>Custom ad card (with reveal)<\/li>\n<li>Matching custom Jokers (one with cigarette and reveal)<\/li>\n<li>Cover card to make the deck look like a full cigarette pack upon opening it<\/li>\n<li>Red\/menthol double backer<\/li>\n<li>Angle Z gaff card<\/li>\n<\/ul>\n<p id=\"tw-target-text\" class=\"tw-data-text tw-text-large tw-ta\" dir=\"ltr\" data-placeholder=\"\u00d6vers\u00e4ttning\"><span class=\"Y2IQFc\" lang=\"sv\">\u00a0<\/span><\/p>\n<\/div>\n<p> [&#8230;]<\/p>\n<p><a class=\"btn btn-secondary understrap-read-more-link\" href=\"https:\/\/kortleksbolaget.se\/da\/produkt\/smokers-marked-by-bill-davis\/\">L\u00e6s mere&#8230;<span class=\"screen-reader-text\"> from Smokers Marked by Bill Davis<\/span><\/a><\/p>\n","protected":false},"featured_media":107885,"template":"","meta":{"_acf_changed":false},"product_brand":[],"product_cat":[231,225],"product_tag":[],"class_list":{"0":"post-107896","1":"product","2":"type-product","3":"status-publish","4":"has-post-thumbnail","6":"product_cat-special-luksus-limited-da","7":"product_cat-magisk-da","9":"first","10":"instock","11":"taxable","12":"shipping-taxable","13":"purchasable","14":"product-type-simple"},"acf":[],"yoast_head":"<!-- This site is optimized with the Yoast SEO plugin v26.3 - https:\/\/yoast.com\/wordpress\/plugins\/seo\/ -->\n<title>Kortlek Smokers Marked by Bill Davis | Kortleksbolaget<\/title>\n<meta name=\"description\" content=\"K\u00f6p Smokers Marked by Bill Davis. Snabba leveranser &amp; bra priser. Sveriges st\u00f6rsta sortiment av kortlekar p\u00e5 Kortleksbolaget!\" \/>\n<meta name=\"robots\" content=\"index, follow, max-snippet:-1, max-image-preview:large, max-video-preview:-1\" \/>\n<link rel=\"canonical\" href=\"https:\/\/kortleksbolaget.se\/da\/produkt\/smokers-marked-by-bill-davis\/\" \/>\n<meta property=\"og:locale\" content=\"da_DK\" \/>\n<meta property=\"og:type\" content=\"article\" \/>\n<meta property=\"og:title\" content=\"Kortlek Smokers Marked by Bill Davis | Kortleksbolaget\" \/>\n<meta property=\"og:description\" content=\"K\u00f6p Smokers Marked by Bill Davis. Snabba leveranser &amp; bra priser. Sveriges st\u00f6rsta sortiment av kortlekar p\u00e5 Kortleksbolaget!\" \/>\n<meta property=\"og:url\" content=\"https:\/\/kortleksbolaget.se\/da\/produkt\/smokers-marked-by-bill-davis\/\" \/>\n<meta property=\"og:site_name\" content=\"Kortleksbolaget\" \/>\n<meta property=\"og:image\" content=\"https:\/\/kortleksbolaget.se\/wp-content\/uploads\/smokers-playing-cards-1.jpg\" \/>\n\t<meta property=\"og:image:width\" content=\"497\" \/>\n\t<meta property=\"og:image:height\" content=\"745\" \/>\n\t<meta property=\"og:image:type\" content=\"image\/jpeg\" \/>\n<meta name=\"twitter:card\" content=\"summary_large_image\" \/>\n<script type=\"application\/ld+json\" class=\"yoast-schema-graph\">{\"@context\":\"https:\/\/schema.org\",\"@graph\":[{\"@type\":\"WebPage\",\"@id\":\"https:\/\/kortleksbolaget.se\/da\/produkt\/smokers-marked-by-bill-davis\/\",\"url\":\"https:\/\/kortleksbolaget.se\/da\/produkt\/smokers-marked-by-bill-davis\/\",\"name\":\"Kortlek Smokers Marked by Bill Davis | Kortleksbolaget\",\"isPartOf\":{\"@id\":\"https:\/\/kortleksbolaget.se\/da\/#website\"},\"primaryImageOfPage\":{\"@id\":\"https:\/\/kortleksbolaget.se\/da\/produkt\/smokers-marked-by-bill-davis\/#primaryimage\"},\"image\":{\"@id\":\"https:\/\/kortleksbolaget.se\/da\/produkt\/smokers-marked-by-bill-davis\/#primaryimage\"},\"thumbnailUrl\":\"https:\/\/kortleksbolaget.se\/wp-content\/uploads\/smokers-playing-cards-1.jpg\",\"datePublished\":\"2022-12-09T11:35:56+00:00\",\"description\":\"K\u00f6p Smokers Marked by Bill Davis. Snabba leveranser & bra priser. Sveriges st\u00f6rsta sortiment av kortlekar p\u00e5 Kortleksbolaget!\",\"breadcrumb\":{\"@id\":\"https:\/\/kortleksbolaget.se\/da\/produkt\/smokers-marked-by-bill-davis\/#breadcrumb\"},\"inLanguage\":\"da-DK\",\"potentialAction\":[{\"@type\":\"ReadAction\",\"target\":[\"https:\/\/kortleksbolaget.se\/da\/produkt\/smokers-marked-by-bill-davis\/\"]}]},{\"@type\":\"ImageObject\",\"inLanguage\":\"da-DK\",\"@id\":\"https:\/\/kortleksbolaget.se\/da\/produkt\/smokers-marked-by-bill-davis\/#primaryimage\",\"url\":\"https:\/\/kortleksbolaget.se\/wp-content\/uploads\/smokers-playing-cards-1.jpg\",\"contentUrl\":\"https:\/\/kortleksbolaget.se\/wp-content\/uploads\/smokers-playing-cards-1.jpg\",\"width\":497,\"height\":745},{\"@type\":\"BreadcrumbList\",\"@id\":\"https:\/\/kortleksbolaget.se\/da\/produkt\/smokers-marked-by-bill-davis\/#breadcrumb\",\"itemListElement\":[{\"@type\":\"ListItem\",\"position\":1,\"name\":\"Hem\",\"item\":\"https:\/\/kortleksbolaget.se\/da\/\"},{\"@type\":\"ListItem\",\"position\":2,\"name\":\"Shop\",\"item\":\"https:\/\/kortleksbolaget.se\/da\/shop-2\/\"},{\"@type\":\"ListItem\",\"position\":3,\"name\":\"Smokers Marked by Bill Davis\"}]},{\"@type\":\"WebSite\",\"@id\":\"https:\/\/kortleksbolaget.se\/da\/#website\",\"url\":\"https:\/\/kortleksbolaget.se\/da\/\",\"name\":\"Kortleksbolaget\",\"description\":\"Kortlekar p\u00e5 n\u00e4tet\",\"publisher\":{\"@id\":\"https:\/\/kortleksbolaget.se\/da\/#organization\"},\"potentialAction\":[{\"@type\":\"SearchAction\",\"target\":{\"@type\":\"EntryPoint\",\"urlTemplate\":\"https:\/\/kortleksbolaget.se\/da\/?s={search_term_string}\"},\"query-input\":{\"@type\":\"PropertyValueSpecification\",\"valueRequired\":true,\"valueName\":\"search_term_string\"}}],\"inLanguage\":\"da-DK\"},{\"@type\":\"Organization\",\"@id\":\"https:\/\/kortleksbolaget.se\/da\/#organization\",\"name\":\"Kortleksbolaget\",\"url\":\"https:\/\/kortleksbolaget.se\/da\/\",\"logo\":{\"@type\":\"ImageObject\",\"inLanguage\":\"da-DK\",\"@id\":\"https:\/\/kortleksbolaget.se\/da\/#\/schema\/logo\/image\/\",\"url\":\"https:\/\/kortleksbolaget.se\/wp-content\/uploads\/kortleksbolaget_logo-svart.png\",\"contentUrl\":\"https:\/\/kortleksbolaget.se\/wp-content\/uploads\/kortleksbolaget_logo-svart.png\",\"width\":1200,\"height\":296,\"caption\":\"Kortleksbolaget\"},\"image\":{\"@id\":\"https:\/\/kortleksbolaget.se\/da\/#\/schema\/logo\/image\/\"}}]}<\/script>\n<!-- \/ Yoast SEO plugin. -->","yoast_head_json":{"title":"Kortlek Smokers Marked by Bill Davis | Kortleksbolaget","description":"K\u00f6p Smokers Marked by Bill Davis. Snabba leveranser & bra priser. Sveriges st\u00f6rsta sortiment av kortlekar p\u00e5 Kortleksbolaget!","robots":{"index":"index","follow":"follow","max-snippet":"max-snippet:-1","max-image-preview":"max-image-preview:large","max-video-preview":"max-video-preview:-1"},"canonical":"https:\/\/kortleksbolaget.se\/da\/produkt\/smokers-marked-by-bill-davis\/","og_locale":"da_DK","og_type":"article","og_title":"Kortlek Smokers Marked by Bill Davis | Kortleksbolaget","og_description":"K\u00f6p Smokers Marked by Bill Davis. Snabba leveranser & bra priser. Sveriges st\u00f6rsta sortiment av kortlekar p\u00e5 Kortleksbolaget!","og_url":"https:\/\/kortleksbolaget.se\/da\/produkt\/smokers-marked-by-bill-davis\/","og_site_name":"Kortleksbolaget","og_image":[{"width":497,"height":745,"url":"https:\/\/kortleksbolaget.se\/wp-content\/uploads\/smokers-playing-cards-1.jpg","type":"image\/jpeg"}],"twitter_card":"summary_large_image","schema":{"@context":"https:\/\/schema.org","@graph":[{"@type":"WebPage","@id":"https:\/\/kortleksbolaget.se\/da\/produkt\/smokers-marked-by-bill-davis\/","url":"https:\/\/kortleksbolaget.se\/da\/produkt\/smokers-marked-by-bill-davis\/","name":"Kortlek Smokers Marked by Bill Davis | Kortleksbolaget","isPartOf":{"@id":"https:\/\/kortleksbolaget.se\/da\/#website"},"primaryImageOfPage":{"@id":"https:\/\/kortleksbolaget.se\/da\/produkt\/smokers-marked-by-bill-davis\/#primaryimage"},"image":{"@id":"https:\/\/kortleksbolaget.se\/da\/produkt\/smokers-marked-by-bill-davis\/#primaryimage"},"thumbnailUrl":"https:\/\/kortleksbolaget.se\/wp-content\/uploads\/smokers-playing-cards-1.jpg","datePublished":"2022-12-09T11:35:56+00:00","description":"K\u00f6p Smokers Marked by Bill Davis. Snabba leveranser & bra priser. Sveriges st\u00f6rsta sortiment av kortlekar p\u00e5 Kortleksbolaget!","breadcrumb":{"@id":"https:\/\/kortleksbolaget.se\/da\/produkt\/smokers-marked-by-bill-davis\/#breadcrumb"},"inLanguage":"da-DK","potentialAction":[{"@type":"ReadAction","target":["https:\/\/kortleksbolaget.se\/da\/produkt\/smokers-marked-by-bill-davis\/"]}]},{"@type":"ImageObject","inLanguage":"da-DK","@id":"https:\/\/kortleksbolaget.se\/da\/produkt\/smokers-marked-by-bill-davis\/#primaryimage","url":"https:\/\/kortleksbolaget.se\/wp-content\/uploads\/smokers-playing-cards-1.jpg","contentUrl":"https:\/\/kortleksbolaget.se\/wp-content\/uploads\/smokers-playing-cards-1.jpg","width":497,"height":745},{"@type":"BreadcrumbList","@id":"https:\/\/kortleksbolaget.se\/da\/produkt\/smokers-marked-by-bill-davis\/#breadcrumb","itemListElement":[{"@type":"ListItem","position":1,"name":"Hem","item":"https:\/\/kortleksbolaget.se\/da\/"},{"@type":"ListItem","position":2,"name":"Shop","item":"https:\/\/kortleksbolaget.se\/da\/shop-2\/"},{"@type":"ListItem","position":3,"name":"Smokers Marked by Bill Davis"}]},{"@type":"WebSite","@id":"https:\/\/kortleksbolaget.se\/da\/#website","url":"https:\/\/kortleksbolaget.se\/da\/","name":"Kortleksbolaget","description":"Kortlekar p\u00e5 n\u00e4tet","publisher":{"@id":"https:\/\/kortleksbolaget.se\/da\/#organization"},"potentialAction":[{"@type":"SearchAction","target":{"@type":"EntryPoint","urlTemplate":"https:\/\/kortleksbolaget.se\/da\/?s={search_term_string}"},"query-input":{"@type":"PropertyValueSpecification","valueRequired":true,"valueName":"search_term_string"}}],"inLanguage":"da-DK"},{"@type":"Organization","@id":"https:\/\/kortleksbolaget.se\/da\/#organization","name":"Kortleksbolaget","url":"https:\/\/kortleksbolaget.se\/da\/","logo":{"@type":"ImageObject","inLanguage":"da-DK","@id":"https:\/\/kortleksbolaget.se\/da\/#\/schema\/logo\/image\/","url":"https:\/\/kortleksbolaget.se\/wp-content\/uploads\/kortleksbolaget_logo-svart.png","contentUrl":"https:\/\/kortleksbolaget.se\/wp-content\/uploads\/kortleksbolaget_logo-svart.png","width":1200,"height":296,"caption":"Kortleksbolaget"},"image":{"@id":"https:\/\/kortleksbolaget.se\/da\/#\/schema\/logo\/image\/"}}]}},"_links":{"self":[{"href":"https:\/\/kortleksbolaget.se\/da\/wp-json\/wp\/v2\/product\/107896","targetHints":{"allow":["GET"]}}],"collection":[{"href":"https:\/\/kortleksbolaget.se\/da\/wp-json\/wp\/v2\/product"}],"about":[{"href":"https:\/\/kortleksbolaget.se\/da\/wp-json\/wp\/v2\/types\/product"}],"wp:featuredmedia":[{"embeddable":true,"href":"https:\/\/kortleksbolaget.se\/da\/wp-json\/wp\/v2\/media\/107885"}],"wp:attachment":[{"href":"https:\/\/kortleksbolaget.se\/da\/wp-json\/wp\/v2\/media?parent=107896"}],"wp:term":[{"taxonomy":"product_brand","embeddable":true,"href":"https:\/\/kortleksbolaget.se\/da\/wp-json\/wp\/v2\/product_brand?post=107896"},{"taxonomy":"product_cat","embeddable":true,"href":"https:\/\/kortleksbolaget.se\/da\/wp-json\/wp\/v2\/product_cat?post=107896"},{"taxonomy":"product_tag","embeddable":true,"href":"https:\/\/kortleksbolaget.se\/da\/wp-json\/wp\/v2\/product_tag?post=107896"}],"curies":[{"name":"wp","href":"https:\/\/api.w.org\/{rel}","templated":true}]}}