{"id":113523,"date":"2023-01-26T22:30:51","date_gmt":"2023-01-26T21:30:51","guid":{"rendered":"https:\/\/kortleksbolaget.se\/produkt\/delands-donut-shop-marked-limited-edition\/"},"modified":"2023-01-26T22:30:51","modified_gmt":"2023-01-26T21:30:51","slug":"delands-donut-shop-marked-limited-edition","status":"publish","type":"product","link":"https:\/\/kortleksbolaget.se\/da\/produkt\/delands-donut-shop-marked-limited-edition\/","title":{"rendered":"DeLand&#8217;s Donut Shop Marked Limited Edition"},"content":{"rendered":"","protected":false},"excerpt":{"rendered":"<div id=\"tw-target-text-container\" class=\"tw-ta-container F0azHf tw-nfl\" tabindex=\"0\">\n<p class=\"tw-data-text tw-text-large tw-ta\" dir=\"ltr\" data-placeholder=\"\u00d6vers\u00e4ttning\"><span class=\"Y2IQFc\" lang=\"sv\"><b>DeLand&#8217;s Donut Shop Playing Cards<\/b> look like a souvenir deck from your favorite mom &amp; pop bakery, but they hide some diabolical secrets within!<\/p>\n<p>Inspired by the genius work of Theodore DeLand from over a century ago, Kevin Reylek &amp; Phill Smith have created a fun marked deck that is not only easy to learn, but easy to perform with.<\/p>\n<p>The deck features fully custom artwork from top to bottom. The bright pink tuck box opens sideways, just like a real donut box.<\/p>\n<p>The card backs have a full-bleed borderless design, covered in dozens of appetizing donuts. Utilizing a clock-style bite system along with color-coded icing, you&#8217;ll be able to discern both the suit &amp; value of any card in the deck just by glancing at the back. Because of the size of the marks and the color-based suit system, the deck can be read from quite a reasonable distance!<\/p>\n<p>What about the riffle test? Phill &amp; Kevin actually created the deck so that every donut on each card back changes. When you riffle through the cards like a flipbook, everything changes &#8211; making it impossible for an audience to discover the system.<\/p>\n<p>An instruction card is included so you can learn the markings right away.<\/p>\n<p>There are also one-way markings on both the backs and the faces, empowering you to perform some diabolical effects.<\/p>\n<p>The faces feature a bright pink &amp; chocolate brown color scheme, with sprinkles on the number cards. The court cards have been customized as bakery employees, ready for service. Two identical jokers with a donut mascot are included, as well as a double-backed gaff card for magic tricks.<\/p>\n<p>Of course, the cards handle like a dream. Printed using Penguin Magic&#8217;s exclusive UltraLux\u2122 finish and AquaFlow\u2122 coating, these traditionally-cut cards come out of the box ready for all of the tricks &amp; flourishes in your arsenal.<\/p>\n<p>The whole package is topped off with a custom sticker seal, individually numbered out of 3,000.<\/span><\/p>\n<ul>\n<li>Limited print run of 3,000 decks<\/li>\n<li>Concept &amp; art direction by Kevin Reylek<\/li>\n<li>Design by Phill Smith<\/li>\n<li>Fully custom artwork<\/li>\n<li>Fully marked backs with clock-style values and color-coded suits<\/li>\n<li>One-way backs &amp; faces for magic tricks<\/li>\n<li>Includes 2 identical Jokers<\/li>\n<li>Instruction card included<\/li>\n<li>Double-backer gaff included<\/li>\n<li>Printed with UltraLux\u2122 Finish &amp; AquaFlow\u2122 coating<\/li>\n<li>Traditionally cut<\/li>\n<li>Sideways-opening tuck box with inside &amp; outside printing<\/li>\n<li>Individually-numbered custom sticker seals<\/li>\n<\/ul>\n<p id=\"tw-target-text\" class=\"tw-data-text tw-text-large tw-ta\" dir=\"ltr\" data-placeholder=\"\u00d6vers\u00e4ttning\"><span class=\"Y2IQFc\" lang=\"sv\">\u00a0<\/span><\/p>\n<\/div>\n<p> [&#8230;]<\/p>\n<p><a class=\"btn btn-secondary understrap-read-more-link\" href=\"https:\/\/kortleksbolaget.se\/da\/produkt\/delands-donut-shop-marked-limited-edition\/\">L\u00e6s mere&#8230;<span class=\"screen-reader-text\"> from DeLand&#8217;s Donut Shop Marked Limited Edition<\/span><\/a><\/p>\n","protected":false},"featured_media":113505,"template":"","meta":{"_acf_changed":false},"product_brand":[],"product_cat":[231],"product_tag":[],"class_list":{"0":"post-113523","1":"product","2":"type-product","3":"status-publish","4":"has-post-thumbnail","6":"product_cat-special-luksus-limited-da","8":"first","9":"outofstock","10":"taxable","11":"shipping-taxable","12":"purchasable","13":"product-type-simple"},"acf":[],"yoast_head":"<!-- This site is optimized with the Yoast SEO plugin v26.3 - https:\/\/yoast.com\/wordpress\/plugins\/seo\/ -->\n<title>Kortlek DeLand&#039;s Donut Shop Marked Limited Edition | Kortleksbolaget<\/title>\n<meta name=\"description\" content=\"K\u00f6p DeLand&#039;s Donut Shop Marked Limited Edition. Snabba leveranser &amp; bra priser. Sveriges st\u00f6rsta sortiment av kortlekar p\u00e5 Kortleksbolaget!\" \/>\n<meta name=\"robots\" content=\"index, follow, max-snippet:-1, max-image-preview:large, max-video-preview:-1\" \/>\n<link rel=\"canonical\" href=\"https:\/\/kortleksbolaget.se\/da\/produkt\/delands-donut-shop-marked-limited-edition\/\" \/>\n<meta property=\"og:locale\" content=\"da_DK\" \/>\n<meta property=\"og:type\" content=\"article\" \/>\n<meta property=\"og:title\" content=\"Kortlek DeLand&#039;s Donut Shop Marked Limited Edition | Kortleksbolaget\" \/>\n<meta property=\"og:description\" content=\"K\u00f6p DeLand&#039;s Donut Shop Marked Limited Edition. Snabba leveranser &amp; bra priser. Sveriges st\u00f6rsta sortiment av kortlekar p\u00e5 Kortleksbolaget!\" \/>\n<meta property=\"og:url\" content=\"https:\/\/kortleksbolaget.se\/da\/produkt\/delands-donut-shop-marked-limited-edition\/\" \/>\n<meta property=\"og:site_name\" content=\"Kortleksbolaget\" \/>\n<meta property=\"og:image\" content=\"https:\/\/kortleksbolaget.se\/wp-content\/uploads\/donut-shop-playing-cards-2.jpg\" \/>\n\t<meta property=\"og:image:width\" content=\"513\" \/>\n\t<meta property=\"og:image:height\" content=\"770\" \/>\n\t<meta property=\"og:image:type\" content=\"image\/jpeg\" \/>\n<meta name=\"twitter:card\" content=\"summary_large_image\" \/>\n<script type=\"application\/ld+json\" class=\"yoast-schema-graph\">{\"@context\":\"https:\/\/schema.org\",\"@graph\":[{\"@type\":\"WebPage\",\"@id\":\"https:\/\/kortleksbolaget.se\/da\/produkt\/delands-donut-shop-marked-limited-edition\/\",\"url\":\"https:\/\/kortleksbolaget.se\/da\/produkt\/delands-donut-shop-marked-limited-edition\/\",\"name\":\"Kortlek DeLand's Donut Shop Marked Limited Edition | Kortleksbolaget\",\"isPartOf\":{\"@id\":\"https:\/\/kortleksbolaget.se\/da\/#website\"},\"primaryImageOfPage\":{\"@id\":\"https:\/\/kortleksbolaget.se\/da\/produkt\/delands-donut-shop-marked-limited-edition\/#primaryimage\"},\"image\":{\"@id\":\"https:\/\/kortleksbolaget.se\/da\/produkt\/delands-donut-shop-marked-limited-edition\/#primaryimage\"},\"thumbnailUrl\":\"https:\/\/kortleksbolaget.se\/wp-content\/uploads\/donut-shop-playing-cards-2.jpg\",\"datePublished\":\"2023-01-26T21:30:51+00:00\",\"description\":\"K\u00f6p DeLand's Donut Shop Marked Limited Edition. Snabba leveranser & bra priser. Sveriges st\u00f6rsta sortiment av kortlekar p\u00e5 Kortleksbolaget!\",\"breadcrumb\":{\"@id\":\"https:\/\/kortleksbolaget.se\/da\/produkt\/delands-donut-shop-marked-limited-edition\/#breadcrumb\"},\"inLanguage\":\"da-DK\",\"potentialAction\":[{\"@type\":\"ReadAction\",\"target\":[\"https:\/\/kortleksbolaget.se\/da\/produkt\/delands-donut-shop-marked-limited-edition\/\"]}]},{\"@type\":\"ImageObject\",\"inLanguage\":\"da-DK\",\"@id\":\"https:\/\/kortleksbolaget.se\/da\/produkt\/delands-donut-shop-marked-limited-edition\/#primaryimage\",\"url\":\"https:\/\/kortleksbolaget.se\/wp-content\/uploads\/donut-shop-playing-cards-2.jpg\",\"contentUrl\":\"https:\/\/kortleksbolaget.se\/wp-content\/uploads\/donut-shop-playing-cards-2.jpg\",\"width\":513,\"height\":770},{\"@type\":\"BreadcrumbList\",\"@id\":\"https:\/\/kortleksbolaget.se\/da\/produkt\/delands-donut-shop-marked-limited-edition\/#breadcrumb\",\"itemListElement\":[{\"@type\":\"ListItem\",\"position\":1,\"name\":\"Hem\",\"item\":\"https:\/\/kortleksbolaget.se\/da\/\"},{\"@type\":\"ListItem\",\"position\":2,\"name\":\"Shop\",\"item\":\"https:\/\/kortleksbolaget.se\/da\/shop-2\/\"},{\"@type\":\"ListItem\",\"position\":3,\"name\":\"DeLand&#8217;s Donut Shop Marked Limited Edition\"}]},{\"@type\":\"WebSite\",\"@id\":\"https:\/\/kortleksbolaget.se\/da\/#website\",\"url\":\"https:\/\/kortleksbolaget.se\/da\/\",\"name\":\"Kortleksbolaget\",\"description\":\"Kortlekar p\u00e5 n\u00e4tet\",\"publisher\":{\"@id\":\"https:\/\/kortleksbolaget.se\/da\/#organization\"},\"potentialAction\":[{\"@type\":\"SearchAction\",\"target\":{\"@type\":\"EntryPoint\",\"urlTemplate\":\"https:\/\/kortleksbolaget.se\/da\/?s={search_term_string}\"},\"query-input\":{\"@type\":\"PropertyValueSpecification\",\"valueRequired\":true,\"valueName\":\"search_term_string\"}}],\"inLanguage\":\"da-DK\"},{\"@type\":\"Organization\",\"@id\":\"https:\/\/kortleksbolaget.se\/da\/#organization\",\"name\":\"Kortleksbolaget\",\"url\":\"https:\/\/kortleksbolaget.se\/da\/\",\"logo\":{\"@type\":\"ImageObject\",\"inLanguage\":\"da-DK\",\"@id\":\"https:\/\/kortleksbolaget.se\/da\/#\/schema\/logo\/image\/\",\"url\":\"https:\/\/kortleksbolaget.se\/wp-content\/uploads\/kortleksbolaget_logo-svart.png\",\"contentUrl\":\"https:\/\/kortleksbolaget.se\/wp-content\/uploads\/kortleksbolaget_logo-svart.png\",\"width\":1200,\"height\":296,\"caption\":\"Kortleksbolaget\"},\"image\":{\"@id\":\"https:\/\/kortleksbolaget.se\/da\/#\/schema\/logo\/image\/\"}}]}<\/script>\n<!-- \/ Yoast SEO plugin. -->","yoast_head_json":{"title":"Kortlek DeLand's Donut Shop Marked Limited Edition | Kortleksbolaget","description":"K\u00f6p DeLand's Donut Shop Marked Limited Edition. Snabba leveranser & bra priser. Sveriges st\u00f6rsta sortiment av kortlekar p\u00e5 Kortleksbolaget!","robots":{"index":"index","follow":"follow","max-snippet":"max-snippet:-1","max-image-preview":"max-image-preview:large","max-video-preview":"max-video-preview:-1"},"canonical":"https:\/\/kortleksbolaget.se\/da\/produkt\/delands-donut-shop-marked-limited-edition\/","og_locale":"da_DK","og_type":"article","og_title":"Kortlek DeLand's Donut Shop Marked Limited Edition | Kortleksbolaget","og_description":"K\u00f6p DeLand's Donut Shop Marked Limited Edition. Snabba leveranser & bra priser. Sveriges st\u00f6rsta sortiment av kortlekar p\u00e5 Kortleksbolaget!","og_url":"https:\/\/kortleksbolaget.se\/da\/produkt\/delands-donut-shop-marked-limited-edition\/","og_site_name":"Kortleksbolaget","og_image":[{"width":513,"height":770,"url":"https:\/\/kortleksbolaget.se\/wp-content\/uploads\/donut-shop-playing-cards-2.jpg","type":"image\/jpeg"}],"twitter_card":"summary_large_image","schema":{"@context":"https:\/\/schema.org","@graph":[{"@type":"WebPage","@id":"https:\/\/kortleksbolaget.se\/da\/produkt\/delands-donut-shop-marked-limited-edition\/","url":"https:\/\/kortleksbolaget.se\/da\/produkt\/delands-donut-shop-marked-limited-edition\/","name":"Kortlek DeLand's Donut Shop Marked Limited Edition | Kortleksbolaget","isPartOf":{"@id":"https:\/\/kortleksbolaget.se\/da\/#website"},"primaryImageOfPage":{"@id":"https:\/\/kortleksbolaget.se\/da\/produkt\/delands-donut-shop-marked-limited-edition\/#primaryimage"},"image":{"@id":"https:\/\/kortleksbolaget.se\/da\/produkt\/delands-donut-shop-marked-limited-edition\/#primaryimage"},"thumbnailUrl":"https:\/\/kortleksbolaget.se\/wp-content\/uploads\/donut-shop-playing-cards-2.jpg","datePublished":"2023-01-26T21:30:51+00:00","description":"K\u00f6p DeLand's Donut Shop Marked Limited Edition. Snabba leveranser & bra priser. Sveriges st\u00f6rsta sortiment av kortlekar p\u00e5 Kortleksbolaget!","breadcrumb":{"@id":"https:\/\/kortleksbolaget.se\/da\/produkt\/delands-donut-shop-marked-limited-edition\/#breadcrumb"},"inLanguage":"da-DK","potentialAction":[{"@type":"ReadAction","target":["https:\/\/kortleksbolaget.se\/da\/produkt\/delands-donut-shop-marked-limited-edition\/"]}]},{"@type":"ImageObject","inLanguage":"da-DK","@id":"https:\/\/kortleksbolaget.se\/da\/produkt\/delands-donut-shop-marked-limited-edition\/#primaryimage","url":"https:\/\/kortleksbolaget.se\/wp-content\/uploads\/donut-shop-playing-cards-2.jpg","contentUrl":"https:\/\/kortleksbolaget.se\/wp-content\/uploads\/donut-shop-playing-cards-2.jpg","width":513,"height":770},{"@type":"BreadcrumbList","@id":"https:\/\/kortleksbolaget.se\/da\/produkt\/delands-donut-shop-marked-limited-edition\/#breadcrumb","itemListElement":[{"@type":"ListItem","position":1,"name":"Hem","item":"https:\/\/kortleksbolaget.se\/da\/"},{"@type":"ListItem","position":2,"name":"Shop","item":"https:\/\/kortleksbolaget.se\/da\/shop-2\/"},{"@type":"ListItem","position":3,"name":"DeLand&#8217;s Donut Shop Marked Limited Edition"}]},{"@type":"WebSite","@id":"https:\/\/kortleksbolaget.se\/da\/#website","url":"https:\/\/kortleksbolaget.se\/da\/","name":"Kortleksbolaget","description":"Kortlekar p\u00e5 n\u00e4tet","publisher":{"@id":"https:\/\/kortleksbolaget.se\/da\/#organization"},"potentialAction":[{"@type":"SearchAction","target":{"@type":"EntryPoint","urlTemplate":"https:\/\/kortleksbolaget.se\/da\/?s={search_term_string}"},"query-input":{"@type":"PropertyValueSpecification","valueRequired":true,"valueName":"search_term_string"}}],"inLanguage":"da-DK"},{"@type":"Organization","@id":"https:\/\/kortleksbolaget.se\/da\/#organization","name":"Kortleksbolaget","url":"https:\/\/kortleksbolaget.se\/da\/","logo":{"@type":"ImageObject","inLanguage":"da-DK","@id":"https:\/\/kortleksbolaget.se\/da\/#\/schema\/logo\/image\/","url":"https:\/\/kortleksbolaget.se\/wp-content\/uploads\/kortleksbolaget_logo-svart.png","contentUrl":"https:\/\/kortleksbolaget.se\/wp-content\/uploads\/kortleksbolaget_logo-svart.png","width":1200,"height":296,"caption":"Kortleksbolaget"},"image":{"@id":"https:\/\/kortleksbolaget.se\/da\/#\/schema\/logo\/image\/"}}]}},"_links":{"self":[{"href":"https:\/\/kortleksbolaget.se\/da\/wp-json\/wp\/v2\/product\/113523","targetHints":{"allow":["GET"]}}],"collection":[{"href":"https:\/\/kortleksbolaget.se\/da\/wp-json\/wp\/v2\/product"}],"about":[{"href":"https:\/\/kortleksbolaget.se\/da\/wp-json\/wp\/v2\/types\/product"}],"wp:featuredmedia":[{"embeddable":true,"href":"https:\/\/kortleksbolaget.se\/da\/wp-json\/wp\/v2\/media\/113505"}],"wp:attachment":[{"href":"https:\/\/kortleksbolaget.se\/da\/wp-json\/wp\/v2\/media?parent=113523"}],"wp:term":[{"taxonomy":"product_brand","embeddable":true,"href":"https:\/\/kortleksbolaget.se\/da\/wp-json\/wp\/v2\/product_brand?post=113523"},{"taxonomy":"product_cat","embeddable":true,"href":"https:\/\/kortleksbolaget.se\/da\/wp-json\/wp\/v2\/product_cat?post=113523"},{"taxonomy":"product_tag","embeddable":true,"href":"https:\/\/kortleksbolaget.se\/da\/wp-json\/wp\/v2\/product_tag?post=113523"}],"curies":[{"name":"wp","href":"https:\/\/api.w.org\/{rel}","templated":true}]}}