{"id":132736,"date":"2023-08-22T12:39:37","date_gmt":"2023-08-22T10:39:37","guid":{"rendered":"https:\/\/kortleksbolaget.se\/produkt\/cherry-casino-v1\/"},"modified":"2023-08-22T12:39:37","modified_gmt":"2023-08-22T10:39:37","slug":"cherry-casino-v1","status":"publish","type":"product","link":"https:\/\/kortleksbolaget.se\/da\/produkt\/cherry-casino-v1\/","title":{"rendered":"Cherry Casino V1"},"content":{"rendered":"","protected":false},"excerpt":{"rendered":"<div id=\"tw-target-text-container\" class=\"tw-ta-container F0azHf tw-nfl\" tabindex=\"0\">\n<p id=\"tw-target-text\" class=\"tw-data-text tw-text-large tw-ta\" dir=\"ltr\" data-placeholder=\"\u00d6vers\u00e4ttning\"><span class=\"Y2IQFc\" lang=\"en\">ULTRA RARE! Cherry Casino V1! First edition of Cherry Casino! It is rare to see these for sale. At the time of writing, there is only one copy at ebay for 300\u20ac plus duty and shipping from Japan. I have set the price of this copy at 200\u20ac because it has some marks at the box, which is of minor importance as this is a vintage deck and is also extremely difficult to get. See pictures below. Email or call if you have questions about this deck.<\/span><\/p>\n<\/div>\n<div id=\"tw-target-rmn-container\" class=\"tw-target-rmn tw-ta-container F0azHf tw-nfl\">\n<pre id=\"tw-target-rmn\" class=\"tw-data-placeholder tw-text-small tw-ta\" dir=\"ltr\" data-placeholder=\"\"><\/pre>\n<\/div>\n<p> [&#8230;]<\/p>\n<p><a class=\"btn btn-secondary understrap-read-more-link\" href=\"https:\/\/kortleksbolaget.se\/da\/produkt\/cherry-casino-v1\/\">L\u00e6s mere&#8230;<span class=\"screen-reader-text\"> from Cherry Casino V1<\/span><\/a><\/p>\n","protected":false},"featured_media":132720,"template":"","meta":{"_acf_changed":false},"product_brand":[],"product_cat":[231],"product_tag":[],"class_list":{"0":"post-132736","1":"product","2":"type-product","3":"status-publish","4":"has-post-thumbnail","6":"product_cat-special-luksus-limited-da","8":"first","9":"outofstock","10":"taxable","11":"shipping-taxable","12":"purchasable","13":"product-type-simple"},"acf":[],"yoast_head":"<!-- This site is optimized with the Yoast SEO plugin v26.3 - https:\/\/yoast.com\/wordpress\/plugins\/seo\/ -->\n<title>Kortlek Cherry Casino V1 | Kortleksbolaget<\/title>\n<meta name=\"description\" content=\"K\u00f6p Cherry Casino V1. Snabba leveranser &amp; bra priser. Sveriges st\u00f6rsta sortiment av kortlekar p\u00e5 Kortleksbolaget!\" \/>\n<meta name=\"robots\" content=\"index, follow, max-snippet:-1, max-image-preview:large, max-video-preview:-1\" \/>\n<link rel=\"canonical\" href=\"https:\/\/kortleksbolaget.se\/da\/produkt\/cherry-casino-v1\/\" \/>\n<meta property=\"og:locale\" content=\"da_DK\" \/>\n<meta property=\"og:type\" content=\"article\" \/>\n<meta property=\"og:title\" content=\"Kortlek Cherry Casino V1 | Kortleksbolaget\" \/>\n<meta property=\"og:description\" content=\"K\u00f6p Cherry Casino V1. Snabba leveranser &amp; bra priser. Sveriges st\u00f6rsta sortiment av kortlekar p\u00e5 Kortleksbolaget!\" \/>\n<meta property=\"og:url\" content=\"https:\/\/kortleksbolaget.se\/da\/produkt\/cherry-casino-v1\/\" \/>\n<meta property=\"og:site_name\" content=\"Kortleksbolaget\" \/>\n<meta property=\"og:image\" content=\"https:\/\/kortleksbolaget.se\/wp-content\/uploads\/cherry-casino-v1.jpg\" \/>\n\t<meta property=\"og:image:width\" content=\"543\" \/>\n\t<meta property=\"og:image:height\" content=\"814\" \/>\n\t<meta property=\"og:image:type\" content=\"image\/jpeg\" \/>\n<meta name=\"twitter:card\" content=\"summary_large_image\" \/>\n<script type=\"application\/ld+json\" class=\"yoast-schema-graph\">{\"@context\":\"https:\/\/schema.org\",\"@graph\":[{\"@type\":\"WebPage\",\"@id\":\"https:\/\/kortleksbolaget.se\/da\/produkt\/cherry-casino-v1\/\",\"url\":\"https:\/\/kortleksbolaget.se\/da\/produkt\/cherry-casino-v1\/\",\"name\":\"Kortlek Cherry Casino V1 | Kortleksbolaget\",\"isPartOf\":{\"@id\":\"https:\/\/kortleksbolaget.se\/da\/#website\"},\"primaryImageOfPage\":{\"@id\":\"https:\/\/kortleksbolaget.se\/da\/produkt\/cherry-casino-v1\/#primaryimage\"},\"image\":{\"@id\":\"https:\/\/kortleksbolaget.se\/da\/produkt\/cherry-casino-v1\/#primaryimage\"},\"thumbnailUrl\":\"https:\/\/kortleksbolaget.se\/wp-content\/uploads\/cherry-casino-v1.jpg\",\"datePublished\":\"2023-08-22T10:39:37+00:00\",\"description\":\"K\u00f6p Cherry Casino V1. Snabba leveranser & bra priser. Sveriges st\u00f6rsta sortiment av kortlekar p\u00e5 Kortleksbolaget!\",\"breadcrumb\":{\"@id\":\"https:\/\/kortleksbolaget.se\/da\/produkt\/cherry-casino-v1\/#breadcrumb\"},\"inLanguage\":\"da-DK\",\"potentialAction\":[{\"@type\":\"ReadAction\",\"target\":[\"https:\/\/kortleksbolaget.se\/da\/produkt\/cherry-casino-v1\/\"]}]},{\"@type\":\"ImageObject\",\"inLanguage\":\"da-DK\",\"@id\":\"https:\/\/kortleksbolaget.se\/da\/produkt\/cherry-casino-v1\/#primaryimage\",\"url\":\"https:\/\/kortleksbolaget.se\/wp-content\/uploads\/cherry-casino-v1.jpg\",\"contentUrl\":\"https:\/\/kortleksbolaget.se\/wp-content\/uploads\/cherry-casino-v1.jpg\",\"width\":543,\"height\":814},{\"@type\":\"BreadcrumbList\",\"@id\":\"https:\/\/kortleksbolaget.se\/da\/produkt\/cherry-casino-v1\/#breadcrumb\",\"itemListElement\":[{\"@type\":\"ListItem\",\"position\":1,\"name\":\"Hem\",\"item\":\"https:\/\/kortleksbolaget.se\/da\/\"},{\"@type\":\"ListItem\",\"position\":2,\"name\":\"Shop\",\"item\":\"https:\/\/kortleksbolaget.se\/da\/shop-2\/\"},{\"@type\":\"ListItem\",\"position\":3,\"name\":\"Cherry Casino V1\"}]},{\"@type\":\"WebSite\",\"@id\":\"https:\/\/kortleksbolaget.se\/da\/#website\",\"url\":\"https:\/\/kortleksbolaget.se\/da\/\",\"name\":\"Kortleksbolaget\",\"description\":\"Kortlekar p\u00e5 n\u00e4tet\",\"publisher\":{\"@id\":\"https:\/\/kortleksbolaget.se\/da\/#organization\"},\"potentialAction\":[{\"@type\":\"SearchAction\",\"target\":{\"@type\":\"EntryPoint\",\"urlTemplate\":\"https:\/\/kortleksbolaget.se\/da\/?s={search_term_string}\"},\"query-input\":{\"@type\":\"PropertyValueSpecification\",\"valueRequired\":true,\"valueName\":\"search_term_string\"}}],\"inLanguage\":\"da-DK\"},{\"@type\":\"Organization\",\"@id\":\"https:\/\/kortleksbolaget.se\/da\/#organization\",\"name\":\"Kortleksbolaget\",\"url\":\"https:\/\/kortleksbolaget.se\/da\/\",\"logo\":{\"@type\":\"ImageObject\",\"inLanguage\":\"da-DK\",\"@id\":\"https:\/\/kortleksbolaget.se\/da\/#\/schema\/logo\/image\/\",\"url\":\"https:\/\/kortleksbolaget.se\/wp-content\/uploads\/kortleksbolaget_logo-svart.png\",\"contentUrl\":\"https:\/\/kortleksbolaget.se\/wp-content\/uploads\/kortleksbolaget_logo-svart.png\",\"width\":1200,\"height\":296,\"caption\":\"Kortleksbolaget\"},\"image\":{\"@id\":\"https:\/\/kortleksbolaget.se\/da\/#\/schema\/logo\/image\/\"}}]}<\/script>\n<!-- \/ Yoast SEO plugin. -->","yoast_head_json":{"title":"Kortlek Cherry Casino V1 | Kortleksbolaget","description":"K\u00f6p Cherry Casino V1. Snabba leveranser & bra priser. Sveriges st\u00f6rsta sortiment av kortlekar p\u00e5 Kortleksbolaget!","robots":{"index":"index","follow":"follow","max-snippet":"max-snippet:-1","max-image-preview":"max-image-preview:large","max-video-preview":"max-video-preview:-1"},"canonical":"https:\/\/kortleksbolaget.se\/da\/produkt\/cherry-casino-v1\/","og_locale":"da_DK","og_type":"article","og_title":"Kortlek Cherry Casino V1 | Kortleksbolaget","og_description":"K\u00f6p Cherry Casino V1. Snabba leveranser & bra priser. Sveriges st\u00f6rsta sortiment av kortlekar p\u00e5 Kortleksbolaget!","og_url":"https:\/\/kortleksbolaget.se\/da\/produkt\/cherry-casino-v1\/","og_site_name":"Kortleksbolaget","og_image":[{"width":543,"height":814,"url":"https:\/\/kortleksbolaget.se\/wp-content\/uploads\/cherry-casino-v1.jpg","type":"image\/jpeg"}],"twitter_card":"summary_large_image","schema":{"@context":"https:\/\/schema.org","@graph":[{"@type":"WebPage","@id":"https:\/\/kortleksbolaget.se\/da\/produkt\/cherry-casino-v1\/","url":"https:\/\/kortleksbolaget.se\/da\/produkt\/cherry-casino-v1\/","name":"Kortlek Cherry Casino V1 | Kortleksbolaget","isPartOf":{"@id":"https:\/\/kortleksbolaget.se\/da\/#website"},"primaryImageOfPage":{"@id":"https:\/\/kortleksbolaget.se\/da\/produkt\/cherry-casino-v1\/#primaryimage"},"image":{"@id":"https:\/\/kortleksbolaget.se\/da\/produkt\/cherry-casino-v1\/#primaryimage"},"thumbnailUrl":"https:\/\/kortleksbolaget.se\/wp-content\/uploads\/cherry-casino-v1.jpg","datePublished":"2023-08-22T10:39:37+00:00","description":"K\u00f6p Cherry Casino V1. Snabba leveranser & bra priser. Sveriges st\u00f6rsta sortiment av kortlekar p\u00e5 Kortleksbolaget!","breadcrumb":{"@id":"https:\/\/kortleksbolaget.se\/da\/produkt\/cherry-casino-v1\/#breadcrumb"},"inLanguage":"da-DK","potentialAction":[{"@type":"ReadAction","target":["https:\/\/kortleksbolaget.se\/da\/produkt\/cherry-casino-v1\/"]}]},{"@type":"ImageObject","inLanguage":"da-DK","@id":"https:\/\/kortleksbolaget.se\/da\/produkt\/cherry-casino-v1\/#primaryimage","url":"https:\/\/kortleksbolaget.se\/wp-content\/uploads\/cherry-casino-v1.jpg","contentUrl":"https:\/\/kortleksbolaget.se\/wp-content\/uploads\/cherry-casino-v1.jpg","width":543,"height":814},{"@type":"BreadcrumbList","@id":"https:\/\/kortleksbolaget.se\/da\/produkt\/cherry-casino-v1\/#breadcrumb","itemListElement":[{"@type":"ListItem","position":1,"name":"Hem","item":"https:\/\/kortleksbolaget.se\/da\/"},{"@type":"ListItem","position":2,"name":"Shop","item":"https:\/\/kortleksbolaget.se\/da\/shop-2\/"},{"@type":"ListItem","position":3,"name":"Cherry Casino V1"}]},{"@type":"WebSite","@id":"https:\/\/kortleksbolaget.se\/da\/#website","url":"https:\/\/kortleksbolaget.se\/da\/","name":"Kortleksbolaget","description":"Kortlekar p\u00e5 n\u00e4tet","publisher":{"@id":"https:\/\/kortleksbolaget.se\/da\/#organization"},"potentialAction":[{"@type":"SearchAction","target":{"@type":"EntryPoint","urlTemplate":"https:\/\/kortleksbolaget.se\/da\/?s={search_term_string}"},"query-input":{"@type":"PropertyValueSpecification","valueRequired":true,"valueName":"search_term_string"}}],"inLanguage":"da-DK"},{"@type":"Organization","@id":"https:\/\/kortleksbolaget.se\/da\/#organization","name":"Kortleksbolaget","url":"https:\/\/kortleksbolaget.se\/da\/","logo":{"@type":"ImageObject","inLanguage":"da-DK","@id":"https:\/\/kortleksbolaget.se\/da\/#\/schema\/logo\/image\/","url":"https:\/\/kortleksbolaget.se\/wp-content\/uploads\/kortleksbolaget_logo-svart.png","contentUrl":"https:\/\/kortleksbolaget.se\/wp-content\/uploads\/kortleksbolaget_logo-svart.png","width":1200,"height":296,"caption":"Kortleksbolaget"},"image":{"@id":"https:\/\/kortleksbolaget.se\/da\/#\/schema\/logo\/image\/"}}]}},"_links":{"self":[{"href":"https:\/\/kortleksbolaget.se\/da\/wp-json\/wp\/v2\/product\/132736","targetHints":{"allow":["GET"]}}],"collection":[{"href":"https:\/\/kortleksbolaget.se\/da\/wp-json\/wp\/v2\/product"}],"about":[{"href":"https:\/\/kortleksbolaget.se\/da\/wp-json\/wp\/v2\/types\/product"}],"wp:featuredmedia":[{"embeddable":true,"href":"https:\/\/kortleksbolaget.se\/da\/wp-json\/wp\/v2\/media\/132720"}],"wp:attachment":[{"href":"https:\/\/kortleksbolaget.se\/da\/wp-json\/wp\/v2\/media?parent=132736"}],"wp:term":[{"taxonomy":"product_brand","embeddable":true,"href":"https:\/\/kortleksbolaget.se\/da\/wp-json\/wp\/v2\/product_brand?post=132736"},{"taxonomy":"product_cat","embeddable":true,"href":"https:\/\/kortleksbolaget.se\/da\/wp-json\/wp\/v2\/product_cat?post=132736"},{"taxonomy":"product_tag","embeddable":true,"href":"https:\/\/kortleksbolaget.se\/da\/wp-json\/wp\/v2\/product_tag?post=132736"}],"curies":[{"name":"wp","href":"https:\/\/api.w.org\/{rel}","templated":true}]}}