{"id":135534,"date":"2023-10-24T06:54:23","date_gmt":"2023-10-24T04:54:23","guid":{"rendered":"https:\/\/kortleksbolaget.se\/produkt\/piff-the-magic-dragon\/"},"modified":"2023-10-24T06:54:23","modified_gmt":"2023-10-24T04:54:23","slug":"piff-the-magic-dragon","status":"publish","type":"product","link":"https:\/\/kortleksbolaget.se\/da\/produkt\/piff-the-magic-dragon\/","title":{"rendered":"PIFF the Magic Dragon"},"content":{"rendered":"","protected":false},"excerpt":{"rendered":"<p>Introducing The Piff the Magic Dragon Playing Cards, a completely custom totally badass deck of playing cards designed from the ground up to fulfill all your magical dragon desires.<\/p>\n<p>Features you&#8217;ll find in this unique deck of playing cards include:<\/p>\n<ul>\n<li>Brand new pips and indices<\/li>\n<li>Custom back design<\/li>\n<li>Custom court cards<\/li>\n<li>Redesigned tuck box<\/li>\n<li>Die-Cut Harbin Table Playing Cards<\/li>\n<li>Custom Joker<\/li>\n<li>3 Gaff Cards for a special Piff magic trick<\/li>\n<\/ul>\n<p><b>Pips and Suits:<\/b><br \/>\nThe pips and indices in The Piff the Magic Dragon deck of playing cards have been redesigned to represent various aspects of Piff&#8217;s life.<\/p>\n<p>Spades are now represented by flames. The paws of Mr Piffles have replaced the clubs. Hearts are out, flowers are in, and diamonds&#8230;ok diamonds are still the same, but fancier.<\/p>\n<p><b>Back Design:<\/b><br \/>\nWhere do dragons live? Rubbishy dank, dark caves, that&#8217;s where. No air conditioning. No central heating. Not even a bed! (Tradition dictates dragons sleep on treasure but this is very bad for the posture.)<\/p>\n<p>Where do dragons dream of living? A big, fat, glorious castle, tended by Princesses, served by Knights and surrounded by a moat so when the world gets too much we can just pull up the drawbridge and hibernate.<\/p>\n<p>This custom back design represents Piff&#8217;s future castle, aka PiffLand. The perfect place for a Magic Dragon to get away from it all, although for now this is as close as he&#8217;s getting.<\/p>\n<p><b>Court Cards:<\/b><br \/>\nKings are represented by Piff, obviously. Queens have been upgraded to Princesses, as Princesses are hotter and Queens are usually married, which is asking for trouble. Finally, Jacks are represented by none other than Mr. Piffles himself, the World&#8217;s Only Magic Performing Chihuahua.<\/p>\n<p><b>Tuck Tacular:<\/b><br \/>\nThe Piff the Magic Dragon deck of playing cards would not be complete without some appropriate carrying system. And so we introduce The Tuckular! A Tuck Tacular!<\/p>\n<p>Each Piff deck is safely stored in a custom built and designed tuck case that is an exact replica of Piff&#8217;s legendary Tacular&#8230;and yes, you even get 2 uniquely engineered die-cut playing cards that fold out into a Harbin table!<\/p>\n<p><b>Tacular Info:<\/b><\/p>\n<ul>\n<li>Re-engineered and designed tuck box<\/li>\n<li>Manufactured in high quality, long lasting synthetic paper for durability<\/li>\n<li>Tuck artwork will have high gloss spot coating<\/li>\n<li>Holds up to 64 cards:<\/li>\n<li>52 custom playing cards<\/li>\n<li>2 Jokers<\/li>\n<li>3 Gaff Cards<\/li>\n<li>3 Die-Cut Harbin Table Cards<\/li>\n<li>4 Sandwich Pack Playing Cards<\/li>\n<\/ul>\n<p><b>Gaff Cards<\/b><br \/>\n3 Bonus Gaff Cards will be made for an exclusive magic trick that you&#8217;ll be able to perform!<\/p>\n<p>EFFECT: A spectator takes a card, remembers it, and it is then shuffled back into the deck. To find it, Mr Piffles, the World&#8217;s First Cannonball Chihuahua, is placed into a cannon, and shot through the air. He flies through the deck before smashing through the chosen playing card. Ta da! [&#8230;]<\/p>\n<p><a class=\"btn btn-secondary understrap-read-more-link\" href=\"https:\/\/kortleksbolaget.se\/da\/produkt\/piff-the-magic-dragon\/\">L\u00e6s mere&#8230;<span class=\"screen-reader-text\"> from PIFF the Magic Dragon<\/span><\/a><\/p>\n","protected":false},"featured_media":135514,"template":"","meta":{"_acf_changed":false},"product_brand":[],"product_cat":[231,225],"product_tag":[],"class_list":{"0":"post-135534","1":"product","2":"type-product","3":"status-publish","4":"has-post-thumbnail","6":"product_cat-special-luksus-limited-da","7":"product_cat-magisk-da","9":"first","10":"instock","11":"taxable","12":"shipping-taxable","13":"purchasable","14":"product-type-simple"},"acf":[],"yoast_head":"<!-- This site is optimized with the Yoast SEO plugin v26.3 - https:\/\/yoast.com\/wordpress\/plugins\/seo\/ -->\n<title>Kortlek PIFF the Magic Dragon | Kortleksbolaget<\/title>\n<meta name=\"description\" content=\"K\u00f6p PIFF the Magic Dragon. Snabba leveranser &amp; bra priser. Sveriges st\u00f6rsta sortiment av kortlekar p\u00e5 Kortleksbolaget!\" \/>\n<meta name=\"robots\" content=\"index, follow, max-snippet:-1, max-image-preview:large, max-video-preview:-1\" \/>\n<link rel=\"canonical\" href=\"https:\/\/kortleksbolaget.se\/da\/produkt\/piff-the-magic-dragon\/\" \/>\n<meta property=\"og:locale\" content=\"da_DK\" \/>\n<meta property=\"og:type\" content=\"article\" \/>\n<meta property=\"og:title\" content=\"Kortlek PIFF the Magic Dragon | Kortleksbolaget\" \/>\n<meta property=\"og:description\" content=\"K\u00f6p PIFF the Magic Dragon. Snabba leveranser &amp; bra priser. Sveriges st\u00f6rsta sortiment av kortlekar p\u00e5 Kortleksbolaget!\" \/>\n<meta property=\"og:url\" content=\"https:\/\/kortleksbolaget.se\/da\/produkt\/piff-the-magic-dragon\/\" \/>\n<meta property=\"og:site_name\" content=\"Kortleksbolaget\" \/>\n<meta property=\"og:image\" content=\"https:\/\/kortleksbolaget.se\/wp-content\/uploads\/piff-the-magic-dragon.jpg\" \/>\n\t<meta property=\"og:image:width\" content=\"534\" \/>\n\t<meta property=\"og:image:height\" content=\"801\" \/>\n\t<meta property=\"og:image:type\" content=\"image\/jpeg\" \/>\n<meta name=\"twitter:card\" content=\"summary_large_image\" \/>\n<script type=\"application\/ld+json\" class=\"yoast-schema-graph\">{\"@context\":\"https:\/\/schema.org\",\"@graph\":[{\"@type\":\"WebPage\",\"@id\":\"https:\/\/kortleksbolaget.se\/da\/produkt\/piff-the-magic-dragon\/\",\"url\":\"https:\/\/kortleksbolaget.se\/da\/produkt\/piff-the-magic-dragon\/\",\"name\":\"Kortlek PIFF the Magic Dragon | Kortleksbolaget\",\"isPartOf\":{\"@id\":\"https:\/\/kortleksbolaget.se\/da\/#website\"},\"primaryImageOfPage\":{\"@id\":\"https:\/\/kortleksbolaget.se\/da\/produkt\/piff-the-magic-dragon\/#primaryimage\"},\"image\":{\"@id\":\"https:\/\/kortleksbolaget.se\/da\/produkt\/piff-the-magic-dragon\/#primaryimage\"},\"thumbnailUrl\":\"https:\/\/kortleksbolaget.se\/wp-content\/uploads\/piff-the-magic-dragon.jpg\",\"datePublished\":\"2023-10-24T04:54:23+00:00\",\"description\":\"K\u00f6p PIFF the Magic Dragon. Snabba leveranser & bra priser. Sveriges st\u00f6rsta sortiment av kortlekar p\u00e5 Kortleksbolaget!\",\"breadcrumb\":{\"@id\":\"https:\/\/kortleksbolaget.se\/da\/produkt\/piff-the-magic-dragon\/#breadcrumb\"},\"inLanguage\":\"da-DK\",\"potentialAction\":[{\"@type\":\"ReadAction\",\"target\":[\"https:\/\/kortleksbolaget.se\/da\/produkt\/piff-the-magic-dragon\/\"]}]},{\"@type\":\"ImageObject\",\"inLanguage\":\"da-DK\",\"@id\":\"https:\/\/kortleksbolaget.se\/da\/produkt\/piff-the-magic-dragon\/#primaryimage\",\"url\":\"https:\/\/kortleksbolaget.se\/wp-content\/uploads\/piff-the-magic-dragon.jpg\",\"contentUrl\":\"https:\/\/kortleksbolaget.se\/wp-content\/uploads\/piff-the-magic-dragon.jpg\",\"width\":534,\"height\":801},{\"@type\":\"BreadcrumbList\",\"@id\":\"https:\/\/kortleksbolaget.se\/da\/produkt\/piff-the-magic-dragon\/#breadcrumb\",\"itemListElement\":[{\"@type\":\"ListItem\",\"position\":1,\"name\":\"Hem\",\"item\":\"https:\/\/kortleksbolaget.se\/da\/\"},{\"@type\":\"ListItem\",\"position\":2,\"name\":\"Shop\",\"item\":\"https:\/\/kortleksbolaget.se\/da\/shop-2\/\"},{\"@type\":\"ListItem\",\"position\":3,\"name\":\"PIFF the Magic Dragon\"}]},{\"@type\":\"WebSite\",\"@id\":\"https:\/\/kortleksbolaget.se\/da\/#website\",\"url\":\"https:\/\/kortleksbolaget.se\/da\/\",\"name\":\"Kortleksbolaget\",\"description\":\"Kortlekar p\u00e5 n\u00e4tet\",\"publisher\":{\"@id\":\"https:\/\/kortleksbolaget.se\/da\/#organization\"},\"potentialAction\":[{\"@type\":\"SearchAction\",\"target\":{\"@type\":\"EntryPoint\",\"urlTemplate\":\"https:\/\/kortleksbolaget.se\/da\/?s={search_term_string}\"},\"query-input\":{\"@type\":\"PropertyValueSpecification\",\"valueRequired\":true,\"valueName\":\"search_term_string\"}}],\"inLanguage\":\"da-DK\"},{\"@type\":\"Organization\",\"@id\":\"https:\/\/kortleksbolaget.se\/da\/#organization\",\"name\":\"Kortleksbolaget\",\"url\":\"https:\/\/kortleksbolaget.se\/da\/\",\"logo\":{\"@type\":\"ImageObject\",\"inLanguage\":\"da-DK\",\"@id\":\"https:\/\/kortleksbolaget.se\/da\/#\/schema\/logo\/image\/\",\"url\":\"https:\/\/kortleksbolaget.se\/wp-content\/uploads\/kortleksbolaget_logo-svart.png\",\"contentUrl\":\"https:\/\/kortleksbolaget.se\/wp-content\/uploads\/kortleksbolaget_logo-svart.png\",\"width\":1200,\"height\":296,\"caption\":\"Kortleksbolaget\"},\"image\":{\"@id\":\"https:\/\/kortleksbolaget.se\/da\/#\/schema\/logo\/image\/\"}}]}<\/script>\n<!-- \/ Yoast SEO plugin. -->","yoast_head_json":{"title":"Kortlek PIFF the Magic Dragon | Kortleksbolaget","description":"K\u00f6p PIFF the Magic Dragon. Snabba leveranser & bra priser. Sveriges st\u00f6rsta sortiment av kortlekar p\u00e5 Kortleksbolaget!","robots":{"index":"index","follow":"follow","max-snippet":"max-snippet:-1","max-image-preview":"max-image-preview:large","max-video-preview":"max-video-preview:-1"},"canonical":"https:\/\/kortleksbolaget.se\/da\/produkt\/piff-the-magic-dragon\/","og_locale":"da_DK","og_type":"article","og_title":"Kortlek PIFF the Magic Dragon | Kortleksbolaget","og_description":"K\u00f6p PIFF the Magic Dragon. Snabba leveranser & bra priser. Sveriges st\u00f6rsta sortiment av kortlekar p\u00e5 Kortleksbolaget!","og_url":"https:\/\/kortleksbolaget.se\/da\/produkt\/piff-the-magic-dragon\/","og_site_name":"Kortleksbolaget","og_image":[{"width":534,"height":801,"url":"https:\/\/kortleksbolaget.se\/wp-content\/uploads\/piff-the-magic-dragon.jpg","type":"image\/jpeg"}],"twitter_card":"summary_large_image","schema":{"@context":"https:\/\/schema.org","@graph":[{"@type":"WebPage","@id":"https:\/\/kortleksbolaget.se\/da\/produkt\/piff-the-magic-dragon\/","url":"https:\/\/kortleksbolaget.se\/da\/produkt\/piff-the-magic-dragon\/","name":"Kortlek PIFF the Magic Dragon | Kortleksbolaget","isPartOf":{"@id":"https:\/\/kortleksbolaget.se\/da\/#website"},"primaryImageOfPage":{"@id":"https:\/\/kortleksbolaget.se\/da\/produkt\/piff-the-magic-dragon\/#primaryimage"},"image":{"@id":"https:\/\/kortleksbolaget.se\/da\/produkt\/piff-the-magic-dragon\/#primaryimage"},"thumbnailUrl":"https:\/\/kortleksbolaget.se\/wp-content\/uploads\/piff-the-magic-dragon.jpg","datePublished":"2023-10-24T04:54:23+00:00","description":"K\u00f6p PIFF the Magic Dragon. Snabba leveranser & bra priser. Sveriges st\u00f6rsta sortiment av kortlekar p\u00e5 Kortleksbolaget!","breadcrumb":{"@id":"https:\/\/kortleksbolaget.se\/da\/produkt\/piff-the-magic-dragon\/#breadcrumb"},"inLanguage":"da-DK","potentialAction":[{"@type":"ReadAction","target":["https:\/\/kortleksbolaget.se\/da\/produkt\/piff-the-magic-dragon\/"]}]},{"@type":"ImageObject","inLanguage":"da-DK","@id":"https:\/\/kortleksbolaget.se\/da\/produkt\/piff-the-magic-dragon\/#primaryimage","url":"https:\/\/kortleksbolaget.se\/wp-content\/uploads\/piff-the-magic-dragon.jpg","contentUrl":"https:\/\/kortleksbolaget.se\/wp-content\/uploads\/piff-the-magic-dragon.jpg","width":534,"height":801},{"@type":"BreadcrumbList","@id":"https:\/\/kortleksbolaget.se\/da\/produkt\/piff-the-magic-dragon\/#breadcrumb","itemListElement":[{"@type":"ListItem","position":1,"name":"Hem","item":"https:\/\/kortleksbolaget.se\/da\/"},{"@type":"ListItem","position":2,"name":"Shop","item":"https:\/\/kortleksbolaget.se\/da\/shop-2\/"},{"@type":"ListItem","position":3,"name":"PIFF the Magic Dragon"}]},{"@type":"WebSite","@id":"https:\/\/kortleksbolaget.se\/da\/#website","url":"https:\/\/kortleksbolaget.se\/da\/","name":"Kortleksbolaget","description":"Kortlekar p\u00e5 n\u00e4tet","publisher":{"@id":"https:\/\/kortleksbolaget.se\/da\/#organization"},"potentialAction":[{"@type":"SearchAction","target":{"@type":"EntryPoint","urlTemplate":"https:\/\/kortleksbolaget.se\/da\/?s={search_term_string}"},"query-input":{"@type":"PropertyValueSpecification","valueRequired":true,"valueName":"search_term_string"}}],"inLanguage":"da-DK"},{"@type":"Organization","@id":"https:\/\/kortleksbolaget.se\/da\/#organization","name":"Kortleksbolaget","url":"https:\/\/kortleksbolaget.se\/da\/","logo":{"@type":"ImageObject","inLanguage":"da-DK","@id":"https:\/\/kortleksbolaget.se\/da\/#\/schema\/logo\/image\/","url":"https:\/\/kortleksbolaget.se\/wp-content\/uploads\/kortleksbolaget_logo-svart.png","contentUrl":"https:\/\/kortleksbolaget.se\/wp-content\/uploads\/kortleksbolaget_logo-svart.png","width":1200,"height":296,"caption":"Kortleksbolaget"},"image":{"@id":"https:\/\/kortleksbolaget.se\/da\/#\/schema\/logo\/image\/"}}]}},"_links":{"self":[{"href":"https:\/\/kortleksbolaget.se\/da\/wp-json\/wp\/v2\/product\/135534","targetHints":{"allow":["GET"]}}],"collection":[{"href":"https:\/\/kortleksbolaget.se\/da\/wp-json\/wp\/v2\/product"}],"about":[{"href":"https:\/\/kortleksbolaget.se\/da\/wp-json\/wp\/v2\/types\/product"}],"wp:featuredmedia":[{"embeddable":true,"href":"https:\/\/kortleksbolaget.se\/da\/wp-json\/wp\/v2\/media\/135514"}],"wp:attachment":[{"href":"https:\/\/kortleksbolaget.se\/da\/wp-json\/wp\/v2\/media?parent=135534"}],"wp:term":[{"taxonomy":"product_brand","embeddable":true,"href":"https:\/\/kortleksbolaget.se\/da\/wp-json\/wp\/v2\/product_brand?post=135534"},{"taxonomy":"product_cat","embeddable":true,"href":"https:\/\/kortleksbolaget.se\/da\/wp-json\/wp\/v2\/product_cat?post=135534"},{"taxonomy":"product_tag","embeddable":true,"href":"https:\/\/kortleksbolaget.se\/da\/wp-json\/wp\/v2\/product_tag?post=135534"}],"curies":[{"name":"wp","href":"https:\/\/api.w.org\/{rel}","templated":true}]}}