{"id":139981,"date":"2024-02-18T11:35:19","date_gmt":"2024-02-18T10:35:19","guid":{"rendered":"https:\/\/kortleksbolaget.se\/produkt\/butterfly-red-marked-1st-edition\/"},"modified":"2024-03-09T19:28:25","modified_gmt":"2024-03-09T18:28:25","slug":"butterfly-red-marked-1st-edition","status":"publish","type":"product","link":"https:\/\/kortleksbolaget.se\/da\/produkt\/butterfly-red-marked-1st-edition\/","title":{"rendered":"Butterfly Blue Marked 1st Edition"},"content":{"rendered":"","protected":false},"excerpt":{"rendered":"<div class=\"woocommerce-product-details__short-description\">\n<p>Rare! 1st edition. Carat X1<\/p>\n<p>\u201cThe Butterfly deck will enable you to perform miracles not possible with any other deck. A true innovation in card magic.\u201d \u2013 <strong>Richard Kaufman<\/strong> (chief editor of Genii Magazine \u2013 the largest selling magic magazine in the world).<\/p>\n<p>The unique marking system hidden in the back-design of The Butterfly Playing Cards contains two different marking systems that can be used\u00a0separately, but they will\u00a0make\u00a0you a miracle worker if they are combined.<br \/>\nHere are some basic effects you can accomplish using The Butterfly Playing Cards:<\/p>\n<p>IMPOSSIBLE DIVINATION: The cards are shuffled by a spectator\u00a0and the spectator selects one without you looking. The card is retrieved\u00a0and the cards are immediately shuffled by the spectator. All without you looking. You take the cards back and without looking at the faces or spreading the cards in any way, you know instantly what card it was<\/p>\n<p>KNOWING THE MISSING CARD: The cards are shuffled by a spectator, taken\u00a0behind their back, they take\u00a0one from anywhere in the deck and hide it in their back pocket. Nobody, including the spectator, knows the identity of the card. They shuffle the cards again and give them\u00a0back to you. You\u2019ll know the identity of the card in seconds without looking at the faces of the cards or spreading the deck in any way.<\/p>\n<p>CUTTING TO ANY CARD CALLED FOR: The cards are shuffled by a spectator. They name\u00a0any card they want and you are able to cut to that card without spreading the cards in any way.<\/p>\n<p>Imagine being able to perform feats only possible using a memorized deck, but with a shuffled deck of cards.\u00a0The Butterfly Playing Cards enable you to see the positions of all the cards in a shuffled deck.<br \/>\nAn explanation of this written marking system explanation is included, as well as a link to online video instructions.<\/p>\n<p>DESIGN<br \/>\nThe cards were designed with two main goals in mind.\u00a0They have\u00a0to be complex and irregular enough to disguise the markings.\u00a0They have\u00a0to be pretty enough to justify their\u00a0use over a more common deck of\u00a0playing cards.<br \/>\nThere are two different custom jokers and the ace of spades that are true to the overall theme of the back design. The rest of the deck has standard US faces as it\u00a0is\u00a0primarily intended for magic.<br \/>\nThe cards are printed by Cartamundi and are of the highest quality.<\/p>\n<\/div>\n<p> [&#8230;]<\/p>\n<p><a class=\"btn btn-secondary understrap-read-more-link\" href=\"https:\/\/kortleksbolaget.se\/da\/produkt\/butterfly-red-marked-1st-edition\/\">L\u00e6s mere&#8230;<span class=\"screen-reader-text\"> from Butterfly Blue Marked 1st Edition<\/span><\/a><\/p>\n","protected":false},"featured_media":141542,"template":"","meta":{"_acf_changed":false},"product_brand":[],"product_cat":[231,225],"product_tag":[],"class_list":{"0":"post-139981","1":"product","2":"type-product","3":"status-publish","4":"has-post-thumbnail","6":"varumarke-butterfly-playing-cards-en-da","7":"varumarke-cards-by-stfn-da","8":"product_cat-special-luksus-limited-da","9":"product_cat-magisk-da","11":"first","12":"outofstock","13":"taxable","14":"shipping-taxable","15":"purchasable","16":"product-type-simple"},"acf":[],"yoast_head":"<!-- This site is optimized with the Yoast SEO plugin v27.5 - https:\/\/yoast.com\/product\/yoast-seo-wordpress\/ -->\n<title>Kortlek Butterfly Blue Marked 1st Edition | Kortleksbolaget<\/title>\n<meta name=\"description\" content=\"K\u00f6p Butterfly Blue Marked 1st Edition. Snabba leveranser &amp; bra priser. Sveriges st\u00f6rsta sortiment av kortlekar p\u00e5 Kortleksbolaget!\" \/>\n<meta name=\"robots\" content=\"index, follow, max-snippet:-1, max-image-preview:large, max-video-preview:-1\" \/>\n<link rel=\"canonical\" href=\"https:\/\/kortleksbolaget.se\/da\/produkt\/butterfly-red-marked-1st-edition\/\" \/>\n<meta property=\"og:locale\" content=\"da_DK\" \/>\n<meta property=\"og:type\" content=\"article\" \/>\n<meta property=\"og:title\" content=\"Kortlek Butterfly Blue Marked 1st Edition | Kortleksbolaget\" \/>\n<meta property=\"og:description\" content=\"K\u00f6p Butterfly Blue Marked 1st Edition. Snabba leveranser &amp; bra priser. Sveriges st\u00f6rsta sortiment av kortlekar p\u00e5 Kortleksbolaget!\" \/>\n<meta property=\"og:url\" content=\"https:\/\/kortleksbolaget.se\/da\/produkt\/butterfly-red-marked-1st-edition\/\" \/>\n<meta property=\"og:site_name\" content=\"Kortleksbolaget\" \/>\n<meta property=\"article:modified_time\" content=\"2024-03-09T18:28:25+00:00\" \/>\n<meta property=\"og:image\" content=\"https:\/\/kortleksbolaget.se\/wp-content\/uploads\/butterfly-v1-blue-playing-cards-3.jpg\" \/>\n\t<meta property=\"og:image:width\" content=\"485\" \/>\n\t<meta property=\"og:image:height\" content=\"728\" \/>\n\t<meta property=\"og:image:type\" content=\"image\/jpeg\" \/>\n<meta name=\"twitter:card\" content=\"summary_large_image\" \/>\n<meta name=\"twitter:label1\" content=\"Estimeret l\u00e6setid\" \/>\n\t<meta name=\"twitter:data1\" content=\"1 minut\" \/>\n<script type=\"application\/ld+json\" class=\"yoast-schema-graph\">{\"@context\":\"https:\\\/\\\/schema.org\",\"@graph\":[{\"@type\":\"WebPage\",\"@id\":\"https:\\\/\\\/kortleksbolaget.se\\\/da\\\/produkt\\\/butterfly-red-marked-1st-edition\\\/\",\"url\":\"https:\\\/\\\/kortleksbolaget.se\\\/da\\\/produkt\\\/butterfly-red-marked-1st-edition\\\/\",\"name\":\"Kortlek Butterfly Blue Marked 1st Edition | Kortleksbolaget\",\"isPartOf\":{\"@id\":\"https:\\\/\\\/kortleksbolaget.se\\\/da\\\/#website\"},\"primaryImageOfPage\":{\"@id\":\"https:\\\/\\\/kortleksbolaget.se\\\/da\\\/produkt\\\/butterfly-red-marked-1st-edition\\\/#primaryimage\"},\"image\":{\"@id\":\"https:\\\/\\\/kortleksbolaget.se\\\/da\\\/produkt\\\/butterfly-red-marked-1st-edition\\\/#primaryimage\"},\"thumbnailUrl\":\"https:\\\/\\\/kortleksbolaget.se\\\/wp-content\\\/uploads\\\/butterfly-v1-blue-playing-cards-3.jpg\",\"datePublished\":\"2024-02-18T10:35:19+00:00\",\"dateModified\":\"2024-03-09T18:28:25+00:00\",\"description\":\"K\u00f6p Butterfly Blue Marked 1st Edition. Snabba leveranser & bra priser. Sveriges st\u00f6rsta sortiment av kortlekar p\u00e5 Kortleksbolaget!\",\"breadcrumb\":{\"@id\":\"https:\\\/\\\/kortleksbolaget.se\\\/da\\\/produkt\\\/butterfly-red-marked-1st-edition\\\/#breadcrumb\"},\"inLanguage\":\"da-DK\",\"potentialAction\":[{\"@type\":\"ReadAction\",\"target\":[\"https:\\\/\\\/kortleksbolaget.se\\\/da\\\/produkt\\\/butterfly-red-marked-1st-edition\\\/\"]}]},{\"@type\":\"ImageObject\",\"inLanguage\":\"da-DK\",\"@id\":\"https:\\\/\\\/kortleksbolaget.se\\\/da\\\/produkt\\\/butterfly-red-marked-1st-edition\\\/#primaryimage\",\"url\":\"https:\\\/\\\/kortleksbolaget.se\\\/wp-content\\\/uploads\\\/butterfly-v1-blue-playing-cards-3.jpg\",\"contentUrl\":\"https:\\\/\\\/kortleksbolaget.se\\\/wp-content\\\/uploads\\\/butterfly-v1-blue-playing-cards-3.jpg\",\"width\":485,\"height\":728},{\"@type\":\"BreadcrumbList\",\"@id\":\"https:\\\/\\\/kortleksbolaget.se\\\/da\\\/produkt\\\/butterfly-red-marked-1st-edition\\\/#breadcrumb\",\"itemListElement\":[{\"@type\":\"ListItem\",\"position\":1,\"name\":\"Hem\",\"item\":\"https:\\\/\\\/kortleksbolaget.se\\\/da\\\/\"},{\"@type\":\"ListItem\",\"position\":2,\"name\":\"Shop\",\"item\":\"https:\\\/\\\/kortleksbolaget.se\\\/da\\\/shop-2\\\/\"},{\"@type\":\"ListItem\",\"position\":3,\"name\":\"Butterfly Blue Marked 1st Edition\"}]},{\"@type\":\"WebSite\",\"@id\":\"https:\\\/\\\/kortleksbolaget.se\\\/da\\\/#website\",\"url\":\"https:\\\/\\\/kortleksbolaget.se\\\/da\\\/\",\"name\":\"Kortleksbolaget\",\"description\":\"Kortlekar p\u00e5 n\u00e4tet\",\"publisher\":{\"@id\":\"https:\\\/\\\/kortleksbolaget.se\\\/da\\\/#organization\"},\"potentialAction\":[{\"@type\":\"SearchAction\",\"target\":{\"@type\":\"EntryPoint\",\"urlTemplate\":\"https:\\\/\\\/kortleksbolaget.se\\\/da\\\/?s={search_term_string}\"},\"query-input\":{\"@type\":\"PropertyValueSpecification\",\"valueRequired\":true,\"valueName\":\"search_term_string\"}}],\"inLanguage\":\"da-DK\"},{\"@type\":\"Organization\",\"@id\":\"https:\\\/\\\/kortleksbolaget.se\\\/da\\\/#organization\",\"name\":\"Kortleksbolaget\",\"url\":\"https:\\\/\\\/kortleksbolaget.se\\\/da\\\/\",\"logo\":{\"@type\":\"ImageObject\",\"inLanguage\":\"da-DK\",\"@id\":\"https:\\\/\\\/kortleksbolaget.se\\\/da\\\/#\\\/schema\\\/logo\\\/image\\\/\",\"url\":\"https:\\\/\\\/kortleksbolaget.se\\\/wp-content\\\/uploads\\\/kortleksbolaget_logo-svart.png\",\"contentUrl\":\"https:\\\/\\\/kortleksbolaget.se\\\/wp-content\\\/uploads\\\/kortleksbolaget_logo-svart.png\",\"width\":1200,\"height\":296,\"caption\":\"Kortleksbolaget\"},\"image\":{\"@id\":\"https:\\\/\\\/kortleksbolaget.se\\\/da\\\/#\\\/schema\\\/logo\\\/image\\\/\"}}]}<\/script>\n<!-- \/ Yoast SEO plugin. -->","yoast_head_json":{"title":"Kortlek Butterfly Blue Marked 1st Edition | Kortleksbolaget","description":"K\u00f6p Butterfly Blue Marked 1st Edition. Snabba leveranser & bra priser. Sveriges st\u00f6rsta sortiment av kortlekar p\u00e5 Kortleksbolaget!","robots":{"index":"index","follow":"follow","max-snippet":"max-snippet:-1","max-image-preview":"max-image-preview:large","max-video-preview":"max-video-preview:-1"},"canonical":"https:\/\/kortleksbolaget.se\/da\/produkt\/butterfly-red-marked-1st-edition\/","og_locale":"da_DK","og_type":"article","og_title":"Kortlek Butterfly Blue Marked 1st Edition | Kortleksbolaget","og_description":"K\u00f6p Butterfly Blue Marked 1st Edition. Snabba leveranser & bra priser. Sveriges st\u00f6rsta sortiment av kortlekar p\u00e5 Kortleksbolaget!","og_url":"https:\/\/kortleksbolaget.se\/da\/produkt\/butterfly-red-marked-1st-edition\/","og_site_name":"Kortleksbolaget","article_modified_time":"2024-03-09T18:28:25+00:00","og_image":[{"width":485,"height":728,"url":"https:\/\/kortleksbolaget.se\/wp-content\/uploads\/butterfly-v1-blue-playing-cards-3.jpg","type":"image\/jpeg"}],"twitter_card":"summary_large_image","twitter_misc":{"Estimeret l\u00e6setid":"1 minut"},"schema":{"@context":"https:\/\/schema.org","@graph":[{"@type":"WebPage","@id":"https:\/\/kortleksbolaget.se\/da\/produkt\/butterfly-red-marked-1st-edition\/","url":"https:\/\/kortleksbolaget.se\/da\/produkt\/butterfly-red-marked-1st-edition\/","name":"Kortlek Butterfly Blue Marked 1st Edition | Kortleksbolaget","isPartOf":{"@id":"https:\/\/kortleksbolaget.se\/da\/#website"},"primaryImageOfPage":{"@id":"https:\/\/kortleksbolaget.se\/da\/produkt\/butterfly-red-marked-1st-edition\/#primaryimage"},"image":{"@id":"https:\/\/kortleksbolaget.se\/da\/produkt\/butterfly-red-marked-1st-edition\/#primaryimage"},"thumbnailUrl":"https:\/\/kortleksbolaget.se\/wp-content\/uploads\/butterfly-v1-blue-playing-cards-3.jpg","datePublished":"2024-02-18T10:35:19+00:00","dateModified":"2024-03-09T18:28:25+00:00","description":"K\u00f6p Butterfly Blue Marked 1st Edition. Snabba leveranser & bra priser. Sveriges st\u00f6rsta sortiment av kortlekar p\u00e5 Kortleksbolaget!","breadcrumb":{"@id":"https:\/\/kortleksbolaget.se\/da\/produkt\/butterfly-red-marked-1st-edition\/#breadcrumb"},"inLanguage":"da-DK","potentialAction":[{"@type":"ReadAction","target":["https:\/\/kortleksbolaget.se\/da\/produkt\/butterfly-red-marked-1st-edition\/"]}]},{"@type":"ImageObject","inLanguage":"da-DK","@id":"https:\/\/kortleksbolaget.se\/da\/produkt\/butterfly-red-marked-1st-edition\/#primaryimage","url":"https:\/\/kortleksbolaget.se\/wp-content\/uploads\/butterfly-v1-blue-playing-cards-3.jpg","contentUrl":"https:\/\/kortleksbolaget.se\/wp-content\/uploads\/butterfly-v1-blue-playing-cards-3.jpg","width":485,"height":728},{"@type":"BreadcrumbList","@id":"https:\/\/kortleksbolaget.se\/da\/produkt\/butterfly-red-marked-1st-edition\/#breadcrumb","itemListElement":[{"@type":"ListItem","position":1,"name":"Hem","item":"https:\/\/kortleksbolaget.se\/da\/"},{"@type":"ListItem","position":2,"name":"Shop","item":"https:\/\/kortleksbolaget.se\/da\/shop-2\/"},{"@type":"ListItem","position":3,"name":"Butterfly Blue Marked 1st Edition"}]},{"@type":"WebSite","@id":"https:\/\/kortleksbolaget.se\/da\/#website","url":"https:\/\/kortleksbolaget.se\/da\/","name":"Kortleksbolaget","description":"Kortlekar p\u00e5 n\u00e4tet","publisher":{"@id":"https:\/\/kortleksbolaget.se\/da\/#organization"},"potentialAction":[{"@type":"SearchAction","target":{"@type":"EntryPoint","urlTemplate":"https:\/\/kortleksbolaget.se\/da\/?s={search_term_string}"},"query-input":{"@type":"PropertyValueSpecification","valueRequired":true,"valueName":"search_term_string"}}],"inLanguage":"da-DK"},{"@type":"Organization","@id":"https:\/\/kortleksbolaget.se\/da\/#organization","name":"Kortleksbolaget","url":"https:\/\/kortleksbolaget.se\/da\/","logo":{"@type":"ImageObject","inLanguage":"da-DK","@id":"https:\/\/kortleksbolaget.se\/da\/#\/schema\/logo\/image\/","url":"https:\/\/kortleksbolaget.se\/wp-content\/uploads\/kortleksbolaget_logo-svart.png","contentUrl":"https:\/\/kortleksbolaget.se\/wp-content\/uploads\/kortleksbolaget_logo-svart.png","width":1200,"height":296,"caption":"Kortleksbolaget"},"image":{"@id":"https:\/\/kortleksbolaget.se\/da\/#\/schema\/logo\/image\/"}}]}},"_links":{"self":[{"href":"https:\/\/kortleksbolaget.se\/da\/wp-json\/wp\/v2\/product\/139981","targetHints":{"allow":["GET"]}}],"collection":[{"href":"https:\/\/kortleksbolaget.se\/da\/wp-json\/wp\/v2\/product"}],"about":[{"href":"https:\/\/kortleksbolaget.se\/da\/wp-json\/wp\/v2\/types\/product"}],"wp:featuredmedia":[{"embeddable":true,"href":"https:\/\/kortleksbolaget.se\/da\/wp-json\/wp\/v2\/media\/141542"}],"wp:attachment":[{"href":"https:\/\/kortleksbolaget.se\/da\/wp-json\/wp\/v2\/media?parent=139981"}],"wp:term":[{"taxonomy":"product_brand","embeddable":true,"href":"https:\/\/kortleksbolaget.se\/da\/wp-json\/wp\/v2\/product_brand?post=139981"},{"taxonomy":"product_cat","embeddable":true,"href":"https:\/\/kortleksbolaget.se\/da\/wp-json\/wp\/v2\/product_cat?post=139981"},{"taxonomy":"product_tag","embeddable":true,"href":"https:\/\/kortleksbolaget.se\/da\/wp-json\/wp\/v2\/product_tag?post=139981"}],"curies":[{"name":"wp","href":"https:\/\/api.w.org\/{rel}","templated":true}]}}