{"id":144898,"date":"2024-08-01T17:34:34","date_gmt":"2024-08-01T15:34:34","guid":{"rendered":"https:\/\/kortleksbolaget.se\/produkt\/lord-of-the-rings-box-set\/"},"modified":"2024-08-01T17:34:34","modified_gmt":"2024-08-01T15:34:34","slug":"lord-of-the-rings-box-set","status":"publish","type":"product","link":"https:\/\/kortleksbolaget.se\/da\/produkt\/lord-of-the-rings-box-set\/","title":{"rendered":"Lord of the Rings Box Set"},"content":{"rendered":"","protected":false},"excerpt":{"rendered":"<p id=\"tw-target-text\" class=\"tw-data-text tw-text-large tw-ta\" dir=\"ltr\" data-placeholder=\"\u00d6vers\u00e4ttning\" aria-label=\"\u00d6versatt text\" data-ved=\"2ahUKEwjgk6_Fv7-HAxUUFBAIHb5DHhgQ3ewLegQIBRAT\"><span class=\"Y2IQFc\" lang=\"sv\"><b>The Ring Has Awoken <\/b><\/p>\n<p>It&#8217;s Heard its Master&#8217;s Call<\/p>\n<p>Featuring beloved characters from <b>The Lord of the Rings <\/b> movie trilogy &#8211; from Frodo and the rest of the Fellowship of the Ring to Gollum, Saruman, and the Dark Lord Sauron. The deck follows their journey from The Shire to Mordor and their adventures in between.<\/p>\n<p><b>One Deck to Rule them All <\/b><\/p>\n<p>Crafted with the gold that Sauron used to forge the One Ring, along with emerald green foil that reflects the luscious landscape of The Shire, the box is truly one of a kind. The cards themselves are made in the USA &#8211; printed on FSC-certified paper derived from sustainable forests, using vegetable-based inks and starch-based laminates.<\/p>\n<p><b>The Fellowship of the Ring <\/b><\/p>\n<p><i> &#8220;The markings upon the band begin to fade. The writing, which at first was as clear as red flame, has all but disappeared &#8211; a secret now that only fire can tell.&#8221; <\/i><\/p>\n<p><b>My Precious! <\/b><\/p>\n<p>Forged in Middle Earth<\/p>\n<p>This deck has details for even the most fanatical <b>Lord of the Rings<\/b> fan. Easter eggs like the Light of E\u00e4rendil, Lurtz, and Minas Morgul. Can you find them all?<\/p>\n<p><b>Premium Box Set<\/b><\/p>\n<p>Four Decks Special Edition<\/p>\n<p>This premium box set includes four decks: two standard edition and two special gold foil edition <b>Lord of the Rings Playing Cards<\/b>, with glistening gold foil on the back of each card. The box set is secured with a magnetic enclosure &#8211; and a map of Middle Earth inside! <\/span><\/p>\n<p> [&#8230;]<\/p>\n<p><a class=\"btn btn-secondary understrap-read-more-link\" href=\"https:\/\/kortleksbolaget.se\/da\/produkt\/lord-of-the-rings-box-set\/\">L\u00e6s mere&#8230;<span class=\"screen-reader-text\"> from Lord of the Rings Box Set<\/span><\/a><\/p>\n","protected":false},"featured_media":144932,"template":"","meta":{"_acf_changed":false},"product_brand":[],"product_cat":[231],"product_tag":[],"class_list":{"0":"post-144898","1":"product","2":"type-product","3":"status-publish","4":"has-post-thumbnail","6":"varumarke-theory11-da","7":"varumarke-uspcc-da","8":"product_cat-special-luksus-limited-da","10":"first","11":"outofstock","12":"taxable","13":"shipping-taxable","14":"purchasable","15":"product-type-simple"},"acf":[],"yoast_head":"<!-- This site is optimized with the Yoast SEO plugin v26.3 - https:\/\/yoast.com\/wordpress\/plugins\/seo\/ -->\n<title>Kortlek Lord of the Rings Box Set | Kortleksbolaget<\/title>\n<meta name=\"description\" content=\"K\u00f6p Lord of the Rings Box Set. Snabba leveranser &amp; bra priser. Sveriges st\u00f6rsta sortiment av kortlekar p\u00e5 Kortleksbolaget!\" \/>\n<meta name=\"robots\" content=\"index, follow, max-snippet:-1, max-image-preview:large, max-video-preview:-1\" \/>\n<link rel=\"canonical\" href=\"https:\/\/kortleksbolaget.se\/da\/produkt\/lord-of-the-rings-box-set\/\" \/>\n<meta property=\"og:locale\" content=\"da_DK\" \/>\n<meta property=\"og:type\" content=\"article\" \/>\n<meta property=\"og:title\" content=\"Kortlek Lord of the Rings Box Set | Kortleksbolaget\" \/>\n<meta property=\"og:description\" content=\"K\u00f6p Lord of the Rings Box Set. Snabba leveranser &amp; bra priser. Sveriges st\u00f6rsta sortiment av kortlekar p\u00e5 Kortleksbolaget!\" \/>\n<meta property=\"og:url\" content=\"https:\/\/kortleksbolaget.se\/da\/produkt\/lord-of-the-rings-box-set\/\" \/>\n<meta property=\"og:site_name\" content=\"Kortleksbolaget\" \/>\n<meta property=\"og:image\" content=\"https:\/\/kortleksbolaget.se\/wp-content\/uploads\/lord-of-the-rings-box-set-1.jpg\" \/>\n\t<meta property=\"og:image:width\" content=\"784\" \/>\n\t<meta property=\"og:image:height\" content=\"1176\" \/>\n\t<meta property=\"og:image:type\" content=\"image\/jpeg\" \/>\n<meta name=\"twitter:card\" content=\"summary_large_image\" \/>\n<meta name=\"twitter:label1\" content=\"Estimeret l\u00e6setid\" \/>\n\t<meta name=\"twitter:data1\" content=\"1 minut\" \/>\n<script type=\"application\/ld+json\" class=\"yoast-schema-graph\">{\"@context\":\"https:\/\/schema.org\",\"@graph\":[{\"@type\":\"WebPage\",\"@id\":\"https:\/\/kortleksbolaget.se\/da\/produkt\/lord-of-the-rings-box-set\/\",\"url\":\"https:\/\/kortleksbolaget.se\/da\/produkt\/lord-of-the-rings-box-set\/\",\"name\":\"Kortlek Lord of the Rings Box Set | Kortleksbolaget\",\"isPartOf\":{\"@id\":\"https:\/\/kortleksbolaget.se\/da\/#website\"},\"primaryImageOfPage\":{\"@id\":\"https:\/\/kortleksbolaget.se\/da\/produkt\/lord-of-the-rings-box-set\/#primaryimage\"},\"image\":{\"@id\":\"https:\/\/kortleksbolaget.se\/da\/produkt\/lord-of-the-rings-box-set\/#primaryimage\"},\"thumbnailUrl\":\"https:\/\/kortleksbolaget.se\/wp-content\/uploads\/lord-of-the-rings-box-set-1.jpg\",\"datePublished\":\"2024-08-01T15:34:34+00:00\",\"description\":\"K\u00f6p Lord of the Rings Box Set. Snabba leveranser & bra priser. Sveriges st\u00f6rsta sortiment av kortlekar p\u00e5 Kortleksbolaget!\",\"breadcrumb\":{\"@id\":\"https:\/\/kortleksbolaget.se\/da\/produkt\/lord-of-the-rings-box-set\/#breadcrumb\"},\"inLanguage\":\"da-DK\",\"potentialAction\":[{\"@type\":\"ReadAction\",\"target\":[\"https:\/\/kortleksbolaget.se\/da\/produkt\/lord-of-the-rings-box-set\/\"]}]},{\"@type\":\"ImageObject\",\"inLanguage\":\"da-DK\",\"@id\":\"https:\/\/kortleksbolaget.se\/da\/produkt\/lord-of-the-rings-box-set\/#primaryimage\",\"url\":\"https:\/\/kortleksbolaget.se\/wp-content\/uploads\/lord-of-the-rings-box-set-1.jpg\",\"contentUrl\":\"https:\/\/kortleksbolaget.se\/wp-content\/uploads\/lord-of-the-rings-box-set-1.jpg\",\"width\":784,\"height\":1176},{\"@type\":\"BreadcrumbList\",\"@id\":\"https:\/\/kortleksbolaget.se\/da\/produkt\/lord-of-the-rings-box-set\/#breadcrumb\",\"itemListElement\":[{\"@type\":\"ListItem\",\"position\":1,\"name\":\"Hem\",\"item\":\"https:\/\/kortleksbolaget.se\/da\/\"},{\"@type\":\"ListItem\",\"position\":2,\"name\":\"Shop\",\"item\":\"https:\/\/kortleksbolaget.se\/da\/shop-2\/\"},{\"@type\":\"ListItem\",\"position\":3,\"name\":\"Lord of the Rings Box Set\"}]},{\"@type\":\"WebSite\",\"@id\":\"https:\/\/kortleksbolaget.se\/da\/#website\",\"url\":\"https:\/\/kortleksbolaget.se\/da\/\",\"name\":\"Kortleksbolaget\",\"description\":\"Kortlekar p\u00e5 n\u00e4tet\",\"publisher\":{\"@id\":\"https:\/\/kortleksbolaget.se\/da\/#organization\"},\"potentialAction\":[{\"@type\":\"SearchAction\",\"target\":{\"@type\":\"EntryPoint\",\"urlTemplate\":\"https:\/\/kortleksbolaget.se\/da\/?s={search_term_string}\"},\"query-input\":{\"@type\":\"PropertyValueSpecification\",\"valueRequired\":true,\"valueName\":\"search_term_string\"}}],\"inLanguage\":\"da-DK\"},{\"@type\":\"Organization\",\"@id\":\"https:\/\/kortleksbolaget.se\/da\/#organization\",\"name\":\"Kortleksbolaget\",\"url\":\"https:\/\/kortleksbolaget.se\/da\/\",\"logo\":{\"@type\":\"ImageObject\",\"inLanguage\":\"da-DK\",\"@id\":\"https:\/\/kortleksbolaget.se\/da\/#\/schema\/logo\/image\/\",\"url\":\"https:\/\/kortleksbolaget.se\/wp-content\/uploads\/kortleksbolaget_logo-svart.png\",\"contentUrl\":\"https:\/\/kortleksbolaget.se\/wp-content\/uploads\/kortleksbolaget_logo-svart.png\",\"width\":1200,\"height\":296,\"caption\":\"Kortleksbolaget\"},\"image\":{\"@id\":\"https:\/\/kortleksbolaget.se\/da\/#\/schema\/logo\/image\/\"}}]}<\/script>\n<!-- \/ Yoast SEO plugin. -->","yoast_head_json":{"title":"Kortlek Lord of the Rings Box Set | Kortleksbolaget","description":"K\u00f6p Lord of the Rings Box Set. Snabba leveranser & bra priser. Sveriges st\u00f6rsta sortiment av kortlekar p\u00e5 Kortleksbolaget!","robots":{"index":"index","follow":"follow","max-snippet":"max-snippet:-1","max-image-preview":"max-image-preview:large","max-video-preview":"max-video-preview:-1"},"canonical":"https:\/\/kortleksbolaget.se\/da\/produkt\/lord-of-the-rings-box-set\/","og_locale":"da_DK","og_type":"article","og_title":"Kortlek Lord of the Rings Box Set | Kortleksbolaget","og_description":"K\u00f6p Lord of the Rings Box Set. Snabba leveranser & bra priser. Sveriges st\u00f6rsta sortiment av kortlekar p\u00e5 Kortleksbolaget!","og_url":"https:\/\/kortleksbolaget.se\/da\/produkt\/lord-of-the-rings-box-set\/","og_site_name":"Kortleksbolaget","og_image":[{"width":784,"height":1176,"url":"https:\/\/kortleksbolaget.se\/wp-content\/uploads\/lord-of-the-rings-box-set-1.jpg","type":"image\/jpeg"}],"twitter_card":"summary_large_image","twitter_misc":{"Estimeret l\u00e6setid":"1 minut"},"schema":{"@context":"https:\/\/schema.org","@graph":[{"@type":"WebPage","@id":"https:\/\/kortleksbolaget.se\/da\/produkt\/lord-of-the-rings-box-set\/","url":"https:\/\/kortleksbolaget.se\/da\/produkt\/lord-of-the-rings-box-set\/","name":"Kortlek Lord of the Rings Box Set | Kortleksbolaget","isPartOf":{"@id":"https:\/\/kortleksbolaget.se\/da\/#website"},"primaryImageOfPage":{"@id":"https:\/\/kortleksbolaget.se\/da\/produkt\/lord-of-the-rings-box-set\/#primaryimage"},"image":{"@id":"https:\/\/kortleksbolaget.se\/da\/produkt\/lord-of-the-rings-box-set\/#primaryimage"},"thumbnailUrl":"https:\/\/kortleksbolaget.se\/wp-content\/uploads\/lord-of-the-rings-box-set-1.jpg","datePublished":"2024-08-01T15:34:34+00:00","description":"K\u00f6p Lord of the Rings Box Set. Snabba leveranser & bra priser. Sveriges st\u00f6rsta sortiment av kortlekar p\u00e5 Kortleksbolaget!","breadcrumb":{"@id":"https:\/\/kortleksbolaget.se\/da\/produkt\/lord-of-the-rings-box-set\/#breadcrumb"},"inLanguage":"da-DK","potentialAction":[{"@type":"ReadAction","target":["https:\/\/kortleksbolaget.se\/da\/produkt\/lord-of-the-rings-box-set\/"]}]},{"@type":"ImageObject","inLanguage":"da-DK","@id":"https:\/\/kortleksbolaget.se\/da\/produkt\/lord-of-the-rings-box-set\/#primaryimage","url":"https:\/\/kortleksbolaget.se\/wp-content\/uploads\/lord-of-the-rings-box-set-1.jpg","contentUrl":"https:\/\/kortleksbolaget.se\/wp-content\/uploads\/lord-of-the-rings-box-set-1.jpg","width":784,"height":1176},{"@type":"BreadcrumbList","@id":"https:\/\/kortleksbolaget.se\/da\/produkt\/lord-of-the-rings-box-set\/#breadcrumb","itemListElement":[{"@type":"ListItem","position":1,"name":"Hem","item":"https:\/\/kortleksbolaget.se\/da\/"},{"@type":"ListItem","position":2,"name":"Shop","item":"https:\/\/kortleksbolaget.se\/da\/shop-2\/"},{"@type":"ListItem","position":3,"name":"Lord of the Rings Box Set"}]},{"@type":"WebSite","@id":"https:\/\/kortleksbolaget.se\/da\/#website","url":"https:\/\/kortleksbolaget.se\/da\/","name":"Kortleksbolaget","description":"Kortlekar p\u00e5 n\u00e4tet","publisher":{"@id":"https:\/\/kortleksbolaget.se\/da\/#organization"},"potentialAction":[{"@type":"SearchAction","target":{"@type":"EntryPoint","urlTemplate":"https:\/\/kortleksbolaget.se\/da\/?s={search_term_string}"},"query-input":{"@type":"PropertyValueSpecification","valueRequired":true,"valueName":"search_term_string"}}],"inLanguage":"da-DK"},{"@type":"Organization","@id":"https:\/\/kortleksbolaget.se\/da\/#organization","name":"Kortleksbolaget","url":"https:\/\/kortleksbolaget.se\/da\/","logo":{"@type":"ImageObject","inLanguage":"da-DK","@id":"https:\/\/kortleksbolaget.se\/da\/#\/schema\/logo\/image\/","url":"https:\/\/kortleksbolaget.se\/wp-content\/uploads\/kortleksbolaget_logo-svart.png","contentUrl":"https:\/\/kortleksbolaget.se\/wp-content\/uploads\/kortleksbolaget_logo-svart.png","width":1200,"height":296,"caption":"Kortleksbolaget"},"image":{"@id":"https:\/\/kortleksbolaget.se\/da\/#\/schema\/logo\/image\/"}}]}},"_links":{"self":[{"href":"https:\/\/kortleksbolaget.se\/da\/wp-json\/wp\/v2\/product\/144898","targetHints":{"allow":["GET"]}}],"collection":[{"href":"https:\/\/kortleksbolaget.se\/da\/wp-json\/wp\/v2\/product"}],"about":[{"href":"https:\/\/kortleksbolaget.se\/da\/wp-json\/wp\/v2\/types\/product"}],"wp:featuredmedia":[{"embeddable":true,"href":"https:\/\/kortleksbolaget.se\/da\/wp-json\/wp\/v2\/media\/144932"}],"wp:attachment":[{"href":"https:\/\/kortleksbolaget.se\/da\/wp-json\/wp\/v2\/media?parent=144898"}],"wp:term":[{"taxonomy":"product_brand","embeddable":true,"href":"https:\/\/kortleksbolaget.se\/da\/wp-json\/wp\/v2\/product_brand?post=144898"},{"taxonomy":"product_cat","embeddable":true,"href":"https:\/\/kortleksbolaget.se\/da\/wp-json\/wp\/v2\/product_cat?post=144898"},{"taxonomy":"product_tag","embeddable":true,"href":"https:\/\/kortleksbolaget.se\/da\/wp-json\/wp\/v2\/product_tag?post=144898"}],"curies":[{"name":"wp","href":"https:\/\/api.w.org\/{rel}","templated":true}]}}