{"id":147078,"date":"2024-10-15T20:34:12","date_gmt":"2024-10-15T18:34:12","guid":{"rendered":"https:\/\/kortleksbolaget.se\/produkt\/smoke-mirrors-v1-relaunch-edition-black\/"},"modified":"2025-11-08T00:12:57","modified_gmt":"2025-11-07T23:12:57","slug":"smoke-mirrors-v1-relaunch-edition-black","status":"publish","type":"product","link":"https:\/\/kortleksbolaget.se\/da\/produkt\/smoke-mirrors-v1-relaunch-edition-black\/","title":{"rendered":"Smoke &#038; Mirrors V1 Relaunch Edition Black"},"content":{"rendered":"","protected":false},"excerpt":{"rendered":"<p>Originally released in 2007, <b>Smoke &amp; Mirrors Playing Cards <\/b> have since been printed in over thirty unique editions and colorways but none quite like the original. To commemorate the 17-year anniversary, we produced a limited <b>Relaunch Edition of Version 1 <\/b> featuring the return of the minimal court cards, joker and ace of spades along with a slightly modified back design. This is as close to the original design you can get without spending a small fortune on the resale market.<\/p>\n<p><b>Features: <\/b><\/p>\n<ul>\n<li>Two Editions: Smoke Edition (White) and Mirror Edition (Black).<\/li>\n<li>Produced by Dan and Dave. For the first time in 17 years, these are back in print.<\/li>\n<li>Updated back design from the original edition that was released in 2007.<\/li>\n<li>Printed by the United States Playing Card Company on thin stock developed by Dan &amp; Dave.<\/li>\n<\/ul>\n<p><span class=\"Y2IQFc\" lang=\"sv\">\u00a0<\/span> [&#8230;]<\/p>\n<p><a class=\"btn btn-secondary understrap-read-more-link\" href=\"https:\/\/kortleksbolaget.se\/da\/produkt\/smoke-mirrors-v1-relaunch-edition-black\/\">L\u00e6s mere&#8230;<span class=\"screen-reader-text\"> from Smoke &#038; Mirrors V1 Relaunch Edition Black<\/span><\/a><\/p>\n","protected":false},"featured_media":147068,"template":"","meta":{"_acf_changed":false},"product_brand":[],"product_cat":[231],"product_tag":[],"class_list":{"0":"post-147078","1":"product","2":"type-product","3":"status-publish","4":"has-post-thumbnail","6":"varumarke-uspcc-da","7":"product_cat-special-luksus-limited-da","9":"first","10":"instock","11":"taxable","12":"shipping-taxable","13":"purchasable","14":"product-type-simple"},"acf":[],"yoast_head":"<!-- This site is optimized with the Yoast SEO plugin v26.3 - https:\/\/yoast.com\/wordpress\/plugins\/seo\/ -->\n<title>Kortlek Smoke &amp; Mirrors V1 Relaunch Edition Black | Kortleksbolaget<\/title>\n<meta name=\"description\" content=\"K\u00f6p Smoke &amp; Mirrors V1 Relaunch Edition Black. Snabba leveranser &amp; bra priser. Sveriges st\u00f6rsta sortiment av kortlekar p\u00e5 Kortleksbolaget!\" \/>\n<meta name=\"robots\" content=\"index, follow, max-snippet:-1, max-image-preview:large, max-video-preview:-1\" \/>\n<link rel=\"canonical\" href=\"https:\/\/kortleksbolaget.se\/da\/produkt\/smoke-mirrors-v1-relaunch-edition-black\/\" \/>\n<meta property=\"og:locale\" content=\"da_DK\" \/>\n<meta property=\"og:type\" content=\"article\" \/>\n<meta property=\"og:title\" content=\"Kortlek Smoke &amp; Mirrors V1 Relaunch Edition Black | Kortleksbolaget\" \/>\n<meta property=\"og:description\" content=\"K\u00f6p Smoke &amp; Mirrors V1 Relaunch Edition Black. Snabba leveranser &amp; bra priser. Sveriges st\u00f6rsta sortiment av kortlekar p\u00e5 Kortleksbolaget!\" \/>\n<meta property=\"og:url\" content=\"https:\/\/kortleksbolaget.se\/da\/produkt\/smoke-mirrors-v1-relaunch-edition-black\/\" \/>\n<meta property=\"og:site_name\" content=\"Kortleksbolaget\" \/>\n<meta property=\"article:modified_time\" content=\"2025-11-07T23:12:57+00:00\" \/>\n<meta property=\"og:image\" content=\"https:\/\/kortleksbolaget.se\/wp-content\/uploads\/v1_smoke_mirror.jpg\" \/>\n\t<meta property=\"og:image:width\" content=\"517\" \/>\n\t<meta property=\"og:image:height\" content=\"775\" \/>\n\t<meta property=\"og:image:type\" content=\"image\/jpeg\" \/>\n<meta name=\"twitter:card\" content=\"summary_large_image\" \/>\n<meta name=\"twitter:label1\" content=\"Estimeret l\u00e6setid\" \/>\n\t<meta name=\"twitter:data1\" content=\"1 minut\" \/>\n<script type=\"application\/ld+json\" class=\"yoast-schema-graph\">{\"@context\":\"https:\/\/schema.org\",\"@graph\":[{\"@type\":\"WebPage\",\"@id\":\"https:\/\/kortleksbolaget.se\/da\/produkt\/smoke-mirrors-v1-relaunch-edition-black\/\",\"url\":\"https:\/\/kortleksbolaget.se\/da\/produkt\/smoke-mirrors-v1-relaunch-edition-black\/\",\"name\":\"Kortlek Smoke & Mirrors V1 Relaunch Edition Black | Kortleksbolaget\",\"isPartOf\":{\"@id\":\"https:\/\/kortleksbolaget.se\/da\/#website\"},\"primaryImageOfPage\":{\"@id\":\"https:\/\/kortleksbolaget.se\/da\/produkt\/smoke-mirrors-v1-relaunch-edition-black\/#primaryimage\"},\"image\":{\"@id\":\"https:\/\/kortleksbolaget.se\/da\/produkt\/smoke-mirrors-v1-relaunch-edition-black\/#primaryimage\"},\"thumbnailUrl\":\"https:\/\/kortleksbolaget.se\/wp-content\/uploads\/v1_smoke_mirror.jpg\",\"datePublished\":\"2024-10-15T18:34:12+00:00\",\"dateModified\":\"2025-11-07T23:12:57+00:00\",\"description\":\"K\u00f6p Smoke & Mirrors V1 Relaunch Edition Black. Snabba leveranser & bra priser. Sveriges st\u00f6rsta sortiment av kortlekar p\u00e5 Kortleksbolaget!\",\"breadcrumb\":{\"@id\":\"https:\/\/kortleksbolaget.se\/da\/produkt\/smoke-mirrors-v1-relaunch-edition-black\/#breadcrumb\"},\"inLanguage\":\"da-DK\",\"potentialAction\":[{\"@type\":\"ReadAction\",\"target\":[\"https:\/\/kortleksbolaget.se\/da\/produkt\/smoke-mirrors-v1-relaunch-edition-black\/\"]}]},{\"@type\":\"ImageObject\",\"inLanguage\":\"da-DK\",\"@id\":\"https:\/\/kortleksbolaget.se\/da\/produkt\/smoke-mirrors-v1-relaunch-edition-black\/#primaryimage\",\"url\":\"https:\/\/kortleksbolaget.se\/wp-content\/uploads\/v1_smoke_mirror.jpg\",\"contentUrl\":\"https:\/\/kortleksbolaget.se\/wp-content\/uploads\/v1_smoke_mirror.jpg\",\"width\":517,\"height\":775},{\"@type\":\"BreadcrumbList\",\"@id\":\"https:\/\/kortleksbolaget.se\/da\/produkt\/smoke-mirrors-v1-relaunch-edition-black\/#breadcrumb\",\"itemListElement\":[{\"@type\":\"ListItem\",\"position\":1,\"name\":\"Hem\",\"item\":\"https:\/\/kortleksbolaget.se\/da\/\"},{\"@type\":\"ListItem\",\"position\":2,\"name\":\"Shop\",\"item\":\"https:\/\/kortleksbolaget.se\/da\/shop-2\/\"},{\"@type\":\"ListItem\",\"position\":3,\"name\":\"Smoke &#038; Mirrors V1 Relaunch Edition Black\"}]},{\"@type\":\"WebSite\",\"@id\":\"https:\/\/kortleksbolaget.se\/da\/#website\",\"url\":\"https:\/\/kortleksbolaget.se\/da\/\",\"name\":\"Kortleksbolaget\",\"description\":\"Kortlekar p\u00e5 n\u00e4tet\",\"publisher\":{\"@id\":\"https:\/\/kortleksbolaget.se\/da\/#organization\"},\"potentialAction\":[{\"@type\":\"SearchAction\",\"target\":{\"@type\":\"EntryPoint\",\"urlTemplate\":\"https:\/\/kortleksbolaget.se\/da\/?s={search_term_string}\"},\"query-input\":{\"@type\":\"PropertyValueSpecification\",\"valueRequired\":true,\"valueName\":\"search_term_string\"}}],\"inLanguage\":\"da-DK\"},{\"@type\":\"Organization\",\"@id\":\"https:\/\/kortleksbolaget.se\/da\/#organization\",\"name\":\"Kortleksbolaget\",\"url\":\"https:\/\/kortleksbolaget.se\/da\/\",\"logo\":{\"@type\":\"ImageObject\",\"inLanguage\":\"da-DK\",\"@id\":\"https:\/\/kortleksbolaget.se\/da\/#\/schema\/logo\/image\/\",\"url\":\"https:\/\/kortleksbolaget.se\/wp-content\/uploads\/kortleksbolaget_logo-svart.png\",\"contentUrl\":\"https:\/\/kortleksbolaget.se\/wp-content\/uploads\/kortleksbolaget_logo-svart.png\",\"width\":1200,\"height\":296,\"caption\":\"Kortleksbolaget\"},\"image\":{\"@id\":\"https:\/\/kortleksbolaget.se\/da\/#\/schema\/logo\/image\/\"}}]}<\/script>\n<!-- \/ Yoast SEO plugin. -->","yoast_head_json":{"title":"Kortlek Smoke & Mirrors V1 Relaunch Edition Black | Kortleksbolaget","description":"K\u00f6p Smoke & Mirrors V1 Relaunch Edition Black. Snabba leveranser & bra priser. Sveriges st\u00f6rsta sortiment av kortlekar p\u00e5 Kortleksbolaget!","robots":{"index":"index","follow":"follow","max-snippet":"max-snippet:-1","max-image-preview":"max-image-preview:large","max-video-preview":"max-video-preview:-1"},"canonical":"https:\/\/kortleksbolaget.se\/da\/produkt\/smoke-mirrors-v1-relaunch-edition-black\/","og_locale":"da_DK","og_type":"article","og_title":"Kortlek Smoke & Mirrors V1 Relaunch Edition Black | Kortleksbolaget","og_description":"K\u00f6p Smoke & Mirrors V1 Relaunch Edition Black. Snabba leveranser & bra priser. Sveriges st\u00f6rsta sortiment av kortlekar p\u00e5 Kortleksbolaget!","og_url":"https:\/\/kortleksbolaget.se\/da\/produkt\/smoke-mirrors-v1-relaunch-edition-black\/","og_site_name":"Kortleksbolaget","article_modified_time":"2025-11-07T23:12:57+00:00","og_image":[{"width":517,"height":775,"url":"https:\/\/kortleksbolaget.se\/wp-content\/uploads\/v1_smoke_mirror.jpg","type":"image\/jpeg"}],"twitter_card":"summary_large_image","twitter_misc":{"Estimeret l\u00e6setid":"1 minut"},"schema":{"@context":"https:\/\/schema.org","@graph":[{"@type":"WebPage","@id":"https:\/\/kortleksbolaget.se\/da\/produkt\/smoke-mirrors-v1-relaunch-edition-black\/","url":"https:\/\/kortleksbolaget.se\/da\/produkt\/smoke-mirrors-v1-relaunch-edition-black\/","name":"Kortlek Smoke & Mirrors V1 Relaunch Edition Black | Kortleksbolaget","isPartOf":{"@id":"https:\/\/kortleksbolaget.se\/da\/#website"},"primaryImageOfPage":{"@id":"https:\/\/kortleksbolaget.se\/da\/produkt\/smoke-mirrors-v1-relaunch-edition-black\/#primaryimage"},"image":{"@id":"https:\/\/kortleksbolaget.se\/da\/produkt\/smoke-mirrors-v1-relaunch-edition-black\/#primaryimage"},"thumbnailUrl":"https:\/\/kortleksbolaget.se\/wp-content\/uploads\/v1_smoke_mirror.jpg","datePublished":"2024-10-15T18:34:12+00:00","dateModified":"2025-11-07T23:12:57+00:00","description":"K\u00f6p Smoke & Mirrors V1 Relaunch Edition Black. Snabba leveranser & bra priser. Sveriges st\u00f6rsta sortiment av kortlekar p\u00e5 Kortleksbolaget!","breadcrumb":{"@id":"https:\/\/kortleksbolaget.se\/da\/produkt\/smoke-mirrors-v1-relaunch-edition-black\/#breadcrumb"},"inLanguage":"da-DK","potentialAction":[{"@type":"ReadAction","target":["https:\/\/kortleksbolaget.se\/da\/produkt\/smoke-mirrors-v1-relaunch-edition-black\/"]}]},{"@type":"ImageObject","inLanguage":"da-DK","@id":"https:\/\/kortleksbolaget.se\/da\/produkt\/smoke-mirrors-v1-relaunch-edition-black\/#primaryimage","url":"https:\/\/kortleksbolaget.se\/wp-content\/uploads\/v1_smoke_mirror.jpg","contentUrl":"https:\/\/kortleksbolaget.se\/wp-content\/uploads\/v1_smoke_mirror.jpg","width":517,"height":775},{"@type":"BreadcrumbList","@id":"https:\/\/kortleksbolaget.se\/da\/produkt\/smoke-mirrors-v1-relaunch-edition-black\/#breadcrumb","itemListElement":[{"@type":"ListItem","position":1,"name":"Hem","item":"https:\/\/kortleksbolaget.se\/da\/"},{"@type":"ListItem","position":2,"name":"Shop","item":"https:\/\/kortleksbolaget.se\/da\/shop-2\/"},{"@type":"ListItem","position":3,"name":"Smoke &#038; Mirrors V1 Relaunch Edition Black"}]},{"@type":"WebSite","@id":"https:\/\/kortleksbolaget.se\/da\/#website","url":"https:\/\/kortleksbolaget.se\/da\/","name":"Kortleksbolaget","description":"Kortlekar p\u00e5 n\u00e4tet","publisher":{"@id":"https:\/\/kortleksbolaget.se\/da\/#organization"},"potentialAction":[{"@type":"SearchAction","target":{"@type":"EntryPoint","urlTemplate":"https:\/\/kortleksbolaget.se\/da\/?s={search_term_string}"},"query-input":{"@type":"PropertyValueSpecification","valueRequired":true,"valueName":"search_term_string"}}],"inLanguage":"da-DK"},{"@type":"Organization","@id":"https:\/\/kortleksbolaget.se\/da\/#organization","name":"Kortleksbolaget","url":"https:\/\/kortleksbolaget.se\/da\/","logo":{"@type":"ImageObject","inLanguage":"da-DK","@id":"https:\/\/kortleksbolaget.se\/da\/#\/schema\/logo\/image\/","url":"https:\/\/kortleksbolaget.se\/wp-content\/uploads\/kortleksbolaget_logo-svart.png","contentUrl":"https:\/\/kortleksbolaget.se\/wp-content\/uploads\/kortleksbolaget_logo-svart.png","width":1200,"height":296,"caption":"Kortleksbolaget"},"image":{"@id":"https:\/\/kortleksbolaget.se\/da\/#\/schema\/logo\/image\/"}}]}},"_links":{"self":[{"href":"https:\/\/kortleksbolaget.se\/da\/wp-json\/wp\/v2\/product\/147078","targetHints":{"allow":["GET"]}}],"collection":[{"href":"https:\/\/kortleksbolaget.se\/da\/wp-json\/wp\/v2\/product"}],"about":[{"href":"https:\/\/kortleksbolaget.se\/da\/wp-json\/wp\/v2\/types\/product"}],"wp:featuredmedia":[{"embeddable":true,"href":"https:\/\/kortleksbolaget.se\/da\/wp-json\/wp\/v2\/media\/147068"}],"wp:attachment":[{"href":"https:\/\/kortleksbolaget.se\/da\/wp-json\/wp\/v2\/media?parent=147078"}],"wp:term":[{"taxonomy":"product_brand","embeddable":true,"href":"https:\/\/kortleksbolaget.se\/da\/wp-json\/wp\/v2\/product_brand?post=147078"},{"taxonomy":"product_cat","embeddable":true,"href":"https:\/\/kortleksbolaget.se\/da\/wp-json\/wp\/v2\/product_cat?post=147078"},{"taxonomy":"product_tag","embeddable":true,"href":"https:\/\/kortleksbolaget.se\/da\/wp-json\/wp\/v2\/product_tag?post=147078"}],"curies":[{"name":"wp","href":"https:\/\/api.w.org\/{rel}","templated":true}]}}