{"id":148609,"date":"2024-12-15T11:13:00","date_gmt":"2024-12-15T10:13:00","guid":{"rendered":"https:\/\/kortleksbolaget.se\/produkt\/dmc-alpha-purple-v3-portcullis\/"},"modified":"2024-12-15T11:13:00","modified_gmt":"2024-12-15T10:13:00","slug":"dmc-alpha-purple-v3-portcullis","status":"publish","type":"product","link":"https:\/\/kortleksbolaget.se\/da\/produkt\/dmc-alpha-purple-v3-portcullis\/","title":{"rendered":"DMC Alpha Purple V3 Portcullis"},"content":{"rendered":"","protected":false},"excerpt":{"rendered":"<div id=\"tw-target-text-container\" class=\"tw-ta-container F0azHf tw-nfl\" tabindex=\"0\" role=\"text\">\n<p id=\"tw-target-text\" class=\"tw-data-text tw-text-large tw-ta\" dir=\"ltr\" data-placeholder=\"\u00d6vers\u00e4ttning\" data-ved=\"2ahUKEwitsurpq9eJAxVUBhAIHTkeI_AQ3ewLegQICRAT\" aria-label=\"\u00d6versatt text: Vi presenterar DMC ALPHAS v3, h\u00f6jdpunkten av effekt och sofistikering f\u00f6r b\u00e5de magiker och mentalister \u00f6ver hela v\u00e4rlden (designad i samarbete med den anm\u00e4rkningsv\u00e4rda Lee McKenzie). Med sin unika f\u00f6rm\u00e5ga att avsl\u00f6ja namnen p\u00e5 dina \u00e5sk\u00e5dare, deras n\u00e4ra och k\u00e4ra och deras minnen, kommer DMC ALPHAS v3 garanterat att provocera fram k\u00e4nslom\u00e4ssiga reaktioner fr\u00e5n dina \u00e5sk\u00e5dare som aldrig f\u00f6rr... reaktioner som helt enkelt inte \u00e4r m\u00f6jliga med traditionella spelkort. Detta \u00e4r verkligen en f\u00f6r\u00f6dande ny DIMENSION av kortmagi och mentalism. Ut\u00f6ver deras funktionalitet har DMC ALPHAS v3 ocks\u00e5 en tidl\u00f6s elegant design och den lyxiga PHANTOM FINISH, vilket g\u00f6r dem till en fr\u00f6jd att hantera, fl\u00e4kta och sprida. Med sin \u00f6verl\u00e4gsna h\u00e5llbarhet kommer DMC ALPHAS ocks\u00e5 att motst\u00e5 p\u00e5frestningarna av \u00e4ven de mest kr\u00e4vande prestanda. Fullt markerade i alla fyra h\u00f6rnen med det helt nya 2024 PORTCULLIS MARKING SYSTEM, korten har ocks\u00e5 ett subtilt enkelriktat m\u00e4rkningssystem och det spr\u00e5kfria instruktionskortet ing\u00e5r i varje kortlek. G\u00e5 med i den exklusiva skaran av elitmagiker och mentalister runt om i v\u00e4rlden som kr\u00e4ver inget annat \u00e4n det allra b\u00e4sta. Unna dig den ultimata kortmagiska upplevelsen med DMC ALPHAS v3 och lyft din magi och mentalism till h\u00f6jder du aldrig f\u00f6rest\u00e4llt dig m\u00f6jlig.\"><span class=\"Y2IQFc\" lang=\"sv\">Introducing the <b>DMC ALPHAS v3<\/b>, the pinnacle of impact and sophistication for both magicians and mentalists worldwide (designed in collaboration with the remarkable Lee McKenzie). With its unique ability to reveal the names of your spectators, their loved ones and their memories, the <b>DMC ALPHAS v3<\/b> are guaranteed to provoke emotional responses from your spectators like never before &#8230; reactions that simply are not possible with traditional playing cards. This is truly a devastating new DIMENSION of card magic and mentalism.<\/p>\n<p>Beyond their functionality, the <b>DMC ALPHAS v3<\/b> also boast a timelessly elegant design and the luxury PHANTOM FINISH, making them a joy to handle, fan and spread. With their superior durability, the DMC ALPHAS will also withstand the rigors of even the most demanding performances. Fully marked in all four corners with the brand new 2024 PORTCULLIS MARKING SYSTEM, the cards also feature a subtle one-way marking system and the language-free instruction card is included inside every deck.<\/p>\n<p>Join the exclusive ranks of elite magicians and mentalists around the world who demand nothing but the very best. Treat yourself to the ultimate card magic experience with the <b>DMC ALPHAS v3<\/b> and elevate your magic and mentalism to heights you&#8217;ve never imagined possible.<\/span><\/p>\n<\/div>\n<div id=\"tw-target-rmn-container\" class=\"tw-target-rmn tw-ta-container F0azHf tw-nfl\" tabindex=\"0\" role=\"text\">\n<pre id=\"tw-target-rmn\" class=\"tw-data-placeholder tw-text-small tw-ta\" dir=\"ltr\" data-placeholder=\"\"><\/pre>\n<\/div>\n<p> [&#8230;]<\/p>\n<p><a class=\"btn btn-secondary understrap-read-more-link\" href=\"https:\/\/kortleksbolaget.se\/da\/produkt\/dmc-alpha-purple-v3-portcullis\/\">L\u00e6s mere&#8230;<span class=\"screen-reader-text\"> from DMC Alpha Purple V3 Portcullis<\/span><\/a><\/p>\n","protected":false},"featured_media":148599,"template":"","meta":{"_acf_changed":false},"product_brand":[],"product_cat":[231,225],"product_tag":[],"class_list":{"0":"post-148609","1":"product","2":"type-product","3":"status-publish","4":"has-post-thumbnail","6":"product_cat-special-luksus-limited-da","7":"product_cat-magisk-da","9":"first","10":"instock","11":"taxable","12":"shipping-taxable","13":"purchasable","14":"product-type-simple"},"acf":[],"yoast_head":"<!-- This site is optimized with the Yoast SEO plugin v26.3 - https:\/\/yoast.com\/wordpress\/plugins\/seo\/ -->\n<title>Kortlek DMC Alpha Purple V3 Portcullis | Kortleksbolaget<\/title>\n<meta name=\"description\" content=\"K\u00f6p DMC Alpha Purple V3 Portcullis. Snabba leveranser &amp; bra priser. Sveriges st\u00f6rsta sortiment av kortlekar p\u00e5 Kortleksbolaget!\" \/>\n<meta name=\"robots\" content=\"index, follow, max-snippet:-1, max-image-preview:large, max-video-preview:-1\" \/>\n<link rel=\"canonical\" href=\"https:\/\/kortleksbolaget.se\/da\/produkt\/dmc-alpha-purple-v3-portcullis\/\" \/>\n<meta property=\"og:locale\" content=\"da_DK\" \/>\n<meta property=\"og:type\" content=\"article\" \/>\n<meta property=\"og:title\" content=\"Kortlek DMC Alpha Purple V3 Portcullis | Kortleksbolaget\" \/>\n<meta property=\"og:description\" content=\"K\u00f6p DMC Alpha Purple V3 Portcullis. Snabba leveranser &amp; bra priser. Sveriges st\u00f6rsta sortiment av kortlekar p\u00e5 Kortleksbolaget!\" \/>\n<meta property=\"og:url\" content=\"https:\/\/kortleksbolaget.se\/da\/produkt\/dmc-alpha-purple-v3-portcullis\/\" \/>\n<meta property=\"og:site_name\" content=\"Kortleksbolaget\" \/>\n<meta property=\"og:image\" content=\"https:\/\/kortleksbolaget.se\/wp-content\/uploads\/alphas-dmc-marked.jpg\" \/>\n\t<meta property=\"og:image:width\" content=\"477\" \/>\n\t<meta property=\"og:image:height\" content=\"715\" \/>\n\t<meta property=\"og:image:type\" content=\"image\/jpeg\" \/>\n<meta name=\"twitter:card\" content=\"summary_large_image\" \/>\n<meta name=\"twitter:label1\" content=\"Estimeret l\u00e6setid\" \/>\n\t<meta name=\"twitter:data1\" content=\"1 minut\" \/>\n<script type=\"application\/ld+json\" class=\"yoast-schema-graph\">{\"@context\":\"https:\/\/schema.org\",\"@graph\":[{\"@type\":\"WebPage\",\"@id\":\"https:\/\/kortleksbolaget.se\/da\/produkt\/dmc-alpha-purple-v3-portcullis\/\",\"url\":\"https:\/\/kortleksbolaget.se\/da\/produkt\/dmc-alpha-purple-v3-portcullis\/\",\"name\":\"Kortlek DMC Alpha Purple V3 Portcullis | Kortleksbolaget\",\"isPartOf\":{\"@id\":\"https:\/\/kortleksbolaget.se\/da\/#website\"},\"primaryImageOfPage\":{\"@id\":\"https:\/\/kortleksbolaget.se\/da\/produkt\/dmc-alpha-purple-v3-portcullis\/#primaryimage\"},\"image\":{\"@id\":\"https:\/\/kortleksbolaget.se\/da\/produkt\/dmc-alpha-purple-v3-portcullis\/#primaryimage\"},\"thumbnailUrl\":\"https:\/\/kortleksbolaget.se\/wp-content\/uploads\/alphas-dmc-marked.jpg\",\"datePublished\":\"2024-12-15T10:13:00+00:00\",\"description\":\"K\u00f6p DMC Alpha Purple V3 Portcullis. Snabba leveranser & bra priser. Sveriges st\u00f6rsta sortiment av kortlekar p\u00e5 Kortleksbolaget!\",\"breadcrumb\":{\"@id\":\"https:\/\/kortleksbolaget.se\/da\/produkt\/dmc-alpha-purple-v3-portcullis\/#breadcrumb\"},\"inLanguage\":\"da-DK\",\"potentialAction\":[{\"@type\":\"ReadAction\",\"target\":[\"https:\/\/kortleksbolaget.se\/da\/produkt\/dmc-alpha-purple-v3-portcullis\/\"]}]},{\"@type\":\"ImageObject\",\"inLanguage\":\"da-DK\",\"@id\":\"https:\/\/kortleksbolaget.se\/da\/produkt\/dmc-alpha-purple-v3-portcullis\/#primaryimage\",\"url\":\"https:\/\/kortleksbolaget.se\/wp-content\/uploads\/alphas-dmc-marked.jpg\",\"contentUrl\":\"https:\/\/kortleksbolaget.se\/wp-content\/uploads\/alphas-dmc-marked.jpg\",\"width\":477,\"height\":715},{\"@type\":\"BreadcrumbList\",\"@id\":\"https:\/\/kortleksbolaget.se\/da\/produkt\/dmc-alpha-purple-v3-portcullis\/#breadcrumb\",\"itemListElement\":[{\"@type\":\"ListItem\",\"position\":1,\"name\":\"Hem\",\"item\":\"https:\/\/kortleksbolaget.se\/da\/\"},{\"@type\":\"ListItem\",\"position\":2,\"name\":\"Shop\",\"item\":\"https:\/\/kortleksbolaget.se\/da\/shop-2\/\"},{\"@type\":\"ListItem\",\"position\":3,\"name\":\"DMC Alpha Purple V3 Portcullis\"}]},{\"@type\":\"WebSite\",\"@id\":\"https:\/\/kortleksbolaget.se\/da\/#website\",\"url\":\"https:\/\/kortleksbolaget.se\/da\/\",\"name\":\"Kortleksbolaget\",\"description\":\"Kortlekar p\u00e5 n\u00e4tet\",\"publisher\":{\"@id\":\"https:\/\/kortleksbolaget.se\/da\/#organization\"},\"potentialAction\":[{\"@type\":\"SearchAction\",\"target\":{\"@type\":\"EntryPoint\",\"urlTemplate\":\"https:\/\/kortleksbolaget.se\/da\/?s={search_term_string}\"},\"query-input\":{\"@type\":\"PropertyValueSpecification\",\"valueRequired\":true,\"valueName\":\"search_term_string\"}}],\"inLanguage\":\"da-DK\"},{\"@type\":\"Organization\",\"@id\":\"https:\/\/kortleksbolaget.se\/da\/#organization\",\"name\":\"Kortleksbolaget\",\"url\":\"https:\/\/kortleksbolaget.se\/da\/\",\"logo\":{\"@type\":\"ImageObject\",\"inLanguage\":\"da-DK\",\"@id\":\"https:\/\/kortleksbolaget.se\/da\/#\/schema\/logo\/image\/\",\"url\":\"https:\/\/kortleksbolaget.se\/wp-content\/uploads\/kortleksbolaget_logo-svart.png\",\"contentUrl\":\"https:\/\/kortleksbolaget.se\/wp-content\/uploads\/kortleksbolaget_logo-svart.png\",\"width\":1200,\"height\":296,\"caption\":\"Kortleksbolaget\"},\"image\":{\"@id\":\"https:\/\/kortleksbolaget.se\/da\/#\/schema\/logo\/image\/\"}}]}<\/script>\n<!-- \/ Yoast SEO plugin. -->","yoast_head_json":{"title":"Kortlek DMC Alpha Purple V3 Portcullis | Kortleksbolaget","description":"K\u00f6p DMC Alpha Purple V3 Portcullis. Snabba leveranser & bra priser. Sveriges st\u00f6rsta sortiment av kortlekar p\u00e5 Kortleksbolaget!","robots":{"index":"index","follow":"follow","max-snippet":"max-snippet:-1","max-image-preview":"max-image-preview:large","max-video-preview":"max-video-preview:-1"},"canonical":"https:\/\/kortleksbolaget.se\/da\/produkt\/dmc-alpha-purple-v3-portcullis\/","og_locale":"da_DK","og_type":"article","og_title":"Kortlek DMC Alpha Purple V3 Portcullis | Kortleksbolaget","og_description":"K\u00f6p DMC Alpha Purple V3 Portcullis. Snabba leveranser & bra priser. Sveriges st\u00f6rsta sortiment av kortlekar p\u00e5 Kortleksbolaget!","og_url":"https:\/\/kortleksbolaget.se\/da\/produkt\/dmc-alpha-purple-v3-portcullis\/","og_site_name":"Kortleksbolaget","og_image":[{"width":477,"height":715,"url":"https:\/\/kortleksbolaget.se\/wp-content\/uploads\/alphas-dmc-marked.jpg","type":"image\/jpeg"}],"twitter_card":"summary_large_image","twitter_misc":{"Estimeret l\u00e6setid":"1 minut"},"schema":{"@context":"https:\/\/schema.org","@graph":[{"@type":"WebPage","@id":"https:\/\/kortleksbolaget.se\/da\/produkt\/dmc-alpha-purple-v3-portcullis\/","url":"https:\/\/kortleksbolaget.se\/da\/produkt\/dmc-alpha-purple-v3-portcullis\/","name":"Kortlek DMC Alpha Purple V3 Portcullis | Kortleksbolaget","isPartOf":{"@id":"https:\/\/kortleksbolaget.se\/da\/#website"},"primaryImageOfPage":{"@id":"https:\/\/kortleksbolaget.se\/da\/produkt\/dmc-alpha-purple-v3-portcullis\/#primaryimage"},"image":{"@id":"https:\/\/kortleksbolaget.se\/da\/produkt\/dmc-alpha-purple-v3-portcullis\/#primaryimage"},"thumbnailUrl":"https:\/\/kortleksbolaget.se\/wp-content\/uploads\/alphas-dmc-marked.jpg","datePublished":"2024-12-15T10:13:00+00:00","description":"K\u00f6p DMC Alpha Purple V3 Portcullis. Snabba leveranser & bra priser. Sveriges st\u00f6rsta sortiment av kortlekar p\u00e5 Kortleksbolaget!","breadcrumb":{"@id":"https:\/\/kortleksbolaget.se\/da\/produkt\/dmc-alpha-purple-v3-portcullis\/#breadcrumb"},"inLanguage":"da-DK","potentialAction":[{"@type":"ReadAction","target":["https:\/\/kortleksbolaget.se\/da\/produkt\/dmc-alpha-purple-v3-portcullis\/"]}]},{"@type":"ImageObject","inLanguage":"da-DK","@id":"https:\/\/kortleksbolaget.se\/da\/produkt\/dmc-alpha-purple-v3-portcullis\/#primaryimage","url":"https:\/\/kortleksbolaget.se\/wp-content\/uploads\/alphas-dmc-marked.jpg","contentUrl":"https:\/\/kortleksbolaget.se\/wp-content\/uploads\/alphas-dmc-marked.jpg","width":477,"height":715},{"@type":"BreadcrumbList","@id":"https:\/\/kortleksbolaget.se\/da\/produkt\/dmc-alpha-purple-v3-portcullis\/#breadcrumb","itemListElement":[{"@type":"ListItem","position":1,"name":"Hem","item":"https:\/\/kortleksbolaget.se\/da\/"},{"@type":"ListItem","position":2,"name":"Shop","item":"https:\/\/kortleksbolaget.se\/da\/shop-2\/"},{"@type":"ListItem","position":3,"name":"DMC Alpha Purple V3 Portcullis"}]},{"@type":"WebSite","@id":"https:\/\/kortleksbolaget.se\/da\/#website","url":"https:\/\/kortleksbolaget.se\/da\/","name":"Kortleksbolaget","description":"Kortlekar p\u00e5 n\u00e4tet","publisher":{"@id":"https:\/\/kortleksbolaget.se\/da\/#organization"},"potentialAction":[{"@type":"SearchAction","target":{"@type":"EntryPoint","urlTemplate":"https:\/\/kortleksbolaget.se\/da\/?s={search_term_string}"},"query-input":{"@type":"PropertyValueSpecification","valueRequired":true,"valueName":"search_term_string"}}],"inLanguage":"da-DK"},{"@type":"Organization","@id":"https:\/\/kortleksbolaget.se\/da\/#organization","name":"Kortleksbolaget","url":"https:\/\/kortleksbolaget.se\/da\/","logo":{"@type":"ImageObject","inLanguage":"da-DK","@id":"https:\/\/kortleksbolaget.se\/da\/#\/schema\/logo\/image\/","url":"https:\/\/kortleksbolaget.se\/wp-content\/uploads\/kortleksbolaget_logo-svart.png","contentUrl":"https:\/\/kortleksbolaget.se\/wp-content\/uploads\/kortleksbolaget_logo-svart.png","width":1200,"height":296,"caption":"Kortleksbolaget"},"image":{"@id":"https:\/\/kortleksbolaget.se\/da\/#\/schema\/logo\/image\/"}}]}},"_links":{"self":[{"href":"https:\/\/kortleksbolaget.se\/da\/wp-json\/wp\/v2\/product\/148609","targetHints":{"allow":["GET"]}}],"collection":[{"href":"https:\/\/kortleksbolaget.se\/da\/wp-json\/wp\/v2\/product"}],"about":[{"href":"https:\/\/kortleksbolaget.se\/da\/wp-json\/wp\/v2\/types\/product"}],"wp:featuredmedia":[{"embeddable":true,"href":"https:\/\/kortleksbolaget.se\/da\/wp-json\/wp\/v2\/media\/148599"}],"wp:attachment":[{"href":"https:\/\/kortleksbolaget.se\/da\/wp-json\/wp\/v2\/media?parent=148609"}],"wp:term":[{"taxonomy":"product_brand","embeddable":true,"href":"https:\/\/kortleksbolaget.se\/da\/wp-json\/wp\/v2\/product_brand?post=148609"},{"taxonomy":"product_cat","embeddable":true,"href":"https:\/\/kortleksbolaget.se\/da\/wp-json\/wp\/v2\/product_cat?post=148609"},{"taxonomy":"product_tag","embeddable":true,"href":"https:\/\/kortleksbolaget.se\/da\/wp-json\/wp\/v2\/product_tag?post=148609"}],"curies":[{"name":"wp","href":"https:\/\/api.w.org\/{rel}","templated":true}]}}