{"id":148623,"date":"2024-12-15T11:15:12","date_gmt":"2024-12-15T10:15:12","guid":{"rendered":"https:\/\/kortleksbolaget.se\/produkt\/dmc-elites-v6-portcullis\/"},"modified":"2024-12-15T11:15:12","modified_gmt":"2024-12-15T10:15:12","slug":"dmc-elites-v6-portcullis","status":"publish","type":"product","link":"https:\/\/kortleksbolaget.se\/da\/produkt\/dmc-elites-v6-portcullis\/","title":{"rendered":"DMC Elites V6 Portcullis"},"content":{"rendered":"","protected":false},"excerpt":{"rendered":"<div id=\"tw-target-text-container\" class=\"tw-ta-container F0azHf tw-nfl\" tabindex=\"0\" role=\"text\">\n<p id=\"tw-target-text\" class=\"tw-data-text tw-text-large tw-ta\" dir=\"ltr\" data-placeholder=\"\u00d6vers\u00e4ttning\" data-ved=\"2ahUKEwitsurpq9eJAxVUBhAIHTkeI_AQ3ewLegQICRAT\" aria-label=\"\u00d6versatt text: Det ultimata inom prestanda, stil och sofistikering, DMC ELITES v6 (PORTCULLIS EDITION) \u00e4r resultatet av \u00e5r av forskning, f\u00f6rfining och utveckling (i samarbete med den anm\u00e4rkningsv\u00e4rda designern Lee McKenzie), och \u00e4r designade f\u00f6r att ge en o\u00f6vertr\u00e4ffad prestationsupplevelse i alla situation. Med det helt nya 2024 PORTCULLIS MARKING SYSTEM, l\u00e5ter DMC ELITES v6 dig utf\u00f6ra fantastiska magi med l\u00e4tthet. \u00c4ven om markeringarna \u00e4r helt osynliga vid f\u00f6rsta inspektionen, n\u00e4r de v\u00e4l har f\u00f6rst\u00e5tts kan de l\u00e4tt avl\u00e4sas inom en sekund... och p\u00e5 ett avst\u00e5nd p\u00e5 upp till sex fot! Ut\u00f6ver deras funktionalitet har DMC ELITES v6 ocks\u00e5 en tidl\u00f6s elegant design och den lyxiga PHANTOM FINISH, vilket g\u00f6r dem till en fr\u00f6jd att hantera, fl\u00e4kta och sprida. Med sin \u00f6verl\u00e4gsna h\u00e5llbarhet kommer ELITES ocks\u00e5 att motst\u00e5 p\u00e5frestningarna av \u00e4ven de mest kr\u00e4vande f\u00f6rest\u00e4llningarna. Oavsett om det \u00e4r en professionell eller en magisk amat\u00f6rentusiast, \u00e4r DMC ELITES v6 det ultimata valet f\u00f6r alla seri\u00f6sa kortarbetare.\"><span class=\"Y2IQFc\" lang=\"sv\">The ultimate in performance, style and sophistication, the <b>DMC ELITES v6 (PORTCULLIS EDITION)<\/b> are the result of years of research, refinements and development (in collaboration with the remarkable designer Lee McKenzie), and are designed to provide an unparalleled performing experience in any situation.<\/p>\n<p>With the brand new 2024 PORTCULLIS MARKING SYSTEM, the <b>DMC ELITES v6<\/b> allow you to perform mind-blowing feats of magic with ease. Whilst the markings are utterly invisible upon first inspection, once understood they can be easily read within one second&#8230; and from a distance of up to six feet!<\/p>\n<p>Beyond their functionality, the <b>DMC ELITES v6<\/b> also boast a timelessly elegant design and the luxury PHANTOM FINISH, making them a joy to handle, fan and spread. With their superior durability, the ELITES will also withstand the rigors of even the most demanding performances.<br \/>\nWhether a professional or an amateur magical enthusiast, the DMC ELITES v6 are the ultimate choice for any serious card worker.<\/span><\/p>\n<\/div>\n<div id=\"tw-target-rmn-container\" class=\"tw-target-rmn tw-ta-container F0azHf tw-nfl\" tabindex=\"0\" role=\"text\">\n<pre id=\"tw-target-rmn\" class=\"tw-data-placeholder tw-text-small tw-ta\" dir=\"ltr\" data-placeholder=\"\"><\/pre>\n<\/div>\n<p> [&#8230;]<\/p>\n<p><a class=\"btn btn-secondary understrap-read-more-link\" href=\"https:\/\/kortleksbolaget.se\/da\/produkt\/dmc-elites-v6-portcullis\/\">L\u00e6s mere&#8230;<span class=\"screen-reader-text\"> from DMC Elites V6 Portcullis<\/span><\/a><\/p>\n","protected":false},"featured_media":148613,"template":"","meta":{"_acf_changed":false},"product_brand":[],"product_cat":[231,225],"product_tag":[],"class_list":{"0":"post-148623","1":"product","2":"type-product","3":"status-publish","4":"has-post-thumbnail","6":"product_cat-special-luksus-limited-da","7":"product_cat-magisk-da","9":"first","10":"instock","11":"taxable","12":"shipping-taxable","13":"purchasable","14":"product-type-simple"},"acf":[],"yoast_head":"<!-- This site is optimized with the Yoast SEO plugin v26.3 - https:\/\/yoast.com\/wordpress\/plugins\/seo\/ -->\n<title>Kortlek DMC Elites V6 Portcullis | Kortleksbolaget<\/title>\n<meta name=\"description\" content=\"K\u00f6p DMC Elites V6 Portcullis. Snabba leveranser &amp; bra priser. Sveriges st\u00f6rsta sortiment av kortlekar p\u00e5 Kortleksbolaget!\" \/>\n<meta name=\"robots\" content=\"index, follow, max-snippet:-1, max-image-preview:large, max-video-preview:-1\" \/>\n<link rel=\"canonical\" href=\"https:\/\/kortleksbolaget.se\/da\/produkt\/dmc-elites-v6-portcullis\/\" \/>\n<meta property=\"og:locale\" content=\"da_DK\" \/>\n<meta property=\"og:type\" content=\"article\" \/>\n<meta property=\"og:title\" content=\"Kortlek DMC Elites V6 Portcullis | Kortleksbolaget\" \/>\n<meta property=\"og:description\" content=\"K\u00f6p DMC Elites V6 Portcullis. Snabba leveranser &amp; bra priser. Sveriges st\u00f6rsta sortiment av kortlekar p\u00e5 Kortleksbolaget!\" \/>\n<meta property=\"og:url\" content=\"https:\/\/kortleksbolaget.se\/da\/produkt\/dmc-elites-v6-portcullis\/\" \/>\n<meta property=\"og:site_name\" content=\"Kortleksbolaget\" \/>\n<meta property=\"og:image\" content=\"https:\/\/kortleksbolaget.se\/wp-content\/uploads\/dmc-marked-red-v6.jpg\" \/>\n\t<meta property=\"og:image:width\" content=\"476\" \/>\n\t<meta property=\"og:image:height\" content=\"716\" \/>\n\t<meta property=\"og:image:type\" content=\"image\/jpeg\" \/>\n<meta name=\"twitter:card\" content=\"summary_large_image\" \/>\n<meta name=\"twitter:label1\" content=\"Estimeret l\u00e6setid\" \/>\n\t<meta name=\"twitter:data1\" content=\"1 minut\" \/>\n<script type=\"application\/ld+json\" class=\"yoast-schema-graph\">{\"@context\":\"https:\/\/schema.org\",\"@graph\":[{\"@type\":\"WebPage\",\"@id\":\"https:\/\/kortleksbolaget.se\/da\/produkt\/dmc-elites-v6-portcullis\/\",\"url\":\"https:\/\/kortleksbolaget.se\/da\/produkt\/dmc-elites-v6-portcullis\/\",\"name\":\"Kortlek DMC Elites V6 Portcullis | Kortleksbolaget\",\"isPartOf\":{\"@id\":\"https:\/\/kortleksbolaget.se\/da\/#website\"},\"primaryImageOfPage\":{\"@id\":\"https:\/\/kortleksbolaget.se\/da\/produkt\/dmc-elites-v6-portcullis\/#primaryimage\"},\"image\":{\"@id\":\"https:\/\/kortleksbolaget.se\/da\/produkt\/dmc-elites-v6-portcullis\/#primaryimage\"},\"thumbnailUrl\":\"https:\/\/kortleksbolaget.se\/wp-content\/uploads\/dmc-marked-red-v6.jpg\",\"datePublished\":\"2024-12-15T10:15:12+00:00\",\"description\":\"K\u00f6p DMC Elites V6 Portcullis. Snabba leveranser & bra priser. Sveriges st\u00f6rsta sortiment av kortlekar p\u00e5 Kortleksbolaget!\",\"breadcrumb\":{\"@id\":\"https:\/\/kortleksbolaget.se\/da\/produkt\/dmc-elites-v6-portcullis\/#breadcrumb\"},\"inLanguage\":\"da-DK\",\"potentialAction\":[{\"@type\":\"ReadAction\",\"target\":[\"https:\/\/kortleksbolaget.se\/da\/produkt\/dmc-elites-v6-portcullis\/\"]}]},{\"@type\":\"ImageObject\",\"inLanguage\":\"da-DK\",\"@id\":\"https:\/\/kortleksbolaget.se\/da\/produkt\/dmc-elites-v6-portcullis\/#primaryimage\",\"url\":\"https:\/\/kortleksbolaget.se\/wp-content\/uploads\/dmc-marked-red-v6.jpg\",\"contentUrl\":\"https:\/\/kortleksbolaget.se\/wp-content\/uploads\/dmc-marked-red-v6.jpg\",\"width\":476,\"height\":716},{\"@type\":\"BreadcrumbList\",\"@id\":\"https:\/\/kortleksbolaget.se\/da\/produkt\/dmc-elites-v6-portcullis\/#breadcrumb\",\"itemListElement\":[{\"@type\":\"ListItem\",\"position\":1,\"name\":\"Hem\",\"item\":\"https:\/\/kortleksbolaget.se\/da\/\"},{\"@type\":\"ListItem\",\"position\":2,\"name\":\"Shop\",\"item\":\"https:\/\/kortleksbolaget.se\/da\/shop-2\/\"},{\"@type\":\"ListItem\",\"position\":3,\"name\":\"DMC Elites V6 Portcullis\"}]},{\"@type\":\"WebSite\",\"@id\":\"https:\/\/kortleksbolaget.se\/da\/#website\",\"url\":\"https:\/\/kortleksbolaget.se\/da\/\",\"name\":\"Kortleksbolaget\",\"description\":\"Kortlekar p\u00e5 n\u00e4tet\",\"publisher\":{\"@id\":\"https:\/\/kortleksbolaget.se\/da\/#organization\"},\"potentialAction\":[{\"@type\":\"SearchAction\",\"target\":{\"@type\":\"EntryPoint\",\"urlTemplate\":\"https:\/\/kortleksbolaget.se\/da\/?s={search_term_string}\"},\"query-input\":{\"@type\":\"PropertyValueSpecification\",\"valueRequired\":true,\"valueName\":\"search_term_string\"}}],\"inLanguage\":\"da-DK\"},{\"@type\":\"Organization\",\"@id\":\"https:\/\/kortleksbolaget.se\/da\/#organization\",\"name\":\"Kortleksbolaget\",\"url\":\"https:\/\/kortleksbolaget.se\/da\/\",\"logo\":{\"@type\":\"ImageObject\",\"inLanguage\":\"da-DK\",\"@id\":\"https:\/\/kortleksbolaget.se\/da\/#\/schema\/logo\/image\/\",\"url\":\"https:\/\/kortleksbolaget.se\/wp-content\/uploads\/kortleksbolaget_logo-svart.png\",\"contentUrl\":\"https:\/\/kortleksbolaget.se\/wp-content\/uploads\/kortleksbolaget_logo-svart.png\",\"width\":1200,\"height\":296,\"caption\":\"Kortleksbolaget\"},\"image\":{\"@id\":\"https:\/\/kortleksbolaget.se\/da\/#\/schema\/logo\/image\/\"}}]}<\/script>\n<!-- \/ Yoast SEO plugin. -->","yoast_head_json":{"title":"Kortlek DMC Elites V6 Portcullis | Kortleksbolaget","description":"K\u00f6p DMC Elites V6 Portcullis. Snabba leveranser & bra priser. Sveriges st\u00f6rsta sortiment av kortlekar p\u00e5 Kortleksbolaget!","robots":{"index":"index","follow":"follow","max-snippet":"max-snippet:-1","max-image-preview":"max-image-preview:large","max-video-preview":"max-video-preview:-1"},"canonical":"https:\/\/kortleksbolaget.se\/da\/produkt\/dmc-elites-v6-portcullis\/","og_locale":"da_DK","og_type":"article","og_title":"Kortlek DMC Elites V6 Portcullis | Kortleksbolaget","og_description":"K\u00f6p DMC Elites V6 Portcullis. Snabba leveranser & bra priser. Sveriges st\u00f6rsta sortiment av kortlekar p\u00e5 Kortleksbolaget!","og_url":"https:\/\/kortleksbolaget.se\/da\/produkt\/dmc-elites-v6-portcullis\/","og_site_name":"Kortleksbolaget","og_image":[{"width":476,"height":716,"url":"https:\/\/kortleksbolaget.se\/wp-content\/uploads\/dmc-marked-red-v6.jpg","type":"image\/jpeg"}],"twitter_card":"summary_large_image","twitter_misc":{"Estimeret l\u00e6setid":"1 minut"},"schema":{"@context":"https:\/\/schema.org","@graph":[{"@type":"WebPage","@id":"https:\/\/kortleksbolaget.se\/da\/produkt\/dmc-elites-v6-portcullis\/","url":"https:\/\/kortleksbolaget.se\/da\/produkt\/dmc-elites-v6-portcullis\/","name":"Kortlek DMC Elites V6 Portcullis | Kortleksbolaget","isPartOf":{"@id":"https:\/\/kortleksbolaget.se\/da\/#website"},"primaryImageOfPage":{"@id":"https:\/\/kortleksbolaget.se\/da\/produkt\/dmc-elites-v6-portcullis\/#primaryimage"},"image":{"@id":"https:\/\/kortleksbolaget.se\/da\/produkt\/dmc-elites-v6-portcullis\/#primaryimage"},"thumbnailUrl":"https:\/\/kortleksbolaget.se\/wp-content\/uploads\/dmc-marked-red-v6.jpg","datePublished":"2024-12-15T10:15:12+00:00","description":"K\u00f6p DMC Elites V6 Portcullis. Snabba leveranser & bra priser. Sveriges st\u00f6rsta sortiment av kortlekar p\u00e5 Kortleksbolaget!","breadcrumb":{"@id":"https:\/\/kortleksbolaget.se\/da\/produkt\/dmc-elites-v6-portcullis\/#breadcrumb"},"inLanguage":"da-DK","potentialAction":[{"@type":"ReadAction","target":["https:\/\/kortleksbolaget.se\/da\/produkt\/dmc-elites-v6-portcullis\/"]}]},{"@type":"ImageObject","inLanguage":"da-DK","@id":"https:\/\/kortleksbolaget.se\/da\/produkt\/dmc-elites-v6-portcullis\/#primaryimage","url":"https:\/\/kortleksbolaget.se\/wp-content\/uploads\/dmc-marked-red-v6.jpg","contentUrl":"https:\/\/kortleksbolaget.se\/wp-content\/uploads\/dmc-marked-red-v6.jpg","width":476,"height":716},{"@type":"BreadcrumbList","@id":"https:\/\/kortleksbolaget.se\/da\/produkt\/dmc-elites-v6-portcullis\/#breadcrumb","itemListElement":[{"@type":"ListItem","position":1,"name":"Hem","item":"https:\/\/kortleksbolaget.se\/da\/"},{"@type":"ListItem","position":2,"name":"Shop","item":"https:\/\/kortleksbolaget.se\/da\/shop-2\/"},{"@type":"ListItem","position":3,"name":"DMC Elites V6 Portcullis"}]},{"@type":"WebSite","@id":"https:\/\/kortleksbolaget.se\/da\/#website","url":"https:\/\/kortleksbolaget.se\/da\/","name":"Kortleksbolaget","description":"Kortlekar p\u00e5 n\u00e4tet","publisher":{"@id":"https:\/\/kortleksbolaget.se\/da\/#organization"},"potentialAction":[{"@type":"SearchAction","target":{"@type":"EntryPoint","urlTemplate":"https:\/\/kortleksbolaget.se\/da\/?s={search_term_string}"},"query-input":{"@type":"PropertyValueSpecification","valueRequired":true,"valueName":"search_term_string"}}],"inLanguage":"da-DK"},{"@type":"Organization","@id":"https:\/\/kortleksbolaget.se\/da\/#organization","name":"Kortleksbolaget","url":"https:\/\/kortleksbolaget.se\/da\/","logo":{"@type":"ImageObject","inLanguage":"da-DK","@id":"https:\/\/kortleksbolaget.se\/da\/#\/schema\/logo\/image\/","url":"https:\/\/kortleksbolaget.se\/wp-content\/uploads\/kortleksbolaget_logo-svart.png","contentUrl":"https:\/\/kortleksbolaget.se\/wp-content\/uploads\/kortleksbolaget_logo-svart.png","width":1200,"height":296,"caption":"Kortleksbolaget"},"image":{"@id":"https:\/\/kortleksbolaget.se\/da\/#\/schema\/logo\/image\/"}}]}},"_links":{"self":[{"href":"https:\/\/kortleksbolaget.se\/da\/wp-json\/wp\/v2\/product\/148623","targetHints":{"allow":["GET"]}}],"collection":[{"href":"https:\/\/kortleksbolaget.se\/da\/wp-json\/wp\/v2\/product"}],"about":[{"href":"https:\/\/kortleksbolaget.se\/da\/wp-json\/wp\/v2\/types\/product"}],"wp:featuredmedia":[{"embeddable":true,"href":"https:\/\/kortleksbolaget.se\/da\/wp-json\/wp\/v2\/media\/148613"}],"wp:attachment":[{"href":"https:\/\/kortleksbolaget.se\/da\/wp-json\/wp\/v2\/media?parent=148623"}],"wp:term":[{"taxonomy":"product_brand","embeddable":true,"href":"https:\/\/kortleksbolaget.se\/da\/wp-json\/wp\/v2\/product_brand?post=148623"},{"taxonomy":"product_cat","embeddable":true,"href":"https:\/\/kortleksbolaget.se\/da\/wp-json\/wp\/v2\/product_cat?post=148623"},{"taxonomy":"product_tag","embeddable":true,"href":"https:\/\/kortleksbolaget.se\/da\/wp-json\/wp\/v2\/product_tag?post=148623"}],"curies":[{"name":"wp","href":"https:\/\/api.w.org\/{rel}","templated":true}]}}