{"id":148921,"date":"2024-12-27T10:02:06","date_gmt":"2024-12-27T09:02:06","guid":{"rendered":"https:\/\/kortleksbolaget.se\/produkt\/elf\/"},"modified":"2024-12-27T10:02:06","modified_gmt":"2024-12-27T09:02:06","slug":"elf","status":"publish","type":"product","link":"https:\/\/kortleksbolaget.se\/da\/produkt\/elf\/","title":{"rendered":"Elf"},"content":{"rendered":"","protected":false},"excerpt":{"rendered":"<div id=\"tw-target-text-container\" class=\"tw-ta-container F0azHf tw-nfl\" tabindex=\"0\" role=\"text\">\n<p id=\"tw-target-text\" class=\"tw-data-text tw-text-large tw-ta\" dir=\"ltr\" data-placeholder=\"\u00d6vers\u00e4ttning\" data-ved=\"2ahUKEwieme-mgqOKAxXoGxAIHb0WNwoQ3ewLegQICRAT\" aria-label=\"\u00d6versatt text: Det finns plats f\u00f6r alla p\u00e5 Nice-listan! Premiumspelkort inspirerade av den ikoniska, tidl\u00f6sa semesterfilmen Elf. Tomten?! Jag k\u00e4nner honom! BEHANDLA VARJE DAG SOM JUL G\u00f6r dig redo att l\u00e4gga till en skv\u00e4tt semestergl\u00e4dje till dina spelkv\u00e4llar med denna m\u00e5ste-ha kortlek f\u00f6r fans av den tidl\u00f6sa julklassikern Elf! Varje kortlek \u00e4r insvept i festliga gr\u00f6na, guld- och r\u00f6da folieaccenter, med varm st\u00e4mpling och delikat pr\u00e4gling. DESIGNAD P\u00c5 NORDPOLEN Det b\u00e4sta s\u00e4ttet att sprida julgl\u00e4dje \u00e4r att sjunga h\u00f6gt f\u00f6r alla att h\u00f6ra! Ta en tallrik med Buddys ber\u00f6mda frukostspaghetti och g\u00e5 med till bordet med alla dina favoritkarakt\u00e4rer: Buddy the Elf, Jovie, Papa Elf, Santa Claus, Walter, Leon the Snowman, Mr. Narwhal, och mer! Den perfekta presenten SON TILL EN N\u00d6TKNAPPARE! Titta noga och uppt\u00e4ck dolda p\u00e5sk\u00e4gg, nickande till ikoniska \u00f6gonblick fr\u00e5n filmen! Fr\u00e5n Buddys ber\u00f6mda spagetti och hans favoritmatgrupper till den ikoniska tv\u00e4ttbj\u00f6rnsscenen, varje kort \u00e4r en hyllning till filmens of\u00f6rgl\u00f6mliga karakt\u00e4rer och semesteranda.\"><span class=\"Y2IQFc\" lang=\"sv\">Are you worthy of the Iron Throne? Premium playing cards inspired by the legendary HBO television series.<\/p>\n<p><b>The Seven Kingdoms <\/b><br \/>\nA Journey Through Westeros<\/p>\n<p>When you play the <b>Game of Thrones <\/b>, you win or you die. Featuring a lavish blend of bronze, gold, ice blue, and iron foil details, along with premium textured embossing, it&#8217;s like each deck sings a song of ice and fire.<\/p>\n<p><b>Winter is Coming <\/b><\/p>\n<p>Forge your path through Westeros with Jon Snow, Daenerys Targaryen, Arya and Sansa Stark, Cersei and Jamie Lannister, The Night King, and all of your favorite characters! Relive all of your favorite moments from the series while you fight for the Iron Throne at the next game night.<\/p>\n<p><b>The King in the North!<\/b><br \/>\nThe War Is Not Over<\/p>\n<p>The Night King and the White Walkers are coming, and it&#8217;s the final stand in Winterfell. The time has come for the Great War &#8211; are you ready to fight valiantly and take the Iron Throne? If you&#8217;re a <b>Game of Thrones fan<\/b>, this deck is a must-have to assist you in battle.<\/p>\n<p><b>Game of Thrones <\/b> and all related characters and elements \u00a9 &amp; TM Home Box Office, Inc. <\/span><\/p>\n<\/div>\n<div id=\"tw-target-rmn-container\" class=\"tw-target-rmn tw-ta-container F0azHf tw-nfl\" tabindex=\"0\" role=\"text\">\n<pre id=\"tw-target-rmn\" class=\"tw-data-placeholder tw-text-small tw-ta\" dir=\"ltr\" data-placeholder=\"\"><\/pre>\n<\/div>\n<p> [&#8230;]<\/p>\n<p><a class=\"btn btn-secondary understrap-read-more-link\" href=\"https:\/\/kortleksbolaget.se\/da\/produkt\/elf\/\">L\u00e6s mere&#8230;<span class=\"screen-reader-text\"> from Elf<\/span><\/a><\/p>\n","protected":false},"featured_media":148747,"template":"","meta":{"_acf_changed":false},"product_brand":[],"product_cat":[231],"product_tag":[],"class_list":{"0":"post-148921","1":"product","2":"type-product","3":"status-publish","4":"has-post-thumbnail","6":"varumarke-theory11-da","7":"product_cat-special-luksus-limited-da","9":"first","10":"instock","11":"taxable","12":"shipping-taxable","13":"purchasable","14":"product-type-simple"},"acf":[],"yoast_head":"<!-- This site is optimized with the Yoast SEO plugin v26.3 - https:\/\/yoast.com\/wordpress\/plugins\/seo\/ -->\n<title>Kortlek Elf | Kortleksbolaget<\/title>\n<meta name=\"description\" content=\"K\u00f6p Elf. Snabba leveranser &amp; bra priser. Sveriges st\u00f6rsta sortiment av kortlekar p\u00e5 Kortleksbolaget!\" \/>\n<meta name=\"robots\" content=\"index, follow, max-snippet:-1, max-image-preview:large, max-video-preview:-1\" \/>\n<link rel=\"canonical\" href=\"https:\/\/kortleksbolaget.se\/da\/produkt\/elf\/\" \/>\n<meta property=\"og:locale\" content=\"da_DK\" \/>\n<meta property=\"og:type\" content=\"article\" \/>\n<meta property=\"og:title\" content=\"Kortlek Elf | Kortleksbolaget\" \/>\n<meta property=\"og:description\" content=\"K\u00f6p Elf. Snabba leveranser &amp; bra priser. Sveriges st\u00f6rsta sortiment av kortlekar p\u00e5 Kortleksbolaget!\" \/>\n<meta property=\"og:url\" content=\"https:\/\/kortleksbolaget.se\/da\/produkt\/elf\/\" \/>\n<meta property=\"og:site_name\" content=\"Kortleksbolaget\" \/>\n<meta property=\"og:image\" content=\"https:\/\/kortleksbolaget.se\/wp-content\/uploads\/elf-kortlek-theory11.jpg\" \/>\n\t<meta property=\"og:image:width\" content=\"472\" \/>\n\t<meta property=\"og:image:height\" content=\"708\" \/>\n\t<meta property=\"og:image:type\" content=\"image\/jpeg\" \/>\n<meta name=\"twitter:card\" content=\"summary_large_image\" \/>\n<meta name=\"twitter:label1\" content=\"Estimeret l\u00e6setid\" \/>\n\t<meta name=\"twitter:data1\" content=\"1 minut\" \/>\n<script type=\"application\/ld+json\" class=\"yoast-schema-graph\">{\"@context\":\"https:\/\/schema.org\",\"@graph\":[{\"@type\":\"WebPage\",\"@id\":\"https:\/\/kortleksbolaget.se\/da\/produkt\/elf\/\",\"url\":\"https:\/\/kortleksbolaget.se\/da\/produkt\/elf\/\",\"name\":\"Kortlek Elf | Kortleksbolaget\",\"isPartOf\":{\"@id\":\"https:\/\/kortleksbolaget.se\/da\/#website\"},\"primaryImageOfPage\":{\"@id\":\"https:\/\/kortleksbolaget.se\/da\/produkt\/elf\/#primaryimage\"},\"image\":{\"@id\":\"https:\/\/kortleksbolaget.se\/da\/produkt\/elf\/#primaryimage\"},\"thumbnailUrl\":\"https:\/\/kortleksbolaget.se\/wp-content\/uploads\/elf-kortlek-theory11.jpg\",\"datePublished\":\"2024-12-27T09:02:06+00:00\",\"description\":\"K\u00f6p Elf. Snabba leveranser & bra priser. Sveriges st\u00f6rsta sortiment av kortlekar p\u00e5 Kortleksbolaget!\",\"breadcrumb\":{\"@id\":\"https:\/\/kortleksbolaget.se\/da\/produkt\/elf\/#breadcrumb\"},\"inLanguage\":\"da-DK\",\"potentialAction\":[{\"@type\":\"ReadAction\",\"target\":[\"https:\/\/kortleksbolaget.se\/da\/produkt\/elf\/\"]}]},{\"@type\":\"ImageObject\",\"inLanguage\":\"da-DK\",\"@id\":\"https:\/\/kortleksbolaget.se\/da\/produkt\/elf\/#primaryimage\",\"url\":\"https:\/\/kortleksbolaget.se\/wp-content\/uploads\/elf-kortlek-theory11.jpg\",\"contentUrl\":\"https:\/\/kortleksbolaget.se\/wp-content\/uploads\/elf-kortlek-theory11.jpg\",\"width\":472,\"height\":708},{\"@type\":\"BreadcrumbList\",\"@id\":\"https:\/\/kortleksbolaget.se\/da\/produkt\/elf\/#breadcrumb\",\"itemListElement\":[{\"@type\":\"ListItem\",\"position\":1,\"name\":\"Hem\",\"item\":\"https:\/\/kortleksbolaget.se\/da\/\"},{\"@type\":\"ListItem\",\"position\":2,\"name\":\"Shop\",\"item\":\"https:\/\/kortleksbolaget.se\/da\/shop-2\/\"},{\"@type\":\"ListItem\",\"position\":3,\"name\":\"Elf\"}]},{\"@type\":\"WebSite\",\"@id\":\"https:\/\/kortleksbolaget.se\/da\/#website\",\"url\":\"https:\/\/kortleksbolaget.se\/da\/\",\"name\":\"Kortleksbolaget\",\"description\":\"Kortlekar p\u00e5 n\u00e4tet\",\"publisher\":{\"@id\":\"https:\/\/kortleksbolaget.se\/da\/#organization\"},\"potentialAction\":[{\"@type\":\"SearchAction\",\"target\":{\"@type\":\"EntryPoint\",\"urlTemplate\":\"https:\/\/kortleksbolaget.se\/da\/?s={search_term_string}\"},\"query-input\":{\"@type\":\"PropertyValueSpecification\",\"valueRequired\":true,\"valueName\":\"search_term_string\"}}],\"inLanguage\":\"da-DK\"},{\"@type\":\"Organization\",\"@id\":\"https:\/\/kortleksbolaget.se\/da\/#organization\",\"name\":\"Kortleksbolaget\",\"url\":\"https:\/\/kortleksbolaget.se\/da\/\",\"logo\":{\"@type\":\"ImageObject\",\"inLanguage\":\"da-DK\",\"@id\":\"https:\/\/kortleksbolaget.se\/da\/#\/schema\/logo\/image\/\",\"url\":\"https:\/\/kortleksbolaget.se\/wp-content\/uploads\/kortleksbolaget_logo-svart.png\",\"contentUrl\":\"https:\/\/kortleksbolaget.se\/wp-content\/uploads\/kortleksbolaget_logo-svart.png\",\"width\":1200,\"height\":296,\"caption\":\"Kortleksbolaget\"},\"image\":{\"@id\":\"https:\/\/kortleksbolaget.se\/da\/#\/schema\/logo\/image\/\"}}]}<\/script>\n<!-- \/ Yoast SEO plugin. -->","yoast_head_json":{"title":"Kortlek Elf | Kortleksbolaget","description":"K\u00f6p Elf. Snabba leveranser & bra priser. Sveriges st\u00f6rsta sortiment av kortlekar p\u00e5 Kortleksbolaget!","robots":{"index":"index","follow":"follow","max-snippet":"max-snippet:-1","max-image-preview":"max-image-preview:large","max-video-preview":"max-video-preview:-1"},"canonical":"https:\/\/kortleksbolaget.se\/da\/produkt\/elf\/","og_locale":"da_DK","og_type":"article","og_title":"Kortlek Elf | Kortleksbolaget","og_description":"K\u00f6p Elf. Snabba leveranser & bra priser. Sveriges st\u00f6rsta sortiment av kortlekar p\u00e5 Kortleksbolaget!","og_url":"https:\/\/kortleksbolaget.se\/da\/produkt\/elf\/","og_site_name":"Kortleksbolaget","og_image":[{"width":472,"height":708,"url":"https:\/\/kortleksbolaget.se\/wp-content\/uploads\/elf-kortlek-theory11.jpg","type":"image\/jpeg"}],"twitter_card":"summary_large_image","twitter_misc":{"Estimeret l\u00e6setid":"1 minut"},"schema":{"@context":"https:\/\/schema.org","@graph":[{"@type":"WebPage","@id":"https:\/\/kortleksbolaget.se\/da\/produkt\/elf\/","url":"https:\/\/kortleksbolaget.se\/da\/produkt\/elf\/","name":"Kortlek Elf | Kortleksbolaget","isPartOf":{"@id":"https:\/\/kortleksbolaget.se\/da\/#website"},"primaryImageOfPage":{"@id":"https:\/\/kortleksbolaget.se\/da\/produkt\/elf\/#primaryimage"},"image":{"@id":"https:\/\/kortleksbolaget.se\/da\/produkt\/elf\/#primaryimage"},"thumbnailUrl":"https:\/\/kortleksbolaget.se\/wp-content\/uploads\/elf-kortlek-theory11.jpg","datePublished":"2024-12-27T09:02:06+00:00","description":"K\u00f6p Elf. Snabba leveranser & bra priser. Sveriges st\u00f6rsta sortiment av kortlekar p\u00e5 Kortleksbolaget!","breadcrumb":{"@id":"https:\/\/kortleksbolaget.se\/da\/produkt\/elf\/#breadcrumb"},"inLanguage":"da-DK","potentialAction":[{"@type":"ReadAction","target":["https:\/\/kortleksbolaget.se\/da\/produkt\/elf\/"]}]},{"@type":"ImageObject","inLanguage":"da-DK","@id":"https:\/\/kortleksbolaget.se\/da\/produkt\/elf\/#primaryimage","url":"https:\/\/kortleksbolaget.se\/wp-content\/uploads\/elf-kortlek-theory11.jpg","contentUrl":"https:\/\/kortleksbolaget.se\/wp-content\/uploads\/elf-kortlek-theory11.jpg","width":472,"height":708},{"@type":"BreadcrumbList","@id":"https:\/\/kortleksbolaget.se\/da\/produkt\/elf\/#breadcrumb","itemListElement":[{"@type":"ListItem","position":1,"name":"Hem","item":"https:\/\/kortleksbolaget.se\/da\/"},{"@type":"ListItem","position":2,"name":"Shop","item":"https:\/\/kortleksbolaget.se\/da\/shop-2\/"},{"@type":"ListItem","position":3,"name":"Elf"}]},{"@type":"WebSite","@id":"https:\/\/kortleksbolaget.se\/da\/#website","url":"https:\/\/kortleksbolaget.se\/da\/","name":"Kortleksbolaget","description":"Kortlekar p\u00e5 n\u00e4tet","publisher":{"@id":"https:\/\/kortleksbolaget.se\/da\/#organization"},"potentialAction":[{"@type":"SearchAction","target":{"@type":"EntryPoint","urlTemplate":"https:\/\/kortleksbolaget.se\/da\/?s={search_term_string}"},"query-input":{"@type":"PropertyValueSpecification","valueRequired":true,"valueName":"search_term_string"}}],"inLanguage":"da-DK"},{"@type":"Organization","@id":"https:\/\/kortleksbolaget.se\/da\/#organization","name":"Kortleksbolaget","url":"https:\/\/kortleksbolaget.se\/da\/","logo":{"@type":"ImageObject","inLanguage":"da-DK","@id":"https:\/\/kortleksbolaget.se\/da\/#\/schema\/logo\/image\/","url":"https:\/\/kortleksbolaget.se\/wp-content\/uploads\/kortleksbolaget_logo-svart.png","contentUrl":"https:\/\/kortleksbolaget.se\/wp-content\/uploads\/kortleksbolaget_logo-svart.png","width":1200,"height":296,"caption":"Kortleksbolaget"},"image":{"@id":"https:\/\/kortleksbolaget.se\/da\/#\/schema\/logo\/image\/"}}]}},"_links":{"self":[{"href":"https:\/\/kortleksbolaget.se\/da\/wp-json\/wp\/v2\/product\/148921","targetHints":{"allow":["GET"]}}],"collection":[{"href":"https:\/\/kortleksbolaget.se\/da\/wp-json\/wp\/v2\/product"}],"about":[{"href":"https:\/\/kortleksbolaget.se\/da\/wp-json\/wp\/v2\/types\/product"}],"wp:featuredmedia":[{"embeddable":true,"href":"https:\/\/kortleksbolaget.se\/da\/wp-json\/wp\/v2\/media\/148747"}],"wp:attachment":[{"href":"https:\/\/kortleksbolaget.se\/da\/wp-json\/wp\/v2\/media?parent=148921"}],"wp:term":[{"taxonomy":"product_brand","embeddable":true,"href":"https:\/\/kortleksbolaget.se\/da\/wp-json\/wp\/v2\/product_brand?post=148921"},{"taxonomy":"product_cat","embeddable":true,"href":"https:\/\/kortleksbolaget.se\/da\/wp-json\/wp\/v2\/product_cat?post=148921"},{"taxonomy":"product_tag","embeddable":true,"href":"https:\/\/kortleksbolaget.se\/da\/wp-json\/wp\/v2\/product_tag?post=148921"}],"curies":[{"name":"wp","href":"https:\/\/api.w.org\/{rel}","templated":true}]}}