{"id":150807,"date":"2025-03-28T15:14:39","date_gmt":"2025-03-28T14:14:39","guid":{"rendered":"https:\/\/kortleksbolaget.se\/produkt\/atomic-deck\/"},"modified":"2025-03-28T15:14:39","modified_gmt":"2025-03-28T14:14:39","slug":"atomic-deck","status":"publish","type":"product","link":"https:\/\/kortleksbolaget.se\/da\/produkt\/atomic-deck\/","title":{"rendered":"Atomic Deck"},"content":{"rendered":"","protected":false},"excerpt":{"rendered":"<div id=\"tw-target-text-container\" class=\"tw-ta-container tw-nfl\" tabindex=\"0\" role=\"text\">\n<p class=\"tw-data-text tw-text-large tw-ta\" dir=\"ltr\" data-placeholder=\"\u00d6vers\u00e4ttning\" data-ved=\"2ahUKEwiwyM-LlKGMAxWJHhAIHf2UNPYQ3ewLegQICBAU\" aria-label=\"\u00d6versatt text: Vilket kort som helst. Till vilket nummer som helst. Den heliga gralen av all magi... har l\u00f6sts. Med dj\u00e4rva p\u00e5st\u00e5enden m\u00e5ste du tillhandah\u00e5lla obestridliga bevis. Det \u00e4r dags att avsl\u00f6ja The Atomic Deck. N\u00e4r David Berglas f\u00f6rst skapade ACAAN gav han Magic-gemenskapen ett till synes om\u00f6jligt pussel som m\u00e5nga trodde var ol\u00f6sligt. En Penrose-triangel av o\u00e4ndligt mysterium. Men... I b\u00f6rjan av 2021 gjorde Craig Petty en uppt\u00e4ckt som skulle skaka grunden f\u00f6r hela den magiska industrin. Att l\u00e4gga v\u00e4gen till en ny v\u00e4rld av vad vi aldrig trodde var m\u00f6jligt. Med The Atomic Deck \u00e4r det h\u00e4r exakt vad som h\u00e4nder. Varje. Enda. Tid. Magikern placerar leken \u00f6ppet p\u00e5 bordet. Alla uppmanas att t\u00e4nka p\u00e5 vilket kort som helst. Och vilket nummer som helst. Inga krafter. Publiken dubblar genom att se till att de undviker vanligt valda kort och siffror. De kan \u00e4ndra uppfattning s\u00e5 m\u00e5nga g\u00e5nger de vill. N\u00e4r alla \u00e4r n\u00f6jda med att deras val var op\u00e5verkade och r\u00e4ttvisa, tar magikern sakta och tydligt upp d\u00e4cket och \u00f6gonen br\u00e4nner varje mikor\u00f6relse. De b\u00f6rjar dela ut l\u00e5ngsamt och medvetet kort, ett efter ett tills numret n\u00e5s... Magikern v\u00e4nder p\u00e5 kortet, och det \u00e4r det exakta kortet de bara t\u00e4nkte p\u00e5. Fullkomlighet. Varje. Enda. Tid. H\u00e4r \u00e4r vad du beh\u00f6ver veta innan du f\u00f6rs\u00f6ker ta reda p\u00e5 det h\u00e4r: Inget memoreringsarbete. Inget slarv. L\u00e4tt att g\u00f6ra. De beh\u00f6ver inte ens ber\u00e4tta sitt kort eller nummer. Korten klipps aldrig, passeras eller p\u00e5 n\u00e5got s\u00e4tt. D\u00e4cket \u00e4r i full sikt hela tiden. Korten kan delas ut i deltagarnas h\u00e4nder. Inga grovsprayer.\"><span class=\"Y2IQFc\" lang=\"sv\">Any Card. At Any Number. The Holy Grail of all Magic&#8230; has been solved.<\/p>\n<p>With bold claims you must provide undeniable proof. It&#8217;s time to unveil <b>The Atomic Deck. <\/b><\/p>\n<p>When David Berglas first created the ACAAN, he gifted the Magic community a seemingly impossible puzzle that many thought to be unsolvable. A Penrose Triangle of never-ending mystery.<\/p>\n<p>But&#8230; In early 2021 Craig Petty made a discovery that would shake the foundations of the entire Magic industry. Laying way to a new realm of what we never thought was possible.<\/p>\n<p>With <b>The Atomic Deck, <\/b> here is exactly what happens. Every. Single. Time.<\/p>\n<p>The Magician places the deck openly on the table. Everyone is asked to think of any card. And any number. No forces. The audience doubles down by making sure that they avoid commonly selected cards and numbers. They can change their mind as many times as they wish. Once everyone is satisfied that their choices were uninfluenced and fair, the magician slowly and clearly picks up the deck, eyes burning their every mico-movement. They begin dealing slowly and deliberately dealing cards, one by one until the number is reached&#8230; The magician turns the card over, and it is the exact card they were merely thinking of.<\/p>\n<p><b>Perfection. <\/b><\/p>\n<p>Every. Single. Time.<\/p>\n<p><b>Here&#8217;s what you need to know before trying to figure this out: <\/b><\/span><\/p>\n<ul>\n<li>No memorization work.<\/li>\n<li>No sleight of hand.<\/li>\n<li>Easy to do.<\/li>\n<li>They don&#8217;t even have to tell you their card or number.<\/li>\n<li>The cards are never cut, passed, or in any way.<\/li>\n<li>The deck is in full view the entire time.<\/li>\n<li>The cards can be dealt into the participants hands.<\/li>\n<li>No roughing sprays.<\/li>\n<\/ul>\n<p dir=\"ltr\" data-placeholder=\"\u00d6vers\u00e4ttning\" data-ved=\"2ahUKEwiwyM-LlKGMAxWJHhAIHf2UNPYQ3ewLegQICBAU\" aria-label=\"\u00d6versatt text: Vilket kort som helst. Till vilket nummer som helst. Den heliga gralen av all magi... har l\u00f6sts. Med dj\u00e4rva p\u00e5st\u00e5enden m\u00e5ste du tillhandah\u00e5lla obestridliga bevis. Det \u00e4r dags att avsl\u00f6ja The Atomic Deck. N\u00e4r David Berglas f\u00f6rst skapade ACAAN gav han Magic-gemenskapen ett till synes om\u00f6jligt pussel som m\u00e5nga trodde var ol\u00f6sligt. En Penrose-triangel av o\u00e4ndligt mysterium. Men... I b\u00f6rjan av 2021 gjorde Craig Petty en uppt\u00e4ckt som skulle skaka grunden f\u00f6r hela den magiska industrin. Att l\u00e4gga v\u00e4gen till en ny v\u00e4rld av vad vi aldrig trodde var m\u00f6jligt. Med The Atomic Deck \u00e4r det h\u00e4r exakt vad som h\u00e4nder. Varje. Enda. Tid. Magikern placerar leken \u00f6ppet p\u00e5 bordet. Alla uppmanas att t\u00e4nka p\u00e5 vilket kort som helst. Och vilket nummer som helst. Inga krafter. Publiken dubblar genom att se till att de undviker vanligt valda kort och siffror. De kan \u00e4ndra uppfattning s\u00e5 m\u00e5nga g\u00e5nger de vill. N\u00e4r alla \u00e4r n\u00f6jda med att deras val var op\u00e5verkade och r\u00e4ttvisa, tar magikern sakta och tydligt upp d\u00e4cket och \u00f6gonen br\u00e4nner varje mikor\u00f6relse. De b\u00f6rjar dela ut l\u00e5ngsamt och medvetet kort, ett efter ett tills numret n\u00e5s... Magikern v\u00e4nder p\u00e5 kortet, och det \u00e4r det exakta kortet de bara t\u00e4nkte p\u00e5. Fullkomlighet. Varje. Enda. Tid. H\u00e4r \u00e4r vad du beh\u00f6ver veta innan du f\u00f6rs\u00f6ker ta reda p\u00e5 det h\u00e4r: Inget memoreringsarbete. Inget slarv. L\u00e4tt att g\u00f6ra. De beh\u00f6ver inte ens ber\u00e4tta sitt kort eller nummer. Korten klipps aldrig, passeras eller p\u00e5 n\u00e5got s\u00e4tt. D\u00e4cket \u00e4r i full sikt hela tiden. Korten kan delas ut i deltagarnas h\u00e4nder. Inga grovsprayer.\">Marc Paul, friend and student of David Berglas, literally wrote the rules for the ACAAN. He was also the only person that David allowed to perform his ACAAN. He did so on national UK television in a video that cemented itself in magic history as one of the most perfect ACAAN performances of all time. What we&#8217;re saying is, Marc Paul is possibly one of, if not, the most qualified person alive today to talk about the ACAAN. When Craig showed him <b>The Atomic Deck, <\/b> this is what he said:<\/p>\n<p><i> &#8220;That is the Berglas effect&#8230; You&#8217;ve cracked it. This is every magician&#8217;s dream&#8230; It&#8217;s the closest version to The Holy Grail that I&#8217;ve seen anyone do.&#8221; <\/i><\/p>\n<p>We know. This all sounds too good to be true. What are the drawbacks? We&#8217;ll be upfront and tell you.<\/p>\n<p>Firstly, if you perform this to a magician and they examine the deck, what they&#8217;ll see it&#8217;s not an ordinary deck of cards. As you can see in the trailer, if you perform it for non-magicians, they can look through the cards quite openly, although we wouldn&#8217;t recommend letting them keep it.<\/p>\n<p>In short, we&#8217;re telling you <b>The Atomic Deck <\/b> is a special deck of cards that does 90% of the work for you.<\/p>\n<p>Secondly, unlike the large majority of other ACAAN&#8217;s that exist, <b>The Atomic Deck <\/b> requires no mental math. Instead, we use the power of something that everyone has on them every day. Their phone. With the tools included, the audience will cleverly code all the information that you need to know to perform this miracle. You don&#8217;t need your phone or any sneaky peek device. It&#8217;s all done in a natural and organic way that never feels like it&#8217;s even part of the trick.<\/p>\n<p><i>&#8220;I don&#8217;t want them to use a phone!&#8221; <\/i><\/p>\n<p>Don&#8217;t worry, we&#8217;ve got you covered too. There are multiple, genius methods taught that show you how to perform this seemingly without having any phone in play.<\/p>\n<p>The third drawback&#8230; This isn&#8217;t real magic. But it is as close as we&#8217;re going to get. And once you see the method, you&#8217;ll understand why. Hidden in the presentation, the gimmicks, and the tools that come with <b>Atomic Deck, <\/b> the moment you start, gears begin spinning behind the scenes doing all the hard work for you, making this look as effortless as real magic.<\/p>\n<p>With the seismic breakthrough that Craig developed with <b>The Atomic Deck<\/b> came one other bizarre twist. There is <b>no sleight of hand. <\/b>Thanks to the method of how this works, as long as you can deal cards, anyone can perform this miracle.<\/p>\n<p>Whilst we&#8217;re on the topic of breakthroughs, there&#8217;s one more thing&#8230;<\/p>\n<p>Those of you familiar with some of Craig&#8217;s other work may be thinking that this uses roughing spray, roughing stick, powder, wax etc. Well, thanks to the intense pursuit for perfection, we&#8217;ve developed a truly revolutionary procedure that means there is literally no roughing chemicals at all used with <b>The Atomic Deck. <\/b> Meaning each deck comes straight off the press and into the box. Precise, identical and perfect every single time. And even better, your <b>Atomic Deck <\/b>will last you as long as any normal deck of cards because there really is nothing to rub off or wear away. Aside from <b>The Atomic Deck, <\/b> what we&#8217;ve produced especially for <b>The Atomic Deck<\/b> will set the magic industry alight for decades to come. We&#8217;re confident that it will become a new standard in playing card technology.<\/p>\n<p>In the last 10 years, one mentalist has emerged from the thousands to be heralded as the next generation of Living Legends. A modern day great, that as of 2025, most mentalists are in agreement to be considered one of, if not the best mentalists and mind readers on the planet today&#8230; Peter Turner.<\/p>\n<p>Peter Turner made a name for himself mainly for two things: prop-less mentalism and fooling the best minds in the world with his ACAAN. When we showed him <b>The Atomic Deck, <\/b> this is what he said:<\/p>\n<p><i>&#8220;That&#8217;s better than any version of Any Card at Any Number that I&#8217;ve ever done&#8230; That genuinely is the cleanest version of Any Card At Any Number that I&#8217;ve ever seen in my life.&#8221; <\/i><\/p>\n<p>In 1976 a web was woven. An Escher Staircase of impossibility, a pursuit for gold at the end of a rainbow. The more mere mortals tried to solve it, the more the web would tangle. The ACAAN is truly the knot that tightens the more you try to undo it. <b>Murphy&#8217;s Studio is proud to present to you&#8230;<\/b><\/p>\n<p>The Atomic Deck.<\/p>\n<\/div>\n<div id=\"tw-target-rmn-container\" class=\"tw-target-rmn tw-ta-container tw-nfl\" tabindex=\"0\" role=\"text\">\n<pre id=\"tw-target-rmn\" class=\"tw-data-placeholder tw-text-small tw-ta\" dir=\"ltr\" data-placeholder=\"\"><\/pre>\n<\/div>\n<p> [&#8230;]<\/p>\n<p><a class=\"btn btn-secondary understrap-read-more-link\" href=\"https:\/\/kortleksbolaget.se\/da\/produkt\/atomic-deck\/\">L\u00e6s mere&#8230;<span class=\"screen-reader-text\"> from Atomic Deck<\/span><\/a><\/p>\n","protected":false},"featured_media":150802,"template":"","meta":{"_acf_changed":false},"product_brand":[],"product_cat":[225],"product_tag":[],"class_list":{"0":"post-150807","1":"product","2":"type-product","3":"status-publish","4":"has-post-thumbnail","6":"product_cat-magisk-da","8":"first","9":"outofstock","10":"taxable","11":"shipping-taxable","12":"purchasable","13":"product-type-simple"},"acf":[],"yoast_head":"<!-- This site is optimized with the Yoast SEO plugin v26.3 - https:\/\/yoast.com\/wordpress\/plugins\/seo\/ -->\n<title>Kortlek Atomic Deck | Kortleksbolaget<\/title>\n<meta name=\"description\" content=\"K\u00f6p Atomic Deck. Snabba leveranser &amp; bra priser. Sveriges st\u00f6rsta sortiment av kortlekar p\u00e5 Kortleksbolaget!\" \/>\n<meta name=\"robots\" content=\"index, follow, max-snippet:-1, max-image-preview:large, max-video-preview:-1\" \/>\n<link rel=\"canonical\" href=\"https:\/\/kortleksbolaget.se\/da\/produkt\/atomic-deck\/\" \/>\n<meta property=\"og:locale\" content=\"da_DK\" \/>\n<meta property=\"og:type\" content=\"article\" \/>\n<meta property=\"og:title\" content=\"Kortlek Atomic Deck | Kortleksbolaget\" \/>\n<meta property=\"og:description\" content=\"K\u00f6p Atomic Deck. Snabba leveranser &amp; bra priser. Sveriges st\u00f6rsta sortiment av kortlekar p\u00e5 Kortleksbolaget!\" \/>\n<meta property=\"og:url\" content=\"https:\/\/kortleksbolaget.se\/da\/produkt\/atomic-deck\/\" \/>\n<meta property=\"og:site_name\" content=\"Kortleksbolaget\" \/>\n<meta property=\"og:image\" content=\"https:\/\/kortleksbolaget.se\/wp-content\/uploads\/atomic-deck-trick-trolleri-kort.jpg\" \/>\n\t<meta property=\"og:image:width\" content=\"482\" \/>\n\t<meta property=\"og:image:height\" content=\"723\" \/>\n\t<meta property=\"og:image:type\" content=\"image\/jpeg\" \/>\n<meta name=\"twitter:card\" content=\"summary_large_image\" \/>\n<meta name=\"twitter:label1\" content=\"Estimeret l\u00e6setid\" \/>\n\t<meta name=\"twitter:data1\" content=\"1 minut\" \/>\n<script type=\"application\/ld+json\" class=\"yoast-schema-graph\">{\"@context\":\"https:\/\/schema.org\",\"@graph\":[{\"@type\":\"WebPage\",\"@id\":\"https:\/\/kortleksbolaget.se\/da\/produkt\/atomic-deck\/\",\"url\":\"https:\/\/kortleksbolaget.se\/da\/produkt\/atomic-deck\/\",\"name\":\"Kortlek Atomic Deck | Kortleksbolaget\",\"isPartOf\":{\"@id\":\"https:\/\/kortleksbolaget.se\/da\/#website\"},\"primaryImageOfPage\":{\"@id\":\"https:\/\/kortleksbolaget.se\/da\/produkt\/atomic-deck\/#primaryimage\"},\"image\":{\"@id\":\"https:\/\/kortleksbolaget.se\/da\/produkt\/atomic-deck\/#primaryimage\"},\"thumbnailUrl\":\"https:\/\/kortleksbolaget.se\/wp-content\/uploads\/atomic-deck-trick-trolleri-kort.jpg\",\"datePublished\":\"2025-03-28T14:14:39+00:00\",\"description\":\"K\u00f6p Atomic Deck. Snabba leveranser & bra priser. Sveriges st\u00f6rsta sortiment av kortlekar p\u00e5 Kortleksbolaget!\",\"breadcrumb\":{\"@id\":\"https:\/\/kortleksbolaget.se\/da\/produkt\/atomic-deck\/#breadcrumb\"},\"inLanguage\":\"da-DK\",\"potentialAction\":[{\"@type\":\"ReadAction\",\"target\":[\"https:\/\/kortleksbolaget.se\/da\/produkt\/atomic-deck\/\"]}]},{\"@type\":\"ImageObject\",\"inLanguage\":\"da-DK\",\"@id\":\"https:\/\/kortleksbolaget.se\/da\/produkt\/atomic-deck\/#primaryimage\",\"url\":\"https:\/\/kortleksbolaget.se\/wp-content\/uploads\/atomic-deck-trick-trolleri-kort.jpg\",\"contentUrl\":\"https:\/\/kortleksbolaget.se\/wp-content\/uploads\/atomic-deck-trick-trolleri-kort.jpg\",\"width\":482,\"height\":723},{\"@type\":\"BreadcrumbList\",\"@id\":\"https:\/\/kortleksbolaget.se\/da\/produkt\/atomic-deck\/#breadcrumb\",\"itemListElement\":[{\"@type\":\"ListItem\",\"position\":1,\"name\":\"Hem\",\"item\":\"https:\/\/kortleksbolaget.se\/da\/\"},{\"@type\":\"ListItem\",\"position\":2,\"name\":\"Shop\",\"item\":\"https:\/\/kortleksbolaget.se\/da\/shop-2\/\"},{\"@type\":\"ListItem\",\"position\":3,\"name\":\"Atomic Deck\"}]},{\"@type\":\"WebSite\",\"@id\":\"https:\/\/kortleksbolaget.se\/da\/#website\",\"url\":\"https:\/\/kortleksbolaget.se\/da\/\",\"name\":\"Kortleksbolaget\",\"description\":\"Kortlekar p\u00e5 n\u00e4tet\",\"publisher\":{\"@id\":\"https:\/\/kortleksbolaget.se\/da\/#organization\"},\"potentialAction\":[{\"@type\":\"SearchAction\",\"target\":{\"@type\":\"EntryPoint\",\"urlTemplate\":\"https:\/\/kortleksbolaget.se\/da\/?s={search_term_string}\"},\"query-input\":{\"@type\":\"PropertyValueSpecification\",\"valueRequired\":true,\"valueName\":\"search_term_string\"}}],\"inLanguage\":\"da-DK\"},{\"@type\":\"Organization\",\"@id\":\"https:\/\/kortleksbolaget.se\/da\/#organization\",\"name\":\"Kortleksbolaget\",\"url\":\"https:\/\/kortleksbolaget.se\/da\/\",\"logo\":{\"@type\":\"ImageObject\",\"inLanguage\":\"da-DK\",\"@id\":\"https:\/\/kortleksbolaget.se\/da\/#\/schema\/logo\/image\/\",\"url\":\"https:\/\/kortleksbolaget.se\/wp-content\/uploads\/kortleksbolaget_logo-svart.png\",\"contentUrl\":\"https:\/\/kortleksbolaget.se\/wp-content\/uploads\/kortleksbolaget_logo-svart.png\",\"width\":1200,\"height\":296,\"caption\":\"Kortleksbolaget\"},\"image\":{\"@id\":\"https:\/\/kortleksbolaget.se\/da\/#\/schema\/logo\/image\/\"}}]}<\/script>\n<!-- \/ Yoast SEO plugin. -->","yoast_head_json":{"title":"Kortlek Atomic Deck | Kortleksbolaget","description":"K\u00f6p Atomic Deck. Snabba leveranser & bra priser. Sveriges st\u00f6rsta sortiment av kortlekar p\u00e5 Kortleksbolaget!","robots":{"index":"index","follow":"follow","max-snippet":"max-snippet:-1","max-image-preview":"max-image-preview:large","max-video-preview":"max-video-preview:-1"},"canonical":"https:\/\/kortleksbolaget.se\/da\/produkt\/atomic-deck\/","og_locale":"da_DK","og_type":"article","og_title":"Kortlek Atomic Deck | Kortleksbolaget","og_description":"K\u00f6p Atomic Deck. Snabba leveranser & bra priser. Sveriges st\u00f6rsta sortiment av kortlekar p\u00e5 Kortleksbolaget!","og_url":"https:\/\/kortleksbolaget.se\/da\/produkt\/atomic-deck\/","og_site_name":"Kortleksbolaget","og_image":[{"width":482,"height":723,"url":"https:\/\/kortleksbolaget.se\/wp-content\/uploads\/atomic-deck-trick-trolleri-kort.jpg","type":"image\/jpeg"}],"twitter_card":"summary_large_image","twitter_misc":{"Estimeret l\u00e6setid":"1 minut"},"schema":{"@context":"https:\/\/schema.org","@graph":[{"@type":"WebPage","@id":"https:\/\/kortleksbolaget.se\/da\/produkt\/atomic-deck\/","url":"https:\/\/kortleksbolaget.se\/da\/produkt\/atomic-deck\/","name":"Kortlek Atomic Deck | Kortleksbolaget","isPartOf":{"@id":"https:\/\/kortleksbolaget.se\/da\/#website"},"primaryImageOfPage":{"@id":"https:\/\/kortleksbolaget.se\/da\/produkt\/atomic-deck\/#primaryimage"},"image":{"@id":"https:\/\/kortleksbolaget.se\/da\/produkt\/atomic-deck\/#primaryimage"},"thumbnailUrl":"https:\/\/kortleksbolaget.se\/wp-content\/uploads\/atomic-deck-trick-trolleri-kort.jpg","datePublished":"2025-03-28T14:14:39+00:00","description":"K\u00f6p Atomic Deck. Snabba leveranser & bra priser. Sveriges st\u00f6rsta sortiment av kortlekar p\u00e5 Kortleksbolaget!","breadcrumb":{"@id":"https:\/\/kortleksbolaget.se\/da\/produkt\/atomic-deck\/#breadcrumb"},"inLanguage":"da-DK","potentialAction":[{"@type":"ReadAction","target":["https:\/\/kortleksbolaget.se\/da\/produkt\/atomic-deck\/"]}]},{"@type":"ImageObject","inLanguage":"da-DK","@id":"https:\/\/kortleksbolaget.se\/da\/produkt\/atomic-deck\/#primaryimage","url":"https:\/\/kortleksbolaget.se\/wp-content\/uploads\/atomic-deck-trick-trolleri-kort.jpg","contentUrl":"https:\/\/kortleksbolaget.se\/wp-content\/uploads\/atomic-deck-trick-trolleri-kort.jpg","width":482,"height":723},{"@type":"BreadcrumbList","@id":"https:\/\/kortleksbolaget.se\/da\/produkt\/atomic-deck\/#breadcrumb","itemListElement":[{"@type":"ListItem","position":1,"name":"Hem","item":"https:\/\/kortleksbolaget.se\/da\/"},{"@type":"ListItem","position":2,"name":"Shop","item":"https:\/\/kortleksbolaget.se\/da\/shop-2\/"},{"@type":"ListItem","position":3,"name":"Atomic Deck"}]},{"@type":"WebSite","@id":"https:\/\/kortleksbolaget.se\/da\/#website","url":"https:\/\/kortleksbolaget.se\/da\/","name":"Kortleksbolaget","description":"Kortlekar p\u00e5 n\u00e4tet","publisher":{"@id":"https:\/\/kortleksbolaget.se\/da\/#organization"},"potentialAction":[{"@type":"SearchAction","target":{"@type":"EntryPoint","urlTemplate":"https:\/\/kortleksbolaget.se\/da\/?s={search_term_string}"},"query-input":{"@type":"PropertyValueSpecification","valueRequired":true,"valueName":"search_term_string"}}],"inLanguage":"da-DK"},{"@type":"Organization","@id":"https:\/\/kortleksbolaget.se\/da\/#organization","name":"Kortleksbolaget","url":"https:\/\/kortleksbolaget.se\/da\/","logo":{"@type":"ImageObject","inLanguage":"da-DK","@id":"https:\/\/kortleksbolaget.se\/da\/#\/schema\/logo\/image\/","url":"https:\/\/kortleksbolaget.se\/wp-content\/uploads\/kortleksbolaget_logo-svart.png","contentUrl":"https:\/\/kortleksbolaget.se\/wp-content\/uploads\/kortleksbolaget_logo-svart.png","width":1200,"height":296,"caption":"Kortleksbolaget"},"image":{"@id":"https:\/\/kortleksbolaget.se\/da\/#\/schema\/logo\/image\/"}}]}},"_links":{"self":[{"href":"https:\/\/kortleksbolaget.se\/da\/wp-json\/wp\/v2\/product\/150807","targetHints":{"allow":["GET"]}}],"collection":[{"href":"https:\/\/kortleksbolaget.se\/da\/wp-json\/wp\/v2\/product"}],"about":[{"href":"https:\/\/kortleksbolaget.se\/da\/wp-json\/wp\/v2\/types\/product"}],"wp:featuredmedia":[{"embeddable":true,"href":"https:\/\/kortleksbolaget.se\/da\/wp-json\/wp\/v2\/media\/150802"}],"wp:attachment":[{"href":"https:\/\/kortleksbolaget.se\/da\/wp-json\/wp\/v2\/media?parent=150807"}],"wp:term":[{"taxonomy":"product_brand","embeddable":true,"href":"https:\/\/kortleksbolaget.se\/da\/wp-json\/wp\/v2\/product_brand?post=150807"},{"taxonomy":"product_cat","embeddable":true,"href":"https:\/\/kortleksbolaget.se\/da\/wp-json\/wp\/v2\/product_cat?post=150807"},{"taxonomy":"product_tag","embeddable":true,"href":"https:\/\/kortleksbolaget.se\/da\/wp-json\/wp\/v2\/product_tag?post=150807"}],"curies":[{"name":"wp","href":"https:\/\/api.w.org\/{rel}","templated":true}]}}