{"id":150863,"date":"2025-03-31T15:12:52","date_gmt":"2025-03-31T13:12:52","guid":{"rendered":"https:\/\/kortleksbolaget.se\/produkt\/false-idols-totem\/"},"modified":"2025-03-31T15:12:52","modified_gmt":"2025-03-31T13:12:52","slug":"false-idols-totem","status":"publish","type":"product","link":"https:\/\/kortleksbolaget.se\/da\/produkt\/false-idols-totem\/","title":{"rendered":"False Idols Totem"},"content":{"rendered":"","protected":false},"excerpt":{"rendered":"<div id=\"tw-target-text-container\" class=\"tw-ta-container tw-nfl\" tabindex=\"0\" role=\"text\">\n<p id=\"tw-target-text\" class=\"tw-data-text tw-text-large tw-ta\" dir=\"ltr\" data-placeholder=\"\u00d6vers\u00e4ttning\" data-ved=\"2ahUKEwiwyM-LlKGMAxWJHhAIHf2UNPYQ3ewLegQICBAU\" aria-label=\"\u00d6versatt text: Ge dig in i en v\u00e4rld av Maya-myter och mysterier. Gudar styr fr\u00e5n bortom - eller g\u00f6r de? Akta dig f\u00f6r de falska idolerna. I historiens skuggade h\u00f6rn, d\u00e4r myter fl\u00e4tas samman med verkligheten, har Jokerns och Tjuvens g\u00e5tfulla gestalter dansat genom tiderna. De \u00e4r eviga, allest\u00e4des n\u00e4rvarande, men \u00e4nd\u00e5 inte omedelbart igenk\u00e4nda. De har presenterat sig som de stora sj\u00f6fararna, p\u00e5 land som v\u00e4gfararna och i Dystopiens \u00f6demark. De har till och med \u00f6verskridit verkligheten inom v\u00e5r serie Psychonauts. I serien, False Idols, spelar dessa tv\u00e5 mystiska varelser sina mest v\u00e5gade roller hittills - maskerade som de gamla civilisationernas gamla gudar. False Idols \u00e4r en 100 % anpassad kortlek med spelkort, fr\u00e5n baksidans design, alla ess, domstolskorten och jokrar. F\u00f6rpackad i en spektakul\u00e4r tuckbox komplett med foliest\u00e4mpling och pr\u00e4gling - skapar en underbar, upph\u00f6jd textur som du kan k\u00e4nna. Det finns tv\u00e5 huvudupplagor. Standardleken som har tr\u00e4det och Totem Edition som har den svarta l\u00e5dan och folieaccenter p\u00e5 baksidan av korten.\"><span class=\"Y2IQFc\" lang=\"sv\">Venture into a world of Mayan myth and mystery. Deities rule from beyond &#8211; or do they? Beware the <b>False Idols. <\/b><\/p>\n<p>In the shadowed corners of history, where myths intertwine with reality, the enigmatic figures of the Joker and the Thief have danced throughout the ages. They are eternal, omnipresent, yet not immediately recognized. They&#8217;ve presented themselves as the Great Seafarers, on land as the Wayfarers, and in the Wasteland of Dystopia. They have even transcended reality within our Psychonauts series. In the series, <b>False Idols<\/b>, these two mysterious entities play their most daring roles yet &#8211; masquerading as the old gods of ancient civilizations.<\/p>\n<p><b>False Idols<\/b> is a 100% custom deck of playing cards, from the back designs, all of the aces, the court cards, and jokers. Packaged in a spectacular tuck box complete with foil stamping and embossing &#8211; creating a gorgeous, raised texture you can feel.<\/p>\n<p><b>There are two main editions. <\/b> The <b>standard deck<\/b> which has the tree tuck box and the <b>Totem Edition <\/b> that has the black box and foil accents on the back of the cards. <\/span><\/p>\n<\/div>\n<div id=\"tw-target-rmn-container\" class=\"tw-target-rmn tw-ta-container tw-nfl\" tabindex=\"0\" role=\"text\">\n<pre id=\"tw-target-rmn\" class=\"tw-data-placeholder tw-text-small tw-ta\" dir=\"ltr\" data-placeholder=\"\"><\/pre>\n<\/div>\n<p> [&#8230;]<\/p>\n<p><a class=\"btn btn-secondary understrap-read-more-link\" href=\"https:\/\/kortleksbolaget.se\/da\/produkt\/false-idols-totem\/\">L\u00e6s mere&#8230;<span class=\"screen-reader-text\"> from False Idols Totem<\/span><\/a><\/p>\n","protected":false},"featured_media":150853,"template":"","meta":{"_acf_changed":false},"product_brand":[],"product_cat":[231],"product_tag":[],"class_list":{"0":"post-150863","1":"product","2":"type-product","3":"status-publish","4":"has-post-thumbnail","6":"varumarke-joker-and-the-thief-en-da","7":"product_cat-special-luksus-limited-da","9":"first","10":"instock","11":"taxable","12":"shipping-taxable","13":"purchasable","14":"product-type-simple"},"acf":[],"yoast_head":"<!-- This site is optimized with the Yoast SEO plugin v26.3 - https:\/\/yoast.com\/wordpress\/plugins\/seo\/ -->\n<title>Kortlek False Idols Totem | Kortleksbolaget<\/title>\n<meta name=\"description\" content=\"K\u00f6p False Idols Totem. Snabba leveranser &amp; bra priser. Sveriges st\u00f6rsta sortiment av kortlekar p\u00e5 Kortleksbolaget!\" \/>\n<meta name=\"robots\" content=\"index, follow, max-snippet:-1, max-image-preview:large, max-video-preview:-1\" \/>\n<link rel=\"canonical\" href=\"https:\/\/kortleksbolaget.se\/da\/produkt\/false-idols-totem\/\" \/>\n<meta property=\"og:locale\" content=\"da_DK\" \/>\n<meta property=\"og:type\" content=\"article\" \/>\n<meta property=\"og:title\" content=\"Kortlek False Idols Totem | Kortleksbolaget\" \/>\n<meta property=\"og:description\" content=\"K\u00f6p False Idols Totem. Snabba leveranser &amp; bra priser. Sveriges st\u00f6rsta sortiment av kortlekar p\u00e5 Kortleksbolaget!\" \/>\n<meta property=\"og:url\" content=\"https:\/\/kortleksbolaget.se\/da\/produkt\/false-idols-totem\/\" \/>\n<meta property=\"og:site_name\" content=\"Kortleksbolaget\" \/>\n<meta property=\"og:image\" content=\"https:\/\/kortleksbolaget.se\/wp-content\/uploads\/false-thief-idols-joker.jpg\" \/>\n\t<meta property=\"og:image:width\" content=\"441\" \/>\n\t<meta property=\"og:image:height\" content=\"661\" \/>\n\t<meta property=\"og:image:type\" content=\"image\/jpeg\" \/>\n<meta name=\"twitter:card\" content=\"summary_large_image\" \/>\n<meta name=\"twitter:label1\" content=\"Estimeret l\u00e6setid\" \/>\n\t<meta name=\"twitter:data1\" content=\"1 minut\" \/>\n<script type=\"application\/ld+json\" class=\"yoast-schema-graph\">{\"@context\":\"https:\/\/schema.org\",\"@graph\":[{\"@type\":\"WebPage\",\"@id\":\"https:\/\/kortleksbolaget.se\/da\/produkt\/false-idols-totem\/\",\"url\":\"https:\/\/kortleksbolaget.se\/da\/produkt\/false-idols-totem\/\",\"name\":\"Kortlek False Idols Totem | Kortleksbolaget\",\"isPartOf\":{\"@id\":\"https:\/\/kortleksbolaget.se\/da\/#website\"},\"primaryImageOfPage\":{\"@id\":\"https:\/\/kortleksbolaget.se\/da\/produkt\/false-idols-totem\/#primaryimage\"},\"image\":{\"@id\":\"https:\/\/kortleksbolaget.se\/da\/produkt\/false-idols-totem\/#primaryimage\"},\"thumbnailUrl\":\"https:\/\/kortleksbolaget.se\/wp-content\/uploads\/false-thief-idols-joker.jpg\",\"datePublished\":\"2025-03-31T13:12:52+00:00\",\"description\":\"K\u00f6p False Idols Totem. Snabba leveranser & bra priser. Sveriges st\u00f6rsta sortiment av kortlekar p\u00e5 Kortleksbolaget!\",\"breadcrumb\":{\"@id\":\"https:\/\/kortleksbolaget.se\/da\/produkt\/false-idols-totem\/#breadcrumb\"},\"inLanguage\":\"da-DK\",\"potentialAction\":[{\"@type\":\"ReadAction\",\"target\":[\"https:\/\/kortleksbolaget.se\/da\/produkt\/false-idols-totem\/\"]}]},{\"@type\":\"ImageObject\",\"inLanguage\":\"da-DK\",\"@id\":\"https:\/\/kortleksbolaget.se\/da\/produkt\/false-idols-totem\/#primaryimage\",\"url\":\"https:\/\/kortleksbolaget.se\/wp-content\/uploads\/false-thief-idols-joker.jpg\",\"contentUrl\":\"https:\/\/kortleksbolaget.se\/wp-content\/uploads\/false-thief-idols-joker.jpg\",\"width\":441,\"height\":661},{\"@type\":\"BreadcrumbList\",\"@id\":\"https:\/\/kortleksbolaget.se\/da\/produkt\/false-idols-totem\/#breadcrumb\",\"itemListElement\":[{\"@type\":\"ListItem\",\"position\":1,\"name\":\"Hem\",\"item\":\"https:\/\/kortleksbolaget.se\/da\/\"},{\"@type\":\"ListItem\",\"position\":2,\"name\":\"Shop\",\"item\":\"https:\/\/kortleksbolaget.se\/da\/shop-2\/\"},{\"@type\":\"ListItem\",\"position\":3,\"name\":\"False Idols Totem\"}]},{\"@type\":\"WebSite\",\"@id\":\"https:\/\/kortleksbolaget.se\/da\/#website\",\"url\":\"https:\/\/kortleksbolaget.se\/da\/\",\"name\":\"Kortleksbolaget\",\"description\":\"Kortlekar p\u00e5 n\u00e4tet\",\"publisher\":{\"@id\":\"https:\/\/kortleksbolaget.se\/da\/#organization\"},\"potentialAction\":[{\"@type\":\"SearchAction\",\"target\":{\"@type\":\"EntryPoint\",\"urlTemplate\":\"https:\/\/kortleksbolaget.se\/da\/?s={search_term_string}\"},\"query-input\":{\"@type\":\"PropertyValueSpecification\",\"valueRequired\":true,\"valueName\":\"search_term_string\"}}],\"inLanguage\":\"da-DK\"},{\"@type\":\"Organization\",\"@id\":\"https:\/\/kortleksbolaget.se\/da\/#organization\",\"name\":\"Kortleksbolaget\",\"url\":\"https:\/\/kortleksbolaget.se\/da\/\",\"logo\":{\"@type\":\"ImageObject\",\"inLanguage\":\"da-DK\",\"@id\":\"https:\/\/kortleksbolaget.se\/da\/#\/schema\/logo\/image\/\",\"url\":\"https:\/\/kortleksbolaget.se\/wp-content\/uploads\/kortleksbolaget_logo-svart.png\",\"contentUrl\":\"https:\/\/kortleksbolaget.se\/wp-content\/uploads\/kortleksbolaget_logo-svart.png\",\"width\":1200,\"height\":296,\"caption\":\"Kortleksbolaget\"},\"image\":{\"@id\":\"https:\/\/kortleksbolaget.se\/da\/#\/schema\/logo\/image\/\"}}]}<\/script>\n<!-- \/ Yoast SEO plugin. -->","yoast_head_json":{"title":"Kortlek False Idols Totem | Kortleksbolaget","description":"K\u00f6p False Idols Totem. Snabba leveranser & bra priser. Sveriges st\u00f6rsta sortiment av kortlekar p\u00e5 Kortleksbolaget!","robots":{"index":"index","follow":"follow","max-snippet":"max-snippet:-1","max-image-preview":"max-image-preview:large","max-video-preview":"max-video-preview:-1"},"canonical":"https:\/\/kortleksbolaget.se\/da\/produkt\/false-idols-totem\/","og_locale":"da_DK","og_type":"article","og_title":"Kortlek False Idols Totem | Kortleksbolaget","og_description":"K\u00f6p False Idols Totem. Snabba leveranser & bra priser. Sveriges st\u00f6rsta sortiment av kortlekar p\u00e5 Kortleksbolaget!","og_url":"https:\/\/kortleksbolaget.se\/da\/produkt\/false-idols-totem\/","og_site_name":"Kortleksbolaget","og_image":[{"width":441,"height":661,"url":"https:\/\/kortleksbolaget.se\/wp-content\/uploads\/false-thief-idols-joker.jpg","type":"image\/jpeg"}],"twitter_card":"summary_large_image","twitter_misc":{"Estimeret l\u00e6setid":"1 minut"},"schema":{"@context":"https:\/\/schema.org","@graph":[{"@type":"WebPage","@id":"https:\/\/kortleksbolaget.se\/da\/produkt\/false-idols-totem\/","url":"https:\/\/kortleksbolaget.se\/da\/produkt\/false-idols-totem\/","name":"Kortlek False Idols Totem | Kortleksbolaget","isPartOf":{"@id":"https:\/\/kortleksbolaget.se\/da\/#website"},"primaryImageOfPage":{"@id":"https:\/\/kortleksbolaget.se\/da\/produkt\/false-idols-totem\/#primaryimage"},"image":{"@id":"https:\/\/kortleksbolaget.se\/da\/produkt\/false-idols-totem\/#primaryimage"},"thumbnailUrl":"https:\/\/kortleksbolaget.se\/wp-content\/uploads\/false-thief-idols-joker.jpg","datePublished":"2025-03-31T13:12:52+00:00","description":"K\u00f6p False Idols Totem. Snabba leveranser & bra priser. Sveriges st\u00f6rsta sortiment av kortlekar p\u00e5 Kortleksbolaget!","breadcrumb":{"@id":"https:\/\/kortleksbolaget.se\/da\/produkt\/false-idols-totem\/#breadcrumb"},"inLanguage":"da-DK","potentialAction":[{"@type":"ReadAction","target":["https:\/\/kortleksbolaget.se\/da\/produkt\/false-idols-totem\/"]}]},{"@type":"ImageObject","inLanguage":"da-DK","@id":"https:\/\/kortleksbolaget.se\/da\/produkt\/false-idols-totem\/#primaryimage","url":"https:\/\/kortleksbolaget.se\/wp-content\/uploads\/false-thief-idols-joker.jpg","contentUrl":"https:\/\/kortleksbolaget.se\/wp-content\/uploads\/false-thief-idols-joker.jpg","width":441,"height":661},{"@type":"BreadcrumbList","@id":"https:\/\/kortleksbolaget.se\/da\/produkt\/false-idols-totem\/#breadcrumb","itemListElement":[{"@type":"ListItem","position":1,"name":"Hem","item":"https:\/\/kortleksbolaget.se\/da\/"},{"@type":"ListItem","position":2,"name":"Shop","item":"https:\/\/kortleksbolaget.se\/da\/shop-2\/"},{"@type":"ListItem","position":3,"name":"False Idols Totem"}]},{"@type":"WebSite","@id":"https:\/\/kortleksbolaget.se\/da\/#website","url":"https:\/\/kortleksbolaget.se\/da\/","name":"Kortleksbolaget","description":"Kortlekar p\u00e5 n\u00e4tet","publisher":{"@id":"https:\/\/kortleksbolaget.se\/da\/#organization"},"potentialAction":[{"@type":"SearchAction","target":{"@type":"EntryPoint","urlTemplate":"https:\/\/kortleksbolaget.se\/da\/?s={search_term_string}"},"query-input":{"@type":"PropertyValueSpecification","valueRequired":true,"valueName":"search_term_string"}}],"inLanguage":"da-DK"},{"@type":"Organization","@id":"https:\/\/kortleksbolaget.se\/da\/#organization","name":"Kortleksbolaget","url":"https:\/\/kortleksbolaget.se\/da\/","logo":{"@type":"ImageObject","inLanguage":"da-DK","@id":"https:\/\/kortleksbolaget.se\/da\/#\/schema\/logo\/image\/","url":"https:\/\/kortleksbolaget.se\/wp-content\/uploads\/kortleksbolaget_logo-svart.png","contentUrl":"https:\/\/kortleksbolaget.se\/wp-content\/uploads\/kortleksbolaget_logo-svart.png","width":1200,"height":296,"caption":"Kortleksbolaget"},"image":{"@id":"https:\/\/kortleksbolaget.se\/da\/#\/schema\/logo\/image\/"}}]}},"_links":{"self":[{"href":"https:\/\/kortleksbolaget.se\/da\/wp-json\/wp\/v2\/product\/150863","targetHints":{"allow":["GET"]}}],"collection":[{"href":"https:\/\/kortleksbolaget.se\/da\/wp-json\/wp\/v2\/product"}],"about":[{"href":"https:\/\/kortleksbolaget.se\/da\/wp-json\/wp\/v2\/types\/product"}],"wp:featuredmedia":[{"embeddable":true,"href":"https:\/\/kortleksbolaget.se\/da\/wp-json\/wp\/v2\/media\/150853"}],"wp:attachment":[{"href":"https:\/\/kortleksbolaget.se\/da\/wp-json\/wp\/v2\/media?parent=150863"}],"wp:term":[{"taxonomy":"product_brand","embeddable":true,"href":"https:\/\/kortleksbolaget.se\/da\/wp-json\/wp\/v2\/product_brand?post=150863"},{"taxonomy":"product_cat","embeddable":true,"href":"https:\/\/kortleksbolaget.se\/da\/wp-json\/wp\/v2\/product_cat?post=150863"},{"taxonomy":"product_tag","embeddable":true,"href":"https:\/\/kortleksbolaget.se\/da\/wp-json\/wp\/v2\/product_tag?post=150863"}],"curies":[{"name":"wp","href":"https:\/\/api.w.org\/{rel}","templated":true}]}}