{"id":151386,"date":"2025-04-30T15:25:46","date_gmt":"2025-04-30T13:25:46","guid":{"rendered":"https:\/\/kortleksbolaget.se\/produkt\/lord-of-the-rings-puzzle-by-theory11\/"},"modified":"2025-04-30T15:25:46","modified_gmt":"2025-04-30T13:25:46","slug":"lord-of-the-rings-puzzle-by-theory11","status":"publish","type":"product","link":"https:\/\/kortleksbolaget.se\/da\/produkt\/lord-of-the-rings-puzzle-by-theory11\/","title":{"rendered":"Lord of the Rings Puzzle by Theory11"},"content":{"rendered":"","protected":false},"excerpt":{"rendered":"<div class=\"box-inner1\">\n<div class=\"product-description Scrollable\">\n<div class=\"product attribute overview\">\n<div class=\"value\">\n<div class=\"box-inner1\">\n<div class=\"product-description Scrollable\">\n<div class=\"product attribute overview\">\n<div class=\"value\">\n<p>INTERACTIVE jigsaw Puzzle<br \/>\nJourney into Middle-earth with this premium jigsaw puzzle, featuring a multi-dimensional twist!<\/p>\n<p>THE LAND OF MIDDLE-EARTH\u00a0&#8211; Piece by piece<br \/>\nAdapting fully custom artwork from our best-selling Lord of the Rings Playing Cards, this 1,000 piece jigsaw puzzle brings the iconic characters and references from the series to life in vivid detail. The puzzle pieces themselves feature a mix of elegant gold and green foil, and arrive nestled inside a premium carrying pouch.<\/p>\n<p>A MULTI-DIMENSIONAL EXPERIENCE<br \/>\nThe experience doesn\u2019t end once the last piece pops into place. Completing the puzzle opens a gateway to a multi-dimensional online experience, transporting fans into the world of Lord of the Rings like never before &#8211; an innovative, immersive dive into the landscape of Middle-earth!<\/p>\n<p>Breathtaking Quality<br \/>\nONE PUZZLE TO RULE THEM ALL<br \/>\nThe Middle-earth puzzle is not only designed to be a work of art worthy of display after completion, but also a gateway to adventure, crafted with exceptional quality for fans who wish to bring the world of Lord of the Rings into their homes. Every detail has been meticulously crafted to immerse you in Middle-earth.<\/p>\n<\/div>\n<\/div>\n<\/div>\n<\/div>\n<p id=\"tw-target-text\" class=\"tw-data-text tw-text-large tw-ta\" dir=\"ltr\" data-placeholder=\"\u00d6vers\u00e4ttning\" data-ved=\"2ahUKEwiu8aaiieyMAxXuPhAIHTDUF5QQ3ewLegQICBAU\" aria-label=\"\u00d6versatt text: INTERAKTIVT pussel Res in i Midg\u00e5rd med detta f\u00f6rstklassiga pussel, med en flerdimensionell twist! MELLANJORDENS LAND - Bit f\u00f6r bit Anpassar helt anpassade konstverk fr\u00e5n v\u00e5ra b\u00e4sts\u00e4ljande Sagan om ringen-spelkort, detta pussel med 1 000 bitar v\u00e4cker de ikoniska karakt\u00e4rerna och referenserna fr\u00e5n serien till liv i levande detaljer. Pusselbitarna i sig har en blandning av elegant guld och gr\u00f6n folie, och kommer inb\u00e4ddade i en premium b\u00e4rv\u00e4ska. EN MULTIDIMENSIONELL UPPLEVELSE Upplevelsen tar inte slut n\u00e4r den sista biten kommer p\u00e5 plats. Att slutf\u00f6ra pusslet \u00f6ppnar en ink\u00f6rsport till en multidimensionell onlineupplevelse, som transporterar fansen till Sagan om Ringens v\u00e4rld som aldrig f\u00f6rr - ett innovativt, uppslukande dyk in i Midg\u00e5rds landskap! Hisnande kvalitet ETT PUSSEL F\u00d6R ATT H\u00c4RSKA DEM ALLA Midg\u00e5rdspusslet \u00e4r inte bara designat f\u00f6r att vara ett konstverk som \u00e4r v\u00e4rt att visas efter det att det \u00e4r f\u00e4rdigt, utan ocks\u00e5 en ink\u00f6rsport till \u00e4ventyr, skapat med exceptionell kvalitet f\u00f6r fans som vill ta in Sagan om ringens v\u00e4rld i sina hem. Varje detalj \u00e4r noggrant utformad f\u00f6r att f\u00f6rdjupa dig i Midg\u00e5rd.\"><span class=\"Y2IQFc\" lang=\"sv\">\u00a0<\/span><\/p>\n<\/div>\n<\/div>\n<\/div>\n<\/div>\n<p> [&#8230;]<\/p>\n<p><a class=\"btn btn-secondary understrap-read-more-link\" href=\"https:\/\/kortleksbolaget.se\/da\/produkt\/lord-of-the-rings-puzzle-by-theory11\/\">L\u00e6s mere&#8230;<span class=\"screen-reader-text\"> from Lord of the Rings Puzzle by Theory11<\/span><\/a><\/p>\n","protected":false},"featured_media":151376,"template":"","meta":{"_acf_changed":false},"product_brand":[],"product_cat":[298],"product_tag":[],"class_list":{"0":"post-151386","1":"product","2":"type-product","3":"status-publish","4":"has-post-thumbnail","6":"varumarke-theory11-da","7":"product_cat-pussel-knep-knap-da","9":"first","10":"instock","11":"taxable","12":"shipping-taxable","13":"purchasable","14":"product-type-simple"},"acf":[],"yoast_head":"<!-- This site is optimized with the Yoast SEO plugin v26.3 - https:\/\/yoast.com\/wordpress\/plugins\/seo\/ -->\n<title>Kortlek Lord of the Rings Puzzle by Theory11 | Kortleksbolaget<\/title>\n<meta name=\"description\" content=\"K\u00f6p Lord of the Rings Puzzle by Theory11. Snabba leveranser &amp; bra priser. Sveriges st\u00f6rsta sortiment av kortlekar p\u00e5 Kortleksbolaget!\" \/>\n<meta name=\"robots\" content=\"index, follow, max-snippet:-1, max-image-preview:large, max-video-preview:-1\" \/>\n<link rel=\"canonical\" href=\"https:\/\/kortleksbolaget.se\/da\/produkt\/lord-of-the-rings-puzzle-by-theory11\/\" \/>\n<meta property=\"og:locale\" content=\"da_DK\" \/>\n<meta property=\"og:type\" content=\"article\" \/>\n<meta property=\"og:title\" content=\"Kortlek Lord of the Rings Puzzle by Theory11 | Kortleksbolaget\" \/>\n<meta property=\"og:description\" content=\"K\u00f6p Lord of the Rings Puzzle by Theory11. Snabba leveranser &amp; bra priser. Sveriges st\u00f6rsta sortiment av kortlekar p\u00e5 Kortleksbolaget!\" \/>\n<meta property=\"og:url\" content=\"https:\/\/kortleksbolaget.se\/da\/produkt\/lord-of-the-rings-puzzle-by-theory11\/\" \/>\n<meta property=\"og:site_name\" content=\"Kortleksbolaget\" \/>\n<meta property=\"og:image\" content=\"https:\/\/kortleksbolaget.se\/wp-content\/uploads\/sagan-om-ringen-pussel-lord-rings-puzzle.jpg\" \/>\n\t<meta property=\"og:image:width\" content=\"579\" \/>\n\t<meta property=\"og:image:height\" content=\"869\" \/>\n\t<meta property=\"og:image:type\" content=\"image\/jpeg\" \/>\n<meta name=\"twitter:card\" content=\"summary_large_image\" \/>\n<meta name=\"twitter:label1\" content=\"Estimeret l\u00e6setid\" \/>\n\t<meta name=\"twitter:data1\" content=\"1 minut\" \/>\n<script type=\"application\/ld+json\" class=\"yoast-schema-graph\">{\"@context\":\"https:\/\/schema.org\",\"@graph\":[{\"@type\":\"WebPage\",\"@id\":\"https:\/\/kortleksbolaget.se\/da\/produkt\/lord-of-the-rings-puzzle-by-theory11\/\",\"url\":\"https:\/\/kortleksbolaget.se\/da\/produkt\/lord-of-the-rings-puzzle-by-theory11\/\",\"name\":\"Kortlek Lord of the Rings Puzzle by Theory11 | Kortleksbolaget\",\"isPartOf\":{\"@id\":\"https:\/\/kortleksbolaget.se\/da\/#website\"},\"primaryImageOfPage\":{\"@id\":\"https:\/\/kortleksbolaget.se\/da\/produkt\/lord-of-the-rings-puzzle-by-theory11\/#primaryimage\"},\"image\":{\"@id\":\"https:\/\/kortleksbolaget.se\/da\/produkt\/lord-of-the-rings-puzzle-by-theory11\/#primaryimage\"},\"thumbnailUrl\":\"https:\/\/kortleksbolaget.se\/wp-content\/uploads\/sagan-om-ringen-pussel-lord-rings-puzzle.jpg\",\"datePublished\":\"2025-04-30T13:25:46+00:00\",\"description\":\"K\u00f6p Lord of the Rings Puzzle by Theory11. Snabba leveranser & bra priser. Sveriges st\u00f6rsta sortiment av kortlekar p\u00e5 Kortleksbolaget!\",\"breadcrumb\":{\"@id\":\"https:\/\/kortleksbolaget.se\/da\/produkt\/lord-of-the-rings-puzzle-by-theory11\/#breadcrumb\"},\"inLanguage\":\"da-DK\",\"potentialAction\":[{\"@type\":\"ReadAction\",\"target\":[\"https:\/\/kortleksbolaget.se\/da\/produkt\/lord-of-the-rings-puzzle-by-theory11\/\"]}]},{\"@type\":\"ImageObject\",\"inLanguage\":\"da-DK\",\"@id\":\"https:\/\/kortleksbolaget.se\/da\/produkt\/lord-of-the-rings-puzzle-by-theory11\/#primaryimage\",\"url\":\"https:\/\/kortleksbolaget.se\/wp-content\/uploads\/sagan-om-ringen-pussel-lord-rings-puzzle.jpg\",\"contentUrl\":\"https:\/\/kortleksbolaget.se\/wp-content\/uploads\/sagan-om-ringen-pussel-lord-rings-puzzle.jpg\",\"width\":579,\"height\":869},{\"@type\":\"BreadcrumbList\",\"@id\":\"https:\/\/kortleksbolaget.se\/da\/produkt\/lord-of-the-rings-puzzle-by-theory11\/#breadcrumb\",\"itemListElement\":[{\"@type\":\"ListItem\",\"position\":1,\"name\":\"Hem\",\"item\":\"https:\/\/kortleksbolaget.se\/da\/\"},{\"@type\":\"ListItem\",\"position\":2,\"name\":\"Shop\",\"item\":\"https:\/\/kortleksbolaget.se\/da\/shop-2\/\"},{\"@type\":\"ListItem\",\"position\":3,\"name\":\"Lord of the Rings Puzzle by Theory11\"}]},{\"@type\":\"WebSite\",\"@id\":\"https:\/\/kortleksbolaget.se\/da\/#website\",\"url\":\"https:\/\/kortleksbolaget.se\/da\/\",\"name\":\"Kortleksbolaget\",\"description\":\"Kortlekar p\u00e5 n\u00e4tet\",\"publisher\":{\"@id\":\"https:\/\/kortleksbolaget.se\/da\/#organization\"},\"potentialAction\":[{\"@type\":\"SearchAction\",\"target\":{\"@type\":\"EntryPoint\",\"urlTemplate\":\"https:\/\/kortleksbolaget.se\/da\/?s={search_term_string}\"},\"query-input\":{\"@type\":\"PropertyValueSpecification\",\"valueRequired\":true,\"valueName\":\"search_term_string\"}}],\"inLanguage\":\"da-DK\"},{\"@type\":\"Organization\",\"@id\":\"https:\/\/kortleksbolaget.se\/da\/#organization\",\"name\":\"Kortleksbolaget\",\"url\":\"https:\/\/kortleksbolaget.se\/da\/\",\"logo\":{\"@type\":\"ImageObject\",\"inLanguage\":\"da-DK\",\"@id\":\"https:\/\/kortleksbolaget.se\/da\/#\/schema\/logo\/image\/\",\"url\":\"https:\/\/kortleksbolaget.se\/wp-content\/uploads\/kortleksbolaget_logo-svart.png\",\"contentUrl\":\"https:\/\/kortleksbolaget.se\/wp-content\/uploads\/kortleksbolaget_logo-svart.png\",\"width\":1200,\"height\":296,\"caption\":\"Kortleksbolaget\"},\"image\":{\"@id\":\"https:\/\/kortleksbolaget.se\/da\/#\/schema\/logo\/image\/\"}}]}<\/script>\n<!-- \/ Yoast SEO plugin. -->","yoast_head_json":{"title":"Kortlek Lord of the Rings Puzzle by Theory11 | Kortleksbolaget","description":"K\u00f6p Lord of the Rings Puzzle by Theory11. Snabba leveranser & bra priser. Sveriges st\u00f6rsta sortiment av kortlekar p\u00e5 Kortleksbolaget!","robots":{"index":"index","follow":"follow","max-snippet":"max-snippet:-1","max-image-preview":"max-image-preview:large","max-video-preview":"max-video-preview:-1"},"canonical":"https:\/\/kortleksbolaget.se\/da\/produkt\/lord-of-the-rings-puzzle-by-theory11\/","og_locale":"da_DK","og_type":"article","og_title":"Kortlek Lord of the Rings Puzzle by Theory11 | Kortleksbolaget","og_description":"K\u00f6p Lord of the Rings Puzzle by Theory11. Snabba leveranser & bra priser. Sveriges st\u00f6rsta sortiment av kortlekar p\u00e5 Kortleksbolaget!","og_url":"https:\/\/kortleksbolaget.se\/da\/produkt\/lord-of-the-rings-puzzle-by-theory11\/","og_site_name":"Kortleksbolaget","og_image":[{"width":579,"height":869,"url":"https:\/\/kortleksbolaget.se\/wp-content\/uploads\/sagan-om-ringen-pussel-lord-rings-puzzle.jpg","type":"image\/jpeg"}],"twitter_card":"summary_large_image","twitter_misc":{"Estimeret l\u00e6setid":"1 minut"},"schema":{"@context":"https:\/\/schema.org","@graph":[{"@type":"WebPage","@id":"https:\/\/kortleksbolaget.se\/da\/produkt\/lord-of-the-rings-puzzle-by-theory11\/","url":"https:\/\/kortleksbolaget.se\/da\/produkt\/lord-of-the-rings-puzzle-by-theory11\/","name":"Kortlek Lord of the Rings Puzzle by Theory11 | Kortleksbolaget","isPartOf":{"@id":"https:\/\/kortleksbolaget.se\/da\/#website"},"primaryImageOfPage":{"@id":"https:\/\/kortleksbolaget.se\/da\/produkt\/lord-of-the-rings-puzzle-by-theory11\/#primaryimage"},"image":{"@id":"https:\/\/kortleksbolaget.se\/da\/produkt\/lord-of-the-rings-puzzle-by-theory11\/#primaryimage"},"thumbnailUrl":"https:\/\/kortleksbolaget.se\/wp-content\/uploads\/sagan-om-ringen-pussel-lord-rings-puzzle.jpg","datePublished":"2025-04-30T13:25:46+00:00","description":"K\u00f6p Lord of the Rings Puzzle by Theory11. Snabba leveranser & bra priser. Sveriges st\u00f6rsta sortiment av kortlekar p\u00e5 Kortleksbolaget!","breadcrumb":{"@id":"https:\/\/kortleksbolaget.se\/da\/produkt\/lord-of-the-rings-puzzle-by-theory11\/#breadcrumb"},"inLanguage":"da-DK","potentialAction":[{"@type":"ReadAction","target":["https:\/\/kortleksbolaget.se\/da\/produkt\/lord-of-the-rings-puzzle-by-theory11\/"]}]},{"@type":"ImageObject","inLanguage":"da-DK","@id":"https:\/\/kortleksbolaget.se\/da\/produkt\/lord-of-the-rings-puzzle-by-theory11\/#primaryimage","url":"https:\/\/kortleksbolaget.se\/wp-content\/uploads\/sagan-om-ringen-pussel-lord-rings-puzzle.jpg","contentUrl":"https:\/\/kortleksbolaget.se\/wp-content\/uploads\/sagan-om-ringen-pussel-lord-rings-puzzle.jpg","width":579,"height":869},{"@type":"BreadcrumbList","@id":"https:\/\/kortleksbolaget.se\/da\/produkt\/lord-of-the-rings-puzzle-by-theory11\/#breadcrumb","itemListElement":[{"@type":"ListItem","position":1,"name":"Hem","item":"https:\/\/kortleksbolaget.se\/da\/"},{"@type":"ListItem","position":2,"name":"Shop","item":"https:\/\/kortleksbolaget.se\/da\/shop-2\/"},{"@type":"ListItem","position":3,"name":"Lord of the Rings Puzzle by Theory11"}]},{"@type":"WebSite","@id":"https:\/\/kortleksbolaget.se\/da\/#website","url":"https:\/\/kortleksbolaget.se\/da\/","name":"Kortleksbolaget","description":"Kortlekar p\u00e5 n\u00e4tet","publisher":{"@id":"https:\/\/kortleksbolaget.se\/da\/#organization"},"potentialAction":[{"@type":"SearchAction","target":{"@type":"EntryPoint","urlTemplate":"https:\/\/kortleksbolaget.se\/da\/?s={search_term_string}"},"query-input":{"@type":"PropertyValueSpecification","valueRequired":true,"valueName":"search_term_string"}}],"inLanguage":"da-DK"},{"@type":"Organization","@id":"https:\/\/kortleksbolaget.se\/da\/#organization","name":"Kortleksbolaget","url":"https:\/\/kortleksbolaget.se\/da\/","logo":{"@type":"ImageObject","inLanguage":"da-DK","@id":"https:\/\/kortleksbolaget.se\/da\/#\/schema\/logo\/image\/","url":"https:\/\/kortleksbolaget.se\/wp-content\/uploads\/kortleksbolaget_logo-svart.png","contentUrl":"https:\/\/kortleksbolaget.se\/wp-content\/uploads\/kortleksbolaget_logo-svart.png","width":1200,"height":296,"caption":"Kortleksbolaget"},"image":{"@id":"https:\/\/kortleksbolaget.se\/da\/#\/schema\/logo\/image\/"}}]}},"_links":{"self":[{"href":"https:\/\/kortleksbolaget.se\/da\/wp-json\/wp\/v2\/product\/151386","targetHints":{"allow":["GET"]}}],"collection":[{"href":"https:\/\/kortleksbolaget.se\/da\/wp-json\/wp\/v2\/product"}],"about":[{"href":"https:\/\/kortleksbolaget.se\/da\/wp-json\/wp\/v2\/types\/product"}],"wp:featuredmedia":[{"embeddable":true,"href":"https:\/\/kortleksbolaget.se\/da\/wp-json\/wp\/v2\/media\/151376"}],"wp:attachment":[{"href":"https:\/\/kortleksbolaget.se\/da\/wp-json\/wp\/v2\/media?parent=151386"}],"wp:term":[{"taxonomy":"product_brand","embeddable":true,"href":"https:\/\/kortleksbolaget.se\/da\/wp-json\/wp\/v2\/product_brand?post=151386"},{"taxonomy":"product_cat","embeddable":true,"href":"https:\/\/kortleksbolaget.se\/da\/wp-json\/wp\/v2\/product_cat?post=151386"},{"taxonomy":"product_tag","embeddable":true,"href":"https:\/\/kortleksbolaget.se\/da\/wp-json\/wp\/v2\/product_tag?post=151386"}],"curies":[{"name":"wp","href":"https:\/\/api.w.org\/{rel}","templated":true}]}}