{"id":152076,"date":"2025-05-20T20:16:14","date_gmt":"2025-05-20T18:16:14","guid":{"rendered":"https:\/\/kortleksbolaget.se\/produkt\/fulton-street-black-edition\/"},"modified":"2025-05-20T20:16:14","modified_gmt":"2025-05-20T18:16:14","slug":"fulton-street-black-edition","status":"publish","type":"product","link":"https:\/\/kortleksbolaget.se\/da\/produkt\/fulton-street-black-edition\/","title":{"rendered":"Fulton Street Black Edition"},"content":{"rendered":"","protected":false},"excerpt":{"rendered":"<p class=\"tw-data-text tw-text-large tw-ta\" dir=\"ltr\" data-placeholder=\"\u00d6vers\u00e4ttning\" data-ved=\"2ahUKEwjPoMGvk-mMAxXbAxAIHTigPLQQ3ewLegQICBAU\" aria-label=\"\u00d6versatt text: Dessa specialutg\u00e5vor av spelkort firar 50-\u00e5rsjubileet av Massimo Vignellis ikoniska design f\u00f6r MTA Subway Map fr\u00e5n 1972. Ingen kostnad sparades p\u00e5 att skapa dessa klassiska spelkort som har helt anpassade rygg- och kl\u00e4dkortsdesigner som hyllar den nu legendariska skyltningen av det mest bes\u00f6kta transitsystemet i USA. Fulton Street, producerat i samarbete med MTA, \u00e4r ett k\u00e4rleksbrev till den fantastiska grafiska designen av New York Metropolitan Transportation Authority. Genom att &quot;besk\u00e4ra in&quot; kurvorna s\u00e5 v\u00e4ltaligt designade av Vignelli, ger dessa kort en design p\u00e5 baksidan som kapslar in den kinetiska energin f\u00f6r transit i The Big Apple. Helt anpassad design inklusive domstolskort och pips. Ytterligare kort inneh\u00e5ller en uppsats av Dr Kenneth Joh om betydelsen av Vignelli-diagrammet. Tryckt av US Playing Card Company p\u00e5 premiumkort. Tuck Box boktryck pr\u00e4glad i San Diego, CA. Designad av Brad Fulton Producerad av Fultons spelkort Officiellt licensierad produkt fr\u00e5n MTA\"><span class=\"Y2IQFc\" lang=\"sv\">These <b>special edition playing cards <\/b> celebrate the 50th Anniversary of Massimo Vignelli&#8217;s iconic design for the MTA Subway Map of 1972.<\/p>\n<p>No expense was spared in creating these classic playing cards that feature completely custom back and face card designs that celebrate the now legendary signage of the most frequented transit system in the USA.<\/p>\n<p>Produced in collaboration with the MTA, <b>Fulton Street <\/b> is a love letter to the amazing graphic design of the New York Metropolitan Transportation Authority. By &#8220;cropping into&#8221; the curves so eloquently designed by Vignelli, these cards provide a back design that encapsulates the kinetic energy of transit in The Big Apple.<\/span><\/p>\n<ul>\n<li>Completely Custom Design including court cards &amp; pips.<\/li>\n<li>Additional Card features an essay by Dr. Kenneth Joh on the significance of the Vignelli Diagram.<\/li>\n<li>Printed by the US Playing Card Company on premium card stock. Tuck Box letterpress embossed in San Diego, CA.<\/li>\n<li>Designed by Brad Fulton<\/li>\n<li>Produced by Fulton&#8217;s Playing Cards<\/li>\n<li>Officially Licensed Product of the MTA<\/li>\n<\/ul>\n<p id=\"tw-target-text\" class=\"tw-data-text tw-text-large tw-ta\" dir=\"ltr\" data-placeholder=\"\u00d6vers\u00e4ttning\" data-ved=\"2ahUKEwjPoMGvk-mMAxXbAxAIHTigPLQQ3ewLegQICBAU\" aria-label=\"\u00d6versatt text: Dessa specialutg\u00e5vor av spelkort firar 50-\u00e5rsjubileet av Massimo Vignellis ikoniska design f\u00f6r MTA Subway Map fr\u00e5n 1972. Ingen kostnad sparades p\u00e5 att skapa dessa klassiska spelkort som har helt anpassade rygg- och kl\u00e4dkortsdesigner som hyllar den nu legendariska skyltningen av det mest bes\u00f6kta transitsystemet i USA. Fulton Street, producerat i samarbete med MTA, \u00e4r ett k\u00e4rleksbrev till den fantastiska grafiska designen av New York Metropolitan Transportation Authority. Genom att &quot;besk\u00e4ra in&quot; kurvorna s\u00e5 v\u00e4ltaligt designade av Vignelli, ger dessa kort en design p\u00e5 baksidan som kapslar in den kinetiska energin f\u00f6r transit i The Big Apple. Helt anpassad design inklusive domstolskort och pips. Ytterligare kort inneh\u00e5ller en uppsats av Dr Kenneth Joh om betydelsen av Vignelli-diagrammet. Tryckt av US Playing Card Company p\u00e5 premiumkort. Tuck Box boktryck pr\u00e4glad i San Diego, CA. Designad av Brad Fulton Producerad av Fultons spelkort Officiellt licensierad produkt fr\u00e5n MTA\"><span class=\"Y2IQFc\" lang=\"sv\">\u00a0<\/span><\/p>\n<p> [&#8230;]<\/p>\n<p><a class=\"btn btn-secondary understrap-read-more-link\" href=\"https:\/\/kortleksbolaget.se\/da\/produkt\/fulton-street-black-edition\/\">L\u00e6s mere&#8230;<span class=\"screen-reader-text\"> from Fulton Street Black Edition<\/span><\/a><\/p>\n","protected":false},"featured_media":152066,"template":"","meta":{"_acf_changed":false},"product_brand":[],"product_cat":[231],"product_tag":[],"class_list":{"0":"post-152076","1":"product","2":"type-product","3":"status-publish","4":"has-post-thumbnail","6":"varumarke-art-of-play-en-da","7":"varumarke-uspcc-da","8":"product_cat-special-luksus-limited-da","10":"first","11":"outofstock","12":"taxable","13":"shipping-taxable","14":"purchasable","15":"product-type-simple"},"acf":[],"yoast_head":"<!-- This site is optimized with the Yoast SEO plugin v26.3 - https:\/\/yoast.com\/wordpress\/plugins\/seo\/ -->\n<title>Kortlek Fulton Street Black Edition | Kortleksbolaget<\/title>\n<meta name=\"description\" content=\"K\u00f6p Fulton Street Black Edition. Snabba leveranser &amp; bra priser. Sveriges st\u00f6rsta sortiment av kortlekar p\u00e5 Kortleksbolaget!\" \/>\n<meta name=\"robots\" content=\"index, follow, max-snippet:-1, max-image-preview:large, max-video-preview:-1\" \/>\n<link rel=\"canonical\" href=\"https:\/\/kortleksbolaget.se\/da\/produkt\/fulton-street-black-edition\/\" \/>\n<meta property=\"og:locale\" content=\"da_DK\" \/>\n<meta property=\"og:type\" content=\"article\" \/>\n<meta property=\"og:title\" content=\"Kortlek Fulton Street Black Edition | Kortleksbolaget\" \/>\n<meta property=\"og:description\" content=\"K\u00f6p Fulton Street Black Edition. Snabba leveranser &amp; bra priser. Sveriges st\u00f6rsta sortiment av kortlekar p\u00e5 Kortleksbolaget!\" \/>\n<meta property=\"og:url\" content=\"https:\/\/kortleksbolaget.se\/da\/produkt\/fulton-street-black-edition\/\" \/>\n<meta property=\"og:site_name\" content=\"Kortleksbolaget\" \/>\n<meta property=\"og:image\" content=\"https:\/\/kortleksbolaget.se\/wp-content\/uploads\/fulton-street-new-york.jpg\" \/>\n\t<meta property=\"og:image:width\" content=\"465\" \/>\n\t<meta property=\"og:image:height\" content=\"697\" \/>\n\t<meta property=\"og:image:type\" content=\"image\/jpeg\" \/>\n<meta name=\"twitter:card\" content=\"summary_large_image\" \/>\n<meta name=\"twitter:label1\" content=\"Estimeret l\u00e6setid\" \/>\n\t<meta name=\"twitter:data1\" content=\"1 minut\" \/>\n<script type=\"application\/ld+json\" class=\"yoast-schema-graph\">{\"@context\":\"https:\/\/schema.org\",\"@graph\":[{\"@type\":\"WebPage\",\"@id\":\"https:\/\/kortleksbolaget.se\/da\/produkt\/fulton-street-black-edition\/\",\"url\":\"https:\/\/kortleksbolaget.se\/da\/produkt\/fulton-street-black-edition\/\",\"name\":\"Kortlek Fulton Street Black Edition | Kortleksbolaget\",\"isPartOf\":{\"@id\":\"https:\/\/kortleksbolaget.se\/da\/#website\"},\"primaryImageOfPage\":{\"@id\":\"https:\/\/kortleksbolaget.se\/da\/produkt\/fulton-street-black-edition\/#primaryimage\"},\"image\":{\"@id\":\"https:\/\/kortleksbolaget.se\/da\/produkt\/fulton-street-black-edition\/#primaryimage\"},\"thumbnailUrl\":\"https:\/\/kortleksbolaget.se\/wp-content\/uploads\/fulton-street-new-york.jpg\",\"datePublished\":\"2025-05-20T18:16:14+00:00\",\"description\":\"K\u00f6p Fulton Street Black Edition. Snabba leveranser & bra priser. Sveriges st\u00f6rsta sortiment av kortlekar p\u00e5 Kortleksbolaget!\",\"breadcrumb\":{\"@id\":\"https:\/\/kortleksbolaget.se\/da\/produkt\/fulton-street-black-edition\/#breadcrumb\"},\"inLanguage\":\"da-DK\",\"potentialAction\":[{\"@type\":\"ReadAction\",\"target\":[\"https:\/\/kortleksbolaget.se\/da\/produkt\/fulton-street-black-edition\/\"]}]},{\"@type\":\"ImageObject\",\"inLanguage\":\"da-DK\",\"@id\":\"https:\/\/kortleksbolaget.se\/da\/produkt\/fulton-street-black-edition\/#primaryimage\",\"url\":\"https:\/\/kortleksbolaget.se\/wp-content\/uploads\/fulton-street-new-york.jpg\",\"contentUrl\":\"https:\/\/kortleksbolaget.se\/wp-content\/uploads\/fulton-street-new-york.jpg\",\"width\":465,\"height\":697},{\"@type\":\"BreadcrumbList\",\"@id\":\"https:\/\/kortleksbolaget.se\/da\/produkt\/fulton-street-black-edition\/#breadcrumb\",\"itemListElement\":[{\"@type\":\"ListItem\",\"position\":1,\"name\":\"Hem\",\"item\":\"https:\/\/kortleksbolaget.se\/da\/\"},{\"@type\":\"ListItem\",\"position\":2,\"name\":\"Shop\",\"item\":\"https:\/\/kortleksbolaget.se\/da\/shop-2\/\"},{\"@type\":\"ListItem\",\"position\":3,\"name\":\"Fulton Street Black Edition\"}]},{\"@type\":\"WebSite\",\"@id\":\"https:\/\/kortleksbolaget.se\/da\/#website\",\"url\":\"https:\/\/kortleksbolaget.se\/da\/\",\"name\":\"Kortleksbolaget\",\"description\":\"Kortlekar p\u00e5 n\u00e4tet\",\"publisher\":{\"@id\":\"https:\/\/kortleksbolaget.se\/da\/#organization\"},\"potentialAction\":[{\"@type\":\"SearchAction\",\"target\":{\"@type\":\"EntryPoint\",\"urlTemplate\":\"https:\/\/kortleksbolaget.se\/da\/?s={search_term_string}\"},\"query-input\":{\"@type\":\"PropertyValueSpecification\",\"valueRequired\":true,\"valueName\":\"search_term_string\"}}],\"inLanguage\":\"da-DK\"},{\"@type\":\"Organization\",\"@id\":\"https:\/\/kortleksbolaget.se\/da\/#organization\",\"name\":\"Kortleksbolaget\",\"url\":\"https:\/\/kortleksbolaget.se\/da\/\",\"logo\":{\"@type\":\"ImageObject\",\"inLanguage\":\"da-DK\",\"@id\":\"https:\/\/kortleksbolaget.se\/da\/#\/schema\/logo\/image\/\",\"url\":\"https:\/\/kortleksbolaget.se\/wp-content\/uploads\/kortleksbolaget_logo-svart.png\",\"contentUrl\":\"https:\/\/kortleksbolaget.se\/wp-content\/uploads\/kortleksbolaget_logo-svart.png\",\"width\":1200,\"height\":296,\"caption\":\"Kortleksbolaget\"},\"image\":{\"@id\":\"https:\/\/kortleksbolaget.se\/da\/#\/schema\/logo\/image\/\"}}]}<\/script>\n<!-- \/ Yoast SEO plugin. -->","yoast_head_json":{"title":"Kortlek Fulton Street Black Edition | Kortleksbolaget","description":"K\u00f6p Fulton Street Black Edition. Snabba leveranser & bra priser. Sveriges st\u00f6rsta sortiment av kortlekar p\u00e5 Kortleksbolaget!","robots":{"index":"index","follow":"follow","max-snippet":"max-snippet:-1","max-image-preview":"max-image-preview:large","max-video-preview":"max-video-preview:-1"},"canonical":"https:\/\/kortleksbolaget.se\/da\/produkt\/fulton-street-black-edition\/","og_locale":"da_DK","og_type":"article","og_title":"Kortlek Fulton Street Black Edition | Kortleksbolaget","og_description":"K\u00f6p Fulton Street Black Edition. Snabba leveranser & bra priser. Sveriges st\u00f6rsta sortiment av kortlekar p\u00e5 Kortleksbolaget!","og_url":"https:\/\/kortleksbolaget.se\/da\/produkt\/fulton-street-black-edition\/","og_site_name":"Kortleksbolaget","og_image":[{"width":465,"height":697,"url":"https:\/\/kortleksbolaget.se\/wp-content\/uploads\/fulton-street-new-york.jpg","type":"image\/jpeg"}],"twitter_card":"summary_large_image","twitter_misc":{"Estimeret l\u00e6setid":"1 minut"},"schema":{"@context":"https:\/\/schema.org","@graph":[{"@type":"WebPage","@id":"https:\/\/kortleksbolaget.se\/da\/produkt\/fulton-street-black-edition\/","url":"https:\/\/kortleksbolaget.se\/da\/produkt\/fulton-street-black-edition\/","name":"Kortlek Fulton Street Black Edition | Kortleksbolaget","isPartOf":{"@id":"https:\/\/kortleksbolaget.se\/da\/#website"},"primaryImageOfPage":{"@id":"https:\/\/kortleksbolaget.se\/da\/produkt\/fulton-street-black-edition\/#primaryimage"},"image":{"@id":"https:\/\/kortleksbolaget.se\/da\/produkt\/fulton-street-black-edition\/#primaryimage"},"thumbnailUrl":"https:\/\/kortleksbolaget.se\/wp-content\/uploads\/fulton-street-new-york.jpg","datePublished":"2025-05-20T18:16:14+00:00","description":"K\u00f6p Fulton Street Black Edition. Snabba leveranser & bra priser. Sveriges st\u00f6rsta sortiment av kortlekar p\u00e5 Kortleksbolaget!","breadcrumb":{"@id":"https:\/\/kortleksbolaget.se\/da\/produkt\/fulton-street-black-edition\/#breadcrumb"},"inLanguage":"da-DK","potentialAction":[{"@type":"ReadAction","target":["https:\/\/kortleksbolaget.se\/da\/produkt\/fulton-street-black-edition\/"]}]},{"@type":"ImageObject","inLanguage":"da-DK","@id":"https:\/\/kortleksbolaget.se\/da\/produkt\/fulton-street-black-edition\/#primaryimage","url":"https:\/\/kortleksbolaget.se\/wp-content\/uploads\/fulton-street-new-york.jpg","contentUrl":"https:\/\/kortleksbolaget.se\/wp-content\/uploads\/fulton-street-new-york.jpg","width":465,"height":697},{"@type":"BreadcrumbList","@id":"https:\/\/kortleksbolaget.se\/da\/produkt\/fulton-street-black-edition\/#breadcrumb","itemListElement":[{"@type":"ListItem","position":1,"name":"Hem","item":"https:\/\/kortleksbolaget.se\/da\/"},{"@type":"ListItem","position":2,"name":"Shop","item":"https:\/\/kortleksbolaget.se\/da\/shop-2\/"},{"@type":"ListItem","position":3,"name":"Fulton Street Black Edition"}]},{"@type":"WebSite","@id":"https:\/\/kortleksbolaget.se\/da\/#website","url":"https:\/\/kortleksbolaget.se\/da\/","name":"Kortleksbolaget","description":"Kortlekar p\u00e5 n\u00e4tet","publisher":{"@id":"https:\/\/kortleksbolaget.se\/da\/#organization"},"potentialAction":[{"@type":"SearchAction","target":{"@type":"EntryPoint","urlTemplate":"https:\/\/kortleksbolaget.se\/da\/?s={search_term_string}"},"query-input":{"@type":"PropertyValueSpecification","valueRequired":true,"valueName":"search_term_string"}}],"inLanguage":"da-DK"},{"@type":"Organization","@id":"https:\/\/kortleksbolaget.se\/da\/#organization","name":"Kortleksbolaget","url":"https:\/\/kortleksbolaget.se\/da\/","logo":{"@type":"ImageObject","inLanguage":"da-DK","@id":"https:\/\/kortleksbolaget.se\/da\/#\/schema\/logo\/image\/","url":"https:\/\/kortleksbolaget.se\/wp-content\/uploads\/kortleksbolaget_logo-svart.png","contentUrl":"https:\/\/kortleksbolaget.se\/wp-content\/uploads\/kortleksbolaget_logo-svart.png","width":1200,"height":296,"caption":"Kortleksbolaget"},"image":{"@id":"https:\/\/kortleksbolaget.se\/da\/#\/schema\/logo\/image\/"}}]}},"_links":{"self":[{"href":"https:\/\/kortleksbolaget.se\/da\/wp-json\/wp\/v2\/product\/152076","targetHints":{"allow":["GET"]}}],"collection":[{"href":"https:\/\/kortleksbolaget.se\/da\/wp-json\/wp\/v2\/product"}],"about":[{"href":"https:\/\/kortleksbolaget.se\/da\/wp-json\/wp\/v2\/types\/product"}],"wp:featuredmedia":[{"embeddable":true,"href":"https:\/\/kortleksbolaget.se\/da\/wp-json\/wp\/v2\/media\/152066"}],"wp:attachment":[{"href":"https:\/\/kortleksbolaget.se\/da\/wp-json\/wp\/v2\/media?parent=152076"}],"wp:term":[{"taxonomy":"product_brand","embeddable":true,"href":"https:\/\/kortleksbolaget.se\/da\/wp-json\/wp\/v2\/product_brand?post=152076"},{"taxonomy":"product_cat","embeddable":true,"href":"https:\/\/kortleksbolaget.se\/da\/wp-json\/wp\/v2\/product_cat?post=152076"},{"taxonomy":"product_tag","embeddable":true,"href":"https:\/\/kortleksbolaget.se\/da\/wp-json\/wp\/v2\/product_tag?post=152076"}],"curies":[{"name":"wp","href":"https:\/\/api.w.org\/{rel}","templated":true}]}}