{"id":152864,"date":"2025-07-01T18:06:52","date_gmt":"2025-07-01T16:06:52","guid":{"rendered":"https:\/\/kortleksbolaget.se\/produkt\/the-beetle-backs-cobalt-edition\/"},"modified":"2025-07-01T18:06:52","modified_gmt":"2025-07-01T16:06:52","slug":"the-beetle-backs-cobalt-edition","status":"publish","type":"product","link":"https:\/\/kortleksbolaget.se\/da\/produkt\/the-beetle-backs-cobalt-edition\/","title":{"rendered":"The Beetle Backs Cobalt Edition"},"content":{"rendered":"","protected":false},"excerpt":{"rendered":"<p id=\"tw-target-text\" class=\"tw-data-text tw-text-large tw-ta\" dir=\"ltr\" data-placeholder=\"\u00d6vers\u00e4ttning\" data-ved=\"2ahUKEwi0s-jn5IKOAxW9LBAIHSkjHiUQ3ewLegQICRAV\" aria-label=\"\u00d6versatt text: Med all den elegans och grace som k\u00e4nnetecknar sekelskiftets stil har Beetle Backs Cobalt Standard Edition vackert pr\u00e4glade fodral med 3 folielager tryckta p\u00e5 h\u00f6gkvalitativ 310 g\/m\u00b2 kartong. Korten inuti har en klassisk speglad baksida i livfulla och i\u00f6gonfallande f\u00e4rger som g\u00f6r dem perfekta f\u00f6r spel, magi eller kortspel. Metalliska Pantone-bl\u00e4ck finns p\u00e5 baksidorna och framsidorna av Cobalt Edition. Beetle Backs, presenterade av The Gentleman Wake och designade av Widakk Design, \u00e4r kulmen p\u00e5 ett tv\u00e5\u00e5rigt arbete med att skapa en kortlek som \u00e4r perfekt f\u00f6r samlare, spelare och magientusiaster \u00f6verallt. Klassisk och vacker, med stil och elegans fr\u00e5n sekelskiftet och de finaste moderna hanterings- och tryckteknikerna f\u00f6r spelkort, ber\u00e4ttar Beetle Backs ocks\u00e5 den kafkaiska historien om en h\u00e5rt k\u00e4mpande entomolog som \u00e4r djupt f\u00f6rsjunken i studier av sitt valda omr\u00e5de; underfamiljen Dynastinae av skarab\u00e9baggar. F\u00f6r spelare, samlare och magientusiaster \u00e4r Beetle Backs en m\u00e4sterlig kollektion av kortlekar och tillbeh\u00f6r; en perfekt f\u00f6rening av klassiskt inspirerad illustration och modern design, m\u00e4sterligt tillverkad med material av absolut h\u00f6gsta kvalitet och noggrannhet i detaljerna. Kortlekar \u00e4r f\u00f6rpackade i premiumf\u00f6rpackningar prydda med upp till tre folielager och djup pr\u00e4gling.\"><span class=\"Y2IQFc\" lang=\"sv\">With all the grace and elegance of turn-of-the-20th-century style, the <b>Beetle Backs Cobalt Standard Edition <\/b> feature gorgeously embossed tuck cases with 3 foil layers printed on the highest quality 310 gsm cardstock. The cards within include a classic mirrored back design rendered in vibrant and eye-catching color that makes them perfect for gameplay, magic, or cardistry. Metallic Pantone inks are featured on the backs and faces of <b>Cobalt Edition. <\/b><\/p>\n<p>The <b>Beetle Backs, <\/b> presented by The Gentleman Wake and designed by Widakk Design, is the culmination of a two-year long effort to create a deck of cards perfect for collectors, players and magic enthusiasts everywhere. Classic and beautiful, evoking turn-of-the-20th-century style and elegance and the finest modern handling and playing card printing techniques, The Beetle Backs also tells the Kafkaesque tale of an embattled entomologist deep in study of his chosen field; the Dynastinae subfamily of scarab beetles.<\/p>\n<p>For players, collectors, and magic enthusiasts, the <b>Beetle Backs <\/b> is a masterwork collection of decks and accessories; a perfect union of classically inspired illustration and modern design, masterfully realized with the absolute highest quality materials and attention to detail. The decks are packaged within premium tuck boxes emblazoned with as many as three foil layers and deep embossing. <\/span><\/p>\n<p> [&#8230;]<\/p>\n<p><a class=\"btn btn-secondary understrap-read-more-link\" href=\"https:\/\/kortleksbolaget.se\/da\/produkt\/the-beetle-backs-cobalt-edition\/\">L\u00e6s mere&#8230;<span class=\"screen-reader-text\"> from The Beetle Backs Cobalt Edition<\/span><\/a><\/p>\n","protected":false},"featured_media":152853,"template":"","meta":{"_acf_changed":false},"product_brand":[],"product_cat":[231],"product_tag":[],"class_list":{"0":"post-152864","1":"product","2":"type-product","3":"status-publish","4":"has-post-thumbnail","6":"product_cat-special-luksus-limited-da","8":"first","9":"instock","10":"taxable","11":"shipping-taxable","12":"purchasable","13":"product-type-simple"},"acf":[],"yoast_head":"<!-- This site is optimized with the Yoast SEO plugin v26.3 - https:\/\/yoast.com\/wordpress\/plugins\/seo\/ -->\n<title>Kortlek The Beetle Backs Cobalt Edition | Kortleksbolaget<\/title>\n<meta name=\"description\" content=\"K\u00f6p The Beetle Backs Cobalt Edition. Snabba leveranser &amp; bra priser. Sveriges st\u00f6rsta sortiment av kortlekar p\u00e5 Kortleksbolaget!\" \/>\n<meta name=\"robots\" content=\"index, follow, max-snippet:-1, max-image-preview:large, max-video-preview:-1\" \/>\n<link rel=\"canonical\" href=\"https:\/\/kortleksbolaget.se\/da\/produkt\/the-beetle-backs-cobalt-edition\/\" \/>\n<meta property=\"og:locale\" content=\"da_DK\" \/>\n<meta property=\"og:type\" content=\"article\" \/>\n<meta property=\"og:title\" content=\"Kortlek The Beetle Backs Cobalt Edition | Kortleksbolaget\" \/>\n<meta property=\"og:description\" content=\"K\u00f6p The Beetle Backs Cobalt Edition. Snabba leveranser &amp; bra priser. Sveriges st\u00f6rsta sortiment av kortlekar p\u00e5 Kortleksbolaget!\" \/>\n<meta property=\"og:url\" content=\"https:\/\/kortleksbolaget.se\/da\/produkt\/the-beetle-backs-cobalt-edition\/\" \/>\n<meta property=\"og:site_name\" content=\"Kortleksbolaget\" \/>\n<meta property=\"og:image\" content=\"https:\/\/kortleksbolaget.se\/wp-content\/uploads\/beetle-backs.jpg\" \/>\n\t<meta property=\"og:image:width\" content=\"467\" \/>\n\t<meta property=\"og:image:height\" content=\"701\" \/>\n\t<meta property=\"og:image:type\" content=\"image\/jpeg\" \/>\n<meta name=\"twitter:card\" content=\"summary_large_image\" \/>\n<meta name=\"twitter:label1\" content=\"Estimeret l\u00e6setid\" \/>\n\t<meta name=\"twitter:data1\" content=\"1 minut\" \/>\n<script type=\"application\/ld+json\" class=\"yoast-schema-graph\">{\"@context\":\"https:\/\/schema.org\",\"@graph\":[{\"@type\":\"WebPage\",\"@id\":\"https:\/\/kortleksbolaget.se\/da\/produkt\/the-beetle-backs-cobalt-edition\/\",\"url\":\"https:\/\/kortleksbolaget.se\/da\/produkt\/the-beetle-backs-cobalt-edition\/\",\"name\":\"Kortlek The Beetle Backs Cobalt Edition | Kortleksbolaget\",\"isPartOf\":{\"@id\":\"https:\/\/kortleksbolaget.se\/da\/#website\"},\"primaryImageOfPage\":{\"@id\":\"https:\/\/kortleksbolaget.se\/da\/produkt\/the-beetle-backs-cobalt-edition\/#primaryimage\"},\"image\":{\"@id\":\"https:\/\/kortleksbolaget.se\/da\/produkt\/the-beetle-backs-cobalt-edition\/#primaryimage\"},\"thumbnailUrl\":\"https:\/\/kortleksbolaget.se\/wp-content\/uploads\/beetle-backs.jpg\",\"datePublished\":\"2025-07-01T16:06:52+00:00\",\"description\":\"K\u00f6p The Beetle Backs Cobalt Edition. Snabba leveranser & bra priser. Sveriges st\u00f6rsta sortiment av kortlekar p\u00e5 Kortleksbolaget!\",\"breadcrumb\":{\"@id\":\"https:\/\/kortleksbolaget.se\/da\/produkt\/the-beetle-backs-cobalt-edition\/#breadcrumb\"},\"inLanguage\":\"da-DK\",\"potentialAction\":[{\"@type\":\"ReadAction\",\"target\":[\"https:\/\/kortleksbolaget.se\/da\/produkt\/the-beetle-backs-cobalt-edition\/\"]}]},{\"@type\":\"ImageObject\",\"inLanguage\":\"da-DK\",\"@id\":\"https:\/\/kortleksbolaget.se\/da\/produkt\/the-beetle-backs-cobalt-edition\/#primaryimage\",\"url\":\"https:\/\/kortleksbolaget.se\/wp-content\/uploads\/beetle-backs.jpg\",\"contentUrl\":\"https:\/\/kortleksbolaget.se\/wp-content\/uploads\/beetle-backs.jpg\",\"width\":467,\"height\":701},{\"@type\":\"BreadcrumbList\",\"@id\":\"https:\/\/kortleksbolaget.se\/da\/produkt\/the-beetle-backs-cobalt-edition\/#breadcrumb\",\"itemListElement\":[{\"@type\":\"ListItem\",\"position\":1,\"name\":\"Hem\",\"item\":\"https:\/\/kortleksbolaget.se\/da\/\"},{\"@type\":\"ListItem\",\"position\":2,\"name\":\"Shop\",\"item\":\"https:\/\/kortleksbolaget.se\/da\/shop-2\/\"},{\"@type\":\"ListItem\",\"position\":3,\"name\":\"The Beetle Backs Cobalt Edition\"}]},{\"@type\":\"WebSite\",\"@id\":\"https:\/\/kortleksbolaget.se\/da\/#website\",\"url\":\"https:\/\/kortleksbolaget.se\/da\/\",\"name\":\"Kortleksbolaget\",\"description\":\"Kortlekar p\u00e5 n\u00e4tet\",\"publisher\":{\"@id\":\"https:\/\/kortleksbolaget.se\/da\/#organization\"},\"potentialAction\":[{\"@type\":\"SearchAction\",\"target\":{\"@type\":\"EntryPoint\",\"urlTemplate\":\"https:\/\/kortleksbolaget.se\/da\/?s={search_term_string}\"},\"query-input\":{\"@type\":\"PropertyValueSpecification\",\"valueRequired\":true,\"valueName\":\"search_term_string\"}}],\"inLanguage\":\"da-DK\"},{\"@type\":\"Organization\",\"@id\":\"https:\/\/kortleksbolaget.se\/da\/#organization\",\"name\":\"Kortleksbolaget\",\"url\":\"https:\/\/kortleksbolaget.se\/da\/\",\"logo\":{\"@type\":\"ImageObject\",\"inLanguage\":\"da-DK\",\"@id\":\"https:\/\/kortleksbolaget.se\/da\/#\/schema\/logo\/image\/\",\"url\":\"https:\/\/kortleksbolaget.se\/wp-content\/uploads\/kortleksbolaget_logo-svart.png\",\"contentUrl\":\"https:\/\/kortleksbolaget.se\/wp-content\/uploads\/kortleksbolaget_logo-svart.png\",\"width\":1200,\"height\":296,\"caption\":\"Kortleksbolaget\"},\"image\":{\"@id\":\"https:\/\/kortleksbolaget.se\/da\/#\/schema\/logo\/image\/\"}}]}<\/script>\n<!-- \/ Yoast SEO plugin. -->","yoast_head_json":{"title":"Kortlek The Beetle Backs Cobalt Edition | Kortleksbolaget","description":"K\u00f6p The Beetle Backs Cobalt Edition. Snabba leveranser & bra priser. Sveriges st\u00f6rsta sortiment av kortlekar p\u00e5 Kortleksbolaget!","robots":{"index":"index","follow":"follow","max-snippet":"max-snippet:-1","max-image-preview":"max-image-preview:large","max-video-preview":"max-video-preview:-1"},"canonical":"https:\/\/kortleksbolaget.se\/da\/produkt\/the-beetle-backs-cobalt-edition\/","og_locale":"da_DK","og_type":"article","og_title":"Kortlek The Beetle Backs Cobalt Edition | Kortleksbolaget","og_description":"K\u00f6p The Beetle Backs Cobalt Edition. Snabba leveranser & bra priser. Sveriges st\u00f6rsta sortiment av kortlekar p\u00e5 Kortleksbolaget!","og_url":"https:\/\/kortleksbolaget.se\/da\/produkt\/the-beetle-backs-cobalt-edition\/","og_site_name":"Kortleksbolaget","og_image":[{"width":467,"height":701,"url":"https:\/\/kortleksbolaget.se\/wp-content\/uploads\/beetle-backs.jpg","type":"image\/jpeg"}],"twitter_card":"summary_large_image","twitter_misc":{"Estimeret l\u00e6setid":"1 minut"},"schema":{"@context":"https:\/\/schema.org","@graph":[{"@type":"WebPage","@id":"https:\/\/kortleksbolaget.se\/da\/produkt\/the-beetle-backs-cobalt-edition\/","url":"https:\/\/kortleksbolaget.se\/da\/produkt\/the-beetle-backs-cobalt-edition\/","name":"Kortlek The Beetle Backs Cobalt Edition | Kortleksbolaget","isPartOf":{"@id":"https:\/\/kortleksbolaget.se\/da\/#website"},"primaryImageOfPage":{"@id":"https:\/\/kortleksbolaget.se\/da\/produkt\/the-beetle-backs-cobalt-edition\/#primaryimage"},"image":{"@id":"https:\/\/kortleksbolaget.se\/da\/produkt\/the-beetle-backs-cobalt-edition\/#primaryimage"},"thumbnailUrl":"https:\/\/kortleksbolaget.se\/wp-content\/uploads\/beetle-backs.jpg","datePublished":"2025-07-01T16:06:52+00:00","description":"K\u00f6p The Beetle Backs Cobalt Edition. Snabba leveranser & bra priser. Sveriges st\u00f6rsta sortiment av kortlekar p\u00e5 Kortleksbolaget!","breadcrumb":{"@id":"https:\/\/kortleksbolaget.se\/da\/produkt\/the-beetle-backs-cobalt-edition\/#breadcrumb"},"inLanguage":"da-DK","potentialAction":[{"@type":"ReadAction","target":["https:\/\/kortleksbolaget.se\/da\/produkt\/the-beetle-backs-cobalt-edition\/"]}]},{"@type":"ImageObject","inLanguage":"da-DK","@id":"https:\/\/kortleksbolaget.se\/da\/produkt\/the-beetle-backs-cobalt-edition\/#primaryimage","url":"https:\/\/kortleksbolaget.se\/wp-content\/uploads\/beetle-backs.jpg","contentUrl":"https:\/\/kortleksbolaget.se\/wp-content\/uploads\/beetle-backs.jpg","width":467,"height":701},{"@type":"BreadcrumbList","@id":"https:\/\/kortleksbolaget.se\/da\/produkt\/the-beetle-backs-cobalt-edition\/#breadcrumb","itemListElement":[{"@type":"ListItem","position":1,"name":"Hem","item":"https:\/\/kortleksbolaget.se\/da\/"},{"@type":"ListItem","position":2,"name":"Shop","item":"https:\/\/kortleksbolaget.se\/da\/shop-2\/"},{"@type":"ListItem","position":3,"name":"The Beetle Backs Cobalt Edition"}]},{"@type":"WebSite","@id":"https:\/\/kortleksbolaget.se\/da\/#website","url":"https:\/\/kortleksbolaget.se\/da\/","name":"Kortleksbolaget","description":"Kortlekar p\u00e5 n\u00e4tet","publisher":{"@id":"https:\/\/kortleksbolaget.se\/da\/#organization"},"potentialAction":[{"@type":"SearchAction","target":{"@type":"EntryPoint","urlTemplate":"https:\/\/kortleksbolaget.se\/da\/?s={search_term_string}"},"query-input":{"@type":"PropertyValueSpecification","valueRequired":true,"valueName":"search_term_string"}}],"inLanguage":"da-DK"},{"@type":"Organization","@id":"https:\/\/kortleksbolaget.se\/da\/#organization","name":"Kortleksbolaget","url":"https:\/\/kortleksbolaget.se\/da\/","logo":{"@type":"ImageObject","inLanguage":"da-DK","@id":"https:\/\/kortleksbolaget.se\/da\/#\/schema\/logo\/image\/","url":"https:\/\/kortleksbolaget.se\/wp-content\/uploads\/kortleksbolaget_logo-svart.png","contentUrl":"https:\/\/kortleksbolaget.se\/wp-content\/uploads\/kortleksbolaget_logo-svart.png","width":1200,"height":296,"caption":"Kortleksbolaget"},"image":{"@id":"https:\/\/kortleksbolaget.se\/da\/#\/schema\/logo\/image\/"}}]}},"_links":{"self":[{"href":"https:\/\/kortleksbolaget.se\/da\/wp-json\/wp\/v2\/product\/152864","targetHints":{"allow":["GET"]}}],"collection":[{"href":"https:\/\/kortleksbolaget.se\/da\/wp-json\/wp\/v2\/product"}],"about":[{"href":"https:\/\/kortleksbolaget.se\/da\/wp-json\/wp\/v2\/types\/product"}],"wp:featuredmedia":[{"embeddable":true,"href":"https:\/\/kortleksbolaget.se\/da\/wp-json\/wp\/v2\/media\/152853"}],"wp:attachment":[{"href":"https:\/\/kortleksbolaget.se\/da\/wp-json\/wp\/v2\/media?parent=152864"}],"wp:term":[{"taxonomy":"product_brand","embeddable":true,"href":"https:\/\/kortleksbolaget.se\/da\/wp-json\/wp\/v2\/product_brand?post=152864"},{"taxonomy":"product_cat","embeddable":true,"href":"https:\/\/kortleksbolaget.se\/da\/wp-json\/wp\/v2\/product_cat?post=152864"},{"taxonomy":"product_tag","embeddable":true,"href":"https:\/\/kortleksbolaget.se\/da\/wp-json\/wp\/v2\/product_tag?post=152864"}],"curies":[{"name":"wp","href":"https:\/\/api.w.org\/{rel}","templated":true}]}}