{"id":156533,"date":"2025-12-12T15:57:47","date_gmt":"2025-12-12T14:57:47","guid":{"rendered":"https:\/\/kortleksbolaget.se\/produkt\/the-parlour-royale-legacy-edition-gold-gilded\/"},"modified":"2026-02-08T12:45:15","modified_gmt":"2026-02-08T11:45:15","slug":"the-parlour-royale-legacy-edition-gold-gilded","status":"publish","type":"product","link":"https:\/\/kortleksbolaget.se\/da\/produkt\/the-parlour-royale-legacy-edition-gold-gilded\/","title":{"rendered":"The Parlour Royale Legacy Edition Gold Gilded"},"content":{"rendered":"","protected":false},"excerpt":{"rendered":"<div id=\"tw-target-text-container\" class=\"tw-ta-container tw-nfl\" tabindex=\"0\" role=\"text\">\n<p id=\"tw-target-text\" class=\"tw-data-text tw-text-large tw-ta\" dir=\"ltr\" tabindex=\"-1\" role=\"text\" data-placeholder=\"\u00d6vers\u00e4ttning\" data-ved=\"2ahUKEwjAo7TQn_-QAxVrGhAIHY3KHtIQ3ewLegQIDBAU\" aria-label=\"\u00d6versatt text: Parlour Royale Legacy Edition, presenterad av Gentleman Wake och designad av Stockholm17, har ett vackert pr\u00e4glat fodral med guldfolie och en stansad \u00f6ppning som \u00e4r perfekt f\u00f6r att visa upp den sl\u00e5ende ugglan och spader ess i kortleken. Omgiven av detaljerad och utsmyckad typografi och med starka anspelningar p\u00e5 den viktorianska stilen som inspirerade kortleken. Fodralet \u00e4r tryckt p\u00e5 speciellt guldkartong och har ett vackert upprepande guld-p\u00e5-guld foliem\u00f6nster p\u00e5 insidan av asken. Perfekt f\u00f6r samlare, spelare och magientusiaster \u00f6verallt. Klassisk och vacker, som frammanar stil och elegans fr\u00e5n sekelskiftet och de finaste moderna hanterings- och tryckteknikerna f\u00f6r spelkort. Med fantastiska guldf\u00f6rgyllda kanter som sm\u00e4lter perfekt in i fodralets insida. Korten \u00e4r tryckta p\u00e5 310 g\/m\u00b2 sl\u00e4tt papper med linnefinish och gl\u00e4nser lysande med guldf\u00e4rgad kallfolie.\"><span class=\"Y2IQFc\" lang=\"sv\"><b>The Parlour Royale Legacy Edition<\/b>, presented by the Gentleman Wake and designed by Stockholm17, features a gorgeous gold-foil embossed tuck case featuring a die cut opening perfect for showcasing the striking owl and beetle ace of spades card within the tuck. Surrounded by detailed and ornate typography and featuring strong nods to the Victorian stylings that served as inspiration for the design of the deck. The tuck case is printed on special gold card stock and features gorgeous repeating gold-on-gold foil pattern in the interior of the box.<\/p>\n<p>Perfect for collectors, players and magic enthusiasts everywhere. Classic and beautiful, evoking turn-of-the-20th-century style and elegance and the finest modern handling and playing card printing techniques.<\/p>\n<p>Featuring stunning gold gilded edges blending in perfectly with the interior of the tuck case. The cards are printed on 310gsm smooth handling paper stock with linen finish and shine illustriously with gold cold foil application.<\/span><\/p>\n<\/div>\n<div id=\"tw-target-rmn-container\" class=\"tw-target-rmn tw-ta-container tw-nfl\" tabindex=\"-1\" role=\"text\">\n<pre id=\"tw-target-rmn\" class=\"tw-data-placeholder tw-text-small tw-ta\" dir=\"ltr\" tabindex=\"-1\" role=\"text\" data-placeholder=\"\"><\/pre>\n<\/div>\n<p> [&#8230;]<\/p>\n<p><a class=\"btn btn-secondary understrap-read-more-link\" href=\"https:\/\/kortleksbolaget.se\/da\/produkt\/the-parlour-royale-legacy-edition-gold-gilded\/\">L\u00e6s mere&#8230;<span class=\"screen-reader-text\"> from The Parlour Royale Legacy Edition Gold Gilded<\/span><\/a><\/p>\n","protected":false},"featured_media":156522,"template":"","meta":{"_acf_changed":false},"product_brand":[],"product_cat":[231],"product_tag":[],"class_list":{"0":"post-156533","1":"product","2":"type-product","3":"status-publish","4":"has-post-thumbnail","6":"varumarke-stockholm17-da","7":"product_cat-special-luksus-limited-da","9":"first","10":"instock","11":"taxable","12":"shipping-taxable","13":"purchasable","14":"product-type-simple"},"acf":[],"yoast_head":"<!-- This site is optimized with the Yoast SEO plugin v26.3 - https:\/\/yoast.com\/wordpress\/plugins\/seo\/ -->\n<title>Kortlek The Parlour Royale Legacy Edition Gold Gilded | Kortleksbolaget<\/title>\n<meta name=\"description\" content=\"K\u00f6p The Parlour Royale Legacy Edition Gold Gilded. Snabba leveranser &amp; bra priser. Sveriges st\u00f6rsta sortiment av kortlekar p\u00e5 Kortleksbolaget!\" \/>\n<meta name=\"robots\" content=\"index, follow, max-snippet:-1, max-image-preview:large, max-video-preview:-1\" \/>\n<link rel=\"canonical\" href=\"https:\/\/kortleksbolaget.se\/da\/produkt\/the-parlour-royale-legacy-edition-gold-gilded\/\" \/>\n<meta property=\"og:locale\" content=\"da_DK\" \/>\n<meta property=\"og:type\" content=\"article\" \/>\n<meta property=\"og:title\" content=\"Kortlek The Parlour Royale Legacy Edition Gold Gilded | Kortleksbolaget\" \/>\n<meta property=\"og:description\" content=\"K\u00f6p The Parlour Royale Legacy Edition Gold Gilded. Snabba leveranser &amp; bra priser. Sveriges st\u00f6rsta sortiment av kortlekar p\u00e5 Kortleksbolaget!\" \/>\n<meta property=\"og:url\" content=\"https:\/\/kortleksbolaget.se\/da\/produkt\/the-parlour-royale-legacy-edition-gold-gilded\/\" \/>\n<meta property=\"og:site_name\" content=\"Kortleksbolaget\" \/>\n<meta property=\"article:modified_time\" content=\"2026-02-08T11:45:15+00:00\" \/>\n<meta property=\"og:image\" content=\"https:\/\/kortleksbolaget.se\/wp-content\/uploads\/the-parlour-legacy-gold-edition-playing-cards.jpg\" \/>\n\t<meta property=\"og:image:width\" content=\"443\" \/>\n\t<meta property=\"og:image:height\" content=\"665\" \/>\n\t<meta property=\"og:image:type\" content=\"image\/jpeg\" \/>\n<meta name=\"twitter:card\" content=\"summary_large_image\" \/>\n<meta name=\"twitter:label1\" content=\"Estimeret l\u00e6setid\" \/>\n\t<meta name=\"twitter:data1\" content=\"1 minut\" \/>\n<script type=\"application\/ld+json\" class=\"yoast-schema-graph\">{\"@context\":\"https:\/\/schema.org\",\"@graph\":[{\"@type\":\"WebPage\",\"@id\":\"https:\/\/kortleksbolaget.se\/da\/produkt\/the-parlour-royale-legacy-edition-gold-gilded\/\",\"url\":\"https:\/\/kortleksbolaget.se\/da\/produkt\/the-parlour-royale-legacy-edition-gold-gilded\/\",\"name\":\"Kortlek The Parlour Royale Legacy Edition Gold Gilded | Kortleksbolaget\",\"isPartOf\":{\"@id\":\"https:\/\/kortleksbolaget.se\/da\/#website\"},\"primaryImageOfPage\":{\"@id\":\"https:\/\/kortleksbolaget.se\/da\/produkt\/the-parlour-royale-legacy-edition-gold-gilded\/#primaryimage\"},\"image\":{\"@id\":\"https:\/\/kortleksbolaget.se\/da\/produkt\/the-parlour-royale-legacy-edition-gold-gilded\/#primaryimage\"},\"thumbnailUrl\":\"https:\/\/kortleksbolaget.se\/wp-content\/uploads\/the-parlour-legacy-gold-edition-playing-cards.jpg\",\"datePublished\":\"2025-12-12T14:57:47+00:00\",\"dateModified\":\"2026-02-08T11:45:15+00:00\",\"description\":\"K\u00f6p The Parlour Royale Legacy Edition Gold Gilded. Snabba leveranser & bra priser. Sveriges st\u00f6rsta sortiment av kortlekar p\u00e5 Kortleksbolaget!\",\"breadcrumb\":{\"@id\":\"https:\/\/kortleksbolaget.se\/da\/produkt\/the-parlour-royale-legacy-edition-gold-gilded\/#breadcrumb\"},\"inLanguage\":\"da-DK\",\"potentialAction\":[{\"@type\":\"ReadAction\",\"target\":[\"https:\/\/kortleksbolaget.se\/da\/produkt\/the-parlour-royale-legacy-edition-gold-gilded\/\"]}]},{\"@type\":\"ImageObject\",\"inLanguage\":\"da-DK\",\"@id\":\"https:\/\/kortleksbolaget.se\/da\/produkt\/the-parlour-royale-legacy-edition-gold-gilded\/#primaryimage\",\"url\":\"https:\/\/kortleksbolaget.se\/wp-content\/uploads\/the-parlour-legacy-gold-edition-playing-cards.jpg\",\"contentUrl\":\"https:\/\/kortleksbolaget.se\/wp-content\/uploads\/the-parlour-legacy-gold-edition-playing-cards.jpg\",\"width\":443,\"height\":665},{\"@type\":\"BreadcrumbList\",\"@id\":\"https:\/\/kortleksbolaget.se\/da\/produkt\/the-parlour-royale-legacy-edition-gold-gilded\/#breadcrumb\",\"itemListElement\":[{\"@type\":\"ListItem\",\"position\":1,\"name\":\"Hem\",\"item\":\"https:\/\/kortleksbolaget.se\/da\/\"},{\"@type\":\"ListItem\",\"position\":2,\"name\":\"Shop\",\"item\":\"https:\/\/kortleksbolaget.se\/da\/shop-2\/\"},{\"@type\":\"ListItem\",\"position\":3,\"name\":\"The Parlour Royale Legacy Edition Gold Gilded\"}]},{\"@type\":\"WebSite\",\"@id\":\"https:\/\/kortleksbolaget.se\/da\/#website\",\"url\":\"https:\/\/kortleksbolaget.se\/da\/\",\"name\":\"Kortleksbolaget\",\"description\":\"Kortlekar p\u00e5 n\u00e4tet\",\"publisher\":{\"@id\":\"https:\/\/kortleksbolaget.se\/da\/#organization\"},\"potentialAction\":[{\"@type\":\"SearchAction\",\"target\":{\"@type\":\"EntryPoint\",\"urlTemplate\":\"https:\/\/kortleksbolaget.se\/da\/?s={search_term_string}\"},\"query-input\":{\"@type\":\"PropertyValueSpecification\",\"valueRequired\":true,\"valueName\":\"search_term_string\"}}],\"inLanguage\":\"da-DK\"},{\"@type\":\"Organization\",\"@id\":\"https:\/\/kortleksbolaget.se\/da\/#organization\",\"name\":\"Kortleksbolaget\",\"url\":\"https:\/\/kortleksbolaget.se\/da\/\",\"logo\":{\"@type\":\"ImageObject\",\"inLanguage\":\"da-DK\",\"@id\":\"https:\/\/kortleksbolaget.se\/da\/#\/schema\/logo\/image\/\",\"url\":\"https:\/\/kortleksbolaget.se\/wp-content\/uploads\/kortleksbolaget_logo-svart.png\",\"contentUrl\":\"https:\/\/kortleksbolaget.se\/wp-content\/uploads\/kortleksbolaget_logo-svart.png\",\"width\":1200,\"height\":296,\"caption\":\"Kortleksbolaget\"},\"image\":{\"@id\":\"https:\/\/kortleksbolaget.se\/da\/#\/schema\/logo\/image\/\"}}]}<\/script>\n<!-- \/ Yoast SEO plugin. -->","yoast_head_json":{"title":"Kortlek The Parlour Royale Legacy Edition Gold Gilded | Kortleksbolaget","description":"K\u00f6p The Parlour Royale Legacy Edition Gold Gilded. Snabba leveranser & bra priser. Sveriges st\u00f6rsta sortiment av kortlekar p\u00e5 Kortleksbolaget!","robots":{"index":"index","follow":"follow","max-snippet":"max-snippet:-1","max-image-preview":"max-image-preview:large","max-video-preview":"max-video-preview:-1"},"canonical":"https:\/\/kortleksbolaget.se\/da\/produkt\/the-parlour-royale-legacy-edition-gold-gilded\/","og_locale":"da_DK","og_type":"article","og_title":"Kortlek The Parlour Royale Legacy Edition Gold Gilded | Kortleksbolaget","og_description":"K\u00f6p The Parlour Royale Legacy Edition Gold Gilded. Snabba leveranser & bra priser. Sveriges st\u00f6rsta sortiment av kortlekar p\u00e5 Kortleksbolaget!","og_url":"https:\/\/kortleksbolaget.se\/da\/produkt\/the-parlour-royale-legacy-edition-gold-gilded\/","og_site_name":"Kortleksbolaget","article_modified_time":"2026-02-08T11:45:15+00:00","og_image":[{"width":443,"height":665,"url":"https:\/\/kortleksbolaget.se\/wp-content\/uploads\/the-parlour-legacy-gold-edition-playing-cards.jpg","type":"image\/jpeg"}],"twitter_card":"summary_large_image","twitter_misc":{"Estimeret l\u00e6setid":"1 minut"},"schema":{"@context":"https:\/\/schema.org","@graph":[{"@type":"WebPage","@id":"https:\/\/kortleksbolaget.se\/da\/produkt\/the-parlour-royale-legacy-edition-gold-gilded\/","url":"https:\/\/kortleksbolaget.se\/da\/produkt\/the-parlour-royale-legacy-edition-gold-gilded\/","name":"Kortlek The Parlour Royale Legacy Edition Gold Gilded | Kortleksbolaget","isPartOf":{"@id":"https:\/\/kortleksbolaget.se\/da\/#website"},"primaryImageOfPage":{"@id":"https:\/\/kortleksbolaget.se\/da\/produkt\/the-parlour-royale-legacy-edition-gold-gilded\/#primaryimage"},"image":{"@id":"https:\/\/kortleksbolaget.se\/da\/produkt\/the-parlour-royale-legacy-edition-gold-gilded\/#primaryimage"},"thumbnailUrl":"https:\/\/kortleksbolaget.se\/wp-content\/uploads\/the-parlour-legacy-gold-edition-playing-cards.jpg","datePublished":"2025-12-12T14:57:47+00:00","dateModified":"2026-02-08T11:45:15+00:00","description":"K\u00f6p The Parlour Royale Legacy Edition Gold Gilded. Snabba leveranser & bra priser. Sveriges st\u00f6rsta sortiment av kortlekar p\u00e5 Kortleksbolaget!","breadcrumb":{"@id":"https:\/\/kortleksbolaget.se\/da\/produkt\/the-parlour-royale-legacy-edition-gold-gilded\/#breadcrumb"},"inLanguage":"da-DK","potentialAction":[{"@type":"ReadAction","target":["https:\/\/kortleksbolaget.se\/da\/produkt\/the-parlour-royale-legacy-edition-gold-gilded\/"]}]},{"@type":"ImageObject","inLanguage":"da-DK","@id":"https:\/\/kortleksbolaget.se\/da\/produkt\/the-parlour-royale-legacy-edition-gold-gilded\/#primaryimage","url":"https:\/\/kortleksbolaget.se\/wp-content\/uploads\/the-parlour-legacy-gold-edition-playing-cards.jpg","contentUrl":"https:\/\/kortleksbolaget.se\/wp-content\/uploads\/the-parlour-legacy-gold-edition-playing-cards.jpg","width":443,"height":665},{"@type":"BreadcrumbList","@id":"https:\/\/kortleksbolaget.se\/da\/produkt\/the-parlour-royale-legacy-edition-gold-gilded\/#breadcrumb","itemListElement":[{"@type":"ListItem","position":1,"name":"Hem","item":"https:\/\/kortleksbolaget.se\/da\/"},{"@type":"ListItem","position":2,"name":"Shop","item":"https:\/\/kortleksbolaget.se\/da\/shop-2\/"},{"@type":"ListItem","position":3,"name":"The Parlour Royale Legacy Edition Gold Gilded"}]},{"@type":"WebSite","@id":"https:\/\/kortleksbolaget.se\/da\/#website","url":"https:\/\/kortleksbolaget.se\/da\/","name":"Kortleksbolaget","description":"Kortlekar p\u00e5 n\u00e4tet","publisher":{"@id":"https:\/\/kortleksbolaget.se\/da\/#organization"},"potentialAction":[{"@type":"SearchAction","target":{"@type":"EntryPoint","urlTemplate":"https:\/\/kortleksbolaget.se\/da\/?s={search_term_string}"},"query-input":{"@type":"PropertyValueSpecification","valueRequired":true,"valueName":"search_term_string"}}],"inLanguage":"da-DK"},{"@type":"Organization","@id":"https:\/\/kortleksbolaget.se\/da\/#organization","name":"Kortleksbolaget","url":"https:\/\/kortleksbolaget.se\/da\/","logo":{"@type":"ImageObject","inLanguage":"da-DK","@id":"https:\/\/kortleksbolaget.se\/da\/#\/schema\/logo\/image\/","url":"https:\/\/kortleksbolaget.se\/wp-content\/uploads\/kortleksbolaget_logo-svart.png","contentUrl":"https:\/\/kortleksbolaget.se\/wp-content\/uploads\/kortleksbolaget_logo-svart.png","width":1200,"height":296,"caption":"Kortleksbolaget"},"image":{"@id":"https:\/\/kortleksbolaget.se\/da\/#\/schema\/logo\/image\/"}}]}},"_links":{"self":[{"href":"https:\/\/kortleksbolaget.se\/da\/wp-json\/wp\/v2\/product\/156533","targetHints":{"allow":["GET"]}}],"collection":[{"href":"https:\/\/kortleksbolaget.se\/da\/wp-json\/wp\/v2\/product"}],"about":[{"href":"https:\/\/kortleksbolaget.se\/da\/wp-json\/wp\/v2\/types\/product"}],"wp:featuredmedia":[{"embeddable":true,"href":"https:\/\/kortleksbolaget.se\/da\/wp-json\/wp\/v2\/media\/156522"}],"wp:attachment":[{"href":"https:\/\/kortleksbolaget.se\/da\/wp-json\/wp\/v2\/media?parent=156533"}],"wp:term":[{"taxonomy":"product_brand","embeddable":true,"href":"https:\/\/kortleksbolaget.se\/da\/wp-json\/wp\/v2\/product_brand?post=156533"},{"taxonomy":"product_cat","embeddable":true,"href":"https:\/\/kortleksbolaget.se\/da\/wp-json\/wp\/v2\/product_cat?post=156533"},{"taxonomy":"product_tag","embeddable":true,"href":"https:\/\/kortleksbolaget.se\/da\/wp-json\/wp\/v2\/product_tag?post=156533"}],"curies":[{"name":"wp","href":"https:\/\/api.w.org\/{rel}","templated":true}]}}