{"id":157920,"date":"2026-03-03T19:57:12","date_gmt":"2026-03-03T18:57:12","guid":{"rendered":"https:\/\/kortleksbolaget.se\/produkt\/harry-potter-self-coloring-book\/"},"modified":"2026-03-03T19:57:12","modified_gmt":"2026-03-03T18:57:12","slug":"harry-potter-self-coloring-book","status":"publish","type":"product","link":"https:\/\/kortleksbolaget.se\/da\/produkt\/harry-potter-self-coloring-book\/","title":{"rendered":"Harry Potter Self Coloring Book"},"content":{"rendered":"","protected":false},"excerpt":{"rendered":"<div id=\"tw-target-text-container\" class=\"tw-ta-container tw-nfl\" tabindex=\"0\" role=\"text\">\n<p id=\"tw-target-text\" class=\"tw-data-text tw-text-large tw-ta\" dir=\"ltr\" tabindex=\"-1\" role=\"text\" data-placeholder=\"\u00d6vers\u00e4ttning\" data-ved=\"2ahUKEwj3rO_fzfSSAxXIJxAIHcgcL38Q3ewLegQIDBAV\" aria-label=\"\u00d6versatt text: Sidorna f\u00f6rvandlas visuellt fr\u00e5n helt BLANKA, till svartvita, till fullf\u00e4rg framf\u00f6r dina \u00f6gon! F\u00f6rtrollning v\u00e4ntar Mellan dessa sidor Det ser verkligen ut som om boken RITAR och F\u00c4RGLAGER sig sj\u00e4lv! Varje m\u00e5larbok \u00e4r byggd f\u00f6r att h\u00e5lla i otaliga framtr\u00e4danden. Den perfekta presenten till alla Harry Potter-fans - den ser FANTASTISK ut! En fantastisk m\u00e5larbok med sj\u00e4lvm\u00e5lning! Denna m\u00e5larbok med sj\u00e4lvm\u00e5lning inneh\u00e5ller helt anpassade, handillustrade bilder av favoritkarakt\u00e4rer, artefakter och h\u00e4ndelser fr\u00e5n Harry Potters v\u00e4rld. F\u00f6r h\u00e4xor och trollkarlar i alla \u00e5ldrar \u00e4r den otroligt enkel att l\u00e4ra sig och framf\u00f6ra. G\u00f6r dina trollstavar redo! Hisnande konst KOMMER TILL LIV I DINA H\u00c4NDER! Fira Harry Potters trollkarlsv\u00e4rld med denna fantastiska m\u00e5larbok med sj\u00e4lvm\u00e5lning! Bl\u00e4ddra igenom sidorna och se hur de visuellt f\u00f6rvandlas fr\u00e5n helt tomma, till svartvita illustrationer, till att vara fyllda med hisnande fullf\u00e4rg!\"><span class=\"Y2IQFc\" lang=\"sv\"><b>Harry Potter<\/b> Self-Coloring Book<\/p>\n<p>The pages visually <i>transform<\/i> from completely BLANK, to black and white, to full color before your very eyes!<\/p>\n<p><b>Enchantment Awaits<\/b><br \/>\nBetween These Pages<br \/>\nIt truly looks like the book <b><i>DRAWS<\/i><\/b> and <b><i>COLORS<\/i><\/b> itself! Each coloring book is built to last for countless performances. The perfect gift for any Harry Potter fan &#8211; it looks AMAZING!<\/p>\n<p><b>An Amazing Self-Coloring Book!<\/b><br \/>\nThis Self-Coloring Coloring Book features fully custom, hand-illustrated art of fan-favorite characters, artifacts, and events from the world of Harry Potter. For witches and wizards of all ages, it&#8217;s incredibly easy to learn and perform. Get your wands ready!<\/p>\n<p><b>Breathtaking Art<\/b><br \/>\nCOMES TO LIFE IN YOUR HANDS!<br \/>\nCelebrate the wizarding world of Harry Potter with this amazing self-coloring book! Flip through the pages and watch as they <i>visually transform<\/i> from completely blank, to black and white illustrations, to being filled with breathtaking <b><i>full color<\/i><\/b>! <\/span><\/p>\n<\/div>\n<div id=\"tw-target-rmn-container\" class=\"tw-target-rmn tw-ta-container tw-nfl\" tabindex=\"-1\" role=\"text\">\n<pre id=\"tw-target-rmn\" class=\"tw-data-placeholder tw-text-small tw-ta\" dir=\"ltr\" tabindex=\"-1\" role=\"text\" data-placeholder=\"\"><\/pre>\n<\/div>\n<p> [&#8230;]<\/p>\n<p><a class=\"btn btn-secondary understrap-read-more-link\" href=\"https:\/\/kortleksbolaget.se\/da\/produkt\/harry-potter-self-coloring-book\/\">L\u00e6s mere&#8230;<span class=\"screen-reader-text\"> from Harry Potter Self Coloring Book<\/span><\/a><\/p>\n","protected":false},"featured_media":157984,"template":"","meta":{"_acf_changed":false},"product_brand":[],"product_cat":[298,225,294],"product_tag":[],"class_list":{"0":"post-157920","1":"product","2":"type-product","3":"status-publish","4":"has-post-thumbnail","6":"varumarke-theory11-da","7":"product_cat-pussel-knep-knap-da","8":"product_cat-magisk-da","9":"product_cat-trolleri-nyborjare-da","11":"first","12":"instock","13":"featured","14":"taxable","15":"shipping-taxable","16":"purchasable","17":"product-type-simple"},"acf":[],"yoast_head":"<!-- This site is optimized with the Yoast SEO plugin v26.3 - https:\/\/yoast.com\/wordpress\/plugins\/seo\/ -->\n<title>Kortlek Harry Potter Self Coloring Book | Kortleksbolaget<\/title>\n<meta name=\"description\" content=\"K\u00f6p Harry Potter Self Coloring Book. Snabba leveranser &amp; bra priser. Sveriges st\u00f6rsta sortiment av kortlekar p\u00e5 Kortleksbolaget!\" \/>\n<meta name=\"robots\" content=\"index, follow, max-snippet:-1, max-image-preview:large, max-video-preview:-1\" \/>\n<link rel=\"canonical\" href=\"https:\/\/kortleksbolaget.se\/da\/produkt\/harry-potter-self-coloring-book\/\" \/>\n<meta property=\"og:locale\" content=\"da_DK\" \/>\n<meta property=\"og:type\" content=\"article\" \/>\n<meta property=\"og:title\" content=\"Kortlek Harry Potter Self Coloring Book | Kortleksbolaget\" \/>\n<meta property=\"og:description\" content=\"K\u00f6p Harry Potter Self Coloring Book. Snabba leveranser &amp; bra priser. Sveriges st\u00f6rsta sortiment av kortlekar p\u00e5 Kortleksbolaget!\" \/>\n<meta property=\"og:url\" content=\"https:\/\/kortleksbolaget.se\/da\/produkt\/harry-potter-self-coloring-book\/\" \/>\n<meta property=\"og:site_name\" content=\"Kortleksbolaget\" \/>\n<meta property=\"og:image\" content=\"https:\/\/kortleksbolaget.se\/wp-content\/uploads\/harry-potter-coloring-book-1.jpg\" \/>\n\t<meta property=\"og:image:width\" content=\"1000\" \/>\n\t<meta property=\"og:image:height\" content=\"1499\" \/>\n\t<meta property=\"og:image:type\" content=\"image\/jpeg\" \/>\n<meta name=\"twitter:card\" content=\"summary_large_image\" \/>\n<meta name=\"twitter:label1\" content=\"Estimeret l\u00e6setid\" \/>\n\t<meta name=\"twitter:data1\" content=\"1 minut\" \/>\n<script type=\"application\/ld+json\" class=\"yoast-schema-graph\">{\"@context\":\"https:\/\/schema.org\",\"@graph\":[{\"@type\":\"WebPage\",\"@id\":\"https:\/\/kortleksbolaget.se\/da\/produkt\/harry-potter-self-coloring-book\/\",\"url\":\"https:\/\/kortleksbolaget.se\/da\/produkt\/harry-potter-self-coloring-book\/\",\"name\":\"Kortlek Harry Potter Self Coloring Book | Kortleksbolaget\",\"isPartOf\":{\"@id\":\"https:\/\/kortleksbolaget.se\/da\/#website\"},\"primaryImageOfPage\":{\"@id\":\"https:\/\/kortleksbolaget.se\/da\/produkt\/harry-potter-self-coloring-book\/#primaryimage\"},\"image\":{\"@id\":\"https:\/\/kortleksbolaget.se\/da\/produkt\/harry-potter-self-coloring-book\/#primaryimage\"},\"thumbnailUrl\":\"https:\/\/kortleksbolaget.se\/wp-content\/uploads\/harry-potter-coloring-book-1.jpg\",\"datePublished\":\"2026-03-03T18:57:12+00:00\",\"description\":\"K\u00f6p Harry Potter Self Coloring Book. Snabba leveranser & bra priser. Sveriges st\u00f6rsta sortiment av kortlekar p\u00e5 Kortleksbolaget!\",\"breadcrumb\":{\"@id\":\"https:\/\/kortleksbolaget.se\/da\/produkt\/harry-potter-self-coloring-book\/#breadcrumb\"},\"inLanguage\":\"da-DK\",\"potentialAction\":[{\"@type\":\"ReadAction\",\"target\":[\"https:\/\/kortleksbolaget.se\/da\/produkt\/harry-potter-self-coloring-book\/\"]}]},{\"@type\":\"ImageObject\",\"inLanguage\":\"da-DK\",\"@id\":\"https:\/\/kortleksbolaget.se\/da\/produkt\/harry-potter-self-coloring-book\/#primaryimage\",\"url\":\"https:\/\/kortleksbolaget.se\/wp-content\/uploads\/harry-potter-coloring-book-1.jpg\",\"contentUrl\":\"https:\/\/kortleksbolaget.se\/wp-content\/uploads\/harry-potter-coloring-book-1.jpg\",\"width\":1000,\"height\":1499},{\"@type\":\"BreadcrumbList\",\"@id\":\"https:\/\/kortleksbolaget.se\/da\/produkt\/harry-potter-self-coloring-book\/#breadcrumb\",\"itemListElement\":[{\"@type\":\"ListItem\",\"position\":1,\"name\":\"Hem\",\"item\":\"https:\/\/kortleksbolaget.se\/da\/\"},{\"@type\":\"ListItem\",\"position\":2,\"name\":\"Shop\",\"item\":\"https:\/\/kortleksbolaget.se\/da\/shop-2\/\"},{\"@type\":\"ListItem\",\"position\":3,\"name\":\"Harry Potter Self Coloring Book\"}]},{\"@type\":\"WebSite\",\"@id\":\"https:\/\/kortleksbolaget.se\/da\/#website\",\"url\":\"https:\/\/kortleksbolaget.se\/da\/\",\"name\":\"Kortleksbolaget\",\"description\":\"Kortlekar p\u00e5 n\u00e4tet\",\"publisher\":{\"@id\":\"https:\/\/kortleksbolaget.se\/da\/#organization\"},\"potentialAction\":[{\"@type\":\"SearchAction\",\"target\":{\"@type\":\"EntryPoint\",\"urlTemplate\":\"https:\/\/kortleksbolaget.se\/da\/?s={search_term_string}\"},\"query-input\":{\"@type\":\"PropertyValueSpecification\",\"valueRequired\":true,\"valueName\":\"search_term_string\"}}],\"inLanguage\":\"da-DK\"},{\"@type\":\"Organization\",\"@id\":\"https:\/\/kortleksbolaget.se\/da\/#organization\",\"name\":\"Kortleksbolaget\",\"url\":\"https:\/\/kortleksbolaget.se\/da\/\",\"logo\":{\"@type\":\"ImageObject\",\"inLanguage\":\"da-DK\",\"@id\":\"https:\/\/kortleksbolaget.se\/da\/#\/schema\/logo\/image\/\",\"url\":\"https:\/\/kortleksbolaget.se\/wp-content\/uploads\/kortleksbolaget_logo-svart.png\",\"contentUrl\":\"https:\/\/kortleksbolaget.se\/wp-content\/uploads\/kortleksbolaget_logo-svart.png\",\"width\":1200,\"height\":296,\"caption\":\"Kortleksbolaget\"},\"image\":{\"@id\":\"https:\/\/kortleksbolaget.se\/da\/#\/schema\/logo\/image\/\"}}]}<\/script>\n<!-- \/ Yoast SEO plugin. -->","yoast_head_json":{"title":"Kortlek Harry Potter Self Coloring Book | Kortleksbolaget","description":"K\u00f6p Harry Potter Self Coloring Book. Snabba leveranser & bra priser. Sveriges st\u00f6rsta sortiment av kortlekar p\u00e5 Kortleksbolaget!","robots":{"index":"index","follow":"follow","max-snippet":"max-snippet:-1","max-image-preview":"max-image-preview:large","max-video-preview":"max-video-preview:-1"},"canonical":"https:\/\/kortleksbolaget.se\/da\/produkt\/harry-potter-self-coloring-book\/","og_locale":"da_DK","og_type":"article","og_title":"Kortlek Harry Potter Self Coloring Book | Kortleksbolaget","og_description":"K\u00f6p Harry Potter Self Coloring Book. Snabba leveranser & bra priser. Sveriges st\u00f6rsta sortiment av kortlekar p\u00e5 Kortleksbolaget!","og_url":"https:\/\/kortleksbolaget.se\/da\/produkt\/harry-potter-self-coloring-book\/","og_site_name":"Kortleksbolaget","og_image":[{"width":1000,"height":1499,"url":"https:\/\/kortleksbolaget.se\/wp-content\/uploads\/harry-potter-coloring-book-1.jpg","type":"image\/jpeg"}],"twitter_card":"summary_large_image","twitter_misc":{"Estimeret l\u00e6setid":"1 minut"},"schema":{"@context":"https:\/\/schema.org","@graph":[{"@type":"WebPage","@id":"https:\/\/kortleksbolaget.se\/da\/produkt\/harry-potter-self-coloring-book\/","url":"https:\/\/kortleksbolaget.se\/da\/produkt\/harry-potter-self-coloring-book\/","name":"Kortlek Harry Potter Self Coloring Book | Kortleksbolaget","isPartOf":{"@id":"https:\/\/kortleksbolaget.se\/da\/#website"},"primaryImageOfPage":{"@id":"https:\/\/kortleksbolaget.se\/da\/produkt\/harry-potter-self-coloring-book\/#primaryimage"},"image":{"@id":"https:\/\/kortleksbolaget.se\/da\/produkt\/harry-potter-self-coloring-book\/#primaryimage"},"thumbnailUrl":"https:\/\/kortleksbolaget.se\/wp-content\/uploads\/harry-potter-coloring-book-1.jpg","datePublished":"2026-03-03T18:57:12+00:00","description":"K\u00f6p Harry Potter Self Coloring Book. Snabba leveranser & bra priser. Sveriges st\u00f6rsta sortiment av kortlekar p\u00e5 Kortleksbolaget!","breadcrumb":{"@id":"https:\/\/kortleksbolaget.se\/da\/produkt\/harry-potter-self-coloring-book\/#breadcrumb"},"inLanguage":"da-DK","potentialAction":[{"@type":"ReadAction","target":["https:\/\/kortleksbolaget.se\/da\/produkt\/harry-potter-self-coloring-book\/"]}]},{"@type":"ImageObject","inLanguage":"da-DK","@id":"https:\/\/kortleksbolaget.se\/da\/produkt\/harry-potter-self-coloring-book\/#primaryimage","url":"https:\/\/kortleksbolaget.se\/wp-content\/uploads\/harry-potter-coloring-book-1.jpg","contentUrl":"https:\/\/kortleksbolaget.se\/wp-content\/uploads\/harry-potter-coloring-book-1.jpg","width":1000,"height":1499},{"@type":"BreadcrumbList","@id":"https:\/\/kortleksbolaget.se\/da\/produkt\/harry-potter-self-coloring-book\/#breadcrumb","itemListElement":[{"@type":"ListItem","position":1,"name":"Hem","item":"https:\/\/kortleksbolaget.se\/da\/"},{"@type":"ListItem","position":2,"name":"Shop","item":"https:\/\/kortleksbolaget.se\/da\/shop-2\/"},{"@type":"ListItem","position":3,"name":"Harry Potter Self Coloring Book"}]},{"@type":"WebSite","@id":"https:\/\/kortleksbolaget.se\/da\/#website","url":"https:\/\/kortleksbolaget.se\/da\/","name":"Kortleksbolaget","description":"Kortlekar p\u00e5 n\u00e4tet","publisher":{"@id":"https:\/\/kortleksbolaget.se\/da\/#organization"},"potentialAction":[{"@type":"SearchAction","target":{"@type":"EntryPoint","urlTemplate":"https:\/\/kortleksbolaget.se\/da\/?s={search_term_string}"},"query-input":{"@type":"PropertyValueSpecification","valueRequired":true,"valueName":"search_term_string"}}],"inLanguage":"da-DK"},{"@type":"Organization","@id":"https:\/\/kortleksbolaget.se\/da\/#organization","name":"Kortleksbolaget","url":"https:\/\/kortleksbolaget.se\/da\/","logo":{"@type":"ImageObject","inLanguage":"da-DK","@id":"https:\/\/kortleksbolaget.se\/da\/#\/schema\/logo\/image\/","url":"https:\/\/kortleksbolaget.se\/wp-content\/uploads\/kortleksbolaget_logo-svart.png","contentUrl":"https:\/\/kortleksbolaget.se\/wp-content\/uploads\/kortleksbolaget_logo-svart.png","width":1200,"height":296,"caption":"Kortleksbolaget"},"image":{"@id":"https:\/\/kortleksbolaget.se\/da\/#\/schema\/logo\/image\/"}}]}},"_links":{"self":[{"href":"https:\/\/kortleksbolaget.se\/da\/wp-json\/wp\/v2\/product\/157920","targetHints":{"allow":["GET"]}}],"collection":[{"href":"https:\/\/kortleksbolaget.se\/da\/wp-json\/wp\/v2\/product"}],"about":[{"href":"https:\/\/kortleksbolaget.se\/da\/wp-json\/wp\/v2\/types\/product"}],"wp:featuredmedia":[{"embeddable":true,"href":"https:\/\/kortleksbolaget.se\/da\/wp-json\/wp\/v2\/media\/157984"}],"wp:attachment":[{"href":"https:\/\/kortleksbolaget.se\/da\/wp-json\/wp\/v2\/media?parent=157920"}],"wp:term":[{"taxonomy":"product_brand","embeddable":true,"href":"https:\/\/kortleksbolaget.se\/da\/wp-json\/wp\/v2\/product_brand?post=157920"},{"taxonomy":"product_cat","embeddable":true,"href":"https:\/\/kortleksbolaget.se\/da\/wp-json\/wp\/v2\/product_cat?post=157920"},{"taxonomy":"product_tag","embeddable":true,"href":"https:\/\/kortleksbolaget.se\/da\/wp-json\/wp\/v2\/product_tag?post=157920"}],"curies":[{"name":"wp","href":"https:\/\/api.w.org\/{rel}","templated":true}]}}