{"id":157955,"date":"2026-03-03T20:08:24","date_gmt":"2026-03-03T19:08:24","guid":{"rendered":"https:\/\/kortleksbolaget.se\/produkt\/stranger-things-hive-mind-special-edition\/"},"modified":"2026-03-03T20:08:24","modified_gmt":"2026-03-03T19:08:24","slug":"stranger-things-hive-mind-special-edition","status":"publish","type":"product","link":"https:\/\/kortleksbolaget.se\/da\/produkt\/stranger-things-hive-mind-special-edition\/","title":{"rendered":"Stranger Things Hive Mind Special Edition"},"content":{"rendered":"","protected":false},"excerpt":{"rendered":"<div id=\"tw-target-text-container\" class=\"tw-ta-container tw-nfl\" tabindex=\"0\" role=\"text\">\n<p id=\"tw-target-text\" class=\"tw-data-text tw-text-large tw-ta\" dir=\"ltr\" tabindex=\"-1\" role=\"text\" data-placeholder=\"\u00d6vers\u00e4ttning\" data-ved=\"2ahUKEwj3rO_fzfSSAxXIJxAIHcgcL38Q3ewLegQIDBAV\" aria-label=\"\u00d6versatt text: Vi presenterar Nextflix Stranger Things - Hive Mind Special Edition En ny specialutg\u00e5va d\u00e4r Mind Flayers bikupsinne helt har tagit \u00f6ver! Bikupsinnet Frukta upp och ner Ytterf\u00f6rpackningen har helt tagits \u00f6ver av Mind Flayer! Med holografiska folier och detaljerad pr\u00e4gling av sj\u00e4lva rankorna kommer du att k\u00e4nna att du tas med in i upp och ner. Det finns ett dolt mysterium i korten, om du v\u00e5gar leta. Se upp f\u00f6r Mind Flayer F\u00f6rlorad i tiden mitt i upp och ner har Stranger Things-kortleken l\u00e4mnats \u00f6de, l\u00e5ngsamt \u00e5ldrad och sliten medan Mind Flayer helt tar kontroll och dr\u00e4nerar livet ur varje kort. Med seriefinalen till hands kan du \u00e5teruppleva alla dina favorit\u00f6gonblick fr\u00e5n serien med dina favoritkarakt\u00e4rer i din handflata innan det \u00e4r f\u00f6r sent! Tror du att du kan fly? Ett dolt mysterium d\u00f6ljer sig inombords G\u00e4nget har inkluderat ett mysterium fr\u00e5n Rightside Up om du \u00e4r villig att dechiffrera det och undkomma Mind Flayer. F\u00f6lj med dem n\u00e4r de k\u00e4mpar inte bara mot Mind Flayer, utan \u00e4ven mot Demogorgoner, Vecna \u200b\u200boch allt annat som har kokat upp p\u00e5 Hawkins National Laboratory.\"><span class=\"Y2IQFc\" lang=\"sv\">Introducing Nextflix&#8217;s <b>Stranger Things &#8211; Hive Mind Special Edition<\/b><\/p>\n<p>A new special edition, where the vines of the Mind Flayer&#8217;s hive mind have fully taken over!<\/p>\n<p><b>The Hive Mind<\/b><br \/>\nFear the Upside Down<br \/>\nThe outer packaging has fully been taken over by the Mind Flayer! Featuring holographic foils and detailed embossing of the vines themselves, you&#8217;ll feel like you&#8217;re being taken into the Upside Down. There&#8217;s a hidden mystery held within the cards, if you dare search.<\/p>\n<p><b>Beware The Mind Flayer<\/b><br \/>\nLost in time in the midst of the Upside Down, the Stranger Things deck has been left sitting in desolation, slowly being aged and distressed as the Mind Flayer fully takes control and drains the life out of each card. With the series finale at hand, relive all of your favorite moments from the series with your favorite characters in the palm of your hand before it&#8217;s too late!<\/p>\n<p><b>Think You Can Escape?<\/b><br \/>\nA Hidden Mystery Lies Within<br \/>\nThe gang has included a mystery from the Rightside Up if you&#8217;re willing to decipher it and escape the grasp of the Mind Flayer. Join them as they battle not only the Mind Flayer, but Demogorgons, Vecna, and whatever else that&#8217;s been brewing over at Hawkins National Laboratory.<\/span><\/p>\n<\/div>\n<div id=\"tw-target-rmn-container\" class=\"tw-target-rmn tw-ta-container tw-nfl\" tabindex=\"-1\" role=\"text\">\n<pre id=\"tw-target-rmn\" class=\"tw-data-placeholder tw-text-small tw-ta\" dir=\"ltr\" tabindex=\"-1\" role=\"text\" data-placeholder=\"\"><\/pre>\n<\/div>\n<p> [&#8230;]<\/p>\n<p><a class=\"btn btn-secondary understrap-read-more-link\" href=\"https:\/\/kortleksbolaget.se\/da\/produkt\/stranger-things-hive-mind-special-edition\/\">L\u00e6s mere&#8230;<span class=\"screen-reader-text\"> from Stranger Things Hive Mind Special Edition<\/span><\/a><\/p>\n","protected":false},"featured_media":157944,"template":"","meta":{"_acf_changed":false},"product_brand":[],"product_cat":[231],"product_tag":[],"class_list":{"0":"post-157955","1":"product","2":"type-product","3":"status-publish","4":"has-post-thumbnail","6":"varumarke-theory11-da","7":"product_cat-special-luksus-limited-da","9":"first","10":"instock","11":"featured","12":"taxable","13":"shipping-taxable","14":"purchasable","15":"product-type-simple"},"acf":[],"yoast_head":"<!-- This site is optimized with the Yoast SEO plugin v26.3 - https:\/\/yoast.com\/wordpress\/plugins\/seo\/ -->\n<title>Kortlek Stranger Things Hive Mind Special Edition | Kortleksbolaget<\/title>\n<meta name=\"description\" content=\"K\u00f6p Stranger Things Hive Mind Special Edition. Snabba leveranser &amp; bra priser. Sveriges st\u00f6rsta sortiment av kortlekar p\u00e5 Kortleksbolaget!\" \/>\n<meta name=\"robots\" content=\"index, follow, max-snippet:-1, max-image-preview:large, max-video-preview:-1\" \/>\n<link rel=\"canonical\" href=\"https:\/\/kortleksbolaget.se\/da\/produkt\/stranger-things-hive-mind-special-edition\/\" \/>\n<meta property=\"og:locale\" content=\"da_DK\" \/>\n<meta property=\"og:type\" content=\"article\" \/>\n<meta property=\"og:title\" content=\"Kortlek Stranger Things Hive Mind Special Edition | Kortleksbolaget\" \/>\n<meta property=\"og:description\" content=\"K\u00f6p Stranger Things Hive Mind Special Edition. Snabba leveranser &amp; bra priser. Sveriges st\u00f6rsta sortiment av kortlekar p\u00e5 Kortleksbolaget!\" \/>\n<meta property=\"og:url\" content=\"https:\/\/kortleksbolaget.se\/da\/produkt\/stranger-things-hive-mind-special-edition\/\" \/>\n<meta property=\"og:site_name\" content=\"Kortleksbolaget\" \/>\n<meta property=\"og:image\" content=\"https:\/\/kortleksbolaget.se\/wp-content\/uploads\/stranger-things-kortlek-1.jpg\" \/>\n\t<meta property=\"og:image:width\" content=\"432\" \/>\n\t<meta property=\"og:image:height\" content=\"648\" \/>\n\t<meta property=\"og:image:type\" content=\"image\/jpeg\" \/>\n<meta name=\"twitter:card\" content=\"summary_large_image\" \/>\n<meta name=\"twitter:label1\" content=\"Estimeret l\u00e6setid\" \/>\n\t<meta name=\"twitter:data1\" content=\"1 minut\" \/>\n<script type=\"application\/ld+json\" class=\"yoast-schema-graph\">{\"@context\":\"https:\/\/schema.org\",\"@graph\":[{\"@type\":\"WebPage\",\"@id\":\"https:\/\/kortleksbolaget.se\/da\/produkt\/stranger-things-hive-mind-special-edition\/\",\"url\":\"https:\/\/kortleksbolaget.se\/da\/produkt\/stranger-things-hive-mind-special-edition\/\",\"name\":\"Kortlek Stranger Things Hive Mind Special Edition | Kortleksbolaget\",\"isPartOf\":{\"@id\":\"https:\/\/kortleksbolaget.se\/da\/#website\"},\"primaryImageOfPage\":{\"@id\":\"https:\/\/kortleksbolaget.se\/da\/produkt\/stranger-things-hive-mind-special-edition\/#primaryimage\"},\"image\":{\"@id\":\"https:\/\/kortleksbolaget.se\/da\/produkt\/stranger-things-hive-mind-special-edition\/#primaryimage\"},\"thumbnailUrl\":\"https:\/\/kortleksbolaget.se\/wp-content\/uploads\/stranger-things-kortlek-1.jpg\",\"datePublished\":\"2026-03-03T19:08:24+00:00\",\"description\":\"K\u00f6p Stranger Things Hive Mind Special Edition. Snabba leveranser & bra priser. Sveriges st\u00f6rsta sortiment av kortlekar p\u00e5 Kortleksbolaget!\",\"breadcrumb\":{\"@id\":\"https:\/\/kortleksbolaget.se\/da\/produkt\/stranger-things-hive-mind-special-edition\/#breadcrumb\"},\"inLanguage\":\"da-DK\",\"potentialAction\":[{\"@type\":\"ReadAction\",\"target\":[\"https:\/\/kortleksbolaget.se\/da\/produkt\/stranger-things-hive-mind-special-edition\/\"]}]},{\"@type\":\"ImageObject\",\"inLanguage\":\"da-DK\",\"@id\":\"https:\/\/kortleksbolaget.se\/da\/produkt\/stranger-things-hive-mind-special-edition\/#primaryimage\",\"url\":\"https:\/\/kortleksbolaget.se\/wp-content\/uploads\/stranger-things-kortlek-1.jpg\",\"contentUrl\":\"https:\/\/kortleksbolaget.se\/wp-content\/uploads\/stranger-things-kortlek-1.jpg\",\"width\":432,\"height\":648},{\"@type\":\"BreadcrumbList\",\"@id\":\"https:\/\/kortleksbolaget.se\/da\/produkt\/stranger-things-hive-mind-special-edition\/#breadcrumb\",\"itemListElement\":[{\"@type\":\"ListItem\",\"position\":1,\"name\":\"Hem\",\"item\":\"https:\/\/kortleksbolaget.se\/da\/\"},{\"@type\":\"ListItem\",\"position\":2,\"name\":\"Shop\",\"item\":\"https:\/\/kortleksbolaget.se\/da\/shop-2\/\"},{\"@type\":\"ListItem\",\"position\":3,\"name\":\"Stranger Things Hive Mind Special Edition\"}]},{\"@type\":\"WebSite\",\"@id\":\"https:\/\/kortleksbolaget.se\/da\/#website\",\"url\":\"https:\/\/kortleksbolaget.se\/da\/\",\"name\":\"Kortleksbolaget\",\"description\":\"Kortlekar p\u00e5 n\u00e4tet\",\"publisher\":{\"@id\":\"https:\/\/kortleksbolaget.se\/da\/#organization\"},\"potentialAction\":[{\"@type\":\"SearchAction\",\"target\":{\"@type\":\"EntryPoint\",\"urlTemplate\":\"https:\/\/kortleksbolaget.se\/da\/?s={search_term_string}\"},\"query-input\":{\"@type\":\"PropertyValueSpecification\",\"valueRequired\":true,\"valueName\":\"search_term_string\"}}],\"inLanguage\":\"da-DK\"},{\"@type\":\"Organization\",\"@id\":\"https:\/\/kortleksbolaget.se\/da\/#organization\",\"name\":\"Kortleksbolaget\",\"url\":\"https:\/\/kortleksbolaget.se\/da\/\",\"logo\":{\"@type\":\"ImageObject\",\"inLanguage\":\"da-DK\",\"@id\":\"https:\/\/kortleksbolaget.se\/da\/#\/schema\/logo\/image\/\",\"url\":\"https:\/\/kortleksbolaget.se\/wp-content\/uploads\/kortleksbolaget_logo-svart.png\",\"contentUrl\":\"https:\/\/kortleksbolaget.se\/wp-content\/uploads\/kortleksbolaget_logo-svart.png\",\"width\":1200,\"height\":296,\"caption\":\"Kortleksbolaget\"},\"image\":{\"@id\":\"https:\/\/kortleksbolaget.se\/da\/#\/schema\/logo\/image\/\"}}]}<\/script>\n<!-- \/ Yoast SEO plugin. -->","yoast_head_json":{"title":"Kortlek Stranger Things Hive Mind Special Edition | Kortleksbolaget","description":"K\u00f6p Stranger Things Hive Mind Special Edition. Snabba leveranser & bra priser. Sveriges st\u00f6rsta sortiment av kortlekar p\u00e5 Kortleksbolaget!","robots":{"index":"index","follow":"follow","max-snippet":"max-snippet:-1","max-image-preview":"max-image-preview:large","max-video-preview":"max-video-preview:-1"},"canonical":"https:\/\/kortleksbolaget.se\/da\/produkt\/stranger-things-hive-mind-special-edition\/","og_locale":"da_DK","og_type":"article","og_title":"Kortlek Stranger Things Hive Mind Special Edition | Kortleksbolaget","og_description":"K\u00f6p Stranger Things Hive Mind Special Edition. Snabba leveranser & bra priser. Sveriges st\u00f6rsta sortiment av kortlekar p\u00e5 Kortleksbolaget!","og_url":"https:\/\/kortleksbolaget.se\/da\/produkt\/stranger-things-hive-mind-special-edition\/","og_site_name":"Kortleksbolaget","og_image":[{"width":432,"height":648,"url":"https:\/\/kortleksbolaget.se\/wp-content\/uploads\/stranger-things-kortlek-1.jpg","type":"image\/jpeg"}],"twitter_card":"summary_large_image","twitter_misc":{"Estimeret l\u00e6setid":"1 minut"},"schema":{"@context":"https:\/\/schema.org","@graph":[{"@type":"WebPage","@id":"https:\/\/kortleksbolaget.se\/da\/produkt\/stranger-things-hive-mind-special-edition\/","url":"https:\/\/kortleksbolaget.se\/da\/produkt\/stranger-things-hive-mind-special-edition\/","name":"Kortlek Stranger Things Hive Mind Special Edition | Kortleksbolaget","isPartOf":{"@id":"https:\/\/kortleksbolaget.se\/da\/#website"},"primaryImageOfPage":{"@id":"https:\/\/kortleksbolaget.se\/da\/produkt\/stranger-things-hive-mind-special-edition\/#primaryimage"},"image":{"@id":"https:\/\/kortleksbolaget.se\/da\/produkt\/stranger-things-hive-mind-special-edition\/#primaryimage"},"thumbnailUrl":"https:\/\/kortleksbolaget.se\/wp-content\/uploads\/stranger-things-kortlek-1.jpg","datePublished":"2026-03-03T19:08:24+00:00","description":"K\u00f6p Stranger Things Hive Mind Special Edition. Snabba leveranser & bra priser. Sveriges st\u00f6rsta sortiment av kortlekar p\u00e5 Kortleksbolaget!","breadcrumb":{"@id":"https:\/\/kortleksbolaget.se\/da\/produkt\/stranger-things-hive-mind-special-edition\/#breadcrumb"},"inLanguage":"da-DK","potentialAction":[{"@type":"ReadAction","target":["https:\/\/kortleksbolaget.se\/da\/produkt\/stranger-things-hive-mind-special-edition\/"]}]},{"@type":"ImageObject","inLanguage":"da-DK","@id":"https:\/\/kortleksbolaget.se\/da\/produkt\/stranger-things-hive-mind-special-edition\/#primaryimage","url":"https:\/\/kortleksbolaget.se\/wp-content\/uploads\/stranger-things-kortlek-1.jpg","contentUrl":"https:\/\/kortleksbolaget.se\/wp-content\/uploads\/stranger-things-kortlek-1.jpg","width":432,"height":648},{"@type":"BreadcrumbList","@id":"https:\/\/kortleksbolaget.se\/da\/produkt\/stranger-things-hive-mind-special-edition\/#breadcrumb","itemListElement":[{"@type":"ListItem","position":1,"name":"Hem","item":"https:\/\/kortleksbolaget.se\/da\/"},{"@type":"ListItem","position":2,"name":"Shop","item":"https:\/\/kortleksbolaget.se\/da\/shop-2\/"},{"@type":"ListItem","position":3,"name":"Stranger Things Hive Mind Special Edition"}]},{"@type":"WebSite","@id":"https:\/\/kortleksbolaget.se\/da\/#website","url":"https:\/\/kortleksbolaget.se\/da\/","name":"Kortleksbolaget","description":"Kortlekar p\u00e5 n\u00e4tet","publisher":{"@id":"https:\/\/kortleksbolaget.se\/da\/#organization"},"potentialAction":[{"@type":"SearchAction","target":{"@type":"EntryPoint","urlTemplate":"https:\/\/kortleksbolaget.se\/da\/?s={search_term_string}"},"query-input":{"@type":"PropertyValueSpecification","valueRequired":true,"valueName":"search_term_string"}}],"inLanguage":"da-DK"},{"@type":"Organization","@id":"https:\/\/kortleksbolaget.se\/da\/#organization","name":"Kortleksbolaget","url":"https:\/\/kortleksbolaget.se\/da\/","logo":{"@type":"ImageObject","inLanguage":"da-DK","@id":"https:\/\/kortleksbolaget.se\/da\/#\/schema\/logo\/image\/","url":"https:\/\/kortleksbolaget.se\/wp-content\/uploads\/kortleksbolaget_logo-svart.png","contentUrl":"https:\/\/kortleksbolaget.se\/wp-content\/uploads\/kortleksbolaget_logo-svart.png","width":1200,"height":296,"caption":"Kortleksbolaget"},"image":{"@id":"https:\/\/kortleksbolaget.se\/da\/#\/schema\/logo\/image\/"}}]}},"_links":{"self":[{"href":"https:\/\/kortleksbolaget.se\/da\/wp-json\/wp\/v2\/product\/157955","targetHints":{"allow":["GET"]}}],"collection":[{"href":"https:\/\/kortleksbolaget.se\/da\/wp-json\/wp\/v2\/product"}],"about":[{"href":"https:\/\/kortleksbolaget.se\/da\/wp-json\/wp\/v2\/types\/product"}],"wp:featuredmedia":[{"embeddable":true,"href":"https:\/\/kortleksbolaget.se\/da\/wp-json\/wp\/v2\/media\/157944"}],"wp:attachment":[{"href":"https:\/\/kortleksbolaget.se\/da\/wp-json\/wp\/v2\/media?parent=157955"}],"wp:term":[{"taxonomy":"product_brand","embeddable":true,"href":"https:\/\/kortleksbolaget.se\/da\/wp-json\/wp\/v2\/product_brand?post=157955"},{"taxonomy":"product_cat","embeddable":true,"href":"https:\/\/kortleksbolaget.se\/da\/wp-json\/wp\/v2\/product_cat?post=157955"},{"taxonomy":"product_tag","embeddable":true,"href":"https:\/\/kortleksbolaget.se\/da\/wp-json\/wp\/v2\/product_tag?post=157955"}],"curies":[{"name":"wp","href":"https:\/\/api.w.org\/{rel}","templated":true}]}}