{"id":159122,"date":"2026-04-29T11:01:22","date_gmt":"2026-04-29T09:01:22","guid":{"rendered":"https:\/\/kortleksbolaget.se\/produkt\/bicycle-psychedelic\/"},"modified":"2026-04-29T11:01:22","modified_gmt":"2026-04-29T09:01:22","slug":"bicycle-psychedelic","status":"publish","type":"product","link":"https:\/\/kortleksbolaget.se\/da\/produkt\/bicycle-psychedelic\/","title":{"rendered":"Bicycle Psychedelic"},"content":{"rendered":"","protected":false},"excerpt":{"rendered":"<p class=\"tw-data-text tw-text-large tw-ta\" dir=\"ltr\" tabindex=\"-1\" role=\"text\" data-placeholder=\"\u00d6vers\u00e4ttning\" data-ved=\"2ahUKEwisqpnuhcCTAxVQUlUIHU9mMwQQ3ewLegQIDBAV\" aria-label=\"\u00d6versatt text: AI-genererad konst \u00e4r en sammansm\u00e4ltning av maskinintelligens och m\u00e4nsklig kreativitet. Sedan mitten av 1900-talet har konstn\u00e4rer utnyttjat AI som ett verktyg f\u00f6r att t\u00e4nja p\u00e5 gr\u00e4nserna f\u00f6r visuellt uttryck \u2013 skapa, f\u00f6rb\u00e4ttra och transformera hur konst upplevs. D\u00e4r psykedelisk konst m\u00f6ter AI Psykedelisk konst \u2013 k\u00e4nd f\u00f6r sina intensiva f\u00e4rger, dr\u00f6mlika bilder och mystiska teman \u2013 passar perfekt ihop med de obegr\u00e4nsade m\u00f6jligheterna med artificiell intelligens. Med inspiration fr\u00e5n f\u00f6r\u00e4ndrade medvetandetillst\u00e5nd, dr\u00f6mmar och utomjordiska sf\u00e4rer n\u00e5r psykedelisk konst nya h\u00f6jder n\u00e4r den infunderas med AI:s gr\u00e4nsl\u00f6sa kreativitet. En djupdykning i Bicycle\u00ae Psychedelic-leken Varje kort i denna kortlek visar upp originella, AI-genererade konstverk utformade f\u00f6r att ta dig med p\u00e5 en visuell resa som \u00e4r: Fantastisk: En portal in i det ok\u00e4nda. Surrealistisk: Dr\u00f6mlik och full av ov\u00e4ntad f\u00f6rundran. Metafysisk: R\u00f6r om din fantasi och sj\u00e4l med transcendenta bilder. Ljus, dj\u00e4rv och med h\u00f6g kontrast: Sl\u00e5ende och livfullt, med varje kort ett m\u00e4sterverk. Denna kortlek representerar en vision\u00e4r blandning av teknologi och fantasi. Oavsett om du \u00e4r samlare, kortentusiast eller konst\u00e4lskare \u00e4r Bicycle\u00ae Psychedelic-kortleken inte bara en kortlek \u2013 den \u00e4r en ink\u00f6rsport till konstens framtid.\"><span class=\"Y2IQFc\" lang=\"sv\">AI-generated art is the fusion of machine intelligence and human creativity. Since the mid-20th century, artists have harnessed AI as a tool to push the boundaries of visual expression-creating, enhancing, and transforming the way art is experienced.<\/p>\n<p><b>Where Psychedelic Art Meets AI<\/b><\/p>\n<p>Psychedelic art-famous for its intense colors, dreamlike imagery, and mystical themes-aligns perfectly with the limitless possibilities of artificial intelligence. Drawing inspiration from altered states of consciousness, dreams, and otherworldly realms, psychedelic art reaches new heights when infused with AI&#8217;s boundless creativity.<\/p>\n<p>A Deep Dive into the <b>Bicycle\u00ae Psychedelic Deck<\/b><\/p>\n<p>Each card in this deck showcases original, AI-generated artwork designed to take you on a visual journey that&#8217;s:<\/span><\/p>\n<ul>\n<li>Fantastic: A portal into the unknown.<\/li>\n<li>Surreal: Dreamlike and full of unexpected wonder.<\/li>\n<li>Metaphysical: Stirring your imagination and soul with transcendent imagery.<\/li>\n<li>Bright, Bold, and High-Contrast: Striking and vibrant, with every card a masterpiece.<\/li>\n<\/ul>\n<p id=\"tw-target-text\" class=\"tw-data-text tw-text-large tw-ta\" dir=\"ltr\" tabindex=\"-1\" role=\"text\" data-placeholder=\"\u00d6vers\u00e4ttning\" data-ved=\"2ahUKEwisqpnuhcCTAxVQUlUIHU9mMwQQ3ewLegQIDBAV\" aria-label=\"\u00d6versatt text: AI-genererad konst \u00e4r en sammansm\u00e4ltning av maskinintelligens och m\u00e4nsklig kreativitet. Sedan mitten av 1900-talet har konstn\u00e4rer utnyttjat AI som ett verktyg f\u00f6r att t\u00e4nja p\u00e5 gr\u00e4nserna f\u00f6r visuellt uttryck \u2013 skapa, f\u00f6rb\u00e4ttra och transformera hur konst upplevs. D\u00e4r psykedelisk konst m\u00f6ter AI Psykedelisk konst \u2013 k\u00e4nd f\u00f6r sina intensiva f\u00e4rger, dr\u00f6mlika bilder och mystiska teman \u2013 passar perfekt ihop med de obegr\u00e4nsade m\u00f6jligheterna med artificiell intelligens. Med inspiration fr\u00e5n f\u00f6r\u00e4ndrade medvetandetillst\u00e5nd, dr\u00f6mmar och utomjordiska sf\u00e4rer n\u00e5r psykedelisk konst nya h\u00f6jder n\u00e4r den infunderas med AI:s gr\u00e4nsl\u00f6sa kreativitet. En djupdykning i Bicycle\u00ae Psychedelic-leken Varje kort i denna kortlek visar upp originella, AI-genererade konstverk utformade f\u00f6r att ta dig med p\u00e5 en visuell resa som \u00e4r: Fantastisk: En portal in i det ok\u00e4nda. Surrealistisk: Dr\u00f6mlik och full av ov\u00e4ntad f\u00f6rundran. Metafysisk: R\u00f6r om din fantasi och sj\u00e4l med transcendenta bilder. Ljus, dj\u00e4rv och med h\u00f6g kontrast: Sl\u00e5ende och livfullt, med varje kort ett m\u00e4sterverk. Denna kortlek representerar en vision\u00e4r blandning av teknologi och fantasi. Oavsett om du \u00e4r samlare, kortentusiast eller konst\u00e4lskare \u00e4r Bicycle\u00ae Psychedelic-kortleken inte bara en kortlek \u2013 den \u00e4r en ink\u00f6rsport till konstens framtid.\"><span class=\"Y2IQFc\" lang=\"sv\">This deck represents a visionary blend of technology and imagination.<\/p>\n<p>Whether you&#8217;re a collector, a cardist, or an art lover, the <b>Bicycle\u00ae Psychedelic Deck<\/b> is not just a deck of cards-it&#8217;s a gateway to the future of art.<br \/>\n<\/span><\/p>\n<p> [&#8230;]<\/p>\n<p><a class=\"btn btn-secondary understrap-read-more-link\" href=\"https:\/\/kortleksbolaget.se\/da\/produkt\/bicycle-psychedelic\/\">L\u00e6s mere&#8230;<span class=\"screen-reader-text\"> from Bicycle Psychedelic<\/span><\/a><\/p>\n","protected":false},"featured_media":159112,"template":"","meta":{"_acf_changed":false},"product_brand":[],"product_cat":[231],"product_tag":[],"class_list":{"0":"post-159122","1":"product","2":"type-product","3":"status-publish","4":"has-post-thumbnail","6":"varumarke-bicycle-da","7":"varumarke-uspcc-da","8":"product_cat-special-luksus-limited-da","10":"first","11":"instock","12":"featured","13":"taxable","14":"shipping-taxable","15":"purchasable","16":"product-type-simple"},"acf":[],"yoast_head":"<!-- This site is optimized with the Yoast SEO plugin v26.3 - https:\/\/yoast.com\/wordpress\/plugins\/seo\/ -->\n<title>Kortlek Bicycle Psychedelic | Kortleksbolaget<\/title>\n<meta name=\"description\" content=\"K\u00f6p Bicycle Psychedelic. Snabba leveranser &amp; bra priser. Sveriges st\u00f6rsta sortiment av kortlekar p\u00e5 Kortleksbolaget!\" \/>\n<meta name=\"robots\" content=\"index, follow, max-snippet:-1, max-image-preview:large, max-video-preview:-1\" \/>\n<link rel=\"canonical\" href=\"https:\/\/kortleksbolaget.se\/da\/produkt\/bicycle-psychedelic\/\" \/>\n<meta property=\"og:locale\" content=\"da_DK\" \/>\n<meta property=\"og:type\" content=\"article\" \/>\n<meta property=\"og:title\" content=\"Kortlek Bicycle Psychedelic | Kortleksbolaget\" \/>\n<meta property=\"og:description\" content=\"K\u00f6p Bicycle Psychedelic. Snabba leveranser &amp; bra priser. Sveriges st\u00f6rsta sortiment av kortlekar p\u00e5 Kortleksbolaget!\" \/>\n<meta property=\"og:url\" content=\"https:\/\/kortleksbolaget.se\/da\/produkt\/bicycle-psychedelic\/\" \/>\n<meta property=\"og:site_name\" content=\"Kortleksbolaget\" \/>\n<meta property=\"og:image\" content=\"https:\/\/kortleksbolaget.se\/wp-content\/uploads\/58253-alt2.png\" \/>\n\t<meta property=\"og:image:width\" content=\"740\" \/>\n\t<meta property=\"og:image:height\" content=\"416\" \/>\n\t<meta property=\"og:image:type\" content=\"image\/png\" \/>\n<meta name=\"twitter:card\" content=\"summary_large_image\" \/>\n<script type=\"application\/ld+json\" class=\"yoast-schema-graph\">{\"@context\":\"https:\/\/schema.org\",\"@graph\":[{\"@type\":\"WebPage\",\"@id\":\"https:\/\/kortleksbolaget.se\/da\/produkt\/bicycle-psychedelic\/\",\"url\":\"https:\/\/kortleksbolaget.se\/da\/produkt\/bicycle-psychedelic\/\",\"name\":\"Kortlek Bicycle Psychedelic | Kortleksbolaget\",\"isPartOf\":{\"@id\":\"https:\/\/kortleksbolaget.se\/da\/#website\"},\"primaryImageOfPage\":{\"@id\":\"https:\/\/kortleksbolaget.se\/da\/produkt\/bicycle-psychedelic\/#primaryimage\"},\"image\":{\"@id\":\"https:\/\/kortleksbolaget.se\/da\/produkt\/bicycle-psychedelic\/#primaryimage\"},\"thumbnailUrl\":\"https:\/\/kortleksbolaget.se\/wp-content\/uploads\/psychedelic-kortlek-bicycle.jpg\",\"datePublished\":\"2026-04-29T09:01:22+00:00\",\"description\":\"K\u00f6p Bicycle Psychedelic. Snabba leveranser & bra priser. Sveriges st\u00f6rsta sortiment av kortlekar p\u00e5 Kortleksbolaget!\",\"breadcrumb\":{\"@id\":\"https:\/\/kortleksbolaget.se\/da\/produkt\/bicycle-psychedelic\/#breadcrumb\"},\"inLanguage\":\"da-DK\",\"potentialAction\":[{\"@type\":\"ReadAction\",\"target\":[\"https:\/\/kortleksbolaget.se\/da\/produkt\/bicycle-psychedelic\/\"]}]},{\"@type\":\"ImageObject\",\"inLanguage\":\"da-DK\",\"@id\":\"https:\/\/kortleksbolaget.se\/da\/produkt\/bicycle-psychedelic\/#primaryimage\",\"url\":\"https:\/\/kortleksbolaget.se\/wp-content\/uploads\/psychedelic-kortlek-bicycle.jpg\",\"contentUrl\":\"https:\/\/kortleksbolaget.se\/wp-content\/uploads\/psychedelic-kortlek-bicycle.jpg\",\"width\":468,\"height\":702},{\"@type\":\"BreadcrumbList\",\"@id\":\"https:\/\/kortleksbolaget.se\/da\/produkt\/bicycle-psychedelic\/#breadcrumb\",\"itemListElement\":[{\"@type\":\"ListItem\",\"position\":1,\"name\":\"Hem\",\"item\":\"https:\/\/kortleksbolaget.se\/da\/\"},{\"@type\":\"ListItem\",\"position\":2,\"name\":\"Shop\",\"item\":\"https:\/\/kortleksbolaget.se\/da\/shop-2\/\"},{\"@type\":\"ListItem\",\"position\":3,\"name\":\"Bicycle Psychedelic\"}]},{\"@type\":\"WebSite\",\"@id\":\"https:\/\/kortleksbolaget.se\/da\/#website\",\"url\":\"https:\/\/kortleksbolaget.se\/da\/\",\"name\":\"Kortleksbolaget\",\"description\":\"Kortlekar p\u00e5 n\u00e4tet\",\"publisher\":{\"@id\":\"https:\/\/kortleksbolaget.se\/da\/#organization\"},\"potentialAction\":[{\"@type\":\"SearchAction\",\"target\":{\"@type\":\"EntryPoint\",\"urlTemplate\":\"https:\/\/kortleksbolaget.se\/da\/?s={search_term_string}\"},\"query-input\":{\"@type\":\"PropertyValueSpecification\",\"valueRequired\":true,\"valueName\":\"search_term_string\"}}],\"inLanguage\":\"da-DK\"},{\"@type\":\"Organization\",\"@id\":\"https:\/\/kortleksbolaget.se\/da\/#organization\",\"name\":\"Kortleksbolaget\",\"url\":\"https:\/\/kortleksbolaget.se\/da\/\",\"logo\":{\"@type\":\"ImageObject\",\"inLanguage\":\"da-DK\",\"@id\":\"https:\/\/kortleksbolaget.se\/da\/#\/schema\/logo\/image\/\",\"url\":\"https:\/\/kortleksbolaget.se\/wp-content\/uploads\/kortleksbolaget_logo-svart.png\",\"contentUrl\":\"https:\/\/kortleksbolaget.se\/wp-content\/uploads\/kortleksbolaget_logo-svart.png\",\"width\":1200,\"height\":296,\"caption\":\"Kortleksbolaget\"},\"image\":{\"@id\":\"https:\/\/kortleksbolaget.se\/da\/#\/schema\/logo\/image\/\"}}]}<\/script>\n<!-- \/ Yoast SEO plugin. -->","yoast_head_json":{"title":"Kortlek Bicycle Psychedelic | Kortleksbolaget","description":"K\u00f6p Bicycle Psychedelic. Snabba leveranser & bra priser. Sveriges st\u00f6rsta sortiment av kortlekar p\u00e5 Kortleksbolaget!","robots":{"index":"index","follow":"follow","max-snippet":"max-snippet:-1","max-image-preview":"max-image-preview:large","max-video-preview":"max-video-preview:-1"},"canonical":"https:\/\/kortleksbolaget.se\/da\/produkt\/bicycle-psychedelic\/","og_locale":"da_DK","og_type":"article","og_title":"Kortlek Bicycle Psychedelic | Kortleksbolaget","og_description":"K\u00f6p Bicycle Psychedelic. Snabba leveranser & bra priser. Sveriges st\u00f6rsta sortiment av kortlekar p\u00e5 Kortleksbolaget!","og_url":"https:\/\/kortleksbolaget.se\/da\/produkt\/bicycle-psychedelic\/","og_site_name":"Kortleksbolaget","og_image":[{"width":740,"height":416,"url":"https:\/\/kortleksbolaget.se\/wp-content\/uploads\/58253-alt2.png","type":"image\/png"}],"twitter_card":"summary_large_image","schema":{"@context":"https:\/\/schema.org","@graph":[{"@type":"WebPage","@id":"https:\/\/kortleksbolaget.se\/da\/produkt\/bicycle-psychedelic\/","url":"https:\/\/kortleksbolaget.se\/da\/produkt\/bicycle-psychedelic\/","name":"Kortlek Bicycle Psychedelic | Kortleksbolaget","isPartOf":{"@id":"https:\/\/kortleksbolaget.se\/da\/#website"},"primaryImageOfPage":{"@id":"https:\/\/kortleksbolaget.se\/da\/produkt\/bicycle-psychedelic\/#primaryimage"},"image":{"@id":"https:\/\/kortleksbolaget.se\/da\/produkt\/bicycle-psychedelic\/#primaryimage"},"thumbnailUrl":"https:\/\/kortleksbolaget.se\/wp-content\/uploads\/psychedelic-kortlek-bicycle.jpg","datePublished":"2026-04-29T09:01:22+00:00","description":"K\u00f6p Bicycle Psychedelic. Snabba leveranser & bra priser. Sveriges st\u00f6rsta sortiment av kortlekar p\u00e5 Kortleksbolaget!","breadcrumb":{"@id":"https:\/\/kortleksbolaget.se\/da\/produkt\/bicycle-psychedelic\/#breadcrumb"},"inLanguage":"da-DK","potentialAction":[{"@type":"ReadAction","target":["https:\/\/kortleksbolaget.se\/da\/produkt\/bicycle-psychedelic\/"]}]},{"@type":"ImageObject","inLanguage":"da-DK","@id":"https:\/\/kortleksbolaget.se\/da\/produkt\/bicycle-psychedelic\/#primaryimage","url":"https:\/\/kortleksbolaget.se\/wp-content\/uploads\/psychedelic-kortlek-bicycle.jpg","contentUrl":"https:\/\/kortleksbolaget.se\/wp-content\/uploads\/psychedelic-kortlek-bicycle.jpg","width":468,"height":702},{"@type":"BreadcrumbList","@id":"https:\/\/kortleksbolaget.se\/da\/produkt\/bicycle-psychedelic\/#breadcrumb","itemListElement":[{"@type":"ListItem","position":1,"name":"Hem","item":"https:\/\/kortleksbolaget.se\/da\/"},{"@type":"ListItem","position":2,"name":"Shop","item":"https:\/\/kortleksbolaget.se\/da\/shop-2\/"},{"@type":"ListItem","position":3,"name":"Bicycle Psychedelic"}]},{"@type":"WebSite","@id":"https:\/\/kortleksbolaget.se\/da\/#website","url":"https:\/\/kortleksbolaget.se\/da\/","name":"Kortleksbolaget","description":"Kortlekar p\u00e5 n\u00e4tet","publisher":{"@id":"https:\/\/kortleksbolaget.se\/da\/#organization"},"potentialAction":[{"@type":"SearchAction","target":{"@type":"EntryPoint","urlTemplate":"https:\/\/kortleksbolaget.se\/da\/?s={search_term_string}"},"query-input":{"@type":"PropertyValueSpecification","valueRequired":true,"valueName":"search_term_string"}}],"inLanguage":"da-DK"},{"@type":"Organization","@id":"https:\/\/kortleksbolaget.se\/da\/#organization","name":"Kortleksbolaget","url":"https:\/\/kortleksbolaget.se\/da\/","logo":{"@type":"ImageObject","inLanguage":"da-DK","@id":"https:\/\/kortleksbolaget.se\/da\/#\/schema\/logo\/image\/","url":"https:\/\/kortleksbolaget.se\/wp-content\/uploads\/kortleksbolaget_logo-svart.png","contentUrl":"https:\/\/kortleksbolaget.se\/wp-content\/uploads\/kortleksbolaget_logo-svart.png","width":1200,"height":296,"caption":"Kortleksbolaget"},"image":{"@id":"https:\/\/kortleksbolaget.se\/da\/#\/schema\/logo\/image\/"}}]}},"_links":{"self":[{"href":"https:\/\/kortleksbolaget.se\/da\/wp-json\/wp\/v2\/product\/159122","targetHints":{"allow":["GET"]}}],"collection":[{"href":"https:\/\/kortleksbolaget.se\/da\/wp-json\/wp\/v2\/product"}],"about":[{"href":"https:\/\/kortleksbolaget.se\/da\/wp-json\/wp\/v2\/types\/product"}],"wp:featuredmedia":[{"embeddable":true,"href":"https:\/\/kortleksbolaget.se\/da\/wp-json\/wp\/v2\/media\/159112"}],"wp:attachment":[{"href":"https:\/\/kortleksbolaget.se\/da\/wp-json\/wp\/v2\/media?parent=159122"}],"wp:term":[{"taxonomy":"product_brand","embeddable":true,"href":"https:\/\/kortleksbolaget.se\/da\/wp-json\/wp\/v2\/product_brand?post=159122"},{"taxonomy":"product_cat","embeddable":true,"href":"https:\/\/kortleksbolaget.se\/da\/wp-json\/wp\/v2\/product_cat?post=159122"},{"taxonomy":"product_tag","embeddable":true,"href":"https:\/\/kortleksbolaget.se\/da\/wp-json\/wp\/v2\/product_tag?post=159122"}],"curies":[{"name":"wp","href":"https:\/\/api.w.org\/{rel}","templated":true}]}}