{"id":159370,"date":"2026-05-06T16:51:05","date_gmt":"2026-05-06T14:51:05","guid":{"rendered":"https:\/\/kortleksbolaget.se\/produkt\/odd-fellows-sister-merry-gorda\/"},"modified":"2026-05-06T16:51:05","modified_gmt":"2026-05-06T14:51:05","slug":"odd-fellows-sister-merry-gorda","status":"publish","type":"product","link":"https:\/\/kortleksbolaget.se\/da\/produkt\/odd-fellows-sister-merry-gorda\/","title":{"rendered":"Odd Fellows Sister Merry Gorda"},"content":{"rendered":"","protected":false},"excerpt":{"rendered":"<p>The Odd Fellows from The Sanctuary<br \/>\n<b>Sister Merry Gorda<\/b> (with Stainless Steel Hip Flask and wooden box)<\/p>\n<p>Evidence seized at The Sanctuary &#8211; home of a gang of petty criminals disguised as clergy, plotting heists, bootlegging spirits, and running crooked games.<\/p>\n<p>Inside this stainless steel hip flask (silver, embossed on all sides) lies a poker-size deck of playing cards featuring the Odd Fellows from the Sanctuary. The flask is not designed to hold liquids &#8211; a metal lid at the bottom opens to extract the deck.<\/p>\n<p>Specs:<\/p>\n<ul>\n<li>56 cards poker size<\/li>\n<li>100% custom with illustrated court cards, jokers, Ace of Spades<\/li>\n<li>Paper stock: German Black Core 300g with varnish<\/li>\n<li>Gold foil application on the backs<\/li>\n<li>Gilded in metallic cornflower blue<\/li>\n<li>&#8220;half tuckbox&#8221; in blue paper, foil, embossing<\/li>\n<li>Hip-flask in stainless steel, silver tint, with bottom lid<\/li>\n<li>Wooden box with custom graphics on the lid<\/li>\n<li>Cards wrapped in cellophane<\/li>\n<li>Protective carton box<\/li>\n<li>Cards Printed by WJPC<\/li>\n<\/ul>\n<p> [&#8230;]<\/p>\n<p><a class=\"btn btn-secondary understrap-read-more-link\" href=\"https:\/\/kortleksbolaget.se\/da\/produkt\/odd-fellows-sister-merry-gorda\/\">L\u00e6s mere&#8230;<span class=\"screen-reader-text\"> from Odd Fellows Sister Merry Gorda<\/span><\/a><\/p>\n","protected":false},"featured_media":159364,"template":"","meta":{"_acf_changed":false},"product_brand":[],"product_cat":[231],"product_tag":[],"class_list":{"0":"post-159370","1":"product","2":"type-product","3":"status-publish","4":"has-post-thumbnail","6":"varumarke-stockholm17-da","7":"product_cat-special-luksus-limited-da","9":"first","10":"instock","11":"featured","12":"taxable","13":"shipping-taxable","14":"purchasable","15":"product-type-simple"},"acf":[],"yoast_head":"<!-- This site is optimized with the Yoast SEO plugin v26.3 - https:\/\/yoast.com\/wordpress\/plugins\/seo\/ -->\n<title>Kortlek Odd Fellows Sister Merry Gorda | Kortleksbolaget<\/title>\n<meta name=\"description\" content=\"K\u00f6p Odd Fellows Sister Merry Gorda. Snabba leveranser &amp; bra priser. Sveriges st\u00f6rsta sortiment av kortlekar p\u00e5 Kortleksbolaget!\" \/>\n<meta name=\"robots\" content=\"index, follow, max-snippet:-1, max-image-preview:large, max-video-preview:-1\" \/>\n<link rel=\"canonical\" href=\"https:\/\/kortleksbolaget.se\/da\/produkt\/odd-fellows-sister-merry-gorda\/\" \/>\n<meta property=\"og:locale\" content=\"da_DK\" \/>\n<meta property=\"og:type\" content=\"article\" \/>\n<meta property=\"og:title\" content=\"Kortlek Odd Fellows Sister Merry Gorda | Kortleksbolaget\" \/>\n<meta property=\"og:description\" content=\"K\u00f6p Odd Fellows Sister Merry Gorda. Snabba leveranser &amp; bra priser. Sveriges st\u00f6rsta sortiment av kortlekar p\u00e5 Kortleksbolaget!\" \/>\n<meta property=\"og:url\" content=\"https:\/\/kortleksbolaget.se\/da\/produkt\/odd-fellows-sister-merry-gorda\/\" \/>\n<meta property=\"og:site_name\" content=\"Kortleksbolaget\" \/>\n<meta property=\"og:image\" content=\"https:\/\/kortleksbolaget.se\/wp-content\/uploads\/odd-fellows-gorda-stockholm17.jpg\" \/>\n\t<meta property=\"og:image:width\" content=\"720\" \/>\n\t<meta property=\"og:image:height\" content=\"1080\" \/>\n\t<meta property=\"og:image:type\" content=\"image\/jpeg\" \/>\n<meta name=\"twitter:card\" content=\"summary_large_image\" \/>\n<meta name=\"twitter:label1\" content=\"Estimeret l\u00e6setid\" \/>\n\t<meta name=\"twitter:data1\" content=\"1 minut\" \/>\n<script type=\"application\/ld+json\" class=\"yoast-schema-graph\">{\"@context\":\"https:\/\/schema.org\",\"@graph\":[{\"@type\":\"WebPage\",\"@id\":\"https:\/\/kortleksbolaget.se\/da\/produkt\/odd-fellows-sister-merry-gorda\/\",\"url\":\"https:\/\/kortleksbolaget.se\/da\/produkt\/odd-fellows-sister-merry-gorda\/\",\"name\":\"Kortlek Odd Fellows Sister Merry Gorda | Kortleksbolaget\",\"isPartOf\":{\"@id\":\"https:\/\/kortleksbolaget.se\/da\/#website\"},\"primaryImageOfPage\":{\"@id\":\"https:\/\/kortleksbolaget.se\/da\/produkt\/odd-fellows-sister-merry-gorda\/#primaryimage\"},\"image\":{\"@id\":\"https:\/\/kortleksbolaget.se\/da\/produkt\/odd-fellows-sister-merry-gorda\/#primaryimage\"},\"thumbnailUrl\":\"https:\/\/kortleksbolaget.se\/wp-content\/uploads\/odd-fellows-gorda-stockholm17.jpg\",\"datePublished\":\"2026-05-06T14:51:05+00:00\",\"description\":\"K\u00f6p Odd Fellows Sister Merry Gorda. Snabba leveranser & bra priser. Sveriges st\u00f6rsta sortiment av kortlekar p\u00e5 Kortleksbolaget!\",\"breadcrumb\":{\"@id\":\"https:\/\/kortleksbolaget.se\/da\/produkt\/odd-fellows-sister-merry-gorda\/#breadcrumb\"},\"inLanguage\":\"da-DK\",\"potentialAction\":[{\"@type\":\"ReadAction\",\"target\":[\"https:\/\/kortleksbolaget.se\/da\/produkt\/odd-fellows-sister-merry-gorda\/\"]}]},{\"@type\":\"ImageObject\",\"inLanguage\":\"da-DK\",\"@id\":\"https:\/\/kortleksbolaget.se\/da\/produkt\/odd-fellows-sister-merry-gorda\/#primaryimage\",\"url\":\"https:\/\/kortleksbolaget.se\/wp-content\/uploads\/odd-fellows-gorda-stockholm17.jpg\",\"contentUrl\":\"https:\/\/kortleksbolaget.se\/wp-content\/uploads\/odd-fellows-gorda-stockholm17.jpg\",\"width\":720,\"height\":1080},{\"@type\":\"BreadcrumbList\",\"@id\":\"https:\/\/kortleksbolaget.se\/da\/produkt\/odd-fellows-sister-merry-gorda\/#breadcrumb\",\"itemListElement\":[{\"@type\":\"ListItem\",\"position\":1,\"name\":\"Hem\",\"item\":\"https:\/\/kortleksbolaget.se\/da\/\"},{\"@type\":\"ListItem\",\"position\":2,\"name\":\"Shop\",\"item\":\"https:\/\/kortleksbolaget.se\/da\/shop-2\/\"},{\"@type\":\"ListItem\",\"position\":3,\"name\":\"Odd Fellows Sister Merry Gorda\"}]},{\"@type\":\"WebSite\",\"@id\":\"https:\/\/kortleksbolaget.se\/da\/#website\",\"url\":\"https:\/\/kortleksbolaget.se\/da\/\",\"name\":\"Kortleksbolaget\",\"description\":\"Kortlekar p\u00e5 n\u00e4tet\",\"publisher\":{\"@id\":\"https:\/\/kortleksbolaget.se\/da\/#organization\"},\"potentialAction\":[{\"@type\":\"SearchAction\",\"target\":{\"@type\":\"EntryPoint\",\"urlTemplate\":\"https:\/\/kortleksbolaget.se\/da\/?s={search_term_string}\"},\"query-input\":{\"@type\":\"PropertyValueSpecification\",\"valueRequired\":true,\"valueName\":\"search_term_string\"}}],\"inLanguage\":\"da-DK\"},{\"@type\":\"Organization\",\"@id\":\"https:\/\/kortleksbolaget.se\/da\/#organization\",\"name\":\"Kortleksbolaget\",\"url\":\"https:\/\/kortleksbolaget.se\/da\/\",\"logo\":{\"@type\":\"ImageObject\",\"inLanguage\":\"da-DK\",\"@id\":\"https:\/\/kortleksbolaget.se\/da\/#\/schema\/logo\/image\/\",\"url\":\"https:\/\/kortleksbolaget.se\/wp-content\/uploads\/kortleksbolaget_logo-svart.png\",\"contentUrl\":\"https:\/\/kortleksbolaget.se\/wp-content\/uploads\/kortleksbolaget_logo-svart.png\",\"width\":1200,\"height\":296,\"caption\":\"Kortleksbolaget\"},\"image\":{\"@id\":\"https:\/\/kortleksbolaget.se\/da\/#\/schema\/logo\/image\/\"}}]}<\/script>\n<!-- \/ Yoast SEO plugin. -->","yoast_head_json":{"title":"Kortlek Odd Fellows Sister Merry Gorda | Kortleksbolaget","description":"K\u00f6p Odd Fellows Sister Merry Gorda. Snabba leveranser & bra priser. Sveriges st\u00f6rsta sortiment av kortlekar p\u00e5 Kortleksbolaget!","robots":{"index":"index","follow":"follow","max-snippet":"max-snippet:-1","max-image-preview":"max-image-preview:large","max-video-preview":"max-video-preview:-1"},"canonical":"https:\/\/kortleksbolaget.se\/da\/produkt\/odd-fellows-sister-merry-gorda\/","og_locale":"da_DK","og_type":"article","og_title":"Kortlek Odd Fellows Sister Merry Gorda | Kortleksbolaget","og_description":"K\u00f6p Odd Fellows Sister Merry Gorda. Snabba leveranser & bra priser. Sveriges st\u00f6rsta sortiment av kortlekar p\u00e5 Kortleksbolaget!","og_url":"https:\/\/kortleksbolaget.se\/da\/produkt\/odd-fellows-sister-merry-gorda\/","og_site_name":"Kortleksbolaget","og_image":[{"width":720,"height":1080,"url":"https:\/\/kortleksbolaget.se\/wp-content\/uploads\/odd-fellows-gorda-stockholm17.jpg","type":"image\/jpeg"}],"twitter_card":"summary_large_image","twitter_misc":{"Estimeret l\u00e6setid":"1 minut"},"schema":{"@context":"https:\/\/schema.org","@graph":[{"@type":"WebPage","@id":"https:\/\/kortleksbolaget.se\/da\/produkt\/odd-fellows-sister-merry-gorda\/","url":"https:\/\/kortleksbolaget.se\/da\/produkt\/odd-fellows-sister-merry-gorda\/","name":"Kortlek Odd Fellows Sister Merry Gorda | Kortleksbolaget","isPartOf":{"@id":"https:\/\/kortleksbolaget.se\/da\/#website"},"primaryImageOfPage":{"@id":"https:\/\/kortleksbolaget.se\/da\/produkt\/odd-fellows-sister-merry-gorda\/#primaryimage"},"image":{"@id":"https:\/\/kortleksbolaget.se\/da\/produkt\/odd-fellows-sister-merry-gorda\/#primaryimage"},"thumbnailUrl":"https:\/\/kortleksbolaget.se\/wp-content\/uploads\/odd-fellows-gorda-stockholm17.jpg","datePublished":"2026-05-06T14:51:05+00:00","description":"K\u00f6p Odd Fellows Sister Merry Gorda. Snabba leveranser & bra priser. Sveriges st\u00f6rsta sortiment av kortlekar p\u00e5 Kortleksbolaget!","breadcrumb":{"@id":"https:\/\/kortleksbolaget.se\/da\/produkt\/odd-fellows-sister-merry-gorda\/#breadcrumb"},"inLanguage":"da-DK","potentialAction":[{"@type":"ReadAction","target":["https:\/\/kortleksbolaget.se\/da\/produkt\/odd-fellows-sister-merry-gorda\/"]}]},{"@type":"ImageObject","inLanguage":"da-DK","@id":"https:\/\/kortleksbolaget.se\/da\/produkt\/odd-fellows-sister-merry-gorda\/#primaryimage","url":"https:\/\/kortleksbolaget.se\/wp-content\/uploads\/odd-fellows-gorda-stockholm17.jpg","contentUrl":"https:\/\/kortleksbolaget.se\/wp-content\/uploads\/odd-fellows-gorda-stockholm17.jpg","width":720,"height":1080},{"@type":"BreadcrumbList","@id":"https:\/\/kortleksbolaget.se\/da\/produkt\/odd-fellows-sister-merry-gorda\/#breadcrumb","itemListElement":[{"@type":"ListItem","position":1,"name":"Hem","item":"https:\/\/kortleksbolaget.se\/da\/"},{"@type":"ListItem","position":2,"name":"Shop","item":"https:\/\/kortleksbolaget.se\/da\/shop-2\/"},{"@type":"ListItem","position":3,"name":"Odd Fellows Sister Merry Gorda"}]},{"@type":"WebSite","@id":"https:\/\/kortleksbolaget.se\/da\/#website","url":"https:\/\/kortleksbolaget.se\/da\/","name":"Kortleksbolaget","description":"Kortlekar p\u00e5 n\u00e4tet","publisher":{"@id":"https:\/\/kortleksbolaget.se\/da\/#organization"},"potentialAction":[{"@type":"SearchAction","target":{"@type":"EntryPoint","urlTemplate":"https:\/\/kortleksbolaget.se\/da\/?s={search_term_string}"},"query-input":{"@type":"PropertyValueSpecification","valueRequired":true,"valueName":"search_term_string"}}],"inLanguage":"da-DK"},{"@type":"Organization","@id":"https:\/\/kortleksbolaget.se\/da\/#organization","name":"Kortleksbolaget","url":"https:\/\/kortleksbolaget.se\/da\/","logo":{"@type":"ImageObject","inLanguage":"da-DK","@id":"https:\/\/kortleksbolaget.se\/da\/#\/schema\/logo\/image\/","url":"https:\/\/kortleksbolaget.se\/wp-content\/uploads\/kortleksbolaget_logo-svart.png","contentUrl":"https:\/\/kortleksbolaget.se\/wp-content\/uploads\/kortleksbolaget_logo-svart.png","width":1200,"height":296,"caption":"Kortleksbolaget"},"image":{"@id":"https:\/\/kortleksbolaget.se\/da\/#\/schema\/logo\/image\/"}}]}},"_links":{"self":[{"href":"https:\/\/kortleksbolaget.se\/da\/wp-json\/wp\/v2\/product\/159370","targetHints":{"allow":["GET"]}}],"collection":[{"href":"https:\/\/kortleksbolaget.se\/da\/wp-json\/wp\/v2\/product"}],"about":[{"href":"https:\/\/kortleksbolaget.se\/da\/wp-json\/wp\/v2\/types\/product"}],"wp:featuredmedia":[{"embeddable":true,"href":"https:\/\/kortleksbolaget.se\/da\/wp-json\/wp\/v2\/media\/159364"}],"wp:attachment":[{"href":"https:\/\/kortleksbolaget.se\/da\/wp-json\/wp\/v2\/media?parent=159370"}],"wp:term":[{"taxonomy":"product_brand","embeddable":true,"href":"https:\/\/kortleksbolaget.se\/da\/wp-json\/wp\/v2\/product_brand?post=159370"},{"taxonomy":"product_cat","embeddable":true,"href":"https:\/\/kortleksbolaget.se\/da\/wp-json\/wp\/v2\/product_cat?post=159370"},{"taxonomy":"product_tag","embeddable":true,"href":"https:\/\/kortleksbolaget.se\/da\/wp-json\/wp\/v2\/product_tag?post=159370"}],"curies":[{"name":"wp","href":"https:\/\/api.w.org\/{rel}","templated":true}]}}