{"id":42535,"date":"2020-05-23T09:50:24","date_gmt":"2020-05-23T07:50:24","guid":{"rendered":"https:\/\/kortleksbolaget.se\/nyasidan2021\/produkt\/makers-blacksmith-edition\/"},"modified":"2020-05-23T09:50:24","modified_gmt":"2020-05-23T07:50:24","slug":"makers-blacksmith-edition","status":"publish","type":"product","link":"https:\/\/kortleksbolaget.se\/da\/produkt\/makers-blacksmith-edition\/","title":{"rendered":"Makers Blacksmith Edition"},"content":{"rendered":"","protected":false},"excerpt":{"rendered":"<div class=\"oSioSc\">\n<div id=\"tw-target\">\n<div id=\"kAz1tf\" class=\"g9WsWb\">\n<div id=\"tw-target-text-container\" class=\"tw-ta-container hide-focus-ring tw-nfl\" tabindex=\"0\">\n<div class=\"product__description rte\">\n<p>Luxury playing cards made true by The D&amp;D Playing Card Co. <strong>MAKERS, Blacksmith Edition<\/strong> are the most intricate and luxurious deck in their catalogue.<\/p>\n<p>Each tuck case has been embossed and stamped with layers of gold and silver foiling. The result is nothing short of breathtaking. Out of the box, conjurors and collectors alike will enjoy 14 custom illustrated court-cards representing the foundational \u201cmakers\u201d civilization has been built on. To us, these individuals are the pillars of unparalleled craftsmanship: something that we hold in the highest regard. MAKERS are both a tribute and a celebration.<\/p>\n<p>Printed by the U.S. Playing Card Co. using an exclusive \u201ccrushed stock\u201d process to create a more refined and lighter deck of playing cards. See pictures below.<\/p>\n<\/div>\n<p id=\"tw-target-text\" class=\"tw-data-text tw-text-large tw-ta\" dir=\"ltr\" data-placeholder=\"\u00d6vers\u00e4ttning\"><span lang=\"sv\">\u00a0<\/span><\/p>\n<\/div>\n<\/div>\n<\/div>\n<\/div>\n<p> [&#8230;]<\/p>\n<p><a class=\"btn btn-secondary understrap-read-more-link\" href=\"https:\/\/kortleksbolaget.se\/da\/produkt\/makers-blacksmith-edition\/\">L\u00e6s mere&#8230;<span class=\"screen-reader-text\"> from Makers Blacksmith Edition<\/span><\/a><\/p>\n","protected":false},"featured_media":36911,"template":"","meta":{"_acf_changed":false},"product_brand":[],"product_cat":[231],"product_tag":[],"class_list":{"0":"post-42535","1":"product","2":"type-product","3":"status-publish","4":"has-post-thumbnail","6":"varumarke-dan-dave-da","7":"varumarke-uspcc-da","8":"product_cat-special-luksus-limited-da","10":"first","11":"outofstock","12":"taxable","13":"shipping-taxable","14":"purchasable","15":"product-type-simple"},"acf":[],"yoast_head":"<!-- This site is optimized with the Yoast SEO plugin v26.3 - https:\/\/yoast.com\/wordpress\/plugins\/seo\/ -->\n<title>Kortlek Makers Blacksmith Edition | Kortleksbolaget<\/title>\n<meta name=\"description\" content=\"K\u00f6p Makers Blacksmith Edition. Snabba leveranser &amp; bra priser. Sveriges st\u00f6rsta sortiment av kortlekar p\u00e5 Kortleksbolaget!\" \/>\n<meta name=\"robots\" content=\"index, follow, max-snippet:-1, max-image-preview:large, max-video-preview:-1\" \/>\n<link rel=\"canonical\" href=\"https:\/\/kortleksbolaget.se\/da\/produkt\/makers-blacksmith-edition\/\" \/>\n<meta property=\"og:locale\" content=\"da_DK\" \/>\n<meta property=\"og:type\" content=\"article\" \/>\n<meta property=\"og:title\" content=\"Kortlek Makers Blacksmith Edition | Kortleksbolaget\" \/>\n<meta property=\"og:description\" content=\"K\u00f6p Makers Blacksmith Edition. Snabba leveranser &amp; bra priser. Sveriges st\u00f6rsta sortiment av kortlekar p\u00e5 Kortleksbolaget!\" \/>\n<meta property=\"og:url\" content=\"https:\/\/kortleksbolaget.se\/da\/produkt\/makers-blacksmith-edition\/\" \/>\n<meta property=\"og:site_name\" content=\"Kortleksbolaget\" \/>\n<meta property=\"og:image\" content=\"https:\/\/kortleksbolaget.se\/wp-content\/uploads\/makers-black-1.jpg\" \/>\n\t<meta property=\"og:image:width\" content=\"570\" \/>\n\t<meta property=\"og:image:height\" content=\"855\" \/>\n\t<meta property=\"og:image:type\" content=\"image\/jpeg\" \/>\n<meta name=\"twitter:card\" content=\"summary_large_image\" \/>\n<script type=\"application\/ld+json\" class=\"yoast-schema-graph\">{\"@context\":\"https:\/\/schema.org\",\"@graph\":[{\"@type\":\"WebPage\",\"@id\":\"https:\/\/kortleksbolaget.se\/da\/produkt\/makers-blacksmith-edition\/\",\"url\":\"https:\/\/kortleksbolaget.se\/da\/produkt\/makers-blacksmith-edition\/\",\"name\":\"Kortlek Makers Blacksmith Edition | Kortleksbolaget\",\"isPartOf\":{\"@id\":\"https:\/\/kortleksbolaget.se\/da\/#website\"},\"primaryImageOfPage\":{\"@id\":\"https:\/\/kortleksbolaget.se\/da\/produkt\/makers-blacksmith-edition\/#primaryimage\"},\"image\":{\"@id\":\"https:\/\/kortleksbolaget.se\/da\/produkt\/makers-blacksmith-edition\/#primaryimage\"},\"thumbnailUrl\":\"https:\/\/kortleksbolaget.se\/wp-content\/uploads\/makers-black-1.jpg\",\"datePublished\":\"2020-05-23T07:50:24+00:00\",\"description\":\"K\u00f6p Makers Blacksmith Edition. Snabba leveranser & bra priser. Sveriges st\u00f6rsta sortiment av kortlekar p\u00e5 Kortleksbolaget!\",\"breadcrumb\":{\"@id\":\"https:\/\/kortleksbolaget.se\/da\/produkt\/makers-blacksmith-edition\/#breadcrumb\"},\"inLanguage\":\"da-DK\",\"potentialAction\":[{\"@type\":\"ReadAction\",\"target\":[\"https:\/\/kortleksbolaget.se\/da\/produkt\/makers-blacksmith-edition\/\"]}]},{\"@type\":\"ImageObject\",\"inLanguage\":\"da-DK\",\"@id\":\"https:\/\/kortleksbolaget.se\/da\/produkt\/makers-blacksmith-edition\/#primaryimage\",\"url\":\"https:\/\/kortleksbolaget.se\/wp-content\/uploads\/makers-black-1.jpg\",\"contentUrl\":\"https:\/\/kortleksbolaget.se\/wp-content\/uploads\/makers-black-1.jpg\",\"width\":570,\"height\":855},{\"@type\":\"BreadcrumbList\",\"@id\":\"https:\/\/kortleksbolaget.se\/da\/produkt\/makers-blacksmith-edition\/#breadcrumb\",\"itemListElement\":[{\"@type\":\"ListItem\",\"position\":1,\"name\":\"Hem\",\"item\":\"https:\/\/kortleksbolaget.se\/da\/\"},{\"@type\":\"ListItem\",\"position\":2,\"name\":\"Shop\",\"item\":\"https:\/\/kortleksbolaget.se\/da\/shop-2\/\"},{\"@type\":\"ListItem\",\"position\":3,\"name\":\"Makers Blacksmith Edition\"}]},{\"@type\":\"WebSite\",\"@id\":\"https:\/\/kortleksbolaget.se\/da\/#website\",\"url\":\"https:\/\/kortleksbolaget.se\/da\/\",\"name\":\"Kortleksbolaget\",\"description\":\"Kortlekar p\u00e5 n\u00e4tet\",\"publisher\":{\"@id\":\"https:\/\/kortleksbolaget.se\/da\/#organization\"},\"potentialAction\":[{\"@type\":\"SearchAction\",\"target\":{\"@type\":\"EntryPoint\",\"urlTemplate\":\"https:\/\/kortleksbolaget.se\/da\/?s={search_term_string}\"},\"query-input\":{\"@type\":\"PropertyValueSpecification\",\"valueRequired\":true,\"valueName\":\"search_term_string\"}}],\"inLanguage\":\"da-DK\"},{\"@type\":\"Organization\",\"@id\":\"https:\/\/kortleksbolaget.se\/da\/#organization\",\"name\":\"Kortleksbolaget\",\"url\":\"https:\/\/kortleksbolaget.se\/da\/\",\"logo\":{\"@type\":\"ImageObject\",\"inLanguage\":\"da-DK\",\"@id\":\"https:\/\/kortleksbolaget.se\/da\/#\/schema\/logo\/image\/\",\"url\":\"https:\/\/kortleksbolaget.se\/wp-content\/uploads\/kortleksbolaget_logo-svart.png\",\"contentUrl\":\"https:\/\/kortleksbolaget.se\/wp-content\/uploads\/kortleksbolaget_logo-svart.png\",\"width\":1200,\"height\":296,\"caption\":\"Kortleksbolaget\"},\"image\":{\"@id\":\"https:\/\/kortleksbolaget.se\/da\/#\/schema\/logo\/image\/\"}}]}<\/script>\n<!-- \/ Yoast SEO plugin. -->","yoast_head_json":{"title":"Kortlek Makers Blacksmith Edition | Kortleksbolaget","description":"K\u00f6p Makers Blacksmith Edition. Snabba leveranser & bra priser. Sveriges st\u00f6rsta sortiment av kortlekar p\u00e5 Kortleksbolaget!","robots":{"index":"index","follow":"follow","max-snippet":"max-snippet:-1","max-image-preview":"max-image-preview:large","max-video-preview":"max-video-preview:-1"},"canonical":"https:\/\/kortleksbolaget.se\/da\/produkt\/makers-blacksmith-edition\/","og_locale":"da_DK","og_type":"article","og_title":"Kortlek Makers Blacksmith Edition | Kortleksbolaget","og_description":"K\u00f6p Makers Blacksmith Edition. Snabba leveranser & bra priser. Sveriges st\u00f6rsta sortiment av kortlekar p\u00e5 Kortleksbolaget!","og_url":"https:\/\/kortleksbolaget.se\/da\/produkt\/makers-blacksmith-edition\/","og_site_name":"Kortleksbolaget","og_image":[{"width":570,"height":855,"url":"https:\/\/kortleksbolaget.se\/wp-content\/uploads\/makers-black-1.jpg","type":"image\/jpeg"}],"twitter_card":"summary_large_image","schema":{"@context":"https:\/\/schema.org","@graph":[{"@type":"WebPage","@id":"https:\/\/kortleksbolaget.se\/da\/produkt\/makers-blacksmith-edition\/","url":"https:\/\/kortleksbolaget.se\/da\/produkt\/makers-blacksmith-edition\/","name":"Kortlek Makers Blacksmith Edition | Kortleksbolaget","isPartOf":{"@id":"https:\/\/kortleksbolaget.se\/da\/#website"},"primaryImageOfPage":{"@id":"https:\/\/kortleksbolaget.se\/da\/produkt\/makers-blacksmith-edition\/#primaryimage"},"image":{"@id":"https:\/\/kortleksbolaget.se\/da\/produkt\/makers-blacksmith-edition\/#primaryimage"},"thumbnailUrl":"https:\/\/kortleksbolaget.se\/wp-content\/uploads\/makers-black-1.jpg","datePublished":"2020-05-23T07:50:24+00:00","description":"K\u00f6p Makers Blacksmith Edition. Snabba leveranser & bra priser. Sveriges st\u00f6rsta sortiment av kortlekar p\u00e5 Kortleksbolaget!","breadcrumb":{"@id":"https:\/\/kortleksbolaget.se\/da\/produkt\/makers-blacksmith-edition\/#breadcrumb"},"inLanguage":"da-DK","potentialAction":[{"@type":"ReadAction","target":["https:\/\/kortleksbolaget.se\/da\/produkt\/makers-blacksmith-edition\/"]}]},{"@type":"ImageObject","inLanguage":"da-DK","@id":"https:\/\/kortleksbolaget.se\/da\/produkt\/makers-blacksmith-edition\/#primaryimage","url":"https:\/\/kortleksbolaget.se\/wp-content\/uploads\/makers-black-1.jpg","contentUrl":"https:\/\/kortleksbolaget.se\/wp-content\/uploads\/makers-black-1.jpg","width":570,"height":855},{"@type":"BreadcrumbList","@id":"https:\/\/kortleksbolaget.se\/da\/produkt\/makers-blacksmith-edition\/#breadcrumb","itemListElement":[{"@type":"ListItem","position":1,"name":"Hem","item":"https:\/\/kortleksbolaget.se\/da\/"},{"@type":"ListItem","position":2,"name":"Shop","item":"https:\/\/kortleksbolaget.se\/da\/shop-2\/"},{"@type":"ListItem","position":3,"name":"Makers Blacksmith Edition"}]},{"@type":"WebSite","@id":"https:\/\/kortleksbolaget.se\/da\/#website","url":"https:\/\/kortleksbolaget.se\/da\/","name":"Kortleksbolaget","description":"Kortlekar p\u00e5 n\u00e4tet","publisher":{"@id":"https:\/\/kortleksbolaget.se\/da\/#organization"},"potentialAction":[{"@type":"SearchAction","target":{"@type":"EntryPoint","urlTemplate":"https:\/\/kortleksbolaget.se\/da\/?s={search_term_string}"},"query-input":{"@type":"PropertyValueSpecification","valueRequired":true,"valueName":"search_term_string"}}],"inLanguage":"da-DK"},{"@type":"Organization","@id":"https:\/\/kortleksbolaget.se\/da\/#organization","name":"Kortleksbolaget","url":"https:\/\/kortleksbolaget.se\/da\/","logo":{"@type":"ImageObject","inLanguage":"da-DK","@id":"https:\/\/kortleksbolaget.se\/da\/#\/schema\/logo\/image\/","url":"https:\/\/kortleksbolaget.se\/wp-content\/uploads\/kortleksbolaget_logo-svart.png","contentUrl":"https:\/\/kortleksbolaget.se\/wp-content\/uploads\/kortleksbolaget_logo-svart.png","width":1200,"height":296,"caption":"Kortleksbolaget"},"image":{"@id":"https:\/\/kortleksbolaget.se\/da\/#\/schema\/logo\/image\/"}}]}},"_links":{"self":[{"href":"https:\/\/kortleksbolaget.se\/da\/wp-json\/wp\/v2\/product\/42535","targetHints":{"allow":["GET"]}}],"collection":[{"href":"https:\/\/kortleksbolaget.se\/da\/wp-json\/wp\/v2\/product"}],"about":[{"href":"https:\/\/kortleksbolaget.se\/da\/wp-json\/wp\/v2\/types\/product"}],"wp:featuredmedia":[{"embeddable":true,"href":"https:\/\/kortleksbolaget.se\/da\/wp-json\/wp\/v2\/media\/36911"}],"wp:attachment":[{"href":"https:\/\/kortleksbolaget.se\/da\/wp-json\/wp\/v2\/media?parent=42535"}],"wp:term":[{"taxonomy":"product_brand","embeddable":true,"href":"https:\/\/kortleksbolaget.se\/da\/wp-json\/wp\/v2\/product_brand?post=42535"},{"taxonomy":"product_cat","embeddable":true,"href":"https:\/\/kortleksbolaget.se\/da\/wp-json\/wp\/v2\/product_cat?post=42535"},{"taxonomy":"product_tag","embeddable":true,"href":"https:\/\/kortleksbolaget.se\/da\/wp-json\/wp\/v2\/product_tag?post=42535"}],"curies":[{"name":"wp","href":"https:\/\/api.w.org\/{rel}","templated":true}]}}