{"id":42583,"date":"2020-05-12T12:26:40","date_gmt":"2020-05-12T10:26:40","guid":{"rendered":"https:\/\/kortleksbolaget.se\/nyasidan2021\/produkt\/bicycle-escape-map\/"},"modified":"2021-04-11T18:03:31","modified_gmt":"2021-04-11T16:03:31","slug":"bicycle-escape-map","status":"publish","type":"product","link":"https:\/\/kortleksbolaget.se\/da\/produkt\/bicycle-escape-map\/","title":{"rendered":"Bicycle Escape Map"},"content":{"rendered":"","protected":false},"excerpt":{"rendered":"<div class=\"oSioSc\">\n<div id=\"tw-target\">\n<div id=\"kAz1tf\" class=\"g9WsWb\">\n<div id=\"tw-target-text-container\" class=\"tw-ta-container hide-focus-ring tw-nfl\" tabindex=\"0\">\n<p>During World War II, the United States Playing Card Company collaborated with American and British intelligence agencies to help Allied POWs escape from German imprisonment with an absolutely remarkable custom deck of cards.<\/p>\n<p>The original <b>\u201cMap Deck\u201d<\/b> featured a map of top-secret escape routes masterfully hidden between its paper layers. By soaking the cards in water, these layers could be separated revealing a life-saving guide to safety for many prisoners.<\/p>\n<p>In the stressful years following the completion of the war when war crimes were being heavily prosecuted, these decks remained a closely-guarded secret. Even when their existence was finally acknowledged, it wasn\u2019t made public how many were ever produced or how many decks could possibly remain. The only known existing deck is currntly on display at the Spy Museum in Washington D.C.<\/p>\n<p>These amazing collectable <b>Bicycle Escape Map Playing Cards<\/b> are a lovely tribute to the original Map Deck and the individuals it saved. While there is no map printed on the interior of the cards, there is one visible on each of the completely customized faces that forms an incredible, full map when organized in a particular order.<\/p>\n<p><b>Bicycle Escape Map Playing Cards<\/b> are proudly printed in the United States by the USPCC on premium stock with a quality finish. See pictures below.<\/p>\n<p id=\"tw-target-text\" class=\"tw-data-text tw-text-large tw-ta\" dir=\"ltr\" data-placeholder=\"\u00d6vers\u00e4ttning\"><span lang=\"sv\">\u00a0<\/span><\/p>\n<\/div>\n<div id=\"tw-target-rmn-container\" class=\"tw-ta-container hide-focus-ring tw-nfl\">\n<pre id=\"tw-target-rmn\" class=\"tw-data-placeholder tw-text-small tw-ta\" dir=\"ltr\" data-placeholder=\"\"><\/pre>\n<\/div>\n<\/div>\n<\/div>\n<\/div>\n<p> [&#8230;]<\/p>\n<p><a class=\"btn btn-secondary understrap-read-more-link\" href=\"https:\/\/kortleksbolaget.se\/da\/produkt\/bicycle-escape-map\/\">L\u00e6s mere&#8230;<span class=\"screen-reader-text\"> from Bicycle Escape Map<\/span><\/a><\/p>\n","protected":false},"featured_media":36587,"template":"","meta":{"_acf_changed":false},"product_brand":[],"product_cat":[231],"product_tag":[],"class_list":{"0":"post-42583","1":"product","2":"type-product","3":"status-publish","4":"has-post-thumbnail","6":"varumarke-bicycle-da","7":"varumarke-uspcc-da","8":"product_cat-special-luksus-limited-da","10":"first","11":"outofstock","12":"taxable","13":"shipping-taxable","14":"purchasable","15":"product-type-simple"},"acf":[],"yoast_head":"<!-- This site is optimized with the Yoast SEO plugin v26.3 - https:\/\/yoast.com\/wordpress\/plugins\/seo\/ -->\n<title>Kortlek Bicycle Escape Map | Kortleksbolaget<\/title>\n<meta name=\"description\" content=\"K\u00f6p Bicycle Escape Map. Snabba leveranser &amp; bra priser. Sveriges st\u00f6rsta sortiment av kortlekar p\u00e5 Kortleksbolaget!\" \/>\n<meta name=\"robots\" content=\"index, follow, max-snippet:-1, max-image-preview:large, max-video-preview:-1\" \/>\n<link rel=\"canonical\" href=\"https:\/\/kortleksbolaget.se\/da\/produkt\/bicycle-escape-map\/\" \/>\n<meta property=\"og:locale\" content=\"da_DK\" \/>\n<meta property=\"og:type\" content=\"article\" \/>\n<meta property=\"og:title\" content=\"Kortlek Bicycle Escape Map | Kortleksbolaget\" \/>\n<meta property=\"og:description\" content=\"K\u00f6p Bicycle Escape Map. Snabba leveranser &amp; bra priser. Sveriges st\u00f6rsta sortiment av kortlekar p\u00e5 Kortleksbolaget!\" \/>\n<meta property=\"og:url\" content=\"https:\/\/kortleksbolaget.se\/da\/produkt\/bicycle-escape-map\/\" \/>\n<meta property=\"og:site_name\" content=\"Kortleksbolaget\" \/>\n<meta property=\"article:modified_time\" content=\"2021-04-11T16:03:31+00:00\" \/>\n<meta property=\"og:image\" content=\"https:\/\/kortleksbolaget.se\/wp-content\/uploads\/bicycle-escape-map-1.jpg\" \/>\n\t<meta property=\"og:image:width\" content=\"590\" \/>\n\t<meta property=\"og:image:height\" content=\"885\" \/>\n\t<meta property=\"og:image:type\" content=\"image\/jpeg\" \/>\n<meta name=\"twitter:card\" content=\"summary_large_image\" \/>\n<script type=\"application\/ld+json\" class=\"yoast-schema-graph\">{\"@context\":\"https:\/\/schema.org\",\"@graph\":[{\"@type\":\"WebPage\",\"@id\":\"https:\/\/kortleksbolaget.se\/da\/produkt\/bicycle-escape-map\/\",\"url\":\"https:\/\/kortleksbolaget.se\/da\/produkt\/bicycle-escape-map\/\",\"name\":\"Kortlek Bicycle Escape Map | Kortleksbolaget\",\"isPartOf\":{\"@id\":\"https:\/\/kortleksbolaget.se\/da\/#website\"},\"primaryImageOfPage\":{\"@id\":\"https:\/\/kortleksbolaget.se\/da\/produkt\/bicycle-escape-map\/#primaryimage\"},\"image\":{\"@id\":\"https:\/\/kortleksbolaget.se\/da\/produkt\/bicycle-escape-map\/#primaryimage\"},\"thumbnailUrl\":\"https:\/\/kortleksbolaget.se\/wp-content\/uploads\/bicycle-escape-map-1.jpg\",\"datePublished\":\"2020-05-12T10:26:40+00:00\",\"dateModified\":\"2021-04-11T16:03:31+00:00\",\"description\":\"K\u00f6p Bicycle Escape Map. Snabba leveranser & bra priser. Sveriges st\u00f6rsta sortiment av kortlekar p\u00e5 Kortleksbolaget!\",\"breadcrumb\":{\"@id\":\"https:\/\/kortleksbolaget.se\/da\/produkt\/bicycle-escape-map\/#breadcrumb\"},\"inLanguage\":\"da-DK\",\"potentialAction\":[{\"@type\":\"ReadAction\",\"target\":[\"https:\/\/kortleksbolaget.se\/da\/produkt\/bicycle-escape-map\/\"]}]},{\"@type\":\"ImageObject\",\"inLanguage\":\"da-DK\",\"@id\":\"https:\/\/kortleksbolaget.se\/da\/produkt\/bicycle-escape-map\/#primaryimage\",\"url\":\"https:\/\/kortleksbolaget.se\/wp-content\/uploads\/bicycle-escape-map-1.jpg\",\"contentUrl\":\"https:\/\/kortleksbolaget.se\/wp-content\/uploads\/bicycle-escape-map-1.jpg\",\"width\":590,\"height\":885},{\"@type\":\"BreadcrumbList\",\"@id\":\"https:\/\/kortleksbolaget.se\/da\/produkt\/bicycle-escape-map\/#breadcrumb\",\"itemListElement\":[{\"@type\":\"ListItem\",\"position\":1,\"name\":\"Hem\",\"item\":\"https:\/\/kortleksbolaget.se\/da\/\"},{\"@type\":\"ListItem\",\"position\":2,\"name\":\"Shop\",\"item\":\"https:\/\/kortleksbolaget.se\/da\/shop-2\/\"},{\"@type\":\"ListItem\",\"position\":3,\"name\":\"Bicycle Escape Map\"}]},{\"@type\":\"WebSite\",\"@id\":\"https:\/\/kortleksbolaget.se\/da\/#website\",\"url\":\"https:\/\/kortleksbolaget.se\/da\/\",\"name\":\"Kortleksbolaget\",\"description\":\"Kortlekar p\u00e5 n\u00e4tet\",\"publisher\":{\"@id\":\"https:\/\/kortleksbolaget.se\/da\/#organization\"},\"potentialAction\":[{\"@type\":\"SearchAction\",\"target\":{\"@type\":\"EntryPoint\",\"urlTemplate\":\"https:\/\/kortleksbolaget.se\/da\/?s={search_term_string}\"},\"query-input\":{\"@type\":\"PropertyValueSpecification\",\"valueRequired\":true,\"valueName\":\"search_term_string\"}}],\"inLanguage\":\"da-DK\"},{\"@type\":\"Organization\",\"@id\":\"https:\/\/kortleksbolaget.se\/da\/#organization\",\"name\":\"Kortleksbolaget\",\"url\":\"https:\/\/kortleksbolaget.se\/da\/\",\"logo\":{\"@type\":\"ImageObject\",\"inLanguage\":\"da-DK\",\"@id\":\"https:\/\/kortleksbolaget.se\/da\/#\/schema\/logo\/image\/\",\"url\":\"https:\/\/kortleksbolaget.se\/wp-content\/uploads\/kortleksbolaget_logo-svart.png\",\"contentUrl\":\"https:\/\/kortleksbolaget.se\/wp-content\/uploads\/kortleksbolaget_logo-svart.png\",\"width\":1200,\"height\":296,\"caption\":\"Kortleksbolaget\"},\"image\":{\"@id\":\"https:\/\/kortleksbolaget.se\/da\/#\/schema\/logo\/image\/\"}}]}<\/script>\n<!-- \/ Yoast SEO plugin. -->","yoast_head_json":{"title":"Kortlek Bicycle Escape Map | Kortleksbolaget","description":"K\u00f6p Bicycle Escape Map. Snabba leveranser & bra priser. Sveriges st\u00f6rsta sortiment av kortlekar p\u00e5 Kortleksbolaget!","robots":{"index":"index","follow":"follow","max-snippet":"max-snippet:-1","max-image-preview":"max-image-preview:large","max-video-preview":"max-video-preview:-1"},"canonical":"https:\/\/kortleksbolaget.se\/da\/produkt\/bicycle-escape-map\/","og_locale":"da_DK","og_type":"article","og_title":"Kortlek Bicycle Escape Map | Kortleksbolaget","og_description":"K\u00f6p Bicycle Escape Map. Snabba leveranser & bra priser. Sveriges st\u00f6rsta sortiment av kortlekar p\u00e5 Kortleksbolaget!","og_url":"https:\/\/kortleksbolaget.se\/da\/produkt\/bicycle-escape-map\/","og_site_name":"Kortleksbolaget","article_modified_time":"2021-04-11T16:03:31+00:00","og_image":[{"width":590,"height":885,"url":"https:\/\/kortleksbolaget.se\/wp-content\/uploads\/bicycle-escape-map-1.jpg","type":"image\/jpeg"}],"twitter_card":"summary_large_image","schema":{"@context":"https:\/\/schema.org","@graph":[{"@type":"WebPage","@id":"https:\/\/kortleksbolaget.se\/da\/produkt\/bicycle-escape-map\/","url":"https:\/\/kortleksbolaget.se\/da\/produkt\/bicycle-escape-map\/","name":"Kortlek Bicycle Escape Map | Kortleksbolaget","isPartOf":{"@id":"https:\/\/kortleksbolaget.se\/da\/#website"},"primaryImageOfPage":{"@id":"https:\/\/kortleksbolaget.se\/da\/produkt\/bicycle-escape-map\/#primaryimage"},"image":{"@id":"https:\/\/kortleksbolaget.se\/da\/produkt\/bicycle-escape-map\/#primaryimage"},"thumbnailUrl":"https:\/\/kortleksbolaget.se\/wp-content\/uploads\/bicycle-escape-map-1.jpg","datePublished":"2020-05-12T10:26:40+00:00","dateModified":"2021-04-11T16:03:31+00:00","description":"K\u00f6p Bicycle Escape Map. Snabba leveranser & bra priser. Sveriges st\u00f6rsta sortiment av kortlekar p\u00e5 Kortleksbolaget!","breadcrumb":{"@id":"https:\/\/kortleksbolaget.se\/da\/produkt\/bicycle-escape-map\/#breadcrumb"},"inLanguage":"da-DK","potentialAction":[{"@type":"ReadAction","target":["https:\/\/kortleksbolaget.se\/da\/produkt\/bicycle-escape-map\/"]}]},{"@type":"ImageObject","inLanguage":"da-DK","@id":"https:\/\/kortleksbolaget.se\/da\/produkt\/bicycle-escape-map\/#primaryimage","url":"https:\/\/kortleksbolaget.se\/wp-content\/uploads\/bicycle-escape-map-1.jpg","contentUrl":"https:\/\/kortleksbolaget.se\/wp-content\/uploads\/bicycle-escape-map-1.jpg","width":590,"height":885},{"@type":"BreadcrumbList","@id":"https:\/\/kortleksbolaget.se\/da\/produkt\/bicycle-escape-map\/#breadcrumb","itemListElement":[{"@type":"ListItem","position":1,"name":"Hem","item":"https:\/\/kortleksbolaget.se\/da\/"},{"@type":"ListItem","position":2,"name":"Shop","item":"https:\/\/kortleksbolaget.se\/da\/shop-2\/"},{"@type":"ListItem","position":3,"name":"Bicycle Escape Map"}]},{"@type":"WebSite","@id":"https:\/\/kortleksbolaget.se\/da\/#website","url":"https:\/\/kortleksbolaget.se\/da\/","name":"Kortleksbolaget","description":"Kortlekar p\u00e5 n\u00e4tet","publisher":{"@id":"https:\/\/kortleksbolaget.se\/da\/#organization"},"potentialAction":[{"@type":"SearchAction","target":{"@type":"EntryPoint","urlTemplate":"https:\/\/kortleksbolaget.se\/da\/?s={search_term_string}"},"query-input":{"@type":"PropertyValueSpecification","valueRequired":true,"valueName":"search_term_string"}}],"inLanguage":"da-DK"},{"@type":"Organization","@id":"https:\/\/kortleksbolaget.se\/da\/#organization","name":"Kortleksbolaget","url":"https:\/\/kortleksbolaget.se\/da\/","logo":{"@type":"ImageObject","inLanguage":"da-DK","@id":"https:\/\/kortleksbolaget.se\/da\/#\/schema\/logo\/image\/","url":"https:\/\/kortleksbolaget.se\/wp-content\/uploads\/kortleksbolaget_logo-svart.png","contentUrl":"https:\/\/kortleksbolaget.se\/wp-content\/uploads\/kortleksbolaget_logo-svart.png","width":1200,"height":296,"caption":"Kortleksbolaget"},"image":{"@id":"https:\/\/kortleksbolaget.se\/da\/#\/schema\/logo\/image\/"}}]}},"_links":{"self":[{"href":"https:\/\/kortleksbolaget.se\/da\/wp-json\/wp\/v2\/product\/42583","targetHints":{"allow":["GET"]}}],"collection":[{"href":"https:\/\/kortleksbolaget.se\/da\/wp-json\/wp\/v2\/product"}],"about":[{"href":"https:\/\/kortleksbolaget.se\/da\/wp-json\/wp\/v2\/types\/product"}],"wp:featuredmedia":[{"embeddable":true,"href":"https:\/\/kortleksbolaget.se\/da\/wp-json\/wp\/v2\/media\/36587"}],"wp:attachment":[{"href":"https:\/\/kortleksbolaget.se\/da\/wp-json\/wp\/v2\/media?parent=42583"}],"wp:term":[{"taxonomy":"product_brand","embeddable":true,"href":"https:\/\/kortleksbolaget.se\/da\/wp-json\/wp\/v2\/product_brand?post=42583"},{"taxonomy":"product_cat","embeddable":true,"href":"https:\/\/kortleksbolaget.se\/da\/wp-json\/wp\/v2\/product_cat?post=42583"},{"taxonomy":"product_tag","embeddable":true,"href":"https:\/\/kortleksbolaget.se\/da\/wp-json\/wp\/v2\/product_tag?post=42583"}],"curies":[{"name":"wp","href":"https:\/\/api.w.org\/{rel}","templated":true}]}}