{"id":42845,"date":"2019-12-21T23:04:00","date_gmt":"2019-12-21T22:04:00","guid":{"rendered":"https:\/\/kortleksbolaget.se\/nyasidan2021\/produkt\/star-wars-light-side\/"},"modified":"2022-10-27T16:26:53","modified_gmt":"2022-10-27T14:26:53","slug":"star-wars-light-side","status":"publish","type":"product","link":"https:\/\/kortleksbolaget.se\/da\/produkt\/star-wars-light-side\/","title":{"rendered":"Star Wars Light Side"},"content":{"rendered":"","protected":false},"excerpt":{"rendered":"<p><b>THE LIGHT SIDE<\/b><br \/>\nJoin Jedi Knights, climb aboard the Millennium Falcon, and become a Rebel or Resistance hero. The Light Side deck features Luke Skywalker&#8217;s light saber, R2-D2, and fighters from the Rebel fleet.<br \/>\n&#8220;May the Force be with you.&#8221;<\/p>\n<p><b>The Box<\/b><br \/>\nEMBOSSED AND FOIL STAMPED<br \/>\nThe outer packaging is breathtaking, with striking, vibrant blue foil &#8211; mixed with clear, reflective foil that creates the illusion of the Millennium Falcon cockpit window.<\/p>\n<p><b>Inside The Blue Box<\/b><br \/>\nALL CUSTOM COURT CARDS<br \/>\nBoth decks have the same set of 12 court cards, with iconic Light Side and Dark Side characters. Each card features detailed depictions of these iconic characters. On the Light Side: Rey, Leia Organa, Han Solo, Luke Skywalker, and more.<\/p>\n<p><b>About The Cards<\/b><br \/>\nMADE IN AMERICA<br \/>\nThe cards themselves are made in the USA &#8211; printed on FSC-certified paper derived from sustainable forests, vegetable-based inks, and starch-based laminates.<\/p>\n<p><b>The Back Design<\/b><br \/>\nLOADED WITH LIGHT SIDE DETAILS<br \/>\nAcross the blue back design, catch countless details &#8211; from the top of R2-D2 to the Rebel Alliance symbol. In the center, a repeating pattern of X-wing star fighters supports two light sabers on each side edge. See pictures below. [&#8230;]<\/p>\n<p><a class=\"btn btn-secondary understrap-read-more-link\" href=\"https:\/\/kortleksbolaget.se\/da\/produkt\/star-wars-light-side\/\">L\u00e6s mere&#8230;<span class=\"screen-reader-text\"> from Star Wars Light Side<\/span><\/a><\/p>\n","protected":false},"featured_media":33758,"template":"","meta":{"_acf_changed":false},"product_brand":[],"product_cat":[231],"product_tag":[],"class_list":{"0":"post-42845","1":"product","2":"type-product","3":"status-publish","4":"has-post-thumbnail","6":"varumarke-theory11-da","7":"product_cat-special-luksus-limited-da","9":"first","10":"instock","11":"taxable","12":"shipping-taxable","13":"purchasable","14":"product-type-simple"},"acf":[],"yoast_head":"<!-- This site is optimized with the Yoast SEO plugin v26.3 - https:\/\/yoast.com\/wordpress\/plugins\/seo\/ -->\n<title>Kortlek Star Wars Light Side | Kortleksbolaget<\/title>\n<meta name=\"description\" content=\"K\u00f6p Star Wars Light Side. Snabba leveranser &amp; bra priser. Sveriges st\u00f6rsta sortiment av kortlekar p\u00e5 Kortleksbolaget!\" \/>\n<meta name=\"robots\" content=\"index, follow, max-snippet:-1, max-image-preview:large, max-video-preview:-1\" \/>\n<link rel=\"canonical\" href=\"https:\/\/kortleksbolaget.se\/da\/produkt\/star-wars-light-side\/\" \/>\n<meta property=\"og:locale\" content=\"da_DK\" \/>\n<meta property=\"og:type\" content=\"article\" \/>\n<meta property=\"og:title\" content=\"Kortlek Star Wars Light Side | Kortleksbolaget\" \/>\n<meta property=\"og:description\" content=\"K\u00f6p Star Wars Light Side. Snabba leveranser &amp; bra priser. Sveriges st\u00f6rsta sortiment av kortlekar p\u00e5 Kortleksbolaget!\" \/>\n<meta property=\"og:url\" content=\"https:\/\/kortleksbolaget.se\/da\/produkt\/star-wars-light-side\/\" \/>\n<meta property=\"og:site_name\" content=\"Kortleksbolaget\" \/>\n<meta property=\"article:modified_time\" content=\"2022-10-27T14:26:53+00:00\" \/>\n<meta property=\"og:image\" content=\"https:\/\/kortleksbolaget.se\/wp-content\/uploads\/starwars-playingcards-1.jpg\" \/>\n\t<meta property=\"og:image:width\" content=\"520\" \/>\n\t<meta property=\"og:image:height\" content=\"780\" \/>\n\t<meta property=\"og:image:type\" content=\"image\/jpeg\" \/>\n<meta name=\"twitter:card\" content=\"summary_large_image\" \/>\n<script type=\"application\/ld+json\" class=\"yoast-schema-graph\">{\"@context\":\"https:\/\/schema.org\",\"@graph\":[{\"@type\":\"WebPage\",\"@id\":\"https:\/\/kortleksbolaget.se\/da\/produkt\/star-wars-light-side\/\",\"url\":\"https:\/\/kortleksbolaget.se\/da\/produkt\/star-wars-light-side\/\",\"name\":\"Kortlek Star Wars Light Side | Kortleksbolaget\",\"isPartOf\":{\"@id\":\"https:\/\/kortleksbolaget.se\/da\/#website\"},\"primaryImageOfPage\":{\"@id\":\"https:\/\/kortleksbolaget.se\/da\/produkt\/star-wars-light-side\/#primaryimage\"},\"image\":{\"@id\":\"https:\/\/kortleksbolaget.se\/da\/produkt\/star-wars-light-side\/#primaryimage\"},\"thumbnailUrl\":\"https:\/\/kortleksbolaget.se\/wp-content\/uploads\/starwars-playingcards-1.jpg\",\"datePublished\":\"2019-12-21T22:04:00+00:00\",\"dateModified\":\"2022-10-27T14:26:53+00:00\",\"description\":\"K\u00f6p Star Wars Light Side. Snabba leveranser & bra priser. Sveriges st\u00f6rsta sortiment av kortlekar p\u00e5 Kortleksbolaget!\",\"breadcrumb\":{\"@id\":\"https:\/\/kortleksbolaget.se\/da\/produkt\/star-wars-light-side\/#breadcrumb\"},\"inLanguage\":\"da-DK\",\"potentialAction\":[{\"@type\":\"ReadAction\",\"target\":[\"https:\/\/kortleksbolaget.se\/da\/produkt\/star-wars-light-side\/\"]}]},{\"@type\":\"ImageObject\",\"inLanguage\":\"da-DK\",\"@id\":\"https:\/\/kortleksbolaget.se\/da\/produkt\/star-wars-light-side\/#primaryimage\",\"url\":\"https:\/\/kortleksbolaget.se\/wp-content\/uploads\/starwars-playingcards-1.jpg\",\"contentUrl\":\"https:\/\/kortleksbolaget.se\/wp-content\/uploads\/starwars-playingcards-1.jpg\",\"width\":520,\"height\":780,\"caption\":\"Star Wars Red\"},{\"@type\":\"BreadcrumbList\",\"@id\":\"https:\/\/kortleksbolaget.se\/da\/produkt\/star-wars-light-side\/#breadcrumb\",\"itemListElement\":[{\"@type\":\"ListItem\",\"position\":1,\"name\":\"Hem\",\"item\":\"https:\/\/kortleksbolaget.se\/da\/\"},{\"@type\":\"ListItem\",\"position\":2,\"name\":\"Shop\",\"item\":\"https:\/\/kortleksbolaget.se\/da\/shop-2\/\"},{\"@type\":\"ListItem\",\"position\":3,\"name\":\"Star Wars Light Side\"}]},{\"@type\":\"WebSite\",\"@id\":\"https:\/\/kortleksbolaget.se\/da\/#website\",\"url\":\"https:\/\/kortleksbolaget.se\/da\/\",\"name\":\"Kortleksbolaget\",\"description\":\"Kortlekar p\u00e5 n\u00e4tet\",\"publisher\":{\"@id\":\"https:\/\/kortleksbolaget.se\/da\/#organization\"},\"potentialAction\":[{\"@type\":\"SearchAction\",\"target\":{\"@type\":\"EntryPoint\",\"urlTemplate\":\"https:\/\/kortleksbolaget.se\/da\/?s={search_term_string}\"},\"query-input\":{\"@type\":\"PropertyValueSpecification\",\"valueRequired\":true,\"valueName\":\"search_term_string\"}}],\"inLanguage\":\"da-DK\"},{\"@type\":\"Organization\",\"@id\":\"https:\/\/kortleksbolaget.se\/da\/#organization\",\"name\":\"Kortleksbolaget\",\"url\":\"https:\/\/kortleksbolaget.se\/da\/\",\"logo\":{\"@type\":\"ImageObject\",\"inLanguage\":\"da-DK\",\"@id\":\"https:\/\/kortleksbolaget.se\/da\/#\/schema\/logo\/image\/\",\"url\":\"https:\/\/kortleksbolaget.se\/wp-content\/uploads\/kortleksbolaget_logo-svart.png\",\"contentUrl\":\"https:\/\/kortleksbolaget.se\/wp-content\/uploads\/kortleksbolaget_logo-svart.png\",\"width\":1200,\"height\":296,\"caption\":\"Kortleksbolaget\"},\"image\":{\"@id\":\"https:\/\/kortleksbolaget.se\/da\/#\/schema\/logo\/image\/\"}}]}<\/script>\n<!-- \/ Yoast SEO plugin. -->","yoast_head_json":{"title":"Kortlek Star Wars Light Side | Kortleksbolaget","description":"K\u00f6p Star Wars Light Side. Snabba leveranser & bra priser. Sveriges st\u00f6rsta sortiment av kortlekar p\u00e5 Kortleksbolaget!","robots":{"index":"index","follow":"follow","max-snippet":"max-snippet:-1","max-image-preview":"max-image-preview:large","max-video-preview":"max-video-preview:-1"},"canonical":"https:\/\/kortleksbolaget.se\/da\/produkt\/star-wars-light-side\/","og_locale":"da_DK","og_type":"article","og_title":"Kortlek Star Wars Light Side | Kortleksbolaget","og_description":"K\u00f6p Star Wars Light Side. Snabba leveranser & bra priser. Sveriges st\u00f6rsta sortiment av kortlekar p\u00e5 Kortleksbolaget!","og_url":"https:\/\/kortleksbolaget.se\/da\/produkt\/star-wars-light-side\/","og_site_name":"Kortleksbolaget","article_modified_time":"2022-10-27T14:26:53+00:00","og_image":[{"width":520,"height":780,"url":"https:\/\/kortleksbolaget.se\/wp-content\/uploads\/starwars-playingcards-1.jpg","type":"image\/jpeg"}],"twitter_card":"summary_large_image","schema":{"@context":"https:\/\/schema.org","@graph":[{"@type":"WebPage","@id":"https:\/\/kortleksbolaget.se\/da\/produkt\/star-wars-light-side\/","url":"https:\/\/kortleksbolaget.se\/da\/produkt\/star-wars-light-side\/","name":"Kortlek Star Wars Light Side | Kortleksbolaget","isPartOf":{"@id":"https:\/\/kortleksbolaget.se\/da\/#website"},"primaryImageOfPage":{"@id":"https:\/\/kortleksbolaget.se\/da\/produkt\/star-wars-light-side\/#primaryimage"},"image":{"@id":"https:\/\/kortleksbolaget.se\/da\/produkt\/star-wars-light-side\/#primaryimage"},"thumbnailUrl":"https:\/\/kortleksbolaget.se\/wp-content\/uploads\/starwars-playingcards-1.jpg","datePublished":"2019-12-21T22:04:00+00:00","dateModified":"2022-10-27T14:26:53+00:00","description":"K\u00f6p Star Wars Light Side. Snabba leveranser & bra priser. Sveriges st\u00f6rsta sortiment av kortlekar p\u00e5 Kortleksbolaget!","breadcrumb":{"@id":"https:\/\/kortleksbolaget.se\/da\/produkt\/star-wars-light-side\/#breadcrumb"},"inLanguage":"da-DK","potentialAction":[{"@type":"ReadAction","target":["https:\/\/kortleksbolaget.se\/da\/produkt\/star-wars-light-side\/"]}]},{"@type":"ImageObject","inLanguage":"da-DK","@id":"https:\/\/kortleksbolaget.se\/da\/produkt\/star-wars-light-side\/#primaryimage","url":"https:\/\/kortleksbolaget.se\/wp-content\/uploads\/starwars-playingcards-1.jpg","contentUrl":"https:\/\/kortleksbolaget.se\/wp-content\/uploads\/starwars-playingcards-1.jpg","width":520,"height":780,"caption":"Star Wars Red"},{"@type":"BreadcrumbList","@id":"https:\/\/kortleksbolaget.se\/da\/produkt\/star-wars-light-side\/#breadcrumb","itemListElement":[{"@type":"ListItem","position":1,"name":"Hem","item":"https:\/\/kortleksbolaget.se\/da\/"},{"@type":"ListItem","position":2,"name":"Shop","item":"https:\/\/kortleksbolaget.se\/da\/shop-2\/"},{"@type":"ListItem","position":3,"name":"Star Wars Light Side"}]},{"@type":"WebSite","@id":"https:\/\/kortleksbolaget.se\/da\/#website","url":"https:\/\/kortleksbolaget.se\/da\/","name":"Kortleksbolaget","description":"Kortlekar p\u00e5 n\u00e4tet","publisher":{"@id":"https:\/\/kortleksbolaget.se\/da\/#organization"},"potentialAction":[{"@type":"SearchAction","target":{"@type":"EntryPoint","urlTemplate":"https:\/\/kortleksbolaget.se\/da\/?s={search_term_string}"},"query-input":{"@type":"PropertyValueSpecification","valueRequired":true,"valueName":"search_term_string"}}],"inLanguage":"da-DK"},{"@type":"Organization","@id":"https:\/\/kortleksbolaget.se\/da\/#organization","name":"Kortleksbolaget","url":"https:\/\/kortleksbolaget.se\/da\/","logo":{"@type":"ImageObject","inLanguage":"da-DK","@id":"https:\/\/kortleksbolaget.se\/da\/#\/schema\/logo\/image\/","url":"https:\/\/kortleksbolaget.se\/wp-content\/uploads\/kortleksbolaget_logo-svart.png","contentUrl":"https:\/\/kortleksbolaget.se\/wp-content\/uploads\/kortleksbolaget_logo-svart.png","width":1200,"height":296,"caption":"Kortleksbolaget"},"image":{"@id":"https:\/\/kortleksbolaget.se\/da\/#\/schema\/logo\/image\/"}}]}},"_links":{"self":[{"href":"https:\/\/kortleksbolaget.se\/da\/wp-json\/wp\/v2\/product\/42845","targetHints":{"allow":["GET"]}}],"collection":[{"href":"https:\/\/kortleksbolaget.se\/da\/wp-json\/wp\/v2\/product"}],"about":[{"href":"https:\/\/kortleksbolaget.se\/da\/wp-json\/wp\/v2\/types\/product"}],"wp:featuredmedia":[{"embeddable":true,"href":"https:\/\/kortleksbolaget.se\/da\/wp-json\/wp\/v2\/media\/33758"}],"wp:attachment":[{"href":"https:\/\/kortleksbolaget.se\/da\/wp-json\/wp\/v2\/media?parent=42845"}],"wp:term":[{"taxonomy":"product_brand","embeddable":true,"href":"https:\/\/kortleksbolaget.se\/da\/wp-json\/wp\/v2\/product_brand?post=42845"},{"taxonomy":"product_cat","embeddable":true,"href":"https:\/\/kortleksbolaget.se\/da\/wp-json\/wp\/v2\/product_cat?post=42845"},{"taxonomy":"product_tag","embeddable":true,"href":"https:\/\/kortleksbolaget.se\/da\/wp-json\/wp\/v2\/product_tag?post=42845"}],"curies":[{"name":"wp","href":"https:\/\/api.w.org\/{rel}","templated":true}]}}