{"id":43051,"date":"2019-10-02T15:57:04","date_gmt":"2019-10-02T13:57:04","guid":{"rendered":"https:\/\/kortleksbolaget.se\/nyasidan2021\/produkt\/limited-edition-the-expert-at-the-card-table-green\/"},"modified":"2020-12-10T17:06:34","modified_gmt":"2020-12-10T16:06:34","slug":"limited-edition-the-expert-at-the-card-table-green","status":"publish","type":"product","link":"https:\/\/kortleksbolaget.se\/da\/produkt\/limited-edition-the-expert-at-the-card-table-green\/","title":{"rendered":"Limited Edition The Expert at the Card Table &#8211; Green"},"content":{"rendered":"","protected":false},"excerpt":{"rendered":"<div class=\"oSioSc\">\n<div id=\"tw-target\">\n<div id=\"kAz1tf\" class=\"g9WsWb\">\n<div id=\"tw-target-text-container\" class=\"tw-ta-container tw-nfl\">\n<div class=\"ItemMainBox\">\n<div id=\"ctl00_Content_ProductDetailPanel\">\n<div id=\"ProductDetails\" class=\"ProductDetailsBody\">\n<div id=\"CobaltProductPage_ItemDesc\" class=\"ItemDetailDescription\"><b>LIMITED EDITION: Only 1500 printed! Will NOT be reprinted.<\/b><\/p>\n<div id=\"DescriptionPanel\">\nThe deck back design is different from the classic diamond-backed pattern without deviating from the classic style. The back design forms a pattern using the alphabet &#8220;E&#8221; from the word, &#8220;Expert.&#8221; The deck is not just dedicated to S.W.Erdnase, but to everyone who has been giving their 100% to the respective art form they love and strive to be better than yesterday!!!<\/p>\n<p>E for Expert, E is Erdnase!!!<\/p>\n<p>The cards are available in 2 colors &#8212; Green and White &#8212; and includes white borders. The tuck has the alphabet S. &amp; W. on the Green and White Edition, respectively. See pictures below.<\/p>\n<p>Includes:<\/p>\n<ul>\n<li>2 custom Jokers (Gaff Joker)<\/li>\n<li>Custom Ace of Spades<\/li>\n<li>Green\/White Double Backer<\/li>\n<li>Deck Design Matching Double Backer<\/li>\n<li>Velvet Feel Tuck Box<\/li>\n<\/ul>\n<\/div>\n<\/div>\n<\/div>\n<\/div>\n<\/div>\n<p id=\"tw-target-text\" class=\"tw-data-text tw-text-large tw-ta\" dir=\"ltr\" data-placeholder=\"\u00d6vers\u00e4ttning\"><span lang=\"sv\" tabindex=\"0\">\u00a0<\/span><\/p>\n<\/div>\n<div id=\"z6maec\" class=\"tw-ta-container tw-nfl\">\n<pre id=\"tw-target-rmn\" class=\"tw-data-placeholder tw-text-small tw-ta\" dir=\"ltr\" data-placeholder=\"\"><\/pre>\n<\/div>\n<\/div>\n<\/div>\n<\/div>\n<p> [&#8230;]<\/p>\n<p><a class=\"btn btn-secondary understrap-read-more-link\" href=\"https:\/\/kortleksbolaget.se\/da\/produkt\/limited-edition-the-expert-at-the-card-table-green\/\">L\u00e6s mere&#8230;<span class=\"screen-reader-text\"> from Limited Edition The Expert at the Card Table &#8211; Green<\/span><\/a><\/p>\n","protected":false},"featured_media":31388,"template":"","meta":{"_acf_changed":false},"product_brand":[],"product_cat":[231],"product_tag":[],"class_list":{"0":"post-43051","1":"product","2":"type-product","3":"status-publish","4":"has-post-thumbnail","6":"product_cat-special-luksus-limited-da","8":"first","9":"outofstock","10":"taxable","11":"shipping-taxable","12":"purchasable","13":"product-type-simple"},"acf":[],"yoast_head":"<!-- This site is optimized with the Yoast SEO plugin v27.5 - https:\/\/yoast.com\/product\/yoast-seo-wordpress\/ -->\n<title>Kortlek Limited Edition The Expert at the Card Table - Green | Kortleksbolaget<\/title>\n<meta name=\"description\" content=\"K\u00f6p Limited Edition The Expert at the Card Table - Green. Snabba leveranser &amp; bra priser. Sveriges st\u00f6rsta sortiment av kortlekar p\u00e5 Kortleksbolaget!\" \/>\n<meta name=\"robots\" content=\"index, follow, max-snippet:-1, max-image-preview:large, max-video-preview:-1\" \/>\n<link rel=\"canonical\" href=\"https:\/\/kortleksbolaget.se\/da\/produkt\/limited-edition-the-expert-at-the-card-table-green\/\" \/>\n<meta property=\"og:locale\" content=\"da_DK\" \/>\n<meta property=\"og:type\" content=\"article\" \/>\n<meta property=\"og:title\" content=\"Kortlek Limited Edition The Expert at the Card Table - Green | Kortleksbolaget\" \/>\n<meta property=\"og:description\" content=\"K\u00f6p Limited Edition The Expert at the Card Table - Green. Snabba leveranser &amp; bra priser. Sveriges st\u00f6rsta sortiment av kortlekar p\u00e5 Kortleksbolaget!\" \/>\n<meta property=\"og:url\" content=\"https:\/\/kortleksbolaget.se\/da\/produkt\/limited-edition-the-expert-at-the-card-table-green\/\" \/>\n<meta property=\"og:site_name\" content=\"Kortleksbolaget\" \/>\n<meta property=\"article:modified_time\" content=\"2020-12-10T16:06:34+00:00\" \/>\n<meta property=\"og:image\" content=\"https:\/\/kortleksbolaget.se\/wp-content\/uploads\/IMG_1660-1.jpg\" \/>\n\t<meta property=\"og:image:width\" content=\"572\" \/>\n\t<meta property=\"og:image:height\" content=\"857\" \/>\n\t<meta property=\"og:image:type\" content=\"image\/jpeg\" \/>\n<meta name=\"twitter:card\" content=\"summary_large_image\" \/>\n<script type=\"application\/ld+json\" class=\"yoast-schema-graph\">{\"@context\":\"https:\\\/\\\/schema.org\",\"@graph\":[{\"@type\":\"WebPage\",\"@id\":\"https:\\\/\\\/kortleksbolaget.se\\\/da\\\/produkt\\\/limited-edition-the-expert-at-the-card-table-green\\\/\",\"url\":\"https:\\\/\\\/kortleksbolaget.se\\\/da\\\/produkt\\\/limited-edition-the-expert-at-the-card-table-green\\\/\",\"name\":\"Kortlek Limited Edition The Expert at the Card Table - Green | Kortleksbolaget\",\"isPartOf\":{\"@id\":\"https:\\\/\\\/kortleksbolaget.se\\\/da\\\/#website\"},\"primaryImageOfPage\":{\"@id\":\"https:\\\/\\\/kortleksbolaget.se\\\/da\\\/produkt\\\/limited-edition-the-expert-at-the-card-table-green\\\/#primaryimage\"},\"image\":{\"@id\":\"https:\\\/\\\/kortleksbolaget.se\\\/da\\\/produkt\\\/limited-edition-the-expert-at-the-card-table-green\\\/#primaryimage\"},\"thumbnailUrl\":\"https:\\\/\\\/kortleksbolaget.se\\\/wp-content\\\/uploads\\\/IMG_1660-1.jpg\",\"datePublished\":\"2019-10-02T13:57:04+00:00\",\"dateModified\":\"2020-12-10T16:06:34+00:00\",\"description\":\"K\u00f6p Limited Edition The Expert at the Card Table - Green. Snabba leveranser & bra priser. Sveriges st\u00f6rsta sortiment av kortlekar p\u00e5 Kortleksbolaget!\",\"breadcrumb\":{\"@id\":\"https:\\\/\\\/kortleksbolaget.se\\\/da\\\/produkt\\\/limited-edition-the-expert-at-the-card-table-green\\\/#breadcrumb\"},\"inLanguage\":\"da-DK\",\"potentialAction\":[{\"@type\":\"ReadAction\",\"target\":[\"https:\\\/\\\/kortleksbolaget.se\\\/da\\\/produkt\\\/limited-edition-the-expert-at-the-card-table-green\\\/\"]}]},{\"@type\":\"ImageObject\",\"inLanguage\":\"da-DK\",\"@id\":\"https:\\\/\\\/kortleksbolaget.se\\\/da\\\/produkt\\\/limited-edition-the-expert-at-the-card-table-green\\\/#primaryimage\",\"url\":\"https:\\\/\\\/kortleksbolaget.se\\\/wp-content\\\/uploads\\\/IMG_1660-1.jpg\",\"contentUrl\":\"https:\\\/\\\/kortleksbolaget.se\\\/wp-content\\\/uploads\\\/IMG_1660-1.jpg\",\"width\":572,\"height\":857},{\"@type\":\"BreadcrumbList\",\"@id\":\"https:\\\/\\\/kortleksbolaget.se\\\/da\\\/produkt\\\/limited-edition-the-expert-at-the-card-table-green\\\/#breadcrumb\",\"itemListElement\":[{\"@type\":\"ListItem\",\"position\":1,\"name\":\"Hem\",\"item\":\"https:\\\/\\\/kortleksbolaget.se\\\/da\\\/\"},{\"@type\":\"ListItem\",\"position\":2,\"name\":\"Shop\",\"item\":\"https:\\\/\\\/kortleksbolaget.se\\\/da\\\/shop-2\\\/\"},{\"@type\":\"ListItem\",\"position\":3,\"name\":\"Limited Edition The Expert at the Card Table &#8211; Green\"}]},{\"@type\":\"WebSite\",\"@id\":\"https:\\\/\\\/kortleksbolaget.se\\\/da\\\/#website\",\"url\":\"https:\\\/\\\/kortleksbolaget.se\\\/da\\\/\",\"name\":\"Kortleksbolaget\",\"description\":\"Kortlekar p\u00e5 n\u00e4tet\",\"publisher\":{\"@id\":\"https:\\\/\\\/kortleksbolaget.se\\\/da\\\/#organization\"},\"potentialAction\":[{\"@type\":\"SearchAction\",\"target\":{\"@type\":\"EntryPoint\",\"urlTemplate\":\"https:\\\/\\\/kortleksbolaget.se\\\/da\\\/?s={search_term_string}\"},\"query-input\":{\"@type\":\"PropertyValueSpecification\",\"valueRequired\":true,\"valueName\":\"search_term_string\"}}],\"inLanguage\":\"da-DK\"},{\"@type\":\"Organization\",\"@id\":\"https:\\\/\\\/kortleksbolaget.se\\\/da\\\/#organization\",\"name\":\"Kortleksbolaget\",\"url\":\"https:\\\/\\\/kortleksbolaget.se\\\/da\\\/\",\"logo\":{\"@type\":\"ImageObject\",\"inLanguage\":\"da-DK\",\"@id\":\"https:\\\/\\\/kortleksbolaget.se\\\/da\\\/#\\\/schema\\\/logo\\\/image\\\/\",\"url\":\"https:\\\/\\\/kortleksbolaget.se\\\/wp-content\\\/uploads\\\/kortleksbolaget_logo-svart.png\",\"contentUrl\":\"https:\\\/\\\/kortleksbolaget.se\\\/wp-content\\\/uploads\\\/kortleksbolaget_logo-svart.png\",\"width\":1200,\"height\":296,\"caption\":\"Kortleksbolaget\"},\"image\":{\"@id\":\"https:\\\/\\\/kortleksbolaget.se\\\/da\\\/#\\\/schema\\\/logo\\\/image\\\/\"}}]}<\/script>\n<!-- \/ Yoast SEO plugin. -->","yoast_head_json":{"title":"Kortlek Limited Edition The Expert at the Card Table - Green | Kortleksbolaget","description":"K\u00f6p Limited Edition The Expert at the Card Table - Green. Snabba leveranser & bra priser. Sveriges st\u00f6rsta sortiment av kortlekar p\u00e5 Kortleksbolaget!","robots":{"index":"index","follow":"follow","max-snippet":"max-snippet:-1","max-image-preview":"max-image-preview:large","max-video-preview":"max-video-preview:-1"},"canonical":"https:\/\/kortleksbolaget.se\/da\/produkt\/limited-edition-the-expert-at-the-card-table-green\/","og_locale":"da_DK","og_type":"article","og_title":"Kortlek Limited Edition The Expert at the Card Table - Green | Kortleksbolaget","og_description":"K\u00f6p Limited Edition The Expert at the Card Table - Green. Snabba leveranser & bra priser. Sveriges st\u00f6rsta sortiment av kortlekar p\u00e5 Kortleksbolaget!","og_url":"https:\/\/kortleksbolaget.se\/da\/produkt\/limited-edition-the-expert-at-the-card-table-green\/","og_site_name":"Kortleksbolaget","article_modified_time":"2020-12-10T16:06:34+00:00","og_image":[{"width":572,"height":857,"url":"https:\/\/kortleksbolaget.se\/wp-content\/uploads\/IMG_1660-1.jpg","type":"image\/jpeg"}],"twitter_card":"summary_large_image","schema":{"@context":"https:\/\/schema.org","@graph":[{"@type":"WebPage","@id":"https:\/\/kortleksbolaget.se\/da\/produkt\/limited-edition-the-expert-at-the-card-table-green\/","url":"https:\/\/kortleksbolaget.se\/da\/produkt\/limited-edition-the-expert-at-the-card-table-green\/","name":"Kortlek Limited Edition The Expert at the Card Table - Green | Kortleksbolaget","isPartOf":{"@id":"https:\/\/kortleksbolaget.se\/da\/#website"},"primaryImageOfPage":{"@id":"https:\/\/kortleksbolaget.se\/da\/produkt\/limited-edition-the-expert-at-the-card-table-green\/#primaryimage"},"image":{"@id":"https:\/\/kortleksbolaget.se\/da\/produkt\/limited-edition-the-expert-at-the-card-table-green\/#primaryimage"},"thumbnailUrl":"https:\/\/kortleksbolaget.se\/wp-content\/uploads\/IMG_1660-1.jpg","datePublished":"2019-10-02T13:57:04+00:00","dateModified":"2020-12-10T16:06:34+00:00","description":"K\u00f6p Limited Edition The Expert at the Card Table - Green. Snabba leveranser & bra priser. Sveriges st\u00f6rsta sortiment av kortlekar p\u00e5 Kortleksbolaget!","breadcrumb":{"@id":"https:\/\/kortleksbolaget.se\/da\/produkt\/limited-edition-the-expert-at-the-card-table-green\/#breadcrumb"},"inLanguage":"da-DK","potentialAction":[{"@type":"ReadAction","target":["https:\/\/kortleksbolaget.se\/da\/produkt\/limited-edition-the-expert-at-the-card-table-green\/"]}]},{"@type":"ImageObject","inLanguage":"da-DK","@id":"https:\/\/kortleksbolaget.se\/da\/produkt\/limited-edition-the-expert-at-the-card-table-green\/#primaryimage","url":"https:\/\/kortleksbolaget.se\/wp-content\/uploads\/IMG_1660-1.jpg","contentUrl":"https:\/\/kortleksbolaget.se\/wp-content\/uploads\/IMG_1660-1.jpg","width":572,"height":857},{"@type":"BreadcrumbList","@id":"https:\/\/kortleksbolaget.se\/da\/produkt\/limited-edition-the-expert-at-the-card-table-green\/#breadcrumb","itemListElement":[{"@type":"ListItem","position":1,"name":"Hem","item":"https:\/\/kortleksbolaget.se\/da\/"},{"@type":"ListItem","position":2,"name":"Shop","item":"https:\/\/kortleksbolaget.se\/da\/shop-2\/"},{"@type":"ListItem","position":3,"name":"Limited Edition The Expert at the Card Table &#8211; Green"}]},{"@type":"WebSite","@id":"https:\/\/kortleksbolaget.se\/da\/#website","url":"https:\/\/kortleksbolaget.se\/da\/","name":"Kortleksbolaget","description":"Kortlekar p\u00e5 n\u00e4tet","publisher":{"@id":"https:\/\/kortleksbolaget.se\/da\/#organization"},"potentialAction":[{"@type":"SearchAction","target":{"@type":"EntryPoint","urlTemplate":"https:\/\/kortleksbolaget.se\/da\/?s={search_term_string}"},"query-input":{"@type":"PropertyValueSpecification","valueRequired":true,"valueName":"search_term_string"}}],"inLanguage":"da-DK"},{"@type":"Organization","@id":"https:\/\/kortleksbolaget.se\/da\/#organization","name":"Kortleksbolaget","url":"https:\/\/kortleksbolaget.se\/da\/","logo":{"@type":"ImageObject","inLanguage":"da-DK","@id":"https:\/\/kortleksbolaget.se\/da\/#\/schema\/logo\/image\/","url":"https:\/\/kortleksbolaget.se\/wp-content\/uploads\/kortleksbolaget_logo-svart.png","contentUrl":"https:\/\/kortleksbolaget.se\/wp-content\/uploads\/kortleksbolaget_logo-svart.png","width":1200,"height":296,"caption":"Kortleksbolaget"},"image":{"@id":"https:\/\/kortleksbolaget.se\/da\/#\/schema\/logo\/image\/"}}]}},"_links":{"self":[{"href":"https:\/\/kortleksbolaget.se\/da\/wp-json\/wp\/v2\/product\/43051","targetHints":{"allow":["GET"]}}],"collection":[{"href":"https:\/\/kortleksbolaget.se\/da\/wp-json\/wp\/v2\/product"}],"about":[{"href":"https:\/\/kortleksbolaget.se\/da\/wp-json\/wp\/v2\/types\/product"}],"wp:featuredmedia":[{"embeddable":true,"href":"https:\/\/kortleksbolaget.se\/da\/wp-json\/wp\/v2\/media\/31388"}],"wp:attachment":[{"href":"https:\/\/kortleksbolaget.se\/da\/wp-json\/wp\/v2\/media?parent=43051"}],"wp:term":[{"taxonomy":"product_brand","embeddable":true,"href":"https:\/\/kortleksbolaget.se\/da\/wp-json\/wp\/v2\/product_brand?post=43051"},{"taxonomy":"product_cat","embeddable":true,"href":"https:\/\/kortleksbolaget.se\/da\/wp-json\/wp\/v2\/product_cat?post=43051"},{"taxonomy":"product_tag","embeddable":true,"href":"https:\/\/kortleksbolaget.se\/da\/wp-json\/wp\/v2\/product_tag?post=43051"}],"curies":[{"name":"wp","href":"https:\/\/api.w.org\/{rel}","templated":true}]}}