{"id":43287,"date":"2019-06-03T12:40:46","date_gmt":"2019-06-03T10:40:46","guid":{"rendered":"https:\/\/kortleksbolaget.se\/nyasidan2021\/produkt\/lennart-green-tribute-the-master-of-chaos\/"},"modified":"2019-06-03T12:40:46","modified_gmt":"2019-06-03T10:40:46","slug":"lennart-green-tribute-the-master-of-chaos","status":"publish","type":"product","link":"https:\/\/kortleksbolaget.se\/da\/produkt\/lennart-green-tribute-the-master-of-chaos\/","title":{"rendered":"Lennart Green Tribute &#8211; The Master of Chaos"},"content":{"rendered":"","protected":false},"excerpt":{"rendered":"<p>Hello everyone, my name is Takumi Takahashi. I am a close-up magician from Japan. I am very happy to finally introduce to you <b>Lennart Green Tribute: The Master of Chaos Playing Cards<\/b>. As you can see, this deck is a tribute to the legendary magician, Mr. Lennart Green. As a pupil of Mr. Green, I wanted to thank him for everything he has done for me. And this is my way of doing that.<\/p>\n<p>Lennart Green is a Swedish world champion close-up magician, a title which he won in 1991 at the FISM convention in Lausanne, Switzerland. He is known for his seemingly chaotic routines which, in spite of first appearances, display great skill. His original techniques and presentation style form an unorthodox and innovative contribution to sleight of hand magic.<\/p>\n<p>Lennart Green invented a lot of unique moves such as the Snap Deal, Top Shot, Green Shuffle, Angle Separation, and more. He is also into self-working tricks and has created amazing effects.<\/p>\n<p>We have been working on this design for over a year and, for the last 3 months, we have been working round the clock every day in order to make this as perfect as it can be. In the beginning, I simply just wanted a Lennart Green deck only for myself, but I then realized that it would be amazing to share it with the world.<\/p>\n<p>We have put our hearts into the making of this deck. Designs have been changed countless times until we felt that we have truly captivated the soul of Mr. Lennart Green. We have considered including a marking system in the design, but we felt it doesn&#8217;t suit Mr. Green&#8217;s magic style and decided to keep it as a regular deck.<\/p>\n<ul>\n<li>It&#8217;s got legendary <b>Lennart Green&#8217;s portraits<\/b>.<\/li>\n<li>On the sides of the portraits, it&#8217;s got <b>Mr. Green&#8217;s hands holding a deck of playing cards<\/b>.<\/li>\n<li>In the background, it&#8217;s got <b>The Magic Square<\/b>, as it&#8217;s one of Mr. Green&#8217;s favorite tricks.<\/li>\n<li>The stolen <b>Laser<\/b> from a Russian satellite shoots out a laser beam into the <b>EYE<\/b> in the center of the card back.<\/li>\n<li>There are <b>56 cards<\/b> in the deck with 2 Jokers, a double backer and a certificate card.<\/li>\n<\/ul>\n<p> [&#8230;]<\/p>\n<p><a class=\"btn btn-secondary understrap-read-more-link\" href=\"https:\/\/kortleksbolaget.se\/da\/produkt\/lennart-green-tribute-the-master-of-chaos\/\">L\u00e6s mere&#8230;<span class=\"screen-reader-text\"> from Lennart Green Tribute &#8211; The Master of Chaos<\/span><\/a><\/p>\n","protected":false},"featured_media":27698,"template":"","meta":{"_acf_changed":false},"product_brand":[],"product_cat":[231,225],"product_tag":[],"class_list":{"0":"post-43287","1":"product","2":"type-product","3":"status-publish","4":"has-post-thumbnail","6":"varumarke-cartamundi-da","7":"product_cat-special-luksus-limited-da","8":"product_cat-magisk-da","10":"first","11":"instock","12":"taxable","13":"shipping-taxable","14":"purchasable","15":"product-type-simple"},"acf":[],"yoast_head":"<!-- This site is optimized with the Yoast SEO plugin v26.3 - https:\/\/yoast.com\/wordpress\/plugins\/seo\/ -->\n<title>Kortlek Lennart Green Tribute - The Master of Chaos | Kortleksbolaget<\/title>\n<meta name=\"description\" content=\"K\u00f6p Lennart Green Tribute - The Master of Chaos. Snabba leveranser &amp; bra priser. Sveriges st\u00f6rsta sortiment av kortlekar p\u00e5 Kortleksbolaget!\" \/>\n<meta name=\"robots\" content=\"index, follow, max-snippet:-1, max-image-preview:large, max-video-preview:-1\" \/>\n<link rel=\"canonical\" href=\"https:\/\/kortleksbolaget.se\/da\/produkt\/lennart-green-tribute-the-master-of-chaos\/\" \/>\n<meta property=\"og:locale\" content=\"da_DK\" \/>\n<meta property=\"og:type\" content=\"article\" \/>\n<meta property=\"og:title\" content=\"Kortlek Lennart Green Tribute - The Master of Chaos | Kortleksbolaget\" \/>\n<meta property=\"og:description\" content=\"K\u00f6p Lennart Green Tribute - The Master of Chaos. Snabba leveranser &amp; bra priser. Sveriges st\u00f6rsta sortiment av kortlekar p\u00e5 Kortleksbolaget!\" \/>\n<meta property=\"og:url\" content=\"https:\/\/kortleksbolaget.se\/da\/produkt\/lennart-green-tribute-the-master-of-chaos\/\" \/>\n<meta property=\"og:site_name\" content=\"Kortleksbolaget\" \/>\n<meta property=\"og:image\" content=\"https:\/\/kortleksbolaget.se\/wp-content\/uploads\/kortlekar-5663-1.jpg\" \/>\n\t<meta property=\"og:image:width\" content=\"800\" \/>\n\t<meta property=\"og:image:height\" content=\"1200\" \/>\n\t<meta property=\"og:image:type\" content=\"image\/jpeg\" \/>\n<meta name=\"twitter:card\" content=\"summary_large_image\" \/>\n<script type=\"application\/ld+json\" class=\"yoast-schema-graph\">{\"@context\":\"https:\/\/schema.org\",\"@graph\":[{\"@type\":\"WebPage\",\"@id\":\"https:\/\/kortleksbolaget.se\/da\/produkt\/lennart-green-tribute-the-master-of-chaos\/\",\"url\":\"https:\/\/kortleksbolaget.se\/da\/produkt\/lennart-green-tribute-the-master-of-chaos\/\",\"name\":\"Kortlek Lennart Green Tribute - The Master of Chaos | Kortleksbolaget\",\"isPartOf\":{\"@id\":\"https:\/\/kortleksbolaget.se\/da\/#website\"},\"primaryImageOfPage\":{\"@id\":\"https:\/\/kortleksbolaget.se\/da\/produkt\/lennart-green-tribute-the-master-of-chaos\/#primaryimage\"},\"image\":{\"@id\":\"https:\/\/kortleksbolaget.se\/da\/produkt\/lennart-green-tribute-the-master-of-chaos\/#primaryimage\"},\"thumbnailUrl\":\"https:\/\/kortleksbolaget.se\/wp-content\/uploads\/kortlekar-5663-1.jpg\",\"datePublished\":\"2019-06-03T10:40:46+00:00\",\"description\":\"K\u00f6p Lennart Green Tribute - The Master of Chaos. Snabba leveranser & bra priser. Sveriges st\u00f6rsta sortiment av kortlekar p\u00e5 Kortleksbolaget!\",\"breadcrumb\":{\"@id\":\"https:\/\/kortleksbolaget.se\/da\/produkt\/lennart-green-tribute-the-master-of-chaos\/#breadcrumb\"},\"inLanguage\":\"da-DK\",\"potentialAction\":[{\"@type\":\"ReadAction\",\"target\":[\"https:\/\/kortleksbolaget.se\/da\/produkt\/lennart-green-tribute-the-master-of-chaos\/\"]}]},{\"@type\":\"ImageObject\",\"inLanguage\":\"da-DK\",\"@id\":\"https:\/\/kortleksbolaget.se\/da\/produkt\/lennart-green-tribute-the-master-of-chaos\/#primaryimage\",\"url\":\"https:\/\/kortleksbolaget.se\/wp-content\/uploads\/kortlekar-5663-1.jpg\",\"contentUrl\":\"https:\/\/kortleksbolaget.se\/wp-content\/uploads\/kortlekar-5663-1.jpg\",\"width\":800,\"height\":1200},{\"@type\":\"BreadcrumbList\",\"@id\":\"https:\/\/kortleksbolaget.se\/da\/produkt\/lennart-green-tribute-the-master-of-chaos\/#breadcrumb\",\"itemListElement\":[{\"@type\":\"ListItem\",\"position\":1,\"name\":\"Hem\",\"item\":\"https:\/\/kortleksbolaget.se\/da\/\"},{\"@type\":\"ListItem\",\"position\":2,\"name\":\"Shop\",\"item\":\"https:\/\/kortleksbolaget.se\/da\/shop-2\/\"},{\"@type\":\"ListItem\",\"position\":3,\"name\":\"Lennart Green Tribute &#8211; The Master of Chaos\"}]},{\"@type\":\"WebSite\",\"@id\":\"https:\/\/kortleksbolaget.se\/da\/#website\",\"url\":\"https:\/\/kortleksbolaget.se\/da\/\",\"name\":\"Kortleksbolaget\",\"description\":\"Kortlekar p\u00e5 n\u00e4tet\",\"publisher\":{\"@id\":\"https:\/\/kortleksbolaget.se\/da\/#organization\"},\"potentialAction\":[{\"@type\":\"SearchAction\",\"target\":{\"@type\":\"EntryPoint\",\"urlTemplate\":\"https:\/\/kortleksbolaget.se\/da\/?s={search_term_string}\"},\"query-input\":{\"@type\":\"PropertyValueSpecification\",\"valueRequired\":true,\"valueName\":\"search_term_string\"}}],\"inLanguage\":\"da-DK\"},{\"@type\":\"Organization\",\"@id\":\"https:\/\/kortleksbolaget.se\/da\/#organization\",\"name\":\"Kortleksbolaget\",\"url\":\"https:\/\/kortleksbolaget.se\/da\/\",\"logo\":{\"@type\":\"ImageObject\",\"inLanguage\":\"da-DK\",\"@id\":\"https:\/\/kortleksbolaget.se\/da\/#\/schema\/logo\/image\/\",\"url\":\"https:\/\/kortleksbolaget.se\/wp-content\/uploads\/kortleksbolaget_logo-svart.png\",\"contentUrl\":\"https:\/\/kortleksbolaget.se\/wp-content\/uploads\/kortleksbolaget_logo-svart.png\",\"width\":1200,\"height\":296,\"caption\":\"Kortleksbolaget\"},\"image\":{\"@id\":\"https:\/\/kortleksbolaget.se\/da\/#\/schema\/logo\/image\/\"}}]}<\/script>\n<!-- \/ Yoast SEO plugin. -->","yoast_head_json":{"title":"Kortlek Lennart Green Tribute - The Master of Chaos | Kortleksbolaget","description":"K\u00f6p Lennart Green Tribute - The Master of Chaos. Snabba leveranser & bra priser. Sveriges st\u00f6rsta sortiment av kortlekar p\u00e5 Kortleksbolaget!","robots":{"index":"index","follow":"follow","max-snippet":"max-snippet:-1","max-image-preview":"max-image-preview:large","max-video-preview":"max-video-preview:-1"},"canonical":"https:\/\/kortleksbolaget.se\/da\/produkt\/lennart-green-tribute-the-master-of-chaos\/","og_locale":"da_DK","og_type":"article","og_title":"Kortlek Lennart Green Tribute - The Master of Chaos | Kortleksbolaget","og_description":"K\u00f6p Lennart Green Tribute - The Master of Chaos. Snabba leveranser & bra priser. Sveriges st\u00f6rsta sortiment av kortlekar p\u00e5 Kortleksbolaget!","og_url":"https:\/\/kortleksbolaget.se\/da\/produkt\/lennart-green-tribute-the-master-of-chaos\/","og_site_name":"Kortleksbolaget","og_image":[{"width":800,"height":1200,"url":"https:\/\/kortleksbolaget.se\/wp-content\/uploads\/kortlekar-5663-1.jpg","type":"image\/jpeg"}],"twitter_card":"summary_large_image","schema":{"@context":"https:\/\/schema.org","@graph":[{"@type":"WebPage","@id":"https:\/\/kortleksbolaget.se\/da\/produkt\/lennart-green-tribute-the-master-of-chaos\/","url":"https:\/\/kortleksbolaget.se\/da\/produkt\/lennart-green-tribute-the-master-of-chaos\/","name":"Kortlek Lennart Green Tribute - The Master of Chaos | Kortleksbolaget","isPartOf":{"@id":"https:\/\/kortleksbolaget.se\/da\/#website"},"primaryImageOfPage":{"@id":"https:\/\/kortleksbolaget.se\/da\/produkt\/lennart-green-tribute-the-master-of-chaos\/#primaryimage"},"image":{"@id":"https:\/\/kortleksbolaget.se\/da\/produkt\/lennart-green-tribute-the-master-of-chaos\/#primaryimage"},"thumbnailUrl":"https:\/\/kortleksbolaget.se\/wp-content\/uploads\/kortlekar-5663-1.jpg","datePublished":"2019-06-03T10:40:46+00:00","description":"K\u00f6p Lennart Green Tribute - The Master of Chaos. Snabba leveranser & bra priser. Sveriges st\u00f6rsta sortiment av kortlekar p\u00e5 Kortleksbolaget!","breadcrumb":{"@id":"https:\/\/kortleksbolaget.se\/da\/produkt\/lennart-green-tribute-the-master-of-chaos\/#breadcrumb"},"inLanguage":"da-DK","potentialAction":[{"@type":"ReadAction","target":["https:\/\/kortleksbolaget.se\/da\/produkt\/lennart-green-tribute-the-master-of-chaos\/"]}]},{"@type":"ImageObject","inLanguage":"da-DK","@id":"https:\/\/kortleksbolaget.se\/da\/produkt\/lennart-green-tribute-the-master-of-chaos\/#primaryimage","url":"https:\/\/kortleksbolaget.se\/wp-content\/uploads\/kortlekar-5663-1.jpg","contentUrl":"https:\/\/kortleksbolaget.se\/wp-content\/uploads\/kortlekar-5663-1.jpg","width":800,"height":1200},{"@type":"BreadcrumbList","@id":"https:\/\/kortleksbolaget.se\/da\/produkt\/lennart-green-tribute-the-master-of-chaos\/#breadcrumb","itemListElement":[{"@type":"ListItem","position":1,"name":"Hem","item":"https:\/\/kortleksbolaget.se\/da\/"},{"@type":"ListItem","position":2,"name":"Shop","item":"https:\/\/kortleksbolaget.se\/da\/shop-2\/"},{"@type":"ListItem","position":3,"name":"Lennart Green Tribute &#8211; The Master of Chaos"}]},{"@type":"WebSite","@id":"https:\/\/kortleksbolaget.se\/da\/#website","url":"https:\/\/kortleksbolaget.se\/da\/","name":"Kortleksbolaget","description":"Kortlekar p\u00e5 n\u00e4tet","publisher":{"@id":"https:\/\/kortleksbolaget.se\/da\/#organization"},"potentialAction":[{"@type":"SearchAction","target":{"@type":"EntryPoint","urlTemplate":"https:\/\/kortleksbolaget.se\/da\/?s={search_term_string}"},"query-input":{"@type":"PropertyValueSpecification","valueRequired":true,"valueName":"search_term_string"}}],"inLanguage":"da-DK"},{"@type":"Organization","@id":"https:\/\/kortleksbolaget.se\/da\/#organization","name":"Kortleksbolaget","url":"https:\/\/kortleksbolaget.se\/da\/","logo":{"@type":"ImageObject","inLanguage":"da-DK","@id":"https:\/\/kortleksbolaget.se\/da\/#\/schema\/logo\/image\/","url":"https:\/\/kortleksbolaget.se\/wp-content\/uploads\/kortleksbolaget_logo-svart.png","contentUrl":"https:\/\/kortleksbolaget.se\/wp-content\/uploads\/kortleksbolaget_logo-svart.png","width":1200,"height":296,"caption":"Kortleksbolaget"},"image":{"@id":"https:\/\/kortleksbolaget.se\/da\/#\/schema\/logo\/image\/"}}]}},"_links":{"self":[{"href":"https:\/\/kortleksbolaget.se\/da\/wp-json\/wp\/v2\/product\/43287","targetHints":{"allow":["GET"]}}],"collection":[{"href":"https:\/\/kortleksbolaget.se\/da\/wp-json\/wp\/v2\/product"}],"about":[{"href":"https:\/\/kortleksbolaget.se\/da\/wp-json\/wp\/v2\/types\/product"}],"wp:featuredmedia":[{"embeddable":true,"href":"https:\/\/kortleksbolaget.se\/da\/wp-json\/wp\/v2\/media\/27698"}],"wp:attachment":[{"href":"https:\/\/kortleksbolaget.se\/da\/wp-json\/wp\/v2\/media?parent=43287"}],"wp:term":[{"taxonomy":"product_brand","embeddable":true,"href":"https:\/\/kortleksbolaget.se\/da\/wp-json\/wp\/v2\/product_brand?post=43287"},{"taxonomy":"product_cat","embeddable":true,"href":"https:\/\/kortleksbolaget.se\/da\/wp-json\/wp\/v2\/product_cat?post=43287"},{"taxonomy":"product_tag","embeddable":true,"href":"https:\/\/kortleksbolaget.se\/da\/wp-json\/wp\/v2\/product_tag?post=43287"}],"curies":[{"name":"wp","href":"https:\/\/api.w.org\/{rel}","templated":true}]}}