{"id":53359,"date":"2021-04-28T17:07:20","date_gmt":"2021-04-28T15:07:20","guid":{"rendered":"https:\/\/kortleksbolaget.se\/produkt\/virtuoso-p1-limited-edition\/"},"modified":"2025-08-29T17:20:06","modified_gmt":"2025-08-29T15:20:06","slug":"virtuoso-p1-limited-edition","status":"publish","type":"product","link":"https:\/\/kortleksbolaget.se\/da\/produkt\/virtuoso-p1-limited-edition\/","title":{"rendered":"Virtuoso P1 Limited Edition"},"content":{"rendered":"","protected":false},"excerpt":{"rendered":"<p><b>Virtuoso P1 LIMITED Playing Cards<\/b>:<\/p>\n<ul>\n<li>Extremely limited<\/li>\n<li>The FIRST in the Virtuoso&#8217;s Perspective Series<\/li>\n<li>No two faces are alike<\/li>\n<li>The back&#8217;s signature center circle now &#8220;passes through&#8221; from the back to the faces &#8211;unifying the back and face.<\/li>\n<li>Includes NEW VIBRANTLY COLORED icons (geometric suits) that form progressively larger arrays around the center circle -creating a spectrum of visuals NEVER seen before in a deck of cards. In fact, the swirling icons around the seemingly still center creates an even larger contrast and MORE impact than ever before. PLUS when the icons are pieced together they create even larger forms.<\/li>\n<\/ul>\n<p><i>&#8220;As always guys you are the change (leaders), you really love this world and that is what makes me love Cardistry&#8221;<\/i><br \/>\n&#8211;<b>Yo Roni<\/b><\/p>\n<p><i>&#8220;I absolutely love the idea of changing the faces but not making them all identical like some Cardistry decks! Those get boring real quick, and what you guys have come up with seem super interesting and creative that I can&#8217;t even express how impressed I am!&#8221;<\/i><br \/>\n&#8211;<b>David Fan<\/b><\/p>\n<p><i>&#8220;I just have never been this excited over a deck of cards EVER.&#8221;<\/i><br \/>\n&#8211;<b>Matthew Su<\/b><\/p>\n<p><i>&#8220;The face cards look amazing! I love how you&#8217;re redefining what a deck of cards can look like. It&#8217;s going to be sick!&#8221;<\/i><br \/>\n&#8211;<b>Benjamin Miller<\/b><\/p>\n<p><i>&#8220;This is definitely the best seven I have ever seen in a playing card deck. I didn&#8217;t realize how different these cards were.&#8221;<\/i><br \/>\n&#8211;<b>Sagar Lamba<\/b><\/p>\n<p><i>&#8220;That was not what I was expecting at all! I don&#8217;t think I&#8217;ll be able to handle seeing 52 new faces on a deck of cards. You guys somehow exceeded my expectations yet again.&#8221;<\/i><br \/>\n&#8211;<b>Nick Dittermore<\/b><\/p>\n<p>Arguably one of the MOST popular cardistry decks available, they just got BETTER. [&#8230;]<\/p>\n<p><a class=\"btn btn-secondary understrap-read-more-link\" href=\"https:\/\/kortleksbolaget.se\/da\/produkt\/virtuoso-p1-limited-edition\/\">L\u00e6s mere&#8230;<span class=\"screen-reader-text\"> from Virtuoso P1 Limited Edition<\/span><\/a><\/p>\n","protected":false},"featured_media":53348,"template":"","meta":{"_acf_changed":false},"product_brand":[],"product_cat":[222],"product_tag":[],"class_list":{"0":"post-53359","1":"product","2":"type-product","3":"status-publish","4":"has-post-thumbnail","6":"varumarke-virtuoso-da","7":"product_cat-cardistry-da","9":"first","10":"outofstock","11":"taxable","12":"shipping-taxable","13":"purchasable","14":"product-type-simple"},"acf":[],"yoast_head":"<!-- This site is optimized with the Yoast SEO plugin v26.3 - https:\/\/yoast.com\/wordpress\/plugins\/seo\/ -->\n<title>Kortlek Virtuoso P1 Limited Edition | Kortleksbolaget<\/title>\n<meta name=\"description\" content=\"K\u00f6p Virtuoso P1 Limited Edition. Snabba leveranser &amp; bra priser. Sveriges st\u00f6rsta sortiment av kortlekar p\u00e5 Kortleksbolaget!\" \/>\n<meta name=\"robots\" content=\"index, follow, max-snippet:-1, max-image-preview:large, max-video-preview:-1\" \/>\n<link rel=\"canonical\" href=\"https:\/\/kortleksbolaget.se\/da\/produkt\/virtuoso-p1-limited-edition\/\" \/>\n<meta property=\"og:locale\" content=\"da_DK\" \/>\n<meta property=\"og:type\" content=\"article\" \/>\n<meta property=\"og:title\" content=\"Kortlek Virtuoso P1 Limited Edition | Kortleksbolaget\" \/>\n<meta property=\"og:description\" content=\"K\u00f6p Virtuoso P1 Limited Edition. Snabba leveranser &amp; bra priser. Sveriges st\u00f6rsta sortiment av kortlekar p\u00e5 Kortleksbolaget!\" \/>\n<meta property=\"og:url\" content=\"https:\/\/kortleksbolaget.se\/da\/produkt\/virtuoso-p1-limited-edition\/\" \/>\n<meta property=\"og:site_name\" content=\"Kortleksbolaget\" \/>\n<meta property=\"article:modified_time\" content=\"2025-08-29T15:20:06+00:00\" \/>\n<meta property=\"og:image\" content=\"https:\/\/kortleksbolaget.se\/wp-content\/uploads\/virtuoso-p1.jpg\" \/>\n\t<meta property=\"og:image:width\" content=\"519\" \/>\n\t<meta property=\"og:image:height\" content=\"779\" \/>\n\t<meta property=\"og:image:type\" content=\"image\/jpeg\" \/>\n<meta name=\"twitter:card\" content=\"summary_large_image\" \/>\n<script type=\"application\/ld+json\" class=\"yoast-schema-graph\">{\"@context\":\"https:\/\/schema.org\",\"@graph\":[{\"@type\":\"WebPage\",\"@id\":\"https:\/\/kortleksbolaget.se\/da\/produkt\/virtuoso-p1-limited-edition\/\",\"url\":\"https:\/\/kortleksbolaget.se\/da\/produkt\/virtuoso-p1-limited-edition\/\",\"name\":\"Kortlek Virtuoso P1 Limited Edition | Kortleksbolaget\",\"isPartOf\":{\"@id\":\"https:\/\/kortleksbolaget.se\/da\/#website\"},\"primaryImageOfPage\":{\"@id\":\"https:\/\/kortleksbolaget.se\/da\/produkt\/virtuoso-p1-limited-edition\/#primaryimage\"},\"image\":{\"@id\":\"https:\/\/kortleksbolaget.se\/da\/produkt\/virtuoso-p1-limited-edition\/#primaryimage\"},\"thumbnailUrl\":\"https:\/\/kortleksbolaget.se\/wp-content\/uploads\/virtuoso-p1.jpg\",\"datePublished\":\"2021-04-28T15:07:20+00:00\",\"dateModified\":\"2025-08-29T15:20:06+00:00\",\"description\":\"K\u00f6p Virtuoso P1 Limited Edition. Snabba leveranser & bra priser. Sveriges st\u00f6rsta sortiment av kortlekar p\u00e5 Kortleksbolaget!\",\"breadcrumb\":{\"@id\":\"https:\/\/kortleksbolaget.se\/da\/produkt\/virtuoso-p1-limited-edition\/#breadcrumb\"},\"inLanguage\":\"da-DK\",\"potentialAction\":[{\"@type\":\"ReadAction\",\"target\":[\"https:\/\/kortleksbolaget.se\/da\/produkt\/virtuoso-p1-limited-edition\/\"]}]},{\"@type\":\"ImageObject\",\"inLanguage\":\"da-DK\",\"@id\":\"https:\/\/kortleksbolaget.se\/da\/produkt\/virtuoso-p1-limited-edition\/#primaryimage\",\"url\":\"https:\/\/kortleksbolaget.se\/wp-content\/uploads\/virtuoso-p1.jpg\",\"contentUrl\":\"https:\/\/kortleksbolaget.se\/wp-content\/uploads\/virtuoso-p1.jpg\",\"width\":519,\"height\":779},{\"@type\":\"BreadcrumbList\",\"@id\":\"https:\/\/kortleksbolaget.se\/da\/produkt\/virtuoso-p1-limited-edition\/#breadcrumb\",\"itemListElement\":[{\"@type\":\"ListItem\",\"position\":1,\"name\":\"Hem\",\"item\":\"https:\/\/kortleksbolaget.se\/da\/\"},{\"@type\":\"ListItem\",\"position\":2,\"name\":\"Shop\",\"item\":\"https:\/\/kortleksbolaget.se\/da\/shop-2\/\"},{\"@type\":\"ListItem\",\"position\":3,\"name\":\"Virtuoso P1 Limited Edition\"}]},{\"@type\":\"WebSite\",\"@id\":\"https:\/\/kortleksbolaget.se\/da\/#website\",\"url\":\"https:\/\/kortleksbolaget.se\/da\/\",\"name\":\"Kortleksbolaget\",\"description\":\"Kortlekar p\u00e5 n\u00e4tet\",\"publisher\":{\"@id\":\"https:\/\/kortleksbolaget.se\/da\/#organization\"},\"potentialAction\":[{\"@type\":\"SearchAction\",\"target\":{\"@type\":\"EntryPoint\",\"urlTemplate\":\"https:\/\/kortleksbolaget.se\/da\/?s={search_term_string}\"},\"query-input\":{\"@type\":\"PropertyValueSpecification\",\"valueRequired\":true,\"valueName\":\"search_term_string\"}}],\"inLanguage\":\"da-DK\"},{\"@type\":\"Organization\",\"@id\":\"https:\/\/kortleksbolaget.se\/da\/#organization\",\"name\":\"Kortleksbolaget\",\"url\":\"https:\/\/kortleksbolaget.se\/da\/\",\"logo\":{\"@type\":\"ImageObject\",\"inLanguage\":\"da-DK\",\"@id\":\"https:\/\/kortleksbolaget.se\/da\/#\/schema\/logo\/image\/\",\"url\":\"https:\/\/kortleksbolaget.se\/wp-content\/uploads\/kortleksbolaget_logo-svart.png\",\"contentUrl\":\"https:\/\/kortleksbolaget.se\/wp-content\/uploads\/kortleksbolaget_logo-svart.png\",\"width\":1200,\"height\":296,\"caption\":\"Kortleksbolaget\"},\"image\":{\"@id\":\"https:\/\/kortleksbolaget.se\/da\/#\/schema\/logo\/image\/\"}}]}<\/script>\n<!-- \/ Yoast SEO plugin. -->","yoast_head_json":{"title":"Kortlek Virtuoso P1 Limited Edition | Kortleksbolaget","description":"K\u00f6p Virtuoso P1 Limited Edition. Snabba leveranser & bra priser. Sveriges st\u00f6rsta sortiment av kortlekar p\u00e5 Kortleksbolaget!","robots":{"index":"index","follow":"follow","max-snippet":"max-snippet:-1","max-image-preview":"max-image-preview:large","max-video-preview":"max-video-preview:-1"},"canonical":"https:\/\/kortleksbolaget.se\/da\/produkt\/virtuoso-p1-limited-edition\/","og_locale":"da_DK","og_type":"article","og_title":"Kortlek Virtuoso P1 Limited Edition | Kortleksbolaget","og_description":"K\u00f6p Virtuoso P1 Limited Edition. Snabba leveranser & bra priser. Sveriges st\u00f6rsta sortiment av kortlekar p\u00e5 Kortleksbolaget!","og_url":"https:\/\/kortleksbolaget.se\/da\/produkt\/virtuoso-p1-limited-edition\/","og_site_name":"Kortleksbolaget","article_modified_time":"2025-08-29T15:20:06+00:00","og_image":[{"width":519,"height":779,"url":"https:\/\/kortleksbolaget.se\/wp-content\/uploads\/virtuoso-p1.jpg","type":"image\/jpeg"}],"twitter_card":"summary_large_image","schema":{"@context":"https:\/\/schema.org","@graph":[{"@type":"WebPage","@id":"https:\/\/kortleksbolaget.se\/da\/produkt\/virtuoso-p1-limited-edition\/","url":"https:\/\/kortleksbolaget.se\/da\/produkt\/virtuoso-p1-limited-edition\/","name":"Kortlek Virtuoso P1 Limited Edition | Kortleksbolaget","isPartOf":{"@id":"https:\/\/kortleksbolaget.se\/da\/#website"},"primaryImageOfPage":{"@id":"https:\/\/kortleksbolaget.se\/da\/produkt\/virtuoso-p1-limited-edition\/#primaryimage"},"image":{"@id":"https:\/\/kortleksbolaget.se\/da\/produkt\/virtuoso-p1-limited-edition\/#primaryimage"},"thumbnailUrl":"https:\/\/kortleksbolaget.se\/wp-content\/uploads\/virtuoso-p1.jpg","datePublished":"2021-04-28T15:07:20+00:00","dateModified":"2025-08-29T15:20:06+00:00","description":"K\u00f6p Virtuoso P1 Limited Edition. Snabba leveranser & bra priser. Sveriges st\u00f6rsta sortiment av kortlekar p\u00e5 Kortleksbolaget!","breadcrumb":{"@id":"https:\/\/kortleksbolaget.se\/da\/produkt\/virtuoso-p1-limited-edition\/#breadcrumb"},"inLanguage":"da-DK","potentialAction":[{"@type":"ReadAction","target":["https:\/\/kortleksbolaget.se\/da\/produkt\/virtuoso-p1-limited-edition\/"]}]},{"@type":"ImageObject","inLanguage":"da-DK","@id":"https:\/\/kortleksbolaget.se\/da\/produkt\/virtuoso-p1-limited-edition\/#primaryimage","url":"https:\/\/kortleksbolaget.se\/wp-content\/uploads\/virtuoso-p1.jpg","contentUrl":"https:\/\/kortleksbolaget.se\/wp-content\/uploads\/virtuoso-p1.jpg","width":519,"height":779},{"@type":"BreadcrumbList","@id":"https:\/\/kortleksbolaget.se\/da\/produkt\/virtuoso-p1-limited-edition\/#breadcrumb","itemListElement":[{"@type":"ListItem","position":1,"name":"Hem","item":"https:\/\/kortleksbolaget.se\/da\/"},{"@type":"ListItem","position":2,"name":"Shop","item":"https:\/\/kortleksbolaget.se\/da\/shop-2\/"},{"@type":"ListItem","position":3,"name":"Virtuoso P1 Limited Edition"}]},{"@type":"WebSite","@id":"https:\/\/kortleksbolaget.se\/da\/#website","url":"https:\/\/kortleksbolaget.se\/da\/","name":"Kortleksbolaget","description":"Kortlekar p\u00e5 n\u00e4tet","publisher":{"@id":"https:\/\/kortleksbolaget.se\/da\/#organization"},"potentialAction":[{"@type":"SearchAction","target":{"@type":"EntryPoint","urlTemplate":"https:\/\/kortleksbolaget.se\/da\/?s={search_term_string}"},"query-input":{"@type":"PropertyValueSpecification","valueRequired":true,"valueName":"search_term_string"}}],"inLanguage":"da-DK"},{"@type":"Organization","@id":"https:\/\/kortleksbolaget.se\/da\/#organization","name":"Kortleksbolaget","url":"https:\/\/kortleksbolaget.se\/da\/","logo":{"@type":"ImageObject","inLanguage":"da-DK","@id":"https:\/\/kortleksbolaget.se\/da\/#\/schema\/logo\/image\/","url":"https:\/\/kortleksbolaget.se\/wp-content\/uploads\/kortleksbolaget_logo-svart.png","contentUrl":"https:\/\/kortleksbolaget.se\/wp-content\/uploads\/kortleksbolaget_logo-svart.png","width":1200,"height":296,"caption":"Kortleksbolaget"},"image":{"@id":"https:\/\/kortleksbolaget.se\/da\/#\/schema\/logo\/image\/"}}]}},"_links":{"self":[{"href":"https:\/\/kortleksbolaget.se\/da\/wp-json\/wp\/v2\/product\/53359","targetHints":{"allow":["GET"]}}],"collection":[{"href":"https:\/\/kortleksbolaget.se\/da\/wp-json\/wp\/v2\/product"}],"about":[{"href":"https:\/\/kortleksbolaget.se\/da\/wp-json\/wp\/v2\/types\/product"}],"wp:featuredmedia":[{"embeddable":true,"href":"https:\/\/kortleksbolaget.se\/da\/wp-json\/wp\/v2\/media\/53348"}],"wp:attachment":[{"href":"https:\/\/kortleksbolaget.se\/da\/wp-json\/wp\/v2\/media?parent=53359"}],"wp:term":[{"taxonomy":"product_brand","embeddable":true,"href":"https:\/\/kortleksbolaget.se\/da\/wp-json\/wp\/v2\/product_brand?post=53359"},{"taxonomy":"product_cat","embeddable":true,"href":"https:\/\/kortleksbolaget.se\/da\/wp-json\/wp\/v2\/product_cat?post=53359"},{"taxonomy":"product_tag","embeddable":true,"href":"https:\/\/kortleksbolaget.se\/da\/wp-json\/wp\/v2\/product_tag?post=53359"}],"curies":[{"name":"wp","href":"https:\/\/api.w.org\/{rel}","templated":true}]}}