{"id":79152,"date":"2022-02-23T15:35:55","date_gmt":"2022-02-23T14:35:55","guid":{"rendered":"https:\/\/kortleksbolaget.se\/produkt\/the-beatles-yellow-submarine\/"},"modified":"2022-12-05T14:39:12","modified_gmt":"2022-12-05T13:39:12","slug":"the-beatles-yellow-submarine","status":"publish","type":"product","link":"https:\/\/kortleksbolaget.se\/da\/produkt\/the-beatles-yellow-submarine\/","title":{"rendered":"The Beatles Yellow Submarine"},"content":{"rendered":"","protected":false},"excerpt":{"rendered":"<div id=\"tw-target-text-container\" class=\"tw-ta-container F0azHf tw-nfl\" tabindex=\"0\">\n<p id=\"tw-target-text\" class=\"tw-data-text tw-text-large tw-ta\" dir=\"ltr\" data-placeholder=\"\u00d6vers\u00e4ttning\"><span class=\"Y2IQFc\" lang=\"sv\">Special edition playing cards inspired by the 1968 animated film.<\/p>\n<p>Join Paul, John, George, and Ringo as they take a journey on a yellow submarine to Pepperland to save the music-loving inhabitants from the Blue Meanies! They stand no chance against the Fab Four&#8217;s groovy tunes.<\/p>\n<p><b>Premium Playing Cards<\/b><br \/>\nPremium playing cards featuring fan-favorite characters and artwork from the iconic animated musical adventure. The decks are illustrated with remarkable details and colorful, vibrant imagery. &#8220;It&#8217;s all in the mind y&#8217;know!&#8221;<\/p>\n<p><b>All You Need Is Love<\/b><br \/>\n<i>COLORFUL OUTER PACKAGING<\/i><br \/>\nDressed in the iconic style of Yellow Submarine, the boxes perfectly represent the character and life of both the film and album featuring the members of the band: John Lennon, Paul McCartney, George Harrison, and Ringo Starr. Featuring tactile embossing and deep black foil accents, these are some of the most vibrant, playful designs we&#8217;ve ever produced.<\/p>\n<p><b>All Together Now<\/b><br \/>\n<i>FULLY CUSTOM DESIGN<\/i><br \/>\nThe box, the back design, and all card faces have been meticulously crafted to pay tribute to Yellow Submarine. Take a ride to Pepperland each time the cards are held in your hand and brought out for play; you&#8217;ll feel like you&#8217;ve become a part of the film!<\/p>\n<p><b>&#8220;It&#8217;s All In The Mind Y&#8217;Know!&#8221;<\/b><br \/>\nTake a dive into the wonderful, whimsical world of Yellow Submarine and become a part of the experience that revolutionized the art of animation. The people of Pepperland will be glad you paid a visit &#8211; Chief Blue Meanie must be stopped!<\/p>\n<p><b>Unrivaled Print Quality<\/b><br \/>\n<i>MADE IN AMERICA<\/i><br \/>\ntheory11 produces the world&#8217;s finest playing cards. The cards themselves are made in the USA &#8211; printed on FSC-certified paper derived from sustainable forests, vegetable-based inks, and starch-based laminates.<\/span><\/p>\n<\/div>\n<div id=\"tw-target-rmn-container\" class=\"tw-target-rmn tw-ta-container F0azHf tw-nfl\">\n<pre id=\"tw-target-rmn\" class=\"tw-data-placeholder tw-text-small tw-ta\" dir=\"ltr\" data-placeholder=\"\"><\/pre>\n<\/div>\n<p> [&#8230;]<\/p>\n<p><a class=\"btn btn-secondary understrap-read-more-link\" href=\"https:\/\/kortleksbolaget.se\/da\/produkt\/the-beatles-yellow-submarine\/\">L\u00e6s mere&#8230;<span class=\"screen-reader-text\"> from The Beatles Yellow Submarine<\/span><\/a><\/p>\n","protected":false},"featured_media":79139,"template":"","meta":{"_acf_changed":false},"product_brand":[],"product_cat":[231],"product_tag":[],"class_list":{"0":"post-79152","1":"product","2":"type-product","3":"status-publish","4":"has-post-thumbnail","6":"varumarke-theory11-da","7":"product_cat-special-luksus-limited-da","9":"first","10":"outofstock","11":"taxable","12":"shipping-taxable","13":"purchasable","14":"product-type-simple"},"acf":[],"yoast_head":"<!-- This site is optimized with the Yoast SEO plugin v26.3 - https:\/\/yoast.com\/wordpress\/plugins\/seo\/ -->\n<title>Kortlek The Beatles Yellow Submarine | Kortleksbolaget<\/title>\n<meta name=\"description\" content=\"K\u00f6p The Beatles Yellow Submarine. Snabba leveranser &amp; bra priser. Sveriges st\u00f6rsta sortiment av kortlekar p\u00e5 Kortleksbolaget!\" \/>\n<meta name=\"robots\" content=\"index, follow, max-snippet:-1, max-image-preview:large, max-video-preview:-1\" \/>\n<link rel=\"canonical\" href=\"https:\/\/kortleksbolaget.se\/da\/produkt\/the-beatles-yellow-submarine\/\" \/>\n<meta property=\"og:locale\" content=\"da_DK\" \/>\n<meta property=\"og:type\" content=\"article\" \/>\n<meta property=\"og:title\" content=\"Kortlek The Beatles Yellow Submarine | Kortleksbolaget\" \/>\n<meta property=\"og:description\" content=\"K\u00f6p The Beatles Yellow Submarine. Snabba leveranser &amp; bra priser. Sveriges st\u00f6rsta sortiment av kortlekar p\u00e5 Kortleksbolaget!\" \/>\n<meta property=\"og:url\" content=\"https:\/\/kortleksbolaget.se\/da\/produkt\/the-beatles-yellow-submarine\/\" \/>\n<meta property=\"og:site_name\" content=\"Kortleksbolaget\" \/>\n<meta property=\"article:modified_time\" content=\"2022-12-05T13:39:12+00:00\" \/>\n<meta property=\"og:image\" content=\"https:\/\/kortleksbolaget.se\/wp-content\/uploads\/beatles-yellow-submarine.jpg\" \/>\n\t<meta property=\"og:image:width\" content=\"511\" \/>\n\t<meta property=\"og:image:height\" content=\"766\" \/>\n\t<meta property=\"og:image:type\" content=\"image\/jpeg\" \/>\n<meta name=\"twitter:card\" content=\"summary_large_image\" \/>\n<script type=\"application\/ld+json\" class=\"yoast-schema-graph\">{\"@context\":\"https:\/\/schema.org\",\"@graph\":[{\"@type\":\"WebPage\",\"@id\":\"https:\/\/kortleksbolaget.se\/da\/produkt\/the-beatles-yellow-submarine\/\",\"url\":\"https:\/\/kortleksbolaget.se\/da\/produkt\/the-beatles-yellow-submarine\/\",\"name\":\"Kortlek The Beatles Yellow Submarine | Kortleksbolaget\",\"isPartOf\":{\"@id\":\"https:\/\/kortleksbolaget.se\/da\/#website\"},\"primaryImageOfPage\":{\"@id\":\"https:\/\/kortleksbolaget.se\/da\/produkt\/the-beatles-yellow-submarine\/#primaryimage\"},\"image\":{\"@id\":\"https:\/\/kortleksbolaget.se\/da\/produkt\/the-beatles-yellow-submarine\/#primaryimage\"},\"thumbnailUrl\":\"https:\/\/kortleksbolaget.se\/wp-content\/uploads\/beatles-yellow-submarine.jpg\",\"datePublished\":\"2022-02-23T14:35:55+00:00\",\"dateModified\":\"2022-12-05T13:39:12+00:00\",\"description\":\"K\u00f6p The Beatles Yellow Submarine. Snabba leveranser & bra priser. Sveriges st\u00f6rsta sortiment av kortlekar p\u00e5 Kortleksbolaget!\",\"breadcrumb\":{\"@id\":\"https:\/\/kortleksbolaget.se\/da\/produkt\/the-beatles-yellow-submarine\/#breadcrumb\"},\"inLanguage\":\"da-DK\",\"potentialAction\":[{\"@type\":\"ReadAction\",\"target\":[\"https:\/\/kortleksbolaget.se\/da\/produkt\/the-beatles-yellow-submarine\/\"]}]},{\"@type\":\"ImageObject\",\"inLanguage\":\"da-DK\",\"@id\":\"https:\/\/kortleksbolaget.se\/da\/produkt\/the-beatles-yellow-submarine\/#primaryimage\",\"url\":\"https:\/\/kortleksbolaget.se\/wp-content\/uploads\/beatles-yellow-submarine.jpg\",\"contentUrl\":\"https:\/\/kortleksbolaget.se\/wp-content\/uploads\/beatles-yellow-submarine.jpg\",\"width\":511,\"height\":766},{\"@type\":\"BreadcrumbList\",\"@id\":\"https:\/\/kortleksbolaget.se\/da\/produkt\/the-beatles-yellow-submarine\/#breadcrumb\",\"itemListElement\":[{\"@type\":\"ListItem\",\"position\":1,\"name\":\"Hem\",\"item\":\"https:\/\/kortleksbolaget.se\/da\/\"},{\"@type\":\"ListItem\",\"position\":2,\"name\":\"Shop\",\"item\":\"https:\/\/kortleksbolaget.se\/da\/shop-2\/\"},{\"@type\":\"ListItem\",\"position\":3,\"name\":\"The Beatles Yellow Submarine\"}]},{\"@type\":\"WebSite\",\"@id\":\"https:\/\/kortleksbolaget.se\/da\/#website\",\"url\":\"https:\/\/kortleksbolaget.se\/da\/\",\"name\":\"Kortleksbolaget\",\"description\":\"Kortlekar p\u00e5 n\u00e4tet\",\"publisher\":{\"@id\":\"https:\/\/kortleksbolaget.se\/da\/#organization\"},\"potentialAction\":[{\"@type\":\"SearchAction\",\"target\":{\"@type\":\"EntryPoint\",\"urlTemplate\":\"https:\/\/kortleksbolaget.se\/da\/?s={search_term_string}\"},\"query-input\":{\"@type\":\"PropertyValueSpecification\",\"valueRequired\":true,\"valueName\":\"search_term_string\"}}],\"inLanguage\":\"da-DK\"},{\"@type\":\"Organization\",\"@id\":\"https:\/\/kortleksbolaget.se\/da\/#organization\",\"name\":\"Kortleksbolaget\",\"url\":\"https:\/\/kortleksbolaget.se\/da\/\",\"logo\":{\"@type\":\"ImageObject\",\"inLanguage\":\"da-DK\",\"@id\":\"https:\/\/kortleksbolaget.se\/da\/#\/schema\/logo\/image\/\",\"url\":\"https:\/\/kortleksbolaget.se\/wp-content\/uploads\/kortleksbolaget_logo-svart.png\",\"contentUrl\":\"https:\/\/kortleksbolaget.se\/wp-content\/uploads\/kortleksbolaget_logo-svart.png\",\"width\":1200,\"height\":296,\"caption\":\"Kortleksbolaget\"},\"image\":{\"@id\":\"https:\/\/kortleksbolaget.se\/da\/#\/schema\/logo\/image\/\"}}]}<\/script>\n<!-- \/ Yoast SEO plugin. -->","yoast_head_json":{"title":"Kortlek The Beatles Yellow Submarine | Kortleksbolaget","description":"K\u00f6p The Beatles Yellow Submarine. Snabba leveranser & bra priser. Sveriges st\u00f6rsta sortiment av kortlekar p\u00e5 Kortleksbolaget!","robots":{"index":"index","follow":"follow","max-snippet":"max-snippet:-1","max-image-preview":"max-image-preview:large","max-video-preview":"max-video-preview:-1"},"canonical":"https:\/\/kortleksbolaget.se\/da\/produkt\/the-beatles-yellow-submarine\/","og_locale":"da_DK","og_type":"article","og_title":"Kortlek The Beatles Yellow Submarine | Kortleksbolaget","og_description":"K\u00f6p The Beatles Yellow Submarine. Snabba leveranser & bra priser. Sveriges st\u00f6rsta sortiment av kortlekar p\u00e5 Kortleksbolaget!","og_url":"https:\/\/kortleksbolaget.se\/da\/produkt\/the-beatles-yellow-submarine\/","og_site_name":"Kortleksbolaget","article_modified_time":"2022-12-05T13:39:12+00:00","og_image":[{"width":511,"height":766,"url":"https:\/\/kortleksbolaget.se\/wp-content\/uploads\/beatles-yellow-submarine.jpg","type":"image\/jpeg"}],"twitter_card":"summary_large_image","schema":{"@context":"https:\/\/schema.org","@graph":[{"@type":"WebPage","@id":"https:\/\/kortleksbolaget.se\/da\/produkt\/the-beatles-yellow-submarine\/","url":"https:\/\/kortleksbolaget.se\/da\/produkt\/the-beatles-yellow-submarine\/","name":"Kortlek The Beatles Yellow Submarine | Kortleksbolaget","isPartOf":{"@id":"https:\/\/kortleksbolaget.se\/da\/#website"},"primaryImageOfPage":{"@id":"https:\/\/kortleksbolaget.se\/da\/produkt\/the-beatles-yellow-submarine\/#primaryimage"},"image":{"@id":"https:\/\/kortleksbolaget.se\/da\/produkt\/the-beatles-yellow-submarine\/#primaryimage"},"thumbnailUrl":"https:\/\/kortleksbolaget.se\/wp-content\/uploads\/beatles-yellow-submarine.jpg","datePublished":"2022-02-23T14:35:55+00:00","dateModified":"2022-12-05T13:39:12+00:00","description":"K\u00f6p The Beatles Yellow Submarine. Snabba leveranser & bra priser. Sveriges st\u00f6rsta sortiment av kortlekar p\u00e5 Kortleksbolaget!","breadcrumb":{"@id":"https:\/\/kortleksbolaget.se\/da\/produkt\/the-beatles-yellow-submarine\/#breadcrumb"},"inLanguage":"da-DK","potentialAction":[{"@type":"ReadAction","target":["https:\/\/kortleksbolaget.se\/da\/produkt\/the-beatles-yellow-submarine\/"]}]},{"@type":"ImageObject","inLanguage":"da-DK","@id":"https:\/\/kortleksbolaget.se\/da\/produkt\/the-beatles-yellow-submarine\/#primaryimage","url":"https:\/\/kortleksbolaget.se\/wp-content\/uploads\/beatles-yellow-submarine.jpg","contentUrl":"https:\/\/kortleksbolaget.se\/wp-content\/uploads\/beatles-yellow-submarine.jpg","width":511,"height":766},{"@type":"BreadcrumbList","@id":"https:\/\/kortleksbolaget.se\/da\/produkt\/the-beatles-yellow-submarine\/#breadcrumb","itemListElement":[{"@type":"ListItem","position":1,"name":"Hem","item":"https:\/\/kortleksbolaget.se\/da\/"},{"@type":"ListItem","position":2,"name":"Shop","item":"https:\/\/kortleksbolaget.se\/da\/shop-2\/"},{"@type":"ListItem","position":3,"name":"The Beatles Yellow Submarine"}]},{"@type":"WebSite","@id":"https:\/\/kortleksbolaget.se\/da\/#website","url":"https:\/\/kortleksbolaget.se\/da\/","name":"Kortleksbolaget","description":"Kortlekar p\u00e5 n\u00e4tet","publisher":{"@id":"https:\/\/kortleksbolaget.se\/da\/#organization"},"potentialAction":[{"@type":"SearchAction","target":{"@type":"EntryPoint","urlTemplate":"https:\/\/kortleksbolaget.se\/da\/?s={search_term_string}"},"query-input":{"@type":"PropertyValueSpecification","valueRequired":true,"valueName":"search_term_string"}}],"inLanguage":"da-DK"},{"@type":"Organization","@id":"https:\/\/kortleksbolaget.se\/da\/#organization","name":"Kortleksbolaget","url":"https:\/\/kortleksbolaget.se\/da\/","logo":{"@type":"ImageObject","inLanguage":"da-DK","@id":"https:\/\/kortleksbolaget.se\/da\/#\/schema\/logo\/image\/","url":"https:\/\/kortleksbolaget.se\/wp-content\/uploads\/kortleksbolaget_logo-svart.png","contentUrl":"https:\/\/kortleksbolaget.se\/wp-content\/uploads\/kortleksbolaget_logo-svart.png","width":1200,"height":296,"caption":"Kortleksbolaget"},"image":{"@id":"https:\/\/kortleksbolaget.se\/da\/#\/schema\/logo\/image\/"}}]}},"_links":{"self":[{"href":"https:\/\/kortleksbolaget.se\/da\/wp-json\/wp\/v2\/product\/79152","targetHints":{"allow":["GET"]}}],"collection":[{"href":"https:\/\/kortleksbolaget.se\/da\/wp-json\/wp\/v2\/product"}],"about":[{"href":"https:\/\/kortleksbolaget.se\/da\/wp-json\/wp\/v2\/types\/product"}],"wp:featuredmedia":[{"embeddable":true,"href":"https:\/\/kortleksbolaget.se\/da\/wp-json\/wp\/v2\/media\/79139"}],"wp:attachment":[{"href":"https:\/\/kortleksbolaget.se\/da\/wp-json\/wp\/v2\/media?parent=79152"}],"wp:term":[{"taxonomy":"product_brand","embeddable":true,"href":"https:\/\/kortleksbolaget.se\/da\/wp-json\/wp\/v2\/product_brand?post=79152"},{"taxonomy":"product_cat","embeddable":true,"href":"https:\/\/kortleksbolaget.se\/da\/wp-json\/wp\/v2\/product_cat?post=79152"},{"taxonomy":"product_tag","embeddable":true,"href":"https:\/\/kortleksbolaget.se\/da\/wp-json\/wp\/v2\/product_tag?post=79152"}],"curies":[{"name":"wp","href":"https:\/\/api.w.org\/{rel}","templated":true}]}}