{"id":84283,"date":"2022-04-07T20:29:45","date_gmt":"2022-04-07T18:29:45","guid":{"rendered":"https:\/\/kortleksbolaget.se\/produkt\/quantum-deck-by-craig-petty\/"},"modified":"2022-04-07T20:29:45","modified_gmt":"2022-04-07T18:29:45","slug":"quantum-deck-by-craig-petty","status":"publish","type":"product","link":"https:\/\/kortleksbolaget.se\/da\/produkt\/quantum-deck-by-craig-petty\/","title":{"rendered":"Quantum Deck by Craig Petty"},"content":{"rendered":"","protected":false},"excerpt":{"rendered":"<p><i>&#8220;I have not any idea. Not a ******* clue, dude. That&#8217;s really, really good&#8230; I&#8217;m completely floored..&#8221;<\/i><br \/>\n<b>&#8211; Adam Wilber<\/b><\/p>\n<p><i>&#8220;No clue.&#8221;<\/i><br \/>\n<b>&#8211; John Bannon<\/b><\/p>\n<p>The <b>ICONIC<\/b> Card At Any Number &#8211; revolutionized<\/p>\n<p>A once in a generation, giant leap forward in Card At Any Number methodology by Craig Petty<\/p>\n<p><b>THE EFFECT:<\/b><\/p>\n<ul>\n<li>One double blank deck. One singular playing card, lost within.<\/li>\n<li>A number is freely named.<\/li>\n<li>The magician slowly deals down.<\/li>\n<li>The playing card is exactly at that position.<\/li>\n<li>Everything is examinable.<\/li>\n<\/ul>\n<p>Here&#8217;s how it works&#8230; A <b>SINGLE PREDICTED<\/b> card (yes, it can be signed by the spectator) really is in multiple locations at entirely the same time. It&#8217;s at position 10, as much as position 20, or 25, or 31&#8230; you get the idea. It&#8217;s only when the spectator freely names a number that the card is now committed to a single position. This is not just what your spectator&#8217;s are told, it really is what is happening.<\/p>\n<p>The most staggering element to all of this; The Quantum Deck is practical. It&#8217;s a 10\/10, solid, worker.<\/p>\n<p>Absolutely perfect for table hopping, wedding, style gigs. Brilliant for casual social performances and identical when performed online. And as you&#8217;ll see in the performances, plays huge on stage!<\/p>\n<p><b>KEY FACTS:<\/b><\/p>\n<p>Deck is a real double blank deck.<br \/>\nThere really is <b>ONLY ONE<\/b>, signed card inside.<br \/>\nAny number can be <b>FREELY<\/b> named.<br \/>\nYour spectator can really examine the deck.<br \/>\nInstant reset.<br \/>\nEasy to do.<br \/>\n<b>NO<\/b> difficult math.<br \/>\nBlack Label certified.<\/p>\n<p><i>What you&#8217;ve just read is not the &#8220;dream CAAN&#8221; that we all wish we could perform; those are the bullet point facts of what the Quantum Deck is and DOES.<\/i><\/p>\n<p><b>COLD HARD TRUTH:<\/b><\/p>\n<p>Ok, this is <b>not real magic, but it is as close as you can get.<\/b><\/p>\n<p>There is a method.<\/p>\n<p>Normally the description wouldn&#8217;t tell you this, but we want to be as transparent as possible; as this is the only thing keeping Quantum Deck from being real actual magic.<\/p>\n<p>ANY number can be <b>FREELY<\/b> named. This is <b>ENTIRELY<\/b> true, but on those unusual occasions the spectator decides to name a particularly small number or unusually big number&#8230;you will need to easily nudge them to a more workable number with a suggestion or two. Easy right?<\/p>\n<p><b>Magician:<\/b> &#8220;Somewhere in the middle of the deck is your signed card, please name a number between 1-52.&#8221;<br \/>\n<b>Spectator:<\/b> &#8220;2&#8221;<br \/>\n<b>Magician:<\/b> &#8220;Remember we know it&#8217;s somewhere more towards the middle. Forget what you&#8217;re thinking for a moment, what does your intuition tell you?&#8221;<br \/>\n<b>Spectator:<\/b> &#8220;Ah yes&#8230; 11.&#8221;<\/p>\n<p><b> WHAT THE TOP MINDS IN MAGIC ARE SAYING:<\/b><\/p>\n<div><b><br \/>\n<\/b>There&#8217;s a reason why the smartest <i>thinkers<\/i>, best card handlers and top product <i>creators<\/i> alive today were fooled so badly by it&#8230; Quantum Deck is genius.<\/p>\n<p><i>&#8220;Craig Fooled The s*** Out of Me and I loved it.&#8221;<\/i><br \/>\n<b>&#8211; Brent Braun<\/b><\/p>\n<p><i>&#8220;That is awesome. I&#8217;ve never felt so fooled in my life. I need to start doing this trick right now.&#8221;<\/i><br \/>\n<b>&#8211; Justin Miller.<\/b><\/p>\n<p><i>&#8220;That is insane.&#8221;<\/i><br \/>\n<b>&#8211; David Jonathon<\/b><\/p>\n<p><i>&#8220;That&#8217;s awesome!&#8221;<\/i><br \/>\n<b>&#8211; Shawn Farquar<\/b><\/p>\n<p><i>&#8220;I literally have zero idea.&#8221;<\/i><br \/>\n<b>&#8211; Dee Christopher<\/b><\/p>\n<p><i>&#8220;Right, ok&#8230; I&#8217;ve got no idea.&#8221;<\/i><br \/>\n<b>&#8211; Peter Nardi<\/b><\/p>\n<p><i>&#8220;Dude&#8230; my mind is blown right now.&#8221;<\/i><br \/>\n<b>&#8211; Damien O&#8217;Brien<\/b><\/p>\n<p><i>&#8220;Mr Craig Petty, I have no idea.&#8221;<\/i><br \/>\n<b>&#8211; Kyle Purnell<\/b><\/p>\n<p><i>&#8220;Yeah, I have absolutely no idea, Craig. That&#8217;s really, really good.&#8221;<\/i><br \/>\n<b>&#8211; Marc Oberon<\/b><\/p>\n<p><b>INCLUDES:<\/b><\/p>\n<p>One specially gimmicked Quantum Deck<\/p>\n<p>One hour of live performances footage. Including walk around performances, virtual performances, and stage performances.<\/p>\n<p>Four hours of explanations.<\/p>\n<p><i>Oh wait, there&#8217;s more&#8230;<\/i><\/p>\n<p>The <b>Quantum Deck<\/b> does so much more than just Card At Any Number. You can perform transpositions, use it as a forcing deck, birthday predictions, comedy routines, you don&#8217;t even need to use a signed card! You can use a credit card, business card, or piece of paper. Anything you wish&#8230;and so much more. Best of all, Craig shows and teaches many of these ideas throughout the 4 hours of explanation footage.<\/p>\n<p>You have an Invisible Deck, a Stripper Deck and a Svengali Deck, complete your collection with The <b>Quantum Deck<\/b>.<\/div>\n<p> [&#8230;]<\/p>\n<p><a class=\"btn btn-secondary understrap-read-more-link\" href=\"https:\/\/kortleksbolaget.se\/da\/produkt\/quantum-deck-by-craig-petty\/\">L\u00e6s mere&#8230;<span class=\"screen-reader-text\"> from Quantum Deck by Craig Petty<\/span><\/a><\/p>\n","protected":false},"featured_media":84273,"template":"","meta":{"_acf_changed":false},"product_brand":[],"product_cat":[225],"product_tag":[],"class_list":{"0":"post-84283","1":"product","2":"type-product","3":"status-publish","4":"has-post-thumbnail","6":"product_cat-magisk-da","8":"first","9":"instock","10":"taxable","11":"shipping-taxable","12":"purchasable","13":"product-type-simple"},"acf":[],"yoast_head":"<!-- This site is optimized with the Yoast SEO plugin v26.3 - https:\/\/yoast.com\/wordpress\/plugins\/seo\/ -->\n<title>Kortlek Quantum Deck by Craig Petty | Kortleksbolaget<\/title>\n<meta name=\"description\" content=\"K\u00f6p Quantum Deck by Craig Petty. Snabba leveranser &amp; bra priser. Sveriges st\u00f6rsta sortiment av kortlekar p\u00e5 Kortleksbolaget!\" \/>\n<meta name=\"robots\" content=\"index, follow, max-snippet:-1, max-image-preview:large, max-video-preview:-1\" \/>\n<link rel=\"canonical\" href=\"https:\/\/kortleksbolaget.se\/da\/produkt\/quantum-deck-by-craig-petty\/\" \/>\n<meta property=\"og:locale\" content=\"da_DK\" \/>\n<meta property=\"og:type\" content=\"article\" \/>\n<meta property=\"og:title\" content=\"Kortlek Quantum Deck by Craig Petty | Kortleksbolaget\" \/>\n<meta property=\"og:description\" content=\"K\u00f6p Quantum Deck by Craig Petty. Snabba leveranser &amp; bra priser. Sveriges st\u00f6rsta sortiment av kortlekar p\u00e5 Kortleksbolaget!\" \/>\n<meta property=\"og:url\" content=\"https:\/\/kortleksbolaget.se\/da\/produkt\/quantum-deck-by-craig-petty\/\" \/>\n<meta property=\"og:site_name\" content=\"Kortleksbolaget\" \/>\n<meta property=\"og:image\" content=\"https:\/\/kortleksbolaget.se\/wp-content\/uploads\/Quantum-deck-craig-petty.jpg\" \/>\n\t<meta property=\"og:image:width\" content=\"685\" \/>\n\t<meta property=\"og:image:height\" content=\"1027\" \/>\n\t<meta property=\"og:image:type\" content=\"image\/jpeg\" \/>\n<meta name=\"twitter:card\" content=\"summary_large_image\" \/>\n<script type=\"application\/ld+json\" class=\"yoast-schema-graph\">{\"@context\":\"https:\/\/schema.org\",\"@graph\":[{\"@type\":\"WebPage\",\"@id\":\"https:\/\/kortleksbolaget.se\/da\/produkt\/quantum-deck-by-craig-petty\/\",\"url\":\"https:\/\/kortleksbolaget.se\/da\/produkt\/quantum-deck-by-craig-petty\/\",\"name\":\"Kortlek Quantum Deck by Craig Petty | Kortleksbolaget\",\"isPartOf\":{\"@id\":\"https:\/\/kortleksbolaget.se\/da\/#website\"},\"primaryImageOfPage\":{\"@id\":\"https:\/\/kortleksbolaget.se\/da\/produkt\/quantum-deck-by-craig-petty\/#primaryimage\"},\"image\":{\"@id\":\"https:\/\/kortleksbolaget.se\/da\/produkt\/quantum-deck-by-craig-petty\/#primaryimage\"},\"thumbnailUrl\":\"https:\/\/kortleksbolaget.se\/wp-content\/uploads\/Quantum-deck-craig-petty.jpg\",\"datePublished\":\"2022-04-07T18:29:45+00:00\",\"description\":\"K\u00f6p Quantum Deck by Craig Petty. Snabba leveranser & bra priser. Sveriges st\u00f6rsta sortiment av kortlekar p\u00e5 Kortleksbolaget!\",\"breadcrumb\":{\"@id\":\"https:\/\/kortleksbolaget.se\/da\/produkt\/quantum-deck-by-craig-petty\/#breadcrumb\"},\"inLanguage\":\"da-DK\",\"potentialAction\":[{\"@type\":\"ReadAction\",\"target\":[\"https:\/\/kortleksbolaget.se\/da\/produkt\/quantum-deck-by-craig-petty\/\"]}]},{\"@type\":\"ImageObject\",\"inLanguage\":\"da-DK\",\"@id\":\"https:\/\/kortleksbolaget.se\/da\/produkt\/quantum-deck-by-craig-petty\/#primaryimage\",\"url\":\"https:\/\/kortleksbolaget.se\/wp-content\/uploads\/Quantum-deck-craig-petty.jpg\",\"contentUrl\":\"https:\/\/kortleksbolaget.se\/wp-content\/uploads\/Quantum-deck-craig-petty.jpg\",\"width\":685,\"height\":1027},{\"@type\":\"BreadcrumbList\",\"@id\":\"https:\/\/kortleksbolaget.se\/da\/produkt\/quantum-deck-by-craig-petty\/#breadcrumb\",\"itemListElement\":[{\"@type\":\"ListItem\",\"position\":1,\"name\":\"Hem\",\"item\":\"https:\/\/kortleksbolaget.se\/da\/\"},{\"@type\":\"ListItem\",\"position\":2,\"name\":\"Shop\",\"item\":\"https:\/\/kortleksbolaget.se\/da\/shop-2\/\"},{\"@type\":\"ListItem\",\"position\":3,\"name\":\"Quantum Deck by Craig Petty\"}]},{\"@type\":\"WebSite\",\"@id\":\"https:\/\/kortleksbolaget.se\/da\/#website\",\"url\":\"https:\/\/kortleksbolaget.se\/da\/\",\"name\":\"Kortleksbolaget\",\"description\":\"Kortlekar p\u00e5 n\u00e4tet\",\"publisher\":{\"@id\":\"https:\/\/kortleksbolaget.se\/da\/#organization\"},\"potentialAction\":[{\"@type\":\"SearchAction\",\"target\":{\"@type\":\"EntryPoint\",\"urlTemplate\":\"https:\/\/kortleksbolaget.se\/da\/?s={search_term_string}\"},\"query-input\":{\"@type\":\"PropertyValueSpecification\",\"valueRequired\":true,\"valueName\":\"search_term_string\"}}],\"inLanguage\":\"da-DK\"},{\"@type\":\"Organization\",\"@id\":\"https:\/\/kortleksbolaget.se\/da\/#organization\",\"name\":\"Kortleksbolaget\",\"url\":\"https:\/\/kortleksbolaget.se\/da\/\",\"logo\":{\"@type\":\"ImageObject\",\"inLanguage\":\"da-DK\",\"@id\":\"https:\/\/kortleksbolaget.se\/da\/#\/schema\/logo\/image\/\",\"url\":\"https:\/\/kortleksbolaget.se\/wp-content\/uploads\/kortleksbolaget_logo-svart.png\",\"contentUrl\":\"https:\/\/kortleksbolaget.se\/wp-content\/uploads\/kortleksbolaget_logo-svart.png\",\"width\":1200,\"height\":296,\"caption\":\"Kortleksbolaget\"},\"image\":{\"@id\":\"https:\/\/kortleksbolaget.se\/da\/#\/schema\/logo\/image\/\"}}]}<\/script>\n<!-- \/ Yoast SEO plugin. -->","yoast_head_json":{"title":"Kortlek Quantum Deck by Craig Petty | Kortleksbolaget","description":"K\u00f6p Quantum Deck by Craig Petty. Snabba leveranser & bra priser. Sveriges st\u00f6rsta sortiment av kortlekar p\u00e5 Kortleksbolaget!","robots":{"index":"index","follow":"follow","max-snippet":"max-snippet:-1","max-image-preview":"max-image-preview:large","max-video-preview":"max-video-preview:-1"},"canonical":"https:\/\/kortleksbolaget.se\/da\/produkt\/quantum-deck-by-craig-petty\/","og_locale":"da_DK","og_type":"article","og_title":"Kortlek Quantum Deck by Craig Petty | Kortleksbolaget","og_description":"K\u00f6p Quantum Deck by Craig Petty. Snabba leveranser & bra priser. Sveriges st\u00f6rsta sortiment av kortlekar p\u00e5 Kortleksbolaget!","og_url":"https:\/\/kortleksbolaget.se\/da\/produkt\/quantum-deck-by-craig-petty\/","og_site_name":"Kortleksbolaget","og_image":[{"width":685,"height":1027,"url":"https:\/\/kortleksbolaget.se\/wp-content\/uploads\/Quantum-deck-craig-petty.jpg","type":"image\/jpeg"}],"twitter_card":"summary_large_image","schema":{"@context":"https:\/\/schema.org","@graph":[{"@type":"WebPage","@id":"https:\/\/kortleksbolaget.se\/da\/produkt\/quantum-deck-by-craig-petty\/","url":"https:\/\/kortleksbolaget.se\/da\/produkt\/quantum-deck-by-craig-petty\/","name":"Kortlek Quantum Deck by Craig Petty | Kortleksbolaget","isPartOf":{"@id":"https:\/\/kortleksbolaget.se\/da\/#website"},"primaryImageOfPage":{"@id":"https:\/\/kortleksbolaget.se\/da\/produkt\/quantum-deck-by-craig-petty\/#primaryimage"},"image":{"@id":"https:\/\/kortleksbolaget.se\/da\/produkt\/quantum-deck-by-craig-petty\/#primaryimage"},"thumbnailUrl":"https:\/\/kortleksbolaget.se\/wp-content\/uploads\/Quantum-deck-craig-petty.jpg","datePublished":"2022-04-07T18:29:45+00:00","description":"K\u00f6p Quantum Deck by Craig Petty. Snabba leveranser & bra priser. Sveriges st\u00f6rsta sortiment av kortlekar p\u00e5 Kortleksbolaget!","breadcrumb":{"@id":"https:\/\/kortleksbolaget.se\/da\/produkt\/quantum-deck-by-craig-petty\/#breadcrumb"},"inLanguage":"da-DK","potentialAction":[{"@type":"ReadAction","target":["https:\/\/kortleksbolaget.se\/da\/produkt\/quantum-deck-by-craig-petty\/"]}]},{"@type":"ImageObject","inLanguage":"da-DK","@id":"https:\/\/kortleksbolaget.se\/da\/produkt\/quantum-deck-by-craig-petty\/#primaryimage","url":"https:\/\/kortleksbolaget.se\/wp-content\/uploads\/Quantum-deck-craig-petty.jpg","contentUrl":"https:\/\/kortleksbolaget.se\/wp-content\/uploads\/Quantum-deck-craig-petty.jpg","width":685,"height":1027},{"@type":"BreadcrumbList","@id":"https:\/\/kortleksbolaget.se\/da\/produkt\/quantum-deck-by-craig-petty\/#breadcrumb","itemListElement":[{"@type":"ListItem","position":1,"name":"Hem","item":"https:\/\/kortleksbolaget.se\/da\/"},{"@type":"ListItem","position":2,"name":"Shop","item":"https:\/\/kortleksbolaget.se\/da\/shop-2\/"},{"@type":"ListItem","position":3,"name":"Quantum Deck by Craig Petty"}]},{"@type":"WebSite","@id":"https:\/\/kortleksbolaget.se\/da\/#website","url":"https:\/\/kortleksbolaget.se\/da\/","name":"Kortleksbolaget","description":"Kortlekar p\u00e5 n\u00e4tet","publisher":{"@id":"https:\/\/kortleksbolaget.se\/da\/#organization"},"potentialAction":[{"@type":"SearchAction","target":{"@type":"EntryPoint","urlTemplate":"https:\/\/kortleksbolaget.se\/da\/?s={search_term_string}"},"query-input":{"@type":"PropertyValueSpecification","valueRequired":true,"valueName":"search_term_string"}}],"inLanguage":"da-DK"},{"@type":"Organization","@id":"https:\/\/kortleksbolaget.se\/da\/#organization","name":"Kortleksbolaget","url":"https:\/\/kortleksbolaget.se\/da\/","logo":{"@type":"ImageObject","inLanguage":"da-DK","@id":"https:\/\/kortleksbolaget.se\/da\/#\/schema\/logo\/image\/","url":"https:\/\/kortleksbolaget.se\/wp-content\/uploads\/kortleksbolaget_logo-svart.png","contentUrl":"https:\/\/kortleksbolaget.se\/wp-content\/uploads\/kortleksbolaget_logo-svart.png","width":1200,"height":296,"caption":"Kortleksbolaget"},"image":{"@id":"https:\/\/kortleksbolaget.se\/da\/#\/schema\/logo\/image\/"}}]}},"_links":{"self":[{"href":"https:\/\/kortleksbolaget.se\/da\/wp-json\/wp\/v2\/product\/84283","targetHints":{"allow":["GET"]}}],"collection":[{"href":"https:\/\/kortleksbolaget.se\/da\/wp-json\/wp\/v2\/product"}],"about":[{"href":"https:\/\/kortleksbolaget.se\/da\/wp-json\/wp\/v2\/types\/product"}],"wp:featuredmedia":[{"embeddable":true,"href":"https:\/\/kortleksbolaget.se\/da\/wp-json\/wp\/v2\/media\/84273"}],"wp:attachment":[{"href":"https:\/\/kortleksbolaget.se\/da\/wp-json\/wp\/v2\/media?parent=84283"}],"wp:term":[{"taxonomy":"product_brand","embeddable":true,"href":"https:\/\/kortleksbolaget.se\/da\/wp-json\/wp\/v2\/product_brand?post=84283"},{"taxonomy":"product_cat","embeddable":true,"href":"https:\/\/kortleksbolaget.se\/da\/wp-json\/wp\/v2\/product_cat?post=84283"},{"taxonomy":"product_tag","embeddable":true,"href":"https:\/\/kortleksbolaget.se\/da\/wp-json\/wp\/v2\/product_tag?post=84283"}],"curies":[{"name":"wp","href":"https:\/\/api.w.org\/{rel}","templated":true}]}}