{"id":90116,"date":"2022-06-30T15:56:13","date_gmt":"2022-06-30T13:56:13","guid":{"rendered":"https:\/\/kortleksbolaget.se\/produkt\/paul-harris-original-bicycle-rider-back-twilight-angels-red\/"},"modified":"2022-06-30T15:56:13","modified_gmt":"2022-06-30T13:56:13","slug":"paul-harris-original-bicycle-rider-back-twilight-angels-red","status":"publish","type":"product","link":"https:\/\/kortleksbolaget.se\/da\/produkt\/paul-harris-original-bicycle-rider-back-twilight-angels-red\/","title":{"rendered":"Paul Harris Original Bicycle Rider Back Twilight Angels RED"},"content":{"rendered":"","protected":false},"excerpt":{"rendered":"<div id=\"tw-target-text-container\" class=\"tw-ta-container F0azHf tw-nfl\" tabindex=\"0\">\n<div id=\"tw-target-text-container\" class=\"tw-ta-container F0azHf tw-nfl\" tabindex=\"0\">\n<p id=\"tw-target-text\" class=\"tw-data-text tw-text-large tw-ta\" dir=\"ltr\" data-placeholder=\"\u00d6vers\u00e4ttning\"><span class=\"Y2IQFc\" lang=\"en\">Twilight Angels is Paul Harris&#8217; all time favorite effect from TA. Paul Harris Presents offers access to an extremely limited edition of Bicycle Rider Back Twilight Angels Cards. These rare custom cards are no longer produced by the USPCC and will never be reprinted (unless they change their policy). Single Rider Back Twilight Angel Cards have recently been sold online as a collectible item for $ 7 per card! If you love Paul Harris&#8217; Twilght Angels and simply must have the no longer made Rider Back version&#8230; then this is your best chance to get this card. The Twilight Angels trick by Paul Harris is perhaps the most popular of all his card tricks. NOTE: Instructions are NOT included. The trick is described in his works &#8220;Art of Astonishments&#8221; and &#8220;True Astonishments&#8221;. There are also plenty of youtube videos with Twilight Angels if you want to check out the trick. NOTE: This card is sold individually.<\/span><\/p>\n<\/div>\n<pre id=\"tw-target-rmn\" class=\"tw-data-placeholder tw-text-small tw-ta\" dir=\"ltr\" data-placeholder=\"\"><\/pre>\n<p id=\"tw-target-text\" class=\"tw-data-text tw-text-large tw-ta\" dir=\"ltr\" data-placeholder=\"\u00d6vers\u00e4ttning\"><span class=\"Y2IQFc\" lang=\"sv\">\u00a0<\/span><\/p>\n<\/div>\n<div id=\"tw-target-rmn-container\" class=\"tw-target-rmn tw-ta-container F0azHf tw-nfl\">\n<p id=\"tw-target-rmn\" class=\"tw-data-placeholder tw-text-small tw-ta\" dir=\"ltr\">\n<\/div>\n<p> [&#8230;]<\/p>\n<p><a class=\"btn btn-secondary understrap-read-more-link\" href=\"https:\/\/kortleksbolaget.se\/da\/produkt\/paul-harris-original-bicycle-rider-back-twilight-angels-red\/\">L\u00e6s mere&#8230;<span class=\"screen-reader-text\"> from Paul Harris Original Bicycle Rider Back Twilight Angels RED<\/span><\/a><\/p>\n","protected":false},"featured_media":90130,"template":"","meta":{"_acf_changed":false},"product_brand":[],"product_cat":[225],"product_tag":[],"class_list":{"0":"post-90116","1":"product","2":"type-product","3":"status-publish","4":"has-post-thumbnail","6":"varumarke-bicycle-da","7":"varumarke-uspcc-da","8":"product_cat-magisk-da","10":"first","11":"instock","12":"taxable","13":"shipping-taxable","14":"purchasable","15":"product-type-simple"},"acf":[],"yoast_head":"<!-- This site is optimized with the Yoast SEO plugin v26.3 - https:\/\/yoast.com\/wordpress\/plugins\/seo\/ -->\n<title>Kortlek Paul Harris Original Bicycle Rider Back Twilight Angels RED | Kortleksbolaget<\/title>\n<meta name=\"description\" content=\"K\u00f6p Paul Harris Original Bicycle Rider Back Twilight Angels RED. Snabba leveranser &amp; bra priser. Sveriges st\u00f6rsta sortiment av kortlekar p\u00e5 Kortleksbolaget!\" \/>\n<meta name=\"robots\" content=\"index, follow, max-snippet:-1, max-image-preview:large, max-video-preview:-1\" \/>\n<link rel=\"canonical\" href=\"https:\/\/kortleksbolaget.se\/da\/produkt\/paul-harris-original-bicycle-rider-back-twilight-angels-red\/\" \/>\n<meta property=\"og:locale\" content=\"da_DK\" \/>\n<meta property=\"og:type\" content=\"article\" \/>\n<meta property=\"og:title\" content=\"Kortlek Paul Harris Original Bicycle Rider Back Twilight Angels RED | Kortleksbolaget\" \/>\n<meta property=\"og:description\" content=\"K\u00f6p Paul Harris Original Bicycle Rider Back Twilight Angels RED. Snabba leveranser &amp; bra priser. Sveriges st\u00f6rsta sortiment av kortlekar p\u00e5 Kortleksbolaget!\" \/>\n<meta property=\"og:url\" content=\"https:\/\/kortleksbolaget.se\/da\/produkt\/paul-harris-original-bicycle-rider-back-twilight-angels-red\/\" \/>\n<meta property=\"og:site_name\" content=\"Kortleksbolaget\" \/>\n<meta property=\"og:image\" content=\"https:\/\/kortleksbolaget.se\/wp-content\/uploads\/twilight-angels-bicycle-paul-harris-3.jpg\" \/>\n\t<meta property=\"og:image:width\" content=\"517\" \/>\n\t<meta property=\"og:image:height\" content=\"775\" \/>\n\t<meta property=\"og:image:type\" content=\"image\/jpeg\" \/>\n<meta name=\"twitter:card\" content=\"summary_large_image\" \/>\n<script type=\"application\/ld+json\" class=\"yoast-schema-graph\">{\"@context\":\"https:\/\/schema.org\",\"@graph\":[{\"@type\":\"WebPage\",\"@id\":\"https:\/\/kortleksbolaget.se\/da\/produkt\/paul-harris-original-bicycle-rider-back-twilight-angels-red\/\",\"url\":\"https:\/\/kortleksbolaget.se\/da\/produkt\/paul-harris-original-bicycle-rider-back-twilight-angels-red\/\",\"name\":\"Kortlek Paul Harris Original Bicycle Rider Back Twilight Angels RED | Kortleksbolaget\",\"isPartOf\":{\"@id\":\"https:\/\/kortleksbolaget.se\/da\/#website\"},\"primaryImageOfPage\":{\"@id\":\"https:\/\/kortleksbolaget.se\/da\/produkt\/paul-harris-original-bicycle-rider-back-twilight-angels-red\/#primaryimage\"},\"image\":{\"@id\":\"https:\/\/kortleksbolaget.se\/da\/produkt\/paul-harris-original-bicycle-rider-back-twilight-angels-red\/#primaryimage\"},\"thumbnailUrl\":\"https:\/\/kortleksbolaget.se\/wp-content\/uploads\/twilight-angels-bicycle-paul-harris-3.jpg\",\"datePublished\":\"2022-06-30T13:56:13+00:00\",\"description\":\"K\u00f6p Paul Harris Original Bicycle Rider Back Twilight Angels RED. Snabba leveranser & bra priser. Sveriges st\u00f6rsta sortiment av kortlekar p\u00e5 Kortleksbolaget!\",\"breadcrumb\":{\"@id\":\"https:\/\/kortleksbolaget.se\/da\/produkt\/paul-harris-original-bicycle-rider-back-twilight-angels-red\/#breadcrumb\"},\"inLanguage\":\"da-DK\",\"potentialAction\":[{\"@type\":\"ReadAction\",\"target\":[\"https:\/\/kortleksbolaget.se\/da\/produkt\/paul-harris-original-bicycle-rider-back-twilight-angels-red\/\"]}]},{\"@type\":\"ImageObject\",\"inLanguage\":\"da-DK\",\"@id\":\"https:\/\/kortleksbolaget.se\/da\/produkt\/paul-harris-original-bicycle-rider-back-twilight-angels-red\/#primaryimage\",\"url\":\"https:\/\/kortleksbolaget.se\/wp-content\/uploads\/twilight-angels-bicycle-paul-harris-3.jpg\",\"contentUrl\":\"https:\/\/kortleksbolaget.se\/wp-content\/uploads\/twilight-angels-bicycle-paul-harris-3.jpg\",\"width\":517,\"height\":775},{\"@type\":\"BreadcrumbList\",\"@id\":\"https:\/\/kortleksbolaget.se\/da\/produkt\/paul-harris-original-bicycle-rider-back-twilight-angels-red\/#breadcrumb\",\"itemListElement\":[{\"@type\":\"ListItem\",\"position\":1,\"name\":\"Hem\",\"item\":\"https:\/\/kortleksbolaget.se\/da\/\"},{\"@type\":\"ListItem\",\"position\":2,\"name\":\"Shop\",\"item\":\"https:\/\/kortleksbolaget.se\/da\/shop-2\/\"},{\"@type\":\"ListItem\",\"position\":3,\"name\":\"Paul Harris Original Bicycle Rider Back Twilight Angels RED\"}]},{\"@type\":\"WebSite\",\"@id\":\"https:\/\/kortleksbolaget.se\/da\/#website\",\"url\":\"https:\/\/kortleksbolaget.se\/da\/\",\"name\":\"Kortleksbolaget\",\"description\":\"Kortlekar p\u00e5 n\u00e4tet\",\"publisher\":{\"@id\":\"https:\/\/kortleksbolaget.se\/da\/#organization\"},\"potentialAction\":[{\"@type\":\"SearchAction\",\"target\":{\"@type\":\"EntryPoint\",\"urlTemplate\":\"https:\/\/kortleksbolaget.se\/da\/?s={search_term_string}\"},\"query-input\":{\"@type\":\"PropertyValueSpecification\",\"valueRequired\":true,\"valueName\":\"search_term_string\"}}],\"inLanguage\":\"da-DK\"},{\"@type\":\"Organization\",\"@id\":\"https:\/\/kortleksbolaget.se\/da\/#organization\",\"name\":\"Kortleksbolaget\",\"url\":\"https:\/\/kortleksbolaget.se\/da\/\",\"logo\":{\"@type\":\"ImageObject\",\"inLanguage\":\"da-DK\",\"@id\":\"https:\/\/kortleksbolaget.se\/da\/#\/schema\/logo\/image\/\",\"url\":\"https:\/\/kortleksbolaget.se\/wp-content\/uploads\/kortleksbolaget_logo-svart.png\",\"contentUrl\":\"https:\/\/kortleksbolaget.se\/wp-content\/uploads\/kortleksbolaget_logo-svart.png\",\"width\":1200,\"height\":296,\"caption\":\"Kortleksbolaget\"},\"image\":{\"@id\":\"https:\/\/kortleksbolaget.se\/da\/#\/schema\/logo\/image\/\"}}]}<\/script>\n<!-- \/ Yoast SEO plugin. -->","yoast_head_json":{"title":"Kortlek Paul Harris Original Bicycle Rider Back Twilight Angels RED | Kortleksbolaget","description":"K\u00f6p Paul Harris Original Bicycle Rider Back Twilight Angels RED. Snabba leveranser & bra priser. Sveriges st\u00f6rsta sortiment av kortlekar p\u00e5 Kortleksbolaget!","robots":{"index":"index","follow":"follow","max-snippet":"max-snippet:-1","max-image-preview":"max-image-preview:large","max-video-preview":"max-video-preview:-1"},"canonical":"https:\/\/kortleksbolaget.se\/da\/produkt\/paul-harris-original-bicycle-rider-back-twilight-angels-red\/","og_locale":"da_DK","og_type":"article","og_title":"Kortlek Paul Harris Original Bicycle Rider Back Twilight Angels RED | Kortleksbolaget","og_description":"K\u00f6p Paul Harris Original Bicycle Rider Back Twilight Angels RED. Snabba leveranser & bra priser. Sveriges st\u00f6rsta sortiment av kortlekar p\u00e5 Kortleksbolaget!","og_url":"https:\/\/kortleksbolaget.se\/da\/produkt\/paul-harris-original-bicycle-rider-back-twilight-angels-red\/","og_site_name":"Kortleksbolaget","og_image":[{"width":517,"height":775,"url":"https:\/\/kortleksbolaget.se\/wp-content\/uploads\/twilight-angels-bicycle-paul-harris-3.jpg","type":"image\/jpeg"}],"twitter_card":"summary_large_image","schema":{"@context":"https:\/\/schema.org","@graph":[{"@type":"WebPage","@id":"https:\/\/kortleksbolaget.se\/da\/produkt\/paul-harris-original-bicycle-rider-back-twilight-angels-red\/","url":"https:\/\/kortleksbolaget.se\/da\/produkt\/paul-harris-original-bicycle-rider-back-twilight-angels-red\/","name":"Kortlek Paul Harris Original Bicycle Rider Back Twilight Angels RED | Kortleksbolaget","isPartOf":{"@id":"https:\/\/kortleksbolaget.se\/da\/#website"},"primaryImageOfPage":{"@id":"https:\/\/kortleksbolaget.se\/da\/produkt\/paul-harris-original-bicycle-rider-back-twilight-angels-red\/#primaryimage"},"image":{"@id":"https:\/\/kortleksbolaget.se\/da\/produkt\/paul-harris-original-bicycle-rider-back-twilight-angels-red\/#primaryimage"},"thumbnailUrl":"https:\/\/kortleksbolaget.se\/wp-content\/uploads\/twilight-angels-bicycle-paul-harris-3.jpg","datePublished":"2022-06-30T13:56:13+00:00","description":"K\u00f6p Paul Harris Original Bicycle Rider Back Twilight Angels RED. Snabba leveranser & bra priser. Sveriges st\u00f6rsta sortiment av kortlekar p\u00e5 Kortleksbolaget!","breadcrumb":{"@id":"https:\/\/kortleksbolaget.se\/da\/produkt\/paul-harris-original-bicycle-rider-back-twilight-angels-red\/#breadcrumb"},"inLanguage":"da-DK","potentialAction":[{"@type":"ReadAction","target":["https:\/\/kortleksbolaget.se\/da\/produkt\/paul-harris-original-bicycle-rider-back-twilight-angels-red\/"]}]},{"@type":"ImageObject","inLanguage":"da-DK","@id":"https:\/\/kortleksbolaget.se\/da\/produkt\/paul-harris-original-bicycle-rider-back-twilight-angels-red\/#primaryimage","url":"https:\/\/kortleksbolaget.se\/wp-content\/uploads\/twilight-angels-bicycle-paul-harris-3.jpg","contentUrl":"https:\/\/kortleksbolaget.se\/wp-content\/uploads\/twilight-angels-bicycle-paul-harris-3.jpg","width":517,"height":775},{"@type":"BreadcrumbList","@id":"https:\/\/kortleksbolaget.se\/da\/produkt\/paul-harris-original-bicycle-rider-back-twilight-angels-red\/#breadcrumb","itemListElement":[{"@type":"ListItem","position":1,"name":"Hem","item":"https:\/\/kortleksbolaget.se\/da\/"},{"@type":"ListItem","position":2,"name":"Shop","item":"https:\/\/kortleksbolaget.se\/da\/shop-2\/"},{"@type":"ListItem","position":3,"name":"Paul Harris Original Bicycle Rider Back Twilight Angels RED"}]},{"@type":"WebSite","@id":"https:\/\/kortleksbolaget.se\/da\/#website","url":"https:\/\/kortleksbolaget.se\/da\/","name":"Kortleksbolaget","description":"Kortlekar p\u00e5 n\u00e4tet","publisher":{"@id":"https:\/\/kortleksbolaget.se\/da\/#organization"},"potentialAction":[{"@type":"SearchAction","target":{"@type":"EntryPoint","urlTemplate":"https:\/\/kortleksbolaget.se\/da\/?s={search_term_string}"},"query-input":{"@type":"PropertyValueSpecification","valueRequired":true,"valueName":"search_term_string"}}],"inLanguage":"da-DK"},{"@type":"Organization","@id":"https:\/\/kortleksbolaget.se\/da\/#organization","name":"Kortleksbolaget","url":"https:\/\/kortleksbolaget.se\/da\/","logo":{"@type":"ImageObject","inLanguage":"da-DK","@id":"https:\/\/kortleksbolaget.se\/da\/#\/schema\/logo\/image\/","url":"https:\/\/kortleksbolaget.se\/wp-content\/uploads\/kortleksbolaget_logo-svart.png","contentUrl":"https:\/\/kortleksbolaget.se\/wp-content\/uploads\/kortleksbolaget_logo-svart.png","width":1200,"height":296,"caption":"Kortleksbolaget"},"image":{"@id":"https:\/\/kortleksbolaget.se\/da\/#\/schema\/logo\/image\/"}}]}},"_links":{"self":[{"href":"https:\/\/kortleksbolaget.se\/da\/wp-json\/wp\/v2\/product\/90116","targetHints":{"allow":["GET"]}}],"collection":[{"href":"https:\/\/kortleksbolaget.se\/da\/wp-json\/wp\/v2\/product"}],"about":[{"href":"https:\/\/kortleksbolaget.se\/da\/wp-json\/wp\/v2\/types\/product"}],"wp:featuredmedia":[{"embeddable":true,"href":"https:\/\/kortleksbolaget.se\/da\/wp-json\/wp\/v2\/media\/90130"}],"wp:attachment":[{"href":"https:\/\/kortleksbolaget.se\/da\/wp-json\/wp\/v2\/media?parent=90116"}],"wp:term":[{"taxonomy":"product_brand","embeddable":true,"href":"https:\/\/kortleksbolaget.se\/da\/wp-json\/wp\/v2\/product_brand?post=90116"},{"taxonomy":"product_cat","embeddable":true,"href":"https:\/\/kortleksbolaget.se\/da\/wp-json\/wp\/v2\/product_cat?post=90116"},{"taxonomy":"product_tag","embeddable":true,"href":"https:\/\/kortleksbolaget.se\/da\/wp-json\/wp\/v2\/product_tag?post=90116"}],"curies":[{"name":"wp","href":"https:\/\/api.w.org\/{rel}","templated":true}]}}