{"id":92198,"date":"2022-07-27T23:48:31","date_gmt":"2022-07-27T21:48:31","guid":{"rendered":"https:\/\/kortleksbolaget.se\/produkt\/the-eye-of-the-ocean-astra-polaris\/"},"modified":"2022-07-27T23:48:31","modified_gmt":"2022-07-27T21:48:31","slug":"the-eye-of-the-ocean-astra-polaris","status":"publish","type":"product","link":"https:\/\/kortleksbolaget.se\/da\/produkt\/the-eye-of-the-ocean-astra-polaris\/","title":{"rendered":"The Eye of the Ocean Astra Polaris"},"content":{"rendered":"","protected":false},"excerpt":{"rendered":"<div class=\"mt-4 d-none d-md-block\">\n<nav aria-label=\"breadcrumb\">Gilded Eye of the Ocean Astra Polaris Playing Cards<\/p>\n<\/nav>\n<\/div>\n<div>\n<p>An unique tuckbox mimicking the ruins of an ancient monument is designed to show the hand-gilded edges with antique gold pattern. Astra Polaris\u00a0in latin means pole star, and as you know it is the\u00a0reference star for nocturnal navigation.<\/p>\n<p>Specs:<\/p>\n<ul>\n<li>56 cards, printed by Cartamundi on B9 slimline paper stock<\/li>\n<li>A one of a kind deconstructed tuckbox printed by Oath Playing Cards.<\/li>\n<li>Tuckbox with white foil, gold foil, embossing, inner pattern in gold foil.<\/li>\n<li>Custom dieline and opening.<\/li>\n<li>Gilded deck with antique gold pattern<\/li>\n<li>Jigsaw puzzle deck: compose a star chart with the 56 cards<\/li>\n<li>Custom illustrations: Aces, court cards, Jokers<\/li>\n<li>Limited edition even if not numbered<\/li>\n<li>Wrapped in cellophane<\/li>\n<\/ul>\n<p><strong>NOTE:<\/strong> This stunning deck of gilded playing cards has been hand-gilded by a master gilder. As such, gilding may vary slightly from deck to deck. Please also note that it may wear if exposed to prolonged use.<\/p>\n<\/div>\n<p> [&#8230;]<\/p>\n<p><a class=\"btn btn-secondary understrap-read-more-link\" href=\"https:\/\/kortleksbolaget.se\/da\/produkt\/the-eye-of-the-ocean-astra-polaris\/\">L\u00e6s mere&#8230;<span class=\"screen-reader-text\"> from The Eye of the Ocean Astra Polaris<\/span><\/a><\/p>\n","protected":false},"featured_media":92183,"template":"","meta":{"_acf_changed":false},"product_brand":[],"product_cat":[231],"product_tag":[],"class_list":{"0":"post-92198","1":"product","2":"type-product","3":"status-publish","4":"has-post-thumbnail","6":"varumarke-cartamundi-da","7":"varumarke-stockholm17-da","8":"product_cat-special-luksus-limited-da","10":"first","11":"outofstock","12":"taxable","13":"shipping-taxable","14":"purchasable","15":"product-type-simple"},"acf":[],"yoast_head":"<!-- This site is optimized with the Yoast SEO plugin v26.3 - https:\/\/yoast.com\/wordpress\/plugins\/seo\/ -->\n<title>Kortlek The Eye of the Ocean Astra Polaris | Kortleksbolaget<\/title>\n<meta name=\"description\" content=\"K\u00f6p The Eye of the Ocean Astra Polaris. Snabba leveranser &amp; bra priser. Sveriges st\u00f6rsta sortiment av kortlekar p\u00e5 Kortleksbolaget!\" \/>\n<meta name=\"robots\" content=\"index, follow, max-snippet:-1, max-image-preview:large, max-video-preview:-1\" \/>\n<link rel=\"canonical\" href=\"https:\/\/kortleksbolaget.se\/da\/produkt\/the-eye-of-the-ocean-astra-polaris\/\" \/>\n<meta property=\"og:locale\" content=\"da_DK\" \/>\n<meta property=\"og:type\" content=\"article\" \/>\n<meta property=\"og:title\" content=\"Kortlek The Eye of the Ocean Astra Polaris | Kortleksbolaget\" \/>\n<meta property=\"og:description\" content=\"K\u00f6p The Eye of the Ocean Astra Polaris. Snabba leveranser &amp; bra priser. Sveriges st\u00f6rsta sortiment av kortlekar p\u00e5 Kortleksbolaget!\" \/>\n<meta property=\"og:url\" content=\"https:\/\/kortleksbolaget.se\/da\/produkt\/the-eye-of-the-ocean-astra-polaris\/\" \/>\n<meta property=\"og:site_name\" content=\"Kortleksbolaget\" \/>\n<meta property=\"og:image\" content=\"https:\/\/kortleksbolaget.se\/wp-content\/uploads\/eye-of-the-ocean-astra-polaris-3.jpg\" \/>\n\t<meta property=\"og:image:width\" content=\"1152\" \/>\n\t<meta property=\"og:image:height\" content=\"1728\" \/>\n\t<meta property=\"og:image:type\" content=\"image\/jpeg\" \/>\n<meta name=\"twitter:card\" content=\"summary_large_image\" \/>\n<script type=\"application\/ld+json\" class=\"yoast-schema-graph\">{\"@context\":\"https:\/\/schema.org\",\"@graph\":[{\"@type\":\"WebPage\",\"@id\":\"https:\/\/kortleksbolaget.se\/da\/produkt\/the-eye-of-the-ocean-astra-polaris\/\",\"url\":\"https:\/\/kortleksbolaget.se\/da\/produkt\/the-eye-of-the-ocean-astra-polaris\/\",\"name\":\"Kortlek The Eye of the Ocean Astra Polaris | Kortleksbolaget\",\"isPartOf\":{\"@id\":\"https:\/\/kortleksbolaget.se\/da\/#website\"},\"primaryImageOfPage\":{\"@id\":\"https:\/\/kortleksbolaget.se\/da\/produkt\/the-eye-of-the-ocean-astra-polaris\/#primaryimage\"},\"image\":{\"@id\":\"https:\/\/kortleksbolaget.se\/da\/produkt\/the-eye-of-the-ocean-astra-polaris\/#primaryimage\"},\"thumbnailUrl\":\"https:\/\/kortleksbolaget.se\/wp-content\/uploads\/eye-of-the-ocean-astra-polaris-3.jpg\",\"datePublished\":\"2022-07-27T21:48:31+00:00\",\"description\":\"K\u00f6p The Eye of the Ocean Astra Polaris. Snabba leveranser & bra priser. Sveriges st\u00f6rsta sortiment av kortlekar p\u00e5 Kortleksbolaget!\",\"breadcrumb\":{\"@id\":\"https:\/\/kortleksbolaget.se\/da\/produkt\/the-eye-of-the-ocean-astra-polaris\/#breadcrumb\"},\"inLanguage\":\"da-DK\",\"potentialAction\":[{\"@type\":\"ReadAction\",\"target\":[\"https:\/\/kortleksbolaget.se\/da\/produkt\/the-eye-of-the-ocean-astra-polaris\/\"]}]},{\"@type\":\"ImageObject\",\"inLanguage\":\"da-DK\",\"@id\":\"https:\/\/kortleksbolaget.se\/da\/produkt\/the-eye-of-the-ocean-astra-polaris\/#primaryimage\",\"url\":\"https:\/\/kortleksbolaget.se\/wp-content\/uploads\/eye-of-the-ocean-astra-polaris-3.jpg\",\"contentUrl\":\"https:\/\/kortleksbolaget.se\/wp-content\/uploads\/eye-of-the-ocean-astra-polaris-3.jpg\",\"width\":1152,\"height\":1728},{\"@type\":\"BreadcrumbList\",\"@id\":\"https:\/\/kortleksbolaget.se\/da\/produkt\/the-eye-of-the-ocean-astra-polaris\/#breadcrumb\",\"itemListElement\":[{\"@type\":\"ListItem\",\"position\":1,\"name\":\"Hem\",\"item\":\"https:\/\/kortleksbolaget.se\/da\/\"},{\"@type\":\"ListItem\",\"position\":2,\"name\":\"Shop\",\"item\":\"https:\/\/kortleksbolaget.se\/da\/shop-2\/\"},{\"@type\":\"ListItem\",\"position\":3,\"name\":\"The Eye of the Ocean Astra Polaris\"}]},{\"@type\":\"WebSite\",\"@id\":\"https:\/\/kortleksbolaget.se\/da\/#website\",\"url\":\"https:\/\/kortleksbolaget.se\/da\/\",\"name\":\"Kortleksbolaget\",\"description\":\"Kortlekar p\u00e5 n\u00e4tet\",\"publisher\":{\"@id\":\"https:\/\/kortleksbolaget.se\/da\/#organization\"},\"potentialAction\":[{\"@type\":\"SearchAction\",\"target\":{\"@type\":\"EntryPoint\",\"urlTemplate\":\"https:\/\/kortleksbolaget.se\/da\/?s={search_term_string}\"},\"query-input\":{\"@type\":\"PropertyValueSpecification\",\"valueRequired\":true,\"valueName\":\"search_term_string\"}}],\"inLanguage\":\"da-DK\"},{\"@type\":\"Organization\",\"@id\":\"https:\/\/kortleksbolaget.se\/da\/#organization\",\"name\":\"Kortleksbolaget\",\"url\":\"https:\/\/kortleksbolaget.se\/da\/\",\"logo\":{\"@type\":\"ImageObject\",\"inLanguage\":\"da-DK\",\"@id\":\"https:\/\/kortleksbolaget.se\/da\/#\/schema\/logo\/image\/\",\"url\":\"https:\/\/kortleksbolaget.se\/wp-content\/uploads\/kortleksbolaget_logo-svart.png\",\"contentUrl\":\"https:\/\/kortleksbolaget.se\/wp-content\/uploads\/kortleksbolaget_logo-svart.png\",\"width\":1200,\"height\":296,\"caption\":\"Kortleksbolaget\"},\"image\":{\"@id\":\"https:\/\/kortleksbolaget.se\/da\/#\/schema\/logo\/image\/\"}}]}<\/script>\n<!-- \/ Yoast SEO plugin. -->","yoast_head_json":{"title":"Kortlek The Eye of the Ocean Astra Polaris | Kortleksbolaget","description":"K\u00f6p The Eye of the Ocean Astra Polaris. Snabba leveranser & bra priser. Sveriges st\u00f6rsta sortiment av kortlekar p\u00e5 Kortleksbolaget!","robots":{"index":"index","follow":"follow","max-snippet":"max-snippet:-1","max-image-preview":"max-image-preview:large","max-video-preview":"max-video-preview:-1"},"canonical":"https:\/\/kortleksbolaget.se\/da\/produkt\/the-eye-of-the-ocean-astra-polaris\/","og_locale":"da_DK","og_type":"article","og_title":"Kortlek The Eye of the Ocean Astra Polaris | Kortleksbolaget","og_description":"K\u00f6p The Eye of the Ocean Astra Polaris. Snabba leveranser & bra priser. Sveriges st\u00f6rsta sortiment av kortlekar p\u00e5 Kortleksbolaget!","og_url":"https:\/\/kortleksbolaget.se\/da\/produkt\/the-eye-of-the-ocean-astra-polaris\/","og_site_name":"Kortleksbolaget","og_image":[{"width":1152,"height":1728,"url":"https:\/\/kortleksbolaget.se\/wp-content\/uploads\/eye-of-the-ocean-astra-polaris-3.jpg","type":"image\/jpeg"}],"twitter_card":"summary_large_image","schema":{"@context":"https:\/\/schema.org","@graph":[{"@type":"WebPage","@id":"https:\/\/kortleksbolaget.se\/da\/produkt\/the-eye-of-the-ocean-astra-polaris\/","url":"https:\/\/kortleksbolaget.se\/da\/produkt\/the-eye-of-the-ocean-astra-polaris\/","name":"Kortlek The Eye of the Ocean Astra Polaris | Kortleksbolaget","isPartOf":{"@id":"https:\/\/kortleksbolaget.se\/da\/#website"},"primaryImageOfPage":{"@id":"https:\/\/kortleksbolaget.se\/da\/produkt\/the-eye-of-the-ocean-astra-polaris\/#primaryimage"},"image":{"@id":"https:\/\/kortleksbolaget.se\/da\/produkt\/the-eye-of-the-ocean-astra-polaris\/#primaryimage"},"thumbnailUrl":"https:\/\/kortleksbolaget.se\/wp-content\/uploads\/eye-of-the-ocean-astra-polaris-3.jpg","datePublished":"2022-07-27T21:48:31+00:00","description":"K\u00f6p The Eye of the Ocean Astra Polaris. Snabba leveranser & bra priser. Sveriges st\u00f6rsta sortiment av kortlekar p\u00e5 Kortleksbolaget!","breadcrumb":{"@id":"https:\/\/kortleksbolaget.se\/da\/produkt\/the-eye-of-the-ocean-astra-polaris\/#breadcrumb"},"inLanguage":"da-DK","potentialAction":[{"@type":"ReadAction","target":["https:\/\/kortleksbolaget.se\/da\/produkt\/the-eye-of-the-ocean-astra-polaris\/"]}]},{"@type":"ImageObject","inLanguage":"da-DK","@id":"https:\/\/kortleksbolaget.se\/da\/produkt\/the-eye-of-the-ocean-astra-polaris\/#primaryimage","url":"https:\/\/kortleksbolaget.se\/wp-content\/uploads\/eye-of-the-ocean-astra-polaris-3.jpg","contentUrl":"https:\/\/kortleksbolaget.se\/wp-content\/uploads\/eye-of-the-ocean-astra-polaris-3.jpg","width":1152,"height":1728},{"@type":"BreadcrumbList","@id":"https:\/\/kortleksbolaget.se\/da\/produkt\/the-eye-of-the-ocean-astra-polaris\/#breadcrumb","itemListElement":[{"@type":"ListItem","position":1,"name":"Hem","item":"https:\/\/kortleksbolaget.se\/da\/"},{"@type":"ListItem","position":2,"name":"Shop","item":"https:\/\/kortleksbolaget.se\/da\/shop-2\/"},{"@type":"ListItem","position":3,"name":"The Eye of the Ocean Astra Polaris"}]},{"@type":"WebSite","@id":"https:\/\/kortleksbolaget.se\/da\/#website","url":"https:\/\/kortleksbolaget.se\/da\/","name":"Kortleksbolaget","description":"Kortlekar p\u00e5 n\u00e4tet","publisher":{"@id":"https:\/\/kortleksbolaget.se\/da\/#organization"},"potentialAction":[{"@type":"SearchAction","target":{"@type":"EntryPoint","urlTemplate":"https:\/\/kortleksbolaget.se\/da\/?s={search_term_string}"},"query-input":{"@type":"PropertyValueSpecification","valueRequired":true,"valueName":"search_term_string"}}],"inLanguage":"da-DK"},{"@type":"Organization","@id":"https:\/\/kortleksbolaget.se\/da\/#organization","name":"Kortleksbolaget","url":"https:\/\/kortleksbolaget.se\/da\/","logo":{"@type":"ImageObject","inLanguage":"da-DK","@id":"https:\/\/kortleksbolaget.se\/da\/#\/schema\/logo\/image\/","url":"https:\/\/kortleksbolaget.se\/wp-content\/uploads\/kortleksbolaget_logo-svart.png","contentUrl":"https:\/\/kortleksbolaget.se\/wp-content\/uploads\/kortleksbolaget_logo-svart.png","width":1200,"height":296,"caption":"Kortleksbolaget"},"image":{"@id":"https:\/\/kortleksbolaget.se\/da\/#\/schema\/logo\/image\/"}}]}},"_links":{"self":[{"href":"https:\/\/kortleksbolaget.se\/da\/wp-json\/wp\/v2\/product\/92198","targetHints":{"allow":["GET"]}}],"collection":[{"href":"https:\/\/kortleksbolaget.se\/da\/wp-json\/wp\/v2\/product"}],"about":[{"href":"https:\/\/kortleksbolaget.se\/da\/wp-json\/wp\/v2\/types\/product"}],"wp:featuredmedia":[{"embeddable":true,"href":"https:\/\/kortleksbolaget.se\/da\/wp-json\/wp\/v2\/media\/92183"}],"wp:attachment":[{"href":"https:\/\/kortleksbolaget.se\/da\/wp-json\/wp\/v2\/media?parent=92198"}],"wp:term":[{"taxonomy":"product_brand","embeddable":true,"href":"https:\/\/kortleksbolaget.se\/da\/wp-json\/wp\/v2\/product_brand?post=92198"},{"taxonomy":"product_cat","embeddable":true,"href":"https:\/\/kortleksbolaget.se\/da\/wp-json\/wp\/v2\/product_cat?post=92198"},{"taxonomy":"product_tag","embeddable":true,"href":"https:\/\/kortleksbolaget.se\/da\/wp-json\/wp\/v2\/product_tag?post=92198"}],"curies":[{"name":"wp","href":"https:\/\/api.w.org\/{rel}","templated":true}]}}