{"id":98766,"date":"2022-09-29T12:08:21","date_gmt":"2022-09-29T10:08:21","guid":{"rendered":"https:\/\/kortleksbolaget.se\/produkt\/cherry-casino-sands-mirage-holographic\/"},"modified":"2022-09-29T12:08:21","modified_gmt":"2022-09-29T10:08:21","slug":"cherry-casino-sands-mirage-holographic","status":"publish","type":"product","link":"https:\/\/kortleksbolaget.se\/da\/produkt\/cherry-casino-sands-mirage-holographic\/","title":{"rendered":"Cherry Casino Sands Mirage Holographic"},"content":{"rendered":"","protected":false},"excerpt":{"rendered":"<div id=\"tw-target-text-container\" class=\"tw-ta-container F0azHf tw-nfl\" tabindex=\"0\">\n<p id=\"tw-target-text\" class=\"tw-data-text tw-text-large tw-ta\" dir=\"ltr\" data-placeholder=\"\u00d6vers\u00e4ttning\"><span class=\"Y2IQFc\" lang=\"sv\">Introducing the <b>WORLD&#8217;S FIRST large scale DOUBLE HOT FOIL playing cards<\/b>&#8230;the Cherry Casino Sands Mirage (HOLOGRAPHIC) Playing Cards.<\/p>\n<p>Every color of the rainbow radiates from the Cherry Casino Sands Mirage (holographic) as the light catches the holographic foil backs, and then (literally) the &#8220;cherry on top&#8221; is a SECOND foil. Yes, the cherry is hot foil on TOP of hot foil. Almost like magic, the foil cherry slowly changes from a deep, dark cherry red to a bright, juicy red as you slowly rotate the card.<\/p>\n<p>The subtle layering of the hot foil, gives a slightly raised appearance for a high-end feel. You won&#8217;t be able to resist the urge to touch and feel this incredible deck.<\/p>\n<p>Cherry Casino Sands Mirage (HOLOGRAPHIC) Playing Cards are not just something you have to keep on the shelf. These cards FEEL amazing. No roughness. NO crazy thickness&#8230;and YES, Casino Grade stock.<\/p>\n<p>Each card is HAND CRAFTED for premium quality.<br \/>\nAs with all Cherry Casino Playing Cards, the Sands Mirage (Holographic) Playing Cards are sophisticated, yet reasonable in price.<\/p>\n<p>Let your senses embrace the Cherry Casino Sands Mirage (HOLOGRAPHIC) Playing Cards.<\/p>\n<p>BEHOLD the breathtaking beauty of the world&#8217;s first large scale DOUBLE hot foil playing card deck.<br \/>\nAppreciate the incredible FEEL of these high quality cards.<br \/>\nLISTEN to the consistent soft, fluttery sound as you riffle through the deck.<\/p>\n<p>Own this amazing deck and enjoy it. <\/span><\/p>\n<\/div>\n<div id=\"tw-target-rmn-container\" class=\"tw-target-rmn tw-ta-container F0azHf tw-nfl\">\n<pre id=\"tw-target-rmn\" class=\"tw-data-placeholder tw-text-small tw-ta\" dir=\"ltr\" data-placeholder=\"\"><\/pre>\n<\/div>\n<p> [&#8230;]<\/p>\n<p><a class=\"btn btn-secondary understrap-read-more-link\" href=\"https:\/\/kortleksbolaget.se\/da\/produkt\/cherry-casino-sands-mirage-holographic\/\">L\u00e6s mere&#8230;<span class=\"screen-reader-text\"> from Cherry Casino Sands Mirage Holographic<\/span><\/a><\/p>\n","protected":false},"featured_media":98751,"template":"","meta":{"_acf_changed":false},"product_brand":[],"product_cat":[231],"product_tag":[],"class_list":{"0":"post-98766","1":"product","2":"type-product","3":"status-publish","4":"has-post-thumbnail","6":"product_cat-special-luksus-limited-da","8":"first","9":"instock","10":"taxable","11":"shipping-taxable","12":"purchasable","13":"product-type-simple"},"acf":[],"yoast_head":"<!-- This site is optimized with the Yoast SEO plugin v26.3 - https:\/\/yoast.com\/wordpress\/plugins\/seo\/ -->\n<title>Kortlek Cherry Casino Sands Mirage Holographic | Kortleksbolaget<\/title>\n<meta name=\"description\" content=\"K\u00f6p Cherry Casino Sands Mirage Holographic. Snabba leveranser &amp; bra priser. Sveriges st\u00f6rsta sortiment av kortlekar p\u00e5 Kortleksbolaget!\" \/>\n<meta name=\"robots\" content=\"index, follow, max-snippet:-1, max-image-preview:large, max-video-preview:-1\" \/>\n<link rel=\"canonical\" href=\"https:\/\/kortleksbolaget.se\/da\/produkt\/cherry-casino-sands-mirage-holographic\/\" \/>\n<meta property=\"og:locale\" content=\"da_DK\" \/>\n<meta property=\"og:type\" content=\"article\" \/>\n<meta property=\"og:title\" content=\"Kortlek Cherry Casino Sands Mirage Holographic | Kortleksbolaget\" \/>\n<meta property=\"og:description\" content=\"K\u00f6p Cherry Casino Sands Mirage Holographic. Snabba leveranser &amp; bra priser. Sveriges st\u00f6rsta sortiment av kortlekar p\u00e5 Kortleksbolaget!\" \/>\n<meta property=\"og:url\" content=\"https:\/\/kortleksbolaget.se\/da\/produkt\/cherry-casino-sands-mirage-holographic\/\" \/>\n<meta property=\"og:site_name\" content=\"Kortleksbolaget\" \/>\n<meta property=\"og:image\" content=\"https:\/\/kortleksbolaget.se\/wp-content\/uploads\/cherry-casino-holo-2.jpg\" \/>\n\t<meta property=\"og:image:width\" content=\"408\" \/>\n\t<meta property=\"og:image:height\" content=\"612\" \/>\n\t<meta property=\"og:image:type\" content=\"image\/jpeg\" \/>\n<meta name=\"twitter:card\" content=\"summary_large_image\" \/>\n<script type=\"application\/ld+json\" class=\"yoast-schema-graph\">{\"@context\":\"https:\/\/schema.org\",\"@graph\":[{\"@type\":\"WebPage\",\"@id\":\"https:\/\/kortleksbolaget.se\/da\/produkt\/cherry-casino-sands-mirage-holographic\/\",\"url\":\"https:\/\/kortleksbolaget.se\/da\/produkt\/cherry-casino-sands-mirage-holographic\/\",\"name\":\"Kortlek Cherry Casino Sands Mirage Holographic | Kortleksbolaget\",\"isPartOf\":{\"@id\":\"https:\/\/kortleksbolaget.se\/da\/#website\"},\"primaryImageOfPage\":{\"@id\":\"https:\/\/kortleksbolaget.se\/da\/produkt\/cherry-casino-sands-mirage-holographic\/#primaryimage\"},\"image\":{\"@id\":\"https:\/\/kortleksbolaget.se\/da\/produkt\/cherry-casino-sands-mirage-holographic\/#primaryimage\"},\"thumbnailUrl\":\"https:\/\/kortleksbolaget.se\/wp-content\/uploads\/cherry-casino-holo-2.jpg\",\"datePublished\":\"2022-09-29T10:08:21+00:00\",\"description\":\"K\u00f6p Cherry Casino Sands Mirage Holographic. Snabba leveranser & bra priser. Sveriges st\u00f6rsta sortiment av kortlekar p\u00e5 Kortleksbolaget!\",\"breadcrumb\":{\"@id\":\"https:\/\/kortleksbolaget.se\/da\/produkt\/cherry-casino-sands-mirage-holographic\/#breadcrumb\"},\"inLanguage\":\"da-DK\",\"potentialAction\":[{\"@type\":\"ReadAction\",\"target\":[\"https:\/\/kortleksbolaget.se\/da\/produkt\/cherry-casino-sands-mirage-holographic\/\"]}]},{\"@type\":\"ImageObject\",\"inLanguage\":\"da-DK\",\"@id\":\"https:\/\/kortleksbolaget.se\/da\/produkt\/cherry-casino-sands-mirage-holographic\/#primaryimage\",\"url\":\"https:\/\/kortleksbolaget.se\/wp-content\/uploads\/cherry-casino-holo-2.jpg\",\"contentUrl\":\"https:\/\/kortleksbolaget.se\/wp-content\/uploads\/cherry-casino-holo-2.jpg\",\"width\":408,\"height\":612},{\"@type\":\"BreadcrumbList\",\"@id\":\"https:\/\/kortleksbolaget.se\/da\/produkt\/cherry-casino-sands-mirage-holographic\/#breadcrumb\",\"itemListElement\":[{\"@type\":\"ListItem\",\"position\":1,\"name\":\"Hem\",\"item\":\"https:\/\/kortleksbolaget.se\/da\/\"},{\"@type\":\"ListItem\",\"position\":2,\"name\":\"Shop\",\"item\":\"https:\/\/kortleksbolaget.se\/da\/shop-2\/\"},{\"@type\":\"ListItem\",\"position\":3,\"name\":\"Cherry Casino Sands Mirage Holographic\"}]},{\"@type\":\"WebSite\",\"@id\":\"https:\/\/kortleksbolaget.se\/da\/#website\",\"url\":\"https:\/\/kortleksbolaget.se\/da\/\",\"name\":\"Kortleksbolaget\",\"description\":\"Kortlekar p\u00e5 n\u00e4tet\",\"publisher\":{\"@id\":\"https:\/\/kortleksbolaget.se\/da\/#organization\"},\"potentialAction\":[{\"@type\":\"SearchAction\",\"target\":{\"@type\":\"EntryPoint\",\"urlTemplate\":\"https:\/\/kortleksbolaget.se\/da\/?s={search_term_string}\"},\"query-input\":{\"@type\":\"PropertyValueSpecification\",\"valueRequired\":true,\"valueName\":\"search_term_string\"}}],\"inLanguage\":\"da-DK\"},{\"@type\":\"Organization\",\"@id\":\"https:\/\/kortleksbolaget.se\/da\/#organization\",\"name\":\"Kortleksbolaget\",\"url\":\"https:\/\/kortleksbolaget.se\/da\/\",\"logo\":{\"@type\":\"ImageObject\",\"inLanguage\":\"da-DK\",\"@id\":\"https:\/\/kortleksbolaget.se\/da\/#\/schema\/logo\/image\/\",\"url\":\"https:\/\/kortleksbolaget.se\/wp-content\/uploads\/kortleksbolaget_logo-svart.png\",\"contentUrl\":\"https:\/\/kortleksbolaget.se\/wp-content\/uploads\/kortleksbolaget_logo-svart.png\",\"width\":1200,\"height\":296,\"caption\":\"Kortleksbolaget\"},\"image\":{\"@id\":\"https:\/\/kortleksbolaget.se\/da\/#\/schema\/logo\/image\/\"}}]}<\/script>\n<!-- \/ Yoast SEO plugin. -->","yoast_head_json":{"title":"Kortlek Cherry Casino Sands Mirage Holographic | Kortleksbolaget","description":"K\u00f6p Cherry Casino Sands Mirage Holographic. Snabba leveranser & bra priser. Sveriges st\u00f6rsta sortiment av kortlekar p\u00e5 Kortleksbolaget!","robots":{"index":"index","follow":"follow","max-snippet":"max-snippet:-1","max-image-preview":"max-image-preview:large","max-video-preview":"max-video-preview:-1"},"canonical":"https:\/\/kortleksbolaget.se\/da\/produkt\/cherry-casino-sands-mirage-holographic\/","og_locale":"da_DK","og_type":"article","og_title":"Kortlek Cherry Casino Sands Mirage Holographic | Kortleksbolaget","og_description":"K\u00f6p Cherry Casino Sands Mirage Holographic. Snabba leveranser & bra priser. Sveriges st\u00f6rsta sortiment av kortlekar p\u00e5 Kortleksbolaget!","og_url":"https:\/\/kortleksbolaget.se\/da\/produkt\/cherry-casino-sands-mirage-holographic\/","og_site_name":"Kortleksbolaget","og_image":[{"width":408,"height":612,"url":"https:\/\/kortleksbolaget.se\/wp-content\/uploads\/cherry-casino-holo-2.jpg","type":"image\/jpeg"}],"twitter_card":"summary_large_image","schema":{"@context":"https:\/\/schema.org","@graph":[{"@type":"WebPage","@id":"https:\/\/kortleksbolaget.se\/da\/produkt\/cherry-casino-sands-mirage-holographic\/","url":"https:\/\/kortleksbolaget.se\/da\/produkt\/cherry-casino-sands-mirage-holographic\/","name":"Kortlek Cherry Casino Sands Mirage Holographic | Kortleksbolaget","isPartOf":{"@id":"https:\/\/kortleksbolaget.se\/da\/#website"},"primaryImageOfPage":{"@id":"https:\/\/kortleksbolaget.se\/da\/produkt\/cherry-casino-sands-mirage-holographic\/#primaryimage"},"image":{"@id":"https:\/\/kortleksbolaget.se\/da\/produkt\/cherry-casino-sands-mirage-holographic\/#primaryimage"},"thumbnailUrl":"https:\/\/kortleksbolaget.se\/wp-content\/uploads\/cherry-casino-holo-2.jpg","datePublished":"2022-09-29T10:08:21+00:00","description":"K\u00f6p Cherry Casino Sands Mirage Holographic. Snabba leveranser & bra priser. Sveriges st\u00f6rsta sortiment av kortlekar p\u00e5 Kortleksbolaget!","breadcrumb":{"@id":"https:\/\/kortleksbolaget.se\/da\/produkt\/cherry-casino-sands-mirage-holographic\/#breadcrumb"},"inLanguage":"da-DK","potentialAction":[{"@type":"ReadAction","target":["https:\/\/kortleksbolaget.se\/da\/produkt\/cherry-casino-sands-mirage-holographic\/"]}]},{"@type":"ImageObject","inLanguage":"da-DK","@id":"https:\/\/kortleksbolaget.se\/da\/produkt\/cherry-casino-sands-mirage-holographic\/#primaryimage","url":"https:\/\/kortleksbolaget.se\/wp-content\/uploads\/cherry-casino-holo-2.jpg","contentUrl":"https:\/\/kortleksbolaget.se\/wp-content\/uploads\/cherry-casino-holo-2.jpg","width":408,"height":612},{"@type":"BreadcrumbList","@id":"https:\/\/kortleksbolaget.se\/da\/produkt\/cherry-casino-sands-mirage-holographic\/#breadcrumb","itemListElement":[{"@type":"ListItem","position":1,"name":"Hem","item":"https:\/\/kortleksbolaget.se\/da\/"},{"@type":"ListItem","position":2,"name":"Shop","item":"https:\/\/kortleksbolaget.se\/da\/shop-2\/"},{"@type":"ListItem","position":3,"name":"Cherry Casino Sands Mirage Holographic"}]},{"@type":"WebSite","@id":"https:\/\/kortleksbolaget.se\/da\/#website","url":"https:\/\/kortleksbolaget.se\/da\/","name":"Kortleksbolaget","description":"Kortlekar p\u00e5 n\u00e4tet","publisher":{"@id":"https:\/\/kortleksbolaget.se\/da\/#organization"},"potentialAction":[{"@type":"SearchAction","target":{"@type":"EntryPoint","urlTemplate":"https:\/\/kortleksbolaget.se\/da\/?s={search_term_string}"},"query-input":{"@type":"PropertyValueSpecification","valueRequired":true,"valueName":"search_term_string"}}],"inLanguage":"da-DK"},{"@type":"Organization","@id":"https:\/\/kortleksbolaget.se\/da\/#organization","name":"Kortleksbolaget","url":"https:\/\/kortleksbolaget.se\/da\/","logo":{"@type":"ImageObject","inLanguage":"da-DK","@id":"https:\/\/kortleksbolaget.se\/da\/#\/schema\/logo\/image\/","url":"https:\/\/kortleksbolaget.se\/wp-content\/uploads\/kortleksbolaget_logo-svart.png","contentUrl":"https:\/\/kortleksbolaget.se\/wp-content\/uploads\/kortleksbolaget_logo-svart.png","width":1200,"height":296,"caption":"Kortleksbolaget"},"image":{"@id":"https:\/\/kortleksbolaget.se\/da\/#\/schema\/logo\/image\/"}}]}},"_links":{"self":[{"href":"https:\/\/kortleksbolaget.se\/da\/wp-json\/wp\/v2\/product\/98766","targetHints":{"allow":["GET"]}}],"collection":[{"href":"https:\/\/kortleksbolaget.se\/da\/wp-json\/wp\/v2\/product"}],"about":[{"href":"https:\/\/kortleksbolaget.se\/da\/wp-json\/wp\/v2\/types\/product"}],"wp:featuredmedia":[{"embeddable":true,"href":"https:\/\/kortleksbolaget.se\/da\/wp-json\/wp\/v2\/media\/98751"}],"wp:attachment":[{"href":"https:\/\/kortleksbolaget.se\/da\/wp-json\/wp\/v2\/media?parent=98766"}],"wp:term":[{"taxonomy":"product_brand","embeddable":true,"href":"https:\/\/kortleksbolaget.se\/da\/wp-json\/wp\/v2\/product_brand?post=98766"},{"taxonomy":"product_cat","embeddable":true,"href":"https:\/\/kortleksbolaget.se\/da\/wp-json\/wp\/v2\/product_cat?post=98766"},{"taxonomy":"product_tag","embeddable":true,"href":"https:\/\/kortleksbolaget.se\/da\/wp-json\/wp\/v2\/product_tag?post=98766"}],"curies":[{"name":"wp","href":"https:\/\/api.w.org\/{rel}","templated":true}]}}