{"id":99213,"date":"2022-10-02T11:56:14","date_gmt":"2022-10-02T09:56:14","guid":{"rendered":"https:\/\/kortleksbolaget.se\/produkt\/dmc-elites-v4-sovereign-blue\/"},"modified":"2022-10-02T11:56:14","modified_gmt":"2022-10-02T09:56:14","slug":"dmc-elites-v4-sovereign-blue","status":"publish","type":"product","link":"https:\/\/kortleksbolaget.se\/da\/produkt\/dmc-elites-v4-sovereign-blue\/","title":{"rendered":"DMC ELITES V4 Sovereign Blue"},"content":{"rendered":"","protected":false},"excerpt":{"rendered":"<p class=\"tw-data-text tw-text-large tw-ta\" dir=\"ltr\" data-placeholder=\"\u00d6vers\u00e4ttning\"><span class=\"Y2IQFc\" lang=\"sv\">The ELITES are a unique collaboration between DMC himself (star of National Geographic&#8217;s CARD SHARK, BEYOND MAGIC WITH DMC, and Netflix\u00ae\u2122 series DEATH BY MAGIC) and designer and magic creator Phill Smith &#8211; architect of the revolutionary OPTICAL MARKING SYSTEM. The new <b>DMC ELITES V4<\/b> are printed on the world-class Phantom Finish &#8211; the cards will endure many hours of professional use, and all faces are standard for minimum scrutiny or suspicion from your audience. This new <b>Sovereign Blue edition<\/b> of the <b>V4 ELITES<\/b> is printed with a rich blue ink and features a beautifully embossed tuck box with an elegant art deco pattern within. For the first time the ELITES also comes with a double backer, to even further increase the incredible utility of the deck for all magic uses.<\/p>\n<p>The cards themselves feature the latest revision of the unique OPTICAL MARKING SYSTEM (OMS), a powerful &#8216;reader&#8217; system designed specifically for the use of magicians and mentalists (as opposed to many decks designed for the gambling world). The OMS has an ingeniously hidden marking mechanic that is readable with extreme speed, at great range and even in poor light. It hides the value and suit of the card in plain sight with no decoding necessary &#8211; the back of the card literally says the value and the suit. Despite this, you can still comfortably hand the deck to a layman safe in the knowledge that even the most critical observer would not even suspect, let alone detect, the secret markings.<\/span><\/p>\n<ul>\n<li>Unique optical marking system &#8211; no decoding, readable fast at long range<\/li>\n<li>Four corner marking readable from left and right hand spreads<\/li>\n<li>One way backs and fronts allowing powerful unique techniques to locate cards<\/li>\n<li>Standard faces for easy recognition<\/li>\n<li>Two silhouette Jokers with a built in card reveal<\/li>\n<li>Instruction card explains reading the marks<\/li>\n<\/ul>\n<p id=\"tw-target-text\" class=\"tw-data-text tw-text-large tw-ta\" dir=\"ltr\" data-placeholder=\"\u00d6vers\u00e4ttning\"><span class=\"Y2IQFc\" lang=\"sv\">Previous V4 decks have won awards, sold tens of thousands of decks and gathered hundreds of five star reviews&#8230; and this is the best yet.<\/p>\n<p><b>CAUTION<\/b><\/p>\n<p>These cards have been created with professional magic and mentalism performers in mind, but they could be put to work to gain an illicit advantage at the card table. Cheating at games where there is a gambled stake is unethical, immoral and illegal. If you are caught then you may be subject to prosecution by the law or reprisal from your marks. The technical skills required to cheat at the card table are fascinating to study but we cannot be held responsible for any cheating that may be conducted using our equipment.<br \/>\n<\/span><\/p>\n<p> [&#8230;]<\/p>\n<p><a class=\"btn btn-secondary understrap-read-more-link\" href=\"https:\/\/kortleksbolaget.se\/da\/produkt\/dmc-elites-v4-sovereign-blue\/\">L\u00e6s mere&#8230;<span class=\"screen-reader-text\"> from DMC ELITES V4 Sovereign Blue<\/span><\/a><\/p>\n","protected":false},"featured_media":99394,"template":"","meta":{"_acf_changed":false},"product_brand":[],"product_cat":[231,225],"product_tag":[],"class_list":{"0":"post-99213","1":"product","2":"type-product","3":"status-publish","4":"has-post-thumbnail","6":"product_cat-special-luksus-limited-da","7":"product_cat-magisk-da","9":"first","10":"outofstock","11":"taxable","12":"shipping-taxable","13":"purchasable","14":"product-type-simple"},"acf":[],"yoast_head":"<!-- This site is optimized with the Yoast SEO plugin v27.5 - https:\/\/yoast.com\/product\/yoast-seo-wordpress\/ -->\n<title>Kortlek DMC ELITES V4 Sovereign Blue | Kortleksbolaget<\/title>\n<meta name=\"description\" content=\"K\u00f6p DMC ELITES V4 Sovereign Blue. Snabba leveranser &amp; bra priser. Sveriges st\u00f6rsta sortiment av kortlekar p\u00e5 Kortleksbolaget!\" \/>\n<meta name=\"robots\" content=\"index, follow, max-snippet:-1, max-image-preview:large, max-video-preview:-1\" \/>\n<link rel=\"canonical\" href=\"https:\/\/kortleksbolaget.se\/da\/produkt\/dmc-elites-v4-sovereign-blue\/\" \/>\n<meta property=\"og:locale\" content=\"da_DK\" \/>\n<meta property=\"og:type\" content=\"article\" \/>\n<meta property=\"og:title\" content=\"Kortlek DMC ELITES V4 Sovereign Blue | Kortleksbolaget\" \/>\n<meta property=\"og:description\" content=\"K\u00f6p DMC ELITES V4 Sovereign Blue. Snabba leveranser &amp; bra priser. Sveriges st\u00f6rsta sortiment av kortlekar p\u00e5 Kortleksbolaget!\" \/>\n<meta property=\"og:url\" content=\"https:\/\/kortleksbolaget.se\/da\/produkt\/dmc-elites-v4-sovereign-blue\/\" \/>\n<meta property=\"og:site_name\" content=\"Kortleksbolaget\" \/>\n<meta property=\"og:image\" content=\"https:\/\/kortleksbolaget.se\/wp-content\/uploads\/dmc-sovereign-blue-1.jpg\" \/>\n\t<meta property=\"og:image:width\" content=\"408\" \/>\n\t<meta property=\"og:image:height\" content=\"612\" \/>\n\t<meta property=\"og:image:type\" content=\"image\/jpeg\" \/>\n<meta name=\"twitter:card\" content=\"summary_large_image\" \/>\n<script type=\"application\/ld+json\" class=\"yoast-schema-graph\">{\"@context\":\"https:\\\/\\\/schema.org\",\"@graph\":[{\"@type\":\"WebPage\",\"@id\":\"https:\\\/\\\/kortleksbolaget.se\\\/da\\\/produkt\\\/dmc-elites-v4-sovereign-blue\\\/\",\"url\":\"https:\\\/\\\/kortleksbolaget.se\\\/da\\\/produkt\\\/dmc-elites-v4-sovereign-blue\\\/\",\"name\":\"Kortlek DMC ELITES V4 Sovereign Blue | Kortleksbolaget\",\"isPartOf\":{\"@id\":\"https:\\\/\\\/kortleksbolaget.se\\\/da\\\/#website\"},\"primaryImageOfPage\":{\"@id\":\"https:\\\/\\\/kortleksbolaget.se\\\/da\\\/produkt\\\/dmc-elites-v4-sovereign-blue\\\/#primaryimage\"},\"image\":{\"@id\":\"https:\\\/\\\/kortleksbolaget.se\\\/da\\\/produkt\\\/dmc-elites-v4-sovereign-blue\\\/#primaryimage\"},\"thumbnailUrl\":\"https:\\\/\\\/kortleksbolaget.se\\\/wp-content\\\/uploads\\\/dmc-sovereign-blue-1.jpg\",\"datePublished\":\"2022-10-02T09:56:14+00:00\",\"description\":\"K\u00f6p DMC ELITES V4 Sovereign Blue. Snabba leveranser & bra priser. Sveriges st\u00f6rsta sortiment av kortlekar p\u00e5 Kortleksbolaget!\",\"breadcrumb\":{\"@id\":\"https:\\\/\\\/kortleksbolaget.se\\\/da\\\/produkt\\\/dmc-elites-v4-sovereign-blue\\\/#breadcrumb\"},\"inLanguage\":\"da-DK\",\"potentialAction\":[{\"@type\":\"ReadAction\",\"target\":[\"https:\\\/\\\/kortleksbolaget.se\\\/da\\\/produkt\\\/dmc-elites-v4-sovereign-blue\\\/\"]}]},{\"@type\":\"ImageObject\",\"inLanguage\":\"da-DK\",\"@id\":\"https:\\\/\\\/kortleksbolaget.se\\\/da\\\/produkt\\\/dmc-elites-v4-sovereign-blue\\\/#primaryimage\",\"url\":\"https:\\\/\\\/kortleksbolaget.se\\\/wp-content\\\/uploads\\\/dmc-sovereign-blue-1.jpg\",\"contentUrl\":\"https:\\\/\\\/kortleksbolaget.se\\\/wp-content\\\/uploads\\\/dmc-sovereign-blue-1.jpg\",\"width\":408,\"height\":612},{\"@type\":\"BreadcrumbList\",\"@id\":\"https:\\\/\\\/kortleksbolaget.se\\\/da\\\/produkt\\\/dmc-elites-v4-sovereign-blue\\\/#breadcrumb\",\"itemListElement\":[{\"@type\":\"ListItem\",\"position\":1,\"name\":\"Hem\",\"item\":\"https:\\\/\\\/kortleksbolaget.se\\\/da\\\/\"},{\"@type\":\"ListItem\",\"position\":2,\"name\":\"Shop\",\"item\":\"https:\\\/\\\/kortleksbolaget.se\\\/da\\\/shop-2\\\/\"},{\"@type\":\"ListItem\",\"position\":3,\"name\":\"DMC ELITES V4 Sovereign Blue\"}]},{\"@type\":\"WebSite\",\"@id\":\"https:\\\/\\\/kortleksbolaget.se\\\/da\\\/#website\",\"url\":\"https:\\\/\\\/kortleksbolaget.se\\\/da\\\/\",\"name\":\"Kortleksbolaget\",\"description\":\"Kortlekar p\u00e5 n\u00e4tet\",\"publisher\":{\"@id\":\"https:\\\/\\\/kortleksbolaget.se\\\/da\\\/#organization\"},\"potentialAction\":[{\"@type\":\"SearchAction\",\"target\":{\"@type\":\"EntryPoint\",\"urlTemplate\":\"https:\\\/\\\/kortleksbolaget.se\\\/da\\\/?s={search_term_string}\"},\"query-input\":{\"@type\":\"PropertyValueSpecification\",\"valueRequired\":true,\"valueName\":\"search_term_string\"}}],\"inLanguage\":\"da-DK\"},{\"@type\":\"Organization\",\"@id\":\"https:\\\/\\\/kortleksbolaget.se\\\/da\\\/#organization\",\"name\":\"Kortleksbolaget\",\"url\":\"https:\\\/\\\/kortleksbolaget.se\\\/da\\\/\",\"logo\":{\"@type\":\"ImageObject\",\"inLanguage\":\"da-DK\",\"@id\":\"https:\\\/\\\/kortleksbolaget.se\\\/da\\\/#\\\/schema\\\/logo\\\/image\\\/\",\"url\":\"https:\\\/\\\/kortleksbolaget.se\\\/wp-content\\\/uploads\\\/kortleksbolaget_logo-svart.png\",\"contentUrl\":\"https:\\\/\\\/kortleksbolaget.se\\\/wp-content\\\/uploads\\\/kortleksbolaget_logo-svart.png\",\"width\":1200,\"height\":296,\"caption\":\"Kortleksbolaget\"},\"image\":{\"@id\":\"https:\\\/\\\/kortleksbolaget.se\\\/da\\\/#\\\/schema\\\/logo\\\/image\\\/\"}}]}<\/script>\n<!-- \/ Yoast SEO plugin. -->","yoast_head_json":{"title":"Kortlek DMC ELITES V4 Sovereign Blue | Kortleksbolaget","description":"K\u00f6p DMC ELITES V4 Sovereign Blue. Snabba leveranser & bra priser. Sveriges st\u00f6rsta sortiment av kortlekar p\u00e5 Kortleksbolaget!","robots":{"index":"index","follow":"follow","max-snippet":"max-snippet:-1","max-image-preview":"max-image-preview:large","max-video-preview":"max-video-preview:-1"},"canonical":"https:\/\/kortleksbolaget.se\/da\/produkt\/dmc-elites-v4-sovereign-blue\/","og_locale":"da_DK","og_type":"article","og_title":"Kortlek DMC ELITES V4 Sovereign Blue | Kortleksbolaget","og_description":"K\u00f6p DMC ELITES V4 Sovereign Blue. Snabba leveranser & bra priser. Sveriges st\u00f6rsta sortiment av kortlekar p\u00e5 Kortleksbolaget!","og_url":"https:\/\/kortleksbolaget.se\/da\/produkt\/dmc-elites-v4-sovereign-blue\/","og_site_name":"Kortleksbolaget","og_image":[{"width":408,"height":612,"url":"https:\/\/kortleksbolaget.se\/wp-content\/uploads\/dmc-sovereign-blue-1.jpg","type":"image\/jpeg"}],"twitter_card":"summary_large_image","schema":{"@context":"https:\/\/schema.org","@graph":[{"@type":"WebPage","@id":"https:\/\/kortleksbolaget.se\/da\/produkt\/dmc-elites-v4-sovereign-blue\/","url":"https:\/\/kortleksbolaget.se\/da\/produkt\/dmc-elites-v4-sovereign-blue\/","name":"Kortlek DMC ELITES V4 Sovereign Blue | Kortleksbolaget","isPartOf":{"@id":"https:\/\/kortleksbolaget.se\/da\/#website"},"primaryImageOfPage":{"@id":"https:\/\/kortleksbolaget.se\/da\/produkt\/dmc-elites-v4-sovereign-blue\/#primaryimage"},"image":{"@id":"https:\/\/kortleksbolaget.se\/da\/produkt\/dmc-elites-v4-sovereign-blue\/#primaryimage"},"thumbnailUrl":"https:\/\/kortleksbolaget.se\/wp-content\/uploads\/dmc-sovereign-blue-1.jpg","datePublished":"2022-10-02T09:56:14+00:00","description":"K\u00f6p DMC ELITES V4 Sovereign Blue. Snabba leveranser & bra priser. Sveriges st\u00f6rsta sortiment av kortlekar p\u00e5 Kortleksbolaget!","breadcrumb":{"@id":"https:\/\/kortleksbolaget.se\/da\/produkt\/dmc-elites-v4-sovereign-blue\/#breadcrumb"},"inLanguage":"da-DK","potentialAction":[{"@type":"ReadAction","target":["https:\/\/kortleksbolaget.se\/da\/produkt\/dmc-elites-v4-sovereign-blue\/"]}]},{"@type":"ImageObject","inLanguage":"da-DK","@id":"https:\/\/kortleksbolaget.se\/da\/produkt\/dmc-elites-v4-sovereign-blue\/#primaryimage","url":"https:\/\/kortleksbolaget.se\/wp-content\/uploads\/dmc-sovereign-blue-1.jpg","contentUrl":"https:\/\/kortleksbolaget.se\/wp-content\/uploads\/dmc-sovereign-blue-1.jpg","width":408,"height":612},{"@type":"BreadcrumbList","@id":"https:\/\/kortleksbolaget.se\/da\/produkt\/dmc-elites-v4-sovereign-blue\/#breadcrumb","itemListElement":[{"@type":"ListItem","position":1,"name":"Hem","item":"https:\/\/kortleksbolaget.se\/da\/"},{"@type":"ListItem","position":2,"name":"Shop","item":"https:\/\/kortleksbolaget.se\/da\/shop-2\/"},{"@type":"ListItem","position":3,"name":"DMC ELITES V4 Sovereign Blue"}]},{"@type":"WebSite","@id":"https:\/\/kortleksbolaget.se\/da\/#website","url":"https:\/\/kortleksbolaget.se\/da\/","name":"Kortleksbolaget","description":"Kortlekar p\u00e5 n\u00e4tet","publisher":{"@id":"https:\/\/kortleksbolaget.se\/da\/#organization"},"potentialAction":[{"@type":"SearchAction","target":{"@type":"EntryPoint","urlTemplate":"https:\/\/kortleksbolaget.se\/da\/?s={search_term_string}"},"query-input":{"@type":"PropertyValueSpecification","valueRequired":true,"valueName":"search_term_string"}}],"inLanguage":"da-DK"},{"@type":"Organization","@id":"https:\/\/kortleksbolaget.se\/da\/#organization","name":"Kortleksbolaget","url":"https:\/\/kortleksbolaget.se\/da\/","logo":{"@type":"ImageObject","inLanguage":"da-DK","@id":"https:\/\/kortleksbolaget.se\/da\/#\/schema\/logo\/image\/","url":"https:\/\/kortleksbolaget.se\/wp-content\/uploads\/kortleksbolaget_logo-svart.png","contentUrl":"https:\/\/kortleksbolaget.se\/wp-content\/uploads\/kortleksbolaget_logo-svart.png","width":1200,"height":296,"caption":"Kortleksbolaget"},"image":{"@id":"https:\/\/kortleksbolaget.se\/da\/#\/schema\/logo\/image\/"}}]}},"_links":{"self":[{"href":"https:\/\/kortleksbolaget.se\/da\/wp-json\/wp\/v2\/product\/99213","targetHints":{"allow":["GET"]}}],"collection":[{"href":"https:\/\/kortleksbolaget.se\/da\/wp-json\/wp\/v2\/product"}],"about":[{"href":"https:\/\/kortleksbolaget.se\/da\/wp-json\/wp\/v2\/types\/product"}],"wp:featuredmedia":[{"embeddable":true,"href":"https:\/\/kortleksbolaget.se\/da\/wp-json\/wp\/v2\/media\/99394"}],"wp:attachment":[{"href":"https:\/\/kortleksbolaget.se\/da\/wp-json\/wp\/v2\/media?parent=99213"}],"wp:term":[{"taxonomy":"product_brand","embeddable":true,"href":"https:\/\/kortleksbolaget.se\/da\/wp-json\/wp\/v2\/product_brand?post=99213"},{"taxonomy":"product_cat","embeddable":true,"href":"https:\/\/kortleksbolaget.se\/da\/wp-json\/wp\/v2\/product_cat?post=99213"},{"taxonomy":"product_tag","embeddable":true,"href":"https:\/\/kortleksbolaget.se\/da\/wp-json\/wp\/v2\/product_tag?post=99213"}],"curies":[{"name":"wp","href":"https:\/\/api.w.org\/{rel}","templated":true}]}}