{"id":101867,"date":"2022-10-23T17:37:03","date_gmt":"2022-10-23T15:37:03","guid":{"rendered":"https:\/\/kortleksbolaget.se\/produkt\/polyantha-by-daniel-schneider\/"},"modified":"2022-10-23T17:38:39","modified_gmt":"2022-10-23T15:38:39","slug":"polyantha-by-daniel-schneider","status":"publish","type":"product","link":"https:\/\/kortleksbolaget.se\/en\/product\/polyantha-by-daniel-schneider\/","title":{"rendered":"Polyantha by Daniel Schneider"},"content":{"rendered":"","protected":false},"excerpt":{"rendered":"<p id=\"tw-target-text\" class=\"tw-data-text tw-text-large tw-ta\" dir=\"ltr\" data-placeholder=\"\u00d6vers\u00e4ttning\"><span class=\"Y2IQFc\" lang=\"sv\"><b>Polyantha Playing Cards<\/b> by Daniel Schneider was designed to resemble a classic casino deck for the card table. Completely black and white face cards with modified Courts give the deck a modern twist that you haven&#8217;t seen before.<\/p>\n<p>Due to the well-hidden, yet easy-to-read <b>Black Roses Marking System<\/b>, it&#8217;s possible with a short glimpse to see which card you hold in your hand. With that feature, you are also able to perform mind reading effects very quickly, without any set-up. The borderless back design of the <b>Polyantha Playing Cards<\/b> creates an eye-catching pattern which especially comes into play during card spreads.<\/p>\n<p>Two extra cards come with the <b>Polyantha Playing Cards<\/b>:<\/p>\n<p>&#8211; A <b>black casino cut card<\/b> with the Black Roses Playing Cards logo on one side.<br \/>\n&#8211; One <b>gaff card<\/b> with the 2 of Diamonds on top and the 8 of Spades on the bottom of the face.<\/p>\n<p>Printed by The US Playing Card Co. on crushed premium (Bee) paper stock with Air Cushion finish and traditional cut.<\/p>\n<p><i><b>NOTE:<\/b> Although the photographs show the cards with water and ice, these cards are NOT waterproof. This was merely a way to beautifully portray the deck.<\/i><\/span><\/p>\n<p> [&#8230;]<\/p>\n<p><a class=\"btn btn-secondary understrap-read-more-link\" href=\"https:\/\/kortleksbolaget.se\/en\/product\/polyantha-by-daniel-schneider\/\">Read More&#8230;<span class=\"screen-reader-text\"> from Polyantha by Daniel Schneider<\/span><\/a><\/p>\n","protected":false},"featured_media":101858,"template":"","meta":{"_acf_changed":false},"product_brand":[],"product_cat":[75],"product_tag":[],"class_list":{"0":"post-101867","1":"product","2":"type-product","3":"status-publish","4":"has-post-thumbnail","6":"varumarke-uspcc-en","7":"product_cat-special-lyx-limited-en","9":"first","10":"instock","11":"taxable","12":"shipping-taxable","13":"purchasable","14":"product-type-simple"},"acf":[],"yoast_head":"<!-- This site is optimized with the Yoast SEO plugin v26.3 - https:\/\/yoast.com\/wordpress\/plugins\/seo\/ -->\n<title>Kortlek Polyantha by Daniel Schneider | Kortleksbolaget<\/title>\n<meta name=\"description\" content=\"K\u00f6p Polyantha by Daniel Schneider. Snabba leveranser &amp; bra priser. Sveriges st\u00f6rsta sortiment av kortlekar p\u00e5 Kortleksbolaget!\" \/>\n<meta name=\"robots\" content=\"index, follow, max-snippet:-1, max-image-preview:large, max-video-preview:-1\" \/>\n<link rel=\"canonical\" href=\"https:\/\/kortleksbolaget.se\/en\/product\/polyantha-by-daniel-schneider\/\" \/>\n<meta property=\"og:locale\" content=\"en_US\" \/>\n<meta property=\"og:type\" content=\"article\" \/>\n<meta property=\"og:title\" content=\"Kortlek Polyantha by Daniel Schneider | Kortleksbolaget\" \/>\n<meta property=\"og:description\" content=\"K\u00f6p Polyantha by Daniel Schneider. Snabba leveranser &amp; bra priser. Sveriges st\u00f6rsta sortiment av kortlekar p\u00e5 Kortleksbolaget!\" \/>\n<meta property=\"og:url\" content=\"https:\/\/kortleksbolaget.se\/en\/product\/polyantha-by-daniel-schneider\/\" \/>\n<meta property=\"og:site_name\" content=\"Kortleksbolaget\" \/>\n<meta property=\"article:modified_time\" content=\"2022-10-23T15:38:39+00:00\" \/>\n<meta property=\"og:image\" content=\"https:\/\/kortleksbolaget.se\/wp-content\/uploads\/polyantha-schneider.jpg\" \/>\n\t<meta property=\"og:image:width\" content=\"485\" \/>\n\t<meta property=\"og:image:height\" content=\"727\" \/>\n\t<meta property=\"og:image:type\" content=\"image\/jpeg\" \/>\n<meta name=\"twitter:card\" content=\"summary_large_image\" \/>\n<script type=\"application\/ld+json\" class=\"yoast-schema-graph\">{\"@context\":\"https:\/\/schema.org\",\"@graph\":[{\"@type\":\"WebPage\",\"@id\":\"https:\/\/kortleksbolaget.se\/en\/product\/polyantha-by-daniel-schneider\/\",\"url\":\"https:\/\/kortleksbolaget.se\/en\/product\/polyantha-by-daniel-schneider\/\",\"name\":\"Kortlek Polyantha by Daniel Schneider | Kortleksbolaget\",\"isPartOf\":{\"@id\":\"https:\/\/kortleksbolaget.se\/en\/#website\"},\"primaryImageOfPage\":{\"@id\":\"https:\/\/kortleksbolaget.se\/en\/product\/polyantha-by-daniel-schneider\/#primaryimage\"},\"image\":{\"@id\":\"https:\/\/kortleksbolaget.se\/en\/product\/polyantha-by-daniel-schneider\/#primaryimage\"},\"thumbnailUrl\":\"https:\/\/kortleksbolaget.se\/wp-content\/uploads\/polyantha-schneider.jpg\",\"datePublished\":\"2022-10-23T15:37:03+00:00\",\"dateModified\":\"2022-10-23T15:38:39+00:00\",\"description\":\"K\u00f6p Polyantha by Daniel Schneider. Snabba leveranser & bra priser. Sveriges st\u00f6rsta sortiment av kortlekar p\u00e5 Kortleksbolaget!\",\"breadcrumb\":{\"@id\":\"https:\/\/kortleksbolaget.se\/en\/product\/polyantha-by-daniel-schneider\/#breadcrumb\"},\"inLanguage\":\"en-US\",\"potentialAction\":[{\"@type\":\"ReadAction\",\"target\":[\"https:\/\/kortleksbolaget.se\/en\/product\/polyantha-by-daniel-schneider\/\"]}]},{\"@type\":\"ImageObject\",\"inLanguage\":\"en-US\",\"@id\":\"https:\/\/kortleksbolaget.se\/en\/product\/polyantha-by-daniel-schneider\/#primaryimage\",\"url\":\"https:\/\/kortleksbolaget.se\/wp-content\/uploads\/polyantha-schneider.jpg\",\"contentUrl\":\"https:\/\/kortleksbolaget.se\/wp-content\/uploads\/polyantha-schneider.jpg\",\"width\":485,\"height\":727},{\"@type\":\"BreadcrumbList\",\"@id\":\"https:\/\/kortleksbolaget.se\/en\/product\/polyantha-by-daniel-schneider\/#breadcrumb\",\"itemListElement\":[{\"@type\":\"ListItem\",\"position\":1,\"name\":\"Hem\",\"item\":\"https:\/\/kortleksbolaget.se\/en\/\"},{\"@type\":\"ListItem\",\"position\":2,\"name\":\"All products\",\"item\":\"https:\/\/kortleksbolaget.se\/en\/shop\/\"},{\"@type\":\"ListItem\",\"position\":3,\"name\":\"Polyantha by Daniel Schneider\"}]},{\"@type\":\"WebSite\",\"@id\":\"https:\/\/kortleksbolaget.se\/en\/#website\",\"url\":\"https:\/\/kortleksbolaget.se\/en\/\",\"name\":\"Kortleksbolaget\",\"description\":\"Kortlekar p\u00e5 n\u00e4tet\",\"publisher\":{\"@id\":\"https:\/\/kortleksbolaget.se\/en\/#organization\"},\"potentialAction\":[{\"@type\":\"SearchAction\",\"target\":{\"@type\":\"EntryPoint\",\"urlTemplate\":\"https:\/\/kortleksbolaget.se\/en\/?s={search_term_string}\"},\"query-input\":{\"@type\":\"PropertyValueSpecification\",\"valueRequired\":true,\"valueName\":\"search_term_string\"}}],\"inLanguage\":\"en-US\"},{\"@type\":\"Organization\",\"@id\":\"https:\/\/kortleksbolaget.se\/en\/#organization\",\"name\":\"Kortleksbolaget\",\"url\":\"https:\/\/kortleksbolaget.se\/en\/\",\"logo\":{\"@type\":\"ImageObject\",\"inLanguage\":\"en-US\",\"@id\":\"https:\/\/kortleksbolaget.se\/en\/#\/schema\/logo\/image\/\",\"url\":\"https:\/\/kortleksbolaget.se\/wp-content\/uploads\/kortleksbolaget_logo-svart.png\",\"contentUrl\":\"https:\/\/kortleksbolaget.se\/wp-content\/uploads\/kortleksbolaget_logo-svart.png\",\"width\":1200,\"height\":296,\"caption\":\"Kortleksbolaget\"},\"image\":{\"@id\":\"https:\/\/kortleksbolaget.se\/en\/#\/schema\/logo\/image\/\"}}]}<\/script>\n<!-- \/ Yoast SEO plugin. -->","yoast_head_json":{"title":"Kortlek Polyantha by Daniel Schneider | Kortleksbolaget","description":"K\u00f6p Polyantha by Daniel Schneider. Snabba leveranser & bra priser. Sveriges st\u00f6rsta sortiment av kortlekar p\u00e5 Kortleksbolaget!","robots":{"index":"index","follow":"follow","max-snippet":"max-snippet:-1","max-image-preview":"max-image-preview:large","max-video-preview":"max-video-preview:-1"},"canonical":"https:\/\/kortleksbolaget.se\/en\/product\/polyantha-by-daniel-schneider\/","og_locale":"en_US","og_type":"article","og_title":"Kortlek Polyantha by Daniel Schneider | Kortleksbolaget","og_description":"K\u00f6p Polyantha by Daniel Schneider. Snabba leveranser & bra priser. Sveriges st\u00f6rsta sortiment av kortlekar p\u00e5 Kortleksbolaget!","og_url":"https:\/\/kortleksbolaget.se\/en\/product\/polyantha-by-daniel-schneider\/","og_site_name":"Kortleksbolaget","article_modified_time":"2022-10-23T15:38:39+00:00","og_image":[{"width":485,"height":727,"url":"https:\/\/kortleksbolaget.se\/wp-content\/uploads\/polyantha-schneider.jpg","type":"image\/jpeg"}],"twitter_card":"summary_large_image","schema":{"@context":"https:\/\/schema.org","@graph":[{"@type":"WebPage","@id":"https:\/\/kortleksbolaget.se\/en\/product\/polyantha-by-daniel-schneider\/","url":"https:\/\/kortleksbolaget.se\/en\/product\/polyantha-by-daniel-schneider\/","name":"Kortlek Polyantha by Daniel Schneider | Kortleksbolaget","isPartOf":{"@id":"https:\/\/kortleksbolaget.se\/en\/#website"},"primaryImageOfPage":{"@id":"https:\/\/kortleksbolaget.se\/en\/product\/polyantha-by-daniel-schneider\/#primaryimage"},"image":{"@id":"https:\/\/kortleksbolaget.se\/en\/product\/polyantha-by-daniel-schneider\/#primaryimage"},"thumbnailUrl":"https:\/\/kortleksbolaget.se\/wp-content\/uploads\/polyantha-schneider.jpg","datePublished":"2022-10-23T15:37:03+00:00","dateModified":"2022-10-23T15:38:39+00:00","description":"K\u00f6p Polyantha by Daniel Schneider. Snabba leveranser & bra priser. Sveriges st\u00f6rsta sortiment av kortlekar p\u00e5 Kortleksbolaget!","breadcrumb":{"@id":"https:\/\/kortleksbolaget.se\/en\/product\/polyantha-by-daniel-schneider\/#breadcrumb"},"inLanguage":"en-US","potentialAction":[{"@type":"ReadAction","target":["https:\/\/kortleksbolaget.se\/en\/product\/polyantha-by-daniel-schneider\/"]}]},{"@type":"ImageObject","inLanguage":"en-US","@id":"https:\/\/kortleksbolaget.se\/en\/product\/polyantha-by-daniel-schneider\/#primaryimage","url":"https:\/\/kortleksbolaget.se\/wp-content\/uploads\/polyantha-schneider.jpg","contentUrl":"https:\/\/kortleksbolaget.se\/wp-content\/uploads\/polyantha-schneider.jpg","width":485,"height":727},{"@type":"BreadcrumbList","@id":"https:\/\/kortleksbolaget.se\/en\/product\/polyantha-by-daniel-schneider\/#breadcrumb","itemListElement":[{"@type":"ListItem","position":1,"name":"Hem","item":"https:\/\/kortleksbolaget.se\/en\/"},{"@type":"ListItem","position":2,"name":"All products","item":"https:\/\/kortleksbolaget.se\/en\/shop\/"},{"@type":"ListItem","position":3,"name":"Polyantha by Daniel Schneider"}]},{"@type":"WebSite","@id":"https:\/\/kortleksbolaget.se\/en\/#website","url":"https:\/\/kortleksbolaget.se\/en\/","name":"Kortleksbolaget","description":"Kortlekar p\u00e5 n\u00e4tet","publisher":{"@id":"https:\/\/kortleksbolaget.se\/en\/#organization"},"potentialAction":[{"@type":"SearchAction","target":{"@type":"EntryPoint","urlTemplate":"https:\/\/kortleksbolaget.se\/en\/?s={search_term_string}"},"query-input":{"@type":"PropertyValueSpecification","valueRequired":true,"valueName":"search_term_string"}}],"inLanguage":"en-US"},{"@type":"Organization","@id":"https:\/\/kortleksbolaget.se\/en\/#organization","name":"Kortleksbolaget","url":"https:\/\/kortleksbolaget.se\/en\/","logo":{"@type":"ImageObject","inLanguage":"en-US","@id":"https:\/\/kortleksbolaget.se\/en\/#\/schema\/logo\/image\/","url":"https:\/\/kortleksbolaget.se\/wp-content\/uploads\/kortleksbolaget_logo-svart.png","contentUrl":"https:\/\/kortleksbolaget.se\/wp-content\/uploads\/kortleksbolaget_logo-svart.png","width":1200,"height":296,"caption":"Kortleksbolaget"},"image":{"@id":"https:\/\/kortleksbolaget.se\/en\/#\/schema\/logo\/image\/"}}]}},"_links":{"self":[{"href":"https:\/\/kortleksbolaget.se\/en\/wp-json\/wp\/v2\/product\/101867","targetHints":{"allow":["GET"]}}],"collection":[{"href":"https:\/\/kortleksbolaget.se\/en\/wp-json\/wp\/v2\/product"}],"about":[{"href":"https:\/\/kortleksbolaget.se\/en\/wp-json\/wp\/v2\/types\/product"}],"wp:featuredmedia":[{"embeddable":true,"href":"https:\/\/kortleksbolaget.se\/en\/wp-json\/wp\/v2\/media\/101858"}],"wp:attachment":[{"href":"https:\/\/kortleksbolaget.se\/en\/wp-json\/wp\/v2\/media?parent=101867"}],"wp:term":[{"taxonomy":"product_brand","embeddable":true,"href":"https:\/\/kortleksbolaget.se\/en\/wp-json\/wp\/v2\/product_brand?post=101867"},{"taxonomy":"product_cat","embeddable":true,"href":"https:\/\/kortleksbolaget.se\/en\/wp-json\/wp\/v2\/product_cat?post=101867"},{"taxonomy":"product_tag","embeddable":true,"href":"https:\/\/kortleksbolaget.se\/en\/wp-json\/wp\/v2\/product_tag?post=101867"}],"curies":[{"name":"wp","href":"https:\/\/api.w.org\/{rel}","templated":true}]}}