{"id":107920,"date":"2022-12-09T12:40:37","date_gmt":"2022-12-09T11:40:37","guid":{"rendered":"https:\/\/kortleksbolaget.se\/produkt\/juggler-ambigram-limited-edition\/"},"modified":"2022-12-09T12:41:31","modified_gmt":"2022-12-09T11:41:31","slug":"juggler-ambigram-limited-edition","status":"publish","type":"product","link":"https:\/\/kortleksbolaget.se\/en\/product\/juggler-ambigram-limited-edition\/","title":{"rendered":"Juggler Ambigram Limited Edition"},"content":{"rendered":"","protected":false},"excerpt":{"rendered":"<p class=\"tw-data-text tw-text-large tw-ta\" dir=\"ltr\" data-placeholder=\"\u00d6vers\u00e4ttning\"><span class=\"Y2IQFc\" lang=\"sv\">After the great success of the previous versions of the Jugglers, Julio Ribera wanted to bring a deck expressly designed so that you can perform your favorite magic tricks or your best cardistry moves. With an elegant design and a saturated color on the faces that stands out above the rest. The finish is exceptional since they are printed in the USPCC, which ensures a pleasant and perfect touch for your hands.<\/p>\n<p>The name of this beautiful deck is given because its design is an ambigram. Ambigrams are words or phrases written or drawn in such a way that they admit at least two different readings, in this way you will be able to see that the word Juggler can be read in both directions, which gives the deck a visually pleasing symmetry.<\/span><\/p>\n<ul>\n<li>Limited edition of 2000 decks.<\/li>\n<li>Produced by the USPCC in the USA.<\/li>\n<li>Air-cushioned finish.<\/li>\n<li>Premium crushed paper stock.<\/li>\n<li>Premium matte box with embossing and black foil.<\/li>\n<\/ul>\n<p id=\"tw-target-text\" class=\"tw-data-text tw-text-large tw-ta\" dir=\"ltr\" data-placeholder=\"\u00d6vers\u00e4ttning\"><span class=\"Y2IQFc\" lang=\"sv\">\u00a0<\/span><\/p>\n<p> [&#8230;]<\/p>\n<p><a class=\"btn btn-secondary understrap-read-more-link\" href=\"https:\/\/kortleksbolaget.se\/en\/product\/juggler-ambigram-limited-edition\/\">Read More&#8230;<span class=\"screen-reader-text\"> from Juggler Ambigram Limited Edition<\/span><\/a><\/p>\n","protected":false},"featured_media":107911,"template":"","meta":{"_acf_changed":false},"product_brand":[],"product_cat":[71,75],"product_tag":[],"class_list":{"0":"post-107920","1":"product","2":"type-product","3":"status-publish","4":"has-post-thumbnail","6":"varumarke-uspcc-en","7":"product_cat-cardistry-en","8":"product_cat-special-lyx-limited-en","10":"first","11":"instock","12":"taxable","13":"shipping-taxable","14":"purchasable","15":"product-type-simple"},"acf":[],"yoast_head":"<!-- This site is optimized with the Yoast SEO plugin v26.3 - https:\/\/yoast.com\/wordpress\/plugins\/seo\/ -->\n<title>Kortlek Juggler Ambigram Limited Edition | Kortleksbolaget<\/title>\n<meta name=\"description\" content=\"K\u00f6p Juggler Ambigram Limited Edition. Snabba leveranser &amp; bra priser. Sveriges st\u00f6rsta sortiment av kortlekar p\u00e5 Kortleksbolaget!\" \/>\n<meta name=\"robots\" content=\"index, follow, max-snippet:-1, max-image-preview:large, max-video-preview:-1\" \/>\n<link rel=\"canonical\" href=\"https:\/\/kortleksbolaget.se\/en\/product\/juggler-ambigram-limited-edition\/\" \/>\n<meta property=\"og:locale\" content=\"en_US\" \/>\n<meta property=\"og:type\" content=\"article\" \/>\n<meta property=\"og:title\" content=\"Kortlek Juggler Ambigram Limited Edition | Kortleksbolaget\" \/>\n<meta property=\"og:description\" content=\"K\u00f6p Juggler Ambigram Limited Edition. Snabba leveranser &amp; bra priser. Sveriges st\u00f6rsta sortiment av kortlekar p\u00e5 Kortleksbolaget!\" \/>\n<meta property=\"og:url\" content=\"https:\/\/kortleksbolaget.se\/en\/product\/juggler-ambigram-limited-edition\/\" \/>\n<meta property=\"og:site_name\" content=\"Kortleksbolaget\" \/>\n<meta property=\"article:modified_time\" content=\"2022-12-09T11:41:31+00:00\" \/>\n<meta property=\"og:image\" content=\"https:\/\/kortleksbolaget.se\/wp-content\/uploads\/juggler-playing-cards-1.jpg\" \/>\n\t<meta property=\"og:image:width\" content=\"497\" \/>\n\t<meta property=\"og:image:height\" content=\"745\" \/>\n\t<meta property=\"og:image:type\" content=\"image\/jpeg\" \/>\n<meta name=\"twitter:card\" content=\"summary_large_image\" \/>\n<script type=\"application\/ld+json\" class=\"yoast-schema-graph\">{\"@context\":\"https:\/\/schema.org\",\"@graph\":[{\"@type\":\"WebPage\",\"@id\":\"https:\/\/kortleksbolaget.se\/en\/product\/juggler-ambigram-limited-edition\/\",\"url\":\"https:\/\/kortleksbolaget.se\/en\/product\/juggler-ambigram-limited-edition\/\",\"name\":\"Kortlek Juggler Ambigram Limited Edition | Kortleksbolaget\",\"isPartOf\":{\"@id\":\"https:\/\/kortleksbolaget.se\/en\/#website\"},\"primaryImageOfPage\":{\"@id\":\"https:\/\/kortleksbolaget.se\/en\/product\/juggler-ambigram-limited-edition\/#primaryimage\"},\"image\":{\"@id\":\"https:\/\/kortleksbolaget.se\/en\/product\/juggler-ambigram-limited-edition\/#primaryimage\"},\"thumbnailUrl\":\"https:\/\/kortleksbolaget.se\/wp-content\/uploads\/juggler-playing-cards-1.jpg\",\"datePublished\":\"2022-12-09T11:40:37+00:00\",\"dateModified\":\"2022-12-09T11:41:31+00:00\",\"description\":\"K\u00f6p Juggler Ambigram Limited Edition. Snabba leveranser & bra priser. Sveriges st\u00f6rsta sortiment av kortlekar p\u00e5 Kortleksbolaget!\",\"breadcrumb\":{\"@id\":\"https:\/\/kortleksbolaget.se\/en\/product\/juggler-ambigram-limited-edition\/#breadcrumb\"},\"inLanguage\":\"en-US\",\"potentialAction\":[{\"@type\":\"ReadAction\",\"target\":[\"https:\/\/kortleksbolaget.se\/en\/product\/juggler-ambigram-limited-edition\/\"]}]},{\"@type\":\"ImageObject\",\"inLanguage\":\"en-US\",\"@id\":\"https:\/\/kortleksbolaget.se\/en\/product\/juggler-ambigram-limited-edition\/#primaryimage\",\"url\":\"https:\/\/kortleksbolaget.se\/wp-content\/uploads\/juggler-playing-cards-1.jpg\",\"contentUrl\":\"https:\/\/kortleksbolaget.se\/wp-content\/uploads\/juggler-playing-cards-1.jpg\",\"width\":497,\"height\":745},{\"@type\":\"BreadcrumbList\",\"@id\":\"https:\/\/kortleksbolaget.se\/en\/product\/juggler-ambigram-limited-edition\/#breadcrumb\",\"itemListElement\":[{\"@type\":\"ListItem\",\"position\":1,\"name\":\"Hem\",\"item\":\"https:\/\/kortleksbolaget.se\/en\/\"},{\"@type\":\"ListItem\",\"position\":2,\"name\":\"All products\",\"item\":\"https:\/\/kortleksbolaget.se\/en\/shop\/\"},{\"@type\":\"ListItem\",\"position\":3,\"name\":\"Juggler Ambigram Limited Edition\"}]},{\"@type\":\"WebSite\",\"@id\":\"https:\/\/kortleksbolaget.se\/en\/#website\",\"url\":\"https:\/\/kortleksbolaget.se\/en\/\",\"name\":\"Kortleksbolaget\",\"description\":\"Kortlekar p\u00e5 n\u00e4tet\",\"publisher\":{\"@id\":\"https:\/\/kortleksbolaget.se\/en\/#organization\"},\"potentialAction\":[{\"@type\":\"SearchAction\",\"target\":{\"@type\":\"EntryPoint\",\"urlTemplate\":\"https:\/\/kortleksbolaget.se\/en\/?s={search_term_string}\"},\"query-input\":{\"@type\":\"PropertyValueSpecification\",\"valueRequired\":true,\"valueName\":\"search_term_string\"}}],\"inLanguage\":\"en-US\"},{\"@type\":\"Organization\",\"@id\":\"https:\/\/kortleksbolaget.se\/en\/#organization\",\"name\":\"Kortleksbolaget\",\"url\":\"https:\/\/kortleksbolaget.se\/en\/\",\"logo\":{\"@type\":\"ImageObject\",\"inLanguage\":\"en-US\",\"@id\":\"https:\/\/kortleksbolaget.se\/en\/#\/schema\/logo\/image\/\",\"url\":\"https:\/\/kortleksbolaget.se\/wp-content\/uploads\/kortleksbolaget_logo-svart.png\",\"contentUrl\":\"https:\/\/kortleksbolaget.se\/wp-content\/uploads\/kortleksbolaget_logo-svart.png\",\"width\":1200,\"height\":296,\"caption\":\"Kortleksbolaget\"},\"image\":{\"@id\":\"https:\/\/kortleksbolaget.se\/en\/#\/schema\/logo\/image\/\"}}]}<\/script>\n<!-- \/ Yoast SEO plugin. -->","yoast_head_json":{"title":"Kortlek Juggler Ambigram Limited Edition | Kortleksbolaget","description":"K\u00f6p Juggler Ambigram Limited Edition. Snabba leveranser & bra priser. Sveriges st\u00f6rsta sortiment av kortlekar p\u00e5 Kortleksbolaget!","robots":{"index":"index","follow":"follow","max-snippet":"max-snippet:-1","max-image-preview":"max-image-preview:large","max-video-preview":"max-video-preview:-1"},"canonical":"https:\/\/kortleksbolaget.se\/en\/product\/juggler-ambigram-limited-edition\/","og_locale":"en_US","og_type":"article","og_title":"Kortlek Juggler Ambigram Limited Edition | Kortleksbolaget","og_description":"K\u00f6p Juggler Ambigram Limited Edition. Snabba leveranser & bra priser. Sveriges st\u00f6rsta sortiment av kortlekar p\u00e5 Kortleksbolaget!","og_url":"https:\/\/kortleksbolaget.se\/en\/product\/juggler-ambigram-limited-edition\/","og_site_name":"Kortleksbolaget","article_modified_time":"2022-12-09T11:41:31+00:00","og_image":[{"width":497,"height":745,"url":"https:\/\/kortleksbolaget.se\/wp-content\/uploads\/juggler-playing-cards-1.jpg","type":"image\/jpeg"}],"twitter_card":"summary_large_image","schema":{"@context":"https:\/\/schema.org","@graph":[{"@type":"WebPage","@id":"https:\/\/kortleksbolaget.se\/en\/product\/juggler-ambigram-limited-edition\/","url":"https:\/\/kortleksbolaget.se\/en\/product\/juggler-ambigram-limited-edition\/","name":"Kortlek Juggler Ambigram Limited Edition | Kortleksbolaget","isPartOf":{"@id":"https:\/\/kortleksbolaget.se\/en\/#website"},"primaryImageOfPage":{"@id":"https:\/\/kortleksbolaget.se\/en\/product\/juggler-ambigram-limited-edition\/#primaryimage"},"image":{"@id":"https:\/\/kortleksbolaget.se\/en\/product\/juggler-ambigram-limited-edition\/#primaryimage"},"thumbnailUrl":"https:\/\/kortleksbolaget.se\/wp-content\/uploads\/juggler-playing-cards-1.jpg","datePublished":"2022-12-09T11:40:37+00:00","dateModified":"2022-12-09T11:41:31+00:00","description":"K\u00f6p Juggler Ambigram Limited Edition. Snabba leveranser & bra priser. Sveriges st\u00f6rsta sortiment av kortlekar p\u00e5 Kortleksbolaget!","breadcrumb":{"@id":"https:\/\/kortleksbolaget.se\/en\/product\/juggler-ambigram-limited-edition\/#breadcrumb"},"inLanguage":"en-US","potentialAction":[{"@type":"ReadAction","target":["https:\/\/kortleksbolaget.se\/en\/product\/juggler-ambigram-limited-edition\/"]}]},{"@type":"ImageObject","inLanguage":"en-US","@id":"https:\/\/kortleksbolaget.se\/en\/product\/juggler-ambigram-limited-edition\/#primaryimage","url":"https:\/\/kortleksbolaget.se\/wp-content\/uploads\/juggler-playing-cards-1.jpg","contentUrl":"https:\/\/kortleksbolaget.se\/wp-content\/uploads\/juggler-playing-cards-1.jpg","width":497,"height":745},{"@type":"BreadcrumbList","@id":"https:\/\/kortleksbolaget.se\/en\/product\/juggler-ambigram-limited-edition\/#breadcrumb","itemListElement":[{"@type":"ListItem","position":1,"name":"Hem","item":"https:\/\/kortleksbolaget.se\/en\/"},{"@type":"ListItem","position":2,"name":"All products","item":"https:\/\/kortleksbolaget.se\/en\/shop\/"},{"@type":"ListItem","position":3,"name":"Juggler Ambigram Limited Edition"}]},{"@type":"WebSite","@id":"https:\/\/kortleksbolaget.se\/en\/#website","url":"https:\/\/kortleksbolaget.se\/en\/","name":"Kortleksbolaget","description":"Kortlekar p\u00e5 n\u00e4tet","publisher":{"@id":"https:\/\/kortleksbolaget.se\/en\/#organization"},"potentialAction":[{"@type":"SearchAction","target":{"@type":"EntryPoint","urlTemplate":"https:\/\/kortleksbolaget.se\/en\/?s={search_term_string}"},"query-input":{"@type":"PropertyValueSpecification","valueRequired":true,"valueName":"search_term_string"}}],"inLanguage":"en-US"},{"@type":"Organization","@id":"https:\/\/kortleksbolaget.se\/en\/#organization","name":"Kortleksbolaget","url":"https:\/\/kortleksbolaget.se\/en\/","logo":{"@type":"ImageObject","inLanguage":"en-US","@id":"https:\/\/kortleksbolaget.se\/en\/#\/schema\/logo\/image\/","url":"https:\/\/kortleksbolaget.se\/wp-content\/uploads\/kortleksbolaget_logo-svart.png","contentUrl":"https:\/\/kortleksbolaget.se\/wp-content\/uploads\/kortleksbolaget_logo-svart.png","width":1200,"height":296,"caption":"Kortleksbolaget"},"image":{"@id":"https:\/\/kortleksbolaget.se\/en\/#\/schema\/logo\/image\/"}}]}},"_links":{"self":[{"href":"https:\/\/kortleksbolaget.se\/en\/wp-json\/wp\/v2\/product\/107920","targetHints":{"allow":["GET"]}}],"collection":[{"href":"https:\/\/kortleksbolaget.se\/en\/wp-json\/wp\/v2\/product"}],"about":[{"href":"https:\/\/kortleksbolaget.se\/en\/wp-json\/wp\/v2\/types\/product"}],"wp:featuredmedia":[{"embeddable":true,"href":"https:\/\/kortleksbolaget.se\/en\/wp-json\/wp\/v2\/media\/107911"}],"wp:attachment":[{"href":"https:\/\/kortleksbolaget.se\/en\/wp-json\/wp\/v2\/media?parent=107920"}],"wp:term":[{"taxonomy":"product_brand","embeddable":true,"href":"https:\/\/kortleksbolaget.se\/en\/wp-json\/wp\/v2\/product_brand?post=107920"},{"taxonomy":"product_cat","embeddable":true,"href":"https:\/\/kortleksbolaget.se\/en\/wp-json\/wp\/v2\/product_cat?post=107920"},{"taxonomy":"product_tag","embeddable":true,"href":"https:\/\/kortleksbolaget.se\/en\/wp-json\/wp\/v2\/product_tag?post=107920"}],"curies":[{"name":"wp","href":"https:\/\/api.w.org\/{rel}","templated":true}]}}