{"id":109963,"date":"2022-12-22T20:21:10","date_gmt":"2022-12-22T19:21:10","guid":{"rendered":"https:\/\/kortleksbolaget.se\/produkt\/edo-karuta-daimyo\/"},"modified":"2022-12-22T20:22:07","modified_gmt":"2022-12-22T19:22:07","slug":"edo-karuta-daimyo","status":"publish","type":"product","link":"https:\/\/kortleksbolaget.se\/en\/product\/edo-karuta-daimyo\/","title":{"rendered":"Edo Karuta Daimyo"},"content":{"rendered":"","protected":false},"excerpt":{"rendered":"<p><span class=\"Y2IQFc\" lang=\"sv\"><b>Edo Karuta Playing Cards<\/b> explore something different &#8211; street graffiti. Flagrant Agenda started off with interested in street culture, particularly graffiti and how it can be use as an medium to make a point.<\/p>\n<p>The aesthetic mainstay of Edo Karuta is the ubiquitous Edomoji, Japanese typographic and lettering styles that were invented and vastly popular during the Edo period. They are primarily used for advertising and branding in the various trades that sprung up during the prosperous epoch before the advent of modern Japan. You can still see many traditional Japanese brands using Edomoji in their marketing efforts. Walk by any Japanese restaurants and you will bound to see banners with Edomoji written on them. In Edo Karuta,these typographical elements are superimposed onto each other to make up interesting and visually arresting motifs, the signature style of our designer (MILTZ) that we saw in his Shibuya Bluffiti project. You Can see these representations most clearly in our card backs.<\/p>\n<p>The Edo period of Japan was chosen, or shall we say, fallen upon us as the thematic mainstay of Edo Karuta. Edo period can be considered the golden age of pre-industrial Japan. The Pax Tokugawa that was enabled by the unification of Japan by the Tokugawa Shogunate allowed for unprecedented economic growth as well as the flourishing of arts and other cultural pursuits. However, the Edo period was also characterized by isolationist outlook and the cementing of strict societal hierarchy that lead to what some say as a general slowdown of industrialization. The Edo Period ended with the arrival of the external powers that the Tokugawa regime cannot resist which lead to a modernization spur.<\/p>\n<p>The aesthetic and thematic mainstay bring us back one full circle in terms of change. Edomoji symbolizes the merchant class, the beneficiary of the Pax Tokugawa and the catalyst for change due to the upset of the social order &#8211; on the surface of the system, all is rosy but change is already set in motion by the actions within the system. Alas, the last straw usually comes from outside the system, in this case, black ships appearing over the horizon.<\/p>\n<p><b>EDO KARUTA<\/b> features:<\/span><\/p>\n<ul>\n<li>Two color schemes &#8211; The red\/white Daimyo deck and the black\/gold Shogun deck<\/li>\n<li>Printed by United States Playing Card Company<\/li>\n<li>Traditional cut and magic finish<\/li>\n<li>Premium metallic ink for Shogun deck<\/li>\n<li>Fully customized seal<\/li>\n<li>Available in 2 editions &#8211; the basic and the special<\/li>\n<li>For Special &#8211; custom letterpressed tuck case with special foiled deck sleeve. Crafted in Hong Kong.<\/li>\n<\/ul>\n<p><span class=\"Y2IQFc\" lang=\"sv\">\u00a0<\/span> [&#8230;]<\/p>\n<p><a class=\"btn btn-secondary understrap-read-more-link\" href=\"https:\/\/kortleksbolaget.se\/en\/product\/edo-karuta-daimyo\/\">Read More&#8230;<span class=\"screen-reader-text\"> from Edo Karuta Daimyo<\/span><\/a><\/p>\n","protected":false},"featured_media":109949,"template":"","meta":{"_acf_changed":false},"product_brand":[],"product_cat":[75],"product_tag":[],"class_list":{"0":"post-109963","1":"product","2":"type-product","3":"status-publish","4":"has-post-thumbnail","6":"product_cat-special-lyx-limited-en","8":"first","9":"outofstock","10":"taxable","11":"shipping-taxable","12":"purchasable","13":"product-type-simple"},"acf":[],"yoast_head":"<!-- This site is optimized with the Yoast SEO plugin v26.3 - https:\/\/yoast.com\/wordpress\/plugins\/seo\/ -->\n<title>Kortlek Edo Karuta Daimyo | Kortleksbolaget<\/title>\n<meta name=\"description\" content=\"K\u00f6p Edo Karuta Daimyo. Snabba leveranser &amp; bra priser. Sveriges st\u00f6rsta sortiment av kortlekar p\u00e5 Kortleksbolaget!\" \/>\n<meta name=\"robots\" content=\"index, follow, max-snippet:-1, max-image-preview:large, max-video-preview:-1\" \/>\n<link rel=\"canonical\" href=\"https:\/\/kortleksbolaget.se\/en\/product\/edo-karuta-daimyo\/\" \/>\n<meta property=\"og:locale\" content=\"en_US\" \/>\n<meta property=\"og:type\" content=\"article\" \/>\n<meta property=\"og:title\" content=\"Kortlek Edo Karuta Daimyo | Kortleksbolaget\" \/>\n<meta property=\"og:description\" content=\"K\u00f6p Edo Karuta Daimyo. Snabba leveranser &amp; bra priser. Sveriges st\u00f6rsta sortiment av kortlekar p\u00e5 Kortleksbolaget!\" \/>\n<meta property=\"og:url\" content=\"https:\/\/kortleksbolaget.se\/en\/product\/edo-karuta-daimyo\/\" \/>\n<meta property=\"og:site_name\" content=\"Kortleksbolaget\" \/>\n<meta property=\"article:modified_time\" content=\"2022-12-22T19:22:07+00:00\" \/>\n<meta property=\"og:image\" content=\"https:\/\/kortleksbolaget.se\/wp-content\/uploads\/edo-karuta-daymio.jpg\" \/>\n\t<meta property=\"og:image:width\" content=\"489\" \/>\n\t<meta property=\"og:image:height\" content=\"733\" \/>\n\t<meta property=\"og:image:type\" content=\"image\/jpeg\" \/>\n<meta name=\"twitter:card\" content=\"summary_large_image\" \/>\n<script type=\"application\/ld+json\" class=\"yoast-schema-graph\">{\"@context\":\"https:\/\/schema.org\",\"@graph\":[{\"@type\":\"WebPage\",\"@id\":\"https:\/\/kortleksbolaget.se\/en\/product\/edo-karuta-daimyo\/\",\"url\":\"https:\/\/kortleksbolaget.se\/en\/product\/edo-karuta-daimyo\/\",\"name\":\"Kortlek Edo Karuta Daimyo | Kortleksbolaget\",\"isPartOf\":{\"@id\":\"https:\/\/kortleksbolaget.se\/en\/#website\"},\"primaryImageOfPage\":{\"@id\":\"https:\/\/kortleksbolaget.se\/en\/product\/edo-karuta-daimyo\/#primaryimage\"},\"image\":{\"@id\":\"https:\/\/kortleksbolaget.se\/en\/product\/edo-karuta-daimyo\/#primaryimage\"},\"thumbnailUrl\":\"https:\/\/kortleksbolaget.se\/wp-content\/uploads\/edo-karuta-daymio.jpg\",\"datePublished\":\"2022-12-22T19:21:10+00:00\",\"dateModified\":\"2022-12-22T19:22:07+00:00\",\"description\":\"K\u00f6p Edo Karuta Daimyo. Snabba leveranser & bra priser. Sveriges st\u00f6rsta sortiment av kortlekar p\u00e5 Kortleksbolaget!\",\"breadcrumb\":{\"@id\":\"https:\/\/kortleksbolaget.se\/en\/product\/edo-karuta-daimyo\/#breadcrumb\"},\"inLanguage\":\"en-US\",\"potentialAction\":[{\"@type\":\"ReadAction\",\"target\":[\"https:\/\/kortleksbolaget.se\/en\/product\/edo-karuta-daimyo\/\"]}]},{\"@type\":\"ImageObject\",\"inLanguage\":\"en-US\",\"@id\":\"https:\/\/kortleksbolaget.se\/en\/product\/edo-karuta-daimyo\/#primaryimage\",\"url\":\"https:\/\/kortleksbolaget.se\/wp-content\/uploads\/edo-karuta-daymio.jpg\",\"contentUrl\":\"https:\/\/kortleksbolaget.se\/wp-content\/uploads\/edo-karuta-daymio.jpg\",\"width\":489,\"height\":733},{\"@type\":\"BreadcrumbList\",\"@id\":\"https:\/\/kortleksbolaget.se\/en\/product\/edo-karuta-daimyo\/#breadcrumb\",\"itemListElement\":[{\"@type\":\"ListItem\",\"position\":1,\"name\":\"Hem\",\"item\":\"https:\/\/kortleksbolaget.se\/en\/\"},{\"@type\":\"ListItem\",\"position\":2,\"name\":\"All products\",\"item\":\"https:\/\/kortleksbolaget.se\/en\/shop\/\"},{\"@type\":\"ListItem\",\"position\":3,\"name\":\"Edo Karuta Daimyo\"}]},{\"@type\":\"WebSite\",\"@id\":\"https:\/\/kortleksbolaget.se\/en\/#website\",\"url\":\"https:\/\/kortleksbolaget.se\/en\/\",\"name\":\"Kortleksbolaget\",\"description\":\"Kortlekar p\u00e5 n\u00e4tet\",\"publisher\":{\"@id\":\"https:\/\/kortleksbolaget.se\/en\/#organization\"},\"potentialAction\":[{\"@type\":\"SearchAction\",\"target\":{\"@type\":\"EntryPoint\",\"urlTemplate\":\"https:\/\/kortleksbolaget.se\/en\/?s={search_term_string}\"},\"query-input\":{\"@type\":\"PropertyValueSpecification\",\"valueRequired\":true,\"valueName\":\"search_term_string\"}}],\"inLanguage\":\"en-US\"},{\"@type\":\"Organization\",\"@id\":\"https:\/\/kortleksbolaget.se\/en\/#organization\",\"name\":\"Kortleksbolaget\",\"url\":\"https:\/\/kortleksbolaget.se\/en\/\",\"logo\":{\"@type\":\"ImageObject\",\"inLanguage\":\"en-US\",\"@id\":\"https:\/\/kortleksbolaget.se\/en\/#\/schema\/logo\/image\/\",\"url\":\"https:\/\/kortleksbolaget.se\/wp-content\/uploads\/kortleksbolaget_logo-svart.png\",\"contentUrl\":\"https:\/\/kortleksbolaget.se\/wp-content\/uploads\/kortleksbolaget_logo-svart.png\",\"width\":1200,\"height\":296,\"caption\":\"Kortleksbolaget\"},\"image\":{\"@id\":\"https:\/\/kortleksbolaget.se\/en\/#\/schema\/logo\/image\/\"}}]}<\/script>\n<!-- \/ Yoast SEO plugin. -->","yoast_head_json":{"title":"Kortlek Edo Karuta Daimyo | Kortleksbolaget","description":"K\u00f6p Edo Karuta Daimyo. Snabba leveranser & bra priser. Sveriges st\u00f6rsta sortiment av kortlekar p\u00e5 Kortleksbolaget!","robots":{"index":"index","follow":"follow","max-snippet":"max-snippet:-1","max-image-preview":"max-image-preview:large","max-video-preview":"max-video-preview:-1"},"canonical":"https:\/\/kortleksbolaget.se\/en\/product\/edo-karuta-daimyo\/","og_locale":"en_US","og_type":"article","og_title":"Kortlek Edo Karuta Daimyo | Kortleksbolaget","og_description":"K\u00f6p Edo Karuta Daimyo. Snabba leveranser & bra priser. Sveriges st\u00f6rsta sortiment av kortlekar p\u00e5 Kortleksbolaget!","og_url":"https:\/\/kortleksbolaget.se\/en\/product\/edo-karuta-daimyo\/","og_site_name":"Kortleksbolaget","article_modified_time":"2022-12-22T19:22:07+00:00","og_image":[{"width":489,"height":733,"url":"https:\/\/kortleksbolaget.se\/wp-content\/uploads\/edo-karuta-daymio.jpg","type":"image\/jpeg"}],"twitter_card":"summary_large_image","schema":{"@context":"https:\/\/schema.org","@graph":[{"@type":"WebPage","@id":"https:\/\/kortleksbolaget.se\/en\/product\/edo-karuta-daimyo\/","url":"https:\/\/kortleksbolaget.se\/en\/product\/edo-karuta-daimyo\/","name":"Kortlek Edo Karuta Daimyo | Kortleksbolaget","isPartOf":{"@id":"https:\/\/kortleksbolaget.se\/en\/#website"},"primaryImageOfPage":{"@id":"https:\/\/kortleksbolaget.se\/en\/product\/edo-karuta-daimyo\/#primaryimage"},"image":{"@id":"https:\/\/kortleksbolaget.se\/en\/product\/edo-karuta-daimyo\/#primaryimage"},"thumbnailUrl":"https:\/\/kortleksbolaget.se\/wp-content\/uploads\/edo-karuta-daymio.jpg","datePublished":"2022-12-22T19:21:10+00:00","dateModified":"2022-12-22T19:22:07+00:00","description":"K\u00f6p Edo Karuta Daimyo. Snabba leveranser & bra priser. Sveriges st\u00f6rsta sortiment av kortlekar p\u00e5 Kortleksbolaget!","breadcrumb":{"@id":"https:\/\/kortleksbolaget.se\/en\/product\/edo-karuta-daimyo\/#breadcrumb"},"inLanguage":"en-US","potentialAction":[{"@type":"ReadAction","target":["https:\/\/kortleksbolaget.se\/en\/product\/edo-karuta-daimyo\/"]}]},{"@type":"ImageObject","inLanguage":"en-US","@id":"https:\/\/kortleksbolaget.se\/en\/product\/edo-karuta-daimyo\/#primaryimage","url":"https:\/\/kortleksbolaget.se\/wp-content\/uploads\/edo-karuta-daymio.jpg","contentUrl":"https:\/\/kortleksbolaget.se\/wp-content\/uploads\/edo-karuta-daymio.jpg","width":489,"height":733},{"@type":"BreadcrumbList","@id":"https:\/\/kortleksbolaget.se\/en\/product\/edo-karuta-daimyo\/#breadcrumb","itemListElement":[{"@type":"ListItem","position":1,"name":"Hem","item":"https:\/\/kortleksbolaget.se\/en\/"},{"@type":"ListItem","position":2,"name":"All products","item":"https:\/\/kortleksbolaget.se\/en\/shop\/"},{"@type":"ListItem","position":3,"name":"Edo Karuta Daimyo"}]},{"@type":"WebSite","@id":"https:\/\/kortleksbolaget.se\/en\/#website","url":"https:\/\/kortleksbolaget.se\/en\/","name":"Kortleksbolaget","description":"Kortlekar p\u00e5 n\u00e4tet","publisher":{"@id":"https:\/\/kortleksbolaget.se\/en\/#organization"},"potentialAction":[{"@type":"SearchAction","target":{"@type":"EntryPoint","urlTemplate":"https:\/\/kortleksbolaget.se\/en\/?s={search_term_string}"},"query-input":{"@type":"PropertyValueSpecification","valueRequired":true,"valueName":"search_term_string"}}],"inLanguage":"en-US"},{"@type":"Organization","@id":"https:\/\/kortleksbolaget.se\/en\/#organization","name":"Kortleksbolaget","url":"https:\/\/kortleksbolaget.se\/en\/","logo":{"@type":"ImageObject","inLanguage":"en-US","@id":"https:\/\/kortleksbolaget.se\/en\/#\/schema\/logo\/image\/","url":"https:\/\/kortleksbolaget.se\/wp-content\/uploads\/kortleksbolaget_logo-svart.png","contentUrl":"https:\/\/kortleksbolaget.se\/wp-content\/uploads\/kortleksbolaget_logo-svart.png","width":1200,"height":296,"caption":"Kortleksbolaget"},"image":{"@id":"https:\/\/kortleksbolaget.se\/en\/#\/schema\/logo\/image\/"}}]}},"_links":{"self":[{"href":"https:\/\/kortleksbolaget.se\/en\/wp-json\/wp\/v2\/product\/109963","targetHints":{"allow":["GET"]}}],"collection":[{"href":"https:\/\/kortleksbolaget.se\/en\/wp-json\/wp\/v2\/product"}],"about":[{"href":"https:\/\/kortleksbolaget.se\/en\/wp-json\/wp\/v2\/types\/product"}],"wp:featuredmedia":[{"embeddable":true,"href":"https:\/\/kortleksbolaget.se\/en\/wp-json\/wp\/v2\/media\/109949"}],"wp:attachment":[{"href":"https:\/\/kortleksbolaget.se\/en\/wp-json\/wp\/v2\/media?parent=109963"}],"wp:term":[{"taxonomy":"product_brand","embeddable":true,"href":"https:\/\/kortleksbolaget.se\/en\/wp-json\/wp\/v2\/product_brand?post=109963"},{"taxonomy":"product_cat","embeddable":true,"href":"https:\/\/kortleksbolaget.se\/en\/wp-json\/wp\/v2\/product_cat?post=109963"},{"taxonomy":"product_tag","embeddable":true,"href":"https:\/\/kortleksbolaget.se\/en\/wp-json\/wp\/v2\/product_tag?post=109963"}],"curies":[{"name":"wp","href":"https:\/\/api.w.org\/{rel}","templated":true}]}}