{"id":111717,"date":"2023-01-09T21:39:01","date_gmt":"2023-01-09T20:39:01","guid":{"rendered":"https:\/\/kortleksbolaget.se\/produkt\/copag-wsop-100-plastic-poker-2pk\/"},"modified":"2023-03-24T01:43:56","modified_gmt":"2023-03-24T00:43:56","slug":"copag-wsop-100-plastic-poker-2pk","status":"publish","type":"product","link":"https:\/\/kortleksbolaget.se\/en\/product\/copag-wsop-100-plastic-poker-2pk\/","title":{"rendered":"Copag WSOP 100% Plastic Poker 2pk"},"content":{"rendered":"","protected":false},"excerpt":{"rendered":"<div class=\"product attribute overview\">\n<div class=\"value\"><\/div>\n<\/div>\n<p>The World Series of Poker(WSOP) is the largest poker tournament in the world. Since 1969, thousands of poker players have participated hoping to win a Bracelet and be crowned the \u201cWorld Champion of Poker\u201d.<\/p>\n<p>Play like a poker professional when playing poker with this COPAG World Series of Poker Double Deck Set, the WSOP official playing cards. The very same playing cards as used at the World Series of Poker tournaments in Las Vegas, Nevada! [&#8230;]<\/p>\n<p><a class=\"btn btn-secondary understrap-read-more-link\" href=\"https:\/\/kortleksbolaget.se\/en\/product\/copag-wsop-100-plastic-poker-2pk\/\">Read More&#8230;<span class=\"screen-reader-text\"> from Copag WSOP 100% Plastic Poker 2pk<\/span><\/a><\/p>\n","protected":false},"featured_media":111709,"template":"","meta":{"_acf_changed":false},"product_brand":[],"product_cat":[74],"product_tag":[],"class_list":{"0":"post-111717","1":"product","2":"type-product","3":"status-publish","4":"has-post-thumbnail","6":"varumarke-copag-en","7":"product_cat-poker-en","9":"first","10":"outofstock","11":"taxable","12":"shipping-taxable","13":"purchasable","14":"product-type-simple"},"acf":[],"yoast_head":"<!-- This site is optimized with the Yoast SEO plugin v26.3 - https:\/\/yoast.com\/wordpress\/plugins\/seo\/ -->\n<title>Kortlek Copag WSOP 100% Plastic Poker 2pk | Kortleksbolaget<\/title>\n<meta name=\"description\" content=\"K\u00f6p Copag WSOP 100% Plastic Poker 2pk. Snabba leveranser &amp; bra priser. Sveriges st\u00f6rsta sortiment av kortlekar p\u00e5 Kortleksbolaget!\" \/>\n<meta name=\"robots\" content=\"index, follow, max-snippet:-1, max-image-preview:large, max-video-preview:-1\" \/>\n<link rel=\"canonical\" href=\"https:\/\/kortleksbolaget.se\/en\/product\/copag-wsop-100-plastic-poker-2pk\/\" \/>\n<meta property=\"og:locale\" content=\"en_US\" \/>\n<meta property=\"og:type\" content=\"article\" \/>\n<meta property=\"og:title\" content=\"Kortlek Copag WSOP 100% Plastic Poker 2pk | Kortleksbolaget\" \/>\n<meta property=\"og:description\" content=\"K\u00f6p Copag WSOP 100% Plastic Poker 2pk. Snabba leveranser &amp; bra priser. Sveriges st\u00f6rsta sortiment av kortlekar p\u00e5 Kortleksbolaget!\" \/>\n<meta property=\"og:url\" content=\"https:\/\/kortleksbolaget.se\/en\/product\/copag-wsop-100-plastic-poker-2pk\/\" \/>\n<meta property=\"og:site_name\" content=\"Kortleksbolaget\" \/>\n<meta property=\"article:modified_time\" content=\"2023-03-24T00:43:56+00:00\" \/>\n<meta property=\"og:image\" content=\"https:\/\/kortleksbolaget.se\/wp-content\/uploads\/copag-wsop-poker-playing-cards.jpg\" \/>\n\t<meta property=\"og:image:width\" content=\"497\" \/>\n\t<meta property=\"og:image:height\" content=\"745\" \/>\n\t<meta property=\"og:image:type\" content=\"image\/jpeg\" \/>\n<meta name=\"twitter:card\" content=\"summary_large_image\" \/>\n<script type=\"application\/ld+json\" class=\"yoast-schema-graph\">{\"@context\":\"https:\/\/schema.org\",\"@graph\":[{\"@type\":\"WebPage\",\"@id\":\"https:\/\/kortleksbolaget.se\/en\/product\/copag-wsop-100-plastic-poker-2pk\/\",\"url\":\"https:\/\/kortleksbolaget.se\/en\/product\/copag-wsop-100-plastic-poker-2pk\/\",\"name\":\"Kortlek Copag WSOP 100% Plastic Poker 2pk | Kortleksbolaget\",\"isPartOf\":{\"@id\":\"https:\/\/kortleksbolaget.se\/en\/#website\"},\"primaryImageOfPage\":{\"@id\":\"https:\/\/kortleksbolaget.se\/en\/product\/copag-wsop-100-plastic-poker-2pk\/#primaryimage\"},\"image\":{\"@id\":\"https:\/\/kortleksbolaget.se\/en\/product\/copag-wsop-100-plastic-poker-2pk\/#primaryimage\"},\"thumbnailUrl\":\"https:\/\/kortleksbolaget.se\/wp-content\/uploads\/copag-wsop-poker-playing-cards.jpg\",\"datePublished\":\"2023-01-09T20:39:01+00:00\",\"dateModified\":\"2023-03-24T00:43:56+00:00\",\"description\":\"K\u00f6p Copag WSOP 100% Plastic Poker 2pk. Snabba leveranser & bra priser. Sveriges st\u00f6rsta sortiment av kortlekar p\u00e5 Kortleksbolaget!\",\"breadcrumb\":{\"@id\":\"https:\/\/kortleksbolaget.se\/en\/product\/copag-wsop-100-plastic-poker-2pk\/#breadcrumb\"},\"inLanguage\":\"en-US\",\"potentialAction\":[{\"@type\":\"ReadAction\",\"target\":[\"https:\/\/kortleksbolaget.se\/en\/product\/copag-wsop-100-plastic-poker-2pk\/\"]}]},{\"@type\":\"ImageObject\",\"inLanguage\":\"en-US\",\"@id\":\"https:\/\/kortleksbolaget.se\/en\/product\/copag-wsop-100-plastic-poker-2pk\/#primaryimage\",\"url\":\"https:\/\/kortleksbolaget.se\/wp-content\/uploads\/copag-wsop-poker-playing-cards.jpg\",\"contentUrl\":\"https:\/\/kortleksbolaget.se\/wp-content\/uploads\/copag-wsop-poker-playing-cards.jpg\",\"width\":497,\"height\":745},{\"@type\":\"BreadcrumbList\",\"@id\":\"https:\/\/kortleksbolaget.se\/en\/product\/copag-wsop-100-plastic-poker-2pk\/#breadcrumb\",\"itemListElement\":[{\"@type\":\"ListItem\",\"position\":1,\"name\":\"Hem\",\"item\":\"https:\/\/kortleksbolaget.se\/en\/\"},{\"@type\":\"ListItem\",\"position\":2,\"name\":\"All products\",\"item\":\"https:\/\/kortleksbolaget.se\/en\/shop\/\"},{\"@type\":\"ListItem\",\"position\":3,\"name\":\"Copag WSOP 100% Plastic Poker 2pk\"}]},{\"@type\":\"WebSite\",\"@id\":\"https:\/\/kortleksbolaget.se\/en\/#website\",\"url\":\"https:\/\/kortleksbolaget.se\/en\/\",\"name\":\"Kortleksbolaget\",\"description\":\"Kortlekar p\u00e5 n\u00e4tet\",\"publisher\":{\"@id\":\"https:\/\/kortleksbolaget.se\/en\/#organization\"},\"potentialAction\":[{\"@type\":\"SearchAction\",\"target\":{\"@type\":\"EntryPoint\",\"urlTemplate\":\"https:\/\/kortleksbolaget.se\/en\/?s={search_term_string}\"},\"query-input\":{\"@type\":\"PropertyValueSpecification\",\"valueRequired\":true,\"valueName\":\"search_term_string\"}}],\"inLanguage\":\"en-US\"},{\"@type\":\"Organization\",\"@id\":\"https:\/\/kortleksbolaget.se\/en\/#organization\",\"name\":\"Kortleksbolaget\",\"url\":\"https:\/\/kortleksbolaget.se\/en\/\",\"logo\":{\"@type\":\"ImageObject\",\"inLanguage\":\"en-US\",\"@id\":\"https:\/\/kortleksbolaget.se\/en\/#\/schema\/logo\/image\/\",\"url\":\"https:\/\/kortleksbolaget.se\/wp-content\/uploads\/kortleksbolaget_logo-svart.png\",\"contentUrl\":\"https:\/\/kortleksbolaget.se\/wp-content\/uploads\/kortleksbolaget_logo-svart.png\",\"width\":1200,\"height\":296,\"caption\":\"Kortleksbolaget\"},\"image\":{\"@id\":\"https:\/\/kortleksbolaget.se\/en\/#\/schema\/logo\/image\/\"}}]}<\/script>\n<!-- \/ Yoast SEO plugin. -->","yoast_head_json":{"title":"Kortlek Copag WSOP 100% Plastic Poker 2pk | Kortleksbolaget","description":"K\u00f6p Copag WSOP 100% Plastic Poker 2pk. Snabba leveranser & bra priser. Sveriges st\u00f6rsta sortiment av kortlekar p\u00e5 Kortleksbolaget!","robots":{"index":"index","follow":"follow","max-snippet":"max-snippet:-1","max-image-preview":"max-image-preview:large","max-video-preview":"max-video-preview:-1"},"canonical":"https:\/\/kortleksbolaget.se\/en\/product\/copag-wsop-100-plastic-poker-2pk\/","og_locale":"en_US","og_type":"article","og_title":"Kortlek Copag WSOP 100% Plastic Poker 2pk | Kortleksbolaget","og_description":"K\u00f6p Copag WSOP 100% Plastic Poker 2pk. Snabba leveranser & bra priser. Sveriges st\u00f6rsta sortiment av kortlekar p\u00e5 Kortleksbolaget!","og_url":"https:\/\/kortleksbolaget.se\/en\/product\/copag-wsop-100-plastic-poker-2pk\/","og_site_name":"Kortleksbolaget","article_modified_time":"2023-03-24T00:43:56+00:00","og_image":[{"width":497,"height":745,"url":"https:\/\/kortleksbolaget.se\/wp-content\/uploads\/copag-wsop-poker-playing-cards.jpg","type":"image\/jpeg"}],"twitter_card":"summary_large_image","schema":{"@context":"https:\/\/schema.org","@graph":[{"@type":"WebPage","@id":"https:\/\/kortleksbolaget.se\/en\/product\/copag-wsop-100-plastic-poker-2pk\/","url":"https:\/\/kortleksbolaget.se\/en\/product\/copag-wsop-100-plastic-poker-2pk\/","name":"Kortlek Copag WSOP 100% Plastic Poker 2pk | Kortleksbolaget","isPartOf":{"@id":"https:\/\/kortleksbolaget.se\/en\/#website"},"primaryImageOfPage":{"@id":"https:\/\/kortleksbolaget.se\/en\/product\/copag-wsop-100-plastic-poker-2pk\/#primaryimage"},"image":{"@id":"https:\/\/kortleksbolaget.se\/en\/product\/copag-wsop-100-plastic-poker-2pk\/#primaryimage"},"thumbnailUrl":"https:\/\/kortleksbolaget.se\/wp-content\/uploads\/copag-wsop-poker-playing-cards.jpg","datePublished":"2023-01-09T20:39:01+00:00","dateModified":"2023-03-24T00:43:56+00:00","description":"K\u00f6p Copag WSOP 100% Plastic Poker 2pk. Snabba leveranser & bra priser. Sveriges st\u00f6rsta sortiment av kortlekar p\u00e5 Kortleksbolaget!","breadcrumb":{"@id":"https:\/\/kortleksbolaget.se\/en\/product\/copag-wsop-100-plastic-poker-2pk\/#breadcrumb"},"inLanguage":"en-US","potentialAction":[{"@type":"ReadAction","target":["https:\/\/kortleksbolaget.se\/en\/product\/copag-wsop-100-plastic-poker-2pk\/"]}]},{"@type":"ImageObject","inLanguage":"en-US","@id":"https:\/\/kortleksbolaget.se\/en\/product\/copag-wsop-100-plastic-poker-2pk\/#primaryimage","url":"https:\/\/kortleksbolaget.se\/wp-content\/uploads\/copag-wsop-poker-playing-cards.jpg","contentUrl":"https:\/\/kortleksbolaget.se\/wp-content\/uploads\/copag-wsop-poker-playing-cards.jpg","width":497,"height":745},{"@type":"BreadcrumbList","@id":"https:\/\/kortleksbolaget.se\/en\/product\/copag-wsop-100-plastic-poker-2pk\/#breadcrumb","itemListElement":[{"@type":"ListItem","position":1,"name":"Hem","item":"https:\/\/kortleksbolaget.se\/en\/"},{"@type":"ListItem","position":2,"name":"All products","item":"https:\/\/kortleksbolaget.se\/en\/shop\/"},{"@type":"ListItem","position":3,"name":"Copag WSOP 100% Plastic Poker 2pk"}]},{"@type":"WebSite","@id":"https:\/\/kortleksbolaget.se\/en\/#website","url":"https:\/\/kortleksbolaget.se\/en\/","name":"Kortleksbolaget","description":"Kortlekar p\u00e5 n\u00e4tet","publisher":{"@id":"https:\/\/kortleksbolaget.se\/en\/#organization"},"potentialAction":[{"@type":"SearchAction","target":{"@type":"EntryPoint","urlTemplate":"https:\/\/kortleksbolaget.se\/en\/?s={search_term_string}"},"query-input":{"@type":"PropertyValueSpecification","valueRequired":true,"valueName":"search_term_string"}}],"inLanguage":"en-US"},{"@type":"Organization","@id":"https:\/\/kortleksbolaget.se\/en\/#organization","name":"Kortleksbolaget","url":"https:\/\/kortleksbolaget.se\/en\/","logo":{"@type":"ImageObject","inLanguage":"en-US","@id":"https:\/\/kortleksbolaget.se\/en\/#\/schema\/logo\/image\/","url":"https:\/\/kortleksbolaget.se\/wp-content\/uploads\/kortleksbolaget_logo-svart.png","contentUrl":"https:\/\/kortleksbolaget.se\/wp-content\/uploads\/kortleksbolaget_logo-svart.png","width":1200,"height":296,"caption":"Kortleksbolaget"},"image":{"@id":"https:\/\/kortleksbolaget.se\/en\/#\/schema\/logo\/image\/"}}]}},"_links":{"self":[{"href":"https:\/\/kortleksbolaget.se\/en\/wp-json\/wp\/v2\/product\/111717","targetHints":{"allow":["GET"]}}],"collection":[{"href":"https:\/\/kortleksbolaget.se\/en\/wp-json\/wp\/v2\/product"}],"about":[{"href":"https:\/\/kortleksbolaget.se\/en\/wp-json\/wp\/v2\/types\/product"}],"wp:featuredmedia":[{"embeddable":true,"href":"https:\/\/kortleksbolaget.se\/en\/wp-json\/wp\/v2\/media\/111709"}],"wp:attachment":[{"href":"https:\/\/kortleksbolaget.se\/en\/wp-json\/wp\/v2\/media?parent=111717"}],"wp:term":[{"taxonomy":"product_brand","embeddable":true,"href":"https:\/\/kortleksbolaget.se\/en\/wp-json\/wp\/v2\/product_brand?post=111717"},{"taxonomy":"product_cat","embeddable":true,"href":"https:\/\/kortleksbolaget.se\/en\/wp-json\/wp\/v2\/product_cat?post=111717"},{"taxonomy":"product_tag","embeddable":true,"href":"https:\/\/kortleksbolaget.se\/en\/wp-json\/wp\/v2\/product_tag?post=111717"}],"curies":[{"name":"wp","href":"https:\/\/api.w.org\/{rel}","templated":true}]}}