{"id":112241,"date":"2023-01-13T17:34:36","date_gmt":"2023-01-13T16:34:36","guid":{"rendered":"https:\/\/kortleksbolaget.se\/produkt\/out-of-sight-the-trick-that-fooled-penn-teller\/"},"modified":"2023-01-13T17:39:37","modified_gmt":"2023-01-13T16:39:37","slug":"out-of-sight-the-trick-that-fooled-penn-teller","status":"publish","type":"product","link":"https:\/\/kortleksbolaget.se\/en\/product\/out-of-sight-the-trick-that-fooled-penn-teller\/","title":{"rendered":"Out of Sight &#8211; The Trick that Fooled Penn &#038; Teller"},"content":{"rendered":"","protected":false},"excerpt":{"rendered":"<div id=\"tw-target-text-container\" class=\"tw-ta-container F0azHf tw-nfl\" tabindex=\"0\">\n<table border=\"0\" width=\"100%\" cellspacing=\"5\" cellpadding=\"0\">\n<tbody>\n<tr>\n<td colspan=\"2\" valign=\"top\"><b>A freely thought-of card is shown to be the only card in an entirely blank deck!<\/b><\/p>\n<p>The very best magic tricks don&#8217;t just fool us, they inspire us.<\/p>\n<p>Finally, the waiting is over! Joshua performed this effect under the working title &#8220;Blind Man&#8217;s Bluff&#8221; for years during his lectures. He amazed and fooled all the magicians he met during his journeys, up to the most famous ones. Every day we received emails by magicians who wanted to get their hands on this effect, and after many tests, we started producing the effect by custom spraying every single deck.<\/p>\n<p>&#8220;Out of Sight&#8221; combines an amazing magic trick with a storyline that is both intriguing and uplifting. Included in this package is a custom-made deck of cards (red Phoenix Deck), a blindfold, and a video featuring Joshua Jay, who explains every nuance of the presentation and method. Every single deck is hand made and prepared with our Science Friction Spray.<\/p>\n<p>&#8220;Out of Sight&#8221; is entirely self-working, and worthy of closing your close-up or parlor show.<\/td>\n<\/tr>\n<tr>\n<td align=\"left\" valign=\"bottom\"><\/td>\n<\/tr>\n<\/tbody>\n<\/table>\n<form action=\"\/index.cfm?page=22&amp;lang=en&amp;Category=1&amp;Aktion=addtocart\" method=\"POST\">\n<table style=\"height: 35px;\" border=\"0\" width=\"65\" cellspacing=\"0\" cellpadding=\"0\">\n<tbody>\n<tr>\n<td align=\"right\"><\/td>\n<\/tr>\n<tr>\n<td align=\"right\"><\/td>\n<\/tr>\n<\/tbody>\n<\/table>\n<\/form>\n<p id=\"tw-target-text\" class=\"tw-data-text tw-text-large tw-ta\" dir=\"ltr\" data-placeholder=\"\u00d6vers\u00e4ttning\"><span class=\"Y2IQFc\" lang=\"sv\">\u00a0<\/span><\/p>\n<\/div>\n<div id=\"tw-target-rmn-container\" class=\"tw-target-rmn tw-ta-container F0azHf tw-nfl\">\n<pre id=\"tw-target-rmn\" class=\"tw-data-placeholder tw-text-small tw-ta\" dir=\"ltr\" data-placeholder=\"\"><\/pre>\n<\/div>\n<p> [&#8230;]<\/p>\n<p><a class=\"btn btn-secondary understrap-read-more-link\" href=\"https:\/\/kortleksbolaget.se\/en\/product\/out-of-sight-the-trick-that-fooled-penn-teller\/\">Read More&#8230;<span class=\"screen-reader-text\"> from Out of Sight &#8211; The Trick that Fooled Penn &#038; Teller<\/span><\/a><\/p>\n","protected":false},"featured_media":112238,"template":"","meta":{"_acf_changed":false},"product_brand":[],"product_cat":[72],"product_tag":[],"class_list":{"0":"post-112241","1":"product","2":"type-product","3":"status-publish","4":"has-post-thumbnail","6":"varumarke-phoenix-en","7":"product_cat-magic-en","9":"first","10":"outofstock","11":"taxable","12":"shipping-taxable","13":"purchasable","14":"product-type-simple"},"acf":[],"yoast_head":"<!-- This site is optimized with the Yoast SEO plugin v26.3 - https:\/\/yoast.com\/wordpress\/plugins\/seo\/ -->\n<title>Kortlek Out of Sight - The Trick that Fooled Penn &amp; Teller | Kortleksbolaget<\/title>\n<meta name=\"description\" content=\"K\u00f6p Out of Sight - The Trick that Fooled Penn &amp; Teller. Snabba leveranser &amp; bra priser. Sveriges st\u00f6rsta sortiment av kortlekar p\u00e5 Kortleksbolaget!\" \/>\n<meta name=\"robots\" content=\"index, follow, max-snippet:-1, max-image-preview:large, max-video-preview:-1\" \/>\n<link rel=\"canonical\" href=\"https:\/\/kortleksbolaget.se\/en\/product\/out-of-sight-the-trick-that-fooled-penn-teller\/\" \/>\n<meta property=\"og:locale\" content=\"en_US\" \/>\n<meta property=\"og:type\" content=\"article\" \/>\n<meta property=\"og:title\" content=\"Kortlek Out of Sight - The Trick that Fooled Penn &amp; Teller | Kortleksbolaget\" \/>\n<meta property=\"og:description\" content=\"K\u00f6p Out of Sight - The Trick that Fooled Penn &amp; Teller. Snabba leveranser &amp; bra priser. Sveriges st\u00f6rsta sortiment av kortlekar p\u00e5 Kortleksbolaget!\" \/>\n<meta property=\"og:url\" content=\"https:\/\/kortleksbolaget.se\/en\/product\/out-of-sight-the-trick-that-fooled-penn-teller\/\" \/>\n<meta property=\"og:site_name\" content=\"Kortleksbolaget\" \/>\n<meta property=\"article:modified_time\" content=\"2023-01-13T16:39:37+00:00\" \/>\n<meta property=\"og:image\" content=\"https:\/\/kortleksbolaget.se\/wp-content\/uploads\/out-of-sight-joshua-jay.jpg\" \/>\n\t<meta property=\"og:image:width\" content=\"660\" \/>\n\t<meta property=\"og:image:height\" content=\"991\" \/>\n\t<meta property=\"og:image:type\" content=\"image\/jpeg\" \/>\n<meta name=\"twitter:card\" content=\"summary_large_image\" \/>\n<script type=\"application\/ld+json\" class=\"yoast-schema-graph\">{\"@context\":\"https:\/\/schema.org\",\"@graph\":[{\"@type\":\"WebPage\",\"@id\":\"https:\/\/kortleksbolaget.se\/en\/product\/out-of-sight-the-trick-that-fooled-penn-teller\/\",\"url\":\"https:\/\/kortleksbolaget.se\/en\/product\/out-of-sight-the-trick-that-fooled-penn-teller\/\",\"name\":\"Kortlek Out of Sight - The Trick that Fooled Penn & Teller | Kortleksbolaget\",\"isPartOf\":{\"@id\":\"https:\/\/kortleksbolaget.se\/en\/#website\"},\"primaryImageOfPage\":{\"@id\":\"https:\/\/kortleksbolaget.se\/en\/product\/out-of-sight-the-trick-that-fooled-penn-teller\/#primaryimage\"},\"image\":{\"@id\":\"https:\/\/kortleksbolaget.se\/en\/product\/out-of-sight-the-trick-that-fooled-penn-teller\/#primaryimage\"},\"thumbnailUrl\":\"https:\/\/kortleksbolaget.se\/wp-content\/uploads\/out-of-sight-joshua-jay.jpg\",\"datePublished\":\"2023-01-13T16:34:36+00:00\",\"dateModified\":\"2023-01-13T16:39:37+00:00\",\"description\":\"K\u00f6p Out of Sight - The Trick that Fooled Penn & Teller. Snabba leveranser & bra priser. Sveriges st\u00f6rsta sortiment av kortlekar p\u00e5 Kortleksbolaget!\",\"breadcrumb\":{\"@id\":\"https:\/\/kortleksbolaget.se\/en\/product\/out-of-sight-the-trick-that-fooled-penn-teller\/#breadcrumb\"},\"inLanguage\":\"en-US\",\"potentialAction\":[{\"@type\":\"ReadAction\",\"target\":[\"https:\/\/kortleksbolaget.se\/en\/product\/out-of-sight-the-trick-that-fooled-penn-teller\/\"]}]},{\"@type\":\"ImageObject\",\"inLanguage\":\"en-US\",\"@id\":\"https:\/\/kortleksbolaget.se\/en\/product\/out-of-sight-the-trick-that-fooled-penn-teller\/#primaryimage\",\"url\":\"https:\/\/kortleksbolaget.se\/wp-content\/uploads\/out-of-sight-joshua-jay.jpg\",\"contentUrl\":\"https:\/\/kortleksbolaget.se\/wp-content\/uploads\/out-of-sight-joshua-jay.jpg\",\"width\":660,\"height\":991},{\"@type\":\"BreadcrumbList\",\"@id\":\"https:\/\/kortleksbolaget.se\/en\/product\/out-of-sight-the-trick-that-fooled-penn-teller\/#breadcrumb\",\"itemListElement\":[{\"@type\":\"ListItem\",\"position\":1,\"name\":\"Hem\",\"item\":\"https:\/\/kortleksbolaget.se\/en\/\"},{\"@type\":\"ListItem\",\"position\":2,\"name\":\"All products\",\"item\":\"https:\/\/kortleksbolaget.se\/en\/shop\/\"},{\"@type\":\"ListItem\",\"position\":3,\"name\":\"Out of Sight &#8211; The Trick that Fooled Penn &#038; Teller\"}]},{\"@type\":\"WebSite\",\"@id\":\"https:\/\/kortleksbolaget.se\/en\/#website\",\"url\":\"https:\/\/kortleksbolaget.se\/en\/\",\"name\":\"Kortleksbolaget\",\"description\":\"Kortlekar p\u00e5 n\u00e4tet\",\"publisher\":{\"@id\":\"https:\/\/kortleksbolaget.se\/en\/#organization\"},\"potentialAction\":[{\"@type\":\"SearchAction\",\"target\":{\"@type\":\"EntryPoint\",\"urlTemplate\":\"https:\/\/kortleksbolaget.se\/en\/?s={search_term_string}\"},\"query-input\":{\"@type\":\"PropertyValueSpecification\",\"valueRequired\":true,\"valueName\":\"search_term_string\"}}],\"inLanguage\":\"en-US\"},{\"@type\":\"Organization\",\"@id\":\"https:\/\/kortleksbolaget.se\/en\/#organization\",\"name\":\"Kortleksbolaget\",\"url\":\"https:\/\/kortleksbolaget.se\/en\/\",\"logo\":{\"@type\":\"ImageObject\",\"inLanguage\":\"en-US\",\"@id\":\"https:\/\/kortleksbolaget.se\/en\/#\/schema\/logo\/image\/\",\"url\":\"https:\/\/kortleksbolaget.se\/wp-content\/uploads\/kortleksbolaget_logo-svart.png\",\"contentUrl\":\"https:\/\/kortleksbolaget.se\/wp-content\/uploads\/kortleksbolaget_logo-svart.png\",\"width\":1200,\"height\":296,\"caption\":\"Kortleksbolaget\"},\"image\":{\"@id\":\"https:\/\/kortleksbolaget.se\/en\/#\/schema\/logo\/image\/\"}}]}<\/script>\n<!-- \/ Yoast SEO plugin. -->","yoast_head_json":{"title":"Kortlek Out of Sight - The Trick that Fooled Penn & Teller | Kortleksbolaget","description":"K\u00f6p Out of Sight - The Trick that Fooled Penn & Teller. Snabba leveranser & bra priser. Sveriges st\u00f6rsta sortiment av kortlekar p\u00e5 Kortleksbolaget!","robots":{"index":"index","follow":"follow","max-snippet":"max-snippet:-1","max-image-preview":"max-image-preview:large","max-video-preview":"max-video-preview:-1"},"canonical":"https:\/\/kortleksbolaget.se\/en\/product\/out-of-sight-the-trick-that-fooled-penn-teller\/","og_locale":"en_US","og_type":"article","og_title":"Kortlek Out of Sight - The Trick that Fooled Penn & Teller | Kortleksbolaget","og_description":"K\u00f6p Out of Sight - The Trick that Fooled Penn & Teller. Snabba leveranser & bra priser. Sveriges st\u00f6rsta sortiment av kortlekar p\u00e5 Kortleksbolaget!","og_url":"https:\/\/kortleksbolaget.se\/en\/product\/out-of-sight-the-trick-that-fooled-penn-teller\/","og_site_name":"Kortleksbolaget","article_modified_time":"2023-01-13T16:39:37+00:00","og_image":[{"width":660,"height":991,"url":"https:\/\/kortleksbolaget.se\/wp-content\/uploads\/out-of-sight-joshua-jay.jpg","type":"image\/jpeg"}],"twitter_card":"summary_large_image","schema":{"@context":"https:\/\/schema.org","@graph":[{"@type":"WebPage","@id":"https:\/\/kortleksbolaget.se\/en\/product\/out-of-sight-the-trick-that-fooled-penn-teller\/","url":"https:\/\/kortleksbolaget.se\/en\/product\/out-of-sight-the-trick-that-fooled-penn-teller\/","name":"Kortlek Out of Sight - The Trick that Fooled Penn & Teller | Kortleksbolaget","isPartOf":{"@id":"https:\/\/kortleksbolaget.se\/en\/#website"},"primaryImageOfPage":{"@id":"https:\/\/kortleksbolaget.se\/en\/product\/out-of-sight-the-trick-that-fooled-penn-teller\/#primaryimage"},"image":{"@id":"https:\/\/kortleksbolaget.se\/en\/product\/out-of-sight-the-trick-that-fooled-penn-teller\/#primaryimage"},"thumbnailUrl":"https:\/\/kortleksbolaget.se\/wp-content\/uploads\/out-of-sight-joshua-jay.jpg","datePublished":"2023-01-13T16:34:36+00:00","dateModified":"2023-01-13T16:39:37+00:00","description":"K\u00f6p Out of Sight - The Trick that Fooled Penn & Teller. Snabba leveranser & bra priser. Sveriges st\u00f6rsta sortiment av kortlekar p\u00e5 Kortleksbolaget!","breadcrumb":{"@id":"https:\/\/kortleksbolaget.se\/en\/product\/out-of-sight-the-trick-that-fooled-penn-teller\/#breadcrumb"},"inLanguage":"en-US","potentialAction":[{"@type":"ReadAction","target":["https:\/\/kortleksbolaget.se\/en\/product\/out-of-sight-the-trick-that-fooled-penn-teller\/"]}]},{"@type":"ImageObject","inLanguage":"en-US","@id":"https:\/\/kortleksbolaget.se\/en\/product\/out-of-sight-the-trick-that-fooled-penn-teller\/#primaryimage","url":"https:\/\/kortleksbolaget.se\/wp-content\/uploads\/out-of-sight-joshua-jay.jpg","contentUrl":"https:\/\/kortleksbolaget.se\/wp-content\/uploads\/out-of-sight-joshua-jay.jpg","width":660,"height":991},{"@type":"BreadcrumbList","@id":"https:\/\/kortleksbolaget.se\/en\/product\/out-of-sight-the-trick-that-fooled-penn-teller\/#breadcrumb","itemListElement":[{"@type":"ListItem","position":1,"name":"Hem","item":"https:\/\/kortleksbolaget.se\/en\/"},{"@type":"ListItem","position":2,"name":"All products","item":"https:\/\/kortleksbolaget.se\/en\/shop\/"},{"@type":"ListItem","position":3,"name":"Out of Sight &#8211; The Trick that Fooled Penn &#038; Teller"}]},{"@type":"WebSite","@id":"https:\/\/kortleksbolaget.se\/en\/#website","url":"https:\/\/kortleksbolaget.se\/en\/","name":"Kortleksbolaget","description":"Kortlekar p\u00e5 n\u00e4tet","publisher":{"@id":"https:\/\/kortleksbolaget.se\/en\/#organization"},"potentialAction":[{"@type":"SearchAction","target":{"@type":"EntryPoint","urlTemplate":"https:\/\/kortleksbolaget.se\/en\/?s={search_term_string}"},"query-input":{"@type":"PropertyValueSpecification","valueRequired":true,"valueName":"search_term_string"}}],"inLanguage":"en-US"},{"@type":"Organization","@id":"https:\/\/kortleksbolaget.se\/en\/#organization","name":"Kortleksbolaget","url":"https:\/\/kortleksbolaget.se\/en\/","logo":{"@type":"ImageObject","inLanguage":"en-US","@id":"https:\/\/kortleksbolaget.se\/en\/#\/schema\/logo\/image\/","url":"https:\/\/kortleksbolaget.se\/wp-content\/uploads\/kortleksbolaget_logo-svart.png","contentUrl":"https:\/\/kortleksbolaget.se\/wp-content\/uploads\/kortleksbolaget_logo-svart.png","width":1200,"height":296,"caption":"Kortleksbolaget"},"image":{"@id":"https:\/\/kortleksbolaget.se\/en\/#\/schema\/logo\/image\/"}}]}},"_links":{"self":[{"href":"https:\/\/kortleksbolaget.se\/en\/wp-json\/wp\/v2\/product\/112241","targetHints":{"allow":["GET"]}}],"collection":[{"href":"https:\/\/kortleksbolaget.se\/en\/wp-json\/wp\/v2\/product"}],"about":[{"href":"https:\/\/kortleksbolaget.se\/en\/wp-json\/wp\/v2\/types\/product"}],"wp:featuredmedia":[{"embeddable":true,"href":"https:\/\/kortleksbolaget.se\/en\/wp-json\/wp\/v2\/media\/112238"}],"wp:attachment":[{"href":"https:\/\/kortleksbolaget.se\/en\/wp-json\/wp\/v2\/media?parent=112241"}],"wp:term":[{"taxonomy":"product_brand","embeddable":true,"href":"https:\/\/kortleksbolaget.se\/en\/wp-json\/wp\/v2\/product_brand?post=112241"},{"taxonomy":"product_cat","embeddable":true,"href":"https:\/\/kortleksbolaget.se\/en\/wp-json\/wp\/v2\/product_cat?post=112241"},{"taxonomy":"product_tag","embeddable":true,"href":"https:\/\/kortleksbolaget.se\/en\/wp-json\/wp\/v2\/product_tag?post=112241"}],"curies":[{"name":"wp","href":"https:\/\/api.w.org\/{rel}","templated":true}]}}