{"id":112256,"date":"2023-01-13T17:50:11","date_gmt":"2023-01-13T16:50:11","guid":{"rendered":"https:\/\/kortleksbolaget.se\/produkt\/blank-thoughts-by-mortenn-christiansen\/"},"modified":"2023-01-13T17:51:36","modified_gmt":"2023-01-13T16:51:36","slug":"blank-thoughts-by-mortenn-christiansen","status":"publish","type":"product","link":"https:\/\/kortleksbolaget.se\/en\/product\/blank-thoughts-by-mortenn-christiansen\/","title":{"rendered":"Blank Thoughts by Mortenn Christiansen"},"content":{"rendered":"","protected":false},"excerpt":{"rendered":"<div id=\"tw-target-text-container\" class=\"tw-ta-container F0azHf tw-nfl\" tabindex=\"0\">\n<p>A Freely Chosen Card vanishes from the Deck.<\/p>\n<p>The Deck then turns completely blank while their Chosen Card appears wherever you want.<\/p>\n<p>This sounds crazy, but watch the trailer. There is no switch happening. This is like our Award Winning effect Get Sharky, but with this extra twist where the deck turns completely blank.<\/p>\n<p>The magician riffles through the deck until the spectator tells him to stop. At this random position the spectator remembers the card.<\/p>\n<p>Without any suspicious moves the magician turns the deck completely blank. (The deck can even be dealt onto the table, one card at a time, as there is no rough and smooth principle involved!)<\/p>\n<p>The magician slowly puts his empty hand into his pocket (or any other location he likes) and shows the selected card! A miracle. The effect resets in seconds and could be immediately repeated with a different outcome!<\/p>\n<p>Comes with Online video instructions as well as a red Phoenix Deck with Standard or Large Index face cards.<\/p>\n<p id=\"tw-target-text\" class=\"tw-data-text tw-text-large tw-ta\" dir=\"ltr\" data-placeholder=\"\u00d6vers\u00e4ttning\"><span class=\"Y2IQFc\" lang=\"sv\">\u00a0<\/span><\/p>\n<\/div>\n<div id=\"tw-target-rmn-container\" class=\"tw-target-rmn tw-ta-container F0azHf tw-nfl\">\n<pre id=\"tw-target-rmn\" class=\"tw-data-placeholder tw-text-small tw-ta\" dir=\"ltr\" data-placeholder=\"\"><\/pre>\n<\/div>\n<p> [&#8230;]<\/p>\n<p><a class=\"btn btn-secondary understrap-read-more-link\" href=\"https:\/\/kortleksbolaget.se\/en\/product\/blank-thoughts-by-mortenn-christiansen\/\">Read More&#8230;<span class=\"screen-reader-text\"> from Blank Thoughts by Mortenn Christiansen<\/span><\/a><\/p>\n","protected":false},"featured_media":112252,"template":"","meta":{"_acf_changed":false},"product_brand":[],"product_cat":[72],"product_tag":[],"class_list":{"0":"post-112256","1":"product","2":"type-product","3":"status-publish","4":"has-post-thumbnail","6":"varumarke-phoenix-en","7":"product_cat-magic-en","9":"first","10":"instock","11":"taxable","12":"shipping-taxable","13":"purchasable","14":"product-type-simple"},"acf":[],"yoast_head":"<!-- This site is optimized with the Yoast SEO plugin v26.3 - https:\/\/yoast.com\/wordpress\/plugins\/seo\/ -->\n<title>Kortlek Blank Thoughts by Mortenn Christiansen | Kortleksbolaget<\/title>\n<meta name=\"description\" content=\"K\u00f6p Blank Thoughts by Mortenn Christiansen. Snabba leveranser &amp; bra priser. Sveriges st\u00f6rsta sortiment av kortlekar p\u00e5 Kortleksbolaget!\" \/>\n<meta name=\"robots\" content=\"index, follow, max-snippet:-1, max-image-preview:large, max-video-preview:-1\" \/>\n<link rel=\"canonical\" href=\"https:\/\/kortleksbolaget.se\/en\/product\/blank-thoughts-by-mortenn-christiansen\/\" \/>\n<meta property=\"og:locale\" content=\"en_US\" \/>\n<meta property=\"og:type\" content=\"article\" \/>\n<meta property=\"og:title\" content=\"Kortlek Blank Thoughts by Mortenn Christiansen | Kortleksbolaget\" \/>\n<meta property=\"og:description\" content=\"K\u00f6p Blank Thoughts by Mortenn Christiansen. Snabba leveranser &amp; bra priser. Sveriges st\u00f6rsta sortiment av kortlekar p\u00e5 Kortleksbolaget!\" \/>\n<meta property=\"og:url\" content=\"https:\/\/kortleksbolaget.se\/en\/product\/blank-thoughts-by-mortenn-christiansen\/\" \/>\n<meta property=\"og:site_name\" content=\"Kortleksbolaget\" \/>\n<meta property=\"article:modified_time\" content=\"2023-01-13T16:51:36+00:00\" \/>\n<meta property=\"og:image\" content=\"https:\/\/kortleksbolaget.se\/wp-content\/uploads\/blank-thoughts-trick-1.jpg\" \/>\n\t<meta property=\"og:image:width\" content=\"491\" \/>\n\t<meta property=\"og:image:height\" content=\"737\" \/>\n\t<meta property=\"og:image:type\" content=\"image\/jpeg\" \/>\n<meta name=\"twitter:card\" content=\"summary_large_image\" \/>\n<script type=\"application\/ld+json\" class=\"yoast-schema-graph\">{\"@context\":\"https:\/\/schema.org\",\"@graph\":[{\"@type\":\"WebPage\",\"@id\":\"https:\/\/kortleksbolaget.se\/en\/product\/blank-thoughts-by-mortenn-christiansen\/\",\"url\":\"https:\/\/kortleksbolaget.se\/en\/product\/blank-thoughts-by-mortenn-christiansen\/\",\"name\":\"Kortlek Blank Thoughts by Mortenn Christiansen | Kortleksbolaget\",\"isPartOf\":{\"@id\":\"https:\/\/kortleksbolaget.se\/en\/#website\"},\"primaryImageOfPage\":{\"@id\":\"https:\/\/kortleksbolaget.se\/en\/product\/blank-thoughts-by-mortenn-christiansen\/#primaryimage\"},\"image\":{\"@id\":\"https:\/\/kortleksbolaget.se\/en\/product\/blank-thoughts-by-mortenn-christiansen\/#primaryimage\"},\"thumbnailUrl\":\"https:\/\/kortleksbolaget.se\/wp-content\/uploads\/blank-thoughts-trick-1.jpg\",\"datePublished\":\"2023-01-13T16:50:11+00:00\",\"dateModified\":\"2023-01-13T16:51:36+00:00\",\"description\":\"K\u00f6p Blank Thoughts by Mortenn Christiansen. Snabba leveranser & bra priser. Sveriges st\u00f6rsta sortiment av kortlekar p\u00e5 Kortleksbolaget!\",\"breadcrumb\":{\"@id\":\"https:\/\/kortleksbolaget.se\/en\/product\/blank-thoughts-by-mortenn-christiansen\/#breadcrumb\"},\"inLanguage\":\"en-US\",\"potentialAction\":[{\"@type\":\"ReadAction\",\"target\":[\"https:\/\/kortleksbolaget.se\/en\/product\/blank-thoughts-by-mortenn-christiansen\/\"]}]},{\"@type\":\"ImageObject\",\"inLanguage\":\"en-US\",\"@id\":\"https:\/\/kortleksbolaget.se\/en\/product\/blank-thoughts-by-mortenn-christiansen\/#primaryimage\",\"url\":\"https:\/\/kortleksbolaget.se\/wp-content\/uploads\/blank-thoughts-trick-1.jpg\",\"contentUrl\":\"https:\/\/kortleksbolaget.se\/wp-content\/uploads\/blank-thoughts-trick-1.jpg\",\"width\":491,\"height\":737},{\"@type\":\"BreadcrumbList\",\"@id\":\"https:\/\/kortleksbolaget.se\/en\/product\/blank-thoughts-by-mortenn-christiansen\/#breadcrumb\",\"itemListElement\":[{\"@type\":\"ListItem\",\"position\":1,\"name\":\"Hem\",\"item\":\"https:\/\/kortleksbolaget.se\/en\/\"},{\"@type\":\"ListItem\",\"position\":2,\"name\":\"All products\",\"item\":\"https:\/\/kortleksbolaget.se\/en\/shop\/\"},{\"@type\":\"ListItem\",\"position\":3,\"name\":\"Blank Thoughts by Mortenn Christiansen\"}]},{\"@type\":\"WebSite\",\"@id\":\"https:\/\/kortleksbolaget.se\/en\/#website\",\"url\":\"https:\/\/kortleksbolaget.se\/en\/\",\"name\":\"Kortleksbolaget\",\"description\":\"Kortlekar p\u00e5 n\u00e4tet\",\"publisher\":{\"@id\":\"https:\/\/kortleksbolaget.se\/en\/#organization\"},\"potentialAction\":[{\"@type\":\"SearchAction\",\"target\":{\"@type\":\"EntryPoint\",\"urlTemplate\":\"https:\/\/kortleksbolaget.se\/en\/?s={search_term_string}\"},\"query-input\":{\"@type\":\"PropertyValueSpecification\",\"valueRequired\":true,\"valueName\":\"search_term_string\"}}],\"inLanguage\":\"en-US\"},{\"@type\":\"Organization\",\"@id\":\"https:\/\/kortleksbolaget.se\/en\/#organization\",\"name\":\"Kortleksbolaget\",\"url\":\"https:\/\/kortleksbolaget.se\/en\/\",\"logo\":{\"@type\":\"ImageObject\",\"inLanguage\":\"en-US\",\"@id\":\"https:\/\/kortleksbolaget.se\/en\/#\/schema\/logo\/image\/\",\"url\":\"https:\/\/kortleksbolaget.se\/wp-content\/uploads\/kortleksbolaget_logo-svart.png\",\"contentUrl\":\"https:\/\/kortleksbolaget.se\/wp-content\/uploads\/kortleksbolaget_logo-svart.png\",\"width\":1200,\"height\":296,\"caption\":\"Kortleksbolaget\"},\"image\":{\"@id\":\"https:\/\/kortleksbolaget.se\/en\/#\/schema\/logo\/image\/\"}}]}<\/script>\n<!-- \/ Yoast SEO plugin. -->","yoast_head_json":{"title":"Kortlek Blank Thoughts by Mortenn Christiansen | Kortleksbolaget","description":"K\u00f6p Blank Thoughts by Mortenn Christiansen. Snabba leveranser & bra priser. Sveriges st\u00f6rsta sortiment av kortlekar p\u00e5 Kortleksbolaget!","robots":{"index":"index","follow":"follow","max-snippet":"max-snippet:-1","max-image-preview":"max-image-preview:large","max-video-preview":"max-video-preview:-1"},"canonical":"https:\/\/kortleksbolaget.se\/en\/product\/blank-thoughts-by-mortenn-christiansen\/","og_locale":"en_US","og_type":"article","og_title":"Kortlek Blank Thoughts by Mortenn Christiansen | Kortleksbolaget","og_description":"K\u00f6p Blank Thoughts by Mortenn Christiansen. Snabba leveranser & bra priser. Sveriges st\u00f6rsta sortiment av kortlekar p\u00e5 Kortleksbolaget!","og_url":"https:\/\/kortleksbolaget.se\/en\/product\/blank-thoughts-by-mortenn-christiansen\/","og_site_name":"Kortleksbolaget","article_modified_time":"2023-01-13T16:51:36+00:00","og_image":[{"width":491,"height":737,"url":"https:\/\/kortleksbolaget.se\/wp-content\/uploads\/blank-thoughts-trick-1.jpg","type":"image\/jpeg"}],"twitter_card":"summary_large_image","schema":{"@context":"https:\/\/schema.org","@graph":[{"@type":"WebPage","@id":"https:\/\/kortleksbolaget.se\/en\/product\/blank-thoughts-by-mortenn-christiansen\/","url":"https:\/\/kortleksbolaget.se\/en\/product\/blank-thoughts-by-mortenn-christiansen\/","name":"Kortlek Blank Thoughts by Mortenn Christiansen | Kortleksbolaget","isPartOf":{"@id":"https:\/\/kortleksbolaget.se\/en\/#website"},"primaryImageOfPage":{"@id":"https:\/\/kortleksbolaget.se\/en\/product\/blank-thoughts-by-mortenn-christiansen\/#primaryimage"},"image":{"@id":"https:\/\/kortleksbolaget.se\/en\/product\/blank-thoughts-by-mortenn-christiansen\/#primaryimage"},"thumbnailUrl":"https:\/\/kortleksbolaget.se\/wp-content\/uploads\/blank-thoughts-trick-1.jpg","datePublished":"2023-01-13T16:50:11+00:00","dateModified":"2023-01-13T16:51:36+00:00","description":"K\u00f6p Blank Thoughts by Mortenn Christiansen. Snabba leveranser & bra priser. Sveriges st\u00f6rsta sortiment av kortlekar p\u00e5 Kortleksbolaget!","breadcrumb":{"@id":"https:\/\/kortleksbolaget.se\/en\/product\/blank-thoughts-by-mortenn-christiansen\/#breadcrumb"},"inLanguage":"en-US","potentialAction":[{"@type":"ReadAction","target":["https:\/\/kortleksbolaget.se\/en\/product\/blank-thoughts-by-mortenn-christiansen\/"]}]},{"@type":"ImageObject","inLanguage":"en-US","@id":"https:\/\/kortleksbolaget.se\/en\/product\/blank-thoughts-by-mortenn-christiansen\/#primaryimage","url":"https:\/\/kortleksbolaget.se\/wp-content\/uploads\/blank-thoughts-trick-1.jpg","contentUrl":"https:\/\/kortleksbolaget.se\/wp-content\/uploads\/blank-thoughts-trick-1.jpg","width":491,"height":737},{"@type":"BreadcrumbList","@id":"https:\/\/kortleksbolaget.se\/en\/product\/blank-thoughts-by-mortenn-christiansen\/#breadcrumb","itemListElement":[{"@type":"ListItem","position":1,"name":"Hem","item":"https:\/\/kortleksbolaget.se\/en\/"},{"@type":"ListItem","position":2,"name":"All products","item":"https:\/\/kortleksbolaget.se\/en\/shop\/"},{"@type":"ListItem","position":3,"name":"Blank Thoughts by Mortenn Christiansen"}]},{"@type":"WebSite","@id":"https:\/\/kortleksbolaget.se\/en\/#website","url":"https:\/\/kortleksbolaget.se\/en\/","name":"Kortleksbolaget","description":"Kortlekar p\u00e5 n\u00e4tet","publisher":{"@id":"https:\/\/kortleksbolaget.se\/en\/#organization"},"potentialAction":[{"@type":"SearchAction","target":{"@type":"EntryPoint","urlTemplate":"https:\/\/kortleksbolaget.se\/en\/?s={search_term_string}"},"query-input":{"@type":"PropertyValueSpecification","valueRequired":true,"valueName":"search_term_string"}}],"inLanguage":"en-US"},{"@type":"Organization","@id":"https:\/\/kortleksbolaget.se\/en\/#organization","name":"Kortleksbolaget","url":"https:\/\/kortleksbolaget.se\/en\/","logo":{"@type":"ImageObject","inLanguage":"en-US","@id":"https:\/\/kortleksbolaget.se\/en\/#\/schema\/logo\/image\/","url":"https:\/\/kortleksbolaget.se\/wp-content\/uploads\/kortleksbolaget_logo-svart.png","contentUrl":"https:\/\/kortleksbolaget.se\/wp-content\/uploads\/kortleksbolaget_logo-svart.png","width":1200,"height":296,"caption":"Kortleksbolaget"},"image":{"@id":"https:\/\/kortleksbolaget.se\/en\/#\/schema\/logo\/image\/"}}]}},"_links":{"self":[{"href":"https:\/\/kortleksbolaget.se\/en\/wp-json\/wp\/v2\/product\/112256","targetHints":{"allow":["GET"]}}],"collection":[{"href":"https:\/\/kortleksbolaget.se\/en\/wp-json\/wp\/v2\/product"}],"about":[{"href":"https:\/\/kortleksbolaget.se\/en\/wp-json\/wp\/v2\/types\/product"}],"wp:featuredmedia":[{"embeddable":true,"href":"https:\/\/kortleksbolaget.se\/en\/wp-json\/wp\/v2\/media\/112252"}],"wp:attachment":[{"href":"https:\/\/kortleksbolaget.se\/en\/wp-json\/wp\/v2\/media?parent=112256"}],"wp:term":[{"taxonomy":"product_brand","embeddable":true,"href":"https:\/\/kortleksbolaget.se\/en\/wp-json\/wp\/v2\/product_brand?post=112256"},{"taxonomy":"product_cat","embeddable":true,"href":"https:\/\/kortleksbolaget.se\/en\/wp-json\/wp\/v2\/product_cat?post=112256"},{"taxonomy":"product_tag","embeddable":true,"href":"https:\/\/kortleksbolaget.se\/en\/wp-json\/wp\/v2\/product_tag?post=112256"}],"curies":[{"name":"wp","href":"https:\/\/api.w.org\/{rel}","templated":true}]}}