{"id":118662,"date":"2023-03-21T15:01:03","date_gmt":"2023-03-21T14:01:03","guid":{"rendered":"https:\/\/kortleksbolaget.se\/produkt\/van-gogh-playing-cards\/"},"modified":"2023-03-21T15:17:24","modified_gmt":"2023-03-21T14:17:24","slug":"van-gogh-playing-cards","status":"publish","type":"product","link":"https:\/\/kortleksbolaget.se\/en\/product\/van-gogh-playing-cards\/","title":{"rendered":"Van Gogh Playing Cards"},"content":{"rendered":"","protected":false},"excerpt":{"rendered":"<div id=\"tw-target-text-container\" class=\"tw-ta-container F0azHf tw-nfl\" tabindex=\"0\">\n<div class=\"box-inner1\">\n<div class=\"product-description Scrollable\">\n<div class=\"product attribute overview\">\n<div class=\"value\">\n<p>Many of the decks that magicians, cardists, and card players use tend to have simple\/clean designs; but there has been new category decks emerging which focuses on using playing cards as a canvas for printing beautiful artwork.<\/p>\n<p>This deck is a perfect example. The Van Gogh playing cards take some of the most famous paintings in the world and bring them to the palms of your hands.<\/p>\n<p>Vincent Willem van Gogh (March 30, 1853 &#8211; July 29, 1890), who graduated from Tilburg University, is a Dutch post-impressionist painter and a pioneer of expressionism. He was enthusiastic about rural scenes and often painted this motive with natural compassion for the suffering. His works are an outstanding contribution to the world of art and significantly influenced the later generations.<\/p>\n<p>The Van Gogh Playing Cards are manufactured by The United States Playing Card Company on their premium casino stock.<\/p>\n<\/div>\n<\/div>\n<\/div>\n<\/div>\n<p id=\"tw-target-text\" class=\"tw-data-text tw-text-large tw-ta\" dir=\"ltr\" data-placeholder=\"\u00d6vers\u00e4ttning\"><span class=\"Y2IQFc\" lang=\"sv\">\u00a0<\/span><\/p>\n<\/div>\n<div id=\"tw-target-rmn-container\" class=\"tw-target-rmn tw-ta-container F0azHf tw-nfl\">\n<pre id=\"tw-target-rmn\" class=\"tw-data-placeholder tw-text-small tw-ta\" dir=\"ltr\" data-placeholder=\"\"><\/pre>\n<\/div>\n<p> [&#8230;]<\/p>\n<p><a class=\"btn btn-secondary understrap-read-more-link\" href=\"https:\/\/kortleksbolaget.se\/en\/product\/van-gogh-playing-cards\/\">Read More&#8230;<span class=\"screen-reader-text\"> from Van Gogh Playing Cards<\/span><\/a><\/p>\n","protected":false},"featured_media":118668,"template":"","meta":{"_acf_changed":false},"product_brand":[],"product_cat":[75],"product_tag":[],"class_list":{"0":"post-118662","1":"product","2":"type-product","3":"status-publish","4":"has-post-thumbnail","6":"varumarke-uspcc-en","7":"product_cat-special-lyx-limited-en","9":"first","10":"outofstock","11":"taxable","12":"shipping-taxable","13":"purchasable","14":"product-type-simple"},"acf":[],"yoast_head":"<!-- This site is optimized with the Yoast SEO plugin v26.3 - https:\/\/yoast.com\/wordpress\/plugins\/seo\/ -->\n<title>Kortlek Van Gogh Playing Cards | Kortleksbolaget<\/title>\n<meta name=\"description\" content=\"K\u00f6p Van Gogh Playing Cards. Snabba leveranser &amp; bra priser. Sveriges st\u00f6rsta sortiment av kortlekar p\u00e5 Kortleksbolaget!\" \/>\n<meta name=\"robots\" content=\"index, follow, max-snippet:-1, max-image-preview:large, max-video-preview:-1\" \/>\n<link rel=\"canonical\" href=\"https:\/\/kortleksbolaget.se\/en\/product\/van-gogh-playing-cards\/\" \/>\n<meta property=\"og:locale\" content=\"en_US\" \/>\n<meta property=\"og:type\" content=\"article\" \/>\n<meta property=\"og:title\" content=\"Kortlek Van Gogh Playing Cards | Kortleksbolaget\" \/>\n<meta property=\"og:description\" content=\"K\u00f6p Van Gogh Playing Cards. Snabba leveranser &amp; bra priser. Sveriges st\u00f6rsta sortiment av kortlekar p\u00e5 Kortleksbolaget!\" \/>\n<meta property=\"og:url\" content=\"https:\/\/kortleksbolaget.se\/en\/product\/van-gogh-playing-cards\/\" \/>\n<meta property=\"og:site_name\" content=\"Kortleksbolaget\" \/>\n<meta property=\"article:modified_time\" content=\"2023-03-21T14:17:24+00:00\" \/>\n<meta property=\"og:image\" content=\"https:\/\/kortleksbolaget.se\/wp-content\/uploads\/van-gogh-kortlek-1.jpg\" \/>\n\t<meta property=\"og:image:width\" content=\"542\" \/>\n\t<meta property=\"og:image:height\" content=\"812\" \/>\n\t<meta property=\"og:image:type\" content=\"image\/jpeg\" \/>\n<meta name=\"twitter:card\" content=\"summary_large_image\" \/>\n<script type=\"application\/ld+json\" class=\"yoast-schema-graph\">{\"@context\":\"https:\/\/schema.org\",\"@graph\":[{\"@type\":\"WebPage\",\"@id\":\"https:\/\/kortleksbolaget.se\/en\/product\/van-gogh-playing-cards\/\",\"url\":\"https:\/\/kortleksbolaget.se\/en\/product\/van-gogh-playing-cards\/\",\"name\":\"Kortlek Van Gogh Playing Cards | Kortleksbolaget\",\"isPartOf\":{\"@id\":\"https:\/\/kortleksbolaget.se\/en\/#website\"},\"primaryImageOfPage\":{\"@id\":\"https:\/\/kortleksbolaget.se\/en\/product\/van-gogh-playing-cards\/#primaryimage\"},\"image\":{\"@id\":\"https:\/\/kortleksbolaget.se\/en\/product\/van-gogh-playing-cards\/#primaryimage\"},\"thumbnailUrl\":\"https:\/\/kortleksbolaget.se\/wp-content\/uploads\/van-gogh-kortlek-1.jpg\",\"datePublished\":\"2023-03-21T14:01:03+00:00\",\"dateModified\":\"2023-03-21T14:17:24+00:00\",\"description\":\"K\u00f6p Van Gogh Playing Cards. Snabba leveranser & bra priser. Sveriges st\u00f6rsta sortiment av kortlekar p\u00e5 Kortleksbolaget!\",\"breadcrumb\":{\"@id\":\"https:\/\/kortleksbolaget.se\/en\/product\/van-gogh-playing-cards\/#breadcrumb\"},\"inLanguage\":\"en-US\",\"potentialAction\":[{\"@type\":\"ReadAction\",\"target\":[\"https:\/\/kortleksbolaget.se\/en\/product\/van-gogh-playing-cards\/\"]}]},{\"@type\":\"ImageObject\",\"inLanguage\":\"en-US\",\"@id\":\"https:\/\/kortleksbolaget.se\/en\/product\/van-gogh-playing-cards\/#primaryimage\",\"url\":\"https:\/\/kortleksbolaget.se\/wp-content\/uploads\/van-gogh-kortlek-1.jpg\",\"contentUrl\":\"https:\/\/kortleksbolaget.se\/wp-content\/uploads\/van-gogh-kortlek-1.jpg\",\"width\":542,\"height\":812},{\"@type\":\"BreadcrumbList\",\"@id\":\"https:\/\/kortleksbolaget.se\/en\/product\/van-gogh-playing-cards\/#breadcrumb\",\"itemListElement\":[{\"@type\":\"ListItem\",\"position\":1,\"name\":\"Hem\",\"item\":\"https:\/\/kortleksbolaget.se\/en\/\"},{\"@type\":\"ListItem\",\"position\":2,\"name\":\"All products\",\"item\":\"https:\/\/kortleksbolaget.se\/en\/shop\/\"},{\"@type\":\"ListItem\",\"position\":3,\"name\":\"Van Gogh Playing Cards\"}]},{\"@type\":\"WebSite\",\"@id\":\"https:\/\/kortleksbolaget.se\/en\/#website\",\"url\":\"https:\/\/kortleksbolaget.se\/en\/\",\"name\":\"Kortleksbolaget\",\"description\":\"Kortlekar p\u00e5 n\u00e4tet\",\"publisher\":{\"@id\":\"https:\/\/kortleksbolaget.se\/en\/#organization\"},\"potentialAction\":[{\"@type\":\"SearchAction\",\"target\":{\"@type\":\"EntryPoint\",\"urlTemplate\":\"https:\/\/kortleksbolaget.se\/en\/?s={search_term_string}\"},\"query-input\":{\"@type\":\"PropertyValueSpecification\",\"valueRequired\":true,\"valueName\":\"search_term_string\"}}],\"inLanguage\":\"en-US\"},{\"@type\":\"Organization\",\"@id\":\"https:\/\/kortleksbolaget.se\/en\/#organization\",\"name\":\"Kortleksbolaget\",\"url\":\"https:\/\/kortleksbolaget.se\/en\/\",\"logo\":{\"@type\":\"ImageObject\",\"inLanguage\":\"en-US\",\"@id\":\"https:\/\/kortleksbolaget.se\/en\/#\/schema\/logo\/image\/\",\"url\":\"https:\/\/kortleksbolaget.se\/wp-content\/uploads\/kortleksbolaget_logo-svart.png\",\"contentUrl\":\"https:\/\/kortleksbolaget.se\/wp-content\/uploads\/kortleksbolaget_logo-svart.png\",\"width\":1200,\"height\":296,\"caption\":\"Kortleksbolaget\"},\"image\":{\"@id\":\"https:\/\/kortleksbolaget.se\/en\/#\/schema\/logo\/image\/\"}}]}<\/script>\n<!-- \/ Yoast SEO plugin. -->","yoast_head_json":{"title":"Kortlek Van Gogh Playing Cards | Kortleksbolaget","description":"K\u00f6p Van Gogh Playing Cards. Snabba leveranser & bra priser. Sveriges st\u00f6rsta sortiment av kortlekar p\u00e5 Kortleksbolaget!","robots":{"index":"index","follow":"follow","max-snippet":"max-snippet:-1","max-image-preview":"max-image-preview:large","max-video-preview":"max-video-preview:-1"},"canonical":"https:\/\/kortleksbolaget.se\/en\/product\/van-gogh-playing-cards\/","og_locale":"en_US","og_type":"article","og_title":"Kortlek Van Gogh Playing Cards | Kortleksbolaget","og_description":"K\u00f6p Van Gogh Playing Cards. Snabba leveranser & bra priser. Sveriges st\u00f6rsta sortiment av kortlekar p\u00e5 Kortleksbolaget!","og_url":"https:\/\/kortleksbolaget.se\/en\/product\/van-gogh-playing-cards\/","og_site_name":"Kortleksbolaget","article_modified_time":"2023-03-21T14:17:24+00:00","og_image":[{"width":542,"height":812,"url":"https:\/\/kortleksbolaget.se\/wp-content\/uploads\/van-gogh-kortlek-1.jpg","type":"image\/jpeg"}],"twitter_card":"summary_large_image","schema":{"@context":"https:\/\/schema.org","@graph":[{"@type":"WebPage","@id":"https:\/\/kortleksbolaget.se\/en\/product\/van-gogh-playing-cards\/","url":"https:\/\/kortleksbolaget.se\/en\/product\/van-gogh-playing-cards\/","name":"Kortlek Van Gogh Playing Cards | Kortleksbolaget","isPartOf":{"@id":"https:\/\/kortleksbolaget.se\/en\/#website"},"primaryImageOfPage":{"@id":"https:\/\/kortleksbolaget.se\/en\/product\/van-gogh-playing-cards\/#primaryimage"},"image":{"@id":"https:\/\/kortleksbolaget.se\/en\/product\/van-gogh-playing-cards\/#primaryimage"},"thumbnailUrl":"https:\/\/kortleksbolaget.se\/wp-content\/uploads\/van-gogh-kortlek-1.jpg","datePublished":"2023-03-21T14:01:03+00:00","dateModified":"2023-03-21T14:17:24+00:00","description":"K\u00f6p Van Gogh Playing Cards. Snabba leveranser & bra priser. Sveriges st\u00f6rsta sortiment av kortlekar p\u00e5 Kortleksbolaget!","breadcrumb":{"@id":"https:\/\/kortleksbolaget.se\/en\/product\/van-gogh-playing-cards\/#breadcrumb"},"inLanguage":"en-US","potentialAction":[{"@type":"ReadAction","target":["https:\/\/kortleksbolaget.se\/en\/product\/van-gogh-playing-cards\/"]}]},{"@type":"ImageObject","inLanguage":"en-US","@id":"https:\/\/kortleksbolaget.se\/en\/product\/van-gogh-playing-cards\/#primaryimage","url":"https:\/\/kortleksbolaget.se\/wp-content\/uploads\/van-gogh-kortlek-1.jpg","contentUrl":"https:\/\/kortleksbolaget.se\/wp-content\/uploads\/van-gogh-kortlek-1.jpg","width":542,"height":812},{"@type":"BreadcrumbList","@id":"https:\/\/kortleksbolaget.se\/en\/product\/van-gogh-playing-cards\/#breadcrumb","itemListElement":[{"@type":"ListItem","position":1,"name":"Hem","item":"https:\/\/kortleksbolaget.se\/en\/"},{"@type":"ListItem","position":2,"name":"All products","item":"https:\/\/kortleksbolaget.se\/en\/shop\/"},{"@type":"ListItem","position":3,"name":"Van Gogh Playing Cards"}]},{"@type":"WebSite","@id":"https:\/\/kortleksbolaget.se\/en\/#website","url":"https:\/\/kortleksbolaget.se\/en\/","name":"Kortleksbolaget","description":"Kortlekar p\u00e5 n\u00e4tet","publisher":{"@id":"https:\/\/kortleksbolaget.se\/en\/#organization"},"potentialAction":[{"@type":"SearchAction","target":{"@type":"EntryPoint","urlTemplate":"https:\/\/kortleksbolaget.se\/en\/?s={search_term_string}"},"query-input":{"@type":"PropertyValueSpecification","valueRequired":true,"valueName":"search_term_string"}}],"inLanguage":"en-US"},{"@type":"Organization","@id":"https:\/\/kortleksbolaget.se\/en\/#organization","name":"Kortleksbolaget","url":"https:\/\/kortleksbolaget.se\/en\/","logo":{"@type":"ImageObject","inLanguage":"en-US","@id":"https:\/\/kortleksbolaget.se\/en\/#\/schema\/logo\/image\/","url":"https:\/\/kortleksbolaget.se\/wp-content\/uploads\/kortleksbolaget_logo-svart.png","contentUrl":"https:\/\/kortleksbolaget.se\/wp-content\/uploads\/kortleksbolaget_logo-svart.png","width":1200,"height":296,"caption":"Kortleksbolaget"},"image":{"@id":"https:\/\/kortleksbolaget.se\/en\/#\/schema\/logo\/image\/"}}]}},"_links":{"self":[{"href":"https:\/\/kortleksbolaget.se\/en\/wp-json\/wp\/v2\/product\/118662","targetHints":{"allow":["GET"]}}],"collection":[{"href":"https:\/\/kortleksbolaget.se\/en\/wp-json\/wp\/v2\/product"}],"about":[{"href":"https:\/\/kortleksbolaget.se\/en\/wp-json\/wp\/v2\/types\/product"}],"wp:featuredmedia":[{"embeddable":true,"href":"https:\/\/kortleksbolaget.se\/en\/wp-json\/wp\/v2\/media\/118668"}],"wp:attachment":[{"href":"https:\/\/kortleksbolaget.se\/en\/wp-json\/wp\/v2\/media?parent=118662"}],"wp:term":[{"taxonomy":"product_brand","embeddable":true,"href":"https:\/\/kortleksbolaget.se\/en\/wp-json\/wp\/v2\/product_brand?post=118662"},{"taxonomy":"product_cat","embeddable":true,"href":"https:\/\/kortleksbolaget.se\/en\/wp-json\/wp\/v2\/product_cat?post=118662"},{"taxonomy":"product_tag","embeddable":true,"href":"https:\/\/kortleksbolaget.se\/en\/wp-json\/wp\/v2\/product_tag?post=118662"}],"curies":[{"name":"wp","href":"https:\/\/api.w.org\/{rel}","templated":true}]}}