{"id":120654,"date":"2023-04-06T21:31:28","date_gmt":"2023-04-06T19:31:28","guid":{"rendered":"https:\/\/kortleksbolaget.se\/produkt\/fontaine-nickelodeon-blind-pack\/"},"modified":"2023-04-06T21:33:15","modified_gmt":"2023-04-06T19:33:15","slug":"fontaine-nickelodeon-blind-pack","status":"publish","type":"product","link":"https:\/\/kortleksbolaget.se\/en\/product\/fontaine-nickelodeon-blind-pack\/","title":{"rendered":"Fontaine Nickelodeon Blind Pack"},"content":{"rendered":"","protected":false},"excerpt":{"rendered":"<p><b>Fontaine X Nickelodeon Blind Pack Playing Cards<\/b><\/p>\n<p>Inside each pack is 1 of 10 possible decks.<\/p>\n<p><b>SUPER RARE GREEN GILDED DECKS:<\/b><\/p>\n<ul>\n<li>Ren and Stimpy (1 OF 750)<\/li>\n<li>Rugrats (1 OF 500)<\/li>\n<li>The Wild Thornberrys (1 OF 250)<\/li>\n<\/ul>\n<p>STANDARD DECKS:<\/p>\n<ul>\n<li>Rugrats &#8211; 1 of 3500 decks<\/li>\n<li>Hey Arnold! &#8211; 1 of 3500 decks<\/li>\n<li>Aaaah! Real Monsters! &#8211; 1 of 2500 decks<\/li>\n<li>The Wild Thornberrys &#8211; 1 of 3500 decks<\/li>\n<li>Catdog &#8211; 1 of 2500 decks<\/li>\n<li>Ren and Stimpy &#8211; 1 of 2500 decks<\/li>\n<li>Rocko&#8217;s Modern Life &#8211; 1 of 2500 deck<\/li>\n<\/ul>\n<p><i>\u00a9 2022 Viacom International Inc. All Rights Reserved. Nickelodeon, CatDog, Hey Arnold, The Ren &amp; Stimpy Show, Rocko&#8217;s Modern Life, Rugrats, SpongeBob SquarePants and all related titles, logos and characters are trademarks of Viacom International Inc. Hey Arnold created by Craig Bartlett. Rugrats created by Klasky Csupo. SpongeBob SquarePants created by Stephen Hillenburg.<\/i> [&#8230;]<\/p>\n<p><a class=\"btn btn-secondary understrap-read-more-link\" href=\"https:\/\/kortleksbolaget.se\/en\/product\/fontaine-nickelodeon-blind-pack\/\">Read More&#8230;<span class=\"screen-reader-text\"> from Fontaine Nickelodeon Blind Pack<\/span><\/a><\/p>\n","protected":false},"featured_media":120660,"template":"","meta":{"_acf_changed":false},"product_brand":[],"product_cat":[71,75],"product_tag":[],"class_list":{"0":"post-120654","1":"product","2":"type-product","3":"status-publish","4":"has-post-thumbnail","6":"varumarke-fontaine-en","7":"varumarke-uspcc-en","8":"product_cat-cardistry-en","9":"product_cat-special-lyx-limited-en","11":"first","12":"instock","13":"taxable","14":"shipping-taxable","15":"purchasable","16":"product-type-simple"},"acf":[],"yoast_head":"<!-- This site is optimized with the Yoast SEO plugin v26.3 - https:\/\/yoast.com\/wordpress\/plugins\/seo\/ -->\n<title>Kortlek Fontaine Nickelodeon Blind Pack | Kortleksbolaget<\/title>\n<meta name=\"description\" content=\"K\u00f6p Fontaine Nickelodeon Blind Pack. Snabba leveranser &amp; bra priser. Sveriges st\u00f6rsta sortiment av kortlekar p\u00e5 Kortleksbolaget!\" \/>\n<meta name=\"robots\" content=\"index, follow, max-snippet:-1, max-image-preview:large, max-video-preview:-1\" \/>\n<link rel=\"canonical\" href=\"https:\/\/kortleksbolaget.se\/en\/product\/fontaine-nickelodeon-blind-pack\/\" \/>\n<meta property=\"og:locale\" content=\"en_US\" \/>\n<meta property=\"og:type\" content=\"article\" \/>\n<meta property=\"og:title\" content=\"Kortlek Fontaine Nickelodeon Blind Pack | Kortleksbolaget\" \/>\n<meta property=\"og:description\" content=\"K\u00f6p Fontaine Nickelodeon Blind Pack. Snabba leveranser &amp; bra priser. Sveriges st\u00f6rsta sortiment av kortlekar p\u00e5 Kortleksbolaget!\" \/>\n<meta property=\"og:url\" content=\"https:\/\/kortleksbolaget.se\/en\/product\/fontaine-nickelodeon-blind-pack\/\" \/>\n<meta property=\"og:site_name\" content=\"Kortleksbolaget\" \/>\n<meta property=\"article:modified_time\" content=\"2023-04-06T19:33:15+00:00\" \/>\n<meta property=\"og:image\" content=\"https:\/\/kortleksbolaget.se\/wp-content\/uploads\/nickelodeon-fontaine-playing-cards-2.jpg\" \/>\n\t<meta property=\"og:image:width\" content=\"587\" \/>\n\t<meta property=\"og:image:height\" content=\"880\" \/>\n\t<meta property=\"og:image:type\" content=\"image\/jpeg\" \/>\n<meta name=\"twitter:card\" content=\"summary_large_image\" \/>\n<script type=\"application\/ld+json\" class=\"yoast-schema-graph\">{\"@context\":\"https:\/\/schema.org\",\"@graph\":[{\"@type\":\"WebPage\",\"@id\":\"https:\/\/kortleksbolaget.se\/en\/product\/fontaine-nickelodeon-blind-pack\/\",\"url\":\"https:\/\/kortleksbolaget.se\/en\/product\/fontaine-nickelodeon-blind-pack\/\",\"name\":\"Kortlek Fontaine Nickelodeon Blind Pack | Kortleksbolaget\",\"isPartOf\":{\"@id\":\"https:\/\/kortleksbolaget.se\/en\/#website\"},\"primaryImageOfPage\":{\"@id\":\"https:\/\/kortleksbolaget.se\/en\/product\/fontaine-nickelodeon-blind-pack\/#primaryimage\"},\"image\":{\"@id\":\"https:\/\/kortleksbolaget.se\/en\/product\/fontaine-nickelodeon-blind-pack\/#primaryimage\"},\"thumbnailUrl\":\"https:\/\/kortleksbolaget.se\/wp-content\/uploads\/nickelodeon-fontaine-playing-cards-2.jpg\",\"datePublished\":\"2023-04-06T19:31:28+00:00\",\"dateModified\":\"2023-04-06T19:33:15+00:00\",\"description\":\"K\u00f6p Fontaine Nickelodeon Blind Pack. Snabba leveranser & bra priser. Sveriges st\u00f6rsta sortiment av kortlekar p\u00e5 Kortleksbolaget!\",\"breadcrumb\":{\"@id\":\"https:\/\/kortleksbolaget.se\/en\/product\/fontaine-nickelodeon-blind-pack\/#breadcrumb\"},\"inLanguage\":\"en-US\",\"potentialAction\":[{\"@type\":\"ReadAction\",\"target\":[\"https:\/\/kortleksbolaget.se\/en\/product\/fontaine-nickelodeon-blind-pack\/\"]}]},{\"@type\":\"ImageObject\",\"inLanguage\":\"en-US\",\"@id\":\"https:\/\/kortleksbolaget.se\/en\/product\/fontaine-nickelodeon-blind-pack\/#primaryimage\",\"url\":\"https:\/\/kortleksbolaget.se\/wp-content\/uploads\/nickelodeon-fontaine-playing-cards-2.jpg\",\"contentUrl\":\"https:\/\/kortleksbolaget.se\/wp-content\/uploads\/nickelodeon-fontaine-playing-cards-2.jpg\",\"width\":587,\"height\":880},{\"@type\":\"BreadcrumbList\",\"@id\":\"https:\/\/kortleksbolaget.se\/en\/product\/fontaine-nickelodeon-blind-pack\/#breadcrumb\",\"itemListElement\":[{\"@type\":\"ListItem\",\"position\":1,\"name\":\"Hem\",\"item\":\"https:\/\/kortleksbolaget.se\/en\/\"},{\"@type\":\"ListItem\",\"position\":2,\"name\":\"All products\",\"item\":\"https:\/\/kortleksbolaget.se\/en\/shop\/\"},{\"@type\":\"ListItem\",\"position\":3,\"name\":\"Fontaine Nickelodeon Blind Pack\"}]},{\"@type\":\"WebSite\",\"@id\":\"https:\/\/kortleksbolaget.se\/en\/#website\",\"url\":\"https:\/\/kortleksbolaget.se\/en\/\",\"name\":\"Kortleksbolaget\",\"description\":\"Kortlekar p\u00e5 n\u00e4tet\",\"publisher\":{\"@id\":\"https:\/\/kortleksbolaget.se\/en\/#organization\"},\"potentialAction\":[{\"@type\":\"SearchAction\",\"target\":{\"@type\":\"EntryPoint\",\"urlTemplate\":\"https:\/\/kortleksbolaget.se\/en\/?s={search_term_string}\"},\"query-input\":{\"@type\":\"PropertyValueSpecification\",\"valueRequired\":true,\"valueName\":\"search_term_string\"}}],\"inLanguage\":\"en-US\"},{\"@type\":\"Organization\",\"@id\":\"https:\/\/kortleksbolaget.se\/en\/#organization\",\"name\":\"Kortleksbolaget\",\"url\":\"https:\/\/kortleksbolaget.se\/en\/\",\"logo\":{\"@type\":\"ImageObject\",\"inLanguage\":\"en-US\",\"@id\":\"https:\/\/kortleksbolaget.se\/en\/#\/schema\/logo\/image\/\",\"url\":\"https:\/\/kortleksbolaget.se\/wp-content\/uploads\/kortleksbolaget_logo-svart.png\",\"contentUrl\":\"https:\/\/kortleksbolaget.se\/wp-content\/uploads\/kortleksbolaget_logo-svart.png\",\"width\":1200,\"height\":296,\"caption\":\"Kortleksbolaget\"},\"image\":{\"@id\":\"https:\/\/kortleksbolaget.se\/en\/#\/schema\/logo\/image\/\"}}]}<\/script>\n<!-- \/ Yoast SEO plugin. -->","yoast_head_json":{"title":"Kortlek Fontaine Nickelodeon Blind Pack | Kortleksbolaget","description":"K\u00f6p Fontaine Nickelodeon Blind Pack. Snabba leveranser & bra priser. Sveriges st\u00f6rsta sortiment av kortlekar p\u00e5 Kortleksbolaget!","robots":{"index":"index","follow":"follow","max-snippet":"max-snippet:-1","max-image-preview":"max-image-preview:large","max-video-preview":"max-video-preview:-1"},"canonical":"https:\/\/kortleksbolaget.se\/en\/product\/fontaine-nickelodeon-blind-pack\/","og_locale":"en_US","og_type":"article","og_title":"Kortlek Fontaine Nickelodeon Blind Pack | Kortleksbolaget","og_description":"K\u00f6p Fontaine Nickelodeon Blind Pack. Snabba leveranser & bra priser. Sveriges st\u00f6rsta sortiment av kortlekar p\u00e5 Kortleksbolaget!","og_url":"https:\/\/kortleksbolaget.se\/en\/product\/fontaine-nickelodeon-blind-pack\/","og_site_name":"Kortleksbolaget","article_modified_time":"2023-04-06T19:33:15+00:00","og_image":[{"width":587,"height":880,"url":"https:\/\/kortleksbolaget.se\/wp-content\/uploads\/nickelodeon-fontaine-playing-cards-2.jpg","type":"image\/jpeg"}],"twitter_card":"summary_large_image","schema":{"@context":"https:\/\/schema.org","@graph":[{"@type":"WebPage","@id":"https:\/\/kortleksbolaget.se\/en\/product\/fontaine-nickelodeon-blind-pack\/","url":"https:\/\/kortleksbolaget.se\/en\/product\/fontaine-nickelodeon-blind-pack\/","name":"Kortlek Fontaine Nickelodeon Blind Pack | Kortleksbolaget","isPartOf":{"@id":"https:\/\/kortleksbolaget.se\/en\/#website"},"primaryImageOfPage":{"@id":"https:\/\/kortleksbolaget.se\/en\/product\/fontaine-nickelodeon-blind-pack\/#primaryimage"},"image":{"@id":"https:\/\/kortleksbolaget.se\/en\/product\/fontaine-nickelodeon-blind-pack\/#primaryimage"},"thumbnailUrl":"https:\/\/kortleksbolaget.se\/wp-content\/uploads\/nickelodeon-fontaine-playing-cards-2.jpg","datePublished":"2023-04-06T19:31:28+00:00","dateModified":"2023-04-06T19:33:15+00:00","description":"K\u00f6p Fontaine Nickelodeon Blind Pack. Snabba leveranser & bra priser. Sveriges st\u00f6rsta sortiment av kortlekar p\u00e5 Kortleksbolaget!","breadcrumb":{"@id":"https:\/\/kortleksbolaget.se\/en\/product\/fontaine-nickelodeon-blind-pack\/#breadcrumb"},"inLanguage":"en-US","potentialAction":[{"@type":"ReadAction","target":["https:\/\/kortleksbolaget.se\/en\/product\/fontaine-nickelodeon-blind-pack\/"]}]},{"@type":"ImageObject","inLanguage":"en-US","@id":"https:\/\/kortleksbolaget.se\/en\/product\/fontaine-nickelodeon-blind-pack\/#primaryimage","url":"https:\/\/kortleksbolaget.se\/wp-content\/uploads\/nickelodeon-fontaine-playing-cards-2.jpg","contentUrl":"https:\/\/kortleksbolaget.se\/wp-content\/uploads\/nickelodeon-fontaine-playing-cards-2.jpg","width":587,"height":880},{"@type":"BreadcrumbList","@id":"https:\/\/kortleksbolaget.se\/en\/product\/fontaine-nickelodeon-blind-pack\/#breadcrumb","itemListElement":[{"@type":"ListItem","position":1,"name":"Hem","item":"https:\/\/kortleksbolaget.se\/en\/"},{"@type":"ListItem","position":2,"name":"All products","item":"https:\/\/kortleksbolaget.se\/en\/shop\/"},{"@type":"ListItem","position":3,"name":"Fontaine Nickelodeon Blind Pack"}]},{"@type":"WebSite","@id":"https:\/\/kortleksbolaget.se\/en\/#website","url":"https:\/\/kortleksbolaget.se\/en\/","name":"Kortleksbolaget","description":"Kortlekar p\u00e5 n\u00e4tet","publisher":{"@id":"https:\/\/kortleksbolaget.se\/en\/#organization"},"potentialAction":[{"@type":"SearchAction","target":{"@type":"EntryPoint","urlTemplate":"https:\/\/kortleksbolaget.se\/en\/?s={search_term_string}"},"query-input":{"@type":"PropertyValueSpecification","valueRequired":true,"valueName":"search_term_string"}}],"inLanguage":"en-US"},{"@type":"Organization","@id":"https:\/\/kortleksbolaget.se\/en\/#organization","name":"Kortleksbolaget","url":"https:\/\/kortleksbolaget.se\/en\/","logo":{"@type":"ImageObject","inLanguage":"en-US","@id":"https:\/\/kortleksbolaget.se\/en\/#\/schema\/logo\/image\/","url":"https:\/\/kortleksbolaget.se\/wp-content\/uploads\/kortleksbolaget_logo-svart.png","contentUrl":"https:\/\/kortleksbolaget.se\/wp-content\/uploads\/kortleksbolaget_logo-svart.png","width":1200,"height":296,"caption":"Kortleksbolaget"},"image":{"@id":"https:\/\/kortleksbolaget.se\/en\/#\/schema\/logo\/image\/"}}]}},"_links":{"self":[{"href":"https:\/\/kortleksbolaget.se\/en\/wp-json\/wp\/v2\/product\/120654","targetHints":{"allow":["GET"]}}],"collection":[{"href":"https:\/\/kortleksbolaget.se\/en\/wp-json\/wp\/v2\/product"}],"about":[{"href":"https:\/\/kortleksbolaget.se\/en\/wp-json\/wp\/v2\/types\/product"}],"wp:featuredmedia":[{"embeddable":true,"href":"https:\/\/kortleksbolaget.se\/en\/wp-json\/wp\/v2\/media\/120660"}],"wp:attachment":[{"href":"https:\/\/kortleksbolaget.se\/en\/wp-json\/wp\/v2\/media?parent=120654"}],"wp:term":[{"taxonomy":"product_brand","embeddable":true,"href":"https:\/\/kortleksbolaget.se\/en\/wp-json\/wp\/v2\/product_brand?post=120654"},{"taxonomy":"product_cat","embeddable":true,"href":"https:\/\/kortleksbolaget.se\/en\/wp-json\/wp\/v2\/product_cat?post=120654"},{"taxonomy":"product_tag","embeddable":true,"href":"https:\/\/kortleksbolaget.se\/en\/wp-json\/wp\/v2\/product_tag?post=120654"}],"curies":[{"name":"wp","href":"https:\/\/api.w.org\/{rel}","templated":true}]}}