{"id":126339,"date":"2023-06-14T22:03:52","date_gmt":"2023-06-14T20:03:52","guid":{"rendered":"https:\/\/kortleksbolaget.se\/?post_type=product&#038;p=126339"},"modified":"2023-07-02T12:12:55","modified_gmt":"2023-07-02T10:12:55","slug":"fluorescent-peach-limited-edition-kopia","status":"publish","type":"product","link":"https:\/\/kortleksbolaget.se\/en\/product\/fluorescent-peach-limited-edition-kopia\/","title":{"rendered":"Fluorescent Peach Limited Edition"},"content":{"rendered":"","protected":false},"excerpt":{"rendered":"<div id=\"tw-target-text-container\" class=\"tw-ta-container F0azHf tw-nfl\" tabindex=\"0\">\n<p id=\"tw-target-text\" class=\"tw-data-text tw-text-large tw-ta\" dir=\"ltr\" data-placeholder=\"\u00d6vers\u00e4ttning\"><span class=\"Y2IQFc\" lang=\"sv\"><b>Peach &amp; Pumpkin Fluorescent Ink Playing Cards<\/b><\/span><\/p>\n<p>Peach and Pumpkin colored fluorescent ink playing cards printed on both sides which intensifies in UV light. Limited to 2500 decks each.<\/p>\n<p><b>Fluorescent Playing Cards<\/b><\/p>\n<p>The Fluorescent playing cards is made by MPC. The fluorescent playing cards is based on MPC&#8217;s tree back and card front design and uses special highly fluorescent ink printing technology for printing the artwork on both sides of the card.<\/p>\n<p>The cards are produced on MPC&#8217;s M30 linen air light card stock with their renown BETA finish creating a deck that is very smooth, snappy, springy as well as flexible, which is needed for all those complex card movements as used in sleight of hand card magic tricks.<\/p>\n<p><b>UV light deck<\/b><\/p>\n<p>Put the Fluorescent playing cards under direct sunlight, the deck will bring about a certain glow to them where you they will certainly impress your friends, your audience or those around you. Put the deck under UV lighting and be prepared to shock everyone. The Fluorescent deck is specifically made for using in dark environments such as bars and nightclubs where you can show off a magic trick or 2 under their black lighting or UV spot lighting. Let&#8217;s put it this way, even if your card tricks don&#8217;t impress, the Fluorescent playing cards are sure to bring you straight into the spotlight as once you set your eyes on them, it&#8217;s hard to not look at them in awe.<\/p>\n<p><b>Peach and Pumpkin Editions<\/b><\/p>\n<p>The Peach Edition Fluorescent Playing Cards uses a fluorescent peach pink for both the card front and back as well as on the tuck box. The Pumpkin Edition is a light orange color.<\/p>\n<p><b>Limited run<\/b><\/p>\n<p>The Peach and Pumpkin editions will be a limited run of 2500 decks each so once they are sold out, they&#8217;re gone and will not be reproduced again.<\/p>\n<p><b>100% recycled tuck box<\/b><\/p>\n<p>Doing more for the world that we live in is very important to us which is why we are going green. The tuck box used for our Fluorescent decks are 100% made from recycled paper and finished off with a matte water-based varnish to protect the print.<\/p>\n<p><b>Inside tuck printing<\/b><\/p>\n<p>To add that extra special touch, we will print the respective fluorescent ink on the inside of the tuck box too producing an amazing glow the moment you open the box.<\/p>\n<\/div>\n<div id=\"tw-target-rmn-container\" class=\"tw-target-rmn tw-ta-container F0azHf tw-nfl\">\n<pre id=\"tw-target-rmn\" class=\"tw-data-placeholder tw-text-small tw-ta\" dir=\"ltr\" data-placeholder=\"\"><\/pre>\n<\/div>\n<p> [&#8230;]<\/p>\n<p><a class=\"btn btn-secondary understrap-read-more-link\" href=\"https:\/\/kortleksbolaget.se\/en\/product\/fluorescent-peach-limited-edition-kopia\/\">Read More&#8230;<span class=\"screen-reader-text\"> from Fluorescent Peach Limited Edition<\/span><\/a><\/p>\n","protected":false},"featured_media":127652,"template":"","meta":{"_acf_changed":false},"product_brand":[],"product_cat":[71,75],"product_tag":[],"class_list":{"0":"post-126339","1":"product","2":"type-product","3":"status-publish","4":"has-post-thumbnail","6":"product_cat-cardistry-en","7":"product_cat-special-lyx-limited-en","9":"first","10":"instock","11":"taxable","12":"shipping-taxable","13":"purchasable","14":"product-type-simple"},"acf":[],"yoast_head":"<!-- This site is optimized with the Yoast SEO plugin v26.3 - https:\/\/yoast.com\/wordpress\/plugins\/seo\/ -->\n<title>Kortlek Fluorescent Peach Limited Edition | Kortleksbolaget<\/title>\n<meta name=\"description\" content=\"K\u00f6p Fluorescent Peach Limited Edition. Snabba leveranser &amp; bra priser. Sveriges st\u00f6rsta sortiment av kortlekar p\u00e5 Kortleksbolaget!\" \/>\n<meta name=\"robots\" content=\"index, follow, max-snippet:-1, max-image-preview:large, max-video-preview:-1\" \/>\n<link rel=\"canonical\" href=\"https:\/\/kortleksbolaget.se\/en\/product\/fluorescent-peach-limited-edition-kopia\/\" \/>\n<meta property=\"og:locale\" content=\"en_US\" \/>\n<meta property=\"og:type\" content=\"article\" \/>\n<meta property=\"og:title\" content=\"Kortlek Fluorescent Peach Limited Edition | Kortleksbolaget\" \/>\n<meta property=\"og:description\" content=\"K\u00f6p Fluorescent Peach Limited Edition. Snabba leveranser &amp; bra priser. Sveriges st\u00f6rsta sortiment av kortlekar p\u00e5 Kortleksbolaget!\" \/>\n<meta property=\"og:url\" content=\"https:\/\/kortleksbolaget.se\/en\/product\/fluorescent-peach-limited-edition-kopia\/\" \/>\n<meta property=\"og:site_name\" content=\"Kortleksbolaget\" \/>\n<meta property=\"article:modified_time\" content=\"2023-07-02T10:12:55+00:00\" \/>\n<meta property=\"og:image\" content=\"https:\/\/kortleksbolaget.se\/wp-content\/uploads\/mpc-fluorescent-pumpkin-1.jpg\" \/>\n\t<meta property=\"og:image:width\" content=\"464\" \/>\n\t<meta property=\"og:image:height\" content=\"696\" \/>\n\t<meta property=\"og:image:type\" content=\"image\/jpeg\" \/>\n<meta name=\"twitter:card\" content=\"summary_large_image\" \/>\n<script type=\"application\/ld+json\" class=\"yoast-schema-graph\">{\"@context\":\"https:\/\/schema.org\",\"@graph\":[{\"@type\":\"WebPage\",\"@id\":\"https:\/\/kortleksbolaget.se\/en\/product\/fluorescent-peach-limited-edition-kopia\/\",\"url\":\"https:\/\/kortleksbolaget.se\/en\/product\/fluorescent-peach-limited-edition-kopia\/\",\"name\":\"Kortlek Fluorescent Peach Limited Edition | Kortleksbolaget\",\"isPartOf\":{\"@id\":\"https:\/\/kortleksbolaget.se\/en\/#website\"},\"primaryImageOfPage\":{\"@id\":\"https:\/\/kortleksbolaget.se\/en\/product\/fluorescent-peach-limited-edition-kopia\/#primaryimage\"},\"image\":{\"@id\":\"https:\/\/kortleksbolaget.se\/en\/product\/fluorescent-peach-limited-edition-kopia\/#primaryimage\"},\"thumbnailUrl\":\"https:\/\/kortleksbolaget.se\/wp-content\/uploads\/mpc-fluorescent-pumpkin-1.jpg\",\"datePublished\":\"2023-06-14T20:03:52+00:00\",\"dateModified\":\"2023-07-02T10:12:55+00:00\",\"description\":\"K\u00f6p Fluorescent Peach Limited Edition. Snabba leveranser & bra priser. Sveriges st\u00f6rsta sortiment av kortlekar p\u00e5 Kortleksbolaget!\",\"breadcrumb\":{\"@id\":\"https:\/\/kortleksbolaget.se\/en\/product\/fluorescent-peach-limited-edition-kopia\/#breadcrumb\"},\"inLanguage\":\"en-US\",\"potentialAction\":[{\"@type\":\"ReadAction\",\"target\":[\"https:\/\/kortleksbolaget.se\/en\/product\/fluorescent-peach-limited-edition-kopia\/\"]}]},{\"@type\":\"ImageObject\",\"inLanguage\":\"en-US\",\"@id\":\"https:\/\/kortleksbolaget.se\/en\/product\/fluorescent-peach-limited-edition-kopia\/#primaryimage\",\"url\":\"https:\/\/kortleksbolaget.se\/wp-content\/uploads\/mpc-fluorescent-pumpkin-1.jpg\",\"contentUrl\":\"https:\/\/kortleksbolaget.se\/wp-content\/uploads\/mpc-fluorescent-pumpkin-1.jpg\",\"width\":464,\"height\":696},{\"@type\":\"BreadcrumbList\",\"@id\":\"https:\/\/kortleksbolaget.se\/en\/product\/fluorescent-peach-limited-edition-kopia\/#breadcrumb\",\"itemListElement\":[{\"@type\":\"ListItem\",\"position\":1,\"name\":\"Hem\",\"item\":\"https:\/\/kortleksbolaget.se\/en\/\"},{\"@type\":\"ListItem\",\"position\":2,\"name\":\"All products\",\"item\":\"https:\/\/kortleksbolaget.se\/en\/shop\/\"},{\"@type\":\"ListItem\",\"position\":3,\"name\":\"Fluorescent Peach Limited Edition\"}]},{\"@type\":\"WebSite\",\"@id\":\"https:\/\/kortleksbolaget.se\/en\/#website\",\"url\":\"https:\/\/kortleksbolaget.se\/en\/\",\"name\":\"Kortleksbolaget\",\"description\":\"Kortlekar p\u00e5 n\u00e4tet\",\"publisher\":{\"@id\":\"https:\/\/kortleksbolaget.se\/en\/#organization\"},\"potentialAction\":[{\"@type\":\"SearchAction\",\"target\":{\"@type\":\"EntryPoint\",\"urlTemplate\":\"https:\/\/kortleksbolaget.se\/en\/?s={search_term_string}\"},\"query-input\":{\"@type\":\"PropertyValueSpecification\",\"valueRequired\":true,\"valueName\":\"search_term_string\"}}],\"inLanguage\":\"en-US\"},{\"@type\":\"Organization\",\"@id\":\"https:\/\/kortleksbolaget.se\/en\/#organization\",\"name\":\"Kortleksbolaget\",\"url\":\"https:\/\/kortleksbolaget.se\/en\/\",\"logo\":{\"@type\":\"ImageObject\",\"inLanguage\":\"en-US\",\"@id\":\"https:\/\/kortleksbolaget.se\/en\/#\/schema\/logo\/image\/\",\"url\":\"https:\/\/kortleksbolaget.se\/wp-content\/uploads\/kortleksbolaget_logo-svart.png\",\"contentUrl\":\"https:\/\/kortleksbolaget.se\/wp-content\/uploads\/kortleksbolaget_logo-svart.png\",\"width\":1200,\"height\":296,\"caption\":\"Kortleksbolaget\"},\"image\":{\"@id\":\"https:\/\/kortleksbolaget.se\/en\/#\/schema\/logo\/image\/\"}}]}<\/script>\n<!-- \/ Yoast SEO plugin. -->","yoast_head_json":{"title":"Kortlek Fluorescent Peach Limited Edition | Kortleksbolaget","description":"K\u00f6p Fluorescent Peach Limited Edition. Snabba leveranser & bra priser. Sveriges st\u00f6rsta sortiment av kortlekar p\u00e5 Kortleksbolaget!","robots":{"index":"index","follow":"follow","max-snippet":"max-snippet:-1","max-image-preview":"max-image-preview:large","max-video-preview":"max-video-preview:-1"},"canonical":"https:\/\/kortleksbolaget.se\/en\/product\/fluorescent-peach-limited-edition-kopia\/","og_locale":"en_US","og_type":"article","og_title":"Kortlek Fluorescent Peach Limited Edition | Kortleksbolaget","og_description":"K\u00f6p Fluorescent Peach Limited Edition. Snabba leveranser & bra priser. Sveriges st\u00f6rsta sortiment av kortlekar p\u00e5 Kortleksbolaget!","og_url":"https:\/\/kortleksbolaget.se\/en\/product\/fluorescent-peach-limited-edition-kopia\/","og_site_name":"Kortleksbolaget","article_modified_time":"2023-07-02T10:12:55+00:00","og_image":[{"width":464,"height":696,"url":"https:\/\/kortleksbolaget.se\/wp-content\/uploads\/mpc-fluorescent-pumpkin-1.jpg","type":"image\/jpeg"}],"twitter_card":"summary_large_image","schema":{"@context":"https:\/\/schema.org","@graph":[{"@type":"WebPage","@id":"https:\/\/kortleksbolaget.se\/en\/product\/fluorescent-peach-limited-edition-kopia\/","url":"https:\/\/kortleksbolaget.se\/en\/product\/fluorescent-peach-limited-edition-kopia\/","name":"Kortlek Fluorescent Peach Limited Edition | Kortleksbolaget","isPartOf":{"@id":"https:\/\/kortleksbolaget.se\/en\/#website"},"primaryImageOfPage":{"@id":"https:\/\/kortleksbolaget.se\/en\/product\/fluorescent-peach-limited-edition-kopia\/#primaryimage"},"image":{"@id":"https:\/\/kortleksbolaget.se\/en\/product\/fluorescent-peach-limited-edition-kopia\/#primaryimage"},"thumbnailUrl":"https:\/\/kortleksbolaget.se\/wp-content\/uploads\/mpc-fluorescent-pumpkin-1.jpg","datePublished":"2023-06-14T20:03:52+00:00","dateModified":"2023-07-02T10:12:55+00:00","description":"K\u00f6p Fluorescent Peach Limited Edition. Snabba leveranser & bra priser. Sveriges st\u00f6rsta sortiment av kortlekar p\u00e5 Kortleksbolaget!","breadcrumb":{"@id":"https:\/\/kortleksbolaget.se\/en\/product\/fluorescent-peach-limited-edition-kopia\/#breadcrumb"},"inLanguage":"en-US","potentialAction":[{"@type":"ReadAction","target":["https:\/\/kortleksbolaget.se\/en\/product\/fluorescent-peach-limited-edition-kopia\/"]}]},{"@type":"ImageObject","inLanguage":"en-US","@id":"https:\/\/kortleksbolaget.se\/en\/product\/fluorescent-peach-limited-edition-kopia\/#primaryimage","url":"https:\/\/kortleksbolaget.se\/wp-content\/uploads\/mpc-fluorescent-pumpkin-1.jpg","contentUrl":"https:\/\/kortleksbolaget.se\/wp-content\/uploads\/mpc-fluorescent-pumpkin-1.jpg","width":464,"height":696},{"@type":"BreadcrumbList","@id":"https:\/\/kortleksbolaget.se\/en\/product\/fluorescent-peach-limited-edition-kopia\/#breadcrumb","itemListElement":[{"@type":"ListItem","position":1,"name":"Hem","item":"https:\/\/kortleksbolaget.se\/en\/"},{"@type":"ListItem","position":2,"name":"All products","item":"https:\/\/kortleksbolaget.se\/en\/shop\/"},{"@type":"ListItem","position":3,"name":"Fluorescent Peach Limited Edition"}]},{"@type":"WebSite","@id":"https:\/\/kortleksbolaget.se\/en\/#website","url":"https:\/\/kortleksbolaget.se\/en\/","name":"Kortleksbolaget","description":"Kortlekar p\u00e5 n\u00e4tet","publisher":{"@id":"https:\/\/kortleksbolaget.se\/en\/#organization"},"potentialAction":[{"@type":"SearchAction","target":{"@type":"EntryPoint","urlTemplate":"https:\/\/kortleksbolaget.se\/en\/?s={search_term_string}"},"query-input":{"@type":"PropertyValueSpecification","valueRequired":true,"valueName":"search_term_string"}}],"inLanguage":"en-US"},{"@type":"Organization","@id":"https:\/\/kortleksbolaget.se\/en\/#organization","name":"Kortleksbolaget","url":"https:\/\/kortleksbolaget.se\/en\/","logo":{"@type":"ImageObject","inLanguage":"en-US","@id":"https:\/\/kortleksbolaget.se\/en\/#\/schema\/logo\/image\/","url":"https:\/\/kortleksbolaget.se\/wp-content\/uploads\/kortleksbolaget_logo-svart.png","contentUrl":"https:\/\/kortleksbolaget.se\/wp-content\/uploads\/kortleksbolaget_logo-svart.png","width":1200,"height":296,"caption":"Kortleksbolaget"},"image":{"@id":"https:\/\/kortleksbolaget.se\/en\/#\/schema\/logo\/image\/"}}]}},"_links":{"self":[{"href":"https:\/\/kortleksbolaget.se\/en\/wp-json\/wp\/v2\/product\/126339","targetHints":{"allow":["GET"]}}],"collection":[{"href":"https:\/\/kortleksbolaget.se\/en\/wp-json\/wp\/v2\/product"}],"about":[{"href":"https:\/\/kortleksbolaget.se\/en\/wp-json\/wp\/v2\/types\/product"}],"wp:featuredmedia":[{"embeddable":true,"href":"https:\/\/kortleksbolaget.se\/en\/wp-json\/wp\/v2\/media\/127652"}],"wp:attachment":[{"href":"https:\/\/kortleksbolaget.se\/en\/wp-json\/wp\/v2\/media?parent=126339"}],"wp:term":[{"taxonomy":"product_brand","embeddable":true,"href":"https:\/\/kortleksbolaget.se\/en\/wp-json\/wp\/v2\/product_brand?post=126339"},{"taxonomy":"product_cat","embeddable":true,"href":"https:\/\/kortleksbolaget.se\/en\/wp-json\/wp\/v2\/product_cat?post=126339"},{"taxonomy":"product_tag","embeddable":true,"href":"https:\/\/kortleksbolaget.se\/en\/wp-json\/wp\/v2\/product_tag?post=126339"}],"curies":[{"name":"wp","href":"https:\/\/api.w.org\/{rel}","templated":true}]}}