{"id":129566,"date":"2023-07-21T14:01:50","date_gmt":"2023-07-21T12:01:50","guid":{"rendered":"https:\/\/kortleksbolaget.se\/produkt\/dan-dave-x-anyone-mirrors-holographic-gilded\/"},"modified":"2023-07-21T14:04:26","modified_gmt":"2023-07-21T12:04:26","slug":"dan-dave-x-anyone-mirrors-holographic-gilded","status":"publish","type":"product","link":"https:\/\/kortleksbolaget.se\/en\/product\/dan-dave-x-anyone-mirrors-holographic-gilded\/","title":{"rendered":"DAN &#038; DAVE X ANYONE MIRRORS HOLOGRAPHIC GILDED"},"content":{"rendered":"","protected":false},"excerpt":{"rendered":"<div id=\"tw-target-text-container\" class=\"tw-ta-container F0azHf tw-nfl\" tabindex=\"0\">\n<p id=\"tw-target-text\" class=\"tw-data-text tw-text-large tw-ta\" dir=\"ltr\" data-placeholder=\"\u00d6vers\u00e4ttning\"><span class=\"Y2IQFc\" lang=\"sv\">Holographic Mirrors was originally released only at Art of Play in San Diego. Only 144 editions of the Gilded editions were released and is considered one of the rarest Dan and Dave decks. You can tell this is the gilded edition by the silver Dan and Dave seal on the tuck. The holographic tuck version does not have this seal. <strong>Only one copy available!<\/strong><br \/>\n<\/span><\/p>\n<\/div>\n<p> [&#8230;]<\/p>\n<p><a class=\"btn btn-secondary understrap-read-more-link\" href=\"https:\/\/kortleksbolaget.se\/en\/product\/dan-dave-x-anyone-mirrors-holographic-gilded\/\">Read More&#8230;<span class=\"screen-reader-text\"> from DAN &#038; DAVE X ANYONE MIRRORS HOLOGRAPHIC GILDED<\/span><\/a><\/p>\n","protected":false},"featured_media":129558,"template":"","meta":{"_acf_changed":false},"product_brand":[],"product_cat":[71,75],"product_tag":[],"class_list":{"0":"post-129566","1":"product","2":"type-product","3":"status-publish","4":"has-post-thumbnail","6":"varumarke-anyone-en","7":"varumarke-uspcc-en","8":"product_cat-cardistry-en","9":"product_cat-special-lyx-limited-en","11":"first","12":"outofstock","13":"taxable","14":"shipping-taxable","15":"purchasable","16":"product-type-simple"},"acf":[],"yoast_head":"<!-- This site is optimized with the Yoast SEO plugin v26.3 - https:\/\/yoast.com\/wordpress\/plugins\/seo\/ -->\n<title>Kortlek DAN &amp; DAVE X ANYONE MIRRORS HOLOGRAPHIC GILDED | Kortleksbolaget<\/title>\n<meta name=\"description\" content=\"K\u00f6p DAN &amp; DAVE X ANYONE MIRRORS HOLOGRAPHIC GILDED. Snabba leveranser &amp; bra priser. Sveriges st\u00f6rsta sortiment av kortlekar p\u00e5 Kortleksbolaget!\" \/>\n<meta name=\"robots\" content=\"index, follow, max-snippet:-1, max-image-preview:large, max-video-preview:-1\" \/>\n<link rel=\"canonical\" href=\"https:\/\/kortleksbolaget.se\/en\/product\/dan-dave-x-anyone-mirrors-holographic-gilded\/\" \/>\n<meta property=\"og:locale\" content=\"en_US\" \/>\n<meta property=\"og:type\" content=\"article\" \/>\n<meta property=\"og:title\" content=\"Kortlek DAN &amp; DAVE X ANYONE MIRRORS HOLOGRAPHIC GILDED | Kortleksbolaget\" \/>\n<meta property=\"og:description\" content=\"K\u00f6p DAN &amp; DAVE X ANYONE MIRRORS HOLOGRAPHIC GILDED. Snabba leveranser &amp; bra priser. Sveriges st\u00f6rsta sortiment av kortlekar p\u00e5 Kortleksbolaget!\" \/>\n<meta property=\"og:url\" content=\"https:\/\/kortleksbolaget.se\/en\/product\/dan-dave-x-anyone-mirrors-holographic-gilded\/\" \/>\n<meta property=\"og:site_name\" content=\"Kortleksbolaget\" \/>\n<meta property=\"article:modified_time\" content=\"2023-07-21T12:04:26+00:00\" \/>\n<meta property=\"og:image\" content=\"https:\/\/kortleksbolaget.se\/wp-content\/uploads\/smoke-mirrors-holographic-gilded-da-dave-anyone-1.jpg\" \/>\n\t<meta property=\"og:image:width\" content=\"509\" \/>\n\t<meta property=\"og:image:height\" content=\"763\" \/>\n\t<meta property=\"og:image:type\" content=\"image\/jpeg\" \/>\n<meta name=\"twitter:card\" content=\"summary_large_image\" \/>\n<script type=\"application\/ld+json\" class=\"yoast-schema-graph\">{\"@context\":\"https:\/\/schema.org\",\"@graph\":[{\"@type\":\"WebPage\",\"@id\":\"https:\/\/kortleksbolaget.se\/en\/product\/dan-dave-x-anyone-mirrors-holographic-gilded\/\",\"url\":\"https:\/\/kortleksbolaget.se\/en\/product\/dan-dave-x-anyone-mirrors-holographic-gilded\/\",\"name\":\"Kortlek DAN & DAVE X ANYONE MIRRORS HOLOGRAPHIC GILDED | Kortleksbolaget\",\"isPartOf\":{\"@id\":\"https:\/\/kortleksbolaget.se\/en\/#website\"},\"primaryImageOfPage\":{\"@id\":\"https:\/\/kortleksbolaget.se\/en\/product\/dan-dave-x-anyone-mirrors-holographic-gilded\/#primaryimage\"},\"image\":{\"@id\":\"https:\/\/kortleksbolaget.se\/en\/product\/dan-dave-x-anyone-mirrors-holographic-gilded\/#primaryimage\"},\"thumbnailUrl\":\"https:\/\/kortleksbolaget.se\/wp-content\/uploads\/smoke-mirrors-holographic-gilded-da-dave-anyone-1.jpg\",\"datePublished\":\"2023-07-21T12:01:50+00:00\",\"dateModified\":\"2023-07-21T12:04:26+00:00\",\"description\":\"K\u00f6p DAN & DAVE X ANYONE MIRRORS HOLOGRAPHIC GILDED. Snabba leveranser & bra priser. Sveriges st\u00f6rsta sortiment av kortlekar p\u00e5 Kortleksbolaget!\",\"breadcrumb\":{\"@id\":\"https:\/\/kortleksbolaget.se\/en\/product\/dan-dave-x-anyone-mirrors-holographic-gilded\/#breadcrumb\"},\"inLanguage\":\"en-US\",\"potentialAction\":[{\"@type\":\"ReadAction\",\"target\":[\"https:\/\/kortleksbolaget.se\/en\/product\/dan-dave-x-anyone-mirrors-holographic-gilded\/\"]}]},{\"@type\":\"ImageObject\",\"inLanguage\":\"en-US\",\"@id\":\"https:\/\/kortleksbolaget.se\/en\/product\/dan-dave-x-anyone-mirrors-holographic-gilded\/#primaryimage\",\"url\":\"https:\/\/kortleksbolaget.se\/wp-content\/uploads\/smoke-mirrors-holographic-gilded-da-dave-anyone-1.jpg\",\"contentUrl\":\"https:\/\/kortleksbolaget.se\/wp-content\/uploads\/smoke-mirrors-holographic-gilded-da-dave-anyone-1.jpg\",\"width\":509,\"height\":763},{\"@type\":\"BreadcrumbList\",\"@id\":\"https:\/\/kortleksbolaget.se\/en\/product\/dan-dave-x-anyone-mirrors-holographic-gilded\/#breadcrumb\",\"itemListElement\":[{\"@type\":\"ListItem\",\"position\":1,\"name\":\"Hem\",\"item\":\"https:\/\/kortleksbolaget.se\/en\/\"},{\"@type\":\"ListItem\",\"position\":2,\"name\":\"All products\",\"item\":\"https:\/\/kortleksbolaget.se\/en\/shop\/\"},{\"@type\":\"ListItem\",\"position\":3,\"name\":\"DAN &#038; DAVE X ANYONE MIRRORS HOLOGRAPHIC GILDED\"}]},{\"@type\":\"WebSite\",\"@id\":\"https:\/\/kortleksbolaget.se\/en\/#website\",\"url\":\"https:\/\/kortleksbolaget.se\/en\/\",\"name\":\"Kortleksbolaget\",\"description\":\"Kortlekar p\u00e5 n\u00e4tet\",\"publisher\":{\"@id\":\"https:\/\/kortleksbolaget.se\/en\/#organization\"},\"potentialAction\":[{\"@type\":\"SearchAction\",\"target\":{\"@type\":\"EntryPoint\",\"urlTemplate\":\"https:\/\/kortleksbolaget.se\/en\/?s={search_term_string}\"},\"query-input\":{\"@type\":\"PropertyValueSpecification\",\"valueRequired\":true,\"valueName\":\"search_term_string\"}}],\"inLanguage\":\"en-US\"},{\"@type\":\"Organization\",\"@id\":\"https:\/\/kortleksbolaget.se\/en\/#organization\",\"name\":\"Kortleksbolaget\",\"url\":\"https:\/\/kortleksbolaget.se\/en\/\",\"logo\":{\"@type\":\"ImageObject\",\"inLanguage\":\"en-US\",\"@id\":\"https:\/\/kortleksbolaget.se\/en\/#\/schema\/logo\/image\/\",\"url\":\"https:\/\/kortleksbolaget.se\/wp-content\/uploads\/kortleksbolaget_logo-svart.png\",\"contentUrl\":\"https:\/\/kortleksbolaget.se\/wp-content\/uploads\/kortleksbolaget_logo-svart.png\",\"width\":1200,\"height\":296,\"caption\":\"Kortleksbolaget\"},\"image\":{\"@id\":\"https:\/\/kortleksbolaget.se\/en\/#\/schema\/logo\/image\/\"}}]}<\/script>\n<!-- \/ Yoast SEO plugin. -->","yoast_head_json":{"title":"Kortlek DAN & DAVE X ANYONE MIRRORS HOLOGRAPHIC GILDED | Kortleksbolaget","description":"K\u00f6p DAN & DAVE X ANYONE MIRRORS HOLOGRAPHIC GILDED. Snabba leveranser & bra priser. Sveriges st\u00f6rsta sortiment av kortlekar p\u00e5 Kortleksbolaget!","robots":{"index":"index","follow":"follow","max-snippet":"max-snippet:-1","max-image-preview":"max-image-preview:large","max-video-preview":"max-video-preview:-1"},"canonical":"https:\/\/kortleksbolaget.se\/en\/product\/dan-dave-x-anyone-mirrors-holographic-gilded\/","og_locale":"en_US","og_type":"article","og_title":"Kortlek DAN & DAVE X ANYONE MIRRORS HOLOGRAPHIC GILDED | Kortleksbolaget","og_description":"K\u00f6p DAN & DAVE X ANYONE MIRRORS HOLOGRAPHIC GILDED. Snabba leveranser & bra priser. Sveriges st\u00f6rsta sortiment av kortlekar p\u00e5 Kortleksbolaget!","og_url":"https:\/\/kortleksbolaget.se\/en\/product\/dan-dave-x-anyone-mirrors-holographic-gilded\/","og_site_name":"Kortleksbolaget","article_modified_time":"2023-07-21T12:04:26+00:00","og_image":[{"width":509,"height":763,"url":"https:\/\/kortleksbolaget.se\/wp-content\/uploads\/smoke-mirrors-holographic-gilded-da-dave-anyone-1.jpg","type":"image\/jpeg"}],"twitter_card":"summary_large_image","schema":{"@context":"https:\/\/schema.org","@graph":[{"@type":"WebPage","@id":"https:\/\/kortleksbolaget.se\/en\/product\/dan-dave-x-anyone-mirrors-holographic-gilded\/","url":"https:\/\/kortleksbolaget.se\/en\/product\/dan-dave-x-anyone-mirrors-holographic-gilded\/","name":"Kortlek DAN & DAVE X ANYONE MIRRORS HOLOGRAPHIC GILDED | Kortleksbolaget","isPartOf":{"@id":"https:\/\/kortleksbolaget.se\/en\/#website"},"primaryImageOfPage":{"@id":"https:\/\/kortleksbolaget.se\/en\/product\/dan-dave-x-anyone-mirrors-holographic-gilded\/#primaryimage"},"image":{"@id":"https:\/\/kortleksbolaget.se\/en\/product\/dan-dave-x-anyone-mirrors-holographic-gilded\/#primaryimage"},"thumbnailUrl":"https:\/\/kortleksbolaget.se\/wp-content\/uploads\/smoke-mirrors-holographic-gilded-da-dave-anyone-1.jpg","datePublished":"2023-07-21T12:01:50+00:00","dateModified":"2023-07-21T12:04:26+00:00","description":"K\u00f6p DAN & DAVE X ANYONE MIRRORS HOLOGRAPHIC GILDED. Snabba leveranser & bra priser. Sveriges st\u00f6rsta sortiment av kortlekar p\u00e5 Kortleksbolaget!","breadcrumb":{"@id":"https:\/\/kortleksbolaget.se\/en\/product\/dan-dave-x-anyone-mirrors-holographic-gilded\/#breadcrumb"},"inLanguage":"en-US","potentialAction":[{"@type":"ReadAction","target":["https:\/\/kortleksbolaget.se\/en\/product\/dan-dave-x-anyone-mirrors-holographic-gilded\/"]}]},{"@type":"ImageObject","inLanguage":"en-US","@id":"https:\/\/kortleksbolaget.se\/en\/product\/dan-dave-x-anyone-mirrors-holographic-gilded\/#primaryimage","url":"https:\/\/kortleksbolaget.se\/wp-content\/uploads\/smoke-mirrors-holographic-gilded-da-dave-anyone-1.jpg","contentUrl":"https:\/\/kortleksbolaget.se\/wp-content\/uploads\/smoke-mirrors-holographic-gilded-da-dave-anyone-1.jpg","width":509,"height":763},{"@type":"BreadcrumbList","@id":"https:\/\/kortleksbolaget.se\/en\/product\/dan-dave-x-anyone-mirrors-holographic-gilded\/#breadcrumb","itemListElement":[{"@type":"ListItem","position":1,"name":"Hem","item":"https:\/\/kortleksbolaget.se\/en\/"},{"@type":"ListItem","position":2,"name":"All products","item":"https:\/\/kortleksbolaget.se\/en\/shop\/"},{"@type":"ListItem","position":3,"name":"DAN &#038; DAVE X ANYONE MIRRORS HOLOGRAPHIC GILDED"}]},{"@type":"WebSite","@id":"https:\/\/kortleksbolaget.se\/en\/#website","url":"https:\/\/kortleksbolaget.se\/en\/","name":"Kortleksbolaget","description":"Kortlekar p\u00e5 n\u00e4tet","publisher":{"@id":"https:\/\/kortleksbolaget.se\/en\/#organization"},"potentialAction":[{"@type":"SearchAction","target":{"@type":"EntryPoint","urlTemplate":"https:\/\/kortleksbolaget.se\/en\/?s={search_term_string}"},"query-input":{"@type":"PropertyValueSpecification","valueRequired":true,"valueName":"search_term_string"}}],"inLanguage":"en-US"},{"@type":"Organization","@id":"https:\/\/kortleksbolaget.se\/en\/#organization","name":"Kortleksbolaget","url":"https:\/\/kortleksbolaget.se\/en\/","logo":{"@type":"ImageObject","inLanguage":"en-US","@id":"https:\/\/kortleksbolaget.se\/en\/#\/schema\/logo\/image\/","url":"https:\/\/kortleksbolaget.se\/wp-content\/uploads\/kortleksbolaget_logo-svart.png","contentUrl":"https:\/\/kortleksbolaget.se\/wp-content\/uploads\/kortleksbolaget_logo-svart.png","width":1200,"height":296,"caption":"Kortleksbolaget"},"image":{"@id":"https:\/\/kortleksbolaget.se\/en\/#\/schema\/logo\/image\/"}}]}},"_links":{"self":[{"href":"https:\/\/kortleksbolaget.se\/en\/wp-json\/wp\/v2\/product\/129566","targetHints":{"allow":["GET"]}}],"collection":[{"href":"https:\/\/kortleksbolaget.se\/en\/wp-json\/wp\/v2\/product"}],"about":[{"href":"https:\/\/kortleksbolaget.se\/en\/wp-json\/wp\/v2\/types\/product"}],"wp:featuredmedia":[{"embeddable":true,"href":"https:\/\/kortleksbolaget.se\/en\/wp-json\/wp\/v2\/media\/129558"}],"wp:attachment":[{"href":"https:\/\/kortleksbolaget.se\/en\/wp-json\/wp\/v2\/media?parent=129566"}],"wp:term":[{"taxonomy":"product_brand","embeddable":true,"href":"https:\/\/kortleksbolaget.se\/en\/wp-json\/wp\/v2\/product_brand?post=129566"},{"taxonomy":"product_cat","embeddable":true,"href":"https:\/\/kortleksbolaget.se\/en\/wp-json\/wp\/v2\/product_cat?post=129566"},{"taxonomy":"product_tag","embeddable":true,"href":"https:\/\/kortleksbolaget.se\/en\/wp-json\/wp\/v2\/product_tag?post=129566"}],"curies":[{"name":"wp","href":"https:\/\/api.w.org\/{rel}","templated":true}]}}