{"id":131931,"date":"2023-08-16T18:38:46","date_gmt":"2023-08-16T16:38:46","guid":{"rendered":"https:\/\/kortleksbolaget.se\/produkt\/butterfly-workers-ks-exclusive-edition-marked-v1-black\/"},"modified":"2023-08-16T18:40:04","modified_gmt":"2023-08-16T16:40:04","slug":"butterfly-workers-ks-exclusive-edition-marked-v1-black","status":"publish","type":"product","link":"https:\/\/kortleksbolaget.se\/en\/product\/butterfly-workers-ks-exclusive-edition-marked-v1-black\/","title":{"rendered":"Butterfly Workers KS Exclusive Edition Marked V1 Black"},"content":{"rendered":"","protected":false},"excerpt":{"rendered":"<div id=\"tw-target-text-container\" class=\"tw-ta-container F0azHf tw-nfl\" tabindex=\"0\">\n<p id=\"tw-target-text\" class=\"tw-data-text tw-text-large tw-ta\" dir=\"ltr\" data-placeholder=\"\u00d6vers\u00e4ttning\"><span class=\"Y2IQFc\" lang=\"en\">This is the exclusive KS Edition. The new Butterfly Workers Edition is destined to become the new standard for professional magicians. An updated marking system. Now with white borders on the back. And now with a lower price than previous editions. Printed on B9 Slim True Linen Finish by Cartamundi. Created by: Ondrej Psenicka. Design: Stefan Eriksson. Product images will come later.<\/span><\/p>\n<\/div>\n<div id=\"tw-target-rmn-container\" class=\"tw-target-rmn tw-ta-container F0azHf tw-nfl\">\n<pre id=\"tw-target-rmn\" class=\"tw-data-placeholder tw-text-small tw-ta\" dir=\"ltr\" data-placeholder=\"\"><\/pre>\n<\/div>\n<p> [&#8230;]<\/p>\n<p><a class=\"btn btn-secondary understrap-read-more-link\" href=\"https:\/\/kortleksbolaget.se\/en\/product\/butterfly-workers-ks-exclusive-edition-marked-v1-black\/\">Read More&#8230;<span class=\"screen-reader-text\"> from Butterfly Workers KS Exclusive Edition Marked V1 Black<\/span><\/a><\/p>\n","protected":false},"featured_media":131923,"template":"","meta":{"_acf_changed":false},"product_brand":[],"product_cat":[72,75],"product_tag":[],"class_list":{"0":"post-131931","1":"product","2":"type-product","3":"status-publish","4":"has-post-thumbnail","6":"varumarke-butterfly-playing-cards-en","7":"varumarke-cards-by-stfn-en","8":"varumarke-cartamundi-en","9":"product_cat-magic-en","10":"product_cat-special-lyx-limited-en","12":"first","13":"instock","14":"taxable","15":"shipping-taxable","16":"purchasable","17":"product-type-simple"},"acf":[],"yoast_head":"<!-- This site is optimized with the Yoast SEO plugin v26.3 - https:\/\/yoast.com\/wordpress\/plugins\/seo\/ -->\n<title>Kortlek Butterfly Workers KS Exclusive Edition Marked V1 Black | Kortleksbolaget<\/title>\n<meta name=\"description\" content=\"K\u00f6p Butterfly Workers KS Exclusive Edition Marked V1 Black. Snabba leveranser &amp; bra priser. Sveriges st\u00f6rsta sortiment av kortlekar p\u00e5 Kortleksbolaget!\" \/>\n<meta name=\"robots\" content=\"index, follow, max-snippet:-1, max-image-preview:large, max-video-preview:-1\" \/>\n<link rel=\"canonical\" href=\"https:\/\/kortleksbolaget.se\/en\/product\/butterfly-workers-ks-exclusive-edition-marked-v1-black\/\" \/>\n<meta property=\"og:locale\" content=\"en_US\" \/>\n<meta property=\"og:type\" content=\"article\" \/>\n<meta property=\"og:title\" content=\"Kortlek Butterfly Workers KS Exclusive Edition Marked V1 Black | Kortleksbolaget\" \/>\n<meta property=\"og:description\" content=\"K\u00f6p Butterfly Workers KS Exclusive Edition Marked V1 Black. Snabba leveranser &amp; bra priser. Sveriges st\u00f6rsta sortiment av kortlekar p\u00e5 Kortleksbolaget!\" \/>\n<meta property=\"og:url\" content=\"https:\/\/kortleksbolaget.se\/en\/product\/butterfly-workers-ks-exclusive-edition-marked-v1-black\/\" \/>\n<meta property=\"og:site_name\" content=\"Kortleksbolaget\" \/>\n<meta property=\"article:modified_time\" content=\"2023-08-16T16:40:04+00:00\" \/>\n<meta property=\"og:image\" content=\"https:\/\/kortleksbolaget.se\/wp-content\/uploads\/butterfly-black-workers.jpg\" \/>\n\t<meta property=\"og:image:width\" content=\"509\" \/>\n\t<meta property=\"og:image:height\" content=\"762\" \/>\n\t<meta property=\"og:image:type\" content=\"image\/jpeg\" \/>\n<meta name=\"twitter:card\" content=\"summary_large_image\" \/>\n<script type=\"application\/ld+json\" class=\"yoast-schema-graph\">{\"@context\":\"https:\/\/schema.org\",\"@graph\":[{\"@type\":\"WebPage\",\"@id\":\"https:\/\/kortleksbolaget.se\/en\/product\/butterfly-workers-ks-exclusive-edition-marked-v1-black\/\",\"url\":\"https:\/\/kortleksbolaget.se\/en\/product\/butterfly-workers-ks-exclusive-edition-marked-v1-black\/\",\"name\":\"Kortlek Butterfly Workers KS Exclusive Edition Marked V1 Black | Kortleksbolaget\",\"isPartOf\":{\"@id\":\"https:\/\/kortleksbolaget.se\/en\/#website\"},\"primaryImageOfPage\":{\"@id\":\"https:\/\/kortleksbolaget.se\/en\/product\/butterfly-workers-ks-exclusive-edition-marked-v1-black\/#primaryimage\"},\"image\":{\"@id\":\"https:\/\/kortleksbolaget.se\/en\/product\/butterfly-workers-ks-exclusive-edition-marked-v1-black\/#primaryimage\"},\"thumbnailUrl\":\"https:\/\/kortleksbolaget.se\/wp-content\/uploads\/butterfly-black-workers.jpg\",\"datePublished\":\"2023-08-16T16:38:46+00:00\",\"dateModified\":\"2023-08-16T16:40:04+00:00\",\"description\":\"K\u00f6p Butterfly Workers KS Exclusive Edition Marked V1 Black. Snabba leveranser & bra priser. Sveriges st\u00f6rsta sortiment av kortlekar p\u00e5 Kortleksbolaget!\",\"breadcrumb\":{\"@id\":\"https:\/\/kortleksbolaget.se\/en\/product\/butterfly-workers-ks-exclusive-edition-marked-v1-black\/#breadcrumb\"},\"inLanguage\":\"en-US\",\"potentialAction\":[{\"@type\":\"ReadAction\",\"target\":[\"https:\/\/kortleksbolaget.se\/en\/product\/butterfly-workers-ks-exclusive-edition-marked-v1-black\/\"]}]},{\"@type\":\"ImageObject\",\"inLanguage\":\"en-US\",\"@id\":\"https:\/\/kortleksbolaget.se\/en\/product\/butterfly-workers-ks-exclusive-edition-marked-v1-black\/#primaryimage\",\"url\":\"https:\/\/kortleksbolaget.se\/wp-content\/uploads\/butterfly-black-workers.jpg\",\"contentUrl\":\"https:\/\/kortleksbolaget.se\/wp-content\/uploads\/butterfly-black-workers.jpg\",\"width\":509,\"height\":762},{\"@type\":\"BreadcrumbList\",\"@id\":\"https:\/\/kortleksbolaget.se\/en\/product\/butterfly-workers-ks-exclusive-edition-marked-v1-black\/#breadcrumb\",\"itemListElement\":[{\"@type\":\"ListItem\",\"position\":1,\"name\":\"Hem\",\"item\":\"https:\/\/kortleksbolaget.se\/en\/\"},{\"@type\":\"ListItem\",\"position\":2,\"name\":\"All products\",\"item\":\"https:\/\/kortleksbolaget.se\/en\/shop\/\"},{\"@type\":\"ListItem\",\"position\":3,\"name\":\"Butterfly Workers KS Exclusive Edition Marked V1 Black\"}]},{\"@type\":\"WebSite\",\"@id\":\"https:\/\/kortleksbolaget.se\/en\/#website\",\"url\":\"https:\/\/kortleksbolaget.se\/en\/\",\"name\":\"Kortleksbolaget\",\"description\":\"Kortlekar p\u00e5 n\u00e4tet\",\"publisher\":{\"@id\":\"https:\/\/kortleksbolaget.se\/en\/#organization\"},\"potentialAction\":[{\"@type\":\"SearchAction\",\"target\":{\"@type\":\"EntryPoint\",\"urlTemplate\":\"https:\/\/kortleksbolaget.se\/en\/?s={search_term_string}\"},\"query-input\":{\"@type\":\"PropertyValueSpecification\",\"valueRequired\":true,\"valueName\":\"search_term_string\"}}],\"inLanguage\":\"en-US\"},{\"@type\":\"Organization\",\"@id\":\"https:\/\/kortleksbolaget.se\/en\/#organization\",\"name\":\"Kortleksbolaget\",\"url\":\"https:\/\/kortleksbolaget.se\/en\/\",\"logo\":{\"@type\":\"ImageObject\",\"inLanguage\":\"en-US\",\"@id\":\"https:\/\/kortleksbolaget.se\/en\/#\/schema\/logo\/image\/\",\"url\":\"https:\/\/kortleksbolaget.se\/wp-content\/uploads\/kortleksbolaget_logo-svart.png\",\"contentUrl\":\"https:\/\/kortleksbolaget.se\/wp-content\/uploads\/kortleksbolaget_logo-svart.png\",\"width\":1200,\"height\":296,\"caption\":\"Kortleksbolaget\"},\"image\":{\"@id\":\"https:\/\/kortleksbolaget.se\/en\/#\/schema\/logo\/image\/\"}}]}<\/script>\n<!-- \/ Yoast SEO plugin. -->","yoast_head_json":{"title":"Kortlek Butterfly Workers KS Exclusive Edition Marked V1 Black | Kortleksbolaget","description":"K\u00f6p Butterfly Workers KS Exclusive Edition Marked V1 Black. Snabba leveranser & bra priser. Sveriges st\u00f6rsta sortiment av kortlekar p\u00e5 Kortleksbolaget!","robots":{"index":"index","follow":"follow","max-snippet":"max-snippet:-1","max-image-preview":"max-image-preview:large","max-video-preview":"max-video-preview:-1"},"canonical":"https:\/\/kortleksbolaget.se\/en\/product\/butterfly-workers-ks-exclusive-edition-marked-v1-black\/","og_locale":"en_US","og_type":"article","og_title":"Kortlek Butterfly Workers KS Exclusive Edition Marked V1 Black | Kortleksbolaget","og_description":"K\u00f6p Butterfly Workers KS Exclusive Edition Marked V1 Black. Snabba leveranser & bra priser. Sveriges st\u00f6rsta sortiment av kortlekar p\u00e5 Kortleksbolaget!","og_url":"https:\/\/kortleksbolaget.se\/en\/product\/butterfly-workers-ks-exclusive-edition-marked-v1-black\/","og_site_name":"Kortleksbolaget","article_modified_time":"2023-08-16T16:40:04+00:00","og_image":[{"width":509,"height":762,"url":"https:\/\/kortleksbolaget.se\/wp-content\/uploads\/butterfly-black-workers.jpg","type":"image\/jpeg"}],"twitter_card":"summary_large_image","schema":{"@context":"https:\/\/schema.org","@graph":[{"@type":"WebPage","@id":"https:\/\/kortleksbolaget.se\/en\/product\/butterfly-workers-ks-exclusive-edition-marked-v1-black\/","url":"https:\/\/kortleksbolaget.se\/en\/product\/butterfly-workers-ks-exclusive-edition-marked-v1-black\/","name":"Kortlek Butterfly Workers KS Exclusive Edition Marked V1 Black | Kortleksbolaget","isPartOf":{"@id":"https:\/\/kortleksbolaget.se\/en\/#website"},"primaryImageOfPage":{"@id":"https:\/\/kortleksbolaget.se\/en\/product\/butterfly-workers-ks-exclusive-edition-marked-v1-black\/#primaryimage"},"image":{"@id":"https:\/\/kortleksbolaget.se\/en\/product\/butterfly-workers-ks-exclusive-edition-marked-v1-black\/#primaryimage"},"thumbnailUrl":"https:\/\/kortleksbolaget.se\/wp-content\/uploads\/butterfly-black-workers.jpg","datePublished":"2023-08-16T16:38:46+00:00","dateModified":"2023-08-16T16:40:04+00:00","description":"K\u00f6p Butterfly Workers KS Exclusive Edition Marked V1 Black. Snabba leveranser & bra priser. Sveriges st\u00f6rsta sortiment av kortlekar p\u00e5 Kortleksbolaget!","breadcrumb":{"@id":"https:\/\/kortleksbolaget.se\/en\/product\/butterfly-workers-ks-exclusive-edition-marked-v1-black\/#breadcrumb"},"inLanguage":"en-US","potentialAction":[{"@type":"ReadAction","target":["https:\/\/kortleksbolaget.se\/en\/product\/butterfly-workers-ks-exclusive-edition-marked-v1-black\/"]}]},{"@type":"ImageObject","inLanguage":"en-US","@id":"https:\/\/kortleksbolaget.se\/en\/product\/butterfly-workers-ks-exclusive-edition-marked-v1-black\/#primaryimage","url":"https:\/\/kortleksbolaget.se\/wp-content\/uploads\/butterfly-black-workers.jpg","contentUrl":"https:\/\/kortleksbolaget.se\/wp-content\/uploads\/butterfly-black-workers.jpg","width":509,"height":762},{"@type":"BreadcrumbList","@id":"https:\/\/kortleksbolaget.se\/en\/product\/butterfly-workers-ks-exclusive-edition-marked-v1-black\/#breadcrumb","itemListElement":[{"@type":"ListItem","position":1,"name":"Hem","item":"https:\/\/kortleksbolaget.se\/en\/"},{"@type":"ListItem","position":2,"name":"All products","item":"https:\/\/kortleksbolaget.se\/en\/shop\/"},{"@type":"ListItem","position":3,"name":"Butterfly Workers KS Exclusive Edition Marked V1 Black"}]},{"@type":"WebSite","@id":"https:\/\/kortleksbolaget.se\/en\/#website","url":"https:\/\/kortleksbolaget.se\/en\/","name":"Kortleksbolaget","description":"Kortlekar p\u00e5 n\u00e4tet","publisher":{"@id":"https:\/\/kortleksbolaget.se\/en\/#organization"},"potentialAction":[{"@type":"SearchAction","target":{"@type":"EntryPoint","urlTemplate":"https:\/\/kortleksbolaget.se\/en\/?s={search_term_string}"},"query-input":{"@type":"PropertyValueSpecification","valueRequired":true,"valueName":"search_term_string"}}],"inLanguage":"en-US"},{"@type":"Organization","@id":"https:\/\/kortleksbolaget.se\/en\/#organization","name":"Kortleksbolaget","url":"https:\/\/kortleksbolaget.se\/en\/","logo":{"@type":"ImageObject","inLanguage":"en-US","@id":"https:\/\/kortleksbolaget.se\/en\/#\/schema\/logo\/image\/","url":"https:\/\/kortleksbolaget.se\/wp-content\/uploads\/kortleksbolaget_logo-svart.png","contentUrl":"https:\/\/kortleksbolaget.se\/wp-content\/uploads\/kortleksbolaget_logo-svart.png","width":1200,"height":296,"caption":"Kortleksbolaget"},"image":{"@id":"https:\/\/kortleksbolaget.se\/en\/#\/schema\/logo\/image\/"}}]}},"_links":{"self":[{"href":"https:\/\/kortleksbolaget.se\/en\/wp-json\/wp\/v2\/product\/131931","targetHints":{"allow":["GET"]}}],"collection":[{"href":"https:\/\/kortleksbolaget.se\/en\/wp-json\/wp\/v2\/product"}],"about":[{"href":"https:\/\/kortleksbolaget.se\/en\/wp-json\/wp\/v2\/types\/product"}],"wp:featuredmedia":[{"embeddable":true,"href":"https:\/\/kortleksbolaget.se\/en\/wp-json\/wp\/v2\/media\/131923"}],"wp:attachment":[{"href":"https:\/\/kortleksbolaget.se\/en\/wp-json\/wp\/v2\/media?parent=131931"}],"wp:term":[{"taxonomy":"product_brand","embeddable":true,"href":"https:\/\/kortleksbolaget.se\/en\/wp-json\/wp\/v2\/product_brand?post=131931"},{"taxonomy":"product_cat","embeddable":true,"href":"https:\/\/kortleksbolaget.se\/en\/wp-json\/wp\/v2\/product_cat?post=131931"},{"taxonomy":"product_tag","embeddable":true,"href":"https:\/\/kortleksbolaget.se\/en\/wp-json\/wp\/v2\/product_tag?post=131931"}],"curies":[{"name":"wp","href":"https:\/\/api.w.org\/{rel}","templated":true}]}}