{"id":137349,"date":"2023-12-07T12:54:02","date_gmt":"2023-12-07T11:54:02","guid":{"rendered":"https:\/\/kortleksbolaget.se\/produkt\/smoke-mirrors-v9-green\/"},"modified":"2023-12-07T12:56:14","modified_gmt":"2023-12-07T11:56:14","slug":"smoke-mirrors-v9-green","status":"publish","type":"product","link":"https:\/\/kortleksbolaget.se\/en\/product\/smoke-mirrors-v9-green\/","title":{"rendered":"Smoke &#038; Mirrors V9 Green"},"content":{"rendered":"","protected":false},"excerpt":{"rendered":"<p><span class=\"Y2IQFc\" lang=\"sv\">Back in print for the first time in nearly 10 years. To celebrate, we&#8217;re offering an extremely small batch of Smoke &amp; Mirrors, now in its ninth edition. Version 9 is a throwback to Version 4, released in 2010, and features a similar back design, minimal court cards, custom jokers, and an intricate ace of spades, just like the originals.<\/p>\n<p><b>Features:<\/b><\/span><\/p>\n<ul>\n<li>Two editions: standard edition and deluxe edition<\/li>\n<li>Produced by Dan and Dave. For the first time in 10 years, these are back in print<\/li>\n<li>Inspired back design from the Smoke &amp; Mirrors V4 edition<\/li>\n<li>Deluxe edition features:<br \/>\nLimited to 999 decks with a foiled number seal<br \/>\nA unique tuck case with a one-of-a-kind structure consisting of a &#8220;fanning&#8221; opener<br \/>\nGreen foiled accents on the back side of the tuck box<br \/>\nLogo &amp; signature that is hidden in plain sight and only revealed when the tuck is open<\/li>\n<li>Premium matte paper finish with an embossed tuck case<\/li>\n<li>Printed by the United States Playing Card Company on thin stock developed by Dan &amp; Dave<\/li>\n<\/ul>\n<p><span class=\"Y2IQFc\" lang=\"sv\">\u00a0<\/span> [&#8230;]<\/p>\n<p><a class=\"btn btn-secondary understrap-read-more-link\" href=\"https:\/\/kortleksbolaget.se\/en\/product\/smoke-mirrors-v9-green\/\">Read More&#8230;<span class=\"screen-reader-text\"> from Smoke &#038; Mirrors V9 Green<\/span><\/a><\/p>\n","protected":false},"featured_media":137341,"template":"","meta":{"_acf_changed":false},"product_brand":[],"product_cat":[71,75],"product_tag":[],"class_list":{"0":"post-137349","1":"product","2":"type-product","3":"status-publish","4":"has-post-thumbnail","6":"varumarke-dan-dave-en","7":"varumarke-uspcc-en","8":"product_cat-cardistry-en","9":"product_cat-special-lyx-limited-en","11":"first","12":"outofstock","13":"taxable","14":"shipping-taxable","15":"purchasable","16":"product-type-simple"},"acf":[],"yoast_head":"<!-- This site is optimized with the Yoast SEO plugin v26.3 - https:\/\/yoast.com\/wordpress\/plugins\/seo\/ -->\n<title>Kortlek Smoke &amp; Mirrors V9 Green | Kortleksbolaget<\/title>\n<meta name=\"description\" content=\"K\u00f6p Smoke &amp; Mirrors V9 Green. Snabba leveranser &amp; bra priser. Sveriges st\u00f6rsta sortiment av kortlekar p\u00e5 Kortleksbolaget!\" \/>\n<meta name=\"robots\" content=\"index, follow, max-snippet:-1, max-image-preview:large, max-video-preview:-1\" \/>\n<link rel=\"canonical\" href=\"https:\/\/kortleksbolaget.se\/en\/product\/smoke-mirrors-v9-green\/\" \/>\n<meta property=\"og:locale\" content=\"en_US\" \/>\n<meta property=\"og:type\" content=\"article\" \/>\n<meta property=\"og:title\" content=\"Kortlek Smoke &amp; Mirrors V9 Green | Kortleksbolaget\" \/>\n<meta property=\"og:description\" content=\"K\u00f6p Smoke &amp; Mirrors V9 Green. Snabba leveranser &amp; bra priser. Sveriges st\u00f6rsta sortiment av kortlekar p\u00e5 Kortleksbolaget!\" \/>\n<meta property=\"og:url\" content=\"https:\/\/kortleksbolaget.se\/en\/product\/smoke-mirrors-v9-green\/\" \/>\n<meta property=\"og:site_name\" content=\"Kortleksbolaget\" \/>\n<meta property=\"article:modified_time\" content=\"2023-12-07T11:56:14+00:00\" \/>\n<meta property=\"og:image\" content=\"https:\/\/kortleksbolaget.se\/wp-content\/uploads\/smoke-mirros-v9-green-1.jpg\" \/>\n\t<meta property=\"og:image:width\" content=\"994\" \/>\n\t<meta property=\"og:image:height\" content=\"1491\" \/>\n\t<meta property=\"og:image:type\" content=\"image\/jpeg\" \/>\n<meta name=\"twitter:card\" content=\"summary_large_image\" \/>\n<script type=\"application\/ld+json\" class=\"yoast-schema-graph\">{\"@context\":\"https:\/\/schema.org\",\"@graph\":[{\"@type\":\"WebPage\",\"@id\":\"https:\/\/kortleksbolaget.se\/en\/product\/smoke-mirrors-v9-green\/\",\"url\":\"https:\/\/kortleksbolaget.se\/en\/product\/smoke-mirrors-v9-green\/\",\"name\":\"Kortlek Smoke & Mirrors V9 Green | Kortleksbolaget\",\"isPartOf\":{\"@id\":\"https:\/\/kortleksbolaget.se\/en\/#website\"},\"primaryImageOfPage\":{\"@id\":\"https:\/\/kortleksbolaget.se\/en\/product\/smoke-mirrors-v9-green\/#primaryimage\"},\"image\":{\"@id\":\"https:\/\/kortleksbolaget.se\/en\/product\/smoke-mirrors-v9-green\/#primaryimage\"},\"thumbnailUrl\":\"https:\/\/kortleksbolaget.se\/wp-content\/uploads\/smoke-mirros-v9-green-1.jpg\",\"datePublished\":\"2023-12-07T11:54:02+00:00\",\"dateModified\":\"2023-12-07T11:56:14+00:00\",\"description\":\"K\u00f6p Smoke & Mirrors V9 Green. Snabba leveranser & bra priser. Sveriges st\u00f6rsta sortiment av kortlekar p\u00e5 Kortleksbolaget!\",\"breadcrumb\":{\"@id\":\"https:\/\/kortleksbolaget.se\/en\/product\/smoke-mirrors-v9-green\/#breadcrumb\"},\"inLanguage\":\"en-US\",\"potentialAction\":[{\"@type\":\"ReadAction\",\"target\":[\"https:\/\/kortleksbolaget.se\/en\/product\/smoke-mirrors-v9-green\/\"]}]},{\"@type\":\"ImageObject\",\"inLanguage\":\"en-US\",\"@id\":\"https:\/\/kortleksbolaget.se\/en\/product\/smoke-mirrors-v9-green\/#primaryimage\",\"url\":\"https:\/\/kortleksbolaget.se\/wp-content\/uploads\/smoke-mirros-v9-green-1.jpg\",\"contentUrl\":\"https:\/\/kortleksbolaget.se\/wp-content\/uploads\/smoke-mirros-v9-green-1.jpg\",\"width\":994,\"height\":1491},{\"@type\":\"BreadcrumbList\",\"@id\":\"https:\/\/kortleksbolaget.se\/en\/product\/smoke-mirrors-v9-green\/#breadcrumb\",\"itemListElement\":[{\"@type\":\"ListItem\",\"position\":1,\"name\":\"Hem\",\"item\":\"https:\/\/kortleksbolaget.se\/en\/\"},{\"@type\":\"ListItem\",\"position\":2,\"name\":\"All products\",\"item\":\"https:\/\/kortleksbolaget.se\/en\/shop\/\"},{\"@type\":\"ListItem\",\"position\":3,\"name\":\"Smoke &#038; Mirrors V9 Green\"}]},{\"@type\":\"WebSite\",\"@id\":\"https:\/\/kortleksbolaget.se\/en\/#website\",\"url\":\"https:\/\/kortleksbolaget.se\/en\/\",\"name\":\"Kortleksbolaget\",\"description\":\"Kortlekar p\u00e5 n\u00e4tet\",\"publisher\":{\"@id\":\"https:\/\/kortleksbolaget.se\/en\/#organization\"},\"potentialAction\":[{\"@type\":\"SearchAction\",\"target\":{\"@type\":\"EntryPoint\",\"urlTemplate\":\"https:\/\/kortleksbolaget.se\/en\/?s={search_term_string}\"},\"query-input\":{\"@type\":\"PropertyValueSpecification\",\"valueRequired\":true,\"valueName\":\"search_term_string\"}}],\"inLanguage\":\"en-US\"},{\"@type\":\"Organization\",\"@id\":\"https:\/\/kortleksbolaget.se\/en\/#organization\",\"name\":\"Kortleksbolaget\",\"url\":\"https:\/\/kortleksbolaget.se\/en\/\",\"logo\":{\"@type\":\"ImageObject\",\"inLanguage\":\"en-US\",\"@id\":\"https:\/\/kortleksbolaget.se\/en\/#\/schema\/logo\/image\/\",\"url\":\"https:\/\/kortleksbolaget.se\/wp-content\/uploads\/kortleksbolaget_logo-svart.png\",\"contentUrl\":\"https:\/\/kortleksbolaget.se\/wp-content\/uploads\/kortleksbolaget_logo-svart.png\",\"width\":1200,\"height\":296,\"caption\":\"Kortleksbolaget\"},\"image\":{\"@id\":\"https:\/\/kortleksbolaget.se\/en\/#\/schema\/logo\/image\/\"}}]}<\/script>\n<!-- \/ Yoast SEO plugin. -->","yoast_head_json":{"title":"Kortlek Smoke & Mirrors V9 Green | Kortleksbolaget","description":"K\u00f6p Smoke & Mirrors V9 Green. Snabba leveranser & bra priser. Sveriges st\u00f6rsta sortiment av kortlekar p\u00e5 Kortleksbolaget!","robots":{"index":"index","follow":"follow","max-snippet":"max-snippet:-1","max-image-preview":"max-image-preview:large","max-video-preview":"max-video-preview:-1"},"canonical":"https:\/\/kortleksbolaget.se\/en\/product\/smoke-mirrors-v9-green\/","og_locale":"en_US","og_type":"article","og_title":"Kortlek Smoke & Mirrors V9 Green | Kortleksbolaget","og_description":"K\u00f6p Smoke & Mirrors V9 Green. Snabba leveranser & bra priser. Sveriges st\u00f6rsta sortiment av kortlekar p\u00e5 Kortleksbolaget!","og_url":"https:\/\/kortleksbolaget.se\/en\/product\/smoke-mirrors-v9-green\/","og_site_name":"Kortleksbolaget","article_modified_time":"2023-12-07T11:56:14+00:00","og_image":[{"width":994,"height":1491,"url":"https:\/\/kortleksbolaget.se\/wp-content\/uploads\/smoke-mirros-v9-green-1.jpg","type":"image\/jpeg"}],"twitter_card":"summary_large_image","schema":{"@context":"https:\/\/schema.org","@graph":[{"@type":"WebPage","@id":"https:\/\/kortleksbolaget.se\/en\/product\/smoke-mirrors-v9-green\/","url":"https:\/\/kortleksbolaget.se\/en\/product\/smoke-mirrors-v9-green\/","name":"Kortlek Smoke & Mirrors V9 Green | Kortleksbolaget","isPartOf":{"@id":"https:\/\/kortleksbolaget.se\/en\/#website"},"primaryImageOfPage":{"@id":"https:\/\/kortleksbolaget.se\/en\/product\/smoke-mirrors-v9-green\/#primaryimage"},"image":{"@id":"https:\/\/kortleksbolaget.se\/en\/product\/smoke-mirrors-v9-green\/#primaryimage"},"thumbnailUrl":"https:\/\/kortleksbolaget.se\/wp-content\/uploads\/smoke-mirros-v9-green-1.jpg","datePublished":"2023-12-07T11:54:02+00:00","dateModified":"2023-12-07T11:56:14+00:00","description":"K\u00f6p Smoke & Mirrors V9 Green. Snabba leveranser & bra priser. Sveriges st\u00f6rsta sortiment av kortlekar p\u00e5 Kortleksbolaget!","breadcrumb":{"@id":"https:\/\/kortleksbolaget.se\/en\/product\/smoke-mirrors-v9-green\/#breadcrumb"},"inLanguage":"en-US","potentialAction":[{"@type":"ReadAction","target":["https:\/\/kortleksbolaget.se\/en\/product\/smoke-mirrors-v9-green\/"]}]},{"@type":"ImageObject","inLanguage":"en-US","@id":"https:\/\/kortleksbolaget.se\/en\/product\/smoke-mirrors-v9-green\/#primaryimage","url":"https:\/\/kortleksbolaget.se\/wp-content\/uploads\/smoke-mirros-v9-green-1.jpg","contentUrl":"https:\/\/kortleksbolaget.se\/wp-content\/uploads\/smoke-mirros-v9-green-1.jpg","width":994,"height":1491},{"@type":"BreadcrumbList","@id":"https:\/\/kortleksbolaget.se\/en\/product\/smoke-mirrors-v9-green\/#breadcrumb","itemListElement":[{"@type":"ListItem","position":1,"name":"Hem","item":"https:\/\/kortleksbolaget.se\/en\/"},{"@type":"ListItem","position":2,"name":"All products","item":"https:\/\/kortleksbolaget.se\/en\/shop\/"},{"@type":"ListItem","position":3,"name":"Smoke &#038; Mirrors V9 Green"}]},{"@type":"WebSite","@id":"https:\/\/kortleksbolaget.se\/en\/#website","url":"https:\/\/kortleksbolaget.se\/en\/","name":"Kortleksbolaget","description":"Kortlekar p\u00e5 n\u00e4tet","publisher":{"@id":"https:\/\/kortleksbolaget.se\/en\/#organization"},"potentialAction":[{"@type":"SearchAction","target":{"@type":"EntryPoint","urlTemplate":"https:\/\/kortleksbolaget.se\/en\/?s={search_term_string}"},"query-input":{"@type":"PropertyValueSpecification","valueRequired":true,"valueName":"search_term_string"}}],"inLanguage":"en-US"},{"@type":"Organization","@id":"https:\/\/kortleksbolaget.se\/en\/#organization","name":"Kortleksbolaget","url":"https:\/\/kortleksbolaget.se\/en\/","logo":{"@type":"ImageObject","inLanguage":"en-US","@id":"https:\/\/kortleksbolaget.se\/en\/#\/schema\/logo\/image\/","url":"https:\/\/kortleksbolaget.se\/wp-content\/uploads\/kortleksbolaget_logo-svart.png","contentUrl":"https:\/\/kortleksbolaget.se\/wp-content\/uploads\/kortleksbolaget_logo-svart.png","width":1200,"height":296,"caption":"Kortleksbolaget"},"image":{"@id":"https:\/\/kortleksbolaget.se\/en\/#\/schema\/logo\/image\/"}}]}},"_links":{"self":[{"href":"https:\/\/kortleksbolaget.se\/en\/wp-json\/wp\/v2\/product\/137349","targetHints":{"allow":["GET"]}}],"collection":[{"href":"https:\/\/kortleksbolaget.se\/en\/wp-json\/wp\/v2\/product"}],"about":[{"href":"https:\/\/kortleksbolaget.se\/en\/wp-json\/wp\/v2\/types\/product"}],"wp:featuredmedia":[{"embeddable":true,"href":"https:\/\/kortleksbolaget.se\/en\/wp-json\/wp\/v2\/media\/137341"}],"wp:attachment":[{"href":"https:\/\/kortleksbolaget.se\/en\/wp-json\/wp\/v2\/media?parent=137349"}],"wp:term":[{"taxonomy":"product_brand","embeddable":true,"href":"https:\/\/kortleksbolaget.se\/en\/wp-json\/wp\/v2\/product_brand?post=137349"},{"taxonomy":"product_cat","embeddable":true,"href":"https:\/\/kortleksbolaget.se\/en\/wp-json\/wp\/v2\/product_cat?post=137349"},{"taxonomy":"product_tag","embeddable":true,"href":"https:\/\/kortleksbolaget.se\/en\/wp-json\/wp\/v2\/product_tag?post=137349"}],"curies":[{"name":"wp","href":"https:\/\/api.w.org\/{rel}","templated":true}]}}